{"id":20612,"date":"2018-12-05T12:35:22","date_gmt":"2018-12-05T12:35:22","guid":{"rendered":"https:\/\/www.bluefinfitness.com\/?page_id=20612"},"modified":"2023-05-04T07:46:30","modified_gmt":"2023-05-04T07:46:30","slug":"about-us","status":"publish","type":"page","link":"https:\/\/last.bluefinfitness.com\/de\/about-us\/","title":{"rendered":"\u00dcBER BLUEFIN"},"content":{"rendered":"<div class=\"container section-title-container\" ><h3 class=\"section-title section-title-center\"><b><\/b><span class=\"section-title-main\" >\u00dcber Bluefin<\/span><b><\/b><\/h3><\/div>\n<div class=\"row\"  id=\"row-1776837918\">\n\n\t<div id=\"col-1458181063\" class=\"col small-12 large-12\"  >\n\t\t\t\t<div class=\"col-inner\"  >\n\t\t\t\n\t\t\t\n<p class=\"lead text-center\"><strong>Bluefin Fitness<\/strong> wurde 2013 in Hebden Bridge, West Yorkshire, gegr\u00fcndet. Von den bescheidenen Anf\u00e4ngen an hat sich Bluefin von einer Leidenschaft f\u00fcr Gesundheit und Fitness zu einem Einzelh\u00e4ndler von Vibrationsmassageplatten in Gro\u00dfbritannien und Deutschland entwickelt. Wir sind bestrebt, Qualit\u00e4t, Innovation und hervorragenden Kundenservice zu bieten.<\/p>\n<div class=\"text-center\"><div class=\"is-divider divider clearfix\" ><\/div><\/div>\n\t\t<\/div>\n\t\t\t\t\t<\/div>\n\n\t\n\n\t<div id=\"col-1537825630\" class=\"col medium-3 small-12 large-3\"  >\n\t\t\t\t<div class=\"col-inner\"  >\n\t\t\t\n\t\t\t\n    <div class=\"box has-hover has-hover box-text-bottom\" >\n\n                  <div class=\"box-image \" style=\"width:80%;\">\n           <div class=\"box-image-inner image-cover\" style=\"border-radius:100%;padding-top:100%;\">\n              <img decoding=\"async\" width=\"2560\" height=\"2560\" src=\"https:\/\/last.bluefinfitness.com\/wp-content\/uploads\/2019\/12\/Will.jpg\" class=\"attachment- size-\" alt=\"bluefin team\" srcset=\"https:\/\/last.bluefinfitness.com\/wp-content\/uploads\/2019\/12\/Will.jpg 2560w, https:\/\/last.bluefinfitness.com\/wp-content\/uploads\/2019\/12\/Will-150x150.jpg 150w, https:\/\/last.bluefinfitness.com\/wp-content\/uploads\/2019\/12\/Will-300x300.jpg 300w, https:\/\/last.bluefinfitness.com\/wp-content\/uploads\/2019\/12\/Will-768x768.jpg 768w, https:\/\/last.bluefinfitness.com\/wp-content\/uploads\/2019\/12\/Will-1024x1024.jpg 1024w, https:\/\/last.bluefinfitness.com\/wp-content\/uploads\/2019\/12\/Will-500x500.jpg 500w, https:\/\/last.bluefinfitness.com\/wp-content\/uploads\/2019\/12\/Will-100x100.jpg 100w\" sizes=\"(max-width: 2560px) 100vw, 2560px\" \/>                         <\/div>\n          <\/div>\n         \n          <div class=\"box-text text-center\" >\n                <div class=\"box-text-inner\">\n                  <h4 class=\"uppercase\">\n                    <span class=\"person-name\">Will<\/span><br\/>\n                    <span class=\"person-title is-small thin-font op-7\">\n                      Gr\u00fcnder \/ Gesch\u00e4ftsf\u00fchrer                    <\/span>\n                  <\/h4>\n\t\t\t\t\t<div class=\"social-icons follow-icons\" ><a href=\"mailto:fitness-support@bluefintrading.co.uk\" data-label=\"E-mail\" target=\"_blank\" class=\"icon button circle is-outline email tooltip\" title=\"Sende uns eine email\" aria-label=\"Sende uns eine email\" rel=\"nofollow noopener\" ><i class=\"icon-envelop\" ><\/i><\/a><\/div>\n                <\/div>\n          <\/div>\n    <\/div>\n\n\t\n    \n\t\t<\/div>\n\t\t\t\t\t<\/div>\n\n\t\n\n\t<div id=\"col-2139442615\" class=\"col medium-3 small-12 large-3\"  >\n\t\t\t\t<div class=\"col-inner\"  >\n\t\t\t\n\t\t\t\n    <div class=\"box has-hover has-hover box-text-bottom\" >\n\n                  <div class=\"box-image \" style=\"width:80%;\">\n           <div class=\"box-image-inner image-cover\" style=\"border-radius:100%;padding-top:100%;\">\n              <img decoding=\"async\" width=\"2560\" height=\"2560\" src=\"https:\/\/last.bluefinfitness.com\/wp-content\/uploads\/2019\/12\/lizzie.jpg\" class=\"attachment- size-\" alt=\"bluefin team\" srcset=\"https:\/\/last.bluefinfitness.com\/wp-content\/uploads\/2019\/12\/lizzie.jpg 2560w, https:\/\/last.bluefinfitness.com\/wp-content\/uploads\/2019\/12\/lizzie-150x150.jpg 150w, https:\/\/last.bluefinfitness.com\/wp-content\/uploads\/2019\/12\/lizzie-300x300.jpg 300w, https:\/\/last.bluefinfitness.com\/wp-content\/uploads\/2019\/12\/lizzie-768x768.jpg 768w, https:\/\/last.bluefinfitness.com\/wp-content\/uploads\/2019\/12\/lizzie-1024x1024.jpg 1024w, https:\/\/last.bluefinfitness.com\/wp-content\/uploads\/2019\/12\/lizzie-500x500.jpg 500w, https:\/\/last.bluefinfitness.com\/wp-content\/uploads\/2019\/12\/lizzie-100x100.jpg 100w\" sizes=\"(max-width: 2560px) 100vw, 2560px\" \/>                         <\/div>\n          <\/div>\n         \n          <div class=\"box-text text-center\" >\n                <div class=\"box-text-inner\">\n                  <h4 class=\"uppercase\">\n                    <span class=\"person-name\">Lizzie<\/span><br\/>\n                    <span class=\"person-title is-small thin-font op-7\">\n                      Marketing \/ Social media manager                    <\/span>\n                  <\/h4>\n\t\t\t\t\t<div class=\"social-icons follow-icons\" ><a href=\"mailto:fitness-support@bluefintrading.co.uk\" data-label=\"E-mail\" target=\"_blank\" class=\"icon button circle is-outline email tooltip\" title=\"Sende uns eine email\" aria-label=\"Sende uns eine email\" rel=\"nofollow noopener\" ><i class=\"icon-envelop\" ><\/i><\/a><\/div>\n                <\/div>\n          <\/div>\n    <\/div>\n\n\t\n    \n\t\t<\/div>\n\t\t\t\t\t<\/div>\n\n\t\n\n\t<div id=\"col-394221544\" class=\"col medium-3 small-12 large-3\"  >\n\t\t\t\t<div class=\"col-inner\"  >\n\t\t\t\n\t\t\t\n    <div class=\"box has-hover has-hover box-text-bottom\" >\n\n                  <div class=\"box-image \" style=\"width:80%;\">\n           <div class=\"box-image-inner image-cover\" style=\"border-radius:100%;padding-top:100%;\">\n              <img decoding=\"async\" width=\"2560\" height=\"2560\" src=\"https:\/\/last.bluefinfitness.com\/wp-content\/uploads\/2019\/12\/Olivia.jpg\" class=\"attachment- size-\" alt=\"bluefin team\" srcset=\"https:\/\/last.bluefinfitness.com\/wp-content\/uploads\/2019\/12\/Olivia.jpg 2560w, https:\/\/last.bluefinfitness.com\/wp-content\/uploads\/2019\/12\/Olivia-150x150.jpg 150w, https:\/\/last.bluefinfitness.com\/wp-content\/uploads\/2019\/12\/Olivia-300x300.jpg 300w, https:\/\/last.bluefinfitness.com\/wp-content\/uploads\/2019\/12\/Olivia-768x768.jpg 768w, https:\/\/last.bluefinfitness.com\/wp-content\/uploads\/2019\/12\/Olivia-1024x1024.jpg 1024w, https:\/\/last.bluefinfitness.com\/wp-content\/uploads\/2019\/12\/Olivia-500x500.jpg 500w, https:\/\/last.bluefinfitness.com\/wp-content\/uploads\/2019\/12\/Olivia-100x100.jpg 100w\" sizes=\"(max-width: 2560px) 100vw, 2560px\" \/>                         <\/div>\n          <\/div>\n         \n          <div class=\"box-text text-center\" >\n                <div class=\"box-text-inner\">\n                  <h4 class=\"uppercase\">\n                    <span class=\"person-name\">Olivia<\/span><br\/>\n                    <span class=\"person-title is-small thin-font op-7\">\n                      Kundenservice-Managerin                    <\/span>\n                  <\/h4>\n\t\t\t\t\t<div class=\"social-icons follow-icons\" ><a href=\"mailto:fitness-support@bluefintrading.co.uk\" data-label=\"E-mail\" target=\"_blank\" class=\"icon button circle is-outline email tooltip\" title=\"Sende uns eine email\" aria-label=\"Sende uns eine email\" rel=\"nofollow noopener\" ><i class=\"icon-envelop\" ><\/i><\/a><\/div>\n                <\/div>\n          <\/div>\n    <\/div>\n\n\t\n    \n\t\t<\/div>\n\t\t\t\t\t<\/div>\n\n\t\n\n\t<div id=\"col-1361053380\" class=\"col medium-3 small-12 large-3\"  >\n\t\t\t\t<div class=\"col-inner\"  >\n\t\t\t\n\t\t\t\n    <div class=\"box has-hover has-hover box-text-bottom\" >\n\n                  <div class=\"box-image \" style=\"width:80%;\">\n           <div class=\"box-image-inner image-cover\" style=\"border-radius:100%;padding-top:100%;\">\n              <img decoding=\"async\" width=\"2560\" height=\"2560\" src=\"https:\/\/last.bluefinfitness.com\/wp-content\/uploads\/2019\/12\/Lauren.jpg\" class=\"attachment- size-\" alt=\"bluefin team\" srcset=\"https:\/\/last.bluefinfitness.com\/wp-content\/uploads\/2019\/12\/Lauren.jpg 2560w, https:\/\/last.bluefinfitness.com\/wp-content\/uploads\/2019\/12\/Lauren-150x150.jpg 150w, https:\/\/last.bluefinfitness.com\/wp-content\/uploads\/2019\/12\/Lauren-300x300.jpg 300w, https:\/\/last.bluefinfitness.com\/wp-content\/uploads\/2019\/12\/Lauren-768x768.jpg 768w, https:\/\/last.bluefinfitness.com\/wp-content\/uploads\/2019\/12\/Lauren-1024x1024.jpg 1024w, https:\/\/last.bluefinfitness.com\/wp-content\/uploads\/2019\/12\/Lauren-500x500.jpg 500w, https:\/\/last.bluefinfitness.com\/wp-content\/uploads\/2019\/12\/Lauren-100x100.jpg 100w\" sizes=\"(max-width: 2560px) 100vw, 2560px\" \/>                         <\/div>\n          <\/div>\n         \n          <div class=\"box-text text-center\" >\n                <div class=\"box-text-inner\">\n                  <h4 class=\"uppercase\">\n                    <span class=\"person-name\">Lauren<\/span><br\/>\n                    <span class=\"person-title is-small thin-font op-7\">\n                      Kundenservice                    <\/span>\n                  <\/h4>\n\t\t\t\t\t<div class=\"social-icons follow-icons\" ><a href=\"mailto:fitness-support@bluefintrading.co.uk\" data-label=\"E-mail\" target=\"_blank\" class=\"icon button circle is-outline email tooltip\" title=\"Sende uns eine email\" aria-label=\"Sende uns eine email\" rel=\"nofollow noopener\" ><i class=\"icon-envelop\" ><\/i><\/a><\/div>\n                <\/div>\n          <\/div>\n    <\/div>\n\n\t\n    \n\t\t<\/div>\n\t\t\t\t\t<\/div>\n\n\t\n\n\t<div id=\"col-863061716\" class=\"col medium-3 small-12 large-3\"  >\n\t\t\t\t<div class=\"col-inner\"  >\n\t\t\t\n\t\t\t\n    <div class=\"box has-hover has-hover box-text-bottom\" >\n\n                  <div class=\"box-image \" style=\"width:80%;\">\n           <div class=\"box-image-inner image-cover\" style=\"border-radius:100%;padding-top:100%;\">\n              <img decoding=\"async\" width=\"2560\" height=\"2560\" src=\"https:\/\/last.bluefinfitness.com\/wp-content\/uploads\/2019\/12\/Kate.jpg\" class=\"attachment- size-\" alt=\"bluefin team\" srcset=\"https:\/\/last.bluefinfitness.com\/wp-content\/uploads\/2019\/12\/Kate.jpg 2560w, https:\/\/last.bluefinfitness.com\/wp-content\/uploads\/2019\/12\/Kate-150x150.jpg 150w, https:\/\/last.bluefinfitness.com\/wp-content\/uploads\/2019\/12\/Kate-300x300.jpg 300w, https:\/\/last.bluefinfitness.com\/wp-content\/uploads\/2019\/12\/Kate-768x768.jpg 768w, https:\/\/last.bluefinfitness.com\/wp-content\/uploads\/2019\/12\/Kate-1024x1024.jpg 1024w, https:\/\/last.bluefinfitness.com\/wp-content\/uploads\/2019\/12\/Kate-500x500.jpg 500w, https:\/\/last.bluefinfitness.com\/wp-content\/uploads\/2019\/12\/Kate-100x100.jpg 100w\" sizes=\"(max-width: 2560px) 100vw, 2560px\" \/>                         <\/div>\n          <\/div>\n         \n          <div class=\"box-text text-center\" >\n                <div class=\"box-text-inner\">\n                  <h4 class=\"uppercase\">\n                    <span class=\"person-name\">Kate<\/span><br\/>\n                    <span class=\"person-title is-small thin-font op-7\">\n                      Kundenservice                    <\/span>\n                  <\/h4>\n\t\t\t\t\t<div class=\"social-icons follow-icons\" ><a href=\"mailto:fitness-support@bluefintrading.co.uk\" data-label=\"E-mail\" target=\"_blank\" class=\"icon button circle is-outline email tooltip\" title=\"Sende uns eine email\" aria-label=\"Sende uns eine email\" rel=\"nofollow noopener\" ><i class=\"icon-envelop\" ><\/i><\/a><\/div>\n                <\/div>\n          <\/div>\n    <\/div>\n\n\t\n    \n\t\t<\/div>\n\t\t\t\t\t<\/div>\n\n\t\n\n\t<div id=\"col-726560057\" class=\"col medium-3 small-12 large-3\"  >\n\t\t\t\t<div class=\"col-inner\"  >\n\t\t\t\n\t\t\t\n    <div class=\"box has-hover has-hover box-text-bottom\" >\n\n                  <div class=\"box-image \" style=\"width:80%;\">\n           <div class=\"box-image-inner image-cover\" style=\"border-radius:100%;padding-top:100%;\">\n              <img decoding=\"async\" width=\"2560\" height=\"2560\" src=\"https:\/\/last.bluefinfitness.com\/wp-content\/uploads\/2019\/12\/Finn.png\" class=\"attachment- size-\" alt=\"bluefin team\" srcset=\"https:\/\/last.bluefinfitness.com\/wp-content\/uploads\/2019\/12\/Finn.png 2560w, https:\/\/last.bluefinfitness.com\/wp-content\/uploads\/2019\/12\/Finn-150x150.png 150w, https:\/\/last.bluefinfitness.com\/wp-content\/uploads\/2019\/12\/Finn-300x300.png 300w, https:\/\/last.bluefinfitness.com\/wp-content\/uploads\/2019\/12\/Finn-768x768.png 768w, https:\/\/last.bluefinfitness.com\/wp-content\/uploads\/2019\/12\/Finn-1024x1024.png 1024w, https:\/\/last.bluefinfitness.com\/wp-content\/uploads\/2019\/12\/Finn-500x500.png 500w, https:\/\/last.bluefinfitness.com\/wp-content\/uploads\/2019\/12\/Finn-100x100.png 100w\" sizes=\"(max-width: 2560px) 100vw, 2560px\" \/>                         <\/div>\n          <\/div>\n         \n          <div class=\"box-text text-center\" >\n                <div class=\"box-text-inner\">\n                  <h4 class=\"uppercase\">\n                    <span class=\"person-name\">Finn<\/span><br\/>\n                    <span class=\"person-title is-small thin-font op-7\">\n                      Chief Moral Officer                    <\/span>\n                  <\/h4>\n\t\t\t\t\t<div class=\"social-icons follow-icons\" ><a href=\"mailto:fitness-support@bluefintrading.co.uk\" data-label=\"E-mail\" target=\"_blank\" class=\"icon button circle is-outline email tooltip\" title=\"Sende uns eine email\" aria-label=\"Sende uns eine email\" rel=\"nofollow noopener\" ><i class=\"icon-envelop\" ><\/i><\/a><\/div>\n                <\/div>\n          <\/div>\n    <\/div>\n\n\t\n    \n\t\t<\/div>\n\t\t\t\t\t<\/div>\n\n\t\n\n\t<div id=\"col-1944734300\" class=\"col medium-3 small-12 large-3\"  >\n\t\t\t\t<div class=\"col-inner\"  >\n\t\t\t\n\t\t\t\n    <div class=\"box has-hover has-hover box-text-bottom\" >\n\n                  <div class=\"box-image \" style=\"width:80%;\">\n           <div class=\"box-image-inner image-cover\" style=\"border-radius:100%;padding-top:100%;\">\n              <img decoding=\"async\" width=\"2560\" height=\"2560\" src=\"https:\/\/last.bluefinfitness.com\/wp-content\/uploads\/2019\/12\/Blue.png\" class=\"attachment- size-\" alt=\"bluefin team\" srcset=\"https:\/\/last.bluefinfitness.com\/wp-content\/uploads\/2019\/12\/Blue.png 2560w, https:\/\/last.bluefinfitness.com\/wp-content\/uploads\/2019\/12\/Blue-150x150.png 150w, https:\/\/last.bluefinfitness.com\/wp-content\/uploads\/2019\/12\/Blue-300x300.png 300w, https:\/\/last.bluefinfitness.com\/wp-content\/uploads\/2019\/12\/Blue-768x768.png 768w, https:\/\/last.bluefinfitness.com\/wp-content\/uploads\/2019\/12\/Blue-1024x1024.png 1024w, https:\/\/last.bluefinfitness.com\/wp-content\/uploads\/2019\/12\/Blue-500x500.png 500w, https:\/\/last.bluefinfitness.com\/wp-content\/uploads\/2019\/12\/Blue-100x100.png 100w\" sizes=\"(max-width: 2560px) 100vw, 2560px\" \/>                         <\/div>\n          <\/div>\n         \n          <div class=\"box-text text-center\" >\n                <div class=\"box-text-inner\">\n                  <h4 class=\"uppercase\">\n                    <span class=\"person-name\">Blue<\/span><br\/>\n                    <span class=\"person-title is-small thin-font op-7\">\n                      Auszubildender Moral Officer                    <\/span>\n                  <\/h4>\n\t\t\t\t\t<div class=\"social-icons follow-icons\" ><a href=\"mailto:fitness-support@bluefintrading.co.uk\" data-label=\"E-mail\" target=\"_blank\" class=\"icon button circle is-outline email tooltip\" title=\"Sende uns eine email\" aria-label=\"Sende uns eine email\" rel=\"nofollow noopener\" ><i class=\"icon-envelop\" ><\/i><\/a><\/div>\n                <\/div>\n          <\/div>\n    <\/div>\n\n\t\n    \n\t\t<\/div>\n\t\t\t\t\t<\/div>\n\n\t\n<\/div>\n","protected":false},"excerpt":{"rendered":"","protected":false},"author":308,"featured_media":0,"parent":0,"menu_order":0,"comment_status":"closed","ping_status":"closed","template":"","meta":{"footnotes":""},"_links":{"self":[{"href":"https:\/\/last.bluefinfitness.com\/de\/wp-json\/wp\/v2\/pages\/20612"}],"collection":[{"href":"https:\/\/last.bluefinfitness.com\/de\/wp-json\/wp\/v2\/pages"}],"about":[{"href":"https:\/\/last.bluefinfitness.com\/de\/wp-json\/wp\/v2\/types\/page"}],"author":[{"embeddable":true,"href":"https:\/\/last.bluefinfitness.com\/de\/wp-json\/wp\/v2\/users\/308"}],"replies":[{"embeddable":true,"href":"https:\/\/last.bluefinfitness.com\/de\/wp-json\/wp\/v2\/comments?post=20612"}],"version-history":[{"count":0,"href":"https:\/\/last.bluefinfitness.com\/de\/wp-json\/wp\/v2\/pages\/20612\/revisions"}],"wp:attachment":[{"href":"https:\/\/last.bluefinfitness.com\/de\/wp-json\/wp\/v2\/media?parent=20612"}],"curies":[{"name":"wp","href":"https:\/\/api.w.org\/{rel}","templated":true}]}}