{"id":125156,"date":"2020-11-17T09:18:28","date_gmt":"2020-11-17T09:18:28","guid":{"rendered":"https:\/\/www.bluefinfitness.com\/foot-massager\/"},"modified":"2023-03-28T09:00:19","modified_gmt":"2023-03-28T09:00:19","slug":"fussmassage","status":"publish","type":"product","link":"https:\/\/last.bluefinfitness.com\/de\/fussmassage\/","title":{"rendered":"Bluefin SUUV Fu\u00dfmassageger\u00e4t"},"content":{"rendered":"\t<div id=\"gap-1097225695\" class=\"gap-element clearfix\" style=\"display:block; height:auto;\">\n\t\t\n<style>\n#gap-1097225695 {\n  padding-top: 30px;\n}\n<\/style>\n\t<\/div>\n\t\n<p><span data-sheets-value=\"{&quot;1&quot;:2,&quot;2&quot;:&quot;Verabschiede dich f\u00fcr immer von Fu\u00dfschmerzen mit dem Bluefin Fitness SUUV-Fu\u00dfmassageger\u00e4t! Vergiss teure Salons oder Massagen - das SUUV-Fu\u00dfmassageger\u00e4t ist perfekt zur Schmerzlinderung UND Stressabbau geeignet. Unsere bahnbrechende Technologie umfasst verschiedene Vibrationsmodi, mehrere Geschwindigkeitsstufen, ein LCD-Display sowie eine KOSTENLOSE Armbanduhr zur Fernsteuerung! Sage Goodbye zu Krampfadern, Plantarfasziitis und schlechter Durchblutung. Dieses Massageger\u00e4t funktioniert bei ALLEN Arten von F\u00fc\u00dfen! Willst du dich fitter f\u00fchlen? Mit nur 15 Minuten am Tag erzielst du ein komplettes Unterk\u00f6rpertraining. Und das Beste daran ist, dass dieses Massageger\u00e4t durch unsere 12-monatige Platin-Garantie abgedeckt ist. Du hattest innerhalb eines Jahres nach dem Kauf Probleme mit dem Ger\u00e4t? Wir beheben diese v\u00f6llig KOSTENLOS!nnStraffe deine Muskeln, erfrische, regeneriere und belebe deine F\u00fc\u00dfe ohne schmerzhafte \u00dcbungen oder kostspielige Therapiesitzungen. Du kannst dich sogar auf den Boden legen und deine Waden, Kniesehnen und Quads massieren! Tue etwas f\u00fcr die Gesundheit deiner Sehnen und werde deine Plantarfasziitis los. Die M\u00f6glichkeiten sind grenzenlos. Worauf wartest du noch? Werde fit und entspannt und das ganz ohne Stress!n&quot;}\" data-sheets-userformat=\"{&quot;2&quot;:15357,&quot;3&quot;:{&quot;1&quot;:0},&quot;5&quot;:{&quot;1&quot;:[{&quot;1&quot;:2,&quot;2&quot;:0,&quot;5&quot;:[null,2,0]},{&quot;1&quot;:0,&quot;2&quot;:0,&quot;3&quot;:3},{&quot;1&quot;:1,&quot;2&quot;:0,&quot;4&quot;:1}]},&quot;6&quot;:{&quot;1&quot;:[{&quot;1&quot;:2,&quot;2&quot;:0,&quot;5&quot;:[null,2,0]},{&quot;1&quot;:0,&quot;2&quot;:0,&quot;3&quot;:3},{&quot;1&quot;:1,&quot;2&quot;:0,&quot;4&quot;:1}]},&quot;7&quot;:{&quot;1&quot;:[{&quot;1&quot;:2,&quot;2&quot;:0,&quot;5&quot;:[null,2,0]},{&quot;1&quot;:0,&quot;2&quot;:0,&quot;3&quot;:3},{&quot;1&quot;:1,&quot;2&quot;:0,&quot;4&quot;:1}]},&quot;8&quot;:{&quot;1&quot;:[{&quot;1&quot;:2,&quot;2&quot;:0,&quot;5&quot;:[null,2,0]},{&quot;1&quot;:0,&quot;2&quot;:0,&quot;3&quot;:3},{&quot;1&quot;:1,&quot;2&quot;:0,&quot;4&quot;:1}]},&quot;9&quot;:0,&quot;10&quot;:1,&quot;11&quot;:4,&quot;12&quot;:0,&quot;14&quot;:[null,2,0],&quot;15&quot;:&quot;Arial&quot;,&quot;16&quot;:11}\">Verabschiede dich f\u00fcr immer von Fu\u00dfschmerzen mit dem Bluefin Fitness SUUV-Fu\u00dfmassageger\u00e4t! Vergiss teure Salons oder Massagen &#8211; das SUUV-Fu\u00dfmassageger\u00e4t ist perfekt zur Schmerzlinderung UND Stressabbau geeignet. Unsere bahnbrechende Technologie umfasst verschiedene Vibrationsmodi, mehrere Geschwindigkeitsstufen, ein LCD-Display sowie eine KOSTENLOSE Armbanduhr zur Fernsteuerung! Sage Goodbye zu Krampfadern, Plantarfasziitis und schlechter Durchblutung. Dieses Massageger\u00e4t funktioniert bei ALLEN Arten von F\u00fc\u00dfen! Willst du dich fitter f\u00fchlen? Mit nur 15 Minuten am Tag erzielst du ein komplettes Unterk\u00f6rpertraining. Und das Beste daran ist, dass dieses Massageger\u00e4t durch unsere 12-monatige Platin-Garantie abgedeckt ist. Du hattest innerhalb eines Jahres nach dem Kauf Probleme mit dem Ger\u00e4t? Wir beheben diese v\u00f6llig KOSTENLOS!<\/span><\/p>\n<p>Straffe deine Muskeln, erfrische, regeneriere und belebe deine F\u00fc\u00dfe ohne schmerzhafte \u00dcbungen oder kostspielige Therapiesitzungen. Du kannst dich sogar auf den Boden legen und deine Waden, Kniesehnen und Quads massieren! Tue etwas f\u00fcr die Gesundheit deiner Sehnen und werde deine Plantarfasziitis los. Die M\u00f6glichkeiten sind grenzenlos. Worauf wartest du noch? Werde fit und entspannt und das ganz ohne Stress!<\/p>\n<div class=\"row\"  id=\"row-1336379697\">\n\n\t<div id=\"col-465564565\" class=\"col medium-4 small-12 large-4\"  >\n\t\t\t\t<div class=\"col-inner\"  >\n\t\t\t\n\t\t\t\n\t<div class=\"box has-hover   has-hover box-text-bottom\" >\n\n\t\t<div class=\"box-image\" >\n\t\t\t\t\t\t<div class=\"\" >\n\t\t\t\t<img decoding=\"async\" width=\"1501\" height=\"1501\" src=\"https:\/\/last.bluefinfitness.com\/wp-content\/uploads\/2020\/12\/Bluefin-SUUV_1500x1500px_DE-08.jpg\" class=\"attachment- size-\" alt=\"Bluefin fu\u00dfmassageger\u00e4t\" srcset=\"https:\/\/last.bluefinfitness.com\/wp-content\/uploads\/2020\/12\/Bluefin-SUUV_1500x1500px_DE-08.jpg 1501w, https:\/\/last.bluefinfitness.com\/wp-content\/uploads\/2020\/12\/Bluefin-SUUV_1500x1500px_DE-08-300x300.jpg 300w, https:\/\/last.bluefinfitness.com\/wp-content\/uploads\/2020\/12\/Bluefin-SUUV_1500x1500px_DE-08-1024x1024.jpg 1024w, https:\/\/last.bluefinfitness.com\/wp-content\/uploads\/2020\/12\/Bluefin-SUUV_1500x1500px_DE-08-150x150.jpg 150w, https:\/\/last.bluefinfitness.com\/wp-content\/uploads\/2020\/12\/Bluefin-SUUV_1500x1500px_DE-08-768x768.jpg 768w, https:\/\/last.bluefinfitness.com\/wp-content\/uploads\/2020\/12\/Bluefin-SUUV_1500x1500px_DE-08-500x500.jpg 500w, https:\/\/last.bluefinfitness.com\/wp-content\/uploads\/2020\/12\/Bluefin-SUUV_1500x1500px_DE-08-100x100.jpg 100w\" sizes=\"(max-width: 1501px) 100vw, 1501px\" \/>\t\t\t\t\t\t\t\t\t\t\t<\/div>\n\t\t\t\t\t<\/div>\n\n\t\t<div class=\"box-text text-center\" >\n\t\t\t<div class=\"box-text-inner\">\n\t\t\t\t\n<p style=\"text-align: left;\"><strong>Bluefin Fitness SUUV Fu\u00dfmassageger\u00e4t.<\/strong><\/p>\n<p style=\"text-align: left;\">Trainiere bequem in deinen eigenen vier W\u00e4nden. Setze dich einfach auf einen Stuhl oder auf den Boden und freue dich darauf, mit nur einem Ger\u00e4t sowohl eine hervorragende Massage als auch ein sanftes Training zu erhalten! Du hast 15 Minuten Zeit? Stelle das Ger\u00e4t einfach auf eine harte, flache Oberfl\u00e4che und schon trainierst du im Handumdrehen.<\/p>\n\t\t\t<\/div>\n\t\t<\/div>\n\t<\/div>\n\t\n\t\t<\/div>\n\t\t\t\t\t<\/div>\n\n\t\n\n\t<div id=\"col-1348740254\" class=\"col medium-4 small-12 large-4\"  >\n\t\t\t\t<div class=\"col-inner\"  >\n\t\t\t\n\t\t\t\n\t<div class=\"box has-hover   has-hover box-text-bottom\" >\n\n\t\t<div class=\"box-image\" >\n\t\t\t\t\t\t<div class=\"\" >\n\t\t\t\t<img decoding=\"async\" width=\"1501\" height=\"1501\" src=\"https:\/\/last.bluefinfitness.com\/wp-content\/uploads\/2020\/12\/Bluefin-SUUV_1500x1500px_DE-02.jpg\" class=\"attachment- size-\" alt=\"Bluefin fu\u00dfmassageger\u00e4t\" srcset=\"https:\/\/last.bluefinfitness.com\/wp-content\/uploads\/2020\/12\/Bluefin-SUUV_1500x1500px_DE-02.jpg 1501w, https:\/\/last.bluefinfitness.com\/wp-content\/uploads\/2020\/12\/Bluefin-SUUV_1500x1500px_DE-02-300x300.jpg 300w, https:\/\/last.bluefinfitness.com\/wp-content\/uploads\/2020\/12\/Bluefin-SUUV_1500x1500px_DE-02-1024x1024.jpg 1024w, https:\/\/last.bluefinfitness.com\/wp-content\/uploads\/2020\/12\/Bluefin-SUUV_1500x1500px_DE-02-150x150.jpg 150w, https:\/\/last.bluefinfitness.com\/wp-content\/uploads\/2020\/12\/Bluefin-SUUV_1500x1500px_DE-02-768x768.jpg 768w, https:\/\/last.bluefinfitness.com\/wp-content\/uploads\/2020\/12\/Bluefin-SUUV_1500x1500px_DE-02-500x500.jpg 500w, https:\/\/last.bluefinfitness.com\/wp-content\/uploads\/2020\/12\/Bluefin-SUUV_1500x1500px_DE-02-100x100.jpg 100w\" sizes=\"(max-width: 1501px) 100vw, 1501px\" \/>\t\t\t\t\t\t\t\t\t\t\t<\/div>\n\t\t\t\t\t<\/div>\n\n\t\t<div class=\"box-text text-center\" >\n\t\t\t<div class=\"box-text-inner\">\n\t\t\t\t\n<p style=\"text-align: left;\"><strong>Eine bahnbrechende Technologie, der du vertrauen kannst!<\/strong><\/p>\n<p style=\"text-align: left;\">Bist du f\u00fcr ein Training der Extraklasse? Das SUUV-Fussmassageger\u00e4t von Bluefin Fitness wurde mit modernsten Massagerollen und Vibrationsplatten entwickelt und kombiniert bahnbrechende Reflexologie-, Vibrations- und Massagetechniken, um dir ein erstklassiges Trainingserlebnis zu bieten! Wir sparen nicht an der Qualit\u00e4t und das solltest du auch nicht!<\/p>\n\t\t\t<\/div>\n\t\t<\/div>\n\t<\/div>\n\t\n\t\t<\/div>\n\t\t\t\t\t<\/div>\n\n\t\n\n\t<div id=\"col-1412468794\" class=\"col medium-4 small-12 large-4\"  >\n\t\t\t\t<div class=\"col-inner\"  >\n\t\t\t\n\t\t\t\n\t<div class=\"box has-hover   has-hover box-text-bottom\" >\n\n\t\t<div class=\"box-image\" >\n\t\t\t\t\t\t<div class=\"\" >\n\t\t\t\t<img decoding=\"async\" width=\"1501\" height=\"1501\" src=\"https:\/\/last.bluefinfitness.com\/wp-content\/uploads\/2020\/12\/Bluefin-SUUV_1500x1500px_DE-03.jpg\" class=\"attachment- size-\" alt=\"Bluefin fu\u00dfmassageger\u00e4t\" srcset=\"https:\/\/last.bluefinfitness.com\/wp-content\/uploads\/2020\/12\/Bluefin-SUUV_1500x1500px_DE-03.jpg 1501w, https:\/\/last.bluefinfitness.com\/wp-content\/uploads\/2020\/12\/Bluefin-SUUV_1500x1500px_DE-03-300x300.jpg 300w, https:\/\/last.bluefinfitness.com\/wp-content\/uploads\/2020\/12\/Bluefin-SUUV_1500x1500px_DE-03-1024x1024.jpg 1024w, https:\/\/last.bluefinfitness.com\/wp-content\/uploads\/2020\/12\/Bluefin-SUUV_1500x1500px_DE-03-150x150.jpg 150w, https:\/\/last.bluefinfitness.com\/wp-content\/uploads\/2020\/12\/Bluefin-SUUV_1500x1500px_DE-03-768x768.jpg 768w, https:\/\/last.bluefinfitness.com\/wp-content\/uploads\/2020\/12\/Bluefin-SUUV_1500x1500px_DE-03-500x500.jpg 500w, https:\/\/last.bluefinfitness.com\/wp-content\/uploads\/2020\/12\/Bluefin-SUUV_1500x1500px_DE-03-100x100.jpg 100w\" sizes=\"(max-width: 1501px) 100vw, 1501px\" \/>\t\t\t\t\t\t\t\t\t\t\t<\/div>\n\t\t\t\t\t<\/div>\n\n\t\t<div class=\"box-text text-center\" >\n\t\t\t<div class=\"box-text-inner\">\n\t\t\t\t\n<p style=\"text-align: left;\"><strong>Verabschiede dich von Krampfadern und Plantarfasziitis. <\/strong><\/p>\n<p style=\"text-align: left;\">Von wegen ohne Flei\u00df kein Preis! Mit dem SUUV-Fussmassageger\u00e4t sagst du Goodbye zu Krampfadern und Plantarfasziitis und linderst deine Schmerzen auf effektive Art und Weise! Mit Hilfe der hochmodernen Mikro-Oszillations-Massagek\u00f6pfen, die in eine sch\u00fctzende Netzh\u00fclle eingebettet sind, kommt die magnetische Perlenmassage-Therapietechnik zum Einsatz, indem die Blutzirkulation angeregt wird und m\u00fcde Beine revitalisiert werden.<\/p>\n\t\t\t<\/div>\n\t\t<\/div>\n\t<\/div>\n\t\n\t\t<\/div>\n\t\t\t\t\t<\/div>\n\n\t\n<\/div>\n<div class=\"row\"  id=\"row-1251367091\">\n\n\t<div id=\"col-1049433673\" class=\"col medium-4 small-12 large-4\"  >\n\t\t\t\t<div class=\"col-inner\"  >\n\t\t\t\n\t\t\t\n\t<div class=\"box has-hover   has-hover box-text-bottom\" >\n\n\t\t<div class=\"box-image\" >\n\t\t\t\t\t\t<div class=\"\" >\n\t\t\t\t<img decoding=\"async\" width=\"1501\" height=\"1501\" src=\"https:\/\/last.bluefinfitness.com\/wp-content\/uploads\/2020\/12\/Bluefin-SUUV_1500x1500px_DE-04.jpg\" class=\"attachment- size-\" alt=\"Bluefin fu\u00dfmassageger\u00e4t\" srcset=\"https:\/\/last.bluefinfitness.com\/wp-content\/uploads\/2020\/12\/Bluefin-SUUV_1500x1500px_DE-04.jpg 1501w, https:\/\/last.bluefinfitness.com\/wp-content\/uploads\/2020\/12\/Bluefin-SUUV_1500x1500px_DE-04-300x300.jpg 300w, https:\/\/last.bluefinfitness.com\/wp-content\/uploads\/2020\/12\/Bluefin-SUUV_1500x1500px_DE-04-1024x1024.jpg 1024w, https:\/\/last.bluefinfitness.com\/wp-content\/uploads\/2020\/12\/Bluefin-SUUV_1500x1500px_DE-04-150x150.jpg 150w, https:\/\/last.bluefinfitness.com\/wp-content\/uploads\/2020\/12\/Bluefin-SUUV_1500x1500px_DE-04-768x768.jpg 768w, https:\/\/last.bluefinfitness.com\/wp-content\/uploads\/2020\/12\/Bluefin-SUUV_1500x1500px_DE-04-500x500.jpg 500w, https:\/\/last.bluefinfitness.com\/wp-content\/uploads\/2020\/12\/Bluefin-SUUV_1500x1500px_DE-04-100x100.jpg 100w\" sizes=\"(max-width: 1501px) 100vw, 1501px\" \/>\t\t\t\t\t\t\t\t\t\t\t<\/div>\n\t\t\t\t\t<\/div>\n\n\t\t<div class=\"box-text text-center\" >\n\t\t\t<div class=\"box-text-inner\">\n\t\t\t\t\n<p style=\"text-align: left;\"><strong>Zus\u00e4tzliche Fitness-Funktionen, die du lieben wirst!<\/strong><\/p>\n<p style=\"text-align: left;\">Analysiere deine Leistung und erreiche deine Fitnessziele mit Hilfe der tragbaren Fernbedienung, indem du dein Training auf das f\u00fcr dich geeignete Programm sowie auf die richtige Vibrationsgeschwindigkeit anpasst! Auf dem LCD-Display des Fu\u00dfmassageger\u00e4ts kannst du aus 5 Programmen mit niedriger und hoher Intensit\u00e4t sowie aus 60 verschiedenen Geschwindigkeitsstufen ausw\u00e4hlen, um dein Training auf das n\u00e4chste Level zu bringen! Worauf wartest du also noch?<\/p>\n\t\t\t<\/div>\n\t\t<\/div>\n\t<\/div>\n\t\n\t\t<\/div>\n\t\t\t\t\t<\/div>\n\n\t\n\n\t<div id=\"col-803559287\" class=\"col medium-4 small-12 large-4\"  >\n\t\t\t\t<div class=\"col-inner\"  >\n\t\t\t\n\t\t\t\n\t<div class=\"box has-hover   has-hover box-text-bottom\" >\n\n\t\t<div class=\"box-image\" >\n\t\t\t\t\t\t<div class=\"\" >\n\t\t\t\t<img decoding=\"async\" width=\"1501\" height=\"1501\" src=\"https:\/\/last.bluefinfitness.com\/wp-content\/uploads\/2020\/12\/Bluefin-SUUV_1500x1500px_DE-06.jpg\" class=\"attachment- size-\" alt=\"Bluefin fu\u00dfmassageger\u00e4t\" srcset=\"https:\/\/last.bluefinfitness.com\/wp-content\/uploads\/2020\/12\/Bluefin-SUUV_1500x1500px_DE-06.jpg 1501w, https:\/\/last.bluefinfitness.com\/wp-content\/uploads\/2020\/12\/Bluefin-SUUV_1500x1500px_DE-06-300x300.jpg 300w, https:\/\/last.bluefinfitness.com\/wp-content\/uploads\/2020\/12\/Bluefin-SUUV_1500x1500px_DE-06-1024x1024.jpg 1024w, https:\/\/last.bluefinfitness.com\/wp-content\/uploads\/2020\/12\/Bluefin-SUUV_1500x1500px_DE-06-150x150.jpg 150w, https:\/\/last.bluefinfitness.com\/wp-content\/uploads\/2020\/12\/Bluefin-SUUV_1500x1500px_DE-06-768x768.jpg 768w, https:\/\/last.bluefinfitness.com\/wp-content\/uploads\/2020\/12\/Bluefin-SUUV_1500x1500px_DE-06-500x500.jpg 500w, https:\/\/last.bluefinfitness.com\/wp-content\/uploads\/2020\/12\/Bluefin-SUUV_1500x1500px_DE-06-100x100.jpg 100w\" sizes=\"(max-width: 1501px) 100vw, 1501px\" \/>\t\t\t\t\t\t\t\t\t\t\t<\/div>\n\t\t\t\t\t<\/div>\n\n\t\t<div class=\"box-text text-center\" >\n\t\t\t<div class=\"box-text-inner\">\n\t\t\t\t\n<p style=\"text-align: left;\"><strong>Straffe deine Muskulatur und verbessere deine Durchblutung.<\/strong><\/p>\n<p style=\"text-align: left;\">Profitiere von den Vorteilen der gesundheitsf\u00f6rdernden Vibrationstechnologie, ohne dabei ins Schwitzen zu kommen. Leistungsstarke Rollen und Vibrationen dringen tief in dein Hautgewebe ein, maximieren die Durchblutung und lindern Muskelschmerzen auf effektive Art und Weise. Du kannst dein Training sogar noch weiter verbessern, indem du deine Waden, Kniesehnen und Oberschenkel massierst und dabei von zus\u00e4tzlichen M\u00f6glichkeiten zur Muskelkr\u00e4ftigung profitierst.<\/p>\n\t\t\t<\/div>\n\t\t<\/div>\n\t<\/div>\n\t\n\t\t<\/div>\n\t\t\t\t\t<\/div>\n\n\t\n\n\t<div id=\"col-2125281952\" class=\"col medium-4 small-12 large-4\"  >\n\t\t\t\t<div class=\"col-inner\"  >\n\t\t\t\n\t\t\t\n\t<div class=\"box has-hover   has-hover box-text-bottom\" >\n\n\t\t<div class=\"box-image\" >\n\t\t\t\t\t\t<div class=\"\" >\n\t\t\t\t<img decoding=\"async\" width=\"1501\" height=\"1501\" src=\"https:\/\/last.bluefinfitness.com\/wp-content\/uploads\/2020\/12\/Bluefin-SUUV_1500x1500px_DE-07.jpg\" class=\"attachment- size-\" alt=\"Bluefin fu\u00dfmassageger\u00e4t\" srcset=\"https:\/\/last.bluefinfitness.com\/wp-content\/uploads\/2020\/12\/Bluefin-SUUV_1500x1500px_DE-07.jpg 1501w, https:\/\/last.bluefinfitness.com\/wp-content\/uploads\/2020\/12\/Bluefin-SUUV_1500x1500px_DE-07-300x300.jpg 300w, https:\/\/last.bluefinfitness.com\/wp-content\/uploads\/2020\/12\/Bluefin-SUUV_1500x1500px_DE-07-1024x1024.jpg 1024w, https:\/\/last.bluefinfitness.com\/wp-content\/uploads\/2020\/12\/Bluefin-SUUV_1500x1500px_DE-07-150x150.jpg 150w, https:\/\/last.bluefinfitness.com\/wp-content\/uploads\/2020\/12\/Bluefin-SUUV_1500x1500px_DE-07-768x768.jpg 768w, https:\/\/last.bluefinfitness.com\/wp-content\/uploads\/2020\/12\/Bluefin-SUUV_1500x1500px_DE-07-500x500.jpg 500w, https:\/\/last.bluefinfitness.com\/wp-content\/uploads\/2020\/12\/Bluefin-SUUV_1500x1500px_DE-07-100x100.jpg 100w\" sizes=\"(max-width: 1501px) 100vw, 1501px\" \/>\t\t\t\t\t\t\t\t\t\t\t<\/div>\n\t\t\t\t\t<\/div>\n\n\t\t<div class=\"box-text text-center\" >\n\t\t\t<div class=\"box-text-inner\">\n\t\t\t\t\n<p style=\"text-align: left;\"><strong>Stressabbau auf Knopfdruck.<\/strong><\/p>\n<p style=\"text-align: left;\">Nimm dir ein wenig Zeit f\u00fcr dich. Relaxe udn entspanne dich bei im Sitzen, wennn du mit dem SUUV-Fussmassageger\u00e4t von Bluefin Fitness trainierst. W\u00e4hle aus 5 Massage-Roller-Intensit\u00e4tsprogrammen sowie 60 Geschwindigkeitsmodi aus, sodass du eine vollst\u00e4ndige Erholung erreichst. Das Ger\u00e4t ist kinderleicht zu bedienen und mit nur einem Klick auf deiner tragbaren Armbanduhr sofort einsatzbereit.<\/p>\n\t\t\t<\/div>\n\t\t<\/div>\n\t<\/div>\n\t\n\t\t<\/div>\n\t\t\t\t\t<\/div>\n\n\t\n<\/div>\n","protected":false},"excerpt":{"rendered":"<ul>\n<li style=\"text-align: left;\"><strong>BAHNBRECHENDE TECHNOLOGIE<\/strong> &#8211; Reflexologie, Vibrationen, Massagen und mehr! Inklusive einer kostenlosen Armbanduhr!<\/li>\n<li style=\"text-align: left;\"><strong>VERBESSERUNG DER DURCHBLUTUNG<\/strong> &#8211; Leistungsstarke Rollen und tiefe Vibrationen sorgen f\u00fcr einen maximalen Blutfluss!<\/li>\n<li style=\"text-align: left;\"><strong>DAS NEUE HEIM-WORKOUT<\/strong> &#8211; Einfach draufstellen und loslegen, nur 15 Minuten erforderlich! Werde zuhause in deinem eigenen Tempo fit.<\/li>\n<li style=\"text-align: left;\"><strong>LEICHT ZU BEDIENEN<\/strong> &#8211; Stressabbau auf Knopfdruck! Verschiedene Geschwindigkeiten &amp; mehrere Programme, sofort einsatzbereit!<\/li>\n<li style=\"text-align: left;\">1<strong>2 MONATE GARANTIE &amp; REPARATUREN<\/strong><\/li>\n<\/ul>\n","protected":false},"featured_media":644879,"comment_status":"open","ping_status":"closed","template":"","meta":[],"product_cat":[3454],"product_tag":[],"_links":{"self":[{"href":"https:\/\/last.bluefinfitness.com\/de\/wp-json\/wp\/v2\/product\/125156"}],"collection":[{"href":"https:\/\/last.bluefinfitness.com\/de\/wp-json\/wp\/v2\/product"}],"about":[{"href":"https:\/\/last.bluefinfitness.com\/de\/wp-json\/wp\/v2\/types\/product"}],"replies":[{"embeddable":true,"href":"https:\/\/last.bluefinfitness.com\/de\/wp-json\/wp\/v2\/comments?post=125156"}],"wp:featuredmedia":[{"embeddable":true,"href":"https:\/\/last.bluefinfitness.com\/de\/wp-json\/wp\/v2\/media\/644879"}],"wp:attachment":[{"href":"https:\/\/last.bluefinfitness.com\/de\/wp-json\/wp\/v2\/media?parent=125156"}],"wp:term":[{"taxonomy":"product_cat","embeddable":true,"href":"https:\/\/last.bluefinfitness.com\/de\/wp-json\/wp\/v2\/product_cat?post=125156"},{"taxonomy":"product_tag","embeddable":true,"href":"https:\/\/last.bluefinfitness.com\/de\/wp-json\/wp\/v2\/product_tag?post=125156"}],"curies":[{"name":"wp","href":"https:\/\/api.w.org\/{rel}","templated":true}]}}