{"id":200751,"date":"2020-11-24T15:13:53","date_gmt":"2020-11-24T15:13:53","guid":{"rendered":"https:\/\/www.bluefinfitness.com\/water-rower\/"},"modified":"2023-06-20T18:16:39","modified_gmt":"2023-06-20T18:16:39","slug":"wasser-rudergeraet-web-exclusive","status":"publish","type":"product","link":"https:\/\/last.bluefinfitness.com\/de\/wasser-rudergeraet-web-exclusive\/","title":{"rendered":"Bluefin Blade Aqua W-1 Ruderger\u00e4t"},"content":{"rendered":"<p><span data-sheets-value=\"{&quot;1&quot;:2,&quot;2&quot;:&quot;Der Bluefin Aqua W-1 ist das perfekte wasserdichte Ruderger\u00e4t, mit dem du ein realistisches Rudererlebnis in deinen eigenen vier W\u00e4nden erfahren kannst. Das hochwertige, 100% nachhaltige amerikanische Eschenholz verleiht deinem Training einen umweltfreundlichen Aspekt. Zudem verf\u00fcgt dieses Ruderger\u00e4t \u00fcber ein innovatives Zweikammer-Tanksystem und der Widerstand kann vom Benutzer individuell eingestellt werden, um die Trainingsintensit\u00e4t zu erh\u00f6hen und ein effektives Ganzk\u00f6rpertraining zu erreichen. Sanfte Ruderbewegungen sowie beruhigende Wasserger\u00e4usche w\u00e4hrend deiner Trainingseinheiten sorgen f\u00fcr ein authentisches Rudererlebnis. Faltbares Ruderger\u00e4t, das sich kinderleicht verstauen l\u00e4sst. Genaue \u00dcberwachung deiner Herzfrequenz w\u00e4hrend des Trainings. Inkl. einer elektrischen Wasserpumpe zum schnellen Auff\u00fcllen des Wassertanks. Miss Zeit, Geschwindigkeit, Distanz, Kalorien und Puls bei jedem Rudertraining mit Hilfe der LCD-Digitalkonsole. Nutze die integrierte Kinomap App f\u00fcr dein Handy oder Tablet: Stelle eine Verbindung \u00fcber Bluetooth her, um dein Training im Laufe der Zeit auf deinem pers\u00f6nlichen Fitness-Dashboard zu verfolgen und zu analysieren. nn---In der Verpackung enthalten---- n- Blauflossen Fitness Blade Aqua W-1 Ruderger\u00e4tn- Digitale LCD-Fitnesskonsole - Elektrische Wasserpumpen- Bedienungsanleitung n- Werkzeugsatz f\u00fcr Einrichtung &amp; Wartung nnn---Schl\u00fcsselmerkmale--- n- Material: Amerikanisches Eschenholz n- Wassergetriebener Widerstand - Zweikammer-Tanksystemn- Innovatives Klappdesign 114,5 cm x 52,0 cm x 67,0 cm n- Kinomap Mobile\/Tablet-App mit Video-Trainings n- Digitale LCD-Fitnesskonsolen- Glatter Riemenantriebn- Ergonomische Griffstangenn- Rutschsichere Fu\u00dfpedalen- Gepolsterter gepolsteter Sitzn- Tablethalterungn- Elektrische Wasserpumpen&quot;}\" data-sheets-userformat=\"{&quot;2&quot;:13245,&quot;3&quot;:{&quot;1&quot;:0},&quot;5&quot;:{&quot;1&quot;:[{&quot;1&quot;:2,&quot;2&quot;:0,&quot;5&quot;:[null,2,0]},{&quot;1&quot;:0,&quot;2&quot;:0,&quot;3&quot;:3},{&quot;1&quot;:1,&quot;2&quot;:0,&quot;4&quot;:1}]},&quot;6&quot;:{&quot;1&quot;:[{&quot;1&quot;:2,&quot;2&quot;:0,&quot;5&quot;:[null,2,0]},{&quot;1&quot;:0,&quot;2&quot;:0,&quot;3&quot;:3},{&quot;1&quot;:1,&quot;2&quot;:0,&quot;4&quot;:1}]},&quot;7&quot;:{&quot;1&quot;:[{&quot;1&quot;:2,&quot;2&quot;:0,&quot;5&quot;:[null,2,0]},{&quot;1&quot;:0,&quot;2&quot;:0,&quot;3&quot;:3},{&quot;1&quot;:1,&quot;2&quot;:0,&quot;4&quot;:1}]},&quot;8&quot;:{&quot;1&quot;:[{&quot;1&quot;:2,&quot;2&quot;:0,&quot;5&quot;:[null,2,0]},{&quot;1&quot;:0,&quot;2&quot;:0,&quot;3&quot;:3},{&quot;1&quot;:1,&quot;2&quot;:0,&quot;4&quot;:1}]},&quot;10&quot;:1,&quot;11&quot;:4,&quot;12&quot;:0,&quot;15&quot;:&quot;Arial&quot;,&quot;16&quot;:12}\">Der Bluefin Aqua W-1 ist das perfekte ness mit dem du ein realistisches Rudererlebnis in deinen eigenen vier W\u00e4nden erfahren kannst. Das hochwertige, 100% nachhaltige amerikanische Eschenholz verleiht deinem Training einen umweltfreundlichen Aspekt. Zudem verf\u00fcgt dieses Ruderger\u00e4t \u00fcber ein innovatives Zweikammer-Tanksystem und der Widerstand kann vom Benutzer individuell eingestellt werden, um die Trainingsintensit\u00e4t zu erh\u00f6hen und ein effektives Ganzk\u00f6rpertraining zu erreichen. Sanfte Ruderbewegungen sowie beruhigende Wasserger\u00e4usche w\u00e4hrend deiner Trainingseinheiten sorgen f\u00fcr ein authentisches Rudererlebnis. Faltbares Ruderger\u00e4t, das sich kinderleicht verstauen l\u00e4sst. Genaue \u00dcberwachung deiner Herzfrequenz w\u00e4hrend des Trainings. Inkl. einer elektrischen Wasserpumpe zum schnellen Auff\u00fcllen des Wassertanks. Miss Zeit, Geschwindigkeit, Distanz, Kalorien und Puls bei jedem Rudertraining mit Hilfe der LCD-Digitalkonsole. Nutze die integrierte Kinomap App f\u00fcr dein Handy oder Tablet: Stelle eine Verbindung \u00fcber Bluetooth her, um dein Training im Laufe der Zeit auf deinem pers\u00f6nlichen Fitness-Dashboard zu verfolgen und zu analysieren.<\/span><\/p>\n<p><strong>&#8212;In der Verpackung enthalten &#8212;- <\/strong><br \/>\n&#8211; Blauflossen Fitness Blade Aqua W-1 Ruderger\u00e4t<br \/>\n&#8211; Digitale LCD-Fitnesskonsole &#8211; Elektrische Wasserpumpe<br \/>\n&#8211; Bedienungsanleitung<br \/>\n&#8211; Werkzeugsatz f\u00fcr Einrichtung &amp; Wartung<\/p>\n<p><strong>&#8212;Schl\u00fcsselmerkmale&#8212; <\/strong><br \/>\n&#8211; Material: Amerikanisches Eschenholz<br \/>\n&#8211; Wassergetriebener Widerstand &#8211; Zweikammer-Tanksystem<br \/>\n&#8211; Innovatives Klappdesign 114,5 cm x 52,0 cm x 67,0 cm<br \/>\n&#8211; Kinomap Mobile\/Tablet-App mit Video-Trainings<br \/>\n&#8211; Digitale LCD-Fitnesskonsole<br \/>\n&#8211; Glatter Riemenantrieb<br \/>\n&#8211; Ergonomische Griffstangen<br \/>\n&#8211; Rutschsichere Fu\u00dfpedale<br \/>\n&#8211; Gepolsterter gepolsteter Sitz<br \/>\n&#8211; Tablethalterung<br \/>\n&#8211; Elektrische Wasserpumpe<\/p>\n\t<div id=\"gap-1045032587\" class=\"gap-element clearfix\" style=\"display:block; height:auto;\">\n\t\t\n<style>\n#gap-1045032587 {\n  padding-top: 30px;\n}\n<\/style>\n\t<\/div>\n\t\n<div class=\"row\"  id=\"row-1341908494\">\n\n\t<div id=\"col-317258388\" class=\"col medium-4 small-12 large-4\"  >\n\t\t\t\t<div class=\"col-inner\"  >\n\t\t\t\n\t\t\t\n\t<div class=\"box has-hover   has-hover box-text-bottom\" >\n\n\t\t<div class=\"box-image\" >\n\t\t\t\t\t\t<div class=\"\" >\n\t\t\t\t<img decoding=\"async\" width=\"1001\" height=\"1001\" src=\"https:\/\/last.bluefinfitness.com\/wp-content\/uploads\/2020\/11\/Blade-Aqua_DE-02.png\" class=\"attachment- size-\" alt=\"Bluefin wasserdichte ruderger\u00e4t\" srcset=\"https:\/\/last.bluefinfitness.com\/wp-content\/uploads\/2020\/11\/Blade-Aqua_DE-02.png 1001w, https:\/\/last.bluefinfitness.com\/wp-content\/uploads\/2020\/11\/Blade-Aqua_DE-02-300x300.png 300w, https:\/\/last.bluefinfitness.com\/wp-content\/uploads\/2020\/11\/Blade-Aqua_DE-02-150x150.png 150w, https:\/\/last.bluefinfitness.com\/wp-content\/uploads\/2020\/11\/Blade-Aqua_DE-02-768x768.png 768w, https:\/\/last.bluefinfitness.com\/wp-content\/uploads\/2020\/11\/Blade-Aqua_DE-02-500x500.png 500w, https:\/\/last.bluefinfitness.com\/wp-content\/uploads\/2020\/11\/Blade-Aqua_DE-02-100x100.png 100w\" sizes=\"(max-width: 1001px) 100vw, 1001px\" \/>\t\t\t\t\t\t\t\t\t\t\t<\/div>\n\t\t\t\t\t<\/div>\n\n\t\t<div class=\"box-text text-center\" >\n\t\t\t<div class=\"box-text-inner\">\n\t\t\t\t\n<p style=\"text-align: left;\"><strong>Kompatibel mit Kinomap<\/strong>. Training in Echtzeit! Verbinde deine Kinomap Fitness-App \u00fcber Bluetooth mit dem Blade Aqua W-1 und beginne mit deinem virtuellen Training rund um die Welt und das von zuhause aus. Verfolge deine Trainingseinheiten auf deinem pers\u00f6nlichen Dashboard, um sicherzustellen, dass du deine Fitnessziele stets erreicht.<\/p>\n\t\t\t<\/div>\n\t\t<\/div>\n\t<\/div>\n\t\n\t\t<\/div>\n\t\t\t\t\t<\/div>\n\n\t\n\n\t<div id=\"col-501629360\" class=\"col medium-4 small-12 large-4\"  >\n\t\t\t\t<div class=\"col-inner\"  >\n\t\t\t\n\t\t\t\n\t<div class=\"box has-hover   has-hover box-text-bottom\" >\n\n\t\t<div class=\"box-image\" >\n\t\t\t\t\t\t<div class=\"\" >\n\t\t\t\t<img decoding=\"async\" width=\"1001\" height=\"1000\" src=\"https:\/\/last.bluefinfitness.com\/wp-content\/uploads\/2020\/11\/Blade-Aqua_DE-03.png\" class=\"attachment- size-\" alt=\"Bluefin wasserdichte ruderger\u00e4t\" srcset=\"https:\/\/last.bluefinfitness.com\/wp-content\/uploads\/2020\/11\/Blade-Aqua_DE-03.png 1001w, https:\/\/last.bluefinfitness.com\/wp-content\/uploads\/2020\/11\/Blade-Aqua_DE-03-300x300.png 300w, https:\/\/last.bluefinfitness.com\/wp-content\/uploads\/2020\/11\/Blade-Aqua_DE-03-150x150.png 150w, https:\/\/last.bluefinfitness.com\/wp-content\/uploads\/2020\/11\/Blade-Aqua_DE-03-768x767.png 768w, https:\/\/last.bluefinfitness.com\/wp-content\/uploads\/2020\/11\/Blade-Aqua_DE-03-500x500.png 500w, https:\/\/last.bluefinfitness.com\/wp-content\/uploads\/2020\/11\/Blade-Aqua_DE-03-100x100.png 100w\" sizes=\"(max-width: 1001px) 100vw, 1001px\" \/>\t\t\t\t\t\t\t\t\t\t\t<\/div>\n\t\t\t\t\t<\/div>\n\n\t\t<div class=\"box-text text-center\" >\n\t\t\t<div class=\"box-text-inner\">\n\t\t\t\t\n<p style=\"text-align: left;\"><strong>Erlebe den innovativen Wasserkraft-Widerstand f\u00fcr ein realistisches Heimtraining.<\/strong> Das Blade Aqua bringt deine Trainingseinheiten mit Hilfe des neuartigen Doppelkammertanksystems sowie dem einstellbaren Spannungsregler auf das n\u00e4chste Level und erm\u00f6glicht es dir, deine Trainingsintensit\u00e4t zu erh\u00f6hen. Verbessere deine kardiovaskul\u00e4re Gesundheit &amp; perfektioniere deine Technik, indem du echte Rudererlebnisse in deinen eigenen vier W\u00e4nden simulierst.<\/p>\n\t\t\t<\/div>\n\t\t<\/div>\n\t<\/div>\n\t\n\t\t<\/div>\n\t\t\t\t\t<\/div>\n\n\t\n\n\t<div id=\"col-1587665941\" class=\"col medium-4 small-12 large-4\"  >\n\t\t\t\t<div class=\"col-inner\"  >\n\t\t\t\n\t\t\t\n\t<div class=\"box has-hover   has-hover box-text-bottom\" >\n\n\t\t<div class=\"box-image\" >\n\t\t\t\t\t\t<div class=\"\" >\n\t\t\t\t<img decoding=\"async\" width=\"1001\" height=\"1000\" src=\"https:\/\/last.bluefinfitness.com\/wp-content\/uploads\/2020\/11\/Blade-Aqua_DE-04.png\" class=\"attachment- size-\" alt=\"Bluefin wasserdichte ruderger\u00e4t\" srcset=\"https:\/\/last.bluefinfitness.com\/wp-content\/uploads\/2020\/11\/Blade-Aqua_DE-04.png 1001w, https:\/\/last.bluefinfitness.com\/wp-content\/uploads\/2020\/11\/Blade-Aqua_DE-04-300x300.png 300w, https:\/\/last.bluefinfitness.com\/wp-content\/uploads\/2020\/11\/Blade-Aqua_DE-04-150x150.png 150w, https:\/\/last.bluefinfitness.com\/wp-content\/uploads\/2020\/11\/Blade-Aqua_DE-04-768x767.png 768w, https:\/\/last.bluefinfitness.com\/wp-content\/uploads\/2020\/11\/Blade-Aqua_DE-04-500x500.png 500w, https:\/\/last.bluefinfitness.com\/wp-content\/uploads\/2020\/11\/Blade-Aqua_DE-04-100x100.png 100w\" sizes=\"(max-width: 1001px) 100vw, 1001px\" \/>\t\t\t\t\t\t\t\t\t\t\t<\/div>\n\t\t\t\t\t<\/div>\n\n\t\t<div class=\"box-text text-center\" >\n\t\t\t<div class=\"box-text-inner\">\n\t\t\t\t\n<p style=\"text-align: left;\"><strong>Ganzk\u00f6rpertraining.<\/strong> Muskelaufbau &amp; Ausdauertraining in Einem. Verbessere dein Fitnessperformance durch die sanften Ruderbewegungen des integrierten Schienensystems. Die beruhigenden Wasserger\u00e4usche aus dem Tank sind so realistisch, dass du das Gef\u00fchl bekommst, wirklich auf einem Gew\u00e4sser zu rudern! Hochmoderne Anti-Rutsch-Pedale, ergonomische Griffe sowie der gepolsterte Sitz verleihen dem Blade Aqua einen einzigartigen Touch, sodass du immer Top-Rudereinheiten erleben wirst.<\/p>\n\t\t\t<\/div>\n\t\t<\/div>\n\t<\/div>\n\t\n\t\t<\/div>\n\t\t\t\t\t<\/div>\n\n\t\n<\/div>\n<div class=\"row\"  id=\"row-1139688830\">\n\n\t<div id=\"col-511252761\" class=\"col medium-4 small-12 large-4\"  >\n\t\t\t\t<div class=\"col-inner\"  >\n\t\t\t\n\t\t\t\n\t<div class=\"box has-hover   has-hover box-text-bottom\" >\n\n\t\t<div class=\"box-image\" >\n\t\t\t\t\t\t<div class=\"\" >\n\t\t\t\t<img decoding=\"async\" width=\"1001\" height=\"1001\" src=\"https:\/\/last.bluefinfitness.com\/wp-content\/uploads\/2020\/11\/Blade-Aqua_DE-06.png\" class=\"attachment- size-\" alt=\"Bluefin wasserdichte ruderger\u00e4t\" srcset=\"https:\/\/last.bluefinfitness.com\/wp-content\/uploads\/2020\/11\/Blade-Aqua_DE-06.png 1001w, https:\/\/last.bluefinfitness.com\/wp-content\/uploads\/2020\/11\/Blade-Aqua_DE-06-300x300.png 300w, https:\/\/last.bluefinfitness.com\/wp-content\/uploads\/2020\/11\/Blade-Aqua_DE-06-150x150.png 150w, https:\/\/last.bluefinfitness.com\/wp-content\/uploads\/2020\/11\/Blade-Aqua_DE-06-768x768.png 768w, https:\/\/last.bluefinfitness.com\/wp-content\/uploads\/2020\/11\/Blade-Aqua_DE-06-500x500.png 500w, https:\/\/last.bluefinfitness.com\/wp-content\/uploads\/2020\/11\/Blade-Aqua_DE-06-100x100.png 100w\" sizes=\"(max-width: 1001px) 100vw, 1001px\" \/>\t\t\t\t\t\t\t\t\t\t\t<\/div>\n\t\t\t\t\t<\/div>\n\n\t\t<div class=\"box-text text-center\" >\n\t\t\t<div class=\"box-text-inner\">\n\t\t\t\t\n<p style=\"text-align: left;\"><strong>Fitnessfunktionen, die dich in Bestform bringen<\/strong>. Analysiere deine Performance. Das Blade Aqua W-1 verf\u00fcgt \u00fcber zahlreiche Funktionen, um dein Training individuell auf Sie abzustimmen. Mit Hilfe der LCD-Digitalkonsole kannst du Herzfrequenz, Geschwindigkeit, Distanz, Zeit usw. genau messen. Die mitgelieferte elektrische Wasserpumpe sorgt daf\u00fcr, dass der Wassertank schnell aufgef\u00fcllt wird, sodass du im Handumdrehen trainieren kannst. Je mehr Wasser du hinzuf\u00fcgst, desto h\u00f6her der Widerstand!<\/p>\n\t\t\t<\/div>\n\t\t<\/div>\n\t<\/div>\n\t\n\t\t<\/div>\n\t\t\t\t\t<\/div>\n\n\t\n\n\t<div id=\"col-645125383\" class=\"col medium-4 small-12 large-4\"  >\n\t\t\t\t<div class=\"col-inner\"  >\n\t\t\t\n\t\t\t\n\t<div class=\"box has-hover   has-hover box-text-bottom\" >\n\n\t\t<div class=\"box-image\" >\n\t\t\t\t\t\t<div class=\"\" >\n\t\t\t\t<img decoding=\"async\" width=\"1000\" height=\"1000\" src=\"https:\/\/last.bluefinfitness.com\/wp-content\/uploads\/2020\/11\/Blade-Aqua_DE-05.png\" class=\"attachment- size-\" alt=\"Bluefin wasserdichte ruderger\u00e4t\" srcset=\"https:\/\/last.bluefinfitness.com\/wp-content\/uploads\/2020\/11\/Blade-Aqua_DE-05.png 1000w, https:\/\/last.bluefinfitness.com\/wp-content\/uploads\/2020\/11\/Blade-Aqua_DE-05-300x300.png 300w, https:\/\/last.bluefinfitness.com\/wp-content\/uploads\/2020\/11\/Blade-Aqua_DE-05-150x150.png 150w, https:\/\/last.bluefinfitness.com\/wp-content\/uploads\/2020\/11\/Blade-Aqua_DE-05-768x768.png 768w, https:\/\/last.bluefinfitness.com\/wp-content\/uploads\/2020\/11\/Blade-Aqua_DE-05-500x500.png 500w, https:\/\/last.bluefinfitness.com\/wp-content\/uploads\/2020\/11\/Blade-Aqua_DE-05-100x100.png 100w\" sizes=\"(max-width: 1000px) 100vw, 1000px\" \/>\t\t\t\t\t\t\t\t\t\t\t<\/div>\n\t\t\t\t\t<\/div>\n\n\t\t<div class=\"box-text text-center\" >\n\t\t\t<div class=\"box-text-inner\">\n\t\t\t\t\n<p style=\"text-align: left;\"><strong>Zusammenklappbar f\u00fcr eine einfache Lagerung<\/strong>. Einfach nur anheben und zusammenklappen. Das Ruderger\u00e4t l\u00e4sst sich leicht anheben und zusammenklappen, um es kompakt zu lagern, wenn es nicht in Gebrauch ist. Au\u00dferdem verf\u00fcgt es \u00fcber integrierte R\u00e4dr, mit denen du es kinderleicht auf ebenen Fl\u00e4chen transportieren kannst.<\/p>\n\t\t\t<\/div>\n\t\t<\/div>\n\t<\/div>\n\t\n\t\t<\/div>\n\t\t\t\t\t<\/div>\n\n\t\n\n\t<div id=\"col-839289982\" class=\"col medium-4 small-12 large-4\"  >\n\t\t\t\t<div class=\"col-inner\"  >\n\t\t\t\n\t\t\t\n\t<div class=\"box has-hover   has-hover box-text-bottom\" >\n\n\t\t<div class=\"box-image\" >\n\t\t\t\t\t\t<div class=\"\" >\n\t\t\t\t<img decoding=\"async\" width=\"1001\" height=\"1001\" src=\"https:\/\/last.bluefinfitness.com\/wp-content\/uploads\/2020\/11\/Blade-Aqua_DE-07.png\" class=\"attachment- size-\" alt=\"Bluefin wasserdichte ruderger\u00e4t\" srcset=\"https:\/\/last.bluefinfitness.com\/wp-content\/uploads\/2020\/11\/Blade-Aqua_DE-07.png 1001w, https:\/\/last.bluefinfitness.com\/wp-content\/uploads\/2020\/11\/Blade-Aqua_DE-07-300x300.png 300w, https:\/\/last.bluefinfitness.com\/wp-content\/uploads\/2020\/11\/Blade-Aqua_DE-07-150x150.png 150w, https:\/\/last.bluefinfitness.com\/wp-content\/uploads\/2020\/11\/Blade-Aqua_DE-07-768x768.png 768w, https:\/\/last.bluefinfitness.com\/wp-content\/uploads\/2020\/11\/Blade-Aqua_DE-07-500x500.png 500w, https:\/\/last.bluefinfitness.com\/wp-content\/uploads\/2020\/11\/Blade-Aqua_DE-07-100x100.png 100w\" sizes=\"(max-width: 1001px) 100vw, 1001px\" \/>\t\t\t\t\t\t\t\t\t\t\t<\/div>\n\t\t\t\t\t<\/div>\n\n\t\t<div class=\"box-text text-center\" >\n\t\t\t<div class=\"box-text-inner\">\n\t\t\t\t\n<p style=\"text-align: left;\"><strong>Abmessungen und Gr\u00f6\u00dfe.<\/strong> Genau das richtige Ruderger\u00e4t f\u00fcr dich. Die Abmessungen des Blade Aqua sind wie folgt: 55,0 cm x 206,0 cm x 52,0 cm im zusammengebauten und 113,0 cm x 69,0 cm x 52,0 cm im zusammengeklappten Zustand.<\/p>\n\t\t\t<\/div>\n\t\t<\/div>\n\t<\/div>\n\t\n\t\t<\/div>\n\t\t\t\t\t<\/div>\n\n\t\n<\/div>\n<div class=\"row\"  id=\"row-39563919\">\n\n\t<div id=\"col-564262740\" class=\"col medium-5 small-12 large-5\"  >\n\t\t\t\t<div class=\"col-inner\"  >\n\t\t\t\n\t\t\t\n\t<div class=\"box has-hover   has-hover box-text-bottom\" >\n\n\t\t<div class=\"box-image\" >\n\t\t\t\t\t\t<div class=\"\" >\n\t\t\t\t<img decoding=\"async\" width=\"1000\" height=\"1000\" src=\"https:\/\/last.bluefinfitness.com\/wp-content\/uploads\/2020\/11\/BLADE__AQUA__W-1__8-5.png\" class=\"attachment- size-\" alt=\"Bluefin wasserdichte ruderger\u00e4t\" srcset=\"https:\/\/last.bluefinfitness.com\/wp-content\/uploads\/2020\/11\/BLADE__AQUA__W-1__8-5.png 1000w, https:\/\/last.bluefinfitness.com\/wp-content\/uploads\/2020\/11\/BLADE__AQUA__W-1__8-5-300x300.png 300w, https:\/\/last.bluefinfitness.com\/wp-content\/uploads\/2020\/11\/BLADE__AQUA__W-1__8-5-150x150.png 150w, https:\/\/last.bluefinfitness.com\/wp-content\/uploads\/2020\/11\/BLADE__AQUA__W-1__8-5-768x768.png 768w, https:\/\/last.bluefinfitness.com\/wp-content\/uploads\/2020\/11\/BLADE__AQUA__W-1__8-5-500x500.png 500w, https:\/\/last.bluefinfitness.com\/wp-content\/uploads\/2020\/11\/BLADE__AQUA__W-1__8-5-100x100.png 100w\" sizes=\"(max-width: 1000px) 100vw, 1000px\" \/>\t\t\t\t\t\t\t\t\t\t\t<\/div>\n\t\t\t\t\t<\/div>\n\n\t\t<div class=\"box-text text-center\" >\n\t\t\t<div class=\"box-text-inner\">\n\t\t\t\t\n\t\t\t<\/div>\n\t\t<\/div>\n\t<\/div>\n\t\n\t\t<\/div>\n\t\t\t\t\t<\/div>\n\n\t\n\n\t<div id=\"col-1126682899\" class=\"col medium-7 small-12 large-7\"  >\n\t\t\t\t<div class=\"col-inner\"  >\n\t\t\t\n\t\t\t\n<ul>\n<li>Bluefin Fitness Blade Aqua Ruderger\u00e4t aus Holz.<\/li>\n<li>Umweltfreundlich und langlebig: Das Blade Aqua ist die perfekte umweltfreundliche Erg\u00e4nzung f\u00fcr dein Heim-Gym.<\/li>\n<li>Das Ruderger\u00e4t besteht aus 100% authentischem, qualitativ hochwertigem amerikanischem Eschenholz, ist extrem langlebig und auf dem neuesten Stand der nachhaltigen Trainingsger\u00e4te.<\/li>\n<\/ul>\n\t\t<\/div>\n\t\t\t\t\t<\/div>\n\n\t\n<\/div>\n\t<div id=\"gap-1597237708\" class=\"gap-element clearfix\" style=\"display:block; height:auto;\">\n\t\t\n<style>\n#gap-1597237708 {\n  padding-top: 30px;\n}\n<\/style>\n\t<\/div>\n\t\n","protected":false},"excerpt":{"rendered":"<ul>\n<li style=\"text-align: left;\"><strong>MEHR POWER DURCH WASSERWIDERSTAND<\/strong> &#8211; Gestalte deine Trainingserfahrung noch realistischer mit der Wasserwiderstandskraft des Blade Aqua. Mit Hilfe des Zweikammer-Tanksystems und dem individuell einstellbaren Widerstand ruderst du fast wie in echten Gew\u00e4ssern.<\/li>\n<li style=\"text-align: left;\"><strong>100% NACHHALTIGKEIT<\/strong> &#8211; Professionell entwickelt aus echtem amerikanischen Eschenholz, einem hochwertigen nat\u00fcrlichen und nachhaltigen Material. Mit dem Blade Aqua baust du Muskeln und Ausdauer auf und tust gleichzeitig etwas f\u00fcr die Umwelt.<\/li>\n<li style=\"text-align: left;\"><strong>KOSTENLOSE 12-MONATS-GARANTIE<\/strong> &#8211; Wir sind zu 100% unseren Kunden verpflichtet und haben volles Vertrauen in unsere Produkte. Sollten innerhalb der ersten 12 Monate technische Probleme auftreten, versprechen wir, diese kostenlos zu beheben.<\/li>\n<li style=\"text-align: left;\"><strong>KINOMAP APP-INTEGRATION<\/strong> &#8211; Erwecke deine Heimtrainings mit der Kinomap App zum Leben &#8211; mit Tausenden von Trainingsvideos aus der ganzen Welt, Coachings, Trainingseinheiten sowie strukturierten Workouts: So hat der innere Schweinehund keine Chance.<\/li>\n<li style=\"text-align: left;\"><strong>FITNESS-GER\u00c4TE, DIE DU LIEBEN WIRST<\/strong> &#8211; Einfach zusammenklappen und kinderleicht mit dem &#8220;Lift and fold&#8221;-System verstauen. Pr\u00e4zise Herzfrequenz\u00fcberwachung + digitale Konsole + Tablet-Halterung zur Analyse deines ultimativen Rudererlebnisses.<\/li>\n<\/ul>\n","protected":false},"featured_media":644927,"comment_status":"open","ping_status":"closed","template":"","meta":[],"product_cat":[1015],"product_tag":[],"_links":{"self":[{"href":"https:\/\/last.bluefinfitness.com\/de\/wp-json\/wp\/v2\/product\/200751"}],"collection":[{"href":"https:\/\/last.bluefinfitness.com\/de\/wp-json\/wp\/v2\/product"}],"about":[{"href":"https:\/\/last.bluefinfitness.com\/de\/wp-json\/wp\/v2\/types\/product"}],"replies":[{"embeddable":true,"href":"https:\/\/last.bluefinfitness.com\/de\/wp-json\/wp\/v2\/comments?post=200751"}],"wp:featuredmedia":[{"embeddable":true,"href":"https:\/\/last.bluefinfitness.com\/de\/wp-json\/wp\/v2\/media\/644927"}],"wp:attachment":[{"href":"https:\/\/last.bluefinfitness.com\/de\/wp-json\/wp\/v2\/media?parent=200751"}],"wp:term":[{"taxonomy":"product_cat","embeddable":true,"href":"https:\/\/last.bluefinfitness.com\/de\/wp-json\/wp\/v2\/product_cat?post=200751"},{"taxonomy":"product_tag","embeddable":true,"href":"https:\/\/last.bluefinfitness.com\/de\/wp-json\/wp\/v2\/product_tag?post=200751"}],"curies":[{"name":"wp","href":"https:\/\/api.w.org\/{rel}","templated":true}]}}