{"id":21265,"date":"2019-01-21T10:22:01","date_gmt":"2019-01-21T10:22:01","guid":{"rendered":"https:\/\/www.bluefinfitness.com\/?post_type=product&#038;p=21265"},"modified":"2022-03-27T02:32:20","modified_gmt":"2022-03-27T02:32:20","slug":"klappbare-hantelbank-web-exclusive","status":"publish","type":"product","link":"https:\/\/last.bluefinfitness.com\/de\/klappbare-hantelbank-web-exclusive\/","title":{"rendered":"Bluefin Hantelbank"},"content":{"rendered":"\t<div id=\"text-888445400\" class=\"text hidden\">\n\t\t\n<h2 style=\"text-align: center;\"><strong>Bluefin Multi-Funktionale, klappbare Hantelbank<br \/>\n<\/strong><em><span style=\"font-size: 75%;\">Multi-funktional | Schnell und leicht zusammenklappbar | Robustes Material | Smart-Lock-Verrieglungs-System<\/span><\/em><\/h2>\n\t\t\t<\/div>\n\t\n\t<div class=\"img has-hover hidden x md-x lg-x y md-y lg-y\" id=\"image_937919981\">\n\t\t\t\t\t\t\t\t<div class=\"img-inner dark\" >\n\t\t\t<img decoding=\"async\" width=\"970\" height=\"300\" src=\"https:\/\/last.bluefinfitness.com\/wp-content\/uploads\/2019\/01\/bfit_WB_hero_a_plus-jpg.jpg\" class=\"attachment-large size-large\" alt=\"Bluefin 3d vibration plate\" srcset=\"https:\/\/last.bluefinfitness.com\/wp-content\/uploads\/2019\/01\/bfit_WB_hero_a_plus-jpg.jpg 970w, https:\/\/last.bluefinfitness.com\/wp-content\/uploads\/2019\/01\/bfit_WB_hero_a_plus-jpg-300x93.jpg 300w, https:\/\/last.bluefinfitness.com\/wp-content\/uploads\/2019\/01\/bfit_WB_hero_a_plus-jpg-768x238.jpg 768w, https:\/\/last.bluefinfitness.com\/wp-content\/uploads\/2019\/01\/bfit_WB_hero_a_plus-jpg-500x155.jpg 500w\" sizes=\"(max-width: 970px) 100vw, 970px\" \/>\t\t\t\t\t\t\n\t\t\t\t\t<\/div>\n\t\t\t\t\t\t\t\t\n<style>\n#image_937919981 {\n  width: 100%;\n}\n<\/style>\n\t<\/div>\n\t\n\t<div id=\"gap-171494613\" class=\"gap-element clearfix hidden\" style=\"display:block; height:auto;\">\n\t\t\n<style>\n#gap-171494613 {\n  padding-top: 30px;\n}\n<\/style>\n\t<\/div>\n\t\n<div class=\"row row-small align-center\"  id=\"row-1734147949\">\n\n\t<div id=\"col-721305302\" class=\"col medium-4 small-12 large-4\"  >\n\t\t\t\t<div class=\"col-inner\"  >\n\t\t\t\n\t\t\t\n\t<div class=\"box has-hover   has-hover box-text-bottom\" >\n\n\t\t<div class=\"box-image\" >\n\t\t\t\t\t\t<div class=\"\" >\n\t\t\t\t<img decoding=\"async\" width=\"601\" height=\"601\" src=\"https:\/\/last.bluefinfitness.com\/wp-content\/uploads\/2021\/02\/Lift_Web-Images-600x600px_DE_08.png\" class=\"attachment- size-\" alt=\"Bluefin 3d vibration plate\" srcset=\"https:\/\/last.bluefinfitness.com\/wp-content\/uploads\/2021\/02\/Lift_Web-Images-600x600px_DE_08.png 601w, https:\/\/last.bluefinfitness.com\/wp-content\/uploads\/2021\/02\/Lift_Web-Images-600x600px_DE_08-300x300.png 300w, https:\/\/last.bluefinfitness.com\/wp-content\/uploads\/2021\/02\/Lift_Web-Images-600x600px_DE_08-150x150.png 150w, https:\/\/last.bluefinfitness.com\/wp-content\/uploads\/2021\/02\/Lift_Web-Images-600x600px_DE_08-500x500.png 500w, https:\/\/last.bluefinfitness.com\/wp-content\/uploads\/2021\/02\/Lift_Web-Images-600x600px_DE_08-100x100.png 100w\" sizes=\"(max-width: 601px) 100vw, 601px\" \/>\t\t\t\t\t\t\t\t\t\t\t<\/div>\n\t\t\t\t\t<\/div>\n\n\t\t<div class=\"box-text text-center\" >\n\t\t\t<div class=\"box-text-inner\">\n\t\t\t\t\n<h4 class=\"a-spacing-mini\" style=\"text-align: left;\">Unbegrenzte Trainings-M\u00f6glichkeiten<\/h4>\n<p style=\"text-align: left;\"><span class=\"a-text-bold\">Wechsle m\u00fchelos zwischen den verschiedenen Positionen umher (Steigung, Neigung, Flache Position, Hyper-Extension, Sit-up-Position &amp; Curl-Position). Durch die unbegrenzten Trainings-M\u00f6glichkeiten kommst du deinem Fitness-Ziel einen Schritt n\u00e4her.<\/span><\/p>\n<p style=\"text-align: left;\"><span class=\"a-text-bold\">Die verschiedenen Positionen lassen sich ganz einfach einstellen. Die Hantelbank von Bluefin enth\u00e4lt zudem eine vollst\u00e4ndige Bedienungsanleitung.<\/span><\/p>\n<p style=\"text-align: left;\"><span class=\"a-text-bold\">Durch die innovative Falt-Technologie l\u00e4sst sich die Hantelbank in weniger als 20 Sekunden zusammenklappen und kann ganz einfach unter dem Bett oder hinter der Couch verstaut werden.<\/span><\/p>\n\t\t\t<\/div>\n\t\t<\/div>\n\t<\/div>\n\t\n\t\t<\/div>\n\t\t\t\t\t<\/div>\n\n\t\n\n\t<div id=\"col-1149710391\" class=\"col medium-4 small-12 large-4\"  >\n\t\t\t\t<div class=\"col-inner\"  >\n\t\t\t\n\t\t\t\n\t<div class=\"box has-hover   has-hover box-text-bottom\" >\n\n\t\t<div class=\"box-image\" >\n\t\t\t\t\t\t<div class=\"\" >\n\t\t\t\t<img decoding=\"async\" width=\"601\" height=\"601\" src=\"https:\/\/last.bluefinfitness.com\/wp-content\/uploads\/2021\/02\/Lift_Web-Images-600x600px_DE_07.png\" class=\"attachment- size-\" alt=\"Bluefin 3d vibration plate\" srcset=\"https:\/\/last.bluefinfitness.com\/wp-content\/uploads\/2021\/02\/Lift_Web-Images-600x600px_DE_07.png 601w, https:\/\/last.bluefinfitness.com\/wp-content\/uploads\/2021\/02\/Lift_Web-Images-600x600px_DE_07-300x300.png 300w, https:\/\/last.bluefinfitness.com\/wp-content\/uploads\/2021\/02\/Lift_Web-Images-600x600px_DE_07-150x150.png 150w, https:\/\/last.bluefinfitness.com\/wp-content\/uploads\/2021\/02\/Lift_Web-Images-600x600px_DE_07-500x500.png 500w, https:\/\/last.bluefinfitness.com\/wp-content\/uploads\/2021\/02\/Lift_Web-Images-600x600px_DE_07-100x100.png 100w\" sizes=\"(max-width: 601px) 100vw, 601px\" \/>\t\t\t\t\t\t\t\t\t\t\t<\/div>\n\t\t\t\t\t<\/div>\n\n\t\t<div class=\"box-text text-center\" >\n\t\t\t<div class=\"box-text-inner\">\n\t\t\t\t\n<h4 class=\"a-spacing-mini\" style=\"text-align: left;\">Intelligente Polsterung<\/h4>\n<p style=\"text-align: left;\"><span class=\"a-text-bold\">Die wasserabweisende, EVA-beschichtete Polsterung bietet dir zus\u00e4tzlichen Komfort und unterst\u00fctzt den R\u00fccken w\u00e4hrend des Trainings.<\/span><\/p>\n<p style=\"text-align: left;\"><span class=\"a-text-bold\">Die bequeme, leicht abwischbare, antimikrobielle Oberfl\u00e4che sorgt f\u00fcr ein lebenslanges intensives Training.<\/span><\/p>\n<p style=\"text-align: left;\"><span class=\"a-text-bold\">Das einzigartige, \u00e4sthetische und ergonomische Sitzpolster wurde speziell entwickelt, um dir in jeder Hinsicht einen robusten, aber gleichzeitig komfortablen Halt zu bieten.<\/span><\/p>\n\t\t\t<\/div>\n\t\t<\/div>\n\t<\/div>\n\t\n\t\t<\/div>\n\t\t\t\t\t<\/div>\n\n\t\n\n\t<div id=\"col-1777866699\" class=\"col medium-4 small-12 large-4\"  >\n\t\t\t\t<div class=\"col-inner\"  >\n\t\t\t\n\t\t\t\n\t<div class=\"box has-hover   has-hover box-text-bottom\" >\n\n\t\t<div class=\"box-image\" >\n\t\t\t\t\t\t<div class=\"\" >\n\t\t\t\t<img decoding=\"async\" width=\"601\" height=\"601\" src=\"https:\/\/last.bluefinfitness.com\/wp-content\/uploads\/2021\/02\/Lift_Web-Images-600x600px_DE_06.png\" class=\"attachment- size-\" alt=\"Bluefin 3d vibration plate\" srcset=\"https:\/\/last.bluefinfitness.com\/wp-content\/uploads\/2021\/02\/Lift_Web-Images-600x600px_DE_06.png 601w, https:\/\/last.bluefinfitness.com\/wp-content\/uploads\/2021\/02\/Lift_Web-Images-600x600px_DE_06-300x300.png 300w, https:\/\/last.bluefinfitness.com\/wp-content\/uploads\/2021\/02\/Lift_Web-Images-600x600px_DE_06-150x150.png 150w, https:\/\/last.bluefinfitness.com\/wp-content\/uploads\/2021\/02\/Lift_Web-Images-600x600px_DE_06-500x500.png 500w, https:\/\/last.bluefinfitness.com\/wp-content\/uploads\/2021\/02\/Lift_Web-Images-600x600px_DE_06-100x100.png 100w\" sizes=\"(max-width: 601px) 100vw, 601px\" \/>\t\t\t\t\t\t\t\t\t\t\t<\/div>\n\t\t\t\t\t<\/div>\n\n\t\t<div class=\"box-text text-center\" >\n\t\t\t<div class=\"box-text-inner\">\n\t\t\t\t\n<h4 class=\"a-spacing-mini\" style=\"text-align: left;\">Robustes Material<\/h4>\n<p style=\"text-align: left;\"><span class=\"a-text-bold\">Das strapazierf\u00e4hige Gestell besteht aus verzinktem Stahl, bei dem nichts wackelt oder lose sitzt. Das intelligente und sichere Verriegelungssystem bietet dir Sicherheit und erlaubt es dir somit, dein Training auf das n\u00e4chste Level zu bringen.<\/span><\/p>\n<p style=\"text-align: left;\"><span class=\"a-text-bold\">Die Griff- und Beinstangen verf\u00fcgen \u00fcber eine atmungsaktive Schaumpolsterung, die extrem haltbar ist.<\/span><\/p>\n<p style=\"text-align: left;\"><span class=\"a-text-bold\">Extra-breite, gummierte F\u00fc\u00dfe sorgen f\u00fcr zus\u00e4tzlichen Halt und Stabilit\u00e4t.<\/span><\/p>\n\t\t\t<\/div>\n\t\t<\/div>\n\t<\/div>\n\t\n\t\t<\/div>\n\t\t\t\t\t<\/div>\n\n\t\n<\/div>\n<div class=\"row row-small align-center\"  id=\"row-1533067887\">\n\n\t<div id=\"col-953120588\" class=\"col medium-4 small-12 large-4\"  >\n\t\t\t\t<div class=\"col-inner\"  >\n\t\t\t\n\t\t\t\n\t<div class=\"box has-hover   has-hover box-text-bottom\" >\n\n\t\t<div class=\"box-image\" >\n\t\t\t\t\t\t<div class=\"\" >\n\t\t\t\t<img decoding=\"async\" width=\"601\" height=\"601\" src=\"https:\/\/last.bluefinfitness.com\/wp-content\/uploads\/2021\/02\/Lift_Web-Images-600x600px_DE_09.png\" class=\"attachment- size-\" alt=\"Bluefin 3d vibration plate\" srcset=\"https:\/\/last.bluefinfitness.com\/wp-content\/uploads\/2021\/02\/Lift_Web-Images-600x600px_DE_09.png 601w, https:\/\/last.bluefinfitness.com\/wp-content\/uploads\/2021\/02\/Lift_Web-Images-600x600px_DE_09-300x300.png 300w, https:\/\/last.bluefinfitness.com\/wp-content\/uploads\/2021\/02\/Lift_Web-Images-600x600px_DE_09-150x150.png 150w, https:\/\/last.bluefinfitness.com\/wp-content\/uploads\/2021\/02\/Lift_Web-Images-600x600px_DE_09-500x500.png 500w, https:\/\/last.bluefinfitness.com\/wp-content\/uploads\/2021\/02\/Lift_Web-Images-600x600px_DE_09-100x100.png 100w\" sizes=\"(max-width: 601px) 100vw, 601px\" \/>\t\t\t\t\t\t\t\t\t\t\t<\/div>\n\t\t\t\t\t<\/div>\n\n\t\t<div class=\"box-text text-center\" >\n\t\t\t<div class=\"box-text-inner\">\n\t\t\t\t\n<h4 class=\"a-spacing-mini\" style=\"text-align: left;\">Steigungs-Position<\/h4>\n<p style=\"text-align: left;\">Stelle die Hantelbank ganz einfach in die Steigungsposition ein, um \u00dcbungen f\u00fcr Brust oder Arme wie Dr\u00fccken, Fliegen und Bizeps-Curls auszuf\u00fchren.<\/p>\n\t\t\t<\/div>\n\t\t<\/div>\n\t<\/div>\n\t\n\t\t<\/div>\n\t\t\t\t\t<\/div>\n\n\t\n\n\t<div id=\"col-1162025269\" class=\"col medium-4 small-12 large-4\"  >\n\t\t\t\t<div class=\"col-inner\"  >\n\t\t\t\n\t\t\t\n\t<div class=\"box has-hover   has-hover box-text-bottom\" >\n\n\t\t<div class=\"box-image\" >\n\t\t\t\t\t\t<div class=\"\" >\n\t\t\t\t<img decoding=\"async\" width=\"601\" height=\"601\" src=\"https:\/\/last.bluefinfitness.com\/wp-content\/uploads\/2021\/02\/Lift_Web-Images-600x600px_DE_10.png\" class=\"attachment- size-\" alt=\"Bluefin 3d vibration plate\" srcset=\"https:\/\/last.bluefinfitness.com\/wp-content\/uploads\/2021\/02\/Lift_Web-Images-600x600px_DE_10.png 601w, https:\/\/last.bluefinfitness.com\/wp-content\/uploads\/2021\/02\/Lift_Web-Images-600x600px_DE_10-300x300.png 300w, https:\/\/last.bluefinfitness.com\/wp-content\/uploads\/2021\/02\/Lift_Web-Images-600x600px_DE_10-150x150.png 150w, https:\/\/last.bluefinfitness.com\/wp-content\/uploads\/2021\/02\/Lift_Web-Images-600x600px_DE_10-500x500.png 500w, https:\/\/last.bluefinfitness.com\/wp-content\/uploads\/2021\/02\/Lift_Web-Images-600x600px_DE_10-100x100.png 100w\" sizes=\"(max-width: 601px) 100vw, 601px\" \/>\t\t\t\t\t\t\t\t\t\t\t<\/div>\n\t\t\t\t\t<\/div>\n\n\t\t<div class=\"box-text text-center\" >\n\t\t\t<div class=\"box-text-inner\">\n\t\t\t\t\n<h4 class=\"a-spacing-mini\" style=\"text-align: left;\">Flache Position<\/h4>\n<p style=\"text-align: left;\">Wechsle ganz einfach in die flache Position f\u00fcr aerobes Fitnesstraining und Bauchmuskel-\u00dcbungen. Verwende diese Hantelbank-Einstellung f\u00fcr Hip Thrusts, Pull-Overs, Kniebeugen und Ausfallschritte.<\/p>\n\t\t\t<\/div>\n\t\t<\/div>\n\t<\/div>\n\t\n\t\t<\/div>\n\t\t\t\t\t<\/div>\n\n\t\n\n\t<div id=\"col-1922522822\" class=\"col medium-4 small-12 large-4\"  >\n\t\t\t\t<div class=\"col-inner\"  >\n\t\t\t\n\t\t\t\n\t<div class=\"box has-hover   has-hover box-text-bottom\" >\n\n\t\t<div class=\"box-image\" >\n\t\t\t\t\t\t<div class=\"\" >\n\t\t\t\t<img decoding=\"async\" width=\"601\" height=\"601\" src=\"https:\/\/last.bluefinfitness.com\/wp-content\/uploads\/2021\/02\/Lift_Web-Images-600x600px_DE_11.png\" class=\"attachment- size-\" alt=\"Bluefin 3d vibration plate\" srcset=\"https:\/\/last.bluefinfitness.com\/wp-content\/uploads\/2021\/02\/Lift_Web-Images-600x600px_DE_11.png 601w, https:\/\/last.bluefinfitness.com\/wp-content\/uploads\/2021\/02\/Lift_Web-Images-600x600px_DE_11-300x300.png 300w, https:\/\/last.bluefinfitness.com\/wp-content\/uploads\/2021\/02\/Lift_Web-Images-600x600px_DE_11-150x150.png 150w, https:\/\/last.bluefinfitness.com\/wp-content\/uploads\/2021\/02\/Lift_Web-Images-600x600px_DE_11-500x500.png 500w, https:\/\/last.bluefinfitness.com\/wp-content\/uploads\/2021\/02\/Lift_Web-Images-600x600px_DE_11-100x100.png 100w\" sizes=\"(max-width: 601px) 100vw, 601px\" \/>\t\t\t\t\t\t\t\t\t\t\t<\/div>\n\t\t\t\t\t<\/div>\n\n\t\t<div class=\"box-text text-center\" >\n\t\t\t<div class=\"box-text-inner\">\n\t\t\t\t\n<h4 class=\"a-spacing-mini\" style=\"text-align: left;\">Neigungs-Position<\/h4>\n<p style=\"text-align: left;\">Senke die Hantelbank ab, um Crunches, Dr\u00fccken, Fliegende und R\u00fccken\u00fcbungen durchzuf\u00fchren.<\/p>\n\t\t\t<\/div>\n\t\t<\/div>\n\t<\/div>\n\t\n\t\t<\/div>\n\t\t\t\t\t<\/div>\n\n\t\n<\/div>\n\n\n<p><strong> &#8211; ABMESSUNGEN &#8211; <\/strong><br \/>\n165x67x54 cm (Modus 1: Absenkposition)<br \/>\n150x67x93cm (Modus 2: flache Position)<br \/>\n150x67x116cm (Modus 3: Neigungsposition)<br \/>\n&#8212;<br \/>\nGewicht: 16kg<\/p>\n<p><script src=\"https:\/\/widget.reviews.co.uk\/rich-snippet-reviews-widgets\/dist.js\"><\/script><\/p>\n<div id=\"carousel-inline-widget-810\" style=\"width: 100%; max-width: 1010px; margin: 0 auto;\"><\/div>\n<p><script>richSnippetReviewsWidgets('carousel-inline-widget-810', {store: 'bluefinfitness-com',widgetName: 'carousel-inline',primaryClr: '#f47e27',neutralClr: '#f4f4f4',reviewTextClr:'#2f2f2f',ratingTextClr:'#2f2f2f',layout:'fullWidth',numReviews: 21});<\/script><\/p>\n<div class=\"container section-title-container\" ><h3 class=\"section-title section-title-center\"><b><\/b><span class=\"section-title-main\" >Related Products<\/span><b><\/b><\/h3><\/div>\n<div class=\"woocommerce columns-4 \"><div class=\"products row row-small large-columns-4 medium-columns-3 small-columns-2 has-shadow row-box-shadow-2-hover\">\n<div class=\"product-small col has-hover product type-product post-20575 status-publish first instock product_cat-vibrationsgeraete has-post-thumbnail sale featured taxable shipping-taxable product-type-simple\">\n\t<div class=\"col-inner\">\n\t\n<div class=\"badge-container absolute left top z-1\">\n<div class=\"callout badge badge-circle\"><div class=\"badge-inner secondary on-sale\"><span class=\"onsale\">Angebot!<\/span><\/div><\/div>\n<\/div>\n\t<div class=\"product-small box \">\n\t\t<div class=\"box-image\">\n\t\t\t<div class=\"image-none\">\n\t\t\t\t<a href=\"https:\/\/last.bluefinfitness.com\/de\/3d-vibrationsplatten-web-exclusive\/\" aria-label=\"Bluefin Fitness Dual Motor 3D Vibrationsplatte\">\n\t\t\t\t\t<img decoding=\"async\" width=\"500\" height=\"500\" src=\"https:\/\/last.bluefinfitness.com\/wp-content\/uploads\/2018\/03\/61KgS2H3ZBS._AC_SL1000_-500x500.jpg\" class=\"attachment-woocommerce_thumbnail size-woocommerce_thumbnail\" alt=\"Bluefin 3d vibrationsplatte\" srcset=\"https:\/\/last.bluefinfitness.com\/wp-content\/uploads\/2018\/03\/61KgS2H3ZBS._AC_SL1000_-500x500.jpg 500w, https:\/\/last.bluefinfitness.com\/wp-content\/uploads\/2018\/03\/61KgS2H3ZBS._AC_SL1000_-400x400.jpg 400w, https:\/\/last.bluefinfitness.com\/wp-content\/uploads\/2018\/03\/61KgS2H3ZBS._AC_SL1000_-800x800.jpg 800w, https:\/\/last.bluefinfitness.com\/wp-content\/uploads\/2018\/03\/61KgS2H3ZBS._AC_SL1000_-280x280.jpg 280w, https:\/\/last.bluefinfitness.com\/wp-content\/uploads\/2018\/03\/61KgS2H3ZBS._AC_SL1000_-768x768.jpg 768w, https:\/\/last.bluefinfitness.com\/wp-content\/uploads\/2018\/03\/61KgS2H3ZBS._AC_SL1000_-100x100.jpg 100w, https:\/\/last.bluefinfitness.com\/wp-content\/uploads\/2018\/03\/61KgS2H3ZBS._AC_SL1000_.jpg 999w\" sizes=\"(max-width: 500px) 100vw, 500px\" \/>\t\t\t\t<\/a>\n\t\t\t<\/div>\n\t\t\t<div class=\"image-tools is-small top right show-on-hover\">\n\t\t\t\t\t\t\t<\/div>\n\t\t\t<div class=\"image-tools is-small hide-for-small bottom left show-on-hover\">\n\t\t\t\t\t\t\t<\/div>\n\t\t\t<div class=\"image-tools grid-tools text-center hide-for-small bottom hover-slide-in show-on-hover\">\n\t\t\t\t  <a class=\"quick-view\" data-prod=\"20575\" href=\"#quick-view\">Schnellansicht<\/a>\t\t\t<\/div>\n\t\t\t\t\t<\/div>\n\n\t\t<div class=\"box-text box-text-products\">\n\t\t\t<div class=\"title-wrapper\">\t\t<p class=\"category uppercase is-smaller no-text-overflow product-cat op-7\">\n\t\t\tVibrationsger\u00e4te\t\t<\/p>\n\t<p class=\"name product-title woocommerce-loop-product__title\"><a href=\"https:\/\/last.bluefinfitness.com\/de\/3d-vibrationsplatten-web-exclusive\/\" class=\"woocommerce-LoopProduct-link woocommerce-loop-product__link\">Bluefin Fitness Dual Motor 3D Vibrationsplatte<\/a><\/p><\/div><div class=\"price-wrapper\">\n\t<span class=\"price\"><del aria-hidden=\"true\"><span class=\"woocommerce-Price-amount amount\"><bdi>299,00<span class=\"woocommerce-Price-currencySymbol\">&euro;<\/span><\/bdi><\/span><\/del> <span class=\"screen-reader-text\">Urspr\u00fcnglicher Preis war: 299,00&euro;<\/span><ins aria-hidden=\"true\"><span class=\"woocommerce-Price-amount amount\"><bdi>149,00<span class=\"woocommerce-Price-currencySymbol\">&euro;<\/span><\/bdi><\/span><\/ins><span class=\"screen-reader-text\">Aktueller Preis ist: 149,00&euro;.<\/span><\/span>\n<\/div>\t\t<\/div>\n\t<\/div>\n\t\t<\/div>\n<\/div><div class=\"product-small col has-hover product type-product post-20589 status-publish instock product_cat-vibrationsgeraete has-post-thumbnail sale taxable shipping-taxable purchasable product-type-simple\">\n\t<div class=\"col-inner\">\n\t\n<div class=\"badge-container absolute left top z-1\">\n<div class=\"callout badge badge-circle\"><div class=\"badge-inner secondary on-sale\"><span class=\"onsale\">Angebot!<\/span><\/div><\/div>\n<\/div>\n\t<div class=\"product-small box \">\n\t\t<div class=\"box-image\">\n\t\t\t<div class=\"image-none\">\n\t\t\t\t<a href=\"https:\/\/last.bluefinfitness.com\/de\/ultra-slim-vibrationsplatten-web-exclusive\/\" aria-label=\"Bluefin Vibrationsplatte Ultra Slim\">\n\t\t\t\t\t<img decoding=\"async\" width=\"500\" height=\"500\" src=\"https:\/\/last.bluefinfitness.com\/wp-content\/uploads\/2016\/04\/ulra-slim-1-500x500.jpg\" class=\"attachment-woocommerce_thumbnail size-woocommerce_thumbnail\" alt=\"Bluefin ultra-slim vibrationsplatte\" srcset=\"https:\/\/last.bluefinfitness.com\/wp-content\/uploads\/2016\/04\/ulra-slim-1-500x500.jpg 500w, https:\/\/last.bluefinfitness.com\/wp-content\/uploads\/2016\/04\/ulra-slim-1-400x400.jpg 400w, https:\/\/last.bluefinfitness.com\/wp-content\/uploads\/2016\/04\/ulra-slim-1-800x800.jpg 800w, https:\/\/last.bluefinfitness.com\/wp-content\/uploads\/2016\/04\/ulra-slim-1-280x280.jpg 280w, https:\/\/last.bluefinfitness.com\/wp-content\/uploads\/2016\/04\/ulra-slim-1-768x768.jpg 768w, https:\/\/last.bluefinfitness.com\/wp-content\/uploads\/2016\/04\/ulra-slim-1-100x100.jpg 100w, https:\/\/last.bluefinfitness.com\/wp-content\/uploads\/2016\/04\/ulra-slim-1.jpg 999w\" sizes=\"(max-width: 500px) 100vw, 500px\" \/>\t\t\t\t<\/a>\n\t\t\t<\/div>\n\t\t\t<div class=\"image-tools is-small top right show-on-hover\">\n\t\t\t\t\t\t\t<\/div>\n\t\t\t<div class=\"image-tools is-small hide-for-small bottom left show-on-hover\">\n\t\t\t\t\t\t\t<\/div>\n\t\t\t<div class=\"image-tools grid-tools text-center hide-for-small bottom hover-slide-in show-on-hover\">\n\t\t\t\t  <a class=\"quick-view\" data-prod=\"20589\" href=\"#quick-view\">Schnellansicht<\/a>\t\t\t<\/div>\n\t\t\t\t\t<\/div>\n\n\t\t<div class=\"box-text box-text-products\">\n\t\t\t<div class=\"title-wrapper\">\t\t<p class=\"category uppercase is-smaller no-text-overflow product-cat op-7\">\n\t\t\tVibrationsger\u00e4te\t\t<\/p>\n\t<p class=\"name product-title woocommerce-loop-product__title\"><a href=\"https:\/\/last.bluefinfitness.com\/de\/ultra-slim-vibrationsplatten-web-exclusive\/\" class=\"woocommerce-LoopProduct-link woocommerce-loop-product__link\">Bluefin Vibrationsplatte Ultra Slim<\/a><\/p><\/div><div class=\"price-wrapper\"><div class=\"star-rating star-rating--inline\" role=\"img\" aria-label=\"Bewertet mit 5.00 von 5\"><span style=\"width:100%\">Bewertet mit <strong class=\"rating\">5.00<\/strong> von 5<\/span><\/div>\n\t<span class=\"price\"><del aria-hidden=\"true\"><span class=\"woocommerce-Price-amount amount\"><bdi>199,00<span class=\"woocommerce-Price-currencySymbol\">&euro;<\/span><\/bdi><\/span><\/del> <span class=\"screen-reader-text\">Urspr\u00fcnglicher Preis war: 199,00&euro;<\/span><ins aria-hidden=\"true\"><span class=\"woocommerce-Price-amount amount\"><bdi>149,25<span class=\"woocommerce-Price-currencySymbol\">&euro;<\/span><\/bdi><\/span><\/ins><span class=\"screen-reader-text\">Aktueller Preis ist: 149,25&euro;.<\/span><\/span>\n<\/div>\t\t<\/div>\n\t<\/div>\n\t\t<\/div>\n<\/div><div class=\"product-small col has-hover product type-product post-20566 status-publish instock product_cat-vibrationsgeraete has-post-thumbnail sale taxable shipping-taxable product-type-simple\">\n\t<div class=\"col-inner\">\n\t\n<div class=\"badge-container absolute left top z-1\">\n<div class=\"callout badge badge-circle\"><div class=\"badge-inner secondary on-sale\"><span class=\"onsale\">Angebot!<\/span><\/div><\/div>\n<\/div>\n\t<div class=\"product-small box \">\n\t\t<div class=\"box-image\">\n\t\t\t<div class=\"image-none\">\n\t\t\t\t<a href=\"https:\/\/last.bluefinfitness.com\/de\/vibrationsplatten-pro-web-exclusive\/\" aria-label=\"Bluefin Vibrationsplatte Pro\">\n\t\t\t\t\t<img decoding=\"async\" width=\"500\" height=\"500\" src=\"https:\/\/last.bluefinfitness.com\/wp-content\/uploads\/2018\/04\/3706318740788-2-MAIN-1-1-500x500.png\" class=\"attachment-woocommerce_thumbnail size-woocommerce_thumbnail\" alt=\"Bluefin ultra powerful vibrationsplatte pro\" srcset=\"https:\/\/last.bluefinfitness.com\/wp-content\/uploads\/2018\/04\/3706318740788-2-MAIN-1-1-500x500.png 500w, https:\/\/last.bluefinfitness.com\/wp-content\/uploads\/2018\/04\/3706318740788-2-MAIN-1-1-400x400.png 400w, https:\/\/last.bluefinfitness.com\/wp-content\/uploads\/2018\/04\/3706318740788-2-MAIN-1-1-800x800.png 800w, https:\/\/last.bluefinfitness.com\/wp-content\/uploads\/2018\/04\/3706318740788-2-MAIN-1-1-280x280.png 280w, https:\/\/last.bluefinfitness.com\/wp-content\/uploads\/2018\/04\/3706318740788-2-MAIN-1-1-768x768.png 768w, https:\/\/last.bluefinfitness.com\/wp-content\/uploads\/2018\/04\/3706318740788-2-MAIN-1-1-100x100.png 100w, https:\/\/last.bluefinfitness.com\/wp-content\/uploads\/2018\/04\/3706318740788-2-MAIN-1-1.png 1000w\" sizes=\"(max-width: 500px) 100vw, 500px\" \/>\t\t\t\t<\/a>\n\t\t\t<\/div>\n\t\t\t<div class=\"image-tools is-small top right show-on-hover\">\n\t\t\t\t\t\t\t<\/div>\n\t\t\t<div class=\"image-tools is-small hide-for-small bottom left show-on-hover\">\n\t\t\t\t\t\t\t<\/div>\n\t\t\t<div class=\"image-tools grid-tools text-center hide-for-small bottom hover-slide-in show-on-hover\">\n\t\t\t\t  <a class=\"quick-view\" data-prod=\"20566\" href=\"#quick-view\">Schnellansicht<\/a>\t\t\t<\/div>\n\t\t\t\t\t<\/div>\n\n\t\t<div class=\"box-text box-text-products\">\n\t\t\t<div class=\"title-wrapper\">\t\t<p class=\"category uppercase is-smaller no-text-overflow product-cat op-7\">\n\t\t\tVibrationsger\u00e4te\t\t<\/p>\n\t<p class=\"name product-title woocommerce-loop-product__title\"><a href=\"https:\/\/last.bluefinfitness.com\/de\/vibrationsplatten-pro-web-exclusive\/\" class=\"woocommerce-LoopProduct-link woocommerce-loop-product__link\">Bluefin Vibrationsplatte Pro<\/a><\/p><\/div><div class=\"price-wrapper\">\n\t<span class=\"price\"><del aria-hidden=\"true\"><span class=\"woocommerce-Price-amount amount\"><bdi>249,00<span class=\"woocommerce-Price-currencySymbol\">&euro;<\/span><\/bdi><\/span><\/del> <span class=\"screen-reader-text\">Urspr\u00fcnglicher Preis war: 249,00&euro;<\/span><ins aria-hidden=\"true\"><span class=\"woocommerce-Price-amount amount\"><bdi>186,75<span class=\"woocommerce-Price-currencySymbol\">&euro;<\/span><\/bdi><\/span><\/ins><span class=\"screen-reader-text\">Aktueller Preis ist: 186,75&euro;.<\/span><\/span>\n<\/div>\t\t<\/div>\n\t<\/div>\n\t\t<\/div>\n<\/div><\/div><!-- row -->\n<\/div>\n","protected":false},"excerpt":{"rendered":"<p class=\"tab\"><span style=\"font-size: 90%;\"><span style=\"color: #282828;\"><strong>MARKE &#8211; <\/strong>BLUEFIN<br \/>\n<strong>MODELL &#8211; <\/strong>Multi-funktionale, klappbare Hantelbank<strong><br \/>\nUNBEGRENZTE TRAININGS-M\u00d6GLICHKEITEN<\/strong>\u00a0&#8211;<\/span>Wechsle m\u00fchelos zwischen den verschiedenen Positionen umher (Steigung, Neigung, Flache Position, Hyper-Extension, Sit-up-Position &amp; Curl-Position).<\/span><br \/>\n<span style=\"font-size: 90%;\"><span style=\"color: #282828;\"><strong>EXZELLENTE MATERIAL-ROBUSTHEIT<\/strong>\u00a0&#8211;<\/span>Der strapazierf\u00e4hige Rahmen aus verzinktem Stahl verf\u00fcgt \u00fcber ein intelligentes und sicheres Verriegelungssystem, mit dem du die Grenzen deines Trainings \u00fcberschreiten kannst.<\/span><br \/>\n<span style=\"color: #282828; font-size: 90%;\"><strong>INNOVATIVE TECHNOLOGIE<\/strong> &#8211; <\/span>Wenig Platz? Kein Problem! Die Bluefin multi-funktionale Hantelbank l\u00e4sst sich in weniger als 20 Sekunden zusammenklappen und verstauen. Perfekt f\u00fcr kleinere Wohnungen und R\u00e4ume.<br \/>\n<span style=\"font-size: 90%;\"><span style=\"color: #282828;\"><strong>WASSERABWEISEND<\/strong>\u00a0&#8211;<\/span>Durch die wasserfeste EVA-Beschichtung h\u00e4lt deine Hantelbank ein Leben lang. Die komfortable, saubere, antimikrobielle EVA-Beschichtung erm\u00f6glicht dir lebenslang intensive Workouts.<br \/>\n<span style=\"color: #282828;\"><strong>ERGONOMISCHES DESIGN<\/strong>&#8211;<\/span>Das einzigartige, modische ergonomische Sitzpolster wurde speziell daf\u00fcr entwickelt, um dir in jeder Hinsicht eine feste, aber dennoch bequeme Polsterung zu bieten.<br \/>\n<\/span><\/p>\n","protected":false},"featured_media":643808,"comment_status":"closed","ping_status":"closed","template":"","meta":[],"product_cat":[118,1005],"product_tag":[],"_links":{"self":[{"href":"https:\/\/last.bluefinfitness.com\/de\/wp-json\/wp\/v2\/product\/21265"}],"collection":[{"href":"https:\/\/last.bluefinfitness.com\/de\/wp-json\/wp\/v2\/product"}],"about":[{"href":"https:\/\/last.bluefinfitness.com\/de\/wp-json\/wp\/v2\/types\/product"}],"replies":[{"embeddable":true,"href":"https:\/\/last.bluefinfitness.com\/de\/wp-json\/wp\/v2\/comments?post=21265"}],"wp:featuredmedia":[{"embeddable":true,"href":"https:\/\/last.bluefinfitness.com\/de\/wp-json\/wp\/v2\/media\/643808"}],"wp:attachment":[{"href":"https:\/\/last.bluefinfitness.com\/de\/wp-json\/wp\/v2\/media?parent=21265"}],"wp:term":[{"taxonomy":"product_cat","embeddable":true,"href":"https:\/\/last.bluefinfitness.com\/de\/wp-json\/wp\/v2\/product_cat?post=21265"},{"taxonomy":"product_tag","embeddable":true,"href":"https:\/\/last.bluefinfitness.com\/de\/wp-json\/wp\/v2\/product_tag?post=21265"}],"curies":[{"name":"wp","href":"https:\/\/api.w.org\/{rel}","templated":true}]}}