{"id":25201,"date":"2019-09-20T09:54:40","date_gmt":"2019-09-20T09:54:40","guid":{"rendered":"https:\/\/www.bluefinfitness.com\/product\/bluefin-fitness-blade-heim-gym-zusammenklappbares-rudergerat-anpassbarer-magnetischer-widerstand-8-x-intensitats-stufen-reibungsloser-riemenantriebe-digitale-lcd-fitness-konsole-smartphone-a\/"},"modified":"2022-11-19T11:22:01","modified_gmt":"2022-11-19T11:22:01","slug":"rudergerate-web-exclusive","status":"publish","type":"product","link":"https:\/\/last.bluefinfitness.com\/de\/rudergerate-web-exclusive\/","title":{"rendered":"Bluefin Blade Ruderger\u00e4t"},"content":{"rendered":"\t<div class=\"img has-hover x md-x lg-x y md-y lg-y\" id=\"image_1425324674\">\n\t\t\t\t\t\t\t\t<div class=\"img-inner dark\" >\n\t\t\t<img decoding=\"async\" width=\"970\" height=\"300\" src=\"https:\/\/last.bluefinfitness.com\/wp-content\/uploads\/2019\/10\/21b13b52-aab2-4117-b293-f8bbe11e6092.__CR00970300_PT0_SX970_V1___.png\" class=\"attachment-large size-large\" alt=\"Bluefin magnetisches ruderger\u00e4t\" srcset=\"https:\/\/last.bluefinfitness.com\/wp-content\/uploads\/2019\/10\/21b13b52-aab2-4117-b293-f8bbe11e6092.__CR00970300_PT0_SX970_V1___.png 970w, https:\/\/last.bluefinfitness.com\/wp-content\/uploads\/2019\/10\/21b13b52-aab2-4117-b293-f8bbe11e6092.__CR00970300_PT0_SX970_V1___-300x93.png 300w, https:\/\/last.bluefinfitness.com\/wp-content\/uploads\/2019\/10\/21b13b52-aab2-4117-b293-f8bbe11e6092.__CR00970300_PT0_SX970_V1___-768x238.png 768w, https:\/\/last.bluefinfitness.com\/wp-content\/uploads\/2019\/10\/21b13b52-aab2-4117-b293-f8bbe11e6092.__CR00970300_PT0_SX970_V1___-500x155.png 500w\" sizes=\"(max-width: 970px) 100vw, 970px\" \/>\t\t\t\t\t\t\n\t\t\t\t\t<\/div>\n\t\t\t\t\t\t\t\t\n<style>\n#image_1425324674 {\n  width: 100%;\n}\n<\/style>\n\t<\/div>\n\t\n\t<div id=\"gap-1303581525\" class=\"gap-element clearfix\" style=\"display:block; height:auto;\">\n\t\t\n<style>\n#gap-1303581525 {\n  padding-top: 30px;\n}\n<\/style>\n\t<\/div>\n\t\n<div class=\"row row-small align-center\"  id=\"row-360276460\">\n\n\t<div id=\"col-966327463\" class=\"col medium-4 small-12 large-4\"  >\n\t\t\t\t<div class=\"col-inner\"  >\n\t\t\t\n\t\t\t\n\t<div class=\"box has-hover   has-hover box-text-bottom\" >\n\n\t\t<div class=\"box-image\" >\n\t\t\t\t\t\t<div class=\"\" >\n\t\t\t\t<img decoding=\"async\" width=\"300\" height=\"300\" src=\"https:\/\/last.bluefinfitness.com\/wp-content\/uploads\/2019\/10\/37edba93-eb55-48e3-b399-c1c651a6e47a.__CR00300300_PT0_SX300_V1___.png\" class=\"attachment- size-\" alt=\"Bluefin magnetisches ruderger\u00e4t\" srcset=\"https:\/\/last.bluefinfitness.com\/wp-content\/uploads\/2019\/10\/37edba93-eb55-48e3-b399-c1c651a6e47a.__CR00300300_PT0_SX300_V1___.png 300w, https:\/\/last.bluefinfitness.com\/wp-content\/uploads\/2019\/10\/37edba93-eb55-48e3-b399-c1c651a6e47a.__CR00300300_PT0_SX300_V1___-150x150.png 150w, https:\/\/last.bluefinfitness.com\/wp-content\/uploads\/2019\/10\/37edba93-eb55-48e3-b399-c1c651a6e47a.__CR00300300_PT0_SX300_V1___-100x100.png 100w\" sizes=\"(max-width: 300px) 100vw, 300px\" \/>\t\t\t\t\t\t\t\t\t\t\t<\/div>\n\t\t\t\t\t<\/div>\n\n\t\t<div class=\"box-text text-center\" >\n\t\t\t<div class=\"box-text-inner\">\n\t\t\t\t\n<h4 style=\"text-align: left;\">Bluefin Fitness Blade 2.0 Ruderger\u00e4t<\/h4>\n<p style=\"text-align: left;\">Advanced Performance Ruderger\u00e4t: Das Blade 2.0 Ruderger\u00e4t ist die ideale Wahl f\u00fcr ein Ganzk\u00f6rper-Training in deinem Homegym. Baue Muskulatur auf, verbessere deine Herzkreislauf-Gesundheit &amp; st\u00e4rke deinen Oberk\u00f6rper mit einem vollst\u00e4ndigen Ruder-Workout. Durch das reibungslose Riemenantriebs-System &amp; durch die magnetische Widerstands-Kontrolle werden nat\u00fcrliche Ruderbewegungen simuliert.<\/p>\n\t\t\t<\/div>\n\t\t<\/div>\n\t<\/div>\n\t\n\t\t<\/div>\n\t\t\t\t\t<\/div>\n\n\t\n\n\t<div id=\"col-320648692\" class=\"col medium-4 small-12 large-4\"  >\n\t\t\t\t<div class=\"col-inner\"  >\n\t\t\t\n\t\t\t\n\t<div class=\"box has-hover   has-hover box-text-bottom\" >\n\n\t\t<div class=\"box-image\" >\n\t\t\t\t\t\t<div class=\"\" >\n\t\t\t\t<img decoding=\"async\" width=\"300\" height=\"300\" src=\"https:\/\/last.bluefinfitness.com\/wp-content\/uploads\/2019\/10\/4b364c03-f5d0-4486-9b1a-ba6cda6657aa.__CR00300300_PT0_SX300_V1___.png\" class=\"attachment- size-\" alt=\"Bluefin magnetisches ruderger\u00e4t\" srcset=\"https:\/\/last.bluefinfitness.com\/wp-content\/uploads\/2019\/10\/4b364c03-f5d0-4486-9b1a-ba6cda6657aa.__CR00300300_PT0_SX300_V1___.png 300w, https:\/\/last.bluefinfitness.com\/wp-content\/uploads\/2019\/10\/4b364c03-f5d0-4486-9b1a-ba6cda6657aa.__CR00300300_PT0_SX300_V1___-150x150.png 150w, https:\/\/last.bluefinfitness.com\/wp-content\/uploads\/2019\/10\/4b364c03-f5d0-4486-9b1a-ba6cda6657aa.__CR00300300_PT0_SX300_V1___-100x100.png 100w\" sizes=\"(max-width: 300px) 100vw, 300px\" \/>\t\t\t\t\t\t\t\t\t\t\t<\/div>\n\t\t\t\t\t<\/div>\n\n\t\t<div class=\"box-text text-center\" >\n\t\t\t<div class=\"box-text-inner\">\n\t\t\t\t\n<h4 style=\"text-align: left;\">Magnet-Widerstand + Stopp-System<\/h4>\n<p style=\"text-align: left;\">Kabellose Magnet-Technologie: Die intuitive Magnet-Widerstands-Kontrolle bietet 8 unterschiedliche Intensit\u00e4ts-Stufen. Trainiere in einer f\u00fcr dich geeigneten Geschwindigkeit &amp; verbessere im Laufe der Zeit deine F\u00e4higkeit. Das Widerstands-Kontroll-System bietet eine nat\u00fcrliche Stopp-Funktion f\u00fcr deine perfekte Regenerations-Technik.<\/p>\n\t\t\t<\/div>\n\t\t<\/div>\n\t<\/div>\n\t\n\t\t<\/div>\n\t\t\t\t\t<\/div>\n\n\t\n\n\t<div id=\"col-813889469\" class=\"col medium-4 small-12 large-4\"  >\n\t\t\t\t<div class=\"col-inner\"  >\n\t\t\t\n\t\t\t\n\t<div class=\"box has-hover   has-hover box-text-bottom\" >\n\n\t\t<div class=\"box-image\" >\n\t\t\t\t\t\t<div class=\"\" >\n\t\t\t\t<img decoding=\"async\" width=\"300\" height=\"300\" src=\"https:\/\/last.bluefinfitness.com\/wp-content\/uploads\/2019\/10\/f78f1cc6-3e17-474a-9733-d065a1c2bc1f.__CR00300300_PT0_SX300_V1___.png\" class=\"attachment- size-\" alt=\"Bluefin magnetisches ruderger\u00e4t\" srcset=\"https:\/\/last.bluefinfitness.com\/wp-content\/uploads\/2019\/10\/f78f1cc6-3e17-474a-9733-d065a1c2bc1f.__CR00300300_PT0_SX300_V1___.png 300w, https:\/\/last.bluefinfitness.com\/wp-content\/uploads\/2019\/10\/f78f1cc6-3e17-474a-9733-d065a1c2bc1f.__CR00300300_PT0_SX300_V1___-150x150.png 150w, https:\/\/last.bluefinfitness.com\/wp-content\/uploads\/2019\/10\/f78f1cc6-3e17-474a-9733-d065a1c2bc1f.__CR00300300_PT0_SX300_V1___-100x100.png 100w\" sizes=\"(max-width: 300px) 100vw, 300px\" \/>\t\t\t\t\t\t\t\t\t\t\t<\/div>\n\t\t\t\t\t<\/div>\n\n\t\t<div class=\"box-text text-center\" >\n\t\t\t<div class=\"box-text-inner\">\n\t\t\t\t\n<h4 style=\"text-align: left;\">Optimaler Neigungswinkel von 10\u00b0 + Reibungsloser Riemenantrieb<\/h4>\n<p style=\"text-align: left;\">Reibungsloses Ruder-Erlebnis: Durch den optimierten Neigungswinkel von 10\u00b0 erh\u00e4ltst du eine zus\u00e4tzliche Widerstandsstufe f\u00fcr die Ruderphase, ohne dabei die Erholungsphase zu beeintr\u00e4chtigen. Der reibungslose Riemenantrieb erm\u00f6glicht ein fl\u00fcsterleises Trainingserlebnis mit nat\u00fcrlichen Ruderbewegungen. Profitiere von allen Vorteilen, ohne dich dabei nass zu machen.<\/p>\n\t\t\t<\/div>\n\t\t<\/div>\n\t<\/div>\n\t\n\t\t<\/div>\n\t\t\t\t\t<\/div>\n\n\t\n<\/div>\n<div class=\"row row-small align-center\"  id=\"row-788920591\">\n\n\t<div id=\"col-2078448395\" class=\"col medium-4 small-12 large-4\"  >\n\t\t\t\t<div class=\"col-inner\"  >\n\t\t\t\n\t\t\t\n\t<div class=\"box has-hover   has-hover box-text-bottom\" >\n\n\t\t<div class=\"box-image\" >\n\t\t\t\t\t\t<div class=\"\" >\n\t\t\t\t<img decoding=\"async\" width=\"300\" height=\"300\" src=\"https:\/\/last.bluefinfitness.com\/wp-content\/uploads\/2019\/10\/a1ae5744-2f47-404d-882c-223cda976020.__CR00300300_PT0_SX300_V1___.png\" class=\"attachment- size-\" alt=\"Bluefin magnetisches ruderger\u00e4t\" srcset=\"https:\/\/last.bluefinfitness.com\/wp-content\/uploads\/2019\/10\/a1ae5744-2f47-404d-882c-223cda976020.__CR00300300_PT0_SX300_V1___.png 300w, https:\/\/last.bluefinfitness.com\/wp-content\/uploads\/2019\/10\/a1ae5744-2f47-404d-882c-223cda976020.__CR00300300_PT0_SX300_V1___-150x150.png 150w, https:\/\/last.bluefinfitness.com\/wp-content\/uploads\/2019\/10\/a1ae5744-2f47-404d-882c-223cda976020.__CR00300300_PT0_SX300_V1___-100x100.png 100w\" sizes=\"(max-width: 300px) 100vw, 300px\" \/>\t\t\t\t\t\t\t\t\t\t\t<\/div>\n\t\t\t\t\t<\/div>\n\n\t\t<div class=\"box-text text-center\" >\n\t\t\t<div class=\"box-text-inner\">\n\t\t\t\t\n<h4 style=\"text-align: left;\">Integrierte Smartphone &amp; Tablet Fitness-App<\/h4>\n<p style=\"text-align: left;\">Smarte Technologie: Die Fitnessdaten-App ist bereits voreingestellt und kann mit deinem Smartphone oder Tablet synchronisiert werden. Analysiere &amp; verfolge dein Rudertraining und deine Fortschritte, indem du Geschwindigkeit, Ruderschl\u00e4ge pro Minute, Distanz, Zeit &amp; verbrannte Kalorieren misst. Du kannst deine Daten teilen &amp; mit Freunden \u00fcber die sozialen Medien in den Wettbewerb treten, um die Grenzen deiner Fitness-Ziele zu verschieben.<\/p>\n\t\t\t<\/div>\n\t\t<\/div>\n\t<\/div>\n\t\n\t\t<\/div>\n\t\t\t\t\t<\/div>\n\n\t\n\n\t<div id=\"col-362275632\" class=\"col medium-4 small-12 large-4\"  >\n\t\t\t\t<div class=\"col-inner\"  >\n\t\t\t\n\t\t\t\n\t<div class=\"box has-hover   has-hover box-text-bottom\" >\n\n\t\t<div class=\"box-image\" >\n\t\t\t\t\t\t<div class=\"\" >\n\t\t\t\t<img decoding=\"async\" width=\"300\" height=\"300\" src=\"https:\/\/last.bluefinfitness.com\/wp-content\/uploads\/2019\/10\/b15165d8-7723-4ba5-a668-85fbbcc350de.__CR00300300_PT0_SX300_V1___.png\" class=\"attachment- size-\" alt=\"Bluefin magnetisches ruderger\u00e4t\" srcset=\"https:\/\/last.bluefinfitness.com\/wp-content\/uploads\/2019\/10\/b15165d8-7723-4ba5-a668-85fbbcc350de.__CR00300300_PT0_SX300_V1___.png 300w, https:\/\/last.bluefinfitness.com\/wp-content\/uploads\/2019\/10\/b15165d8-7723-4ba5-a668-85fbbcc350de.__CR00300300_PT0_SX300_V1___-150x150.png 150w, https:\/\/last.bluefinfitness.com\/wp-content\/uploads\/2019\/10\/b15165d8-7723-4ba5-a668-85fbbcc350de.__CR00300300_PT0_SX300_V1___-100x100.png 100w\" sizes=\"(max-width: 300px) 100vw, 300px\" \/>\t\t\t\t\t\t\t\t\t\t\t<\/div>\n\t\t\t\t\t<\/div>\n\n\t\t<div class=\"box-text text-center\" >\n\t\t\t<div class=\"box-text-inner\">\n\t\t\t\t\n<h4 class=\"a-spacing-mini\" style=\"text-align: left;\">Ganzk\u00f6rper-Training: Geringe &amp; Hohe Intensit\u00e4t<\/h4>\n<p style=\"text-align: left;\">Ganzk\u00f6rper-Training mit jedem Ruderschlag: Rudern erm\u00f6glicht es dir, alle Muskelgruppen deines K\u00f6rpers in geringer und hoher Intensit\u00e4t zu trainieren. Verbessere deine Herzkreislauf-Gesundheit, trainiere deine Ausdauerf\u00e4higkeit, verbrenne Kalorien &amp; baue Muskulatur auf &#8211; und zwar alles gleichzeitig. Durch Ruder-Bewegungen erreichst du deine Fitness-Herausforderungen und -Ziele auf besondere und unterhaltsame Art und Weise. Zudem kannst du dein Training variieren und durch eine breite Anzahl an sitzenden und stehenden Trainingsm\u00f6glichkeiten dein Trainings noch einzigartiger gestalten, um das Beste aus deinem Ruderger\u00e4t herauszuholen.<\/p>\n\t\t\t<\/div>\n\t\t<\/div>\n\t<\/div>\n\t\n\t\t<\/div>\n\t\t\t\t\t<\/div>\n\n\t\n\n\t<div id=\"col-868845762\" class=\"col medium-4 small-12 large-4\"  >\n\t\t\t\t<div class=\"col-inner\"  >\n\t\t\t\n\t\t\t\n\t<div class=\"box has-hover   has-hover box-text-bottom\" >\n\n\t\t<div class=\"box-image\" >\n\t\t\t\t\t\t<div class=\"\" >\n\t\t\t\t<img decoding=\"async\" width=\"300\" height=\"300\" src=\"https:\/\/last.bluefinfitness.com\/wp-content\/uploads\/2019\/10\/b6046900-3cd9-4c3b-8ade-fa47452f5fca.__CR00300300_PT0_SX300_V1___.png\" class=\"attachment- size-\" alt=\"Bluefin magnetisches ruderger\u00e4t\" srcset=\"https:\/\/last.bluefinfitness.com\/wp-content\/uploads\/2019\/10\/b6046900-3cd9-4c3b-8ade-fa47452f5fca.__CR00300300_PT0_SX300_V1___.png 300w, https:\/\/last.bluefinfitness.com\/wp-content\/uploads\/2019\/10\/b6046900-3cd9-4c3b-8ade-fa47452f5fca.__CR00300300_PT0_SX300_V1___-150x150.png 150w, https:\/\/last.bluefinfitness.com\/wp-content\/uploads\/2019\/10\/b6046900-3cd9-4c3b-8ade-fa47452f5fca.__CR00300300_PT0_SX300_V1___-100x100.png 100w\" sizes=\"(max-width: 300px) 100vw, 300px\" \/>\t\t\t\t\t\t\t\t\t\t\t<\/div>\n\t\t\t\t\t<\/div>\n\n\t\t<div class=\"box-text text-center\" >\n\t\t\t<div class=\"box-text-inner\">\n\t\t\t\t\n<h4 style=\"text-align: left;\">Anheben &amp; Kippen: Ganz leicht verstaubar<\/h4>\n<p style=\"text-align: left;\">Anheben &amp; Kippen: Das Ruderger\u00e4t l\u00e4sst sich ganz leicht anheben &amp; kompakt verstauen, wenn es gerade nicht gebraucht wird. Hebe das Ruderger\u00e4t einfach an und kippe es. Die Schiene l\u00e4sst sich nun nach oben oberhalb des stabilen und schweren Rahmens klappen. Gepolsterte Unterlagen sch\u00fctzen deinen Fu\u00dfboden und die F\u00fc\u00dfe lassen sich ebenfalls zusammenklappen, um noch mehr Platz zu sparen.<\/p>\n\t\t\t<\/div>\n\t\t<\/div>\n\t<\/div>\n\t\n\t\t<\/div>\n\t\t\t\t\t<\/div>\n\n\t\n<\/div>\n<div class=\"row row-small align-center\"  id=\"row-1886521825\">\n\n\t<div id=\"col-1155114059\" class=\"col medium-3 small-12 large-3\"  >\n\t\t\t\t<div class=\"col-inner\"  >\n\t\t\t\n\t\t\t\n\t<div class=\"box has-hover   has-hover box-text-bottom\" >\n\n\t\t<div class=\"box-image\" >\n\t\t\t\t\t\t<div class=\"\" >\n\t\t\t\t<img decoding=\"async\" width=\"220\" height=\"220\" src=\"https:\/\/last.bluefinfitness.com\/wp-content\/uploads\/2019\/09\/b83d902f-a2ca-4247-afef-791e563e2f84.__CR00220220_PT0_SX220_V1___.png\" class=\"attachment- size-\" alt=\"Bluefin magnetisches ruderger\u00e4t\" srcset=\"https:\/\/last.bluefinfitness.com\/wp-content\/uploads\/2019\/09\/b83d902f-a2ca-4247-afef-791e563e2f84.__CR00220220_PT0_SX220_V1___.png 220w, https:\/\/last.bluefinfitness.com\/wp-content\/uploads\/2019\/09\/b83d902f-a2ca-4247-afef-791e563e2f84.__CR00220220_PT0_SX220_V1___-150x150.png 150w, https:\/\/last.bluefinfitness.com\/wp-content\/uploads\/2019\/09\/b83d902f-a2ca-4247-afef-791e563e2f84.__CR00220220_PT0_SX220_V1___-100x100.png 100w\" sizes=\"(max-width: 220px) 100vw, 220px\" \/>\t\t\t\t\t\t\t\t\t\t\t<\/div>\n\t\t\t\t\t<\/div>\n\n\t\t<div class=\"box-text text-center\" >\n\t\t\t<div class=\"box-text-inner\">\n\t\t\t\t\n<h4 style=\"text-align: left;\">Ergonomische Handgriffe<\/h4>\n<p style=\"text-align: left;\">Bieten einen festen Halt: Durch die schaumgepolsterten Handgriffe hast du immer alles fest im Griff. Die extra-breite Haltestange ist f\u00fcr alle K\u00f6rpergr\u00f6\u00dfen geeignet.<\/p>\n\t\t\t<\/div>\n\t\t<\/div>\n\t<\/div>\n\t\n\t\t<\/div>\n\t\t\t\t\t<\/div>\n\n\t\n\n\t<div id=\"col-806630652\" class=\"col medium-3 small-12 large-3\"  >\n\t\t\t\t<div class=\"col-inner\"  >\n\t\t\t\n\t\t\t\n\t<div class=\"box has-hover   has-hover box-text-bottom\" >\n\n\t\t<div class=\"box-image\" >\n\t\t\t\t\t\t<div class=\"\" >\n\t\t\t\t<img decoding=\"async\" width=\"220\" height=\"220\" src=\"https:\/\/last.bluefinfitness.com\/wp-content\/uploads\/2019\/09\/ed421aed-ff39-4a23-85ce-81b094ef945c.__CR00220220_PT0_SX220_V1___.png\" class=\"attachment- size-\" alt=\"Bluefin magnetisches ruderger\u00e4t\" srcset=\"https:\/\/last.bluefinfitness.com\/wp-content\/uploads\/2019\/09\/ed421aed-ff39-4a23-85ce-81b094ef945c.__CR00220220_PT0_SX220_V1___.png 220w, https:\/\/last.bluefinfitness.com\/wp-content\/uploads\/2019\/09\/ed421aed-ff39-4a23-85ce-81b094ef945c.__CR00220220_PT0_SX220_V1___-150x150.png 150w, https:\/\/last.bluefinfitness.com\/wp-content\/uploads\/2019\/09\/ed421aed-ff39-4a23-85ce-81b094ef945c.__CR00220220_PT0_SX220_V1___-100x100.png 100w\" sizes=\"(max-width: 220px) 100vw, 220px\" \/>\t\t\t\t\t\t\t\t\t\t\t<\/div>\n\t\t\t\t\t<\/div>\n\n\t\t<div class=\"box-text text-center\" >\n\t\t\t<div class=\"box-text-inner\">\n\t\t\t\t\n<h4 style=\"text-align: left;\">Sichere und rutschfeste Fu\u00dfpedale<\/h4>\n<p style=\"text-align: left;\">Mit den F\u00fc\u00dfen voran: Die starken und sicher verschraubten Fu\u00dfplatten bewegen sich mit und verf\u00fcgen \u00fcber ein anpassbares Klettverschluss-System sowie \u00fcber eine dynamische und rutschfeste Fu\u00df-Aufstellfl\u00e4che.<\/p>\n\t\t\t<\/div>\n\t\t<\/div>\n\t<\/div>\n\t\n\t\t<\/div>\n\t\t\t\t\t<\/div>\n\n\t\n\n\t<div id=\"col-764880395\" class=\"col medium-3 small-12 large-3\"  >\n\t\t\t\t<div class=\"col-inner\"  >\n\t\t\t\n\t\t\t\n\t<div class=\"box has-hover   has-hover box-text-bottom\" >\n\n\t\t<div class=\"box-image\" >\n\t\t\t\t\t\t<div class=\"\" >\n\t\t\t\t<img decoding=\"async\" width=\"220\" height=\"220\" src=\"https:\/\/last.bluefinfitness.com\/wp-content\/uploads\/2019\/09\/16cff04c-e23c-4a08-a9db-cbbb1fca912d.__CR00220220_PT0_SX220_V1___.png\" class=\"attachment- size-\" alt=\"Bluefin magnetisches ruderger\u00e4t\" srcset=\"https:\/\/last.bluefinfitness.com\/wp-content\/uploads\/2019\/09\/16cff04c-e23c-4a08-a9db-cbbb1fca912d.__CR00220220_PT0_SX220_V1___.png 220w, https:\/\/last.bluefinfitness.com\/wp-content\/uploads\/2019\/09\/16cff04c-e23c-4a08-a9db-cbbb1fca912d.__CR00220220_PT0_SX220_V1___-150x150.png 150w, https:\/\/last.bluefinfitness.com\/wp-content\/uploads\/2019\/09\/16cff04c-e23c-4a08-a9db-cbbb1fca912d.__CR00220220_PT0_SX220_V1___-100x100.png 100w\" sizes=\"(max-width: 220px) 100vw, 220px\" \/>\t\t\t\t\t\t\t\t\t\t\t<\/div>\n\t\t\t\t\t<\/div>\n\n\t\t<div class=\"box-text text-center\" >\n\t\t\t<div class=\"box-text-inner\">\n\t\t\t\t\n<h4 style=\"text-align: left;\">Multifunktions-Konsole &amp; LCD-Display<\/h4>\n<p style=\"text-align: left;\">Digitale Konsole: Das LCD-Display erm\u00f6glicht es dir, dein Training in Echtzeit mit Hilfe von Statistiken und Daten nachzuverfolgen (Geschwindigkeit, Zeit, Distanz, verbrannte Kalorien und Ruderschl\u00e4ge pro Minute). Nutze die integrierte Smartphone-App, um noch mehr Funktionalit\u00e4ten zu erhalten.<\/p>\n\t\t\t<\/div>\n\t\t<\/div>\n\t<\/div>\n\t\n\t\t<\/div>\n\t\t\t\t\t<\/div>\n\n\t\n\n\t<div id=\"col-399240595\" class=\"col medium-3 small-12 large-3\"  >\n\t\t\t\t<div class=\"col-inner\"  >\n\t\t\t\n\t\t\t\n\t<div class=\"box has-hover   has-hover box-text-bottom\" >\n\n\t\t<div class=\"box-image\" >\n\t\t\t\t\t\t<div class=\"\" >\n\t\t\t\t<img decoding=\"async\" width=\"220\" height=\"220\" src=\"https:\/\/last.bluefinfitness.com\/wp-content\/uploads\/2019\/09\/7ed98d24-ca07-4824-8bd5-3c70d9a5a095.__CR00220220_PT0_SX220_V1___.png\" class=\"attachment- size-\" alt=\"Bluefin magnetisches ruderger\u00e4t\" srcset=\"https:\/\/last.bluefinfitness.com\/wp-content\/uploads\/2019\/09\/7ed98d24-ca07-4824-8bd5-3c70d9a5a095.__CR00220220_PT0_SX220_V1___.png 220w, https:\/\/last.bluefinfitness.com\/wp-content\/uploads\/2019\/09\/7ed98d24-ca07-4824-8bd5-3c70d9a5a095.__CR00220220_PT0_SX220_V1___-150x150.png 150w, https:\/\/last.bluefinfitness.com\/wp-content\/uploads\/2019\/09\/7ed98d24-ca07-4824-8bd5-3c70d9a5a095.__CR00220220_PT0_SX220_V1___-100x100.png 100w\" sizes=\"(max-width: 220px) 100vw, 220px\" \/>\t\t\t\t\t\t\t\t\t\t\t<\/div>\n\t\t\t\t\t<\/div>\n\n\t\t<div class=\"box-text text-center\" >\n\t\t\t<div class=\"box-text-inner\">\n\t\t\t\t\n<h4 style=\"text-align: left;\">Smartphone &amp; Tablet St\u00e4nder \/ Halter<\/h4>\n<p style=\"text-align: left;\">Zus\u00e4tzliche Funktionalit\u00e4t: Hole noch mehr aus Deinem Training heraus mit der FitShow-App. Alternativ m\u00f6chtest Du dir vielleicht einen Film anschauen oder Dein Smartphone w\u00e4hrend des Trainings nutzen. M\u00f6glich wird dies mit dem eingebauten St\u00e4nder \/ Halter der speziell f\u00fcr Dein Smartphone und Tablet konzipiert wurde.<\/p>\n\t\t\t<\/div>\n\t\t<\/div>\n\t<\/div>\n\t\n\t\t<\/div>\n\t\t\t\t\t<\/div>\n\n\t\n<\/div>\n<div class=\"row row-small align-center\"  id=\"row-564387055\">\n\n\t<div id=\"col-1106897067\" class=\"col medium-7 small-12 large-7\"  >\n\t\t\t\t<div class=\"col-inner\"  >\n\t\t\t\n\t\t\t\n<h2>Bluefin Fitness Blade 2.0 Ruderger\u00e4t<\/h2>\n<h3 class=\"thin-font\">Kompakt &amp; h\u00f6chste Qualit\u00e4t f\u00fcr den kommerziellen Gebrauch<\/h3>\n<p>Vertraue Bluefin Fitness f\u00fcr die besten Trainingsger\u00e4te f\u00fcr dein Zuhause. Das Bluefin Blade 2.0 Ruderger\u00e4t bietet dir ein realistisches Ruder-Erlebnis f\u00fcr dein Heim-Gym. Das Ruderger\u00e4t wird teilweise zusammengebaut geliefert &amp; verf\u00fcgt \u00fcber die neuesten Design-Funktionen. Du kannst das Ruderger\u00e4t ganz leicht verstauen, wenn du es gerade nicht benutzt, indem du das Hauptteil sanft anhebst. Dieses rotiert auf seiner eigenen Achse &amp; und kann aufrecht stehen.<\/p>\n<p>Mit dem Ger\u00e4t simulierst du mit Hilfe des reibungslosen Riemenantriebs nat\u00fcrliche Ruderbewegungen &amp; optimaler Neigungswinke von 10\u00b0. Das Rudertraining trainiert den gesamten K\u00f6rper: baue Muskulatur auf &amp; verbessere deine Ausdauerf\u00e4higkeit per Ganzk\u00f6rpertraining. Kombiniere Bauch-\u00dcbungen mit Ausdauertraining.<\/p>\n<p>Mit der von digitalen LCD-Fitness-Konsole kannst du Zeit, Distanz, verbrannte Kalorien und &amp; Ruderschl\u00e4ge pro Minute messen. Fitness-Daten-App f\u00fcr mobile Ger\u00e4te oder Tablets. Die App l\u00e4sst sich via Bluetooth verbinden, um dein Workout im Laufe der Zeit mit Hilfe deines eigenen digitalen Fitness-Dashboards zu analysieren und nachzuverfolgen.<\/p>\n\t\t<\/div>\n\t\t\t\t\t<\/div>\n\n\t\n\n\t<div id=\"col-306411399\" class=\"col medium-5 small-12 large-5\"  >\n\t\t\t\t<div class=\"col-inner\"  >\n\t\t\t\n\t\t\t\n\t<div class=\"img has-hover x md-x lg-x y md-y lg-y\" id=\"image_826384475\">\n\t\t\t\t\t\t\t\t<div class=\"img-inner dark\" >\n\t\t\t<img decoding=\"async\" width=\"299\" height=\"186\" src=\"https:\/\/last.bluefinfitness.com\/wp-content\/uploads\/2019\/09\/921e8bb4-8879-4788-987d-74d936d8749e.__CR00300300_PT0_SX300_V1___-1.png\" class=\"attachment-large size-large\" alt=\"Bluefin magnetisches ruderger\u00e4t\" \/>\t\t\t\t\t\t\n\t\t\t\t\t<\/div>\n\t\t\t\t\t\t\t\t\n<style>\n#image_826384475 {\n  width: 70%;\n}\n<\/style>\n\t<\/div>\n\t\n<h4>Spezifikationen:<\/h4>\n<ul>\n<li>Kabellose Magnet-Technologie<\/li>\n<li>Magnetischer Widerstand + Stopp-System<\/li>\n<li>8 x verschiedene Intensit\u00e4tsstufen\/li&gt;<\/li>\n<li>Reibungsloses Riemenantriebs-System<\/li>\n<li>Ergonomische Handgriffe<\/li>\n<li>Rutschfeste Fu\u00df-Pedale<\/li>\n<li>Gepolsterter und sicherer Gleitsitz<\/li>\n<li>Display: LCD-display + Smartphone- \/ Tablet-Abstellfl\u00e4che<\/li>\n<li>Das maximale Benutzergewicht betr\u00e4gt 100 kg<\/li>\n<\/ul>\n\t\t<\/div>\n\t\t\t\t\t<\/div>\n\n\t\n<\/div>\n<div class=\"row row-small align-center\"  id=\"row-1436832148\">\n\n\t<div id=\"col-1056370385\" class=\"col medium-6 small-12 large-6\"  >\n\t\t\t\t<div class=\"col-inner\"  >\n\t\t\t\n\t\t\t\n<p><b>&#8212;&#8211; Wichtigste Eigenschaften &#8212;&#8211; <\/b><\/p>\n<p>\u2713 Mobile-\/Tablet-App f\u00fcr Fitness-Daten mit eingebauten Programmen, kompatibel mit sozialen Netzwerken<br \/>\n\u2713 Von hinten beleuchtete, digitale LCD-Fitness-Konsole<br \/>\n\u2713 F\u00fcr den kommerziellen Bereich<br \/>\n\u2713 Innovatives Klapp-Design 74,5 cm x 166 cm x 51 cm<br \/>\n\u2713 10% optimaler Neigungswinkel<br \/>\n\u2713 Reibungsloser Riemenantrieb<br \/>\n\u2713 Magnetischer Widerstand &amp; Stop<br \/>\n\u2713 Ergonomische Haltegriffe<br \/>\n\u2713 Sichere, rutschfeste Fu\u00dfpedale<br \/>\n\u2713 Gepolsterte Sitzfl\u00e4che<\/p>\n\t\t<\/div>\n\t\t\t\t\t<\/div>\n\n\t\n\n\t<div id=\"col-141079154\" class=\"col medium-6 small-12 large-6\"  >\n\t\t\t\t<div class=\"col-inner\"  >\n\t\t\t\n\t\t\t\n<p><b>&#8212;&#8212; In der box &#8212;&#8212; <\/b><\/p>\n<p>\u279c Bluefin Fitness Blade 2.0 Magnetisches Ruderger\u00e4t<br \/>\n\u279c Bedienungsanleitung<br \/>\n\u279c Werkzeug-Kit f\u00fcr Instandhaltung &amp; Aufbau&gt;<\/p>\n<p><b>Klicke auf &#8220;In den Warenkorb&#8221; und werde noch heute mit Bluefin fit!<\/b><\/p>\n\t\t<\/div>\n\t\t\t\t\t<\/div>\n\n\t\n<\/div>\n","protected":false},"excerpt":{"rendered":"<ul>\n<li>REIBUNGSLOSER RIEMENANTRIEB: Simuliert nat\u00fcrliche Ruderbewegungen. Trainiere deinen Bauch und profitiere von den gesundheitlichen Vorteilen des Rudersports, ohne dabei nass zu werden. Der optimale Neigungswinkel von 10\u00b0 bietet einen zus\u00e4tzlichen Widerstand, ohne Erholungsphase zu beeintr\u00e4chtigen.<\/li>\n<li>MAGNETISCHER WIDERSTAND &amp; STOP-SYSTEM: 8 x Intensit\u00e4ts-Stufenkontrolle f\u00fcr alle Fitness-Niveaus. W\u00e4hle das f\u00fcr dich geeignete Fitnesslevel aus &amp; steigere den Widerstand im Laufe der Zeit, wenn sich dein Fitness-Zustand verbessert.<\/li>\n<li>SMARTPHONE-APP: Kompatibel mit Fitness-App, sodass du dein Training in Echtzeit aufnehmen und analysieren kannst. Dein Mobiltelefon kannst du auf der Ablage platzieren \/ inkl. Ablagefl\u00e4che in Augenh\u00f6he.<\/li>\n<li>LCD-DISPLAY: Mit dem von multi-funktionalen LCD-Display kannst du ganz einfach Zeit, Distanz, verbrannte Kalorien &amp; Ruderschl\u00e4ge pro Minute messen. Bringe dich selbst an deine Grenze &amp; komme deinen Trainingszielen immer n\u00e4her.<\/li>\n<li>BEQUEMES TRAINING: Durch ergonomische Haltegriffe, rutschfeste und sichere Fu\u00dfpedale sowie eine gepolsterte Sitzfl\u00e4che ist dein Heim-Fitnessger\u00e4t besonders angenehm zu benutzen.<\/li>\n<\/ul>\n","protected":false},"featured_media":644862,"comment_status":"open","ping_status":"closed","template":"","meta":[],"product_cat":[118,1015],"product_tag":[],"_links":{"self":[{"href":"https:\/\/last.bluefinfitness.com\/de\/wp-json\/wp\/v2\/product\/25201"}],"collection":[{"href":"https:\/\/last.bluefinfitness.com\/de\/wp-json\/wp\/v2\/product"}],"about":[{"href":"https:\/\/last.bluefinfitness.com\/de\/wp-json\/wp\/v2\/types\/product"}],"replies":[{"embeddable":true,"href":"https:\/\/last.bluefinfitness.com\/de\/wp-json\/wp\/v2\/comments?post=25201"}],"wp:featuredmedia":[{"embeddable":true,"href":"https:\/\/last.bluefinfitness.com\/de\/wp-json\/wp\/v2\/media\/644862"}],"wp:attachment":[{"href":"https:\/\/last.bluefinfitness.com\/de\/wp-json\/wp\/v2\/media?parent=25201"}],"wp:term":[{"taxonomy":"product_cat","embeddable":true,"href":"https:\/\/last.bluefinfitness.com\/de\/wp-json\/wp\/v2\/product_cat?post=25201"},{"taxonomy":"product_tag","embeddable":true,"href":"https:\/\/last.bluefinfitness.com\/de\/wp-json\/wp\/v2\/product_tag?post=25201"}],"curies":[{"name":"wp","href":"https:\/\/api.w.org\/{rel}","templated":true}]}}