{"id":25384,"date":"2019-10-01T15:29:10","date_gmt":"2019-10-01T15:29:10","guid":{"rendered":"https:\/\/www.bluefinfitness.com\/?post_type=product&#038;p=25384"},"modified":"2022-11-22T05:56:34","modified_gmt":"2022-11-22T05:56:34","slug":"crosstrainer-ellipsentrainer-web-exclusive","status":"publish","type":"product","link":"https:\/\/last.bluefinfitness.com\/de\/crosstrainer-ellipsentrainer-web-exclusive\/","title":{"rendered":"Bluefin Curv 3.0 Ellipsentrainer"},"content":{"rendered":"\t<div class=\"img has-hover x md-x lg-x y md-y lg-y\" id=\"image_1235827123\">\n\t\t\t\t\t\t\t\t<div class=\"img-inner dark\" >\n\t\t\t<img decoding=\"async\" width=\"970\" height=\"300\" src=\"https:\/\/last.bluefinfitness.com\/wp-content\/uploads\/2019\/10\/335d3eb7-f644-4887-9bed-ce33dfe50b31.__CR00970300_PT0_SX970_V1___.png\" class=\"attachment-large size-large\" alt=\"Bluefin ellipsentrainer\" srcset=\"https:\/\/last.bluefinfitness.com\/wp-content\/uploads\/2019\/10\/335d3eb7-f644-4887-9bed-ce33dfe50b31.__CR00970300_PT0_SX970_V1___.png 970w, https:\/\/last.bluefinfitness.com\/wp-content\/uploads\/2019\/10\/335d3eb7-f644-4887-9bed-ce33dfe50b31.__CR00970300_PT0_SX970_V1___-300x93.png 300w, https:\/\/last.bluefinfitness.com\/wp-content\/uploads\/2019\/10\/335d3eb7-f644-4887-9bed-ce33dfe50b31.__CR00970300_PT0_SX970_V1___-768x238.png 768w, https:\/\/last.bluefinfitness.com\/wp-content\/uploads\/2019\/10\/335d3eb7-f644-4887-9bed-ce33dfe50b31.__CR00970300_PT0_SX970_V1___-500x155.png 500w\" sizes=\"(max-width: 970px) 100vw, 970px\" \/>\t\t\t\t\t\t\n\t\t\t\t\t<\/div>\n\t\t\t\t\t\t\t\t\n<style>\n#image_1235827123 {\n  width: 100%;\n}\n<\/style>\n\t<\/div>\n\t\n\t<div id=\"gap-1889693144\" class=\"gap-element clearfix\" style=\"display:block; height:auto;\">\n\t\t\n<style>\n#gap-1889693144 {\n  padding-top: 30px;\n}\n<\/style>\n\t<\/div>\n\t\n<div class=\"row row-small align-center\"  id=\"row-349590301\">\n\n\t<div id=\"col-1217265668\" class=\"col medium-4 small-12 large-4\"  >\n\t\t\t\t<div class=\"col-inner\"  >\n\t\t\t\n\t\t\t\n\t<div class=\"box has-hover   has-hover box-text-bottom\" >\n\n\t\t<div class=\"box-image\" >\n\t\t\t\t\t\t<div class=\"\" >\n\t\t\t\t<img decoding=\"async\" width=\"300\" height=\"300\" src=\"https:\/\/last.bluefinfitness.com\/wp-content\/uploads\/2019\/10\/b2d80498-daea-47cd-9f34-992104f85464.__CR00300300_PT0_SX300_V1___.png\" class=\"attachment- size-\" alt=\"Bluefin ellipsentrainer\" srcset=\"https:\/\/last.bluefinfitness.com\/wp-content\/uploads\/2019\/10\/b2d80498-daea-47cd-9f34-992104f85464.__CR00300300_PT0_SX300_V1___.png 300w, https:\/\/last.bluefinfitness.com\/wp-content\/uploads\/2019\/10\/b2d80498-daea-47cd-9f34-992104f85464.__CR00300300_PT0_SX300_V1___-150x150.png 150w, https:\/\/last.bluefinfitness.com\/wp-content\/uploads\/2019\/10\/b2d80498-daea-47cd-9f34-992104f85464.__CR00300300_PT0_SX300_V1___-100x100.png 100w\" sizes=\"(max-width: 300px) 100vw, 300px\" \/>\t\t\t\t\t\t\t\t\t\t\t<\/div>\n\t\t\t\t\t<\/div>\n\n\t\t<div class=\"box-text text-center\" >\n\t\t\t<div class=\"box-text-inner\">\n\t\t\t\t\n<h4 style=\"text-align: left;\">Bluefin Fitness Curv 3.0 Crosstrainer<\/h4>\n<p style=\"text-align: left;\">Ellipsentrainer mit neuster Technologie: Verbessere Deine Ausdauer und Deine Cardio-Leistung mit dem Ellipsentrainer Curv 3.0. Baue Muskeln auf und verbrenne Kalorien mit einem Training, dass deine Gelenke weniger belastet als ein traditionelles Laufband. 12x automatische Trainingsprogramme und 16x manuelle Widerstandsstufen erm\u00f6glichen Dir langsamem Gehen, Cross-Country-Laufen und Sprinten zu simulieren.<\/p>\n<p style=\"text-align: left;\">Der Curv 3.0 verbessert Dein Gleichgewicht und bietet ein hervorragendes Konditionstraining nach Verletzungen. Trainiere deinen Ober- und Unterk\u00f6rper gleichzeitig und profitiere von fortschrittlichen Funktionen wie dem autarken und fl\u00fcsterleisen Antriebssystem. .<\/p>\n\t\t\t<\/div>\n\t\t<\/div>\n\t<\/div>\n\t\n\t\t<\/div>\n\t\t\t\t\t<\/div>\n\n\t\n\n\t<div id=\"col-2058888589\" class=\"col medium-4 small-12 large-4\"  >\n\t\t\t\t<div class=\"col-inner\"  >\n\t\t\t\n\t\t\t\n\t<div class=\"box has-hover   has-hover box-text-bottom\" >\n\n\t\t<div class=\"box-image\" >\n\t\t\t\t\t\t<div class=\"\" >\n\t\t\t\t<img decoding=\"async\" width=\"300\" height=\"300\" src=\"https:\/\/last.bluefinfitness.com\/wp-content\/uploads\/2019\/10\/b41028cb-9932-4577-976f-dbcd85f92fa7.__CR00300300_PT0_SX300_V1___.png\" class=\"attachment- size-\" alt=\"Bluefin ellipsentrainer\" srcset=\"https:\/\/last.bluefinfitness.com\/wp-content\/uploads\/2019\/10\/b41028cb-9932-4577-976f-dbcd85f92fa7.__CR00300300_PT0_SX300_V1___.png 300w, https:\/\/last.bluefinfitness.com\/wp-content\/uploads\/2019\/10\/b41028cb-9932-4577-976f-dbcd85f92fa7.__CR00300300_PT0_SX300_V1___-150x150.png 150w, https:\/\/last.bluefinfitness.com\/wp-content\/uploads\/2019\/10\/b41028cb-9932-4577-976f-dbcd85f92fa7.__CR00300300_PT0_SX300_V1___-100x100.png 100w\" sizes=\"(max-width: 300px) 100vw, 300px\" \/>\t\t\t\t\t\t\t\t\t\t\t<\/div>\n\t\t\t\t\t<\/div>\n\n\t\t<div class=\"box-text text-center\" >\n\t\t\t<div class=\"box-text-inner\">\n\t\t\t\t\n<h4 style=\"text-align: left;\">Leises 14 Kg Schwungrad<\/h4>\n<p style=\"text-align: left;\">Fl\u00fcsterleise &amp; Fl\u00fcssige Bewegung:<br \/>\nDie 14 Kg schwere Schwungmasse sorgt f\u00fcr eine fl\u00fcssige und nat\u00fcrliche Bewegung mit langen Schritten. Das leise Antriebssystem ist vollst\u00e4ndig autark und verf\u00fcgt \u00fcber eine sichere Magnetbremse, mit der Du ganz einfach zum Stillstand kommen kannst.<br \/>\nDer Curv 3.0 ist das gr\u00f6\u00dfere Modell unserer Ellipsentrainer und erm\u00f6glicht Dir, noch gr\u00f6\u00dfere Schritte zu machen als zuvor.<\/p>\n\t\t\t<\/div>\n\t\t<\/div>\n\t<\/div>\n\t\n\t\t<\/div>\n\t\t\t\t\t<\/div>\n\n\t\n\n\t<div id=\"col-732335503\" class=\"col medium-4 small-12 large-4\"  >\n\t\t\t\t<div class=\"col-inner\"  >\n\t\t\t\n\t\t\t\n\t<div class=\"box has-hover   has-hover box-text-bottom\" >\n\n\t\t<div class=\"box-image\" >\n\t\t\t\t\t\t<div class=\"\" >\n\t\t\t\t<img decoding=\"async\" width=\"300\" height=\"300\" src=\"https:\/\/last.bluefinfitness.com\/wp-content\/uploads\/2019\/10\/4372058a-01e2-4bbf-bee0-1e0059d74f61.__CR00300300_PT0_SX300_V1___.png\" class=\"attachment- size-\" alt=\"Bluefin ellipsentrainer\" srcset=\"https:\/\/last.bluefinfitness.com\/wp-content\/uploads\/2019\/10\/4372058a-01e2-4bbf-bee0-1e0059d74f61.__CR00300300_PT0_SX300_V1___.png 300w, https:\/\/last.bluefinfitness.com\/wp-content\/uploads\/2019\/10\/4372058a-01e2-4bbf-bee0-1e0059d74f61.__CR00300300_PT0_SX300_V1___-150x150.png 150w, https:\/\/last.bluefinfitness.com\/wp-content\/uploads\/2019\/10\/4372058a-01e2-4bbf-bee0-1e0059d74f61.__CR00300300_PT0_SX300_V1___-100x100.png 100w\" sizes=\"(max-width: 300px) 100vw, 300px\" \/>\t\t\t\t\t\t\t\t\t\t\t<\/div>\n\t\t\t\t\t<\/div>\n\n\t\t<div class=\"box-text text-center\" >\n\t\t\t<div class=\"box-text-inner\">\n\t\t\t\t\n<h4 style=\"text-align: left;\">Optimale Bewegung + Schutz der Gelenke<\/h4>\n<p style=\"text-align: left;\">Gelenkschonendes Training: Das hintere Schwungrad sorgt f\u00fcr ein besseres Gleiten und garantiert eine geringe Belastung und einen ruckfreien Schutz f\u00fcr die Gelenke. Die flie\u00dfende Bewegung bietet Dir alle Vorteile eines regelm\u00e4\u00dfigen Kardiotrainings, ohne dass Deine H\u00fcfte, Knie und Kn\u00f6chel stark beansprucht werden.<br \/>\nWenn Du nach einer Verletzung mit dem Training beginnst und Deine Herz-Kreislauf-Gesundheit aufrechterhalten m\u00f6chten, ist der Curv 3.0 eine ausgezeichnete Wahl und perfekte Erg\u00e4nzung f\u00fcr Dein Heim-Fitnessstudio.<\/p>\n\t\t\t<\/div>\n\t\t<\/div>\n\t<\/div>\n\t\n\t\t<\/div>\n\t\t\t\t\t<\/div>\n\n\t\n<\/div>\n<div class=\"row row-small align-center\"  id=\"row-6059750\">\n\n\t<div id=\"col-569720822\" class=\"col medium-4 small-12 large-4\"  >\n\t\t\t\t<div class=\"col-inner\"  >\n\t\t\t\n\t\t\t\n\t<div class=\"box has-hover   has-hover box-text-bottom\" >\n\n\t\t<div class=\"box-image\" >\n\t\t\t\t\t\t<div class=\"\" >\n\t\t\t\t<img decoding=\"async\" width=\"300\" height=\"300\" src=\"https:\/\/last.bluefinfitness.com\/wp-content\/uploads\/2019\/10\/5fb86163-9259-4f0b-81a3-d8e421d5de4c.__CR00300300_PT0_SX300_V1___.png\" class=\"attachment- size-\" alt=\"Bluefin ellipsentrainer\" srcset=\"https:\/\/last.bluefinfitness.com\/wp-content\/uploads\/2019\/10\/5fb86163-9259-4f0b-81a3-d8e421d5de4c.__CR00300300_PT0_SX300_V1___.png 300w, https:\/\/last.bluefinfitness.com\/wp-content\/uploads\/2019\/10\/5fb86163-9259-4f0b-81a3-d8e421d5de4c.__CR00300300_PT0_SX300_V1___-150x150.png 150w, https:\/\/last.bluefinfitness.com\/wp-content\/uploads\/2019\/10\/5fb86163-9259-4f0b-81a3-d8e421d5de4c.__CR00300300_PT0_SX300_V1___-100x100.png 100w\" sizes=\"(max-width: 300px) 100vw, 300px\" \/>\t\t\t\t\t\t\t\t\t\t\t<\/div>\n\t\t\t\t\t<\/div>\n\n\t\t<div class=\"box-text text-center\" >\n\t\t\t<div class=\"box-text-inner\">\n\t\t\t\t\n<h4 style=\"text-align: left;\">Integrierte Smartphone &amp; Tablet Fitness App<\/h4>\n<p style=\"text-align: left;\">Smart Tech: Die E-Health Fitness App ist f\u00fcr die Synchronisierung mit deinem Handy oder Tablet-Ger\u00e4t voreingestellt. Verfolge und analysiere dein Training, indem du Geschwindigkeit, Entfernung, Zeit, Herzfrequenz und Kalorienverbrauch misst. Du kannst deine Daten auch \u00fcber Social Media teilen und mit Freunden in Wettbewerb treten, um so \u00fcber deine Fitnessziele noch hinauszugehen.<\/p>\n\t\t\t<\/div>\n\t\t<\/div>\n\t<\/div>\n\t\n\t\t<\/div>\n\t\t\t\t\t<\/div>\n\n\t\n\n\t<div id=\"col-1845996149\" class=\"col medium-4 small-12 large-4\"  >\n\t\t\t\t<div class=\"col-inner\"  >\n\t\t\t\n\t\t\t\n\t<div class=\"box has-hover   has-hover box-text-bottom\" >\n\n\t\t<div class=\"box-image\" >\n\t\t\t\t\t\t<div class=\"\" >\n\t\t\t\t<img decoding=\"async\" width=\"300\" height=\"300\" src=\"https:\/\/last.bluefinfitness.com\/wp-content\/uploads\/2019\/10\/4bc54e17-ffdd-4d26-9c2a-fcb84c20c337.__CR00300300_PT0_SX300_V1___.png\" class=\"attachment- size-\" alt=\"Bluefin ellipsentrainer\" srcset=\"https:\/\/last.bluefinfitness.com\/wp-content\/uploads\/2019\/10\/4bc54e17-ffdd-4d26-9c2a-fcb84c20c337.__CR00300300_PT0_SX300_V1___.png 300w, https:\/\/last.bluefinfitness.com\/wp-content\/uploads\/2019\/10\/4bc54e17-ffdd-4d26-9c2a-fcb84c20c337.__CR00300300_PT0_SX300_V1___-150x150.png 150w, https:\/\/last.bluefinfitness.com\/wp-content\/uploads\/2019\/10\/4bc54e17-ffdd-4d26-9c2a-fcb84c20c337.__CR00300300_PT0_SX300_V1___-100x100.png 100w\" sizes=\"(max-width: 300px) 100vw, 300px\" \/>\t\t\t\t\t\t\t\t\t\t\t<\/div>\n\t\t\t\t\t<\/div>\n\n\t\t<div class=\"box-text text-center\" >\n\t\t\t<div class=\"box-text-inner\">\n\t\t\t\t\n<h4 class=\"a-spacing-mini\" style=\"text-align: left;\">Ganzk\u00f6rpertraining: Geringe Belastung und hohe Intensit\u00e4t<\/h4>\n<p style=\"text-align: left;\">Komplettes Training &#8211; mit jedem Schritt: Elliptisches Crosstraining bietet Dir ein Training mit geringer Belastung f\u00fcr Knochen und Gelenke aber hoher Intensit\u00e4t, das all Muskelgruppen deines K\u00f6rpers einbezieht Verbessere deine kardiovaskul\u00e4re Gesundheit, steigere deine Ausdauer, verbrenne Kalorien und baue Muskeln auf &#8211; alles gleichzeitig. Eine fantastische Alternative zu regul\u00e4ren Lauf\u00fcbungen und mit noch gr\u00f6\u00dferen Vorteilen f\u00fcr deine Gesundheit.<\/p>\n\t\t\t<\/div>\n\t\t<\/div>\n\t<\/div>\n\t\n\t\t<\/div>\n\t\t\t\t\t<\/div>\n\n\t\n\n\t<div id=\"col-1248369326\" class=\"col medium-4 small-12 large-4\"  >\n\t\t\t\t<div class=\"col-inner\"  >\n\t\t\t\n\t\t\t\n\t<div class=\"box has-hover   has-hover box-text-bottom\" >\n\n\t\t<div class=\"box-image\" >\n\t\t\t\t\t\t<div class=\"\" >\n\t\t\t\t<img decoding=\"async\" width=\"300\" height=\"300\" src=\"https:\/\/last.bluefinfitness.com\/wp-content\/uploads\/2019\/10\/e337d45e-2ded-4014-88c4-31422557854c.__CR00300300_PT0_SX300_V1___.png\" class=\"attachment- size-\" alt=\"Bluefin ellipsentrainer\" srcset=\"https:\/\/last.bluefinfitness.com\/wp-content\/uploads\/2019\/10\/e337d45e-2ded-4014-88c4-31422557854c.__CR00300300_PT0_SX300_V1___.png 300w, https:\/\/last.bluefinfitness.com\/wp-content\/uploads\/2019\/10\/e337d45e-2ded-4014-88c4-31422557854c.__CR00300300_PT0_SX300_V1___-150x150.png 150w, https:\/\/last.bluefinfitness.com\/wp-content\/uploads\/2019\/10\/e337d45e-2ded-4014-88c4-31422557854c.__CR00300300_PT0_SX300_V1___-100x100.png 100w\" sizes=\"(max-width: 300px) 100vw, 300px\" \/>\t\t\t\t\t\t\t\t\t\t\t<\/div>\n\t\t\t\t\t<\/div>\n\n\t\t<div class=\"box-text text-center\" >\n\t\t\t<div class=\"box-text-inner\">\n\t\t\t\t\n<h4 style=\"text-align: left;\">Herzfrequenzkontrolle (HRC) + Pulsmesser<\/h4>\n<p style=\"text-align: left;\">\u201cA total ellipse of the heart\u201c: Im HRC-Modus kannst du die gew\u00fcnschte Herzfrequenz und dein gew\u00fcnschtes Training nach deinen W\u00fcnschen einstellen. Die Widerstandsstufe wird vom Computer automatisch angepasst. Der Pulsmesser innen am Lenker zeichnet deine Pulsfrequenz w\u00e4hrend des Trainings genau auf.<\/p>\n\t\t\t<\/div>\n\t\t<\/div>\n\t<\/div>\n\t\n\t\t<\/div>\n\t\t\t\t\t<\/div>\n\n\t\n<\/div>\n<div class=\"row row-small align-center\"  id=\"row-197039982\">\n\n\t<div id=\"col-1200198341\" class=\"col medium-3 small-12 large-3\"  >\n\t\t\t\t<div class=\"col-inner\"  >\n\t\t\t\n\t\t\t\n\t<div class=\"box has-hover   has-hover box-text-bottom\" >\n\n\t\t<div class=\"box-image\" >\n\t\t\t\t\t\t<div class=\"\" >\n\t\t\t\t<img decoding=\"async\" width=\"220\" height=\"220\" src=\"https:\/\/last.bluefinfitness.com\/wp-content\/uploads\/2019\/10\/2627f3bd-9e4c-4b71-bad3-8824883fa8f0.__CR00220220_PT0_SX220_V1___.png\" class=\"attachment- size-\" alt=\"Bluefin ellipsentrainer\" srcset=\"https:\/\/last.bluefinfitness.com\/wp-content\/uploads\/2019\/10\/2627f3bd-9e4c-4b71-bad3-8824883fa8f0.__CR00220220_PT0_SX220_V1___.png 220w, https:\/\/last.bluefinfitness.com\/wp-content\/uploads\/2019\/10\/2627f3bd-9e4c-4b71-bad3-8824883fa8f0.__CR00220220_PT0_SX220_V1___-150x150.png 150w, https:\/\/last.bluefinfitness.com\/wp-content\/uploads\/2019\/10\/2627f3bd-9e4c-4b71-bad3-8824883fa8f0.__CR00220220_PT0_SX220_V1___-100x100.png 100w\" sizes=\"(max-width: 220px) 100vw, 220px\" \/>\t\t\t\t\t\t\t\t\t\t\t<\/div>\n\t\t\t\t\t<\/div>\n\n\t\t<div class=\"box-text text-center\" >\n\t\t\t<div class=\"box-text-inner\">\n\t\t\t\t\n<h4 style=\"text-align: left;\">Ergonomischer Doppelgriff<\/h4>\n<p style=\"text-align: left;\">\u201eMix it up\u201c: Konzentriere dich auf die oberen, abdominalen und unteren Muskelgruppen, indem Du die Handposition w\u00e4hrend des Trainings variierst. Du kannst mit Armen und Beinen synchron trainieren oder den inneren Lenker greifen, um einen Abschluss-Sprint hinzulegen.<\/p>\n\t\t\t<\/div>\n\t\t<\/div>\n\t<\/div>\n\t\n\t\t<\/div>\n\t\t\t\t\t<\/div>\n\n\t\n\n\t<div id=\"col-933215456\" class=\"col medium-3 small-12 large-3\"  >\n\t\t\t\t<div class=\"col-inner\"  >\n\t\t\t\n\t\t\t\n\t<div class=\"box has-hover   has-hover box-text-bottom\" >\n\n\t\t<div class=\"box-image\" >\n\t\t\t\t\t\t<div class=\"\" >\n\t\t\t\t<img decoding=\"async\" width=\"220\" height=\"220\" src=\"https:\/\/last.bluefinfitness.com\/wp-content\/uploads\/2019\/10\/da59a0a0-03ec-4a40-b7df-6037ced8a087.__CR00220220_PT0_SX220_V1___.png\" class=\"attachment- size-\" alt=\"Bluefin ellipsentrainer\" srcset=\"https:\/\/last.bluefinfitness.com\/wp-content\/uploads\/2019\/10\/da59a0a0-03ec-4a40-b7df-6037ced8a087.__CR00220220_PT0_SX220_V1___.png 220w, https:\/\/last.bluefinfitness.com\/wp-content\/uploads\/2019\/10\/da59a0a0-03ec-4a40-b7df-6037ced8a087.__CR00220220_PT0_SX220_V1___-150x150.png 150w, https:\/\/last.bluefinfitness.com\/wp-content\/uploads\/2019\/10\/da59a0a0-03ec-4a40-b7df-6037ced8a087.__CR00220220_PT0_SX220_V1___-100x100.png 100w\" sizes=\"(max-width: 220px) 100vw, 220px\" \/>\t\t\t\t\t\t\t\t\t\t\t<\/div>\n\t\t\t\t\t<\/div>\n\n\t\t<div class=\"box-text text-center\" >\n\t\t\t<div class=\"box-text-inner\">\n\t\t\t\t\n<h4 style=\"text-align: left;\">Extra breite XL Rutschsichere Fu\u00dfpedale<\/h4>\n<p style=\"text-align: left;\">Sicherheit und Variation: Die rutschfesten dynamischen Pedale sind extra breit, sodass Du Schritt und K\u00f6rperhaltung nach deinen W\u00fcnschen variieren kannst.<\/p>\n\t\t\t<\/div>\n\t\t<\/div>\n\t<\/div>\n\t\n\t\t<\/div>\n\t\t\t\t\t<\/div>\n\n\t\n\n\t<div id=\"col-607668840\" class=\"col medium-3 small-12 large-3\"  >\n\t\t\t\t<div class=\"col-inner\"  >\n\t\t\t\n\t\t\t\n\t<div class=\"box has-hover   has-hover box-text-bottom\" >\n\n\t\t<div class=\"box-image\" >\n\t\t\t\t\t\t<div class=\"\" >\n\t\t\t\t<img decoding=\"async\" width=\"220\" height=\"220\" src=\"https:\/\/last.bluefinfitness.com\/wp-content\/uploads\/2019\/10\/6e06445a-2890-46f6-92f3-71ebba82c662.__CR00220220_PT0_SX220_V1___.png\" class=\"attachment- size-\" alt=\"Bluefin ellipsentrainer\" srcset=\"https:\/\/last.bluefinfitness.com\/wp-content\/uploads\/2019\/10\/6e06445a-2890-46f6-92f3-71ebba82c662.__CR00220220_PT0_SX220_V1___.png 220w, https:\/\/last.bluefinfitness.com\/wp-content\/uploads\/2019\/10\/6e06445a-2890-46f6-92f3-71ebba82c662.__CR00220220_PT0_SX220_V1___-150x150.png 150w, https:\/\/last.bluefinfitness.com\/wp-content\/uploads\/2019\/10\/6e06445a-2890-46f6-92f3-71ebba82c662.__CR00220220_PT0_SX220_V1___-100x100.png 100w\" sizes=\"(max-width: 220px) 100vw, 220px\" \/>\t\t\t\t\t\t\t\t\t\t\t<\/div>\n\t\t\t\t\t<\/div>\n\n\t\t<div class=\"box-text text-center\" >\n\t\t\t<div class=\"box-text-inner\">\n\t\t\t\t\n<h4 style=\"text-align: left;\">Multifunktionale Fitnesskonsole und LCD-Display<\/h4>\n<p style=\"text-align: left;\">Digitale Fitnesskonsole: Auf dem hintergrundbeleuchteten LCD-Display kannst du dein Training in Echtzeit mit Statistiken und Daten genau mitverfolgen und Geschwindigkeit, Zeit, Entfernung, Puls und Kalorienverbrauch, \u00fcberwachen. Nutze die integrierte Smartphone-App f\u00fcr zus\u00e4tzliche Funktionen.<\/p>\n\t\t\t<\/div>\n\t\t<\/div>\n\t<\/div>\n\t\n\t\t<\/div>\n\t\t\t\t\t<\/div>\n\n\t\n\n\t<div id=\"col-1126709275\" class=\"col medium-3 small-12 large-3\"  >\n\t\t\t\t<div class=\"col-inner\"  >\n\t\t\t\n\t\t\t\n\t<div class=\"box has-hover   has-hover box-text-bottom\" >\n\n\t\t<div class=\"box-image\" >\n\t\t\t\t\t\t<div class=\"\" >\n\t\t\t\t<img decoding=\"async\" width=\"220\" height=\"220\" src=\"https:\/\/last.bluefinfitness.com\/wp-content\/uploads\/2019\/10\/93a7ee14-237b-4202-bb2f-cd738c4548a6.__CR00220220_PT0_SX220_V1___.png\" class=\"attachment- size-\" alt=\"Bluefin ellipsentrainer\" srcset=\"https:\/\/last.bluefinfitness.com\/wp-content\/uploads\/2019\/10\/93a7ee14-237b-4202-bb2f-cd738c4548a6.__CR00220220_PT0_SX220_V1___.png 220w, https:\/\/last.bluefinfitness.com\/wp-content\/uploads\/2019\/10\/93a7ee14-237b-4202-bb2f-cd738c4548a6.__CR00220220_PT0_SX220_V1___-150x150.png 150w, https:\/\/last.bluefinfitness.com\/wp-content\/uploads\/2019\/10\/93a7ee14-237b-4202-bb2f-cd738c4548a6.__CR00220220_PT0_SX220_V1___-100x100.png 100w\" sizes=\"(max-width: 220px) 100vw, 220px\" \/>\t\t\t\t\t\t\t\t\t\t\t<\/div>\n\t\t\t\t\t<\/div>\n\n\t\t<div class=\"box-text text-center\" >\n\t\t\t<div class=\"box-text-inner\">\n\t\t\t\t\n<h4 style=\"text-align: left;\">Smartphone &amp; Tablet Halterung<\/h4>\n<p style=\"text-align: left;\">Zus\u00e4tzliche Funktionalit\u00e4t: Hole noch mehr aus deinem Training heraus, indem du \u00fcber die E-Health App dein Training mitverfolgst. Alternativ kannst Du dir einen Film ansehen oder dein Smartphone w\u00e4hrend des Trainings nutzen. All dies wird durch die eingebaute Halterung erm\u00f6glicht, die speziell f\u00fcr Dein Smartphone und Tablet entwickelt wurde.<\/p>\n\t\t\t<\/div>\n\t\t<\/div>\n\t<\/div>\n\t\n\t\t<\/div>\n\t\t\t\t\t<\/div>\n\n\t\n<\/div>\n<div class=\"row row-small align-center\"  id=\"row-1397671581\">\n\n\t<div id=\"col-893762325\" class=\"col medium-7 small-12 large-7\"  >\n\t\t\t\t<div class=\"col-inner\"  >\n\t\t\t\n\t\t\t\n<h2>Bluefin Fitness Curv 3.0 Crosstrainer<\/h2>\n<h3 class=\"thin-font\">Kompakt &amp; Premium Qualit\u00e4t<\/h3>\n<p>Vertraue auf Bluefin Fitness f\u00fcr die allerbesten Fitnessger\u00e4te f\u00fcr zu Hause. Der Bluefin Fitness Curv 3.0 Ellipsentrainer ist das gr\u00f6\u00dfte Modell in unserem Crosstrainer Sortiment und bietet ein gelenkschonendes Cardiotraining f\u00fcr dein Heim-Fitnessstudio.<br \/>\nBereits teilmontiert geliefert und mit den neuesten Design-Features. Die Basiseinheit ist mit robusten R\u00e4dern ausgestattet sodass der Crosstrainer bei Nichtgebrauch problemlos im Haushalt transportiert werden kann.<\/p>\n<p>Muskelaufbau, Kalorien verbrennen und Cardiotraining sind bei einem Crosstrainer Training mit geringer Belastung f\u00fcr Gelenke m\u00f6glich. 12x automatische Trainingsprogramme + 16x manuell w\u00e4hlbare Widerstandsstufen erm\u00f6glichen Dir, gem\u00e4\u00dfigtes Tempo, gesteigerte Geschwindigkeit oder die Simulation von Crosslaufen. Das hintere Schwungrad, das ger\u00e4uscharme Antriebssystem &amp; Magnetbremse sorgt f\u00fcr eine fl\u00fcssige Bewegung &amp; h\u00f6here Intensit\u00e4t beim Training.<\/p>\n<p>Messe Zeit, Entfernung, Kalorienverbrauch und Puls mit der hintergrundbeleuchteten digitalen LCD Fitnesskonsole. Verwende die integrierte E-Health App f\u00fcr Smartphone und Tablet: Stelle eine Verbindung \u00fcber Bluetooth her, um dein Training auf deinem pers\u00f6nlichen Fitness-Dashboard zu verfolgen und zu analysieren.<\/p>\n\t\t<\/div>\n\t\t\t\t\t<\/div>\n\n\t\n\n\t<div id=\"col-2117976203\" class=\"col medium-5 small-12 large-5\"  >\n\t\t\t\t<div class=\"col-inner\"  >\n\t\t\t\n\t\t\t\n\t<div class=\"img has-hover x md-x lg-x y md-y lg-y\" id=\"image_1639131834\">\n\t\t\t\t\t\t\t\t<div class=\"img-inner dark\" >\n\t\t\t<img decoding=\"async\" width=\"300\" height=\"300\" src=\"https:\/\/last.bluefinfitness.com\/wp-content\/uploads\/2019\/10\/a9f0eb5d-96a0-46db-bf2b-3c12861fa2c2.__CR00300300_PT0_SX300_V1___.png\" class=\"attachment-large size-large\" alt=\"Bluefin ellipsentrainer\" srcset=\"https:\/\/last.bluefinfitness.com\/wp-content\/uploads\/2019\/10\/a9f0eb5d-96a0-46db-bf2b-3c12861fa2c2.__CR00300300_PT0_SX300_V1___.png 300w, https:\/\/last.bluefinfitness.com\/wp-content\/uploads\/2019\/10\/a9f0eb5d-96a0-46db-bf2b-3c12861fa2c2.__CR00300300_PT0_SX300_V1___-150x150.png 150w, https:\/\/last.bluefinfitness.com\/wp-content\/uploads\/2019\/10\/a9f0eb5d-96a0-46db-bf2b-3c12861fa2c2.__CR00300300_PT0_SX300_V1___-100x100.png 100w\" sizes=\"(max-width: 300px) 100vw, 300px\" \/>\t\t\t\t\t\t\n\t\t\t\t\t<\/div>\n\t\t\t\t\t\t\t\t\n<style>\n#image_1639131834 {\n  width: 70%;\n}\n<\/style>\n\t<\/div>\n\t\n<h4>Spezifikationen:<\/h4>\n<ul>\n<li>Stromloser und selbstgenerierender Antrieb<\/li>\n<li>Magnetbremsen<\/li>\n<li>12x automatische Trainingsprogramme<\/li>\n<li>16x manuelle Widerstandsstufen<\/li>\n<li>HRC: Herzfrequenzkontrolle<\/li>\n<li>Pulsmesser<\/li>\n<li>Integrierte E-Health Fitness Smartphone App<\/li>\n<li>Anzeige: Von LCD-Display mit HIntergrundbeleuchtung + Smartphone- \/ Tablet Halterung<\/li>\n<\/ul>\n\t\t<\/div>\n\t\t\t\t\t<\/div>\n\n\t\n<\/div>\n<div class=\"row row-small align-center\"  id=\"row-71840675\">\n\n\t<div id=\"col-2039621876\" class=\"col medium-6 small-12 large-6\"  >\n\t\t\t\t<div class=\"col-inner\"  >\n\t\t\t\n\t\t\t\n<p><b>&#8212;&#8211; Hauptmerkmale &#8212;&#8211; <\/b><\/p>\n<p>\u2713 E-Health Smartphone \/ Tablet App mit integrierten Programmen, Social Media-kompatiblen Apps<br \/>\n\u2713 Fitnesskonsole mit digitalem LCD-Display mit Hintergrundbeleuchtung<br \/>\n\u2713 Hochwertige Premium Qualit\u00e4t<br \/>\n\u2713 Innovatives Design 162 cm x 169 cm x 65 cm<br \/>\n\u2713 Eingebaute R\u00e4der f\u00fcr einfachen Transport<br \/>\n\u2713 Ger\u00e4uschloses Antriebssystem<br \/>\n\u2713 Magnetbremssystem<br \/>\n\u2713 Ergonomischer Doppelgriff<br \/>\n\u2713 Rutschsichere Fu\u00dfpedale<br \/>\n\u2713 14 Kg schwere Schwungmasse<\/p>\n\t\t<\/div>\n\t\t\t\t\t<\/div>\n\n\t\n\n\t<div id=\"col-605632472\" class=\"col medium-6 small-12 large-6\"  >\n\t\t\t\t<div class=\"col-inner\"  >\n\t\t\t\n\t\t\t\n<p><b>&#8212;&#8212; Im Lieferumfang enthalten &#8212;&#8212; <\/b><\/p>\n<p>\u279c Elliptischer Crosstrainer Bluefin Fitness Curv 3.0<br \/>\n\u279c Bedienungsanleitung<br \/>\n\u279c Werkzeugset f\u00fcr Aufbau und Wartung<\/p>\n\t\t<\/div>\n\t\t\t\t\t<\/div>\n\n\t\n<\/div>\n","protected":false},"excerpt":{"rendered":"<ul>\n<li>LEISE &amp; GLEITENDE BEWEGUNG: Ellipsentrainer f\u00fcr zuhause. Das 14 Kg schwere Schwungrad und das ger\u00e4uscharme Antriebssystem sind vollst\u00e4ndig autark und verf\u00fcgen \u00fcber eine sicheres Magnetbremssystem, dank welcher du jederzeit einfach stoppen kannst.<\/li>\n<li>INTEGRIERTE TRAININGSPROGRAMME: Der Ellipsentrainer Crosstrainer hat 12 automatische Trainingsprogramme vorinstalliert + 16 manuell w\u00e4hlbare Widerstandsstufen. Trainiere mit gem\u00e4\u00dfigtem Tempo, gesteigerter Geschwindigkeit oder simuliere Crosslaufen im Gel\u00e4nde.<\/li>\n<li>WENIG BELASTUNG, HOHE INTENSIT\u00c4T: Der CURV 3.0 Ellipsentrainer Crosstrainer f\u00fcr Zuhause ist eine fantastische Alternative zu einem herk\u00f6mmlichen Heimtrainer und bietet ein wirksames, aber belastungsarmes Cardio Training, die Gelenke schont und von gro\u00dfem Nutzen f\u00fcr die Gesundheit ist.<\/li>\n<li>INTEGRIERTE SMARTPHONE APP: Der Elyptical Crosstrainer ist mit der E-Health Fitness-App kompatibel, sodass Du dein Training in Echtzeit mitverfolgen und aufzeichnen kannst. Platziere dein Handy einfach in Augenh\u00f6he auf der mitgelieferten Halterung.<\/li>\n<li>LCD ANZEIGE: Messe Zeit, Entfernung, Kalorienverbrauch und Pulsfrequenz auf dem multifunktionalen LCD-Display mit Hintergrundbeleuchtung. Motiviere dich so noch mehr, um alle deine Fitnessziele zu erreichen. Das perfekte Fitnessger\u00e4t f\u00fcr zuhause!<\/li>\n<\/ul>\n","protected":false},"featured_media":645756,"comment_status":"open","ping_status":"closed","template":"","meta":[],"product_cat":[1024,118],"product_tag":[],"_links":{"self":[{"href":"https:\/\/last.bluefinfitness.com\/de\/wp-json\/wp\/v2\/product\/25384"}],"collection":[{"href":"https:\/\/last.bluefinfitness.com\/de\/wp-json\/wp\/v2\/product"}],"about":[{"href":"https:\/\/last.bluefinfitness.com\/de\/wp-json\/wp\/v2\/types\/product"}],"replies":[{"embeddable":true,"href":"https:\/\/last.bluefinfitness.com\/de\/wp-json\/wp\/v2\/comments?post=25384"}],"wp:featuredmedia":[{"embeddable":true,"href":"https:\/\/last.bluefinfitness.com\/de\/wp-json\/wp\/v2\/media\/645756"}],"wp:attachment":[{"href":"https:\/\/last.bluefinfitness.com\/de\/wp-json\/wp\/v2\/media?parent=25384"}],"wp:term":[{"taxonomy":"product_cat","embeddable":true,"href":"https:\/\/last.bluefinfitness.com\/de\/wp-json\/wp\/v2\/product_cat?post=25384"},{"taxonomy":"product_tag","embeddable":true,"href":"https:\/\/last.bluefinfitness.com\/de\/wp-json\/wp\/v2\/product_tag?post=25384"}],"curies":[{"name":"wp","href":"https:\/\/api.w.org\/{rel}","templated":true}]}}