{"id":25776,"date":"2019-10-28T17:53:30","date_gmt":"2019-10-28T17:53:30","guid":{"rendered":"https:\/\/www.bluefinfitness.com\/product\/bluefin-fitness-tour-5-0-trainings-fahrrad-homegym-ausrustung-ubungsgerat-spinning-rad-magnet-widerstand-digitale-lcd-fitness-konsole-bluetooth-smartphone-app-schwarz-grau-silber\/"},"modified":"2023-04-26T12:18:48","modified_gmt":"2023-04-26T12:18:48","slug":"fahrrad-training-web-exclusive","status":"publish","type":"product","link":"https:\/\/last.bluefinfitness.com\/de\/fahrrad-training-web-exclusive\/","title":{"rendered":"Bluefin Tour 5.0 Heimtrainer"},"content":{"rendered":"<p><b>Kompakte &amp; handels\u00fcbliche Qualit\u00e4t<\/b><\/p>\n<p>Vertraue Bluefin Fitness f\u00fcr die beste Gym-Ausr\u00fcstung f\u00fcr dein Zuhause. Das schlanke &amp; kompakte Bluefin Fitness Tour 5.0 Trainings-Fahrrad bietet ein aufprallarmes Cardio-Training f\u00fcr dein Heim-Gym. Es wird teilmontiert ausgeliefert und verf\u00fcgt \u00fcber die neuesten Design-Eigenschaften. Das Hauptgestell besitzt robuste R\u00e4der und l\u00e4sst sich m\u00fchelos im Haus transportieren, wenn es gerade nicht benutzt wird.<\/p>\n<p>Baue Muskulatur auf und verbrenne Kalorien mit einem aufprallarmen Cross-Trainer-Workout, das deine Gelenke weniger stark belastet als typisches Ausdauer-Training. 12 voreingestellte automatische Programme + 24 manuelle Widerstands-Niveaus erlauben dir geschwindigkeitsabh\u00e4ngiges Radfahren oder \u00dcberlandfahrten mit variabler Steigung &amp; abnehmendem Widerstand. Das hintere Schwungrad, das fl\u00fcsterleise Antriebssystem &amp; sowie die magnetische Bremsvorrichtung erm\u00f6glichen dir fl\u00fcssige Bewegungen &amp; sowie eine verbesserte hoch-intensive Cross-Trainings-Erfahrung. Zeit, Distanz, verbrannte Kalorien und Pulsfrequenz lassen sich ganz einfach mit der hintergrundbeleuchteten digitalen LCD-Fitness-Konsole anzeigen. Verwende die integrierte E-Health App f\u00fcr Mobiltelefone &amp; Tablets: Verbinde dein Ger\u00e4t via Bluetooth, um deine Trainingseinheiten auf deinem pers\u00f6nlichen Fitness-Dashboard nachzuverfolgen &amp; zu analysieren.<\/p>\n<p><b>&#8212;&#8212; In the box &#8212;&#8212; <\/b><br \/>\n\u279c Bluefin Fitness Tour 5.0 Trainings-Fahrrad<br \/>\n\u279c Bedienungsanleitung<br \/>\n\u279c EU-Strom-Adapter<br \/>\n\u279c UK-Strom-Adapter<br \/>\n\u279c Werkzeug-Set f\u00fcr Instandhaltung &amp; Aufbau<\/p>\n<p><b>&#8212;&#8211; Wichtigste Eigenschaften &#8212;&#8211; <\/b><br \/>\n\u2713 E-Health Mobile-\/Tablet-App mit eingebauten Programmen, social-media-kompatibel<br \/>\n\u2713 Hintergrundbeleuchtete digitale LCD-Fitness-Konsole<br \/>\n\u2713 Handels\u00fcbliche Qualit\u00e4t<br \/>\n\u2713 Innovatives Design 101 cm x 126 cm x 50 cm<br \/>\n\u2713 Eingebaute R\u00e4der f\u00fcr leichten Transport<br \/>\n\u2713 Leises Antriebssystem<br \/>\n\u2713 Magnet-Bremse<br \/>\n\u2713 Ergonomischer und rutschfester Lenker<br \/>\n\u2713 Rutschfeste und sichere Fu\u00dfpedale<br \/>\n\u2713 12 kg schweres Schwungrad<\/p>\n<p><b>Klicke auf &#8220;&#8221;Zum Warenkorb hinzuf\u00fcgen&#8221;&#8221; und werde noch heute fit mit Bluefin!<\/b><\/p>\n","protected":false},"excerpt":{"rendered":"<ul class=\"a-unordered-list a-vertical a-spacing-none\">\n<li>INTEGRIERTE SMARTPHONE KINOMAP APP: Das Hometrainer Fahrrad ist kompatibel mit der Kinomap Fitness App. Damit hast du Zugriff auf Tausende Trainingsvideos aus der ganzen Welt!<\/li>\n<li>FL\u00dcSTERLEISE BEWEGUNG: Das 12 kg schwere Hochleistungsschwungrad und das ger\u00e4uscharme Kettenantriebsgetriebesystem profitieren von einem sicheren Bremssystem.<\/li>\n<li>INTEGRIERTE TRAININGSPROGRAMME: Der Heimtrainer ist das perfekte Spinning-Bike mit 12 x automatischen Trainingsprogrammen, aus denen zwischen + 24 x manuellen Widerstandsstufen gew\u00e4hlt werden kann.<\/li>\n<li>WENIG BELASTUNG F\u00dcR GELENKE, HOHE TRAININGSINTENSIT\u00c4T: Der Tour 5.0 Heimtrainer ist das perfekte Indoor-Fahrrad und bietet ein Cardio-Training der Extraklasse mit geringer Belastung f\u00fcr deine Gelenke.<\/li>\n<li>LCD DISPLAY: Miss Zeit, Entfernung, Kalorienverbrauch und Pulsfrequenz auf dem multifunktionalen LCD-Display und erreiche alle deine Fitnessziele. Sportger\u00e4te f\u00fcr Zuhause von Bluefin Fitness.<\/li>\n<\/ul>\n","protected":false},"featured_media":644903,"comment_status":"open","ping_status":"closed","template":"","meta":[],"product_cat":[1019,118],"product_tag":[],"_links":{"self":[{"href":"https:\/\/last.bluefinfitness.com\/de\/wp-json\/wp\/v2\/product\/25776"}],"collection":[{"href":"https:\/\/last.bluefinfitness.com\/de\/wp-json\/wp\/v2\/product"}],"about":[{"href":"https:\/\/last.bluefinfitness.com\/de\/wp-json\/wp\/v2\/types\/product"}],"replies":[{"embeddable":true,"href":"https:\/\/last.bluefinfitness.com\/de\/wp-json\/wp\/v2\/comments?post=25776"}],"wp:featuredmedia":[{"embeddable":true,"href":"https:\/\/last.bluefinfitness.com\/de\/wp-json\/wp\/v2\/media\/644903"}],"wp:attachment":[{"href":"https:\/\/last.bluefinfitness.com\/de\/wp-json\/wp\/v2\/media?parent=25776"}],"wp:term":[{"taxonomy":"product_cat","embeddable":true,"href":"https:\/\/last.bluefinfitness.com\/de\/wp-json\/wp\/v2\/product_cat?post=25776"},{"taxonomy":"product_tag","embeddable":true,"href":"https:\/\/last.bluefinfitness.com\/de\/wp-json\/wp\/v2\/product_tag?post=25776"}],"curies":[{"name":"wp","href":"https:\/\/api.w.org\/{rel}","templated":true}]}}