{"id":25816,"date":"2019-10-28T18:20:03","date_gmt":"2019-10-28T18:20:03","guid":{"rendered":"https:\/\/www.bluefinfitness.com\/product\/bluefin-fitness-curv-2-0-crosstrainer-ellipsentrainer-home-trainer-stepper-fur-zuhause-air-walker-kompakt-digitales-lcd-display-bluetooth-smartphone-app-schwarz-grau-silber\/"},"modified":"2022-11-21T18:58:06","modified_gmt":"2022-11-21T18:58:06","slug":"ellipsentrainer-web-exclusive","status":"publish","type":"product","link":"https:\/\/last.bluefinfitness.com\/de\/ellipsentrainer-web-exclusive\/","title":{"rendered":"Bluefin Curv 2.0 Ellipsentrainer"},"content":{"rendered":"<p><b>Kompakt &amp; Premium Qualit\u00e4t<\/b><\/p>\n<p>Vertraue auf Bluefin Fitness f\u00fcr die allerbesten Fitnessger\u00e4te f\u00fcr zu Hause. Ellipsentrainer sind fantastische Alternativen zum traditionellen Laufband oder Heimtrainer. Der schlanke und kompakte Ellipsentrainer Bluefin Fitness Curv 2.0 ist das mittelgro\u00dfe Modell in unserem Crosstrainer Sortiment und bietet ein gelenkschonendes Cardio-Trainingserlebnis f\u00fcr dein Heimfitnessstudio.Bereits teilmontiert geliefert und mit den neuesten Design Features. Die Basiseinheit ist mit robusten R\u00e4dern ausgestattet sodass der Crosstrainer bei Nichtgebrauch problemlos transportiert werden kann.<\/p>\n<p>Baue Muskeln auf, verbrenne Kalorie und erlebe ein effektives Cardiotraining \u2013 all das ist bei einem Crosstrainer mit geringer Belastung f\u00fcr Sehnen und Gelenke m\u00f6glich. 12x automatische Trainingsprogramme + 24x manuell w\u00e4hlbare Widerstandsstufen erm\u00f6glichen Dir, gem\u00e4\u00dfigtes Tempo, gesteigerte Geschwindigkeit oder die Simulation von Cross Laufen. Das hintere Schwungrad, das ger\u00e4uscharme Antriebssystem &amp; Magnetbremse sorgt f\u00fcr eine fl\u00fcssige Bewegung &amp; h\u00f6here Intensit\u00e4t beim Training.<\/p>\n<p>Messe Zeit, Entfernung, Kalorienverbrauch und Puls mit der hintergrundbeleuchteten digitalen LCD Fitnesskonsole. Verwende die integrierte E-Health App f\u00fcr Smartphone und Tablet: Stelle eine Verbindung \u00fcber Bluetooth her, um dein Training im Laufe der Zeit auf deinem pers\u00f6nlichen Fitness-Dashboard zu verfolgen und zu analysieren.<\/p>\n<p><b> &#8212;&#8212; Im Lieferumfang enthalten &#8212;&#8212; <\/b><br \/>\n\u279c Elliptischer Crosstrainer Bluefin Fitness Curv 2.0<br \/>\n\u279c Bedienungsanleitung<br \/>\n\u279c EU-Netzteil<br \/>\n\u279c UK-Netzteil<br \/>\n\u279c Werkzeugset f\u00fcr Aufbau und Wartung<\/p>\n<p><b> &#8212;&#8211; Hauptmerkmale &#8212;&#8211; <\/b><br \/>\n\u2713 E-Health Smartphone \/ Tablet App mit integrierten Programmen, Social Media-kompatiblen Apps<br \/>\n\u2713 Fitnesskonsole mit digitalem LCD-Display mit Hintergrundbeleuchtung<br \/>\n\u2713 Hochwertige Premium Qualit\u00e4t<br \/>\n\u2713 Innovatives Design 113 cm x 151 cm x 50 cm<br \/>\n\u2713 Eingebaute R\u00e4der f\u00fcr einfachen Transport<br \/>\n\u2713 Ger\u00e4uschloses Antriebssystem<br \/>\n\u2713 Magnetbremssystem<br \/>\n\u2713 Ergonomischer Doppelgriff<br \/>\n\u2713 Rutschsichere Fu\u00dfpedale<br \/>\n\u2713 12 Kg schwere Schwungmasse<\/p>\n<p><b>Klicke jetzt auf \u201eIn den Einkaufswagen&#8221;&#8221; und werde noch heute fit mit Bluefin Fitness! <\/b><\/p>\n","protected":false},"excerpt":{"rendered":"<ul>\n<li>FL\u00dcSTERLEISE &amp; GLEITENDE BEWEGUNG: Ellipsentrainer f\u00fcr zuhause. Das 12 Kg schwere Schwungrad und das ger\u00e4uscharme Antriebssystem verf\u00fcgen \u00fcber eine sicheres Magnetbremssystem, dank welchem du jederzeit einfach zum Stillstand kommen kannst.<\/li>\n<li>INTEGRIERTE TRAININGSPROGRAMME: Der Ellipsentrainer Crosstrainer hat 12 automatische Trainingsprogramme vorinstalliert + 24 manuell w\u00e4hlbare Widerstandsstufen. Trainiere mit gem\u00e4\u00dfigtem Tempo, gesteigerter Geschwindigkeit oder simuliere Crosslaufen im Gel\u00e4nde.<\/li>\n<li>WENIG BELASTUNG, HOHE INTENSIT\u00c4T: Der CURV 3.0 Ellipsentrainer Crosstrainer f\u00fcr Zuhause ist eine fantastische Alternative zu einem herk\u00f6mmlichen Heimtrainer und bietet ein wirksames, aber belastungsarmes Cardio Training, die Gelenke schont und von gro\u00dfem Nutzen f\u00fcr die Gesundheit ist.<\/li>\n<li>INTEGRIERTE SMARTPHONE APP: Der Elyptical Crosstrainer ist mit der E-Health Fitness-App kompatibel, sodass Du dein Training in Echtzeit mitverfolgen und aufzeichnen kannst. Platziere dein Handy einfach in Augenh\u00f6he auf der mitgelieferten Halterung.<\/li>\n<li>LCD ANZEIGE: Messe Zeit, Entfernung, Kalorienverbrauch und Pulsfrequenz auf dem multifunktionalen LCD-Display mit Hintergrundbeleuchtung. Motiviere dich so noch mehr, um alle deine Fitnessziele zu erreichen. Das perfekte Fitnessger\u00e4t f\u00fcr zuhause!<\/li>\n<\/ul>\n","protected":false},"featured_media":644870,"comment_status":"open","ping_status":"closed","template":"","meta":[],"product_cat":[1024,118],"product_tag":[],"_links":{"self":[{"href":"https:\/\/last.bluefinfitness.com\/de\/wp-json\/wp\/v2\/product\/25816"}],"collection":[{"href":"https:\/\/last.bluefinfitness.com\/de\/wp-json\/wp\/v2\/product"}],"about":[{"href":"https:\/\/last.bluefinfitness.com\/de\/wp-json\/wp\/v2\/types\/product"}],"replies":[{"embeddable":true,"href":"https:\/\/last.bluefinfitness.com\/de\/wp-json\/wp\/v2\/comments?post=25816"}],"wp:featuredmedia":[{"embeddable":true,"href":"https:\/\/last.bluefinfitness.com\/de\/wp-json\/wp\/v2\/media\/644870"}],"wp:attachment":[{"href":"https:\/\/last.bluefinfitness.com\/de\/wp-json\/wp\/v2\/media?parent=25816"}],"wp:term":[{"taxonomy":"product_cat","embeddable":true,"href":"https:\/\/last.bluefinfitness.com\/de\/wp-json\/wp\/v2\/product_cat?post=25816"},{"taxonomy":"product_tag","embeddable":true,"href":"https:\/\/last.bluefinfitness.com\/de\/wp-json\/wp\/v2\/product_tag?post=25816"}],"curies":[{"name":"wp","href":"https:\/\/api.w.org\/{rel}","templated":true}]}}