{"id":267605,"date":"2021-01-25T12:13:49","date_gmt":"2021-01-25T12:13:49","guid":{"rendered":"https:\/\/www.bluefinfitness.com\/under-desk-elliptical\/"},"modified":"2024-04-15T11:28:12","modified_gmt":"2024-04-15T11:28:12","slug":"mini-stepper-under-desk","status":"publish","type":"product","link":"https:\/\/last.bluefinfitness.com\/de\/mini-stepper-under-desk\/","title":{"rendered":"Bluefin Curv Mini Ellipsentrainer"},"content":{"rendered":"\t<div class=\"img has-hover x md-x lg-x y md-y lg-y\" id=\"image_295664274\">\n\t\t\t\t\t\t\t\t<div class=\"img-inner dark\" >\n\t\t\t<img decoding=\"async\" width=\"1020\" height=\"316\" src=\"https:\/\/last.bluefinfitness.com\/wp-content\/uploads\/2021\/01\/09_Mini-Curv_970-x-300px_DE-1-1920x594.jpg\" class=\"attachment-large size-large\" alt=\"Bluefin mini ellipsentrainer\" srcset=\"https:\/\/last.bluefinfitness.com\/wp-content\/uploads\/2021\/01\/09_Mini-Curv_970-x-300px_DE-1-1920x594.jpg 1920w, https:\/\/last.bluefinfitness.com\/wp-content\/uploads\/2021\/01\/09_Mini-Curv_970-x-300px_DE-1-800x247.jpg 800w, https:\/\/last.bluefinfitness.com\/wp-content\/uploads\/2021\/01\/09_Mini-Curv_970-x-300px_DE-1-768x238.jpg 768w, https:\/\/last.bluefinfitness.com\/wp-content\/uploads\/2021\/01\/09_Mini-Curv_970-x-300px_DE-1-1536x475.jpg 1536w, https:\/\/last.bluefinfitness.com\/wp-content\/uploads\/2021\/01\/09_Mini-Curv_970-x-300px_DE-1-500x155.jpg 500w, https:\/\/last.bluefinfitness.com\/wp-content\/uploads\/2021\/01\/09_Mini-Curv_970-x-300px_DE-1.jpg 2021w\" sizes=\"(max-width: 1020px) 100vw, 1020px\" \/>\t\t\t\t\t\t\n\t\t\t\t\t<\/div>\n\t\t\t\t\t\t\t\t\n<style>\n#image_295664274 {\n  width: 100%;\n}\n<\/style>\n\t<\/div>\n\t\n\t<div id=\"gap-1789700847\" class=\"gap-element clearfix\" style=\"display:block; height:auto;\">\n\t\t\n<style>\n#gap-1789700847 {\n  padding-top: 30px;\n}\n<\/style>\n\t<\/div>\n\t\n<div class=\"row\"  id=\"row-205645238\">\n\n\t<div id=\"col-867215424\" class=\"col medium-4 small-12 large-4\"  >\n\t\t\t\t<div class=\"col-inner\"  >\n\t\t\t\n\t\t\t\n\t<div class=\"box has-hover   has-hover box-text-bottom\" >\n\n\t\t<div class=\"box-image\" >\n\t\t\t\t\t\t<div class=\"\" >\n\t\t\t\t<img decoding=\"async\" width=\"300\" height=\"300\" src=\"https:\/\/last.bluefinfitness.com\/wp-content\/uploads\/2021\/01\/10_Mini-Curv_300-x-300px_DE.jpg\" class=\"attachment- size-\" alt=\"Bluefin mini ellipsentrainer\" srcset=\"https:\/\/last.bluefinfitness.com\/wp-content\/uploads\/2021\/01\/10_Mini-Curv_300-x-300px_DE.jpg 300w, https:\/\/last.bluefinfitness.com\/wp-content\/uploads\/2021\/01\/10_Mini-Curv_300-x-300px_DE-150x150.jpg 150w, https:\/\/last.bluefinfitness.com\/wp-content\/uploads\/2021\/01\/10_Mini-Curv_300-x-300px_DE-100x100.jpg 100w\" sizes=\"(max-width: 300px) 100vw, 300px\" \/>\t\t\t\t\t\t\t\t\t\t\t<\/div>\n\t\t\t\t\t<\/div>\n\n\t\t<div class=\"box-text text-center\" >\n\t\t\t<div class=\"box-text-inner\">\n\t\t\t\t\n<p style=\"text-align: left;\"><strong>Bluefin Fitness Curv Mini Under-Desk-Crosstrainer:<\/strong><\/p>\n<p style=\"text-align: left;\">Verbessere deine Ausdauerf\u00e4higkeit mit dem professionellen Crosstrainer Curv Mini, der deine Gelenke weniger stark belastet als ein herk\u00f6mmliches Laufband. Mit Hilfe der 8-fach verstellbaren Widerstandseinstellung kannst du deine Trainingseinheiten an deine individuellen Bed\u00fcrfnisse anpassen, weswegen der Mini-Stepper f\u00fcr alle Altersgruppen und Fitnesslevels geeignet ist. Setze dich also einfach bequem auf deinen Schreibtischstuhl bzw. auf dein Sofa und tritt in die Pedale, sodass du deine 10.000 Schritte am Tag spielend einfach erreichst.<\/p>\n\t\t\t<\/div>\n\t\t<\/div>\n\t<\/div>\n\t\n\t\t<\/div>\n\t\t\t\t\t<\/div>\n\n\t\n\n\t<div id=\"col-16497080\" class=\"col medium-4 small-12 large-4\"  >\n\t\t\t\t<div class=\"col-inner\"  >\n\t\t\t\n\t\t\t\n\t<div class=\"box has-hover   has-hover box-text-bottom\" >\n\n\t\t<div class=\"box-image\" >\n\t\t\t\t\t\t<div class=\"\" >\n\t\t\t\t<img decoding=\"async\" width=\"300\" height=\"300\" src=\"https:\/\/last.bluefinfitness.com\/wp-content\/uploads\/2021\/01\/11_Mini-Curv_300-x-300px_DE.jpg\" class=\"attachment- size-\" alt=\"Bluefin mini ellipsentrainer\" srcset=\"https:\/\/last.bluefinfitness.com\/wp-content\/uploads\/2021\/01\/11_Mini-Curv_300-x-300px_DE.jpg 300w, https:\/\/last.bluefinfitness.com\/wp-content\/uploads\/2021\/01\/11_Mini-Curv_300-x-300px_DE-150x150.jpg 150w, https:\/\/last.bluefinfitness.com\/wp-content\/uploads\/2021\/01\/11_Mini-Curv_300-x-300px_DE-100x100.jpg 100w\" sizes=\"(max-width: 300px) 100vw, 300px\" \/>\t\t\t\t\t\t\t\t\t\t\t<\/div>\n\t\t\t\t\t<\/div>\n\n\t\t<div class=\"box-text text-center\" >\n\t\t\t<div class=\"box-text-inner\">\n\t\t\t\t\n<p style=\"text-align: left;\"><strong>Kompaktes elliptisches Design. Integriere mehr Bewegung in deinen Alltag:\u00a0<\/strong><\/p>\n<p style=\"text-align: left;\">Das Curv Mini ist der kleinste Crosstrainer der Curv-Reihe und wurde von Experten so konzipiert, sodass sich dieses kompakte Ger\u00e4t kinderleicht in deinen Alltag integrieren l\u00e4sst. Es passt perfekt unter deinen Schreibtisch, damit du auch w\u00e4hrend eines stressigen Arbeitsalltags aktiv bleiben kannst. Oder tritt einfach vor dem Fernseher oder bei einer anderen Gelegenheit in die Pedale, denn das Curv Mini ist diskret und leise genug, sodass du dich \u00fcberall und jederzeit fit halten kannst.<\/p>\n\t\t\t<\/div>\n\t\t<\/div>\n\t<\/div>\n\t\n\t\t<\/div>\n\t\t\t\t\t<\/div>\n\n\t\n\n\t<div id=\"col-1466806700\" class=\"col medium-4 small-12 large-4\"  >\n\t\t\t\t<div class=\"col-inner\"  >\n\t\t\t\n\t\t\t\n\t<div class=\"box has-hover   has-hover box-text-bottom\" >\n\n\t\t<div class=\"box-image\" >\n\t\t\t\t\t\t<div class=\"\" >\n\t\t\t\t<img decoding=\"async\" width=\"300\" height=\"300\" src=\"https:\/\/last.bluefinfitness.com\/wp-content\/uploads\/2021\/01\/12_Mini-Curv_300-x-300px_DE.jpg\" class=\"attachment- size-\" alt=\"Bluefin mini ellipsentrainer\" srcset=\"https:\/\/last.bluefinfitness.com\/wp-content\/uploads\/2021\/01\/12_Mini-Curv_300-x-300px_DE.jpg 300w, https:\/\/last.bluefinfitness.com\/wp-content\/uploads\/2021\/01\/12_Mini-Curv_300-x-300px_DE-150x150.jpg 150w, https:\/\/last.bluefinfitness.com\/wp-content\/uploads\/2021\/01\/12_Mini-Curv_300-x-300px_DE-100x100.jpg 100w\" sizes=\"(max-width: 300px) 100vw, 300px\" \/>\t\t\t\t\t\t\t\t\t\t\t<\/div>\n\t\t\t\t\t<\/div>\n\n\t\t<div class=\"box-text text-center\" >\n\t\t\t<div class=\"box-text-inner\">\n\t\t\t\t\n<p style=\"text-align: left;\"><strong>6,5 kg Schwungrad-Motor. Nahezu ger\u00e4uschloses Training:<br \/>\n<\/strong><\/p>\n<p style=\"text-align: left;\">Der professionelle 6,5kg-Schwungradmotor in Kombination mit dem ultraleisen Getriebe sorgen f\u00fcr ein kraftvolles und leises Training, das absolut fl\u00fcsterleise ist. Das extrem ger\u00e4uscharme Motorsystem wurde so konzipiert, dass es sich komplett selbst antreibt, sodass du jederzeit die volle Kontrolle \u00fcber dein Training hast. Auf diese Weise kannst du auch w\u00e4hrend eines Meetings oder am Esstisch in die Pedale treten, in der Gewissheit, dass niemandem deine Workout auffallen wird!<\/p>\n\t\t\t<\/div>\n\t\t<\/div>\n\t<\/div>\n\t\n\t\t<\/div>\n\t\t\t\t\t<\/div>\n\n\t\n<\/div>\n<div class=\"row\"  id=\"row-1399172779\">\n\n\t<div id=\"col-1666052216\" class=\"col medium-4 small-12 large-4\"  >\n\t\t\t\t<div class=\"col-inner\"  >\n\t\t\t\n\t\t\t\n\t<div class=\"box has-hover   has-hover box-text-bottom\" >\n\n\t\t<div class=\"box-image\" >\n\t\t\t\t\t\t<div class=\"\" >\n\t\t\t\t<img decoding=\"async\" width=\"300\" height=\"300\" src=\"https:\/\/last.bluefinfitness.com\/wp-content\/uploads\/2024\/03\/13_Mini-Curv_300-x-300px_DE.jpg\" class=\"attachment- size-\" alt=\"Bluefin mini ellipsentrainer\" srcset=\"https:\/\/last.bluefinfitness.com\/wp-content\/uploads\/2024\/03\/13_Mini-Curv_300-x-300px_DE.jpg 300w, https:\/\/last.bluefinfitness.com\/wp-content\/uploads\/2024\/03\/13_Mini-Curv_300-x-300px_DE-280x280.jpg 280w, https:\/\/last.bluefinfitness.com\/wp-content\/uploads\/2024\/03\/13_Mini-Curv_300-x-300px_DE-100x100.jpg 100w\" sizes=\"(max-width: 300px) 100vw, 300px\" \/>\t\t\t\t\t\t\t\t\t\t\t<\/div>\n\t\t\t\t\t<\/div>\n\n\t\t<div class=\"box-text text-center\" >\n\t\t\t<div class=\"box-text-inner\">\n\t\t\t\t\n<p style=\"text-align: left;\"><strong>Integrierte App. Erreiche deine Fitnessziele:\u00a0<\/strong><\/p>\n<p style=\"text-align: left;\">Die App sorgt daf\u00fcr, dass du bei jedem Training hochmotiviert bist, da sie dir die M\u00f6glichkeit bietet, virtuell \u00fcberall auf der Welt zu trainieren, an Community-Wettbewerben teilzunehmen und deine Fortschritte mit deinem pers\u00f6nlichen Fitness-Dashboard zu \u00fcberwachen. Analysiere bei jeder Trainingseinheit die Parameter Geschwindigkeit, Distanz, Zeit sowie Kalorienverbrauch. Mache dich bereit daf\u00fcr, dein Training mit Hilfe der fortschrittlichen Fitnessfunktionen der App auf die n\u00e4chste Stufe zu bringen!<\/p>\n\t\t\t<\/div>\n\t\t<\/div>\n\t<\/div>\n\t\n\t\t<\/div>\n\t\t\t\t\t<\/div>\n\n\t\n\n\t<div id=\"col-471587322\" class=\"col medium-4 small-12 large-4\"  >\n\t\t\t\t<div class=\"col-inner\"  >\n\t\t\t\n\t\t\t\n\t<div class=\"box has-hover   has-hover box-text-bottom\" >\n\n\t\t<div class=\"box-image\" >\n\t\t\t\t\t\t<div class=\"\" >\n\t\t\t\t<img decoding=\"async\" width=\"300\" height=\"300\" src=\"https:\/\/last.bluefinfitness.com\/wp-content\/uploads\/2021\/01\/14_Mini-Curv_300-x-300px_DE.jpg\" class=\"attachment- size-\" alt=\"Bluefin mini ellipsentrainer\" srcset=\"https:\/\/last.bluefinfitness.com\/wp-content\/uploads\/2021\/01\/14_Mini-Curv_300-x-300px_DE.jpg 300w, https:\/\/last.bluefinfitness.com\/wp-content\/uploads\/2021\/01\/14_Mini-Curv_300-x-300px_DE-150x150.jpg 150w, https:\/\/last.bluefinfitness.com\/wp-content\/uploads\/2021\/01\/14_Mini-Curv_300-x-300px_DE-100x100.jpg 100w\" sizes=\"(max-width: 300px) 100vw, 300px\" \/>\t\t\t\t\t\t\t\t\t\t\t<\/div>\n\t\t\t\t\t<\/div>\n\n\t\t<div class=\"box-text text-center\" >\n\t\t\t<div class=\"box-text-inner\">\n\t\t\t\t\n<p style=\"text-align: left;\"><strong>Hochmoderne Anti-Rutsch-Pedale. Volle Kraft voraus:\u00a0<\/strong><\/p>\n<p style=\"text-align: left;\">Die fortschrittlichen Anti-Rutsch-Pedale wurden so konzipiert, sodass sie besonders breit und komfortabel sind. Auf diese Weise kannst du mit oder ohne Schuhe trainieren und dein Trainingserlebnis in deinen eigenen vier W\u00e4nden auf die n\u00e4chste Stufe bringen.<\/p>\n\t\t\t<\/div>\n\t\t<\/div>\n\t<\/div>\n\t\n\t\t<\/div>\n\t\t\t\t\t<\/div>\n\n\t\n\n\t<div id=\"col-759771326\" class=\"col medium-4 small-12 large-4\"  >\n\t\t\t\t<div class=\"col-inner\"  >\n\t\t\t\n\t\t\t\n\t<div class=\"box has-hover   has-hover box-text-bottom\" >\n\n\t\t<div class=\"box-image\" >\n\t\t\t\t\t\t<div class=\"\" >\n\t\t\t\t<img decoding=\"async\" width=\"300\" height=\"300\" src=\"https:\/\/last.bluefinfitness.com\/wp-content\/uploads\/2021\/01\/15_Mini-Curv_300-x-300px_DEN.jpg\" class=\"attachment- size-\" alt=\"Bluefin mini ellipsentrainer\" srcset=\"https:\/\/last.bluefinfitness.com\/wp-content\/uploads\/2021\/01\/15_Mini-Curv_300-x-300px_DEN.jpg 300w, https:\/\/last.bluefinfitness.com\/wp-content\/uploads\/2021\/01\/15_Mini-Curv_300-x-300px_DEN-150x150.jpg 150w, https:\/\/last.bluefinfitness.com\/wp-content\/uploads\/2021\/01\/15_Mini-Curv_300-x-300px_DEN-100x100.jpg 100w\" sizes=\"(max-width: 300px) 100vw, 300px\" \/>\t\t\t\t\t\t\t\t\t\t\t<\/div>\n\t\t\t\t\t<\/div>\n\n\t\t<div class=\"box-text text-center\" >\n\t\t\t<div class=\"box-text-inner\">\n\t\t\t\t\n<p style=\"text-align: left;\"><strong>LCD-Anzeige. \u00dcberwache deine Performance.\u00a0<\/strong><\/p>\n<p style=\"text-align: left;\">Das LCD-Display erm\u00f6glicht es dir, deine Trainingseinheiten in Echtzeit zu verfolgen und liefert dir detaillierte Statistiken und Daten, um die Parameter Geschwindigkeit, Zeit, Entfernung sowie deinen Kalorienverbrauch zu analysieren.<\/p>\n\t\t\t<\/div>\n\t\t<\/div>\n\t<\/div>\n\t\n\t\t<\/div>\n\t\t\t\t\t<\/div>\n\n\t\n<\/div>\n<div class=\"row\"  id=\"row-158586969\">\n\n\t<div id=\"col-935902557\" class=\"col medium-3 small-6 large-3\"  >\n\t\t\t\t<div class=\"col-inner\"  >\n\t\t\t\n\t\t\t\n\t<div class=\"box has-hover   has-hover box-text-bottom\" >\n\n\t\t<div class=\"box-image\" >\n\t\t\t\t\t\t<div class=\"\" >\n\t\t\t\t<img decoding=\"async\" width=\"220\" height=\"220\" src=\"https:\/\/last.bluefinfitness.com\/wp-content\/uploads\/2021\/01\/16_Mini-Curv_220-x-220px_DE.jpg\" class=\"attachment- size-\" alt=\"Bluefin mini ellipsentrainer\" srcset=\"https:\/\/last.bluefinfitness.com\/wp-content\/uploads\/2021\/01\/16_Mini-Curv_220-x-220px_DE.jpg 220w, https:\/\/last.bluefinfitness.com\/wp-content\/uploads\/2021\/01\/16_Mini-Curv_220-x-220px_DE-150x150.jpg 150w, https:\/\/last.bluefinfitness.com\/wp-content\/uploads\/2021\/01\/16_Mini-Curv_220-x-220px_DE-100x100.jpg 100w\" sizes=\"(max-width: 220px) 100vw, 220px\" \/>\t\t\t\t\t\t\t\t\t\t\t<\/div>\n\t\t\t\t\t<\/div>\n\n\t\t<div class=\"box-text text-center\" >\n\t\t\t<div class=\"box-text-inner\">\n\t\t\t\t\n\t\t\t<\/div>\n\t\t<\/div>\n\t<\/div>\n\t\n\t\t<\/div>\n\t\t\t\t\t<\/div>\n\n\t\n\n\t<div id=\"col-966763482\" class=\"col medium-3 small-6 large-3\"  >\n\t\t\t\t<div class=\"col-inner\"  >\n\t\t\t\n\t\t\t\n\t<div class=\"box has-hover   has-hover box-text-bottom\" >\n\n\t\t<div class=\"box-image\" >\n\t\t\t\t\t\t<div class=\"\" >\n\t\t\t\t<img decoding=\"async\" width=\"220\" height=\"220\" src=\"https:\/\/last.bluefinfitness.com\/wp-content\/uploads\/2021\/01\/17_Mini-Curv_220-x-220px_DE.jpg\" class=\"attachment- size-\" alt=\"Bluefin mini ellipsentrainer\" srcset=\"https:\/\/last.bluefinfitness.com\/wp-content\/uploads\/2021\/01\/17_Mini-Curv_220-x-220px_DE.jpg 220w, https:\/\/last.bluefinfitness.com\/wp-content\/uploads\/2021\/01\/17_Mini-Curv_220-x-220px_DE-150x150.jpg 150w, https:\/\/last.bluefinfitness.com\/wp-content\/uploads\/2021\/01\/17_Mini-Curv_220-x-220px_DE-100x100.jpg 100w\" sizes=\"(max-width: 220px) 100vw, 220px\" \/>\t\t\t\t\t\t\t\t\t\t\t<\/div>\n\t\t\t\t\t<\/div>\n\n\t\t<div class=\"box-text text-center\" >\n\t\t\t<div class=\"box-text-inner\">\n\t\t\t\t\n\t\t\t<\/div>\n\t\t<\/div>\n\t<\/div>\n\t\n\t\t<\/div>\n\t\t\t\t\t<\/div>\n\n\t\n\n\t<div id=\"col-1589775133\" class=\"col medium-3 small-6 large-3\"  >\n\t\t\t\t<div class=\"col-inner\"  >\n\t\t\t\n\t\t\t\n\t<div class=\"box has-hover   has-hover box-text-bottom\" >\n\n\t\t<div class=\"box-image\" >\n\t\t\t\t\t\t<div class=\"\" >\n\t\t\t\t<img decoding=\"async\" width=\"220\" height=\"220\" src=\"https:\/\/last.bluefinfitness.com\/wp-content\/uploads\/2021\/01\/18_Mini-Curv_220-x-220px_DE.jpg\" class=\"attachment- size-\" alt=\"Bluefin mini ellipsentrainer\" srcset=\"https:\/\/last.bluefinfitness.com\/wp-content\/uploads\/2021\/01\/18_Mini-Curv_220-x-220px_DE.jpg 220w, https:\/\/last.bluefinfitness.com\/wp-content\/uploads\/2021\/01\/18_Mini-Curv_220-x-220px_DE-150x150.jpg 150w, https:\/\/last.bluefinfitness.com\/wp-content\/uploads\/2021\/01\/18_Mini-Curv_220-x-220px_DE-100x100.jpg 100w\" sizes=\"(max-width: 220px) 100vw, 220px\" \/>\t\t\t\t\t\t\t\t\t\t\t<\/div>\n\t\t\t\t\t<\/div>\n\n\t\t<div class=\"box-text text-center\" >\n\t\t\t<div class=\"box-text-inner\">\n\t\t\t\t\n\t\t\t<\/div>\n\t\t<\/div>\n\t<\/div>\n\t\n\t\t<\/div>\n\t\t\t\t\t<\/div>\n\n\t\n\n\t<div id=\"col-376308362\" class=\"col medium-3 small-6 large-3\"  >\n\t\t\t\t<div class=\"col-inner\"  >\n\t\t\t\n\t\t\t\n\t<div class=\"box has-hover   has-hover box-text-bottom\" >\n\n\t\t<div class=\"box-image\" >\n\t\t\t\t\t\t<div class=\"\" >\n\t\t\t\t<img decoding=\"async\" width=\"220\" height=\"220\" src=\"https:\/\/last.bluefinfitness.com\/wp-content\/uploads\/2021\/01\/19_Mini-Curv_220-x-220px_DE.jpg\" class=\"attachment- size-\" alt=\"Bluefin mini ellipsentrainer\" srcset=\"https:\/\/last.bluefinfitness.com\/wp-content\/uploads\/2021\/01\/19_Mini-Curv_220-x-220px_DE.jpg 220w, https:\/\/last.bluefinfitness.com\/wp-content\/uploads\/2021\/01\/19_Mini-Curv_220-x-220px_DE-150x150.jpg 150w, https:\/\/last.bluefinfitness.com\/wp-content\/uploads\/2021\/01\/19_Mini-Curv_220-x-220px_DE-100x100.jpg 100w\" sizes=\"(max-width: 220px) 100vw, 220px\" \/>\t\t\t\t\t\t\t\t\t\t\t<\/div>\n\t\t\t\t\t<\/div>\n\n\t\t<div class=\"box-text text-center\" >\n\t\t\t<div class=\"box-text-inner\">\n\t\t\t\t\n\t\t\t<\/div>\n\t\t<\/div>\n\t<\/div>\n\t\n\t\t<\/div>\n\t\t\t\t\t<\/div>\n\n\t\n<\/div>\n","protected":false},"excerpt":{"rendered":"<p><strong>FIT WERDEN IM SITZEN<\/strong>. Der Stepper-Crosstrainer erm\u00f6glicht dir ein effizientes Low-Impact-Cardio-Training im Sitzen und ist damit ideal f\u00fcr lange Tage im B\u00fcro oder im Homeoffice geeignet. Mit 8 einstellbaren Widerstandsstufen ist es jetzt viel einfacher, auch zu Hause aktiv zu bleiben!<br \/>\n<strong>EIN JAHR GARANTIE<\/strong>. Alle Bluefin-Ger\u00e4te verf\u00fcgen \u00fcber eine einj\u00e4hrige Garantie. Unser zuverl\u00e4ssiger Kundenservice ist immer zur Stelle, um dir bei Problemen mit deiner Bestellung zu helfen und dich in jeder Hinsicht zu unterst\u00fctzen.<br \/>\n<strong>LEISER &amp; LEISTUNGSSTARKER MOTOR.<\/strong> Der fortschrittliche 6,5 kg Schwungradmotor sowie die integrierten Anti-Rutsch-Pedale sorgen f\u00fcr eine minimale Ger\u00e4uschkulisse, egal wie intensiv du trainierst. Also tritt in die Pedale, schaue dir einen Film an oder nimm an einer Telefonkonferenz teil und du kannst dir sicher sein, dass niemand etwas bemerkt!<br \/>\n<strong>KOMPAKTES DESIGN.<\/strong> Durch sein professionelles kompaktes Design sowie seinem ultra-reibungslosen Getriebe sorgt das Curv Mini daf\u00fcr, dass du besonders gelenkschonend trainierst! Auf diese Weise kannst du jederzeit und \u00fcberall trainieren und nach deinen Trainingseinheiten l\u00e4sst sich das Ger\u00e4t kinderleicht wieder verstauen.<br \/>\n<strong>LCD-DISPLAY:<\/strong> Miss Zeit, Entfernung und Kalorienverbrauch mit Hilfe des integrierten LCD-Displays. Nie wieder musst du dich von langen Arbeitszeiten, schmerzenden Gelenken oder Mobilit\u00e4tseinschr\u00e4nkungen davon abhalten lassen, deine Fitnessziele zu erreichen!<\/p>\n","protected":false},"featured_media":643252,"comment_status":"open","ping_status":"closed","template":"","meta":[],"product_cat":[1024],"product_tag":[],"_links":{"self":[{"href":"https:\/\/last.bluefinfitness.com\/de\/wp-json\/wp\/v2\/product\/267605"}],"collection":[{"href":"https:\/\/last.bluefinfitness.com\/de\/wp-json\/wp\/v2\/product"}],"about":[{"href":"https:\/\/last.bluefinfitness.com\/de\/wp-json\/wp\/v2\/types\/product"}],"replies":[{"embeddable":true,"href":"https:\/\/last.bluefinfitness.com\/de\/wp-json\/wp\/v2\/comments?post=267605"}],"wp:featuredmedia":[{"embeddable":true,"href":"https:\/\/last.bluefinfitness.com\/de\/wp-json\/wp\/v2\/media\/643252"}],"wp:attachment":[{"href":"https:\/\/last.bluefinfitness.com\/de\/wp-json\/wp\/v2\/media?parent=267605"}],"wp:term":[{"taxonomy":"product_cat","embeddable":true,"href":"https:\/\/last.bluefinfitness.com\/de\/wp-json\/wp\/v2\/product_cat?post=267605"},{"taxonomy":"product_tag","embeddable":true,"href":"https:\/\/last.bluefinfitness.com\/de\/wp-json\/wp\/v2\/product_tag?post=267605"}],"curies":[{"name":"wp","href":"https:\/\/api.w.org\/{rel}","templated":true}]}}