{"id":29016,"date":"2020-01-03T11:15:42","date_gmt":"2020-01-03T11:15:42","guid":{"rendered":"https:\/\/www.bluefinfitness.com\/product\/bluefin-fitness-tour-spin-spinning-fahrrad-heim-gym-ausrustung-trainings-fahrrad-kinomap-live-video-streaming-video-coaching-training-bluetooth-smartphone-app-schwarz-grau-silber\/"},"modified":"2023-11-09T11:16:38","modified_gmt":"2023-11-09T11:16:38","slug":"sp-fahrrad-web-exclusive","status":"publish","type":"product","link":"https:\/\/last.bluefinfitness.com\/de\/sp-fahrrad-web-exclusive\/","title":{"rendered":"Bluefin Tour SP Heimtrainer"},"content":{"rendered":"<p style=\"text-align: justify;\"><b>Kompakte Top-Qualit\u00e4t<\/b><\/p>\n<p style=\"text-align: justify;\">Vertraue auf Bluefin Fitness f\u00fcr die beste Fitness-Ausr\u00fcstung f\u00fcr dein Zuhause. Das stromlinienf\u00f6rmige &amp; kompakte Bluefin Fitness Tour SP-Fahrrad bietet gelenkschonendes Cardio-Training f\u00fcr dein Heim-Gym. Der Ergometer wird teilmontiert geliefert und verf\u00fcgt \u00fcber die neusten Design-Elemente. Die Basiseinheit ist mit robusten R\u00e4dern ausgestattet und kann bei Nichtgebrauch problemlos transportiert werden.<\/p>\n<p style=\"text-align: justify;\">Baue Muskulatur auf und verbrenne Kalorien mit dem aufprallarmen Ergometer, welcher gelenkschonender ist als typische andere Cardio-Ger\u00e4te. Manuelle Widerstands-Niveaus erlauben es dir, verschiedene Geschwindigkeiten einzustellen &amp; \u00dcberland-Fahrten zu simulieren, bei denen Steigung und Widerstand ebenfalls variabel konfigurierbar sind.<\/p>\n<p style=\"text-align: justify;\">Messe Zeit, Distanz, verbrannte Kalorien &amp; Herzfrequenz mit der hintergrundbeleuchteten digitalen LCD-Fitness-Konsole. Verwende die integrierte Kinomap-App f\u00fcr mobile Ger\u00e4te oder Tablets: einfach via Bluetooth mit deinem Ger\u00e4t verbinden, um dein Training \u00fcber dein pers\u00f6nliches Fitness-Dashboard nachzuverfolgen &amp; zu analysieren.<\/p>\n<p><em>Bitte beachte, dass die Pulssensoren an den Handgriffen nur zur Veranschaulichung dienen und nicht bei diesem Produkt enthalten sind.<\/em><\/p>\n<p style=\"text-align: justify;\"><b>&#8212;&#8212; In the box &#8212;&#8212; <\/b><br \/>\n\u279c Bluefin Fitness Tour SP Ergometer<br \/>\n\u279c Bedienungsanleitung<br \/>\n\u279c Werkzeug-Set f\u00fcr Wartung &amp; Inbetriebnahme<\/p>\n<p style=\"text-align: justify;\"><b>&#8212;&#8211; Wichtigste Eigenschaften &#8212;&#8211; <\/b><br \/>\n\u2713 Kinomap Mobile-\/Tablet-App mit Video-Training &#8211; Social-media-kompatibel<br \/>\n\u2713 Top-Qualit\u00e4t<br \/>\n\u2713 Innovatives Design 122 cm x 129 cm x 58 cm<br \/>\n\u2713 Eingebaute R\u00e4der f\u00fcr den einfachen Transport<br \/>\n\u2713 Ger\u00e4uschloses Riemenantriebs\u00fcbertragungssystem<br \/>\n\u2713 Einstellbare Widerstandsregelung<br \/>\n\u2713 Drop-Lenker mit gepolsterten Armst\u00fctzen<br \/>\n\u2713 Sport-Pedale mit geformten Zehenk\u00e4figen<br \/>\n\u2713 Wasserflaschenhalter<br \/>\n\u2713 25 kg schweres Schwungrad<\/p>\n","protected":false},"excerpt":{"rendered":"<ul>\n<li style=\"text-align: justify;\">INTEGRIERTE SMARTPHONE-KINOMAP-APP: Das TOUR SP-Fahrrad ist mit der Kinomap-Fitness-App kompatibel &#8211; enth\u00e4lt tausende Trainings-Videos aus der ganzen Welt, Coaching- &amp; Trainings-Kurse &amp; strukturierte Workouts. Werde noch heute Teil der Kinomap-Community!<\/li>\n<li style=\"text-align: justify;\">FL\u00dcSTERLEISE UND FL\u00dcSSIGE BEWEGUNGEN: Das 25 kg schwere Schwungrad &amp; das ger\u00e4uscharme Riemenantriebs\u00fcbertragungssystem verf\u00fcgen \u00fcber eine sichere Bremseinrichtung, mit der du ganz einfach zum Stillstand kommst.<\/li>\n<li style=\"text-align: justify;\">NIEDRIGE BELASTUNG DER GELENKE, HOHE INTENSIT\u00c4T: Der Tour SP Heimtrainer bietet ein gelenkschonendes Cardio-Training, das deine Gelenke schont &amp; von gro\u00dfem Nutzen f\u00fcr deine Gesundheit ist.<\/li>\n<li style=\"text-align: justify;\">LCD-DISPLAY: Messe Zeit, Entfernung, Kalorienverbrauch &amp; Pulsfrequenz auf dem hintergrundbeleuchteten, multifunktionalen LCD-Display. Bringe dich an deine Grenzen &amp; erreiche deine Fitnessziele.<\/li>\n<li style=\"text-align: justify;\">EINSTELLBARER WIDERSTAND + BREMS-STOPP: Bringe dich an dein Limit &amp; erreiche deine Fitnessziele. Mit gepolsterten Armst\u00fctzen, Pulsmessern, Wasserflaschenhalter sowie Aluminium-Sportpedale mit geformten Zehenk\u00e4figen.<\/li>\n<\/ul>\n","protected":false},"featured_media":644911,"comment_status":"open","ping_status":"closed","template":"","meta":[],"product_cat":[1019,118],"product_tag":[],"_links":{"self":[{"href":"https:\/\/last.bluefinfitness.com\/de\/wp-json\/wp\/v2\/product\/29016"}],"collection":[{"href":"https:\/\/last.bluefinfitness.com\/de\/wp-json\/wp\/v2\/product"}],"about":[{"href":"https:\/\/last.bluefinfitness.com\/de\/wp-json\/wp\/v2\/types\/product"}],"replies":[{"embeddable":true,"href":"https:\/\/last.bluefinfitness.com\/de\/wp-json\/wp\/v2\/comments?post=29016"}],"wp:featuredmedia":[{"embeddable":true,"href":"https:\/\/last.bluefinfitness.com\/de\/wp-json\/wp\/v2\/media\/644911"}],"wp:attachment":[{"href":"https:\/\/last.bluefinfitness.com\/de\/wp-json\/wp\/v2\/media?parent=29016"}],"wp:term":[{"taxonomy":"product_cat","embeddable":true,"href":"https:\/\/last.bluefinfitness.com\/de\/wp-json\/wp\/v2\/product_cat?post=29016"},{"taxonomy":"product_tag","embeddable":true,"href":"https:\/\/last.bluefinfitness.com\/de\/wp-json\/wp\/v2\/product_tag?post=29016"}],"curies":[{"name":"wp","href":"https:\/\/api.w.org\/{rel}","templated":true}]}}