{"id":606896,"date":"2021-02-11T14:36:23","date_gmt":"2021-04-19T16:02:45","guid":{"rendered":"https:\/\/www.bluefinfitness.com\/?post_type=product&#038;p=606896"},"modified":"2023-03-16T10:47:45","modified_gmt":"2023-03-16T10:47:45","slug":"indoor-bike-web-exclusive","status":"publish","type":"product","link":"https:\/\/last.bluefinfitness.com\/de\/indoor-bike-web-exclusive\/","title":{"rendered":"Bluefin Tour XP Heimtrainer"},"content":{"rendered":"<p>Das Indoor-Cycling-Fahrrad Tour XP ist unser kompaktestes Modell innerhalb der Tour-Heimtrainer-Serie.<\/p>\n<p>Das Tour XP l\u00e4sst sich in Sekundenschnelle zusammenbauen und zusammenfalten, sodass du jederzeit ohne gro\u00dfen Aufwand zu Hause trainieren kannst.<\/p>\n<p>Das Tour XP erm\u00f6glicht dir ein gelenkschonendes, hochintensives Cardio-Workout, ganz egal, ob du Anf\u00e4nger oder bereits Profi bist! Mit 8 einstellbaren Widerstandsstufen hast du jederzeit die Kontrolle \u00fcber deine Fitnessziele. Das Tour XP ist mit einem verst\u00e4rkten Stahlrahmen ausgestattet, der so robust ist, dass er auch hochintensiven Trainingseinheiten standh\u00e4lt. Zudem verf\u00fcgt das Tour XP \u00fcber Herzfrequenzsensoren und einen wasserdichten, ergonomischen Sitz, sodass auch anspruchsvolle Workouts m\u00f6glich sind.<\/p>\n<p>Baue Muskeln auf und verbrenne Kalorien, w\u00e4hrend du mit dem professionellen Riemenantrieb effektiv und gelenkschonend trainierst. Die Anti-Rutsch-Pedale sorgen f\u00fcr zus\u00e4tzliche Sicherheit, aufgrund der ultraleichten Tretbewegungen genie\u00dft du eine v\u00f6llige Wartungsfreiheit und durch die minimale Ger\u00e4uschbeeintr\u00e4chtigungen eignet sich das Tour XP besonders f\u00fcr Heim-Gyms.<\/p>\n<p>Mit der eingebauten LCD-Konsole kannst du ganz einfach Zeit, Distanz und verbrannte Kalorien messen. Nutze die integrierte Kinomap-App &amp; verwende die Bluetooth-Verbindung, um dein Training auf deinem pers\u00f6nlichen Fitness-Dashboard zu verfolgen und zu analysieren.<\/p>\n<p>Das Tour XP wird teilmontiert geliefert, sodass du es im Handumdrehen aufgebaut hast und mit dem Training starten kannst!<\/p>\n<p>&#8212; Im Paket enthalten &#8212;<\/p>\n<p>Bluefin Fitness Tour XP Heimtrainer<\/p>\n<p>\u279c Gebrauchsanweisung<\/p>\n<p>\u279c Werkzeugsatz f\u00fcr Aufbau und Wartung<\/p>\n<p>&#8212; Wichtigste Produkteigenschaften &#8212;<\/p>\n<p>\u2713 Kompatibel mit Kinomap Mobile-\/Tablet-App<\/p>\n<p>\u2713 Eingebaute LCD-Konsole<\/p>\n<p>\u2713 Kompaktes Design: 92 cm x 52,5 cm x 123,5 cm<\/p>\n<p>\u2713 Praktisch ger\u00e4uschloser Riemenantrieb<\/p>\n<p>\u2713 Herzfrequenzsensoren<\/p>\n<p>\u2713 1-8 einstellbare Widerstandsstufen<\/p>\n<p>\u2713 Anti-Rutsch-Fu\u00dfpedale<\/p>\n<p>\u2713 Eingebaute R\u00e4der f\u00fcr einfachen Transport<\/p>\n<p>\u2713 Max. Benutzergewicht: 120 kg<\/p>\n\t<div class=\"img has-hover x md-x lg-x y md-y lg-y\" id=\"image_1386105221\">\n\t\t\t\t\t\t\t\t<div class=\"img-inner dark\" >\n\t\t\t<img decoding=\"async\" width=\"970\" height=\"300\" src=\"https:\/\/last.bluefinfitness.com\/wp-content\/uploads\/2021\/04\/636339478526-3-A-PT01-1.png\" class=\"attachment-large size-large\" alt=\"Bluefin indoor cycling fahrrad\" srcset=\"https:\/\/last.bluefinfitness.com\/wp-content\/uploads\/2021\/04\/636339478526-3-A-PT01-1.png 970w, https:\/\/last.bluefinfitness.com\/wp-content\/uploads\/2021\/04\/636339478526-3-A-PT01-1-300x93.png 300w, https:\/\/last.bluefinfitness.com\/wp-content\/uploads\/2021\/04\/636339478526-3-A-PT01-1-768x238.png 768w, https:\/\/last.bluefinfitness.com\/wp-content\/uploads\/2021\/04\/636339478526-3-A-PT01-1-500x155.png 500w\" sizes=\"(max-width: 970px) 100vw, 970px\" \/>\t\t\t\t\t\t\n\t\t\t\t\t<\/div>\n\t\t\t\t\t\t\t\t\n<style>\n#image_1386105221 {\n  width: 100%;\n}\n<\/style>\n\t<\/div>\n\t\n\t<div id=\"gap-550626299\" class=\"gap-element clearfix\" style=\"display:block; height:auto;\">\n\t\t\n<style>\n#gap-550626299 {\n  padding-top: 30px;\n}\n<\/style>\n\t<\/div>\n\t\n<div class=\"row\"  id=\"row-1219328599\">\n\n\t<div id=\"col-781664519\" class=\"col medium-4 small-12 large-4\"  >\n\t\t\t\t<div class=\"col-inner\"  >\n\t\t\t\n\t\t\t\n\t<div class=\"box has-hover   has-hover box-text-bottom\" >\n\n\t\t<div class=\"box-image\" >\n\t\t\t\t\t\t<div class=\"\" >\n\t\t\t\t<img decoding=\"async\" width=\"300\" height=\"300\" src=\"https:\/\/last.bluefinfitness.com\/wp-content\/uploads\/2021\/02\/636339478526-3-A-PT02.png\" class=\"attachment- size-\" alt=\"Bluefin indoor cycling fahrrad\" srcset=\"https:\/\/last.bluefinfitness.com\/wp-content\/uploads\/2021\/02\/636339478526-3-A-PT02.png 300w, https:\/\/last.bluefinfitness.com\/wp-content\/uploads\/2021\/02\/636339478526-3-A-PT02-150x150.png 150w, https:\/\/last.bluefinfitness.com\/wp-content\/uploads\/2021\/02\/636339478526-3-A-PT02-100x100.png 100w\" sizes=\"(max-width: 300px) 100vw, 300px\" \/>\t\t\t\t\t\t\t\t\t\t\t<\/div>\n\t\t\t\t\t<\/div>\n\n\t\t<div class=\"box-text text-center\" >\n\t\t\t<div class=\"box-text-inner\">\n\t\t\t\t\n<h4>Modernste Anti-Rutsch-Pedale. Garantiert verletzungsfreie Trainingseinheiten:<\/h4>\n<p>Die komfortablen, fortschrittlichen Anti-Rutsch-Pedale sind extra-breit konzipiert, sodass du mit dem Tour XP stets sicher und gefahrlos trainierst. Die verbesserte K\u00f6rperhaltung und der bessere Grip erm\u00f6glichen dir explosive Trainingseinheiten, sodass du stets das Beste aus jeder Trainingseinheit herausholst!<\/p>\n\t\t\t<\/div>\n\t\t<\/div>\n\t<\/div>\n\t\n\t\t<\/div>\n\t\t\t\t\t<\/div>\n\n\t\n\n\t<div id=\"col-1116108691\" class=\"col medium-4 small-12 large-4\"  >\n\t\t\t\t<div class=\"col-inner\"  >\n\t\t\t\n\t\t\t\n\t<div class=\"box has-hover   has-hover box-text-bottom\" >\n\n\t\t<div class=\"box-image\" >\n\t\t\t\t\t\t<div class=\"\" >\n\t\t\t\t<img decoding=\"async\" width=\"301\" height=\"301\" src=\"https:\/\/last.bluefinfitness.com\/wp-content\/uploads\/2021\/02\/636339478526-3-A-PT03.png\" class=\"attachment- size-\" alt=\"Bluefin indoor cycling fahrrad\" srcset=\"https:\/\/last.bluefinfitness.com\/wp-content\/uploads\/2021\/02\/636339478526-3-A-PT03.png 301w, https:\/\/last.bluefinfitness.com\/wp-content\/uploads\/2021\/02\/636339478526-3-A-PT03-150x150.png 150w, https:\/\/last.bluefinfitness.com\/wp-content\/uploads\/2021\/02\/636339478526-3-A-PT03-100x100.png 100w\" sizes=\"(max-width: 301px) 100vw, 301px\" \/>\t\t\t\t\t\t\t\t\t\t\t<\/div>\n\t\t\t\t\t<\/div>\n\n\t\t<div class=\"box-text text-center\" >\n\t\t\t<div class=\"box-text-inner\">\n\t\t\t\t\n<h4>Integrierte Kinoma-Fitness-App. Maximiere deine Fitnessleistung:<\/h4>\n<p>Damit du bei jedem Training motiviert bist, bietet dir die Kinomap-App die M\u00f6glichkeit, virtuell auf der ganzen Welt zu trainieren, an Community-Wettbewerben teilzunehmen und deine Fortschritte mit Hilfe deines pers\u00f6nlichen Fitness-Dashboards nachzuverfolgen. Die interaktive App analysiert ebenfalls die Parameter Geschwindigkeit, Distanz, Zeit sowie deinen Kalorienverbrauch, sodass du deine Trainingseinheiten garantiert auf das n\u00e4chste Level bringst!<\/p>\n\t\t\t<\/div>\n\t\t<\/div>\n\t<\/div>\n\t\n\t\t<\/div>\n\t\t\t\t\t<\/div>\n\n\t\n\n\t<div id=\"col-540843597\" class=\"col medium-4 small-12 large-4\"  >\n\t\t\t\t<div class=\"col-inner\"  >\n\t\t\t\n\t\t\t\n\t<div class=\"box has-hover   has-hover box-text-bottom\" >\n\n\t\t<div class=\"box-image\" >\n\t\t\t\t\t\t<div class=\"\" >\n\t\t\t\t<img decoding=\"async\" width=\"300\" height=\"300\" src=\"https:\/\/last.bluefinfitness.com\/wp-content\/uploads\/2021\/02\/636339478526-3-A-PT04.png\" class=\"attachment- size-\" alt=\"Bluefin indoor cycling fahrrad\" srcset=\"https:\/\/last.bluefinfitness.com\/wp-content\/uploads\/2021\/02\/636339478526-3-A-PT04.png 300w, https:\/\/last.bluefinfitness.com\/wp-content\/uploads\/2021\/02\/636339478526-3-A-PT04-150x150.png 150w, https:\/\/last.bluefinfitness.com\/wp-content\/uploads\/2021\/02\/636339478526-3-A-PT04-100x100.png 100w\" sizes=\"(max-width: 300px) 100vw, 300px\" \/>\t\t\t\t\t\t\t\t\t\t\t<\/div>\n\t\t\t\t\t<\/div>\n\n\t\t<div class=\"box-text text-center\" >\n\t\t\t<div class=\"box-text-inner\">\n\t\t\t\t\n<h4>Manuelle Widerstandseinstellungen. Entdecke dein Fitness-Potenzial.<\/h4>\n<p>Mit 8 x einstellbaren Widerst\u00e4nden, die es dir erm\u00f6glichen, das Training an deine Bed\u00fcrfnisse anzupassen, ist der Tour XP Heimtrainer f\u00fcr alle Altersgruppen und Fitnessf\u00e4higkeiten geeignet. Mit den integrierten Herzfrequenzsensoren kannst du an deine Grenzen gehen und dein wahres Fitnesspotenzial entfesseln.<\/p>\n\t\t\t<\/div>\n\t\t<\/div>\n\t<\/div>\n\t\n\t\t<\/div>\n\t\t\t\t\t<\/div>\n\n\t\n<\/div>\n<div class=\"row\"  id=\"row-382303019\">\n\n\t<div id=\"col-1642478949\" class=\"col medium-4 small-12 large-4\"  >\n\t\t\t\t<div class=\"col-inner\"  >\n\t\t\t\n\t\t\t\n\t<div class=\"box has-hover   has-hover box-text-bottom\" >\n\n\t\t<div class=\"box-image\" >\n\t\t\t\t\t\t<div class=\"\" >\n\t\t\t\t<img decoding=\"async\" width=\"300\" height=\"300\" src=\"https:\/\/last.bluefinfitness.com\/wp-content\/uploads\/2021\/02\/636339478526-3-A-PT05.png\" class=\"attachment- size-\" alt=\"Bluefin indoor cycling fahrrad\" srcset=\"https:\/\/last.bluefinfitness.com\/wp-content\/uploads\/2021\/02\/636339478526-3-A-PT05.png 300w, https:\/\/last.bluefinfitness.com\/wp-content\/uploads\/2021\/02\/636339478526-3-A-PT05-150x150.png 150w, https:\/\/last.bluefinfitness.com\/wp-content\/uploads\/2021\/02\/636339478526-3-A-PT05-100x100.png 100w\" sizes=\"(max-width: 300px) 100vw, 300px\" \/>\t\t\t\t\t\t\t\t\t\t\t<\/div>\n\t\t\t\t\t<\/div>\n\n\t\t<div class=\"box-text text-center\" >\n\t\t\t<div class=\"box-text-inner\">\n\t\t\t\t\n<h4>Gepolsterte Sitztechnologie. Wasserabweisender, EVA-beschichteter Sitz.<\/h4>\n<p>Die wasserabweisende, EVA-beschichtete Polsterung bietet zus\u00e4tzlichen Komfort &amp; R\u00fcckenunterst\u00fctzung w\u00e4hrend deines Trainings. Der Sitz ist super-bequem, kinderleicht abwaschbar und verf\u00fcgt \u00fcber einen antibakteriellen \u00dcberzug, damit du ein Leben lang intensiv trainieren kannst. Das einzigartige und ansprechende ergonomische Sitzpolster wurde speziell daf\u00fcr entwickelt, um dir eine feste, aber dennoch komfortable Polsterung an allen wichtigen Stellen zu bieten.<\/p>\n\t\t\t<\/div>\n\t\t<\/div>\n\t<\/div>\n\t\n\t\t<\/div>\n\t\t\t\t\t<\/div>\n\n\t\n\n\t<div id=\"col-832380832\" class=\"col medium-4 small-12 large-4\"  >\n\t\t\t\t<div class=\"col-inner\"  >\n\t\t\t\n\t\t\t\n\t<div class=\"box has-hover   has-hover box-text-bottom\" >\n\n\t\t<div class=\"box-image\" >\n\t\t\t\t\t\t<div class=\"\" >\n\t\t\t\t<img decoding=\"async\" width=\"300\" height=\"300\" src=\"https:\/\/last.bluefinfitness.com\/wp-content\/uploads\/2021\/02\/636339478526-3-A-PT06.png\" class=\"attachment- size-\" alt=\"Bluefin indoor cycling fahrrad\" srcset=\"https:\/\/last.bluefinfitness.com\/wp-content\/uploads\/2021\/02\/636339478526-3-A-PT06.png 300w, https:\/\/last.bluefinfitness.com\/wp-content\/uploads\/2021\/02\/636339478526-3-A-PT06-150x150.png 150w, https:\/\/last.bluefinfitness.com\/wp-content\/uploads\/2021\/02\/636339478526-3-A-PT06-100x100.png 100w\" sizes=\"(max-width: 300px) 100vw, 300px\" \/>\t\t\t\t\t\t\t\t\t\t\t<\/div>\n\t\t\t\t\t<\/div>\n\n\t\t<div class=\"box-text text-center\" >\n\t\t\t<div class=\"box-text-inner\">\n\t\t\t\t\n<h4>Kompaktes, faltbares Design. Bringe mehr Bewegung in deinen Alltag:<\/h4>\n<p>Der Bluefin Fitness Tour XP Heimtrainer ist unser kompaktestes Modell innerhalb unsere Tour-Heimtrainer-Serie. Der Heimtrainer l\u00e4sst sich in Sekundenschnelle zusammenbauen und zusammenklappen und verf\u00fcgt \u00fcber eingebaute R\u00e4der f\u00fcr einen einfachen Transport.<\/p>\n\t\t\t<\/div>\n\t\t<\/div>\n\t<\/div>\n\t\n\t\t<\/div>\n\t\t\t\t\t<\/div>\n\n\t\n\n\t<div id=\"col-1533008055\" class=\"col medium-4 small-12 large-4\"  >\n\t\t\t\t<div class=\"col-inner\"  >\n\t\t\t\n\t\t\t\n\t<div class=\"box has-hover   has-hover box-text-bottom\" >\n\n\t\t<div class=\"box-image\" >\n\t\t\t\t\t\t<div class=\"\" >\n\t\t\t\t<img decoding=\"async\" width=\"300\" height=\"300\" src=\"https:\/\/last.bluefinfitness.com\/wp-content\/uploads\/2021\/02\/636339478526-3-A-PT07.png\" class=\"attachment- size-\" alt=\"Bluefin indoor cycling fahrrad\" srcset=\"https:\/\/last.bluefinfitness.com\/wp-content\/uploads\/2021\/02\/636339478526-3-A-PT07.png 300w, https:\/\/last.bluefinfitness.com\/wp-content\/uploads\/2021\/02\/636339478526-3-A-PT07-150x150.png 150w, https:\/\/last.bluefinfitness.com\/wp-content\/uploads\/2021\/02\/636339478526-3-A-PT07-100x100.png 100w\" sizes=\"(max-width: 300px) 100vw, 300px\" \/>\t\t\t\t\t\t\t\t\t\t\t<\/div>\n\t\t\t\t\t<\/div>\n\n\t\t<div class=\"box-text text-center\" >\n\t\t\t<div class=\"box-text-inner\">\n\t\t\t\t\n<h4>Integrierte R\u00e4der f\u00fcr einen einfachen Transport.<\/h4>\n<p>Damit du im Handumdrehen in die Pedale treten kannst, verf\u00fcgt das Tour XP \u00fcber integrierte Leichtlaufrollen. Auf diese Weise kannst du deinen Heimtrainer platzsparend verstauen und ihn im Handumdrehen an den gew\u00fcnschten Ort rollen, ohne dabei ins Schwitzen zu kommen.<\/p>\n\t\t\t<\/div>\n\t\t<\/div>\n\t<\/div>\n\t\n\t\t<\/div>\n\t\t\t\t\t<\/div>\n\n\t\n<\/div>\n<div class=\"row\"  id=\"row-1656253169\">\n\n\t<div id=\"col-1437471187\" class=\"col medium-3 small-6 large-3\"  >\n\t\t\t\t<div class=\"col-inner\"  >\n\t\t\t\n\t\t\t\n\t<div class=\"box has-hover   has-hover box-text-bottom\" >\n\n\t\t<div class=\"box-image\" >\n\t\t\t\t\t\t<div class=\"\" >\n\t\t\t\t<img decoding=\"async\" width=\"220\" height=\"220\" src=\"https:\/\/last.bluefinfitness.com\/wp-content\/uploads\/2021\/02\/636339478526-3-A-PT08.png\" class=\"attachment- size-\" alt=\"Bluefin indoor cycling fahrrad\" srcset=\"https:\/\/last.bluefinfitness.com\/wp-content\/uploads\/2021\/02\/636339478526-3-A-PT08.png 220w, https:\/\/last.bluefinfitness.com\/wp-content\/uploads\/2021\/02\/636339478526-3-A-PT08-150x150.png 150w, https:\/\/last.bluefinfitness.com\/wp-content\/uploads\/2021\/02\/636339478526-3-A-PT08-100x100.png 100w\" sizes=\"(max-width: 220px) 100vw, 220px\" \/>\t\t\t\t\t\t\t\t\t\t\t<\/div>\n\t\t\t\t\t<\/div>\n\n\t\t<div class=\"box-text text-center\" >\n\t\t\t<div class=\"box-text-inner\">\n\t\t\t\t\n<h4>Gelenkschutz. Verbessere deine Ausdauer.<\/h4>\n<p>Arbeite an deiner Ausdauerf\u00e4higkeit, baue Muskeln auf und trainiere mit dem Tour XP Heimtrainer sowohl bei geringer Belastung als auch bei hoher Intensit\u00e4t. Ganz egal, ob du Anf\u00e4nger oder bereits ein absoluter Profi bist: Mit dem Tour XP kannst du jederzeit intensive, gelenkschonende Trainingseinheiten absolvieren und ins Schwitzen kommen. Das Tour XP ist dein perfekter Trainingsbegleiter und immer f\u00fcr dich da!<\/p>\n\t\t\t<\/div>\n\t\t<\/div>\n\t<\/div>\n\t\n\t\t<\/div>\n\t\t\t\t\t<\/div>\n\n\t\n\n\t<div id=\"col-884150187\" class=\"col medium-3 small-6 large-3\"  >\n\t\t\t\t<div class=\"col-inner\"  >\n\t\t\t\n\t\t\t\n\t<div class=\"box has-hover   has-hover box-text-bottom\" >\n\n\t\t<div class=\"box-image\" >\n\t\t\t\t\t\t<div class=\"\" >\n\t\t\t\t<img decoding=\"async\" width=\"220\" height=\"220\" src=\"https:\/\/last.bluefinfitness.com\/wp-content\/uploads\/2021\/02\/636339478526-3-A-PT09.png\" class=\"attachment- size-\" alt=\"Bluefin indoor cycling fahrrad\" srcset=\"https:\/\/last.bluefinfitness.com\/wp-content\/uploads\/2021\/02\/636339478526-3-A-PT09.png 220w, https:\/\/last.bluefinfitness.com\/wp-content\/uploads\/2021\/02\/636339478526-3-A-PT09-150x150.png 150w, https:\/\/last.bluefinfitness.com\/wp-content\/uploads\/2021\/02\/636339478526-3-A-PT09-100x100.png 100w\" sizes=\"(max-width: 220px) 100vw, 220px\" \/>\t\t\t\t\t\t\t\t\t\t\t<\/div>\n\t\t\t\t\t<\/div>\n\n\t\t<div class=\"box-text text-center\" >\n\t\t\t<div class=\"box-text-inner\">\n\t\t\t\t\n<h4>Interaktive Konsole. Analysiere deine Trainingsleistungen.<\/h4>\n<p>Das LCD-Display erm\u00f6glicht es dir, dein Training in Echtzeit nachzuverfolgen und liefert dir pr\u00e4zise Statistiken und Daten, mit denen du die Faktoren Geschwindigkeit, Zeit, Distanz und verbrannte Kalorien analyiseren kannst. Dank der Kompatibilit\u00e4t mit der Fit-Show-App holst du mit den interaktiven Trainingsoptionen das Beste aus jeder Trainingseinheit heraus.<\/p>\n\t\t\t<\/div>\n\t\t<\/div>\n\t<\/div>\n\t\n\t\t<\/div>\n\t\t\t\t\t<\/div>\n\n\t\n\n\t<div id=\"col-70017030\" class=\"col medium-3 small-6 large-3\"  >\n\t\t\t\t<div class=\"col-inner\"  >\n\t\t\t\n\t\t\t\n\t<div class=\"box has-hover   has-hover box-text-bottom\" >\n\n\t\t<div class=\"box-image\" >\n\t\t\t\t\t\t<div class=\"\" >\n\t\t\t\t<img decoding=\"async\" width=\"220\" height=\"220\" src=\"https:\/\/last.bluefinfitness.com\/wp-content\/uploads\/2021\/02\/636339478526-3-A-PT10.png\" class=\"attachment- size-\" alt=\"Bluefin indoor cycling fahrrad\" srcset=\"https:\/\/last.bluefinfitness.com\/wp-content\/uploads\/2021\/02\/636339478526-3-A-PT10.png 220w, https:\/\/last.bluefinfitness.com\/wp-content\/uploads\/2021\/02\/636339478526-3-A-PT10-150x150.png 150w, https:\/\/last.bluefinfitness.com\/wp-content\/uploads\/2021\/02\/636339478526-3-A-PT10-100x100.png 100w\" sizes=\"(max-width: 220px) 100vw, 220px\" \/>\t\t\t\t\t\t\t\t\t\t\t<\/div>\n\t\t\t\t\t<\/div>\n\n\t\t<div class=\"box-text text-center\" >\n\t\t\t<div class=\"box-text-inner\">\n\t\t\t\t\n<h4>Sanfte Trittbewegungen. Fl\u00fcsterleises Workout.<\/h4>\n<p>Der professionelle Riemenantrieb und die ultraleichten Trittbewegungen sorgen jedes Mal f\u00fcr ein robustes und nahezu ger\u00e4uschloses Trainingserlebnis. Au\u00dferdem ist das Tour XP absolut wartungsfrei, sodass du so gut wie nie Probleme beim Training haben wirst.<\/p>\n\t\t\t<\/div>\n\t\t<\/div>\n\t<\/div>\n\t\n\t\t<\/div>\n\t\t\t\t\t<\/div>\n\n\t\n\n\t<div id=\"col-898830546\" class=\"col medium-3 small-6 large-3\"  >\n\t\t\t\t<div class=\"col-inner\"  >\n\t\t\t\n\t\t\t\n\t<div class=\"box has-hover   has-hover box-text-bottom\" >\n\n\t\t<div class=\"box-image\" >\n\t\t\t\t\t\t<div class=\"\" >\n\t\t\t\t<img decoding=\"async\" width=\"220\" height=\"220\" src=\"https:\/\/last.bluefinfitness.com\/wp-content\/uploads\/2021\/02\/636339478526-3-A-PT11.png\" class=\"attachment- size-\" alt=\"Bluefin indoor cycling fahrrad\" srcset=\"https:\/\/last.bluefinfitness.com\/wp-content\/uploads\/2021\/02\/636339478526-3-A-PT11.png 220w, https:\/\/last.bluefinfitness.com\/wp-content\/uploads\/2021\/02\/636339478526-3-A-PT11-150x150.png 150w, https:\/\/last.bluefinfitness.com\/wp-content\/uploads\/2021\/02\/636339478526-3-A-PT11-100x100.png 100w\" sizes=\"(max-width: 220px) 100vw, 220px\" \/>\t\t\t\t\t\t\t\t\t\t\t<\/div>\n\t\t\t\t\t<\/div>\n\n\t\t<div class=\"box-text text-center\" >\n\t\t\t<div class=\"box-text-inner\">\n\t\t\t\t\n<h4>Bluefin Fitness Tour XP Heimtrainer. Trainiere \u00fcberall und jederzeit!<\/h4>\n<p>Der Tour XP Heimtrainer verf\u00fcgt \u00fcber einen verst\u00e4rkten Stahlrahmen und ist so konstruiert, dass er selbst die intensivsten Trainingseinheiten unterst\u00fctzt. Durch das innovative, platzsparende Design ist das Tour XP das perfekte Cardio-Ger\u00e4t f\u00fcr jedes Heimgym. Ab sofort hast du also die M\u00f6glichkeit, jederzeit und \u00fcberall zu trainieren!<\/p>\n\t\t\t<\/div>\n\t\t<\/div>\n\t<\/div>\n\t\n\t\t<\/div>\n\t\t\t\t\t<\/div>\n\n\t\n<\/div>\n","protected":false},"excerpt":{"rendered":"<p><strong>WERDE FIT ZU HAUSE:<\/strong> Der Tour XP Heimtrainer erm\u00f6glicht dir ein leichtes, hochintensives Cardio-Training bequem von zu Hause aus! Der verst\u00e4rkte Stahlrahmen und die 8 einstellbaren Widerstandsstufen machen das Training so einfach wie noch nie!<br \/>\n<strong>KOMPATIBEL MIT KINOMAP:<\/strong> Gestalte dein Training noch unterhaltsamer mit der Kinomap-App. Damit hast du die M\u00f6glichkeit, virtuell auf der ganzen Welt zu trainieren, an Wettk\u00e4mpfen teilzunehmen und deine Fortschritte zu \u00fcberwachen.<br \/>\n<strong>LEISE &amp; LEISTUNGSSTARK:<\/strong> Das Tour XP ist mit einem professionellen Riemenantrieb ausgestattet, der f\u00fcr eine gelenkschonende und ger\u00e4uscharme Tretbewegung sorgt und v\u00f6llig wartungsfrei ist! So kannst du gefahrlos zu Hause trainieren!<br \/>\n<strong>KOMPAKTES UND ZUSAMMENKLAPPBARES DESIGN:<\/strong><span style=\"vertical-align: inherit;\"><span style=\"vertical-align: inherit;\"><span style=\"vertical-align: inherit;\"><span style=\"vertical-align: inherit;\"><span style=\"vertical-align: inherit;\"><span style=\"vertical-align: inherit;\">Der Heimtrainer l\u00e4sst sich in Sekundenschnelle zusammenklappen, sodass du jederzeit und \u00fcberall trainieren und dein Spinning-Bike nach jeder Trainingseinheit einfach verstauen kannst. <\/span><\/span><\/span><\/span><\/span><\/span><br \/>\n<strong><span style=\"vertical-align: inherit;\"><span style=\"vertical-align: inherit;\"><span style=\"vertical-align: inherit;\"><span style=\"vertical-align: inherit;\"><span style=\"vertical-align: inherit;\"><span style=\"vertical-align: inherit;\">WEITERE MERKMALE:<\/span><\/span><\/span><\/span><\/span><\/span><\/strong><span style=\"vertical-align: inherit;\"><span style=\"vertical-align: inherit;\"><span style=\"vertical-align: inherit;\"><span style=\"vertical-align: inherit;\"><span style=\"vertical-align: inherit;\"><span style=\"vertical-align: inherit;\"> Verbessere deine Trainingseinheiten: Miss die Parameter Distanz, Zeit und Kalorien mit Hilfe der LCD-Konsole und \u00fcberwache deinen Puls mit Hilfe der Herzfrequenzsensoren! Au\u00dferdem l\u00e4sst sich der Heimtrainer an jede K\u00f6rpergr\u00f6\u00dfe anpassen.<\/span><\/span><\/span><\/span><\/span><\/span><\/p>\n","protected":false},"featured_media":645764,"comment_status":"open","ping_status":"closed","template":"","meta":[],"product_cat":[1019,157],"product_tag":[],"_links":{"self":[{"href":"https:\/\/last.bluefinfitness.com\/de\/wp-json\/wp\/v2\/product\/606896"}],"collection":[{"href":"https:\/\/last.bluefinfitness.com\/de\/wp-json\/wp\/v2\/product"}],"about":[{"href":"https:\/\/last.bluefinfitness.com\/de\/wp-json\/wp\/v2\/types\/product"}],"replies":[{"embeddable":true,"href":"https:\/\/last.bluefinfitness.com\/de\/wp-json\/wp\/v2\/comments?post=606896"}],"wp:featuredmedia":[{"embeddable":true,"href":"https:\/\/last.bluefinfitness.com\/de\/wp-json\/wp\/v2\/media\/645764"}],"wp:attachment":[{"href":"https:\/\/last.bluefinfitness.com\/de\/wp-json\/wp\/v2\/media?parent=606896"}],"wp:term":[{"taxonomy":"product_cat","embeddable":true,"href":"https:\/\/last.bluefinfitness.com\/de\/wp-json\/wp\/v2\/product_cat?post=606896"},{"taxonomy":"product_tag","embeddable":true,"href":"https:\/\/last.bluefinfitness.com\/de\/wp-json\/wp\/v2\/product_tag?post=606896"}],"curies":[{"name":"wp","href":"https:\/\/api.w.org\/{rel}","templated":true}]}}