{"id":642944,"date":"2022-12-15T09:48:11","date_gmt":"2022-12-15T09:48:11","guid":{"rendered":"https:\/\/www.bluefinfitness.com\/fitness-blade-rowing-machine\/"},"modified":"2024-04-05T16:27:06","modified_gmt":"2024-04-05T16:27:06","slug":"fitness-blade-rowing-machine-web-exclusive","status":"publish","type":"product","link":"https:\/\/last.bluefinfitness.com\/de\/fitness-blade-rowing-machine-web-exclusive\/","title":{"rendered":"Bluefin Blade FIT Ruderger\u00e4t"},"content":{"rendered":"<p><img decoding=\"async\" class=\"alignnone size-full wp-image-642966\" src=\"https:\/\/bluefinfitness.com\/wp-content\/uploads\/2022\/12\/DE_Blade-A-Web-Image-1.jpg\" alt=\"\" width=\"1940\" height=\"1200\" srcset=\"https:\/\/last.bluefinfitness.com\/wp-content\/uploads\/2022\/12\/DE_Blade-A-Web-Image-1.jpg 1940w, https:\/\/last.bluefinfitness.com\/wp-content\/uploads\/2022\/12\/DE_Blade-A-Web-Image-1-300x186.jpg 300w, https:\/\/last.bluefinfitness.com\/wp-content\/uploads\/2022\/12\/DE_Blade-A-Web-Image-1-1024x633.jpg 1024w, https:\/\/last.bluefinfitness.com\/wp-content\/uploads\/2022\/12\/DE_Blade-A-Web-Image-1-768x475.jpg 768w, https:\/\/last.bluefinfitness.com\/wp-content\/uploads\/2022\/12\/DE_Blade-A-Web-Image-1-1536x950.jpg 1536w, https:\/\/last.bluefinfitness.com\/wp-content\/uploads\/2022\/12\/DE_Blade-A-Web-Image-1-500x309.jpg 500w\" sizes=\"(max-width: 1940px) 100vw, 1940px\" \/><\/p>\n<p><img decoding=\"async\" class=\"alignnone size-full wp-image-642967\" src=\"https:\/\/bluefinfitness.com\/wp-content\/uploads\/2022\/12\/DE_Blade-A-Web-Image-2.jpg\" alt=\"\" width=\"1939\" height=\"1200\" srcset=\"https:\/\/last.bluefinfitness.com\/wp-content\/uploads\/2022\/12\/DE_Blade-A-Web-Image-2.jpg 1939w, https:\/\/last.bluefinfitness.com\/wp-content\/uploads\/2022\/12\/DE_Blade-A-Web-Image-2-300x186.jpg 300w, https:\/\/last.bluefinfitness.com\/wp-content\/uploads\/2022\/12\/DE_Blade-A-Web-Image-2-1024x634.jpg 1024w, https:\/\/last.bluefinfitness.com\/wp-content\/uploads\/2022\/12\/DE_Blade-A-Web-Image-2-768x475.jpg 768w, https:\/\/last.bluefinfitness.com\/wp-content\/uploads\/2022\/12\/DE_Blade-A-Web-Image-2-1536x951.jpg 1536w, https:\/\/last.bluefinfitness.com\/wp-content\/uploads\/2022\/12\/DE_Blade-A-Web-Image-2-500x309.jpg 500w\" sizes=\"(max-width: 1939px) 100vw, 1939px\" \/><\/p>\n<p><img decoding=\"async\" src=\"https:\/\/last.bluefinfitness.com\/wp-content\/uploads\/2022\/12\/DE_FIT_Blade-FIT_A-Images_Blade-A-Web-Image-3.jpg\" alt=\"\" width=\"1347\" height=\"833\" class=\"alignnone size-full wp-image-655347\" srcset=\"https:\/\/last.bluefinfitness.com\/wp-content\/uploads\/2022\/12\/DE_FIT_Blade-FIT_A-Images_Blade-A-Web-Image-3.jpg 1347w, https:\/\/last.bluefinfitness.com\/wp-content\/uploads\/2022\/12\/DE_FIT_Blade-FIT_A-Images_Blade-A-Web-Image-3-647x400.jpg 647w, https:\/\/last.bluefinfitness.com\/wp-content\/uploads\/2022\/12\/DE_FIT_Blade-FIT_A-Images_Blade-A-Web-Image-3-1294x800.jpg 1294w, https:\/\/last.bluefinfitness.com\/wp-content\/uploads\/2022\/12\/DE_FIT_Blade-FIT_A-Images_Blade-A-Web-Image-3-768x475.jpg 768w, https:\/\/last.bluefinfitness.com\/wp-content\/uploads\/2022\/12\/DE_FIT_Blade-FIT_A-Images_Blade-A-Web-Image-3-500x309.jpg 500w\" sizes=\"(max-width: 1347px) 100vw, 1347px\" \/><\/p>\n<p><img decoding=\"async\" class=\"alignnone size-full wp-image-642969\" src=\"https:\/\/bluefinfitness.com\/wp-content\/uploads\/2022\/12\/DE_Blade-A-Web-Image-4.jpg\" alt=\"\" width=\"1940\" height=\"1200\" srcset=\"https:\/\/last.bluefinfitness.com\/wp-content\/uploads\/2022\/12\/DE_Blade-A-Web-Image-4.jpg 1940w, https:\/\/last.bluefinfitness.com\/wp-content\/uploads\/2022\/12\/DE_Blade-A-Web-Image-4-300x186.jpg 300w, https:\/\/last.bluefinfitness.com\/wp-content\/uploads\/2022\/12\/DE_Blade-A-Web-Image-4-1024x633.jpg 1024w, https:\/\/last.bluefinfitness.com\/wp-content\/uploads\/2022\/12\/DE_Blade-A-Web-Image-4-768x475.jpg 768w, https:\/\/last.bluefinfitness.com\/wp-content\/uploads\/2022\/12\/DE_Blade-A-Web-Image-4-1536x950.jpg 1536w, https:\/\/last.bluefinfitness.com\/wp-content\/uploads\/2022\/12\/DE_Blade-A-Web-Image-4-500x309.jpg 500w\" sizes=\"(max-width: 1940px) 100vw, 1940px\" \/><\/p>\n<p><img decoding=\"async\" class=\"alignnone size-full wp-image-642970\" src=\"https:\/\/bluefinfitness.com\/wp-content\/uploads\/2022\/12\/DE_Blade-A-Web-Image-5.jpg\" alt=\"\" width=\"1939\" height=\"1200\" srcset=\"https:\/\/last.bluefinfitness.com\/wp-content\/uploads\/2022\/12\/DE_Blade-A-Web-Image-5.jpg 1939w, https:\/\/last.bluefinfitness.com\/wp-content\/uploads\/2022\/12\/DE_Blade-A-Web-Image-5-300x186.jpg 300w, https:\/\/last.bluefinfitness.com\/wp-content\/uploads\/2022\/12\/DE_Blade-A-Web-Image-5-1024x634.jpg 1024w, https:\/\/last.bluefinfitness.com\/wp-content\/uploads\/2022\/12\/DE_Blade-A-Web-Image-5-768x475.jpg 768w, https:\/\/last.bluefinfitness.com\/wp-content\/uploads\/2022\/12\/DE_Blade-A-Web-Image-5-1536x951.jpg 1536w, https:\/\/last.bluefinfitness.com\/wp-content\/uploads\/2022\/12\/DE_Blade-A-Web-Image-5-500x309.jpg 500w\" sizes=\"(max-width: 1939px) 100vw, 1939px\" \/><\/p>\n<p><img decoding=\"async\" class=\"alignnone size-full wp-image-642971\" src=\"https:\/\/bluefinfitness.com\/wp-content\/uploads\/2022\/12\/DE_Blade-A-Web-Image-6.jpg\" alt=\"\" width=\"1940\" height=\"1200\" srcset=\"https:\/\/last.bluefinfitness.com\/wp-content\/uploads\/2022\/12\/DE_Blade-A-Web-Image-6.jpg 1940w, https:\/\/last.bluefinfitness.com\/wp-content\/uploads\/2022\/12\/DE_Blade-A-Web-Image-6-300x186.jpg 300w, https:\/\/last.bluefinfitness.com\/wp-content\/uploads\/2022\/12\/DE_Blade-A-Web-Image-6-1024x633.jpg 1024w, https:\/\/last.bluefinfitness.com\/wp-content\/uploads\/2022\/12\/DE_Blade-A-Web-Image-6-768x475.jpg 768w, https:\/\/last.bluefinfitness.com\/wp-content\/uploads\/2022\/12\/DE_Blade-A-Web-Image-6-1536x950.jpg 1536w, https:\/\/last.bluefinfitness.com\/wp-content\/uploads\/2022\/12\/DE_Blade-A-Web-Image-6-500x309.jpg 500w\" sizes=\"(max-width: 1940px) 100vw, 1940px\" \/><\/p>\n","protected":false},"excerpt":{"rendered":"<ul>\n<li>MANUELLER MAGNETWIDERSTAND: Das magnetische Ruderger\u00e4t Blade FIT verf\u00fcgt \u00fcber einen manuellen Widerstand. Du kannst zwischen 8 verschiedenen Widerstandsstufen w\u00e4hlen, um deine Trainingseinheiten perfekt zu gestalten. W\u00e4hle die Stufe, die zu dir passt, und erh\u00f6he den Widerstand mit der Zeit, wenn sich deine Ruderleistung verbessert.<\/li>\n<li>LEICHTES KOMPAKTES DESIGN: Die Sitzschiene ist aus stahlverst\u00e4rktem Aluminium gefertigt. Dank des superleichten Designs betr\u00e4gt das Nettogewicht der Maschine nur 21,9 kg. Dieses Fitnessger\u00e4t l\u00e4sst sich kinderleicht bewegen und kompakt vertikal lagern.<\/li>\n<li>KOMPATIBEL MIT KINOMAP: Dieses Kinomap-kompatible Ruderger\u00e4t bietet dir zahlreiche Trainingsvideos aus aller Welt, Live-Coachings und Trainingskurse sowie strukturierte Workouts f\u00fcr dein Rudertraining. Verbessere deine Trainingsleistung mit szenischen Herausforderungen und Multiplayer-Wettbewerben.<\/li>\n<li>HAUPTMERKMALE: Das Blade FIT verf\u00fcgt \u00fcber einen magnetischen Widerstand, ein vertikal angebrachtes Schwungrad f\u00fcr ein realistischeres Rudererlebnis, eine stahlverst\u00e4rkte Sitzschiene und ist kompatibel mit der Kinomap-App. Zudem bietet das Blade FIT einen ergonomischen Komfortsitz, einen praktischen Flaschenhalter und ist so leicht, dass es sich kinderleicht bewegen und verstauen l\u00e4sst. Dein perfektes Fitnessger\u00e4t f\u00fcr das Indoor-Rudertraining.<\/li>\n<li>EIN JAHR GARANTIE: Unsere Produkte kannst du guten Gewissens kaufen, denn auf alle Bluefin-Ger\u00e4te gew\u00e4hren wir eine einj\u00e4hrige Garantie. Unser zuverl\u00e4ssiger Kundenservice ist immer zur Stelle, um dir bei Problemen mit deiner Bestellung zu helfen und dich jederzeit kompetent, schnell und freundlich zu unterst\u00fctzen.<\/li>\n<li>F\u00dcR WEN IST DIESES GER\u00c4T GEEIGNET? Dieses hochleistungsf\u00e4hige Ruderger\u00e4t ist ideal f\u00fcr alle, die zu Hause trainieren m\u00f6chten. Dank der Gr\u00f6\u00dfe, den verschiedenen Widerstandsstufen und dem kompakten Design ist dieses Fitnessger\u00e4t perfekt f\u00fcr alle geeignet, die sich ein realistisches Rudererlebnis in ihren eigenen vier W\u00e4nden w\u00fcnschen.<\/li>\n<\/ul>\n","protected":false},"featured_media":642872,"comment_status":"open","ping_status":"closed","template":"","meta":[],"product_cat":[1015],"product_tag":[],"_links":{"self":[{"href":"https:\/\/last.bluefinfitness.com\/de\/wp-json\/wp\/v2\/product\/642944"}],"collection":[{"href":"https:\/\/last.bluefinfitness.com\/de\/wp-json\/wp\/v2\/product"}],"about":[{"href":"https:\/\/last.bluefinfitness.com\/de\/wp-json\/wp\/v2\/types\/product"}],"replies":[{"embeddable":true,"href":"https:\/\/last.bluefinfitness.com\/de\/wp-json\/wp\/v2\/comments?post=642944"}],"wp:featuredmedia":[{"embeddable":true,"href":"https:\/\/last.bluefinfitness.com\/de\/wp-json\/wp\/v2\/media\/642872"}],"wp:attachment":[{"href":"https:\/\/last.bluefinfitness.com\/de\/wp-json\/wp\/v2\/media?parent=642944"}],"wp:term":[{"taxonomy":"product_cat","embeddable":true,"href":"https:\/\/last.bluefinfitness.com\/de\/wp-json\/wp\/v2\/product_cat?post=642944"},{"taxonomy":"product_tag","embeddable":true,"href":"https:\/\/last.bluefinfitness.com\/de\/wp-json\/wp\/v2\/product_tag?post=642944"}],"curies":[{"name":"wp","href":"https:\/\/api.w.org\/{rel}","templated":true}]}}