{"id":646441,"date":"2023-02-16T10:44:01","date_gmt":"2023-02-16T10:44:01","guid":{"rendered":"https:\/\/www.bluefinfitness.com\/treadmill-under-desk\/"},"modified":"2024-03-01T08:44:02","modified_gmt":"2024-03-01T08:44:02","slug":"buro-laufband-web-exclusive","status":"publish","type":"product","link":"https:\/\/last.bluefinfitness.com\/de\/buro-laufband-web-exclusive\/","title":{"rendered":"Bluefin Kick LITE Laufband"},"content":{"rendered":"<p><img decoding=\"async\" src=\"https:\/\/last.bluefinfitness.com\/wp-content\/uploads\/2023\/02\/DE_FIT_Kick-Lite_A-Images_01_240222.jpg\" alt=\"\" width=\"2021\" height=\"1250\" class=\"alignnone size-full wp-image-659542\" srcset=\"https:\/\/last.bluefinfitness.com\/wp-content\/uploads\/2023\/02\/DE_FIT_Kick-Lite_A-Images_01_240222.jpg 2021w, https:\/\/last.bluefinfitness.com\/wp-content\/uploads\/2023\/02\/DE_FIT_Kick-Lite_A-Images_01_240222-647x400.jpg 647w, https:\/\/last.bluefinfitness.com\/wp-content\/uploads\/2023\/02\/DE_FIT_Kick-Lite_A-Images_01_240222-1293x800.jpg 1293w, https:\/\/last.bluefinfitness.com\/wp-content\/uploads\/2023\/02\/DE_FIT_Kick-Lite_A-Images_01_240222-768x475.jpg 768w, https:\/\/last.bluefinfitness.com\/wp-content\/uploads\/2023\/02\/DE_FIT_Kick-Lite_A-Images_01_240222-1536x950.jpg 1536w, https:\/\/last.bluefinfitness.com\/wp-content\/uploads\/2023\/02\/DE_FIT_Kick-Lite_A-Images_01_240222-500x309.jpg 500w\" sizes=\"(max-width: 2021px) 100vw, 2021px\" \/><\/p>\n<p><img decoding=\"async\" class=\"alignnone size-full wp-image-646465\" src=\"https:\/\/last.bluefinfitness.com\/wp-content\/uploads\/2023\/02\/DE_FIT_Kick-Lite_A-Images_02.jpg\" alt=\"\" width=\"2021\" height=\"1250\" srcset=\"https:\/\/last.bluefinfitness.com\/wp-content\/uploads\/2023\/02\/DE_FIT_Kick-Lite_A-Images_02.jpg 2021w, https:\/\/last.bluefinfitness.com\/wp-content\/uploads\/2023\/02\/DE_FIT_Kick-Lite_A-Images_02-647x400.jpg 647w, https:\/\/last.bluefinfitness.com\/wp-content\/uploads\/2023\/02\/DE_FIT_Kick-Lite_A-Images_02-1293x800.jpg 1293w, https:\/\/last.bluefinfitness.com\/wp-content\/uploads\/2023\/02\/DE_FIT_Kick-Lite_A-Images_02-768x475.jpg 768w, https:\/\/last.bluefinfitness.com\/wp-content\/uploads\/2023\/02\/DE_FIT_Kick-Lite_A-Images_02-1536x950.jpg 1536w, https:\/\/last.bluefinfitness.com\/wp-content\/uploads\/2023\/02\/DE_FIT_Kick-Lite_A-Images_02-500x309.jpg 500w\" sizes=\"(max-width: 2021px) 100vw, 2021px\" \/><\/p>\n<p><img decoding=\"async\" src=\"https:\/\/last.bluefinfitness.com\/wp-content\/uploads\/2023\/02\/DE_FIT_Kick-Lite_A-Images_03-1.jpg\" alt=\"\" width=\"1347\" height=\"833\" class=\"alignnone size-full wp-image-655341\" srcset=\"https:\/\/last.bluefinfitness.com\/wp-content\/uploads\/2023\/02\/DE_FIT_Kick-Lite_A-Images_03-1.jpg 1347w, https:\/\/last.bluefinfitness.com\/wp-content\/uploads\/2023\/02\/DE_FIT_Kick-Lite_A-Images_03-1-647x400.jpg 647w, https:\/\/last.bluefinfitness.com\/wp-content\/uploads\/2023\/02\/DE_FIT_Kick-Lite_A-Images_03-1-1294x800.jpg 1294w, https:\/\/last.bluefinfitness.com\/wp-content\/uploads\/2023\/02\/DE_FIT_Kick-Lite_A-Images_03-1-768x475.jpg 768w, https:\/\/last.bluefinfitness.com\/wp-content\/uploads\/2023\/02\/DE_FIT_Kick-Lite_A-Images_03-1-500x309.jpg 500w\" sizes=\"(max-width: 1347px) 100vw, 1347px\" \/><\/p>\n<p><img decoding=\"async\" class=\"alignnone size-full wp-image-646468\" src=\"https:\/\/last.bluefinfitness.com\/wp-content\/uploads\/2023\/02\/DE_FIT_Kick-Lite_A-Images_04.jpg\" alt=\"\" width=\"2021\" height=\"1250\" srcset=\"https:\/\/last.bluefinfitness.com\/wp-content\/uploads\/2023\/02\/DE_FIT_Kick-Lite_A-Images_04.jpg 2021w, https:\/\/last.bluefinfitness.com\/wp-content\/uploads\/2023\/02\/DE_FIT_Kick-Lite_A-Images_04-647x400.jpg 647w, https:\/\/last.bluefinfitness.com\/wp-content\/uploads\/2023\/02\/DE_FIT_Kick-Lite_A-Images_04-1293x800.jpg 1293w, https:\/\/last.bluefinfitness.com\/wp-content\/uploads\/2023\/02\/DE_FIT_Kick-Lite_A-Images_04-768x475.jpg 768w, https:\/\/last.bluefinfitness.com\/wp-content\/uploads\/2023\/02\/DE_FIT_Kick-Lite_A-Images_04-1536x950.jpg 1536w, https:\/\/last.bluefinfitness.com\/wp-content\/uploads\/2023\/02\/DE_FIT_Kick-Lite_A-Images_04-500x309.jpg 500w\" sizes=\"(max-width: 2021px) 100vw, 2021px\" \/><\/p>\n<p><img decoding=\"async\" class=\"alignnone size-full wp-image-646469\" src=\"https:\/\/last.bluefinfitness.com\/wp-content\/uploads\/2023\/02\/DE_FIT_Kick-Lite_A-Images_05.jpg\" alt=\"\" width=\"2021\" height=\"1250\" srcset=\"https:\/\/last.bluefinfitness.com\/wp-content\/uploads\/2023\/02\/DE_FIT_Kick-Lite_A-Images_05.jpg 2021w, https:\/\/last.bluefinfitness.com\/wp-content\/uploads\/2023\/02\/DE_FIT_Kick-Lite_A-Images_05-647x400.jpg 647w, https:\/\/last.bluefinfitness.com\/wp-content\/uploads\/2023\/02\/DE_FIT_Kick-Lite_A-Images_05-1293x800.jpg 1293w, https:\/\/last.bluefinfitness.com\/wp-content\/uploads\/2023\/02\/DE_FIT_Kick-Lite_A-Images_05-768x475.jpg 768w, https:\/\/last.bluefinfitness.com\/wp-content\/uploads\/2023\/02\/DE_FIT_Kick-Lite_A-Images_05-1536x950.jpg 1536w, https:\/\/last.bluefinfitness.com\/wp-content\/uploads\/2023\/02\/DE_FIT_Kick-Lite_A-Images_05-500x309.jpg 500w\" sizes=\"(max-width: 2021px) 100vw, 2021px\" \/><\/p>\n<p><img decoding=\"async\" src=\"https:\/\/last.bluefinfitness.com\/wp-content\/uploads\/2023\/02\/DE_FIT_Kick-Lite_A-Images_06_240221.jpg\" alt=\"\" width=\"2021\" height=\"1250\" class=\"alignnone size-full wp-image-658932\" srcset=\"https:\/\/last.bluefinfitness.com\/wp-content\/uploads\/2023\/02\/DE_FIT_Kick-Lite_A-Images_06_240221.jpg 2021w, https:\/\/last.bluefinfitness.com\/wp-content\/uploads\/2023\/02\/DE_FIT_Kick-Lite_A-Images_06_240221-647x400.jpg 647w, https:\/\/last.bluefinfitness.com\/wp-content\/uploads\/2023\/02\/DE_FIT_Kick-Lite_A-Images_06_240221-1293x800.jpg 1293w, https:\/\/last.bluefinfitness.com\/wp-content\/uploads\/2023\/02\/DE_FIT_Kick-Lite_A-Images_06_240221-768x475.jpg 768w, https:\/\/last.bluefinfitness.com\/wp-content\/uploads\/2023\/02\/DE_FIT_Kick-Lite_A-Images_06_240221-1536x950.jpg 1536w, https:\/\/last.bluefinfitness.com\/wp-content\/uploads\/2023\/02\/DE_FIT_Kick-Lite_A-Images_06_240221-500x309.jpg 500w\" sizes=\"(max-width: 2021px) 100vw, 2021px\" \/><\/p>\n","protected":false},"excerpt":{"rendered":"<ul>\n<li>EINFACHE AUFBEWAHRUNG: Das Kick Lite ist Teil unserer neuen Premium-Laufbandreihe f\u00fcr Heim-Fitnessstudios. Dank des klappbaren Griffs, des schlanken und kompakten Designs l\u00e4sst es sich leicht verstauen und zusammenklappen.<\/li>\n<li>PREMIUM-FUNKTIONEN: Das Kick LITE Untertisch-Laufband verf\u00fcgt \u00fcber eine Fernbedienung, mit der du deine Geschwindigkeit w\u00e4hrend des Workouts steuern kannst. Das LED-Display zeigt dir klar und deutlich die Daten an, die du zum Erreichen deiner Fitnessziele brauchst, z. B. Distanz\/Geschwindigkeit\/Zeit, und erm\u00f6glicht es dir, dich mit Geschwindigkeiten von bis zu 8 km\/h zu bewegen.<\/li>\n<li>FORTGESCHRITTENES DESIGN: Dieses Laufband wurde in Gro\u00dfbritannien von Experten entwickelt und verf\u00fcgt \u00fcber ein automatisches Schmiersystem, das f\u00fcr eine gleichm\u00e4\u00dfige, ger\u00e4uscharme Leistung sorgt. Der Laufgurt sorgt f\u00fcr ein ruhigeres Lauferlebnis.<\/li>\n<li>TRAINIERE MIT FREUNDEN: Dieser Kinomap-kompatible Heimtrainer bietet Trainingsvideos aus aller Welt, Live-Coachings, Kurse und strukturierte Workouts. Verbessere deine Trainingsleistung mit szenischen Herausforderungen und Multiplayer-Wettbewerben.<\/li>\n<li>KRAFTVOLLER MOTOR: Das tragbare Laufband wurde in Gro\u00dfbritannien entwickelt und verf\u00fcgt \u00fcber einen erstklassigen Motor, der eine Geschwindigkeit von 8 km\/h erreicht. Das ist die h\u00f6chste Geschwindigkeit f\u00fcr ein Laufband dieser Bauart.<\/li>\n<li>F\u00dcR WEN IST DAS? Das Kick Lite ist f\u00fcr alle, die w\u00e4hrend der Arbeit trainieren wollen. Das schlanke, leichte Design erm\u00f6glicht es dir, das Ger\u00e4t kinderleicht zu verstauen, es besitzt R\u00e4der f\u00fcr mehr Mobilit\u00e4t und ist zudem ger\u00e4uscharm.<\/li>\n<\/ul>\n","protected":false},"featured_media":646395,"comment_status":"open","ping_status":"closed","template":"","meta":[],"product_cat":[1009],"product_tag":[],"_links":{"self":[{"href":"https:\/\/last.bluefinfitness.com\/de\/wp-json\/wp\/v2\/product\/646441"}],"collection":[{"href":"https:\/\/last.bluefinfitness.com\/de\/wp-json\/wp\/v2\/product"}],"about":[{"href":"https:\/\/last.bluefinfitness.com\/de\/wp-json\/wp\/v2\/types\/product"}],"replies":[{"embeddable":true,"href":"https:\/\/last.bluefinfitness.com\/de\/wp-json\/wp\/v2\/comments?post=646441"}],"wp:featuredmedia":[{"embeddable":true,"href":"https:\/\/last.bluefinfitness.com\/de\/wp-json\/wp\/v2\/media\/646395"}],"wp:attachment":[{"href":"https:\/\/last.bluefinfitness.com\/de\/wp-json\/wp\/v2\/media?parent=646441"}],"wp:term":[{"taxonomy":"product_cat","embeddable":true,"href":"https:\/\/last.bluefinfitness.com\/de\/wp-json\/wp\/v2\/product_cat?post=646441"},{"taxonomy":"product_tag","embeddable":true,"href":"https:\/\/last.bluefinfitness.com\/de\/wp-json\/wp\/v2\/product_tag?post=646441"}],"curies":[{"name":"wp","href":"https:\/\/api.w.org\/{rel}","templated":true}]}}