{"id":21543,"date":"2019-01-28T08:59:29","date_gmt":"2019-01-28T08:59:29","guid":{"rendered":"https:\/\/www.bluefinfitness.com\/faqs\/"},"modified":"2023-09-06T10:18:49","modified_gmt":"2023-09-06T10:18:49","slug":"faqs","status":"publish","type":"page","link":"https:\/\/last.bluefinfitness.com\/es\/faqs\/","title":{"rendered":"FAQ&#8217;s"},"content":{"rendered":"<div class=\"is-divider divider clearfix\" style=\"max-width:0px;height:30px;\"><\/div>\n<h3 class=\"accordion_title\">FAQs<\/h3><div class=\"accordion\">\n\t<div id=\"accordion-1530161852\" class=\"accordion-item\">\n\t\t<a id=\"accordion-1530161852-label\" class=\"accordion-title plain\" href=\"#accordion-item-\u00bfc\u00f3mo-accedo-a-mi-informaci\u00f3n-de-seguimiento?\" aria-expanded=\"false\" aria-controls=\"accordion-1530161852-content\" >\n\t\t\t<button class=\"toggle\" aria-label=\"Toggle\"><i class=\"icon-angle-down\"><\/i><\/button>\n\t\t\t<span>\u00bfC\u00f3mo accedo a mi informaci\u00f3n de seguimiento?<\/span>\n\t\t<\/a>\n\t\t<div id=\"accordion-1530161852-content\" class=\"accordion-inner\" aria-labelledby=\"accordion-1530161852-label\" >\n\t\t\t\n<p>Una vez despachado, recibir\u00e1s la informaci\u00f3n de seguimiento en tu email. Se enviar\u00e1 a la direcci\u00f3n de email que usaste para hacer tu pedido y se te enviar\u00e1 en el plazo de una semana despu\u00e9s de tu pedido. As\u00ed que, por favor, echa un vistazo a tu bandeja de correo no deseado.<\/p>\n\t\t<\/div>\n\t<\/div>\n\t\n\t<div id=\"accordion-3829703463\" class=\"accordion-item\">\n\t\t<a id=\"accordion-3829703463-label\" class=\"accordion-title plain\" href=\"#accordion-item-\u00bfse-ha-enviado-mi-pedido-en-paquetes-separados?\" aria-expanded=\"false\" aria-controls=\"accordion-3829703463-content\" >\n\t\t\t<button class=\"toggle\" aria-label=\"Toggle\"><i class=\"icon-angle-down\"><\/i><\/button>\n\t\t\t<span>\u00bfSe ha enviado mi pedido en paquetes separados?<\/span>\n\t\t<\/a>\n\t\t<div id=\"accordion-3829703463-content\" class=\"accordion-inner\" aria-labelledby=\"accordion-3829703463-label\" >\n\t\t\t\n<p>Si te corresponde un regalo o hay m\u00e1s de un producto en tu pedido, estos se enviar\u00e1n por separado. Se despachar\u00e1n en distintos momentos y tendr\u00e1n un n\u00famero de seguimiento separado para cada paquete que se te env\u00ede. Cualquier regalo que te corresponda por tu pedido se enviar\u00e1 despu\u00e9s del pedido principal. As\u00ed que no te preocupes si tu regalo tarda m\u00e1s en llegar \u00a1Est\u00e1 de camino!<\/p>\n\t\t<\/div>\n\t<\/div>\n\t\n\t<div id=\"accordion-2483547672\" class=\"accordion-item\">\n\t\t<a id=\"accordion-2483547672-label\" class=\"accordion-title plain\" href=\"#accordion-item-\u00bfc\u00f3mo-puedo-cambiar-mi-direcci\u00f3n-si-la-he-puesto-de-manera-incorrecta?\" aria-expanded=\"false\" aria-controls=\"accordion-2483547672-content\" >\n\t\t\t<button class=\"toggle\" aria-label=\"Toggle\"><i class=\"icon-angle-down\"><\/i><\/button>\n\t\t\t<span>\u00bfC\u00f3mo puedo cambiar mi direcci\u00f3n si la he puesto de manera incorrecta?<\/span>\n\t\t<\/a>\n\t\t<div id=\"accordion-2483547672-content\" class=\"accordion-inner\" aria-labelledby=\"accordion-2483547672-label\" >\n\t\t\t\n<p>Si necestitas cambiar la direcci\u00f3n de entrega que aparece en el pedido, puedes mandar un email a nuestro equipo de atenci\u00f3n al cliente indicando la nueva direcci\u00f3n. Si ya hemos empezado a procesar tu pedido, entonces puedes mandar la petici\u00f3n de derivar el paquete a la compa\u00f1\u00eda transportista. Desafortunadamente, no podemos asegurar que la compa\u00f1\u00eda transportista lo haga, pero haremos todo lo que podamos para que recibas el paquete en la direcci\u00f3n que deseas.<\/p>\n\t\t<\/div>\n\t<\/div>\n\t\n\t<div id=\"accordion-3143898729\" class=\"accordion-item\">\n\t\t<a id=\"accordion-3143898729-label\" class=\"accordion-title plain\" href=\"#accordion-item-no-he-recibido-mi-email-de-confirmaci\u00f3n-\u00bfse-ha-registrado-mi-pedido?\" aria-expanded=\"false\" aria-controls=\"accordion-3143898729-content\" >\n\t\t\t<button class=\"toggle\" aria-label=\"Toggle\"><i class=\"icon-angle-down\"><\/i><\/button>\n\t\t\t<span>No he recibido mi email de confirmaci\u00f3n \u00bfSe ha registrado mi pedido?<\/span>\n\t\t<\/a>\n\t\t<div id=\"accordion-3143898729-content\" class=\"accordion-inner\" aria-labelledby=\"accordion-3143898729-label\" >\n\t\t\t\n<p>Deber\u00eda llegarte un email de confirmaci\u00f3n de pedido 15 minutos despu\u00e9s de haber hecho tu pedido en la p\u00e1gina web. Si no recibes el email, por favor, ponte en contacto con nuestro Equipo de Atenci\u00f3n al Cliente y ellos podr\u00e1n confirmarte el estado de tu pedido.<\/p>\n\t\t<\/div>\n\t<\/div>\n\t\n\t<div id=\"accordion-2284386598\" class=\"accordion-item\">\n\t\t<a id=\"accordion-2284386598-label\" class=\"accordion-title plain\" href=\"#accordion-item-\u00bfqu\u00e9-ocurre-si-cambio-de-idea-sobre-mi-compra?\" aria-expanded=\"false\" aria-controls=\"accordion-2284386598-content\" >\n\t\t\t<button class=\"toggle\" aria-label=\"Toggle\"><i class=\"icon-angle-down\"><\/i><\/button>\n\t\t\t<span>\u00bfQu\u00e9 ocurre si cambio de idea sobre mi compra?<\/span>\n\t\t<\/a>\n\t\t<div id=\"accordion-2284386598-content\" class=\"accordion-inner\" aria-labelledby=\"accordion-2284386598-label\" >\n\t\t\t\n<p>Si ya no quieres tu pedido, tendr\u00e1s que enviar un email a nuestro Equipo de Atenci\u00f3n al Cliente con respecto a este asunto. Si tu pedido ya ha sido enviado, como ya no se puede anular, debes rechazar la entrega o debes cubrir el impreso de devoluci\u00f3n. Nuestro Equipo de Atenci\u00f3n al Cliente te puede guiar durante el proceso de anulaci\u00f3n o devoluci\u00f3n cuando te pongas en contacto con ellos.<\/p>\n\t\t<\/div>\n\t<\/div>\n\t\n\t<div id=\"accordion-1563045022\" class=\"accordion-item\">\n\t\t<a id=\"accordion-1563045022-label\" class=\"accordion-title plain\" href=\"#accordion-item-\u00bfc\u00f3mo-es-vuestro-proceso-de-devoluci\u00f3n?\" aria-expanded=\"false\" aria-controls=\"accordion-1563045022-content\" >\n\t\t\t<button class=\"toggle\" aria-label=\"Toggle\"><i class=\"icon-angle-down\"><\/i><\/button>\n\t\t\t<span>\u00bfC\u00f3mo es vuestro proceso de devoluci\u00f3n?<\/span>\n\t\t<\/a>\n\t\t<div id=\"accordion-1563045022-content\" class=\"accordion-inner\" aria-labelledby=\"accordion-1563045022-label\" >\n\t\t\t\n<p>Puedes devolvernos los productos que no quieres y no usados durante el periodo de devoluci\u00f3n expecificado. Los gastos de devoluci\u00f3n deben ser pagados por el cliente pero primero debes ponerte en contacto con nuestro Equipo de Atenci\u00f3n al Cliente para que autorice la devoluci\u00f3n. Cualquier regalo que corresponda al pedido debe ser devuelto tambi\u00e9n para poder recibir una devoluci\u00f3n completa de tu dinero. Aunque no esperamos que haya ning\u00fan problema con los productos, si hubiera alg\u00fan problema, nuestro Equipo de Atenci\u00f3n al Cliente puede organizar su devoluci\u00f3n gratuita y cambiarlo o devolverte el dinero del pedido seg\u00fan decidas.<\/p>\n\t\t<\/div>\n\t<\/div>\n\t\n\t<div id=\"accordion-883652978\" class=\"accordion-item\">\n\t\t<a id=\"accordion-883652978-label\" class=\"accordion-title plain\" href=\"#accordion-item-si-mi-compra-es-un-regalo,-\u00bfpuedo-devolverlo-despu\u00e9s-de-navidades?\" aria-expanded=\"false\" aria-controls=\"accordion-883652978-content\" >\n\t\t\t<button class=\"toggle\" aria-label=\"Toggle\"><i class=\"icon-angle-down\"><\/i><\/button>\n\t\t\t<span>Si mi compra es un regalo, \u00bfpuedo devolverlo despu\u00e9s de Navidades?<\/span>\n\t\t<\/a>\n\t\t<div id=\"accordion-883652978-content\" class=\"accordion-inner\" aria-labelledby=\"accordion-883652978-label\" >\n\t\t\t\n<p>Ya que desde el 1 de Noviembre ampliaremos el periodo de devoluci\u00f3n, lo cual significa que cualquier compra realizada desde esa fecha podr\u00e1 ser devuelta hasta el 31 de Enero con una devoluci\u00f3n completa del dinero, en el caso de que los productos no hayan sido usados y est\u00e9n en su paquete original.<\/p>\n\t\t<\/div>\n\t<\/div>\n\t\n\t<div id=\"accordion-693758181\" class=\"accordion-item\">\n\t\t<a id=\"accordion-693758181-label\" class=\"accordion-title plain\" href=\"#accordion-item-no-he-hecho-mi-compra-a-trav\u00e9s-de-vuestra-p\u00e1gina-web-pero-tengo-un-problema-con-mi-pedido.\" aria-expanded=\"false\" aria-controls=\"accordion-693758181-content\" >\n\t\t\t<button class=\"toggle\" aria-label=\"Toggle\"><i class=\"icon-angle-down\"><\/i><\/button>\n\t\t\t<span>No he hecho mi compra a trav\u00e9s de vuestra p\u00e1gina web pero tengo un problema con mi pedido.<\/span>\n\t\t<\/a>\n\t\t<div id=\"accordion-693758181-content\" class=\"accordion-inner\" aria-labelledby=\"accordion-693758181-label\" >\n\t\t\t\n<p>Si has hecho tu compra a trav\u00e9s de un vendedor autorizado, como Amazon, y tienes una reclamaci\u00f3n de la garant\u00eda, nuestro Equipo de Atenci\u00f3n al Cliente te puede ayudar. Si necesitas ayuda con una reclamaci\u00f3n sobre el env\u00edo o el pago, te recomendamos que env\u00edes tu reclamaci\u00f3n directamente al lugar donde has realizado tu pedido.<\/p>\n\t\t<\/div>\n\t<\/div>\n\t\n<\/div>\n<div class=\"is-divider divider clearfix\" style=\"max-width:0px;height:30px;\"><\/div>\n<h3 class=\"accordion_title\">PLATAFORMAS VIBRATORIAS<\/h3><div class=\"accordion\">\n\t<div id=\"accordion-3935948546\" class=\"accordion-item\">\n\t\t<a id=\"accordion-3935948546-label\" class=\"accordion-title plain\" href=\"#accordion-item-\u00bfc\u00f3mo-funcionan-las-plataformas-vibratorias?\" aria-expanded=\"false\" aria-controls=\"accordion-3935948546-content\" >\n\t\t\t<button class=\"toggle\" aria-label=\"Toggle\"><i class=\"icon-angle-down\"><\/i><\/button>\n\t\t\t<span>\u00bfC\u00f3mo funcionan las Plataformas Vibratorias?<\/span>\n\t\t<\/a>\n\t\t<div id=\"accordion-3935948546-content\" class=\"accordion-inner\" aria-labelledby=\"accordion-3935948546-label\" >\n\t\t\t\n<p>Las Plataformas Vibratorias funcionan creando vibraciones sobre la plataforma; se mueve con varios grados de intensidad haciendo que tus m\u00fasculos se contraigan y relajen. Sin embargo, comparado con tu ejercicio habitual, las plataformas vibratorias hacen que tus m\u00fasculos trabajen a un ritmo mucho m\u00e1s r\u00e1pido. Esto significa que los ejercicios y los estiramientos son m\u00e1s eficientes y efectivos.<\/p>\n\t\t<\/div>\n\t<\/div>\n\t\n\t<div id=\"accordion-1911133667\" class=\"accordion-item\">\n\t\t<a id=\"accordion-1911133667-label\" class=\"accordion-title plain\" href=\"#accordion-item-\u00bffuncionan-realmente-las-plataformas-vibratorias?\" aria-expanded=\"false\" aria-controls=\"accordion-1911133667-content\" >\n\t\t\t<button class=\"toggle\" aria-label=\"Toggle\"><i class=\"icon-angle-down\"><\/i><\/button>\n\t\t\t<span>\u00bfFuncionan realmente las Plataformas Vibratorias?<\/span>\n\t\t<\/a>\n\t\t<div id=\"accordion-1911133667-content\" class=\"accordion-inner\" aria-labelledby=\"accordion-1911133667-label\" >\n\t\t\t\n<p>Se han realizado numerosos estudios cient\u00edficos que muestran los beneficios de las plataformas vibratorias y demuestran que realmente funcionan. No nos malinterpretes, tendr\u00e1s que usar tu plataforma con regularidad y acompa\u00f1arla con una dieta equilibrada y saludable, pero notar\u00e1s los resultados si la usas correctamente.<\/p>\n\t\t<\/div>\n\t<\/div>\n\t\n\t<div id=\"accordion-2821887784\" class=\"accordion-item\">\n\t\t<a id=\"accordion-2821887784-label\" class=\"accordion-title plain\" href=\"#accordion-item-\u00bfutilizar-una-plataforma-vibratoria-me-ayudar\u00e1-a-perder-peso?\" aria-expanded=\"false\" aria-controls=\"accordion-2821887784-content\" >\n\t\t\t<button class=\"toggle\" aria-label=\"Toggle\"><i class=\"icon-angle-down\"><\/i><\/button>\n\t\t\t<span>\u00bfUtilizar una Plataforma Vibratoria me ayudar\u00e1 a perder peso?<\/span>\n\t\t<\/a>\n\t\t<div id=\"accordion-2821887784-content\" class=\"accordion-inner\" aria-labelledby=\"accordion-2821887784-label\" >\n\t\t\t\n<p>En resumen, si. La tecnolog\u00eda de la plataforma vibratoria ha demostrado que ayuda a los usuarios a perder peso. Utilizar la plataforma durante 10 minutos cada d\u00eda, junto con una dieta equilibrada y saludable, har\u00e1 que pierdas peso, como ha hecho con muchos de nuestros clientes felices.<\/p>\n\t\t<\/div>\n\t<\/div>\n\t\n\t<div id=\"accordion-4135764134\" class=\"accordion-item\">\n\t\t<a id=\"accordion-4135764134-label\" class=\"accordion-title plain\" href=\"#accordion-item-\u00bfqu\u00e9-pasa-si-tengo-una-enfermedad,-es-seguro-usar-una-plataforma-vibratoria?\" aria-expanded=\"false\" aria-controls=\"accordion-4135764134-content\" >\n\t\t\t<button class=\"toggle\" aria-label=\"Toggle\"><i class=\"icon-angle-down\"><\/i><\/button>\n\t\t\t<span>\u00bfQu\u00e9 pasa si tengo una enfermedad, es seguro usar una Plataforma Vibratoria?<\/span>\n\t\t<\/a>\n\t\t<div id=\"accordion-4135764134-content\" class=\"accordion-inner\" aria-labelledby=\"accordion-4135764134-label\" >\n\t\t\t\n<p>No somos profesionales m\u00e9dicos, y siempre recomendamos consultar con tu m\u00e9dico antes de usar una plataforma vibratoria si sabes que tienes alguna enfermedad.<\/p>\n\t\t<\/div>\n\t<\/div>\n\t\n\t<div id=\"accordion-825420767\" class=\"accordion-item\">\n\t\t<a id=\"accordion-825420767-label\" class=\"accordion-title plain\" href=\"#accordion-item-\u00bfpuedo-usar-mi-plataforma-vibratoria-todos-los-d\u00edas?\" aria-expanded=\"false\" aria-controls=\"accordion-825420767-content\" >\n\t\t\t<button class=\"toggle\" aria-label=\"Toggle\"><i class=\"icon-angle-down\"><\/i><\/button>\n\t\t\t<span>\u00bfPuedo usar mi Plataforma Vibratoria todos los d\u00edas?<\/span>\n\t\t<\/a>\n\t\t<div id=\"accordion-825420767-content\" class=\"accordion-inner\" aria-labelledby=\"accordion-825420767-label\" >\n\t\t\t\n<p>\u00a1Por supuesto! Recomendamos 10 minutos cada d\u00eda, y todas las plataformas tienen sesiones pre-programadas de 10 minutos muy c\u00f3modas para hacer tu ejercicio diario m\u00e1s f\u00e1cil que nunca.<\/p>\n\t\t<\/div>\n\t<\/div>\n\t\n\t<div id=\"accordion-1191826646\" class=\"accordion-item\">\n\t\t<a id=\"accordion-1191826646-label\" class=\"accordion-title plain\" href=\"#accordion-item-\u00bfpara-qu\u00e9-son-los-elementos-negros-y-plata-debajo-de-la-plataforma?\" aria-expanded=\"false\" aria-controls=\"accordion-1191826646-content\" >\n\t\t\t<button class=\"toggle\" aria-label=\"Toggle\"><i class=\"icon-angle-down\"><\/i><\/button>\n\t\t\t<span>\u00bfPara qu\u00e9 son los elementos negros y plata debajo de la plataforma?<\/span>\n\t\t<\/a>\n\t\t<div id=\"accordion-1191826646-content\" class=\"accordion-inner\" aria-labelledby=\"accordion-1191826646-label\" >\n\t\t\t\n<p>Nos lo preguntan mucho &#8211; son para los cables negros para las manos que vienen con tu plataforma vibratoria. Los puedes usar para hacer diferentes estiramientos y ejercicios y te permite usar tu plataforma en diferentes posiciones.<\/p>\n\t\t<\/div>\n\t<\/div>\n\t\n\t<div id=\"accordion-1894616020\" class=\"accordion-item\">\n\t\t<a id=\"accordion-1894616020-label\" class=\"accordion-title plain\" href=\"#accordion-item-\u00bfqu\u00e9-hace-cada-una-de-las-sesiones-pre-programadas-(perder-peso,-tonificaci\u00f3n-muscular,-etc)?\" aria-expanded=\"false\" aria-controls=\"accordion-1894616020-content\" >\n\t\t\t<button class=\"toggle\" aria-label=\"Toggle\"><i class=\"icon-angle-down\"><\/i><\/button>\n\t\t\t<span>\u00bfQu\u00e9 hace cada una de las sesiones pre-programadas (perder peso, tonificaci\u00f3n muscular, etc)?<\/span>\n\t\t<\/a>\n\t\t<div id=\"accordion-1894616020-content\" class=\"accordion-inner\" aria-labelledby=\"accordion-1894616020-label\" >\n\t\t\t\n<p>Cada plataforma vibratoria tiene modos pre-programados ligeramente diferentes, as\u00ed que, por favor, consulta el manual de usuario en la p\u00e1gina del producto para leer la explicaci\u00f3n completa sobre para qu\u00e9 es cada una de las sesiones pre-programadas, para ese modelo espec\u00edfico.<\/p>\n\t\t<\/div>\n\t<\/div>\n\t\n\t<div id=\"accordion-3940643540\" class=\"accordion-item\">\n\t\t<a id=\"accordion-3940643540-label\" class=\"accordion-title plain\" href=\"#accordion-item-\u00bfes-f\u00e1cil-moverlas?-\u00bftienen-asas-o-ruedas?\" aria-expanded=\"false\" aria-controls=\"accordion-3940643540-content\" >\n\t\t\t<button class=\"toggle\" aria-label=\"Toggle\"><i class=\"icon-angle-down\"><\/i><\/button>\n\t\t\t<span>\u00bfEs f\u00e1cil moverlas? \u00bfTienen asas o ruedas?<\/span>\n\t\t<\/a>\n\t\t<div id=\"accordion-3940643540-content\" class=\"accordion-inner\" aria-labelledby=\"accordion-3940643540-label\" >\n\t\t\t\n<p>Hemos dise\u00f1ado nuestras plataformas para que sean tan compactas y ligeras como sea posible. Queremos que puedas hacer ejercicio donde y cuando quieras. Hemos incorporado un caballete debajo que te permite transporta la plataforma f\u00e1cilmente. Nuestras plataformas no tienen ni ruedas ni rodillos, pero si hay algo que piensas que debemos incorporar, simplemente ponte en Contacto con Nosotros.<\/p>\n\t\t<\/div>\n\t<\/div>\n\t\n\t<div id=\"accordion-437829830\" class=\"accordion-item\">\n\t\t<a id=\"accordion-437829830-label\" class=\"accordion-title plain\" href=\"#accordion-item-\u00bfc\u00f3mo-comparo-una-plataforma-bluefin-con-una-que-he-usado-antes?\" aria-expanded=\"false\" aria-controls=\"accordion-437829830-content\" >\n\t\t\t<button class=\"toggle\" aria-label=\"Toggle\"><i class=\"icon-angle-down\"><\/i><\/button>\n\t\t\t<span>\u00bfC\u00f3mo comparo una plataforma Bluefin con una que he usado antes?<\/span>\n\t\t<\/a>\n\t\t<div id=\"accordion-437829830-content\" class=\"accordion-inner\" aria-labelledby=\"accordion-437829830-label\" >\n\t\t\t\n<p>La forma m\u00e1s sencilla de comparar plataformas vibratorias es mirar la gama de HZ que ofrecen. Cuanto m\u00e1s elevado el HZ (vibraciones por segundo) m\u00e1s intenso ser\u00e1 el ejercicio<\/p>\n\t\t<\/div>\n\t<\/div>\n\t\n\t<div id=\"accordion-2530223981\" class=\"accordion-item\">\n\t\t<a id=\"accordion-2530223981-label\" class=\"accordion-title plain\" href=\"#accordion-item-\u00bfpara-qu\u00e9-son-las-correas-de-colores-que-vienen-con-la-caja-de-mi-plataforma-vibratoria?\" aria-expanded=\"false\" aria-controls=\"accordion-2530223981-content\" >\n\t\t\t<button class=\"toggle\" aria-label=\"Toggle\"><i class=\"icon-angle-down\"><\/i><\/button>\n\t\t\t<span>\u00bfPara qu\u00e9 son las correas de colores que vienen con LA CAJA DE MI PLATAFORMA VIBRATORIA?<\/span>\n\t\t<\/a>\n\t\t<div id=\"accordion-2530223981-content\" class=\"accordion-inner\" aria-labelledby=\"accordion-2530223981-label\" >\n\t\t\t\n<p>Suministramos un juego de el\u00e1sticos de diferentes resistencias y fuerzas (unas son m\u00e1s f\u00e1ciles de estirar que otras). Cada una proporciona un nivel de ejercicio adecuado para una variedad de ejercicios y estiramientos diferentes. Puedes incorporarlas a tu rutina sobre la plataforma vibratoria, siguiendo nuestra tabla de ejercicios para un ejercicio muscular m\u00e1s intenso y centrado en los m\u00fasculos.<\/p>\n\t\t<\/div>\n\t<\/div>\n\t\n\t<div id=\"accordion-193491794\" class=\"accordion-item\">\n\t\t<a id=\"accordion-193491794-label\" class=\"accordion-title plain\" href=\"#accordion-item-\u00bfc\u00f3mo-funciona-el-bluetooth-en-mi-plataforma-vibratoria?\" aria-expanded=\"false\" aria-controls=\"accordion-193491794-content\" >\n\t\t\t<button class=\"toggle\" aria-label=\"Toggle\"><i class=\"icon-angle-down\"><\/i><\/button>\n\t\t\t<span>\u00bfC\u00f3mo funciona el Bluetooth en mi plataforma vibratoria?<\/span>\n\t\t<\/a>\n\t\t<div id=\"accordion-193491794-content\" class=\"accordion-inner\" aria-labelledby=\"accordion-193491794-label\" >\n\t\t\t\n<p>Es tan sencillo como 1, 2, 3.<\/p>\n<ol>\n<li style=\"list-style-type: none;\">\n<ol>\n<li>Aseg\u00farate de que el Bluetooth de tu m\u00e1quina se ha encendido y que el aparato es reconocible.<\/li>\n<li>Enciende tu Plataforma Vibratoria de Bluefin. El Bluetooth se enciende autom\u00e1ticamente una vez que se haya encendido la plataforma vibratoria.<\/li>\n<li>La plataforma vibratoria figura ahora en la lista de aparatos conectados al Bluetooth de tu m\u00f3vil o tablet &#8211; \u00a1Ahora est\u00e1s conectado a la plataforma y listo para empezar!<\/li>\n<\/ol>\n<\/li>\n<\/ol>\n\t\t<\/div>\n\t<\/div>\n\t\n<\/div>\n<div class=\"is-divider divider clearfix\" style=\"max-width:0px;height:30px;\"><\/div>\n<h3 class=\"accordion_title\">CINTA DE CORRER<\/h3><div class=\"accordion\">\n\t<div id=\"accordion-1597689013\" class=\"accordion-item\">\n\t\t<a id=\"accordion-1597689013-label\" class=\"accordion-title plain\" href=\"#accordion-item-\u00bfla-cinta-de-correr,-c\u00f3mo-te-conectas-a-la-app-y-para-qu\u00e9-es?\" aria-expanded=\"false\" aria-controls=\"accordion-1597689013-content\" >\n\t\t\t<button class=\"toggle\" aria-label=\"Toggle\"><i class=\"icon-angle-down\"><\/i><\/button>\n\t\t\t<span>\u00bfLa CINTA DE CORRER, c\u00f3mo te conectas a la App y para qu\u00e9 es?<\/span>\n\t\t<\/a>\n\t\t<div id=\"accordion-1597689013-content\" class=\"accordion-inner\" aria-labelledby=\"accordion-1597689013-label\" >\n\t\t\t\n<p>La App Fitshow est\u00e1 pre-calibrada para sincronizarse con tu smartphone o tu tablet. Sigue y analiza tu actividad y recorrido al correr midiendo la velocidad, distancia, tiempo y ritmo card\u00edaco. Puedes compartir tus datos y competir con amigos por medio de las redes sociales subir el list\u00f3n de tus objetivos en el fitness. Simplemente, desc\u00e1rgala de tu App Store, abre la App y espera a que aparezca la cinta de correr.<\/p>\n\t\t<\/div>\n\t<\/div>\n\t\n\t<div id=\"accordion-1383939969\" class=\"accordion-item\">\n\t\t<a id=\"accordion-1383939969-label\" class=\"accordion-title plain\" href=\"#accordion-item-\u00bfpara-qu\u00e9-es-la-correa-negra-que-viene-en-la-caja-con-la-cinta-de-correr?\" aria-expanded=\"false\" aria-controls=\"accordion-1383939969-content\" >\n\t\t\t<button class=\"toggle\" aria-label=\"Toggle\"><i class=\"icon-angle-down\"><\/i><\/button>\n\t\t\t<span>\u00bfPara qu\u00e9 es la correa negra que viene en la caja con la Cinta de Correr?<\/span>\n\t\t<\/a>\n\t\t<div id=\"accordion-1383939969-content\" class=\"accordion-inner\" aria-labelledby=\"accordion-1383939969-label\" >\n\t\t\t\n<p>Se incluye la correa de pecho para monitorizar el ritmo card\u00edaco, as\u00ed puedes hacer seguimiento de tu frecuencia card\u00edaca para conseguir un mayor nivel de adecuaci\u00f3n. El monitor se sincroniza con tu LCD y \/ o la App Fitshow y es totalmente ajustable. La cinta de correr tambi\u00e9n cuenta con dos sensores de ritmo card\u00edaco incorporados en el manillar.<\/p>\n\t\t<\/div>\n\t<\/div>\n\t\n\t<div id=\"accordion-1090390885\" class=\"accordion-item\">\n\t\t<a id=\"accordion-1090390885-label\" class=\"accordion-title plain\" href=\"#accordion-item-\u00bfpuedes-cambiar-la-velocidad\/inclinaci\u00f3n-cuando-usas-una-de-las-sesiones-pre-programadas?\" aria-expanded=\"false\" aria-controls=\"accordion-1090390885-content\" >\n\t\t\t<button class=\"toggle\" aria-label=\"Toggle\"><i class=\"icon-angle-down\"><\/i><\/button>\n\t\t\t<span>\u00bfPuedes cambiar la Velocidad\/Inclinaci\u00f3n cuando usas una de las sesiones pre-programadas?<\/span>\n\t\t<\/a>\n\t\t<div id=\"accordion-1090390885-content\" class=\"accordion-inner\" aria-labelledby=\"accordion-1090390885-label\" >\n\t\t\t\n<p>La velocidad, si. La Inclinaci\u00f3n, desgraciadamente no. Las sesiones pre-programadas han sido dise\u00f1adas espec\u00edficamente basadas en las inclinaciones determinadas para proporcionarte un ejercicio m\u00e1s f\u00e1cil o m\u00e1s duro &#8211; t\u00fa eliges.<\/p>\n\t\t<\/div>\n\t<\/div>\n\t\n\t<div id=\"accordion-4062773890\" class=\"accordion-item\">\n\t\t<a id=\"accordion-4062773890-label\" class=\"accordion-title plain\" href=\"#accordion-item-\u00bfes-f\u00e1cil-montar-el-producto?\" aria-expanded=\"false\" aria-controls=\"accordion-4062773890-content\" >\n\t\t\t<button class=\"toggle\" aria-label=\"Toggle\"><i class=\"icon-angle-down\"><\/i><\/button>\n\t\t\t<span>\u00bfEs f\u00e1cil montar el producto?<\/span>\n\t\t<\/a>\n\t\t<div id=\"accordion-4062773890-content\" class=\"accordion-inner\" aria-labelledby=\"accordion-4062773890-label\" >\n\t\t\t\n<p>Seg\u00fan los comentarios de nuestros clientes la cinta de correr es bastante f\u00e1cil de montar. Recomendamos montar el art\u00edculo entre dos personas y seguir las instrucciones paso a paso. Hay una gu\u00eda de instrucciones en 3 pasos en nuestro manual que muestra claramente qu\u00e9 partes tienen que ir d\u00f3nde, as\u00ed que supone poco tiempo de montaje y mucho de correr.<\/p>\n\t\t<\/div>\n\t<\/div>\n\t\n\t<div id=\"accordion-2334231218\" class=\"accordion-item\">\n\t\t<a id=\"accordion-2334231218-label\" class=\"accordion-title plain\" href=\"#accordion-item-\u00bfcu\u00e1ndo-quiero-guardar-el-producto,-qu\u00e9-altura-tiene-una-vez-plegado\/levantado?\" aria-expanded=\"false\" aria-controls=\"accordion-2334231218-content\" >\n\t\t\t<button class=\"toggle\" aria-label=\"Toggle\"><i class=\"icon-angle-down\"><\/i><\/button>\n\t\t\t<span>\u00bfCu\u00e1ndo quiero guardar el producto, qu\u00e9 altura tiene una vez plegado\/levantado?<\/span>\n\t\t<\/a>\n\t\t<div id=\"accordion-2334231218-content\" class=\"accordion-inner\" aria-labelledby=\"accordion-2334231218-label\" >\n\t\t\t\n<p>La cinta de correr se levanta y pliega f\u00e1cilmente para guardarla de forma compacta cuando no se usa. Cuando se pliega, la cinta de correr mide 145cm, as\u00ed que no ocupa mucho incluso en espacios peque\u00f1os.<\/p>\n\t\t<\/div>\n\t<\/div>\n\t\n<\/div>\n","protected":false},"excerpt":{"rendered":"","protected":false},"author":308,"featured_media":0,"parent":0,"menu_order":0,"comment_status":"closed","ping_status":"closed","template":"","meta":{"footnotes":""},"_links":{"self":[{"href":"https:\/\/last.bluefinfitness.com\/es\/wp-json\/wp\/v2\/pages\/21543"}],"collection":[{"href":"https:\/\/last.bluefinfitness.com\/es\/wp-json\/wp\/v2\/pages"}],"about":[{"href":"https:\/\/last.bluefinfitness.com\/es\/wp-json\/wp\/v2\/types\/page"}],"author":[{"embeddable":true,"href":"https:\/\/last.bluefinfitness.com\/es\/wp-json\/wp\/v2\/users\/308"}],"replies":[{"embeddable":true,"href":"https:\/\/last.bluefinfitness.com\/es\/wp-json\/wp\/v2\/comments?post=21543"}],"version-history":[{"count":0,"href":"https:\/\/last.bluefinfitness.com\/es\/wp-json\/wp\/v2\/pages\/21543\/revisions"}],"wp:attachment":[{"href":"https:\/\/last.bluefinfitness.com\/es\/wp-json\/wp\/v2\/media?parent=21543"}],"curies":[{"name":"wp","href":"https:\/\/api.w.org\/{rel}","templated":true}]}}