{"id":643997,"date":"2023-01-03T16:24:29","date_gmt":"2023-01-03T16:24:29","guid":{"rendered":"https:\/\/www.bluefinfitness.com\/warranty\/"},"modified":"2023-01-03T19:04:07","modified_gmt":"2023-01-03T19:04:07","slug":"garantia","status":"publish","type":"page","link":"https:\/\/last.bluefinfitness.com\/es\/garantia\/","title":{"rendered":"Garant\u00eda"},"content":{"rendered":"\t<div id=\"gap-659419319\" class=\"gap-element clearfix\" style=\"display:block; height:auto;\">\n\t\t\n<style>\n#gap-659419319 {\n  padding-top: 10px;\n}\n<\/style>\n\t<\/div>\n\t\n<h2>T\u00c9RMINOS Y CONDICIONES<\/h2>\n<p style=\"font-weight: 400;\">La garant\u00eda de Bluefin para todos los art\u00edculos de fitness es de 12 meses desde la fecha de recepci\u00f3n, con la excepci\u00f3n de art\u00edculos <a style=\"color:#00ADEE; font-weight:bold\" href=\"#ex-demo\">reacondicionados o de exposici\u00f3n<\/a>.\u00a0<\/p>\n<p style=\"font-weight: 400;\">La garant\u00eda de Bluefin cubre solo los art\u00edculos comprados a Bluefin y no es responsable de cualquier coste, p\u00e9rdida o da\u00f1o ocurrido como resultado de cualquier reclamaci\u00f3n de la garant\u00eda.<\/p>\n<p style=\"font-weight: 400;\">La garant\u00eda solo es v\u00e1lida para el comprador original, y no se puede transferir en el caso de regalo o venta de un art\u00edculo Bluefin.<\/p>\n<p style=\"font-weight: 400;\">ACualquier producto en garantia del que se solicita la devoluci\u00f3no a Bluefin debe incluir una autorizaci\u00f3n de devoluci\u00f3n, que puede ser proporcionada por el <a style=\"color:#00ADEE; font-weight:bold\" href=\"https:\/\/last.bluefinfitness.com\/es\/contactenos\/\">Departamento de Atencion al cliente de Bluefin<\/a>.\u00a0<\/p>\n<p style=\"font-weight: 400;\">Bluefin se har\u00e1 cargo del coste de cualquier devoluci\u00f3n en garant\u00eda enviando una etiqueta prepagada durante los primeros 6 meses tras la compra, se debe utilizar el embalaje original o uno adecuado proporcionado por el cliente. Tras este tiempo, el cliente ser\u00e1 responsable de cualquier gasto por la  devoluci\u00f3n y debe usar un servicio de seguimiento\/seguro. Los gastos de env\u00edo no se devolver\u00e1n.<\/p>\n<p style=\"font-weight: 400;\">Quedan excluidos de la cobertura de esta garant\u00eda los siguientes casos:<\/p>\n<ul>\n<li style=\"font-weight: 400;\" aria-level=\"1\"><span style=\"font-weight: 400;\">Desgaste y rasgones en general.<\/span><\/li>\n<li style=\"font-weight: 400;\" aria-level=\"1\"><span style=\"font-weight: 400;\">Da\u00f1o causado por mal uso o descuido del art\u00edculo.<\/spanp><\/li>\n<li style=\"font-weight: 400;\" aria-level=\"1\"><span style=\"font-weight: 400;\">Da\u00f1o causado por su uso excediendo el peso m\u00e1ximo admitido.<\/span><\/li>\n<li style=\"font-weight: 400;\" aria-level=\"1\"><span style=\"font-weight: 400;\">Da\u00f1o causado por un embalaje insuficiente durante el transporte del art\u00edculo.<\/span><\/li>\n<li style=\"font-weight: 400;\" aria-level=\"1\"><span style=\"font-weight: 400;\">Da\u00f1o causado por el uso de disolventes y adhesivos.<\/span><\/li>\n<li style=\"font-weight: 400;\" aria-level=\"1\"><span style=\"font-weight: 400;\">Da\u00f1os causados por cualquier cosa que no sea defectos del material o por la mano de obra del fabricante.<\/span><\/li>\n<li style=\"font-weight: 400;\" aria-level=\"1\"><span style=\"font-weight: 400;\">Cualquier y todas las reclamaciones por da\u00f1os consiguientes o incidentales.<\/span><\/li>\n<li style=\"font-weight: 400;\" aria-level=\"1\"><span style=\"font-weight: 400;\">Equipos comprados a vendedores no autorizados por Bluefin<\/span><\/li>\n<li style=\"font-weight: 400;\" aria-level=\"1\"><span style=\"font-weight: 400;\">Da\u00f1os o defectos causados por un uso distinto de su prop\u00f3sito original.<\/span><\/li>\n<li style=\"font-weight: 400;\" aria-level=\"1\"><span style=\"font-weight: 400;\">Da\u00f1os o defectos causados por guardarla de forma inapropiada a temperaturas superiores a 32\u00baC y por debajo de 0\u00baC<\/span><\/li>\n<\/ul>\n<p>&nbsp;<\/p>\n<p style=\"font-weight: 400;\">Si se produjese cualquier modificaci\u00f3n, cambio o alteraci\u00f3n del producto sin la autorizaci\u00f3n expl\u00edcita por escrito de Bluefin, se anular\u00eda toda la cobertura de la garant\u00eda.<\/p>\n<p style=\"font-weight: 400;\">Cualquier producto reparado o reemplazado ser\u00e1 cubierto por el resto del periodo de garant\u00eda, empezando desde el momento de recepci\u00f3n original de la misma.<\/p>\n<p style=\"font-weight: 400;\">Todas las devoluciones bajo garant\u00eda se nos deben enviar durante los 30 primeros d\u00edas tras recibir la autorizaci\u00f3n de devoluci\u00f3n. <\/p>\n<p style=\"font-weight: 400;\">La Garant\u00eda, Devoluciones y\/o cambios del producto son solo aplicables en las siguientes localizaciones: Reino Unido, Alemania, Espa\u00f1a Continental, Francia, Holanda, Italia, USA y Australia.<\/p>\n<p style=\"font-weight: 400;\">Tras recibir un art\u00edculo devuelto bajo garant\u00eda, y tras hacer las oportunas comprobaciones rutinarias, podremos seguir adelante con tu caso y reemplazar tu art\u00edculo o reembolsarlo como hayamos acordado.<\/p>\n<p style=\"font-weight: 400;\"><b>Hasta 60 d\u00edas:<\/b> Durante los 60 primeros d\u00edas de la garant\u00eda se puede ofrecer un reembolso o un nuevo cambio.<\/p>\n<p style=\"font-weight: 400;\"><b>Entre 60 d\u00edas y 6 meses: <\/b>Entre 60 d\u00edas y 6 meses desde la recepci\u00f3n de tu producto se puede ofrecer un nuevo cambio.<\/p>\n<p style=\"font-weight: 400;\"><b>A partir de 6 meses:<\/b> Cuando sea apropiado, se puede ofrecer un cambio por un producto reacondicionado de las mismas caracter\u00edsticas.En algunos casos, cuando sea apropiado, se pueden ofrecer piezas de recambio en vez de una deevoluci\u00f3n.<\/p>\n<p style=\"font-weight: 400;\">Por favor, ten en cuenta que el proceso de devoluci\u00f3n puede llevar hasta 14 d\u00edas desde el momento en que recibimos el env\u00edo.<\/p>\n<p style=\"font-weight: 400;\">Si te deshaces de un pallet, caja o embalaje por cualquier raz\u00f3n y, despu\u00e9s, necesitas hacer una deevoluci\u00f3n, ser\u00e1 responsabilidad del cliente embalar adecuadamente el producto y encontrar un pallet para que se pueda realizar la recogida del producto. <\/p>\n<p style=\"font-weight: 400;\">Esta garant\u00eda es un a\u00f1adido, y no afecta, a tus derechos legales por ley.<\/p>\n<h2>Cancelaci\u00f3n de un Pedido<\/h2>\n<p style=\"font-weight: 400;\">Si simplemente has cambiado de idea y quieres cancelar tu pedido, tienes 30 d\u00edas para hacerlo. La devoluci\u00f3n debe ser autorizada por Bluefin antes de realizar el env\u00edo del art\u00edculo y el cliente debe cubrir los gastos de env\u00edo. El art\u00edculo debe ser enviado sin estrenar, con todos los art\u00edculos en su embalaje original. Montar cualquier equipo de fitness se considera estrenarlo. Cualquier art\u00edculo que se considere usado o al que le falte cualquiera de los contenidos originales puede ser devuelto al comprador.<\/p>\n<p style=\"font-weight: 400;\">Cualquier regalo recibido como parte del pedido tambi\u00e9n debe ser devuelto antes de que se pueda proceder al reembolso.<\/p>\n<div id=\"ex-demo\"><\/div>\n<h2><b>Equipos de Exposici\u00f3n<\/b><\/h2>\n<p style=\"font-weight: 400;\">Por favor, ten en cuenta que todos los art\u00edculos de fitness de exposici\u00f3n vienen con 12 meses de garant\u00eda. Cuando compras uno de estos art\u00edculos, renuncias a cualquier derecho de cambio, y este se realizar\u00eda seg\u00fan los criterios de Bluefin.<\/p>\n","protected":false},"excerpt":{"rendered":"<p>T\u00c9RMINOS Y CONDICIONES La garant\u00eda de Bluefin para todos los art\u00edculos de fitness es de 12 meses desde la fecha de recepci\u00f3n, con la excepci\u00f3n de art\u00edculos reacondicionados o de exposici\u00f3n.\u00a0 La garant\u00eda de Bluefin cubre solo los art\u00edculos comprados a Bluefin y no es responsable de cualquier coste, p\u00e9rdida o da\u00f1o ocurrido como resultado [&#8230;]\n","protected":false},"author":309,"featured_media":0,"parent":0,"menu_order":0,"comment_status":"closed","ping_status":"closed","template":"","meta":{"footnotes":""},"_links":{"self":[{"href":"https:\/\/last.bluefinfitness.com\/es\/wp-json\/wp\/v2\/pages\/643997"}],"collection":[{"href":"https:\/\/last.bluefinfitness.com\/es\/wp-json\/wp\/v2\/pages"}],"about":[{"href":"https:\/\/last.bluefinfitness.com\/es\/wp-json\/wp\/v2\/types\/page"}],"author":[{"embeddable":true,"href":"https:\/\/last.bluefinfitness.com\/es\/wp-json\/wp\/v2\/users\/309"}],"replies":[{"embeddable":true,"href":"https:\/\/last.bluefinfitness.com\/es\/wp-json\/wp\/v2\/comments?post=643997"}],"version-history":[{"count":0,"href":"https:\/\/last.bluefinfitness.com\/es\/wp-json\/wp\/v2\/pages\/643997\/revisions"}],"wp:attachment":[{"href":"https:\/\/last.bluefinfitness.com\/es\/wp-json\/wp\/v2\/media?parent=643997"}],"curies":[{"name":"wp","href":"https:\/\/api.w.org\/{rel}","templated":true}]}}