{"id":125158,"date":"2020-11-17T09:18:28","date_gmt":"2020-11-17T09:18:28","guid":{"rendered":"https:\/\/www.bluefinfitness.com\/foot-massager\/"},"modified":"2023-04-06T07:54:53","modified_gmt":"2023-04-06T07:54:53","slug":"masajeador-de-pies","status":"publish","type":"product","link":"https:\/\/last.bluefinfitness.com\/es\/masajeador-de-pies\/","title":{"rendered":"Masajeador de Pies Bluefin SUUV"},"content":{"rendered":"<p><span data-sheets-value=\"{&quot;1&quot;:2,&quot;2&quot;:&quot;\u00a1Desp\u00eddete del dolor de pies! Ya est\u00e1 aqu\u00ed el masajeador el\u00e9ctrico SUUV de Bluefin Fitness. Sin tener que salir de casa, el masajeador el\u00e9ctrico para pies SUUV es perfecto para aliviar el dolor y el estr\u00e9s. Su innovadora tecnolog\u00eda incluye: diferentes modos de vibraci\u00f3n, varias velocidades, pantalla LCD, control remoto de pulsera. Con esta vibradora de pies te librar\u00e1s de las v\u00e1rices, de la fascitis plantar y de una insuficiente circulaci\u00f3n sangu\u00ednea. No hay pie que se le resista. Y si quieres ponerte en forma, con s\u00f3lo 15 minutos al d\u00eda realizar\u00e1s un ejercicio completo para tus piernas. Y si surge alg\u00fan problema, cuentas con una garant\u00eda platinum de 12 meses. As\u00ed t\u00fa no tendr\u00e1s que preocuparte porque nosotros te lo arreglaremos.nnEste masajeador de pies tan peque\u00f1o te ofrece todos estos beneficios y muchos m\u00e1s: tonifica los m\u00fasculos, alivia y vigoriza los pies, masajea los gemelos, devuelve la salud a los tendones y elimina la fascitis plantar. No tiene l\u00edmites. As\u00ed que, \u00bfa qu\u00e9 esperas? Prep\u00e1rate para estar estupenda sin pagar car\u00edsimas terapias ni sufrir dolor. Este a\u00f1o te mereces darte unos mimos&quot;}\" data-sheets-userformat=\"{&quot;2&quot;:15357,&quot;3&quot;:{&quot;1&quot;:0},&quot;5&quot;:{&quot;1&quot;:[{&quot;1&quot;:2,&quot;2&quot;:0,&quot;5&quot;:[null,2,0]},{&quot;1&quot;:0,&quot;2&quot;:0,&quot;3&quot;:3},{&quot;1&quot;:1,&quot;2&quot;:0,&quot;4&quot;:1}]},&quot;6&quot;:{&quot;1&quot;:[{&quot;1&quot;:2,&quot;2&quot;:0,&quot;5&quot;:[null,2,0]},{&quot;1&quot;:0,&quot;2&quot;:0,&quot;3&quot;:3},{&quot;1&quot;:1,&quot;2&quot;:0,&quot;4&quot;:1}]},&quot;7&quot;:{&quot;1&quot;:[{&quot;1&quot;:2,&quot;2&quot;:0,&quot;5&quot;:[null,2,0]},{&quot;1&quot;:0,&quot;2&quot;:0,&quot;3&quot;:3},{&quot;1&quot;:1,&quot;2&quot;:0,&quot;4&quot;:1}]},&quot;8&quot;:{&quot;1&quot;:[{&quot;1&quot;:2,&quot;2&quot;:0,&quot;5&quot;:[null,2,0]},{&quot;1&quot;:0,&quot;2&quot;:0,&quot;3&quot;:3},{&quot;1&quot;:1,&quot;2&quot;:0,&quot;4&quot;:1}]},&quot;9&quot;:1,&quot;10&quot;:1,&quot;11&quot;:4,&quot;12&quot;:0,&quot;14&quot;:[null,2,0],&quot;15&quot;:&quot;Arial&quot;,&quot;16&quot;:11}\">\u00a1Desp\u00eddete del dolor de pies! Ya est\u00e1 aqu\u00ed el masajeador el\u00e9ctrico SUUV de Bluefin Fitness. Sin tener que salir de casa, el masajeador el\u00e9ctrico para pies SUUV es perfecto para aliviar el dolor y el estr\u00e9s. Su innovadora tecnolog\u00eda incluye: diferentes modos de vibraci\u00f3n, varias velocidades, pantalla LCD, control remoto de pulsera. Con esta vibradora de pies te librar\u00e1s de las v\u00e1rices, de la fascitis plantar y de una insuficiente circulaci\u00f3n sangu\u00ednea. No hay pie que se le resista. Y si quieres ponerte en forma, con s\u00f3lo 15 minutos al d\u00eda realizar\u00e1s un ejercicio completo para tus piernas. Y si surge alg\u00fan problema, cuentas con una garant\u00eda platinum de 12 meses. As\u00ed t\u00fa no tendr\u00e1s que preocuparte porque nosotros te lo arreglaremos.<\/span><\/p>\n<p>Este masajeador de pies tan peque\u00f1o te ofrece todos estos beneficios y muchos m\u00e1s: tonifica los m\u00fasculos, alivia y vigoriza los pies, masajea los gemelos, devuelve la salud a los tendones y elimina la fascitis plantar. No tiene l\u00edmites. As\u00ed que, \u00bfa qu\u00e9 esperas? Prep\u00e1rate para estar estupenda sin pagar car\u00edsimas terapias ni sufrir dolor. Este a\u00f1o te mereces darte unos mimos<\/p>\n\t<div id=\"gap-1626007527\" class=\"gap-element clearfix\" style=\"display:block; height:auto;\">\n\t\t\n<style>\n#gap-1626007527 {\n  padding-top: 30px;\n}\n<\/style>\n\t<\/div>\n\t\n<div class=\"row\"  id=\"row-1736351579\">\n\n\t<div id=\"col-1546677091\" class=\"col medium-4 small-12 large-4\"  >\n\t\t\t\t<div class=\"col-inner\"  >\n\t\t\t\n\t\t\t\n\t<div class=\"box has-hover   has-hover box-text-bottom\" >\n\n\t\t<div class=\"box-image\" >\n\t\t\t\t\t\t<div class=\"\" >\n\t\t\t\t<img decoding=\"async\" width=\"1501\" height=\"1501\" src=\"https:\/\/last.bluefinfitness.com\/wp-content\/uploads\/2020\/12\/Bluefin-SUUV_1500x1500px_ES-08.jpg\" class=\"attachment- size-\" alt=\"Bluefin masajeador de pie\" srcset=\"https:\/\/last.bluefinfitness.com\/wp-content\/uploads\/2020\/12\/Bluefin-SUUV_1500x1500px_ES-08.jpg 1501w, https:\/\/last.bluefinfitness.com\/wp-content\/uploads\/2020\/12\/Bluefin-SUUV_1500x1500px_ES-08-300x300.jpg 300w, https:\/\/last.bluefinfitness.com\/wp-content\/uploads\/2020\/12\/Bluefin-SUUV_1500x1500px_ES-08-1024x1024.jpg 1024w, https:\/\/last.bluefinfitness.com\/wp-content\/uploads\/2020\/12\/Bluefin-SUUV_1500x1500px_ES-08-150x150.jpg 150w, https:\/\/last.bluefinfitness.com\/wp-content\/uploads\/2020\/12\/Bluefin-SUUV_1500x1500px_ES-08-768x768.jpg 768w, https:\/\/last.bluefinfitness.com\/wp-content\/uploads\/2020\/12\/Bluefin-SUUV_1500x1500px_ES-08-500x500.jpg 500w, https:\/\/last.bluefinfitness.com\/wp-content\/uploads\/2020\/12\/Bluefin-SUUV_1500x1500px_ES-08-100x100.jpg 100w\" sizes=\"(max-width: 1501px) 100vw, 1501px\" \/>\t\t\t\t\t\t\t\t\t\t\t<\/div>\n\t\t\t\t\t<\/div>\n\n\t\t<div class=\"box-text text-center\" >\n\t\t\t<div class=\"box-text-inner\">\n\t\t\t\t\n<p style=\"text-align: left;\"><strong>Masejaador de Pies SUUV de Bluefin Fitness.<\/strong> Entrena desde la comodidad de tu hogar. Si\u00e9ntate en una silla o en el suelo y prep\u00e1rate para un masaje de alta calidad y un ejercicio de bajo impacto, \u00a1todo al mismo tiempo! \u00bfTienes 15 minutos libres? Simplemente tienes que colocar el aparato sobre una superficie dura y lisa, y empezar\u00e1s tu ejercicio enseguida.<\/p>\n\t\t\t<\/div>\n\t\t<\/div>\n\t<\/div>\n\t\n\t\t<\/div>\n\t\t\t\t\t<\/div>\n\n\t\n\n\t<div id=\"col-1621581709\" class=\"col medium-4 small-12 large-4\"  >\n\t\t\t\t<div class=\"col-inner\"  >\n\t\t\t\n\t\t\t\n\t<div class=\"box has-hover   has-hover box-text-bottom\" >\n\n\t\t<div class=\"box-image\" >\n\t\t\t\t\t\t<div class=\"\" >\n\t\t\t\t<img decoding=\"async\" width=\"1501\" height=\"1501\" src=\"https:\/\/last.bluefinfitness.com\/wp-content\/uploads\/2020\/12\/Bluefin-SUUV_1500x1500px_ES-02.jpg\" class=\"attachment- size-\" alt=\"Bluefin masajeador de pie\" srcset=\"https:\/\/last.bluefinfitness.com\/wp-content\/uploads\/2020\/12\/Bluefin-SUUV_1500x1500px_ES-02.jpg 1501w, https:\/\/last.bluefinfitness.com\/wp-content\/uploads\/2020\/12\/Bluefin-SUUV_1500x1500px_ES-02-300x300.jpg 300w, https:\/\/last.bluefinfitness.com\/wp-content\/uploads\/2020\/12\/Bluefin-SUUV_1500x1500px_ES-02-1024x1024.jpg 1024w, https:\/\/last.bluefinfitness.com\/wp-content\/uploads\/2020\/12\/Bluefin-SUUV_1500x1500px_ES-02-150x150.jpg 150w, https:\/\/last.bluefinfitness.com\/wp-content\/uploads\/2020\/12\/Bluefin-SUUV_1500x1500px_ES-02-768x768.jpg 768w, https:\/\/last.bluefinfitness.com\/wp-content\/uploads\/2020\/12\/Bluefin-SUUV_1500x1500px_ES-02-500x500.jpg 500w, https:\/\/last.bluefinfitness.com\/wp-content\/uploads\/2020\/12\/Bluefin-SUUV_1500x1500px_ES-02-100x100.jpg 100w\" sizes=\"(max-width: 1501px) 100vw, 1501px\" \/>\t\t\t\t\t\t\t\t\t\t\t<\/div>\n\t\t\t\t\t<\/div>\n\n\t\t<div class=\"box-text text-center\" >\n\t\t\t<div class=\"box-text-inner\">\n\t\t\t\t\n<p style=\"text-align: left;\"><strong>\u00a1Tecnolog\u00eda Puntera en la que Confiar!<\/strong> \u00bfListo para un ejercicio de primera? \u00a1Dise\u00f1ada por profesionales con rodillos de masaje y ptaforma vibradora de \u00faltima generaci\u00f3n, el Masajeador de Pies SUUV de Bluefin Fitness combina una reflexolog\u00eda puntera, la vibraci\u00f3n y el masaje para traerte un ejercicio de primera clase! No escatimamos en calidad, \u00a1y t\u00fa tampoco deber\u00edas hacerlo!<\/p>\n\t\t\t<\/div>\n\t\t<\/div>\n\t<\/div>\n\t\n\t\t<\/div>\n\t\t\t\t\t<\/div>\n\n\t\n\n\t<div id=\"col-1510857821\" class=\"col medium-4 small-12 large-4\"  >\n\t\t\t\t<div class=\"col-inner\"  >\n\t\t\t\n\t\t\t\n\t<div class=\"box has-hover   has-hover box-text-bottom\" >\n\n\t\t<div class=\"box-image\" >\n\t\t\t\t\t\t<div class=\"\" >\n\t\t\t\t<img decoding=\"async\" width=\"1501\" height=\"1501\" src=\"https:\/\/last.bluefinfitness.com\/wp-content\/uploads\/2020\/12\/Bluefin-SUUV_1500x1500px_ES-03.jpg\" class=\"attachment- size-\" alt=\"Bluefin masajeador de pie\" srcset=\"https:\/\/last.bluefinfitness.com\/wp-content\/uploads\/2020\/12\/Bluefin-SUUV_1500x1500px_ES-03.jpg 1501w, https:\/\/last.bluefinfitness.com\/wp-content\/uploads\/2020\/12\/Bluefin-SUUV_1500x1500px_ES-03-300x300.jpg 300w, https:\/\/last.bluefinfitness.com\/wp-content\/uploads\/2020\/12\/Bluefin-SUUV_1500x1500px_ES-03-1024x1024.jpg 1024w, https:\/\/last.bluefinfitness.com\/wp-content\/uploads\/2020\/12\/Bluefin-SUUV_1500x1500px_ES-03-150x150.jpg 150w, https:\/\/last.bluefinfitness.com\/wp-content\/uploads\/2020\/12\/Bluefin-SUUV_1500x1500px_ES-03-768x768.jpg 768w, https:\/\/last.bluefinfitness.com\/wp-content\/uploads\/2020\/12\/Bluefin-SUUV_1500x1500px_ES-03-500x500.jpg 500w, https:\/\/last.bluefinfitness.com\/wp-content\/uploads\/2020\/12\/Bluefin-SUUV_1500x1500px_ES-03-100x100.jpg 100w\" sizes=\"(max-width: 1501px) 100vw, 1501px\" \/>\t\t\t\t\t\t\t\t\t\t\t<\/div>\n\t\t\t\t\t<\/div>\n\n\t\t<div class=\"box-text text-center\" >\n\t\t\t<div class=\"box-text-inner\">\n\t\t\t\t\n<p style=\"text-align: left;\"><strong>Desp\u00eddete de las V\u00e1rices y de la Fascitis Plantar<\/strong> \u00a1El que algo quiere algo le cuesta! \u00a1El Masajeador de Pies SUUV har\u00e1 que digas Adios a las v\u00e1rices y la fascitis plantar y Hola al alivio del dolor desde tu hogar! Con sus cabezales de masaje de micro-oscilaci\u00f3n dispuestos bajo una red protectora, la terapia de masaje de cabezas magn\u00e9itcas trabaja estimulando la circulaci\u00f3n sangu\u00ednea y revitalizando las piernas cansadas.<\/p>\n\t\t\t<\/div>\n\t\t<\/div>\n\t<\/div>\n\t\n\t\t<\/div>\n\t\t\t\t\t<\/div>\n\n\t\n<\/div>\n<div class=\"row\"  id=\"row-651959332\">\n\n\t<div id=\"col-1195511531\" class=\"col medium-4 small-12 large-4\"  >\n\t\t\t\t<div class=\"col-inner\"  >\n\t\t\t\n\t\t\t\n\t<div class=\"box has-hover   has-hover box-text-bottom\" >\n\n\t\t<div class=\"box-image\" >\n\t\t\t\t\t\t<div class=\"\" >\n\t\t\t\t<img decoding=\"async\" width=\"1501\" height=\"1501\" src=\"https:\/\/last.bluefinfitness.com\/wp-content\/uploads\/2020\/12\/Bluefin-SUUV_1500x1500px_ES-04.jpg\" class=\"attachment- size-\" alt=\"Bluefin masajeador de pie\" srcset=\"https:\/\/last.bluefinfitness.com\/wp-content\/uploads\/2020\/12\/Bluefin-SUUV_1500x1500px_ES-04.jpg 1501w, https:\/\/last.bluefinfitness.com\/wp-content\/uploads\/2020\/12\/Bluefin-SUUV_1500x1500px_ES-04-300x300.jpg 300w, https:\/\/last.bluefinfitness.com\/wp-content\/uploads\/2020\/12\/Bluefin-SUUV_1500x1500px_ES-04-1024x1024.jpg 1024w, https:\/\/last.bluefinfitness.com\/wp-content\/uploads\/2020\/12\/Bluefin-SUUV_1500x1500px_ES-04-150x150.jpg 150w, https:\/\/last.bluefinfitness.com\/wp-content\/uploads\/2020\/12\/Bluefin-SUUV_1500x1500px_ES-04-768x768.jpg 768w, https:\/\/last.bluefinfitness.com\/wp-content\/uploads\/2020\/12\/Bluefin-SUUV_1500x1500px_ES-04-500x500.jpg 500w, https:\/\/last.bluefinfitness.com\/wp-content\/uploads\/2020\/12\/Bluefin-SUUV_1500x1500px_ES-04-100x100.jpg 100w\" sizes=\"(max-width: 1501px) 100vw, 1501px\" \/>\t\t\t\t\t\t\t\t\t\t\t<\/div>\n\t\t\t\t\t<\/div>\n\n\t\t<div class=\"box-text text-center\" >\n\t\t\t<div class=\"box-text-inner\">\n\t\t\t\t\n<p style=\"text-align: left;\"><strong>\u00a1Extras de Fitness que te Encantar\u00e1n!<\/strong> Monitoriza tu actividad. \u00a1Sigue esforz\u00e1ndote por alcancar tus metas en el fitness utilizando el mando a distancia de mu\u00f1eca y personalizando tu entrenamiento con el programa y la velocidad de vibraci\u00f3n adecuados para ti! La pantalla LCD del masajeador de pies te permite seguir 5 programas con intensidades que van de baja a alta y 60 velocidades diferentes que puedes seleccionar para mejorar realmente tus ejercicios! \u00bfA qu\u00e9 est\u00e1s esperando?<\/p>\n\t\t\t<\/div>\n\t\t<\/div>\n\t<\/div>\n\t\n\t\t<\/div>\n\t\t\t\t\t<\/div>\n\n\t\n\n\t<div id=\"col-1940969870\" class=\"col medium-4 small-12 large-4\"  >\n\t\t\t\t<div class=\"col-inner\"  >\n\t\t\t\n\t\t\t\n\t<div class=\"box has-hover   has-hover box-text-bottom\" >\n\n\t\t<div class=\"box-image\" >\n\t\t\t\t\t\t<div class=\"\" >\n\t\t\t\t<img decoding=\"async\" width=\"1501\" height=\"1501\" src=\"https:\/\/last.bluefinfitness.com\/wp-content\/uploads\/2020\/12\/Bluefin-SUUV_1500x1500px_ES-06.jpg\" class=\"attachment- size-\" alt=\"Bluefin masajeador de pie\" srcset=\"https:\/\/last.bluefinfitness.com\/wp-content\/uploads\/2020\/12\/Bluefin-SUUV_1500x1500px_ES-06.jpg 1501w, https:\/\/last.bluefinfitness.com\/wp-content\/uploads\/2020\/12\/Bluefin-SUUV_1500x1500px_ES-06-300x300.jpg 300w, https:\/\/last.bluefinfitness.com\/wp-content\/uploads\/2020\/12\/Bluefin-SUUV_1500x1500px_ES-06-1024x1024.jpg 1024w, https:\/\/last.bluefinfitness.com\/wp-content\/uploads\/2020\/12\/Bluefin-SUUV_1500x1500px_ES-06-150x150.jpg 150w, https:\/\/last.bluefinfitness.com\/wp-content\/uploads\/2020\/12\/Bluefin-SUUV_1500x1500px_ES-06-768x768.jpg 768w, https:\/\/last.bluefinfitness.com\/wp-content\/uploads\/2020\/12\/Bluefin-SUUV_1500x1500px_ES-06-500x500.jpg 500w, https:\/\/last.bluefinfitness.com\/wp-content\/uploads\/2020\/12\/Bluefin-SUUV_1500x1500px_ES-06-100x100.jpg 100w\" sizes=\"(max-width: 1501px) 100vw, 1501px\" \/>\t\t\t\t\t\t\t\t\t\t\t<\/div>\n\t\t\t\t\t<\/div>\n\n\t\t<div class=\"box-text text-center\" >\n\t\t\t<div class=\"box-text-inner\">\n\t\t\t\t\n<p style=\"text-align: left;\"><strong>Mejora Tu Tono Muscular y la Circulaci\u00f3n Sangu\u00ednea<\/strong>. Recoge los beneficios de la saludable tecnolog\u00eda de la vibraci\u00f3n sin soltar una gota de sudor. Sus potententes rodillos y vibraciones penetran profundamente en el tejido epitelial, mejorando el flujo de sangre y aliviando el dolor muscular. Puedes incluso subir a\u00fan m\u00e1s el nivel de tus ejercicios masajeando tus gemelos, puntos de gatillo y cu\u00e1driceps, para tener m\u00e1s opciones de tonificaci\u00f3n muscular.<\/p>\n\t\t\t<\/div>\n\t\t<\/div>\n\t<\/div>\n\t\n\t\t<\/div>\n\t\t\t\t\t<\/div>\n\n\t\n\n\t<div id=\"col-1302621089\" class=\"col medium-4 small-12 large-4\"  >\n\t\t\t\t<div class=\"col-inner\"  >\n\t\t\t\n\t\t\t\n\t<div class=\"box has-hover   has-hover box-text-bottom\" >\n\n\t\t<div class=\"box-image\" >\n\t\t\t\t\t\t<div class=\"\" >\n\t\t\t\t<img decoding=\"async\" width=\"1501\" height=\"1501\" src=\"https:\/\/last.bluefinfitness.com\/wp-content\/uploads\/2020\/12\/Bluefin-SUUV_1500x1500px_ES-07.jpg\" class=\"attachment- size-\" alt=\"Bluefin masajeador de pie\" srcset=\"https:\/\/last.bluefinfitness.com\/wp-content\/uploads\/2020\/12\/Bluefin-SUUV_1500x1500px_ES-07.jpg 1501w, https:\/\/last.bluefinfitness.com\/wp-content\/uploads\/2020\/12\/Bluefin-SUUV_1500x1500px_ES-07-300x300.jpg 300w, https:\/\/last.bluefinfitness.com\/wp-content\/uploads\/2020\/12\/Bluefin-SUUV_1500x1500px_ES-07-1024x1024.jpg 1024w, https:\/\/last.bluefinfitness.com\/wp-content\/uploads\/2020\/12\/Bluefin-SUUV_1500x1500px_ES-07-150x150.jpg 150w, https:\/\/last.bluefinfitness.com\/wp-content\/uploads\/2020\/12\/Bluefin-SUUV_1500x1500px_ES-07-768x768.jpg 768w, https:\/\/last.bluefinfitness.com\/wp-content\/uploads\/2020\/12\/Bluefin-SUUV_1500x1500px_ES-07-500x500.jpg 500w, https:\/\/last.bluefinfitness.com\/wp-content\/uploads\/2020\/12\/Bluefin-SUUV_1500x1500px_ES-07-100x100.jpg 100w\" sizes=\"(max-width: 1501px) 100vw, 1501px\" \/>\t\t\t\t\t\t\t\t\t\t\t<\/div>\n\t\t\t\t\t<\/div>\n\n\t\t<div class=\"box-text text-center\" >\n\t\t\t<div class=\"box-text-inner\">\n\t\t\t\t\n<p style=\"text-align: left;\"><strong>Alivia tu Estr\u00e9s con el Click de un Bot\u00f3n.<\/strong> Un poco de tiempo para ti. Rel\u00e1jate y tranquilizate mientras haces ejercicio sentado con nuestro Masajeador de Pies SUUV. Elige entre 5 programas de intensidad de los rodillos y 60 modos de velocidad diferentes para asegurarte de que alcanzas ese \u00abdulce punto\u00bb de la relajaci\u00f3n. F\u00e1cil de usar y listo en cualquier momento con pulsar un bot\u00f3n en tu mando a distancia de mu\u00f1eca.<\/p>\n\t\t\t<\/div>\n\t\t<\/div>\n\t<\/div>\n\t\n\t\t<\/div>\n\t\t\t\t\t<\/div>\n\n\t\n<\/div>\n","protected":false},"excerpt":{"rendered":"<ul>\n<li style=\"text-align: left;\">INNOVADORA: Con el masajeador de pies y piernas te sentir\u00e1s en el s\u00e9ptimo cielo desde tu sal\u00f3n<\/li>\n<li style=\"text-align: left;\">Un cuerpo que vibra, respira. Esta m\u00e1quina de masajes MEJORA LA CIRCULACI\u00d3N \u00a1Que fluya el oxigeno!<\/li>\n<li style=\"text-align: left;\">S\u00f3lo 15 minutos al d\u00eda y el masajeador de pies y piernas te reconciliar\u00e1 con tu cuerpo. Cu\u00eddate<\/li>\n<li style=\"text-align: left;\">F\u00c1CIL:S\u00f3lo un bot\u00f3n y sentir\u00e1s un masaje de pies el\u00e9ctrico para sacudirte el stress. Te lo mereces<\/li>\n<li style=\"text-align: left;\">12 MESES DE GARANT\u00cdA: Que tu cuerpo no pare de vibrar. Date un masaje el\u00e9ctrico sin interrupciones<\/li>\n<\/ul>\n","protected":false},"featured_media":644880,"comment_status":"open","ping_status":"closed","template":"","meta":[],"product_cat":[3456],"product_tag":[],"_links":{"self":[{"href":"https:\/\/last.bluefinfitness.com\/es\/wp-json\/wp\/v2\/product\/125158"}],"collection":[{"href":"https:\/\/last.bluefinfitness.com\/es\/wp-json\/wp\/v2\/product"}],"about":[{"href":"https:\/\/last.bluefinfitness.com\/es\/wp-json\/wp\/v2\/types\/product"}],"replies":[{"embeddable":true,"href":"https:\/\/last.bluefinfitness.com\/es\/wp-json\/wp\/v2\/comments?post=125158"}],"wp:featuredmedia":[{"embeddable":true,"href":"https:\/\/last.bluefinfitness.com\/es\/wp-json\/wp\/v2\/media\/644880"}],"wp:attachment":[{"href":"https:\/\/last.bluefinfitness.com\/es\/wp-json\/wp\/v2\/media?parent=125158"}],"wp:term":[{"taxonomy":"product_cat","embeddable":true,"href":"https:\/\/last.bluefinfitness.com\/es\/wp-json\/wp\/v2\/product_cat?post=125158"},{"taxonomy":"product_tag","embeddable":true,"href":"https:\/\/last.bluefinfitness.com\/es\/wp-json\/wp\/v2\/product_tag?post=125158"}],"curies":[{"name":"wp","href":"https:\/\/api.w.org\/{rel}","templated":true}]}}