{"id":25385,"date":"2019-10-01T15:29:10","date_gmt":"2019-10-01T15:29:10","guid":{"rendered":"https:\/\/www.bluefinfitness.com\/?post_type=product&#038;p=25385"},"modified":"2022-05-03T09:48:33","modified_gmt":"2022-05-03T09:48:33","slug":"bicicleta-eliptica-web-exclusive","status":"publish","type":"product","link":"https:\/\/last.bluefinfitness.com\/es\/bicicleta-eliptica-web-exclusive\/","title":{"rendered":"El\u00edptica Bluefin Curv 3.0"},"content":{"rendered":"\t<div class=\"img has-hover x md-x lg-x y md-y lg-y\" id=\"image_1001685566\">\n\t\t\t\t\t\t\t\t<div class=\"img-inner dark\" >\n\t\t\t<img decoding=\"async\" width=\"970\" height=\"300\" src=\"https:\/\/last.bluefinfitness.com\/wp-content\/uploads\/2019\/10\/335d3eb7-f644-4887-9bed-ce33dfe50b31.__CR00970300_PT0_SX970_V1___.png\" class=\"attachment-large size-large\" alt=\"Bluefin bicicleta el\u00edptica\" srcset=\"https:\/\/last.bluefinfitness.com\/wp-content\/uploads\/2019\/10\/335d3eb7-f644-4887-9bed-ce33dfe50b31.__CR00970300_PT0_SX970_V1___.png 970w, https:\/\/last.bluefinfitness.com\/wp-content\/uploads\/2019\/10\/335d3eb7-f644-4887-9bed-ce33dfe50b31.__CR00970300_PT0_SX970_V1___-300x93.png 300w, https:\/\/last.bluefinfitness.com\/wp-content\/uploads\/2019\/10\/335d3eb7-f644-4887-9bed-ce33dfe50b31.__CR00970300_PT0_SX970_V1___-768x238.png 768w, https:\/\/last.bluefinfitness.com\/wp-content\/uploads\/2019\/10\/335d3eb7-f644-4887-9bed-ce33dfe50b31.__CR00970300_PT0_SX970_V1___-500x155.png 500w\" sizes=\"(max-width: 970px) 100vw, 970px\" \/>\t\t\t\t\t\t\n\t\t\t\t\t<\/div>\n\t\t\t\t\t\t\t\t\n<style>\n#image_1001685566 {\n  width: 100%;\n}\n<\/style>\n\t<\/div>\n\t\n\t<div id=\"gap-583349835\" class=\"gap-element clearfix\" style=\"display:block; height:auto;\">\n\t\t\n<style>\n#gap-583349835 {\n  padding-top: 30px;\n}\n<\/style>\n\t<\/div>\n\t\n<div class=\"row row-small align-center\"  id=\"row-80721246\">\n\n\t<div id=\"col-1101604424\" class=\"col medium-4 small-12 large-4\"  >\n\t\t\t\t<div class=\"col-inner\"  >\n\t\t\t\n\t\t\t\n\t<div class=\"box has-hover   has-hover box-text-bottom\" >\n\n\t\t<div class=\"box-image\" >\n\t\t\t\t\t\t<div class=\"\" >\n\t\t\t\t<img decoding=\"async\" width=\"300\" height=\"300\" src=\"https:\/\/last.bluefinfitness.com\/wp-content\/uploads\/2019\/10\/b2d80498-daea-47cd-9f34-992104f85464.__CR00300300_PT0_SX300_V1___.png\" class=\"attachment- size-\" alt=\"Bluefin bicicleta el\u00edptica\" srcset=\"https:\/\/last.bluefinfitness.com\/wp-content\/uploads\/2019\/10\/b2d80498-daea-47cd-9f34-992104f85464.__CR00300300_PT0_SX300_V1___.png 300w, https:\/\/last.bluefinfitness.com\/wp-content\/uploads\/2019\/10\/b2d80498-daea-47cd-9f34-992104f85464.__CR00300300_PT0_SX300_V1___-150x150.png 150w, https:\/\/last.bluefinfitness.com\/wp-content\/uploads\/2019\/10\/b2d80498-daea-47cd-9f34-992104f85464.__CR00300300_PT0_SX300_V1___-100x100.png 100w\" sizes=\"(max-width: 300px) 100vw, 300px\" \/>\t\t\t\t\t\t\t\t\t\t\t<\/div>\n\t\t\t\t\t<\/div>\n\n\t\t<div class=\"box-text text-center\" >\n\t\t\t<div class=\"box-text-inner\">\n\t\t\t\t\n<h4 style=\"text-align: left;\">Bicicleta El\u00edptica Bluefin Fitness Curv 3.0 Elliptical Cross Trainer<\/h4>\n<p style=\"text-align: left;\">Bicicleta El\u00edptica de Acci\u00f3n Avanzada: Aumenta tu resistencia y capacidad cardio-vascular con la Curv 3.0 Elliptical Trainer. Muscula y quema calor\u00edas con un ejercicio de bajo impacto que pone menos presi\u00f3n en tus articulaciones que una cinta de correr tradicional. Los 12 x programas autom\u00e1ticos + los 16 x niveles manuales de resistencia te permiten ir al paso o simular una carrera de cross o sprintar.<br \/>\nLa Curv 3.0 mejora tu equilibrio y ofrece un gran ejercicio de recuperaci\u00f3n tras una lesi\u00f3n. Trabaja tu parte superior del cuerpo al mismo tiempo que la parte inferior y benef\u00edciate de las caracter\u00edsticas avanzadas como la auto-propulsi\u00f3n y el sistema de funcionamiento silencioso como un susurro.<\/p>\n\t\t\t<\/div>\n\t\t<\/div>\n\t<\/div>\n\t\n\t\t<\/div>\n\t\t\t\t\t<\/div>\n\n\t\n\n\t<div id=\"col-1279328332\" class=\"col medium-4 small-12 large-4\"  >\n\t\t\t\t<div class=\"col-inner\"  >\n\t\t\t\n\t\t\t\n\t<div class=\"box has-hover   has-hover box-text-bottom\" >\n\n\t\t<div class=\"box-image\" >\n\t\t\t\t\t\t<div class=\"\" >\n\t\t\t\t<img decoding=\"async\" width=\"300\" height=\"300\" src=\"https:\/\/last.bluefinfitness.com\/wp-content\/uploads\/2019\/10\/b41028cb-9932-4577-976f-dbcd85f92fa7.__CR00300300_PT0_SX300_V1___.png\" class=\"attachment- size-\" alt=\"Bluefin bicicleta el\u00edptica\" srcset=\"https:\/\/last.bluefinfitness.com\/wp-content\/uploads\/2019\/10\/b41028cb-9932-4577-976f-dbcd85f92fa7.__CR00300300_PT0_SX300_V1___.png 300w, https:\/\/last.bluefinfitness.com\/wp-content\/uploads\/2019\/10\/b41028cb-9932-4577-976f-dbcd85f92fa7.__CR00300300_PT0_SX300_V1___-150x150.png 150w, https:\/\/last.bluefinfitness.com\/wp-content\/uploads\/2019\/10\/b41028cb-9932-4577-976f-dbcd85f92fa7.__CR00300300_PT0_SX300_V1___-100x100.png 100w\" sizes=\"(max-width: 300px) 100vw, 300px\" \/>\t\t\t\t\t\t\t\t\t\t\t<\/div>\n\t\t\t\t\t<\/div>\n\n\t\t<div class=\"box-text text-center\" >\n\t\t\t<div class=\"box-text-inner\">\n\t\t\t\t\n<h4 style=\"text-align: left;\">Funcionamiento silencioso, potente rueda de 14 kg<\/h4>\n<p style=\"text-align: left;\">Movimiento fluido susurrante: la potente masa de la rueda de 14 kg ofrece un movimiento fluido y una zancada larga natural. El sistema de funcionamiento silencioso es completamente auto-propulsado e incluye un sistema de frenado magn\u00e9tico seguro que te permite hacer una parada con total facilidad.<br \/>\nLa Curv 3.0 es el modelo m\u00e1s grande en nuestra gama de bicicletas el\u00edpticas proporcion\u00e1ndote una zancada m\u00e1s larga que nunca antes.<\/p>\n\t\t\t<\/div>\n\t\t<\/div>\n\t<\/div>\n\t\n\t\t<\/div>\n\t\t\t\t\t<\/div>\n\n\t\n\n\t<div id=\"col-1726315240\" class=\"col medium-4 small-12 large-4\"  >\n\t\t\t\t<div class=\"col-inner\"  >\n\t\t\t\n\t\t\t\n\t<div class=\"box has-hover   has-hover box-text-bottom\" >\n\n\t\t<div class=\"box-image\" >\n\t\t\t\t\t\t<div class=\"\" >\n\t\t\t\t<img decoding=\"async\" width=\"300\" height=\"300\" src=\"https:\/\/last.bluefinfitness.com\/wp-content\/uploads\/2019\/10\/4372058a-01e2-4bbf-bee0-1e0059d74f61.__CR00300300_PT0_SX300_V1___.png\" class=\"attachment- size-\" alt=\"Bluefin bicicleta el\u00edptica\" srcset=\"https:\/\/last.bluefinfitness.com\/wp-content\/uploads\/2019\/10\/4372058a-01e2-4bbf-bee0-1e0059d74f61.__CR00300300_PT0_SX300_V1___.png 300w, https:\/\/last.bluefinfitness.com\/wp-content\/uploads\/2019\/10\/4372058a-01e2-4bbf-bee0-1e0059d74f61.__CR00300300_PT0_SX300_V1___-150x150.png 150w, https:\/\/last.bluefinfitness.com\/wp-content\/uploads\/2019\/10\/4372058a-01e2-4bbf-bee0-1e0059d74f61.__CR00300300_PT0_SX300_V1___-100x100.png 100w\" sizes=\"(max-width: 300px) 100vw, 300px\" \/>\t\t\t\t\t\t\t\t\t\t\t<\/div>\n\t\t\t\t\t<\/div>\n\n\t\t<div class=\"box-text text-center\" >\n\t\t\t<div class=\"box-text-inner\">\n\t\t\t\t\n<h4 style=\"text-align: left;\">Movimiento \u00d3ptimo + Protecci\u00f3n de Articulaciones<\/h4>\n<p style=\"text-align: left;\">Entrenamiento de Bajo Impacto: La rueda trasera te da un movimiento mejor y te garantiza un bajo impacto y una protecci\u00f3n anti-calambres para tus articulaciones. El movimiento fluido te permite todos los beneficios de un ejercicio cardio-vascular regular, sin el desgaste de alto impacto sobre las articulaciones de tu cadera, rodillas y tobillos.<br \/>\nSi quieres empezar a entrenar y mantener tu salud cardio-vascular despu\u00e9s de una lesi\u00f3n, entonces la Curv 3.0 es una elecci\u00f3n excelente y una aportaci\u00f3n a tu gimnasio casero.<\/p>\n\t\t\t<\/div>\n\t\t<\/div>\n\t<\/div>\n\t\n\t\t<\/div>\n\t\t\t\t\t<\/div>\n\n\t\n<\/div>\n<div class=\"row row-small align-center\"  id=\"row-1718387354\">\n\n\t<div id=\"col-1495967173\" class=\"col medium-4 small-12 large-4\"  >\n\t\t\t\t<div class=\"col-inner\"  >\n\t\t\t\n\t\t\t\n\t<div class=\"box has-hover   has-hover box-text-bottom\" >\n\n\t\t<div class=\"box-image\" >\n\t\t\t\t\t\t<div class=\"\" >\n\t\t\t\t<img decoding=\"async\" width=\"300\" height=\"300\" src=\"https:\/\/last.bluefinfitness.com\/wp-content\/uploads\/2019\/10\/5fb86163-9259-4f0b-81a3-d8e421d5de4c.__CR00300300_PT0_SX300_V1___.png\" class=\"attachment- size-\" alt=\"Bluefin bicicleta el\u00edptica\" srcset=\"https:\/\/last.bluefinfitness.com\/wp-content\/uploads\/2019\/10\/5fb86163-9259-4f0b-81a3-d8e421d5de4c.__CR00300300_PT0_SX300_V1___.png 300w, https:\/\/last.bluefinfitness.com\/wp-content\/uploads\/2019\/10\/5fb86163-9259-4f0b-81a3-d8e421d5de4c.__CR00300300_PT0_SX300_V1___-150x150.png 150w, https:\/\/last.bluefinfitness.com\/wp-content\/uploads\/2019\/10\/5fb86163-9259-4f0b-81a3-d8e421d5de4c.__CR00300300_PT0_SX300_V1___-100x100.png 100w\" sizes=\"(max-width: 300px) 100vw, 300px\" \/>\t\t\t\t\t\t\t\t\t\t\t<\/div>\n\t\t\t\t\t<\/div>\n\n\t\t<div class=\"box-text text-center\" >\n\t\t\t<div class=\"box-text-inner\">\n\t\t\t\t\n<h4 style=\"text-align: left;\">Aplicaci\u00f3n Fitness para tu Smartphone.<\/h4>\n<p style=\"text-align: left;\">Tecnolog\u00eda Smart: La aplicacion E-Health fitness est\u00e1 pre-calibrada para sincronizarse con tu smartphone o tablet. Sigue y analiza tu actividad f\u00edsica y el entrenamiento midiendo la velocidad, distancia, tiempo, ritmo card\u00edaco y calor\u00edas quemadas. Puedes compartir tus datos y competir con amigos por medio de las redes sociales para subir el list\u00f3n de tus objetivos de fitness.<\/p>\n\t\t\t<\/div>\n\t\t<\/div>\n\t<\/div>\n\t\n\t\t<\/div>\n\t\t\t\t\t<\/div>\n\n\t\n\n\t<div id=\"col-1428250803\" class=\"col medium-4 small-12 large-4\"  >\n\t\t\t\t<div class=\"col-inner\"  >\n\t\t\t\n\t\t\t\n\t<div class=\"box has-hover   has-hover box-text-bottom\" >\n\n\t\t<div class=\"box-image\" >\n\t\t\t\t\t\t<div class=\"\" >\n\t\t\t\t<img decoding=\"async\" width=\"300\" height=\"300\" src=\"https:\/\/last.bluefinfitness.com\/wp-content\/uploads\/2019\/10\/4bc54e17-ffdd-4d26-9c2a-fcb84c20c337.__CR00300300_PT0_SX300_V1___.png\" class=\"attachment- size-\" alt=\"Bluefin bicicleta el\u00edptica\" srcset=\"https:\/\/last.bluefinfitness.com\/wp-content\/uploads\/2019\/10\/4bc54e17-ffdd-4d26-9c2a-fcb84c20c337.__CR00300300_PT0_SX300_V1___.png 300w, https:\/\/last.bluefinfitness.com\/wp-content\/uploads\/2019\/10\/4bc54e17-ffdd-4d26-9c2a-fcb84c20c337.__CR00300300_PT0_SX300_V1___-150x150.png 150w, https:\/\/last.bluefinfitness.com\/wp-content\/uploads\/2019\/10\/4bc54e17-ffdd-4d26-9c2a-fcb84c20c337.__CR00300300_PT0_SX300_V1___-100x100.png 100w\" sizes=\"(max-width: 300px) 100vw, 300px\" \/>\t\t\t\t\t\t\t\t\t\t\t<\/div>\n\t\t\t\t\t<\/div>\n\n\t\t<div class=\"box-text text-center\" >\n\t\t\t<div class=\"box-text-inner\">\n\t\t\t\t\n<h4 class=\"a-spacing-mini\" style=\"text-align: left;\">Entrenamiento de todo el cuerpo: Bajo Impacto y Alta Intensidad.<\/h4>\n<p style=\"text-align: left;\">Entrenamiento Total &#8211; con cada zancada: El entrenamiento el\u00edptico cruzado ofrece un ejercicio de bajo impacto y de una alta intensidad que cubre todos los grupos musculares de tu cuerpo. Mejora tu salud cardio-vascular, aumenta la resistencia, quema calor\u00edas y muscula &#8211; todo al mismo tiempo. Es una alternativa fant\u00e1stica a correr con regularidad con incluso mayores beneficios para toda tu salud.<\/p>\n\t\t\t<\/div>\n\t\t<\/div>\n\t<\/div>\n\t\n\t\t<\/div>\n\t\t\t\t\t<\/div>\n\n\t\n\n\t<div id=\"col-2098679478\" class=\"col medium-4 small-12 large-4\"  >\n\t\t\t\t<div class=\"col-inner\"  >\n\t\t\t\n\t\t\t\n\t<div class=\"box has-hover   has-hover box-text-bottom\" >\n\n\t\t<div class=\"box-image\" >\n\t\t\t\t\t\t<div class=\"\" >\n\t\t\t\t<img decoding=\"async\" width=\"300\" height=\"300\" src=\"https:\/\/last.bluefinfitness.com\/wp-content\/uploads\/2019\/10\/e337d45e-2ded-4014-88c4-31422557854c.__CR00300300_PT0_SX300_V1___.png\" class=\"attachment- size-\" alt=\"Bluefin bicicleta el\u00edptica\" srcset=\"https:\/\/last.bluefinfitness.com\/wp-content\/uploads\/2019\/10\/e337d45e-2ded-4014-88c4-31422557854c.__CR00300300_PT0_SX300_V1___.png 300w, https:\/\/last.bluefinfitness.com\/wp-content\/uploads\/2019\/10\/e337d45e-2ded-4014-88c4-31422557854c.__CR00300300_PT0_SX300_V1___-150x150.png 150w, https:\/\/last.bluefinfitness.com\/wp-content\/uploads\/2019\/10\/e337d45e-2ded-4014-88c4-31422557854c.__CR00300300_PT0_SX300_V1___-100x100.png 100w\" sizes=\"(max-width: 300px) 100vw, 300px\" \/>\t\t\t\t\t\t\t\t\t\t\t<\/div>\n\t\t\t\t\t<\/div>\n\n\t\t<div class=\"box-text text-center\" >\n\t\t\t<div class=\"box-text-inner\">\n\t\t\t\t\n<h4 style=\"text-align: left;\">Control de Ritmo Cardiaco (HRC) + Monitores de Pulso<\/h4>\n<p style=\"text-align: left;\">Una elipse total del coraz\u00f3n: el modo HRC te permite programar tu ritmo cardiaco deseado y entrenar en el rango elegido. El nivel de resistencia se ajustar\u00e1 autom\u00e1ticamente por medio del ordenador para seguir por el buen camino. Los monitores de pulso en el manillar central graban fielmente el ritmo de tu pulso mientras haces ejercicio.<\/p>\n\t\t\t<\/div>\n\t\t<\/div>\n\t<\/div>\n\t\n\t\t<\/div>\n\t\t\t\t\t<\/div>\n\n\t\n<\/div>\n<div class=\"row row-small align-center\"  id=\"row-2107405745\">\n\n\t<div id=\"col-26999383\" class=\"col medium-3 small-12 large-3\"  >\n\t\t\t\t<div class=\"col-inner\"  >\n\t\t\t\n\t\t\t\n\t<div class=\"box has-hover   has-hover box-text-bottom\" >\n\n\t\t<div class=\"box-image\" >\n\t\t\t\t\t\t<div class=\"\" >\n\t\t\t\t<img decoding=\"async\" width=\"220\" height=\"220\" src=\"https:\/\/last.bluefinfitness.com\/wp-content\/uploads\/2019\/10\/2627f3bd-9e4c-4b71-bad3-8824883fa8f0.__CR00220220_PT0_SX220_V1___.png\" class=\"attachment- size-\" alt=\"Bluefin bicicleta el\u00edptica\" srcset=\"https:\/\/last.bluefinfitness.com\/wp-content\/uploads\/2019\/10\/2627f3bd-9e4c-4b71-bad3-8824883fa8f0.__CR00220220_PT0_SX220_V1___.png 220w, https:\/\/last.bluefinfitness.com\/wp-content\/uploads\/2019\/10\/2627f3bd-9e4c-4b71-bad3-8824883fa8f0.__CR00220220_PT0_SX220_V1___-150x150.png 150w, https:\/\/last.bluefinfitness.com\/wp-content\/uploads\/2019\/10\/2627f3bd-9e4c-4b71-bad3-8824883fa8f0.__CR00220220_PT0_SX220_V1___-100x100.png 100w\" sizes=\"(max-width: 220px) 100vw, 220px\" \/>\t\t\t\t\t\t\t\t\t\t\t<\/div>\n\t\t\t\t\t<\/div>\n\n\t\t<div class=\"box-text text-center\" >\n\t\t\t<div class=\"box-text-inner\">\n\t\t\t\t\n<h4 style=\"text-align: left;\">Manillar Doble Ergon\u00f3mico<\/h4>\n<p style=\"text-align: left;\">Alt\u00e9rnalos: Conc\u00e9ntrate en los grupos musculares superiores, abdominales e inferiores variando la posici\u00f3n de tus manos durante el ejercicio. Puedes forzarte m\u00e1s con un movimiento sincronizado de brazo y pierna, o agarrar el manillar central para un \u00faltimo sprint.<\/p>\n\t\t\t<\/div>\n\t\t<\/div>\n\t<\/div>\n\t\n\t\t<\/div>\n\t\t\t\t\t<\/div>\n\n\t\n\n\t<div id=\"col-924221793\" class=\"col medium-3 small-12 large-3\"  >\n\t\t\t\t<div class=\"col-inner\"  >\n\t\t\t\n\t\t\t\n\t<div class=\"box has-hover   has-hover box-text-bottom\" >\n\n\t\t<div class=\"box-image\" >\n\t\t\t\t\t\t<div class=\"\" >\n\t\t\t\t<img decoding=\"async\" width=\"220\" height=\"220\" src=\"https:\/\/last.bluefinfitness.com\/wp-content\/uploads\/2019\/10\/da59a0a0-03ec-4a40-b7df-6037ced8a087.__CR00220220_PT0_SX220_V1___.png\" class=\"attachment- size-\" alt=\"Bluefin bicicleta el\u00edptica\" srcset=\"https:\/\/last.bluefinfitness.com\/wp-content\/uploads\/2019\/10\/da59a0a0-03ec-4a40-b7df-6037ced8a087.__CR00220220_PT0_SX220_V1___.png 220w, https:\/\/last.bluefinfitness.com\/wp-content\/uploads\/2019\/10\/da59a0a0-03ec-4a40-b7df-6037ced8a087.__CR00220220_PT0_SX220_V1___-150x150.png 150w, https:\/\/last.bluefinfitness.com\/wp-content\/uploads\/2019\/10\/da59a0a0-03ec-4a40-b7df-6037ced8a087.__CR00220220_PT0_SX220_V1___-100x100.png 100w\" sizes=\"(max-width: 220px) 100vw, 220px\" \/>\t\t\t\t\t\t\t\t\t\t\t<\/div>\n\t\t\t\t\t<\/div>\n\n\t\t<div class=\"box-text text-center\" >\n\t\t\t<div class=\"box-text-inner\">\n\t\t\t\t\n<h4 style=\"text-align: left;\">Pedales XL Extra Anchos Anti-Deslizantes<\/h4>\n<p style=\"text-align: left;\">Mejor con los pies por delante: Los pedales de agarre din\u00e1mico anti-deslizantes ofrecen una anchura extra para que puedas variar tu zancada y postura para adecuarse a tus necesidades.<\/p>\n\t\t\t<\/div>\n\t\t<\/div>\n\t<\/div>\n\t\n\t\t<\/div>\n\t\t\t\t\t<\/div>\n\n\t\n\n\t<div id=\"col-2048406189\" class=\"col medium-3 small-12 large-3\"  >\n\t\t\t\t<div class=\"col-inner\"  >\n\t\t\t\n\t\t\t\n\t<div class=\"box has-hover   has-hover box-text-bottom\" >\n\n\t\t<div class=\"box-image\" >\n\t\t\t\t\t\t<div class=\"\" >\n\t\t\t\t<img decoding=\"async\" width=\"220\" height=\"220\" src=\"https:\/\/last.bluefinfitness.com\/wp-content\/uploads\/2019\/10\/6e06445a-2890-46f6-92f3-71ebba82c662.__CR00220220_PT0_SX220_V1___.png\" class=\"attachment- size-\" alt=\"Bluefin bicicleta el\u00edptica\" srcset=\"https:\/\/last.bluefinfitness.com\/wp-content\/uploads\/2019\/10\/6e06445a-2890-46f6-92f3-71ebba82c662.__CR00220220_PT0_SX220_V1___.png 220w, https:\/\/last.bluefinfitness.com\/wp-content\/uploads\/2019\/10\/6e06445a-2890-46f6-92f3-71ebba82c662.__CR00220220_PT0_SX220_V1___-150x150.png 150w, https:\/\/last.bluefinfitness.com\/wp-content\/uploads\/2019\/10\/6e06445a-2890-46f6-92f3-71ebba82c662.__CR00220220_PT0_SX220_V1___-100x100.png 100w\" sizes=\"(max-width: 220px) 100vw, 220px\" \/>\t\t\t\t\t\t\t\t\t\t\t<\/div>\n\t\t\t\t\t<\/div>\n\n\t\t<div class=\"box-text text-center\" >\n\t\t\t<div class=\"box-text-inner\">\n\t\t\t\t\n<h4 style=\"text-align: left;\">Consola Multifuncional y Pantalla LCD<\/h4>\n<p style=\"text-align: left;\">Consola Digital: La pantalla LCD retroiluminada te permite seguir tus entrenamientos en tiempo real con estad\u00edsticas y datos que monitorizan tu velocidad, tiempo, distancia, pulso y calor\u00edas quemadas. Utiliza la App para Smartphone incluida para obtener incluso m\u00e1s funciones.<\/p>\n\t\t\t<\/div>\n\t\t<\/div>\n\t<\/div>\n\t\n\t\t<\/div>\n\t\t\t\t\t<\/div>\n\n\t\n\n\t<div id=\"col-1046836739\" class=\"col medium-3 small-12 large-3\"  >\n\t\t\t\t<div class=\"col-inner\"  >\n\t\t\t\n\t\t\t\n\t<div class=\"box has-hover   has-hover box-text-bottom\" >\n\n\t\t<div class=\"box-image\" >\n\t\t\t\t\t\t<div class=\"\" >\n\t\t\t\t<img decoding=\"async\" width=\"220\" height=\"220\" src=\"https:\/\/last.bluefinfitness.com\/wp-content\/uploads\/2019\/10\/93a7ee14-237b-4202-bb2f-cd738c4548a6.__CR00220220_PT0_SX220_V1___.png\" class=\"attachment- size-\" alt=\"Bluefin bicicleta el\u00edptica\" srcset=\"https:\/\/last.bluefinfitness.com\/wp-content\/uploads\/2019\/10\/93a7ee14-237b-4202-bb2f-cd738c4548a6.__CR00220220_PT0_SX220_V1___.png 220w, https:\/\/last.bluefinfitness.com\/wp-content\/uploads\/2019\/10\/93a7ee14-237b-4202-bb2f-cd738c4548a6.__CR00220220_PT0_SX220_V1___-150x150.png 150w, https:\/\/last.bluefinfitness.com\/wp-content\/uploads\/2019\/10\/93a7ee14-237b-4202-bb2f-cd738c4548a6.__CR00220220_PT0_SX220_V1___-100x100.png 100w\" sizes=\"(max-width: 220px) 100vw, 220px\" \/>\t\t\t\t\t\t\t\t\t\t\t<\/div>\n\t\t\t\t\t<\/div>\n\n\t\t<div class=\"box-text text-center\" >\n\t\t\t<div class=\"box-text-inner\">\n\t\t\t\t\n<h4 style=\"text-align: left;\">Soporte para Smartphone y Tablet<\/h4>\n<p style=\"text-align: left;\">Funcionalidad a\u00f1adida: S\u00e1cale m\u00e1s partido a tu entrenamiento sigui\u00e9ndolo por medio de la Aplicaci\u00f3n E-Health. Opcionalmente, puedes querer ver una pel\u00edcula o controlar tu smartphone durante el ejercicio; esto es posible gracias al soporte incluido, especialmente dise\u00f1ado para sostener tu smarphone o tablet.<\/p>\n\t\t\t<\/div>\n\t\t<\/div>\n\t<\/div>\n\t\n\t\t<\/div>\n\t\t\t\t\t<\/div>\n\n\t\n<\/div>\n<div class=\"row row-small align-center\"  id=\"row-130424221\">\n\n\t<div id=\"col-1682841858\" class=\"col medium-7 small-12 large-7\"  >\n\t\t\t\t<div class=\"col-inner\"  >\n\t\t\t\n\t\t\t\n<h2>Bicicleta El\u00edptica Bluefin Fitness Curv 3.0 Ellptical Cross Trainer.<\/h2>\n<h3 class=\"thin-font\">Compacta y de Calidad Comercial<\/h3>\n<p>Conf\u00eda en Bluefin Fitness para obtener el mejor equipo de gimnasio en casa. La Bluefin Fitness Curv 3.0 Elliiptical Cross Trainer de zancada larga es el modelo m\u00e1s grande en nuestra gama de el\u00edpticas y porporciona un ejercicio cardio-vascular de bajo impacto en tu gimnasio casero. Te llega montada parcialmente y cuenta con las \u00faltimas caracter\u00edsticas de dise\u00f1o. La unidad base viene montada con ruedas duraderas y es f\u00e1cil de transportar por la casa cuando no se use.<\/p>\n<p>Musc\u00falate y quema calor\u00edas con un entrenamiento de bajo impacto que pone menos presi\u00f3n sobre tus articulaciones que el t\u00edpico ejercicio cardio-vascular. Los 12 x programas autom\u00e1ticos + los 16 x niveles manuales de resistencia te permiten ir al paso o simular una carrera de cross o sprintar. La rueda trasera, el sistema de funcionamiento silencioso y el freno magn\u00e9tico proporcionan un movimiento fluido.<\/p>\n<p>Mide el tiempo, la distancia, las calor\u00edas quemadas y el pulso con la consola de fitness digital LCD retroiluminada. Usa la Aplicaci\u00f3n para m\u00f3vil o tablet E-Health incluida: con\u00e9ctate por Bluetooth para seguir y analizar tu entrenamiento a lo largo del tiempo en tu propio cuadro de fitness personal.<\/p>\n\t\t<\/div>\n\t\t\t\t\t<\/div>\n\n\t\n\n\t<div id=\"col-1733398054\" class=\"col medium-5 small-12 large-5\"  >\n\t\t\t\t<div class=\"col-inner\"  >\n\t\t\t\n\t\t\t\n\t<div class=\"img has-hover x md-x lg-x y md-y lg-y\" id=\"image_563763637\">\n\t\t\t\t\t\t\t\t<div class=\"img-inner dark\" >\n\t\t\t<img decoding=\"async\" width=\"300\" height=\"300\" src=\"https:\/\/last.bluefinfitness.com\/wp-content\/uploads\/2019\/10\/a9f0eb5d-96a0-46db-bf2b-3c12861fa2c2.__CR00300300_PT0_SX300_V1___.png\" class=\"attachment-large size-large\" alt=\"Bluefin bicicleta el\u00edptica\" srcset=\"https:\/\/last.bluefinfitness.com\/wp-content\/uploads\/2019\/10\/a9f0eb5d-96a0-46db-bf2b-3c12861fa2c2.__CR00300300_PT0_SX300_V1___.png 300w, https:\/\/last.bluefinfitness.com\/wp-content\/uploads\/2019\/10\/a9f0eb5d-96a0-46db-bf2b-3c12861fa2c2.__CR00300300_PT0_SX300_V1___-150x150.png 150w, https:\/\/last.bluefinfitness.com\/wp-content\/uploads\/2019\/10\/a9f0eb5d-96a0-46db-bf2b-3c12861fa2c2.__CR00300300_PT0_SX300_V1___-100x100.png 100w\" sizes=\"(max-width: 300px) 100vw, 300px\" \/>\t\t\t\t\t\t\n\t\t\t\t\t<\/div>\n\t\t\t\t\t\t\t\t\n<style>\n#image_563763637 {\n  width: 70%;\n}\n<\/style>\n\t<\/div>\n\t\n<h4>Especificaciones:<\/h4>\n<ul>\n<li>Tecnolog\u00eda de auto-propulsi\u00f3n<\/li>\n<li>Freno magn\u00e9tico<\/li>\n<li>12 x Programas Autom\u00e1ticos<\/li>\n<li>16 x Niveles Manuales de Resistencia<\/li>\n<li>HRC: Control de Ritmo Cardiaco<\/li>\n<li>Monitores de Pulso<\/li>\n<li>Applicaci\u00f3n para Smartphone E-Health Fitness incluida<\/li>\n<li>Pantalla: LCD retroiluminada + soporte para Smartphone\/Tablet<\/li>\n<\/ul>\n\t\t<\/div>\n\t\t\t\t\t<\/div>\n\n\t\n<\/div>\n<div class=\"row row-small align-center\"  id=\"row-1944818081\">\n\n\t<div id=\"col-331029260\" class=\"col medium-6 small-12 large-6\"  >\n\t\t\t\t<div class=\"col-inner\"  >\n\t\t\t\n\t\t\t\n<p><b>&#8212;&#8211; Caracter\u00edsticas Principales &#8212;&#8211; <\/b><\/p>\n<p>\u2713 Aplicaci\u00f3n E-Health para M\u00f3vil\/Tablet con programas pre-configurados, Compatible con las Redes Sociales<br \/>\n\u2713 Consola de Fitness Digital LCD retroiluminada<br \/>\n\u2713 Grado Comercial<br \/>\n\u2713 Dise\u00f1o innovador 162cm x 169cm x 65cm<br \/>\n\u2713 Ruedas incorporadas para su f\u00e1cil transporte<br \/>\n\u2713 Sistema de Funcionamiento Silencioso<br \/>\n\u2713 Frenado Magn\u00e9tico<br \/>\n\u2713 Manillar Doble Ergon\u00f3mico<br \/>\n\u2713Seguros Pedales Anti-deslizantesAnti-slip<br \/>\n\u2713 Rueda propulsora resistente de 14kg<\/p>\n\t\t<\/div>\n\t\t\t\t\t<\/div>\n\n\t\n\n\t<div id=\"col-1921352749\" class=\"col medium-6 small-12 large-6\"  >\n\t\t\t\t<div class=\"col-inner\"  >\n\t\t\t\n\t\t\t\n<p><b>&#8212;&#8212; En la caja &#8212;&#8212; <\/b><\/p>\n<p>\u279c Bicicleta el\u00edptica Bluefin Fitness Curv 3.0 Elliptical Cross Trainer<br \/>\n\u279c Manual de Instrucciones<br \/>\n\u279c Kit de herramientas para el montaje y mantenimiento<\/p>\n\t\t<\/div>\n\t\t\t\t\t<\/div>\n\n\t\n<\/div>\n","protected":false},"excerpt":{"rendered":"<ul>\n<li>Esculpe tus m\u00fasculos sobre la bicicleta el\u00edptica para casa en silencio, como pasear por la monta\u00f1a.<\/li>\n<li>La bici el\u00edptica para sentir que caminas en llano, por la monta\u00f1a, la playa. Elige t\u00fa la dificultad.<\/li>\n<li>La cross trainer de Bluefin libera del estr\u00e9s tus articulaciones y tu mente. Camina sin sufrir.<\/li>\n<li>La el\u00edptica Fitness registra el historial de tus exitos y, si quieres, lo compartes con tus amigos.<\/li>\n<li>\u00a1La m\u00e1quina el\u00edptica que traza la senda de tus \u00e9xitos! Siempre te mantiene al tanto de tu evoluci\u00f3n.<\/li>\n<\/ul>\n","protected":false},"featured_media":645757,"comment_status":"open","ping_status":"closed","template":"","meta":[],"product_cat":[135,1026],"product_tag":[],"_links":{"self":[{"href":"https:\/\/last.bluefinfitness.com\/es\/wp-json\/wp\/v2\/product\/25385"}],"collection":[{"href":"https:\/\/last.bluefinfitness.com\/es\/wp-json\/wp\/v2\/product"}],"about":[{"href":"https:\/\/last.bluefinfitness.com\/es\/wp-json\/wp\/v2\/types\/product"}],"replies":[{"embeddable":true,"href":"https:\/\/last.bluefinfitness.com\/es\/wp-json\/wp\/v2\/comments?post=25385"}],"wp:featuredmedia":[{"embeddable":true,"href":"https:\/\/last.bluefinfitness.com\/es\/wp-json\/wp\/v2\/media\/645757"}],"wp:attachment":[{"href":"https:\/\/last.bluefinfitness.com\/es\/wp-json\/wp\/v2\/media?parent=25385"}],"wp:term":[{"taxonomy":"product_cat","embeddable":true,"href":"https:\/\/last.bluefinfitness.com\/es\/wp-json\/wp\/v2\/product_cat?post=25385"},{"taxonomy":"product_tag","embeddable":true,"href":"https:\/\/last.bluefinfitness.com\/es\/wp-json\/wp\/v2\/product_tag?post=25385"}],"curies":[{"name":"wp","href":"https:\/\/api.w.org\/{rel}","templated":true}]}}