{"id":25792,"date":"2019-10-28T17:53:30","date_gmt":"2019-10-28T17:53:30","guid":{"rendered":"https:\/\/www.bluefinfitness.com\/product\/bicicleta-estatica-bluefin-fitness-tour-5-0-exercise-bike-equipo-de-gimnasia-en-casa-resistencia-magnetica-consola-digital-lcd-bluetooth-aplicacion-para-smartphone-negra-y-plateada\/"},"modified":"2023-04-11T09:58:51","modified_gmt":"2023-04-11T09:58:51","slug":"bicicleta-estatica-web-exclusive","status":"publish","type":"product","link":"https:\/\/last.bluefinfitness.com\/es\/bicicleta-estatica-web-exclusive\/","title":{"rendered":"Bicicleta Est\u00e1tica Bluefin Tour 5.0"},"content":{"rendered":"<p><b> Compacta y de Calidad Comercial <\/b><\/p>\n<p>Conf\u00eda en Bluefin Fitness para obtener el mejor equipo de gimnasia en casa. La modernizada y compacta bicicleta est\u00e1tica Bluefin Fitness TOUR 5.0 Exercise Bike proporciona un entrenamiento cardio-vascular de bajo impacto para tu gimnasio casero. Se env\u00eda montada en parte y cuenta con los \u00faltimos avances de dise\u00f1o. La unidad base viene montada con ruedas resistentes y es f\u00e1cil de transportar por la casa cuando no se usa.<\/p>\n<p>Desarrolla la musculatura y quema calor\u00edas con un entrenamiento cross-trainer de bajo impacto que pone menos esfuerzo en tus articulaciones que el entrenamiento cardio-vascular convencional. Los 12 x programas autom\u00e1ticos y los 24 x niveles de resistencia manuales te permiten pedalear a tu ritmo, o simular un recorrido campo a trav\u00e9s con una inclinaci\u00f3n variable y resistencia en la bajada. La rueda propulsora trasera, el sistema de acci\u00f3n silenciosa y el frenado magn\u00e9tico proporcionan un movimiento fluido y un ejercicio de m\u00e1s intensidad.<\/p>\n<p>Mide el tiempo, la distancia, las calor\u00edas quemadas y el pulso con la consola de fitness digital LCD retroiluminada. Usa la aplicaci\u00f3n Kinomap inclu\u00edda para tu m\u00f3vil o tablet: con\u00e9ctate por medio de Bluetooth para seguir y analizar tu entrenamiento a lo largo del tiempo en tu propio cuadro personal de fitness.<\/p>\n<p><b>&#8212;&#8212;&#8212;&#8212; En el paquete &#8212;&#8212;&#8212;&#8212; <\/b><br \/>\n--> TOUR 5.0 Exercise Bike de Bluefin Fitness<br \/>\n--> Manual de Instrucciones<br \/>\n--> Adaptador a enchufe EU --> Adaptador a enchufe UK<br \/>\n--> Kit de herramientas para el montaje y mantenimiento<\/p>\n<p><strong>&#8212; Caracter\u00edsticas Principales &#8212;&#8212;- <\/strong><br \/>\n\u2713 Aplicaci\u00f3n Kinomap para M\u00f3vil\/Tablet con programas instalados, Compatible con las Redes Sociales.<br \/>\n\u2713 Consola de Fitness Digital LCD Retroiluminada<br \/>\n\u2713 Calidad Comercial<br \/>\n\u2713 Dise\u00f1o Innovador 101cm x 126cm x 50cm<br \/>\n\u2713 Ruedas incluidas para un transporte f\u00e1cil<br \/>\n\u2713 Sistema de Movimiento Silencioso<br \/>\n\u2713 Frenado Magn\u00e9tico<br \/>\n\u2713 Manillar Ergon\u00f3mico<br \/>\n\u2713 Pedales antideslizantes seguros<br \/>\n\u2713 Rueda Propulsora Resistente de 12 kg<\/p>\n<p><b> Pulsa en \u00ab\u00bbA\u00f1adir al Carro de la Compra\u00bb\u00bb y \u00a1empieza a ponerte en forma con Bluefin hoy mismo!<\/b><\/p>\n","protected":false},"excerpt":{"rendered":"<ul>\n<li>MOVIMIENTO FLUIDO Y SILENCIOSO. La bicicleta est\u00e1tica cuenta con una robusta rueda propulsora de 12 kg y el sistema de movimiento silencioso se beneficia de un sistema de frenado magn\u00e9tico seguro que te permite parar la bicicleta el\u00edptica para casa con total facilidad.<\/li>\n<li>PROGRAMAS DE ENTRENAMIENTO INTEGRADOS. El ordenador de entrenamiento cruzado de la bici est\u00e1tica est\u00e1 pre-instalado con 12 x programas autom\u00e1ticos para elegir y 24 x niveles manuales de resistencia. Pedalea a tu ritmo, o sube un pelda\u00f1o y simula un recorrido campo a trav\u00e9s con una inclinaci\u00f3n variable y resistencia en la bajada.<\/li>\n<li>BAJO IMPACTO, ALTA INTENSIDAD. La bici est\u00e1tica TOUR 5.0 Exercise Bike ofrece un ejercicio cardio-vascular de bajo impacto que es suave con tus articulaciones y est\u00e1 pleno de grandes beneficios para tu salud.<\/li>\n<li>APLICACI\u00d3N PARA SMARTPHONE INTEGRADA: La bicicleta de fitness es compatible con la aplicaci\u00f3n de fitness Kinomap para que puedas seguir y hacer el historial de tu entrenamiento en tiempo real. Coloca tu m\u00f3vil a la altura de los ojos sobre la repisa para tablet incluida.<\/li>\n<li>PANTALLA LCD: Mide el tiempo, la distancia, las calor\u00edas quemadas y el r\u00edtmo cardiaco mientras haces ejercicio en la bici est\u00e1tica y puedes verlo en su pantalla LCD multifuncional retroiluminada. Ex\u00edgete m\u00e1s y trabaja para conseguir tus objetivos.<\/li>\n<\/ul>\n","protected":false},"featured_media":644904,"comment_status":"open","ping_status":"closed","template":"","meta":[],"product_cat":[1021,135],"product_tag":[],"_links":{"self":[{"href":"https:\/\/last.bluefinfitness.com\/es\/wp-json\/wp\/v2\/product\/25792"}],"collection":[{"href":"https:\/\/last.bluefinfitness.com\/es\/wp-json\/wp\/v2\/product"}],"about":[{"href":"https:\/\/last.bluefinfitness.com\/es\/wp-json\/wp\/v2\/types\/product"}],"replies":[{"embeddable":true,"href":"https:\/\/last.bluefinfitness.com\/es\/wp-json\/wp\/v2\/comments?post=25792"}],"wp:featuredmedia":[{"embeddable":true,"href":"https:\/\/last.bluefinfitness.com\/es\/wp-json\/wp\/v2\/media\/644904"}],"wp:attachment":[{"href":"https:\/\/last.bluefinfitness.com\/es\/wp-json\/wp\/v2\/media?parent=25792"}],"wp:term":[{"taxonomy":"product_cat","embeddable":true,"href":"https:\/\/last.bluefinfitness.com\/es\/wp-json\/wp\/v2\/product_cat?post=25792"},{"taxonomy":"product_tag","embeddable":true,"href":"https:\/\/last.bluefinfitness.com\/es\/wp-json\/wp\/v2\/product_tag?post=25792"}],"curies":[{"name":"wp","href":"https:\/\/api.w.org\/{rel}","templated":true}]}}