{"id":25832,"date":"2019-10-28T18:20:03","date_gmt":"2019-10-28T18:20:03","guid":{"rendered":"https:\/\/www.bluefinfitness.com\/product\/curv-2-0-elliptical-cross-trainer-de-bluefin-fitness-eliptica-para-casa-de-bluefin-fitness-air-walker-compacta-consola-de-fitness-digital-lcd-bluetooth-aplicacion-para-smartphone-negra-y-p\/"},"modified":"2023-04-10T10:11:40","modified_gmt":"2023-04-10T10:11:40","slug":"bici-eliptica-web-exclusive","status":"publish","type":"product","link":"https:\/\/last.bluefinfitness.com\/es\/bici-eliptica-web-exclusive\/","title":{"rendered":"El\u00edptica Bluefin Curv 2.0"},"content":{"rendered":"<p><b> Compacta y de Calidad Comercial <\/b><\/p>\n<p>Conf\u00eda en Bluefin Fitness para obtenerel mejor equipo de gimnasia en casa. Las bicicletas el\u00edpticas son una fant\u00e1stica alternativa a la cinta correr tradicional o a la bicicleta est\u00e1tica. La modernizada y compacta bicicleta el\u00edpitca Bluefin Fitness Curv 2.0 Elliptical Cross Trainer es el modelo de tama\u00f1o medio de nuestra gama de el\u00edpticas y proporciona un entrenamiento cardio-vascular de bajo impacto para tu gimnasio casero. Se manda montada en parte y completamente llena de los \u00faltimos avances de dise\u00f1o. La unidad base viene montada con ruedas resistentes y es f\u00e1cil de transportar por la casa cuando no se usa.<\/p>\n<p>Desarrolla la musculatura y quema calor\u00edas con un entrenamiento cross-trainer de bajo impacto que pone menos esfuerzo en tus articulaciones que el entrenamiento cardio-vascular convencional. Los 12 x programas autom\u00e1ticos y los 24 x niveles de resistencia manuales te permiten pasear a tu paso, o simular una carrera campo a trav\u00e9s o hacer un sprint. La rueda propulsora trasera, el sistema de acci\u00f3n silenciosa &amp; el frenado magn\u00e9tico proporcionan un movimiento fluido &amp;amp y un ejercicio de step de m\u00e1s intensidad.<\/p>\n<p>Mide el tiempo, la distancia, las calor\u00edas quemadas y el pulso con la consola de fitness digital LCD retroiluminada. Usa la aplicaci\u00f3n E-Health inclu\u00edda para tu m\u00f3vil o tablet: con\u00e9ctate por medio de Bluetooth para seguir y analizar tu entrenamiento a lo largo del tiempo en tu propio cuadro personal de fitness.<\/p>\n<p><b>&#8212;&#8212;&#8212;&#8212; En el paquete &#8212;&#8212;&#8212;&#8212; <\/b><br \/>\n--> Curv 2.0 Elliptical Cross Trainer de Bluefin Fitness<br \/>\n--> Manual de Instrucciones<br \/>\n--> Adaptador a enchufe EU<br \/>\n--> Adaptador a enchufe UK<br \/>\n--> Kit de herramientas para el montaje y mantenimiento<\/p>\n<p><strong>&#8212; Caracter\u00edsticas Principales &#8212;&#8212;-<\/strong><\/p>\n<p>\u2713 Aplicaci\u00f3n E-Health para M\u00f3vil\/Tablet App con programas instalados, Compatible con las Redes Sociales. Social Media<br \/>\n\u2713 Consola de Fitness Digital LCD Retroiluminada<br \/>\n\u2713 Calidad Comercial<br \/>\n\u2713 Dise\u00f1o Innovador 113cm x 151cm x 50cm<br \/>\n\u2713 Ruedas incluidas para un transporte f\u00e1cil<br \/>\n\u2713 Sistema de Movimiento Silencioso<br \/>\n\u2713 Frenado Magn\u00e9tico<br \/>\n\u2713 Manillar Dual Ergon\u00f3mico<br \/>\n\u2713 Pedales antideslizantes seguros<br \/>\n\u2713 Rueda Propulsora Resistente de 12 kg<\/p>\n<p><b> Pulsa en \u00abA\u00f1adir al Carro de la Compra\u00bb y \u00a1empieza a ponerte en forma con Bluefin hoy mismo!<\/b><\/p>\n","protected":false},"excerpt":{"rendered":"<ul>\n<li>MOVIMIENTO FLUIDO Y SILENCIOSO. La robusta rueda propulsora de 12 kg y el sistema de movimiento silencioso se beneficia de un sistema de frenado magn\u00e9tico seguro que te permite parar la bicicleta el\u00edptica para casa con total facilidad.<\/li>\n<li>PROGRAMAS DE ENTRENAMIENTO INTEGRADOS. El ordenador de entrenamiento cruzado de la bici el\u00edptica est\u00e1 pre-instalado con 12 x programas autom\u00e1ticos para elegir y 24 x niveles manuales de resistencia. Pasea a tu ritmo, o sube un pelda\u00f1o y simula un sprint campo a trav\u00e9s.<\/li>\n<li>BAJO IMPACTO, ALTA INTENSIDAD. La Curv Elliptical Cross Trainer es una alternativa fant\u00e1stica a una bicicleta est\u00e1tica convencional y ofrece un ejercicio cardio-vascular de bajo impacto que es suave con tus articulaciones y est\u00e1 pleno de grandes beneficios para tu salud.<\/li>\n<li>APLICACI\u00d3N PARA SMARTPHONE INTEGRADA: La m\u00e1quina el\u00edptica de fitness es compatible con la aplicaci\u00f3n de fitness E-Health para que puedas seguir y hacer el historial de tu entrenamiento en tiempo real. Coloca tu m\u00f3vil a la altura de los ojos sobre la repisa para tablet incluida.<\/li>\n<li>PANTALLA LCD: Mide el tiempo, la distancia, las calor\u00edas quemadas y el r\u00edtmo cardiaco mientras haces ejercicio en la m\u00e1quina el\u00edptica y puedes verlo en su pantalla LCD multifuncional retroiluminada. Ex\u00edgete m\u00e1s y trabaja para conseguir tus objetivos.<\/li>\n<\/ul>\n","protected":false},"featured_media":644871,"comment_status":"open","ping_status":"closed","template":"","meta":[],"product_cat":[135,1026],"product_tag":[],"_links":{"self":[{"href":"https:\/\/last.bluefinfitness.com\/es\/wp-json\/wp\/v2\/product\/25832"}],"collection":[{"href":"https:\/\/last.bluefinfitness.com\/es\/wp-json\/wp\/v2\/product"}],"about":[{"href":"https:\/\/last.bluefinfitness.com\/es\/wp-json\/wp\/v2\/types\/product"}],"replies":[{"embeddable":true,"href":"https:\/\/last.bluefinfitness.com\/es\/wp-json\/wp\/v2\/comments?post=25832"}],"wp:featuredmedia":[{"embeddable":true,"href":"https:\/\/last.bluefinfitness.com\/es\/wp-json\/wp\/v2\/media\/644871"}],"wp:attachment":[{"href":"https:\/\/last.bluefinfitness.com\/es\/wp-json\/wp\/v2\/media?parent=25832"}],"wp:term":[{"taxonomy":"product_cat","embeddable":true,"href":"https:\/\/last.bluefinfitness.com\/es\/wp-json\/wp\/v2\/product_cat?post=25832"},{"taxonomy":"product_tag","embeddable":true,"href":"https:\/\/last.bluefinfitness.com\/es\/wp-json\/wp\/v2\/product_tag?post=25832"}],"curies":[{"name":"wp","href":"https:\/\/api.w.org\/{rel}","templated":true}]}}