{"id":267607,"date":"2021-01-25T12:13:49","date_gmt":"2021-01-25T12:13:49","guid":{"rendered":"https:\/\/www.bluefinfitness.com\/under-desk-elliptical\/"},"modified":"2024-04-15T11:40:04","modified_gmt":"2024-04-15T11:40:04","slug":"mini-bicicleta-eliptica","status":"publish","type":"product","link":"https:\/\/last.bluefinfitness.com\/es\/mini-bicicleta-eliptica\/","title":{"rendered":"El\u00edptica Bluefin Curv Mini"},"content":{"rendered":"\t<div class=\"img has-hover x md-x lg-x y md-y lg-y\" id=\"image_802498253\">\n\t\t\t\t\t\t\t\t<div class=\"img-inner dark\" >\n\t\t\t<img decoding=\"async\" width=\"1020\" height=\"316\" src=\"https:\/\/last.bluefinfitness.com\/wp-content\/uploads\/2021\/01\/09_Mini-Curv_970-x-300px_ES-1-1920x594.jpg\" class=\"attachment-large size-large\" alt=\"Bluefin mini el\u00edpticas\" srcset=\"https:\/\/last.bluefinfitness.com\/wp-content\/uploads\/2021\/01\/09_Mini-Curv_970-x-300px_ES-1-1920x594.jpg 1920w, https:\/\/last.bluefinfitness.com\/wp-content\/uploads\/2021\/01\/09_Mini-Curv_970-x-300px_ES-1-800x247.jpg 800w, https:\/\/last.bluefinfitness.com\/wp-content\/uploads\/2021\/01\/09_Mini-Curv_970-x-300px_ES-1-768x238.jpg 768w, https:\/\/last.bluefinfitness.com\/wp-content\/uploads\/2021\/01\/09_Mini-Curv_970-x-300px_ES-1-1536x475.jpg 1536w, https:\/\/last.bluefinfitness.com\/wp-content\/uploads\/2021\/01\/09_Mini-Curv_970-x-300px_ES-1-500x155.jpg 500w, https:\/\/last.bluefinfitness.com\/wp-content\/uploads\/2021\/01\/09_Mini-Curv_970-x-300px_ES-1.jpg 2021w\" sizes=\"(max-width: 1020px) 100vw, 1020px\" \/>\t\t\t\t\t\t\n\t\t\t\t\t<\/div>\n\t\t\t\t\t\t\t\t\n<style>\n#image_802498253 {\n  width: 100%;\n}\n<\/style>\n\t<\/div>\n\t\n\t<div id=\"gap-754885916\" class=\"gap-element clearfix\" style=\"display:block; height:auto;\">\n\t\t\n<style>\n#gap-754885916 {\n  padding-top: 30px;\n}\n<\/style>\n\t<\/div>\n\t\n<div class=\"row\"  id=\"row-2030448993\">\n\n\t<div id=\"col-668129254\" class=\"col medium-4 small-12 large-4\"  >\n\t\t\t\t<div class=\"col-inner\"  >\n\t\t\t\n\t\t\t\n\t<div class=\"box has-hover   has-hover box-text-bottom\" >\n\n\t\t<div class=\"box-image\" >\n\t\t\t\t\t\t<div class=\"\" >\n\t\t\t\t<img decoding=\"async\" width=\"300\" height=\"300\" src=\"https:\/\/last.bluefinfitness.com\/wp-content\/uploads\/2021\/01\/10_Mini-Curv_300-x-300px_ES.jpg\" class=\"attachment- size-\" alt=\"Bluefin mini el\u00edpticas\" srcset=\"https:\/\/last.bluefinfitness.com\/wp-content\/uploads\/2021\/01\/10_Mini-Curv_300-x-300px_ES.jpg 300w, https:\/\/last.bluefinfitness.com\/wp-content\/uploads\/2021\/01\/10_Mini-Curv_300-x-300px_ES-150x150.jpg 150w, https:\/\/last.bluefinfitness.com\/wp-content\/uploads\/2021\/01\/10_Mini-Curv_300-x-300px_ES-100x100.jpg 100w\" sizes=\"(max-width: 300px) 100vw, 300px\" \/>\t\t\t\t\t\t\t\t\t\t\t<\/div>\n\t\t\t\t\t<\/div>\n\n\t\t<div class=\"box-text text-center\" >\n\t\t\t<div class=\"box-text-inner\">\n\t\t\t\t\n<p style=\"text-align: left;\"><strong>Curv Mini de Bluefin Fitness. El\u00edptica Sentado o Bajo Mesa.<br \/>\n<\/strong><\/p>\n<p style=\"text-align: left;\">Mejora tu capacidad cardio con el ejercicio de alta calidad y bajo impacto de la Curv Mini, que pone menos carga en tus articulaciones que la cinta de correr tradicional. 8 ajustes de resistencia regulables te permiten personalizar el ejercicio seg\u00fan tus necesidades espec\u00edficas, haciendo que la mini el\u00edptica sea adecuada pra todas las edades y todos los niveles de fitness. As\u00ed que recu\u00e9state en tu silla o sof\u00e1 y pedalea para conseguir eso 10.000 pasos al d\u00eda.<\/p>\n\t\t\t<\/div>\n\t\t<\/div>\n\t<\/div>\n\t\n\t\t<\/div>\n\t\t\t\t\t<\/div>\n\n\t\n\n\t<div id=\"col-1754516064\" class=\"col medium-4 small-12 large-4\"  >\n\t\t\t\t<div class=\"col-inner\"  >\n\t\t\t\n\t\t\t\n\t<div class=\"box has-hover   has-hover box-text-bottom\" >\n\n\t\t<div class=\"box-image\" >\n\t\t\t\t\t\t<div class=\"\" >\n\t\t\t\t<img decoding=\"async\" width=\"300\" height=\"300\" src=\"https:\/\/last.bluefinfitness.com\/wp-content\/uploads\/2021\/01\/11_Mini-Curv_300-x-300px_ES.jpg\" class=\"attachment- size-\" alt=\"Bluefin mini el\u00edpticas\" srcset=\"https:\/\/last.bluefinfitness.com\/wp-content\/uploads\/2021\/01\/11_Mini-Curv_300-x-300px_ES.jpg 300w, https:\/\/last.bluefinfitness.com\/wp-content\/uploads\/2021\/01\/11_Mini-Curv_300-x-300px_ES-150x150.jpg 150w, https:\/\/last.bluefinfitness.com\/wp-content\/uploads\/2021\/01\/11_Mini-Curv_300-x-300px_ES-100x100.jpg 100w\" sizes=\"(max-width: 300px) 100vw, 300px\" \/>\t\t\t\t\t\t\t\t\t\t\t<\/div>\n\t\t\t\t\t<\/div>\n\n\t\t<div class=\"box-text text-center\" >\n\t\t\t<div class=\"box-text-inner\">\n\t\t\t\t\n<p style=\"text-align: left;\"><strong>El\u00edptica de Dise\u00f1o Compacto. Incorpora el Ejercicio a tu Estilo de Vida Diario:\u00a0<\/strong><\/p>\n<p style=\"text-align: left;\">Al ser la m\u00e1s peque\u00f1a de nuestra gama de el\u00edpticas Curv, la Curv Mini ha sido dise\u00f1ada por expertos para que sea la m\u00e1s compacta y f\u00e1cil de adaptar a tu vida cotidiana. Ideal para colocar bajo tu mesa, las fechas l\u00edmite ajustadas y las largas horas delante de la pantalla del ordenador ya no evitar\u00e1n que te matengas activo. Tambi\u00e9n puedes pedalear viendo la televisi\u00f3n o cuando te venga bien en casa, ya que la Curv Mini es muy discreta para mantenerte en forma aunque est\u00e9s haciendo otras cosas.<\/p>\n\t\t\t<\/div>\n\t\t<\/div>\n\t<\/div>\n\t\n\t\t<\/div>\n\t\t\t\t\t<\/div>\n\n\t\n\n\t<div id=\"col-2070583256\" class=\"col medium-4 small-12 large-4\"  >\n\t\t\t\t<div class=\"col-inner\"  >\n\t\t\t\n\t\t\t\n\t<div class=\"box has-hover   has-hover box-text-bottom\" >\n\n\t\t<div class=\"box-image\" >\n\t\t\t\t\t\t<div class=\"\" >\n\t\t\t\t<img decoding=\"async\" width=\"300\" height=\"300\" src=\"https:\/\/last.bluefinfitness.com\/wp-content\/uploads\/2021\/01\/12_Mini-Curv_300-x-300px_ES.jpg\" class=\"attachment- size-\" alt=\"Bluefin mini el\u00edpticas\" srcset=\"https:\/\/last.bluefinfitness.com\/wp-content\/uploads\/2021\/01\/12_Mini-Curv_300-x-300px_ES.jpg 300w, https:\/\/last.bluefinfitness.com\/wp-content\/uploads\/2021\/01\/12_Mini-Curv_300-x-300px_ES-150x150.jpg 150w, https:\/\/last.bluefinfitness.com\/wp-content\/uploads\/2021\/01\/12_Mini-Curv_300-x-300px_ES-100x100.jpg 100w\" sizes=\"(max-width: 300px) 100vw, 300px\" \/>\t\t\t\t\t\t\t\t\t\t\t<\/div>\n\t\t\t\t\t<\/div>\n\n\t\t<div class=\"box-text text-center\" >\n\t\t\t<div class=\"box-text-inner\">\n\t\t\t\t\n<p style=\"text-align: left;\"><strong>Rueda Motorra de 6 kg. Un Entrenamiento Virtualmente Silencioso:\u00a0<\/strong><\/p>\n<p style=\"text-align: left;\">La rueda motora de 6 kg de grado profesional y la transmisi\u00f3n s\u00faper suave te aseguran un entrenamiento en\u00e9rgico y silencioso del que nadie se enterar\u00e1. El silencioso sistema motor est\u00e1 hecho para auto-impulsarse completamente, permiti\u00e9ndote el control total de tu entrenamiento en todo momento \u00a1As\u00ed que sigue pedaleando durante reuniones o alrededor de la mesa del comedor, seguro al saber que tu entrenamiento no molestar\u00e1 a nadie!<\/p>\n\t\t\t<\/div>\n\t\t<\/div>\n\t<\/div>\n\t\n\t\t<\/div>\n\t\t\t\t\t<\/div>\n\n\t\n<\/div>\n<div class=\"row\"  id=\"row-699895144\">\n\n\t<div id=\"col-216032792\" class=\"col medium-4 small-12 large-4\"  >\n\t\t\t\t<div class=\"col-inner\"  >\n\t\t\t\n\t\t\t\n\t<div class=\"box has-hover   has-hover box-text-bottom\" >\n\n\t\t<div class=\"box-image\" >\n\t\t\t\t\t\t<div class=\"\" >\n\t\t\t\t<img decoding=\"async\" width=\"300\" height=\"300\" src=\"https:\/\/last.bluefinfitness.com\/wp-content\/uploads\/2024\/03\/13_Mini-Curv_300-x-300px_ES.jpg\" class=\"attachment- size-\" alt=\"Bluefin mini el\u00edpticas\" srcset=\"https:\/\/last.bluefinfitness.com\/wp-content\/uploads\/2024\/03\/13_Mini-Curv_300-x-300px_ES.jpg 300w, https:\/\/last.bluefinfitness.com\/wp-content\/uploads\/2024\/03\/13_Mini-Curv_300-x-300px_ES-280x280.jpg 280w, https:\/\/last.bluefinfitness.com\/wp-content\/uploads\/2024\/03\/13_Mini-Curv_300-x-300px_ES-100x100.jpg 100w\" sizes=\"(max-width: 300px) 100vw, 300px\" \/>\t\t\t\t\t\t\t\t\t\t\t<\/div>\n\t\t\t\t\t<\/div>\n\n\t\t<div class=\"box-text text-center\" >\n\t\t\t<div class=\"box-text-inner\">\n\t\t\t\t\n<p style=\"text-align: left;\"><strong>App Integrada. Alcanza tu M\u00e1ximo en el Fitness:<br \/>\n<\/strong><\/p>\n<p style=\"text-align: left;\">La app te mantiene motivado cada vez que entrenas al ofrecerte opciones para entrenar por todo el mundo, participar en una competici\u00f3n y hacer seguimiento de tus progresos con tu propio cuadro de fitness personal. Podr\u00e1s medir con facilidad la velocidad durante cada ejercicio, la distancia, el tiempo y las calor\u00edas quemadas, as\u00ed que prep\u00e1rate para llevar tus entrenamientos al siguiente nivel con las propiedades avanzadas de esta app de fitness.<\/p>\n\t\t\t<\/div>\n\t\t<\/div>\n\t<\/div>\n\t\n\t\t<\/div>\n\t\t\t\t\t<\/div>\n\n\t\n\n\t<div id=\"col-1591493422\" class=\"col medium-4 small-12 large-4\"  >\n\t\t\t\t<div class=\"col-inner\"  >\n\t\t\t\n\t\t\t\n\t<div class=\"box has-hover   has-hover box-text-bottom\" >\n\n\t\t<div class=\"box-image\" >\n\t\t\t\t\t\t<div class=\"\" >\n\t\t\t\t<img decoding=\"async\" width=\"300\" height=\"300\" src=\"https:\/\/last.bluefinfitness.com\/wp-content\/uploads\/2021\/01\/14_Mini-Curv_300-x-300px_ES.jpg\" class=\"attachment- size-\" alt=\"Bluefin mini el\u00edpticas\" srcset=\"https:\/\/last.bluefinfitness.com\/wp-content\/uploads\/2021\/01\/14_Mini-Curv_300-x-300px_ES.jpg 300w, https:\/\/last.bluefinfitness.com\/wp-content\/uploads\/2021\/01\/14_Mini-Curv_300-x-300px_ES-150x150.jpg 150w, https:\/\/last.bluefinfitness.com\/wp-content\/uploads\/2021\/01\/14_Mini-Curv_300-x-300px_ES-100x100.jpg 100w\" sizes=\"(max-width: 300px) 100vw, 300px\" \/>\t\t\t\t\t\t\t\t\t\t\t<\/div>\n\t\t\t\t\t<\/div>\n\n\t\t<div class=\"box-text text-center\" >\n\t\t\t<div class=\"box-text-inner\">\n\t\t\t\t\n<p><strong>Innovadores Pedales Antideslizantes. Mejor con los Pies por Delante:<br \/>\n<\/strong><\/p>\n<p style=\"text-align: left;\">Sus Avanzados pedales antideslizantes han sido dise\u00f1ados para ofrecerte un ancho y comodidad esxtras, lo cual te permite entrenar con o sin calzado, mejorando tu experiencia al entrenar en casa.<\/p>\n\t\t\t<\/div>\n\t\t<\/div>\n\t<\/div>\n\t\n\t\t<\/div>\n\t\t\t\t\t<\/div>\n\n\t\n\n\t<div id=\"col-1271932301\" class=\"col medium-4 small-12 large-4\"  >\n\t\t\t\t<div class=\"col-inner\"  >\n\t\t\t\n\t\t\t\n\t<div class=\"box has-hover   has-hover box-text-bottom\" >\n\n\t\t<div class=\"box-image\" >\n\t\t\t\t\t\t<div class=\"\" >\n\t\t\t\t<img decoding=\"async\" width=\"300\" height=\"300\" src=\"https:\/\/last.bluefinfitness.com\/wp-content\/uploads\/2021\/01\/15_Mini-Curv_300-x-300px_ES.jpg\" class=\"attachment- size-\" alt=\"Bluefin mini el\u00edpticas\" srcset=\"https:\/\/last.bluefinfitness.com\/wp-content\/uploads\/2021\/01\/15_Mini-Curv_300-x-300px_ES.jpg 300w, https:\/\/last.bluefinfitness.com\/wp-content\/uploads\/2021\/01\/15_Mini-Curv_300-x-300px_ES-150x150.jpg 150w, https:\/\/last.bluefinfitness.com\/wp-content\/uploads\/2021\/01\/15_Mini-Curv_300-x-300px_ES-100x100.jpg 100w\" sizes=\"(max-width: 300px) 100vw, 300px\" \/>\t\t\t\t\t\t\t\t\t\t\t<\/div>\n\t\t\t\t\t<\/div>\n\n\t\t<div class=\"box-text text-center\" >\n\t\t\t<div class=\"box-text-inner\">\n\t\t\t\t\n<p style=\"text-align: left;\"><strong>Pantalla LCD. Registra Tu Actividad.<br \/>\n<\/strong><\/p>\n<p style=\"text-align: left;\">La pantalla LCD te permite hacer seguimiento de tus entrenamientos en tiempo real, con estad\u00edsticas y datos que registran tu velocidad, distancia y calor\u00edas quemadas.<\/p>\n\t\t\t<\/div>\n\t\t<\/div>\n\t<\/div>\n\t\n\t\t<\/div>\n\t\t\t\t\t<\/div>\n\n\t\n<\/div>\n<div class=\"row\"  id=\"row-838005410\">\n\n\t<div id=\"col-1240147710\" class=\"col medium-3 small-6 large-3\"  >\n\t\t\t\t<div class=\"col-inner\"  >\n\t\t\t\n\t\t\t\n\t<div class=\"box has-hover   has-hover box-text-bottom\" >\n\n\t\t<div class=\"box-image\" >\n\t\t\t\t\t\t<div class=\"\" >\n\t\t\t\t<img decoding=\"async\" width=\"220\" height=\"220\" src=\"https:\/\/last.bluefinfitness.com\/wp-content\/uploads\/2021\/01\/16_Mini-Curv_220-x-220px_ES.jpg\" class=\"attachment- size-\" alt=\"Bluefin mini el\u00edpticas\" srcset=\"https:\/\/last.bluefinfitness.com\/wp-content\/uploads\/2021\/01\/16_Mini-Curv_220-x-220px_ES.jpg 220w, https:\/\/last.bluefinfitness.com\/wp-content\/uploads\/2021\/01\/16_Mini-Curv_220-x-220px_ES-150x150.jpg 150w, https:\/\/last.bluefinfitness.com\/wp-content\/uploads\/2021\/01\/16_Mini-Curv_220-x-220px_ES-100x100.jpg 100w\" sizes=\"(max-width: 220px) 100vw, 220px\" \/>\t\t\t\t\t\t\t\t\t\t\t<\/div>\n\t\t\t\t\t<\/div>\n\n\t\t<div class=\"box-text text-center\" >\n\t\t\t<div class=\"box-text-inner\">\n\t\t\t\t\n\t\t\t<\/div>\n\t\t<\/div>\n\t<\/div>\n\t\n\t\t<\/div>\n\t\t\t\t\t<\/div>\n\n\t\n\n\t<div id=\"col-1252416510\" class=\"col medium-3 small-6 large-3\"  >\n\t\t\t\t<div class=\"col-inner\"  >\n\t\t\t\n\t\t\t\n\t<div class=\"box has-hover   has-hover box-text-bottom\" >\n\n\t\t<div class=\"box-image\" >\n\t\t\t\t\t\t<div class=\"\" >\n\t\t\t\t<img decoding=\"async\" width=\"220\" height=\"220\" src=\"https:\/\/last.bluefinfitness.com\/wp-content\/uploads\/2021\/01\/17_Mini-Curv_220-x-220px_ES.jpg\" class=\"attachment- size-\" alt=\"Bluefin mini el\u00edpticas\" srcset=\"https:\/\/last.bluefinfitness.com\/wp-content\/uploads\/2021\/01\/17_Mini-Curv_220-x-220px_ES.jpg 220w, https:\/\/last.bluefinfitness.com\/wp-content\/uploads\/2021\/01\/17_Mini-Curv_220-x-220px_ES-150x150.jpg 150w, https:\/\/last.bluefinfitness.com\/wp-content\/uploads\/2021\/01\/17_Mini-Curv_220-x-220px_ES-100x100.jpg 100w\" sizes=\"(max-width: 220px) 100vw, 220px\" \/>\t\t\t\t\t\t\t\t\t\t\t<\/div>\n\t\t\t\t\t<\/div>\n\n\t\t<div class=\"box-text text-center\" >\n\t\t\t<div class=\"box-text-inner\">\n\t\t\t\t\n\t\t\t<\/div>\n\t\t<\/div>\n\t<\/div>\n\t\n\t\t<\/div>\n\t\t\t\t\t<\/div>\n\n\t\n\n\t<div id=\"col-715432948\" class=\"col medium-3 small-6 large-3\"  >\n\t\t\t\t<div class=\"col-inner\"  >\n\t\t\t\n\t\t\t\n\t<div class=\"box has-hover   has-hover box-text-bottom\" >\n\n\t\t<div class=\"box-image\" >\n\t\t\t\t\t\t<div class=\"\" >\n\t\t\t\t<img decoding=\"async\" width=\"220\" height=\"220\" src=\"https:\/\/last.bluefinfitness.com\/wp-content\/uploads\/2021\/01\/18_Mini-Curv_220-x-220px_ES.jpg\" class=\"attachment- size-\" alt=\"Bluefin mini el\u00edpticas\" srcset=\"https:\/\/last.bluefinfitness.com\/wp-content\/uploads\/2021\/01\/18_Mini-Curv_220-x-220px_ES.jpg 220w, https:\/\/last.bluefinfitness.com\/wp-content\/uploads\/2021\/01\/18_Mini-Curv_220-x-220px_ES-150x150.jpg 150w, https:\/\/last.bluefinfitness.com\/wp-content\/uploads\/2021\/01\/18_Mini-Curv_220-x-220px_ES-100x100.jpg 100w\" sizes=\"(max-width: 220px) 100vw, 220px\" \/>\t\t\t\t\t\t\t\t\t\t\t<\/div>\n\t\t\t\t\t<\/div>\n\n\t\t<div class=\"box-text text-center\" >\n\t\t\t<div class=\"box-text-inner\">\n\t\t\t\t\n\t\t\t<\/div>\n\t\t<\/div>\n\t<\/div>\n\t\n\t\t<\/div>\n\t\t\t\t\t<\/div>\n\n\t\n\n\t<div id=\"col-1438368843\" class=\"col medium-3 small-6 large-3\"  >\n\t\t\t\t<div class=\"col-inner\"  >\n\t\t\t\n\t\t\t\n\t<div class=\"box has-hover   has-hover box-text-bottom\" >\n\n\t\t<div class=\"box-image\" >\n\t\t\t\t\t\t<div class=\"\" >\n\t\t\t\t<img decoding=\"async\" width=\"220\" height=\"220\" src=\"https:\/\/last.bluefinfitness.com\/wp-content\/uploads\/2021\/01\/19_Mini-Curv_220-x-220px_ES.jpg\" class=\"attachment- size-\" alt=\"Bluefin mini el\u00edpticas\" srcset=\"https:\/\/last.bluefinfitness.com\/wp-content\/uploads\/2021\/01\/19_Mini-Curv_220-x-220px_ES.jpg 220w, https:\/\/last.bluefinfitness.com\/wp-content\/uploads\/2021\/01\/19_Mini-Curv_220-x-220px_ES-150x150.jpg 150w, https:\/\/last.bluefinfitness.com\/wp-content\/uploads\/2021\/01\/19_Mini-Curv_220-x-220px_ES-100x100.jpg 100w\" sizes=\"(max-width: 220px) 100vw, 220px\" \/>\t\t\t\t\t\t\t\t\t\t\t<\/div>\n\t\t\t\t\t<\/div>\n\n\t\t<div class=\"box-text text-center\" >\n\t\t\t<div class=\"box-text-inner\">\n\t\t\t\t\n\t\t\t<\/div>\n\t\t<\/div>\n\t<\/div>\n\t\n\t\t<\/div>\n\t\t\t\t\t<\/div>\n\n\t\n<\/div>\n","protected":false},"excerpt":{"rendered":"<p><strong>PONTE EN FORMA SENTADO.<\/strong> La el\u00edptica Curv Mini ofrece un ejercicio cardio de bajo impacto, lo cual la hace ideal para los largos d\u00edas en la oficina o sentado. Con 8 programas de resistencia regulables. \u00a1Hacer deporte en casa se ha hecho mucho m\u00e1s f\u00e1cil!<br \/>\n<strong>GARANT\u00cdA DE UN A\u00d1O.<\/strong> Compra con confianza, todos los equipos de Bluefin vienen con 1 a\u00f1o de garant\u00eda. Nuestro departamento de atenci\u00f3n al cliente est\u00e1 simpre disponible para ayudarte ante cualquier duda y apoyarte durante tu experiencia en el fitness.<br \/>\n<strong>POTENTE MOTOR SILENCIOSO.<\/strong> La avanzado rueda motora de 6.5kg y los pedales antideslizantes aseguran el m\u00ednimo ruido aunque entrenes duro \u00a1As\u00ed que pedalea durante una pel\u00edcula o una conference call con la total seguridad de que nadie se enterar\u00e1 de que est\u00e1s usando tu mini bicicleta el\u00edptica!<br \/>\n<strong>DISE\u00d1O COMPACTO EL\u00cdPTICO.<\/strong> \u00a1Al contar con un dise\u00f1o el\u00edptico profesional y una tracci\u00f3n ultra-suave, la Curv Mini te asegura que tus articulaciones siempre est\u00e1n protegidas! El dise\u00f1o compacto de la bicicleta el\u00edptica te permite entrenar en cualquier momento, en cualquier sitio y guardarla f\u00e1cilmente despu\u00e9s.<br \/>\n<strong>PANTALLA LCD.<\/strong> Mide el tiempo, la distancia y las calor\u00edas quemadas con su pantalla LCD. \u00a1Con la bicileta el\u00edptica para casa ya no tendr\u00e1s que preocuparte por que tus metas en el fitness se vean comprometidas por las largas horas de trabajo, el dolor de articulaciones o las dificultades motrices!<\/p>\n","protected":false},"featured_media":643253,"comment_status":"open","ping_status":"closed","template":"","meta":[],"product_cat":[1026],"product_tag":[],"_links":{"self":[{"href":"https:\/\/last.bluefinfitness.com\/es\/wp-json\/wp\/v2\/product\/267607"}],"collection":[{"href":"https:\/\/last.bluefinfitness.com\/es\/wp-json\/wp\/v2\/product"}],"about":[{"href":"https:\/\/last.bluefinfitness.com\/es\/wp-json\/wp\/v2\/types\/product"}],"replies":[{"embeddable":true,"href":"https:\/\/last.bluefinfitness.com\/es\/wp-json\/wp\/v2\/comments?post=267607"}],"wp:featuredmedia":[{"embeddable":true,"href":"https:\/\/last.bluefinfitness.com\/es\/wp-json\/wp\/v2\/media\/643253"}],"wp:attachment":[{"href":"https:\/\/last.bluefinfitness.com\/es\/wp-json\/wp\/v2\/media?parent=267607"}],"wp:term":[{"taxonomy":"product_cat","embeddable":true,"href":"https:\/\/last.bluefinfitness.com\/es\/wp-json\/wp\/v2\/product_cat?post=267607"},{"taxonomy":"product_tag","embeddable":true,"href":"https:\/\/last.bluefinfitness.com\/es\/wp-json\/wp\/v2\/product_tag?post=267607"}],"curies":[{"name":"wp","href":"https:\/\/api.w.org\/{rel}","templated":true}]}}