{"id":29042,"date":"2020-01-03T11:15:42","date_gmt":"2020-01-03T11:15:42","guid":{"rendered":"https:\/\/www.bluefinfitness.com\/product\/bicicleta-de-spinning-tour-spin-de-bluefin-fitness-equipo-de-gimnasio-en-casa-bicicleta-estatica-kinomap-video-streaming-en-directo-video-coaching-y-entrenamiento-bluetooth-app-para-sma\/"},"modified":"2023-11-09T11:18:06","modified_gmt":"2023-11-09T11:18:06","slug":"bici-de-sp-web-exclusive","status":"publish","type":"product","link":"https:\/\/last.bluefinfitness.com\/es\/bici-de-sp-web-exclusive\/","title":{"rendered":"Bicicleta Est\u00e1tica Bluefin Tour SP"},"content":{"rendered":"<p style=\"text-align: justify;\"><b>Compacta &amp; Calidad Comercial<\/b><\/p>\n<p style=\"text-align: justify;\">Conf\u00eda en Bluefin Fitness para tener el mejor equipo de gimnasia en casa. La Bicicleta Tour SP de Bluefin Fitness, actualizada y compacta, proporciona un ejercicio cardio de bajo impacto para tu gimnasia en casa. Se entrega parcialmente montada y completamente equipada con lo \u00faltimo en dise\u00f1o. La base viene montada con ruedas duraderas y es f\u00e1cil de transportar por la casa cuando no la usas.<\/p>\n<p style=\"text-align: justify;\">Musc\u00falate y quema calor\u00edas con un ejercicio en bicicleta de bajo impacto que fuerza menos las articulaciones que el ejercicio cardio convencional. Los niveles manuales de resistencia te permiten rodar de paseo o como campo a trav\u00e9s con una resistencia variable de ascenso y descenso. La rueda propulsora de 25kg, el sistema de transmisi\u00f3n por correas silencioso proporciona un movimiento fluido &amp; y un entrenamiento en la bicicleta de mayor intensidad.<\/p>\n<p style=\"text-align: justify;\">Mide el tiempo, la distancia, las calor\u00edas quemadas y el ritmo cardiaco con la pantalla de fitness digital LCD retroiluminda. Usa la App para m\u00f3vil o tablet Kinomap integrada: con\u00e9ctate por Bluetooth para seguir y analizar tu evoluci\u00f3n en el tiempo en tu propio cuadro de fitness personal.<\/p>\n<p><em>Por favor, tenga en cuenta que los sensores de pulso del manillar solo tienen un fin ilustrativo, y no aparecen en este art\u00edculo.<\/em><\/p>\n<p style=\"text-align: justify;\"><b><br \/>\n&#8212;&#8212; En el Paquete &#8212;&#8212; <\/b><br \/>\n\u279c Bicicleta Tour SP de Bluefin Fitness<br \/>\n\u279c Manual de Instrucciones<br \/>\n\u279c Kit de Herramientos para montaje y mantenimiento<\/p>\n<p style=\"text-align: justify;\"><b><br \/>\n&#8212;&#8211; Caracter\u00edsticas Principales &#8212;&#8211; <\/b><br \/>\n\u2713 App Kinomap para M\u00f3vil\/Tablet con entrenamiento en video &#8211; Compatible con las Redes Sociales<br \/>\n\u2713 Grado Comercial<br \/>\n\u2713 Dise\u00f1o Innovador 122cm x 129cm x 58cm<br \/>\n\u2713 Ruedas incluidas para un f\u00e1cil transporte<br \/>\n\u2713 Sistema de Transmisi\u00f3n por correas silencioso<br \/>\n\u2713 Control de tensi\u00f3n ajustable<br \/>\n\u2713 Manillar inclinado con brazo acolchado<br \/>\n\u2713 Pedales deportivos con engranaje de acero &amp; y punta para los dedos moldeada<br \/>\n\u2713 Soporte para botella de agua<br \/>\n\u2713 Resistente rueda propulsora de 25kg<\/p>\n<p style=\"text-align: justify;\"><b>\u00a1Clica \u00ab\u00bbA\u00f1adir al carro\u00bb\u00bb y ponte en forma con Bluefin ya!<\/b><\/p>\n","protected":false},"excerpt":{"rendered":"<ul>\n<li style=\"text-align: justify;\">APP KINOMAP PARA SMARTPHONE INTEGRADA: La bicicleta TOUR SP es compatible con la app de fitness Kinomap &#8211; contiene miles de videos de entrenamiento de todo el mundo, sesiones de coaching y entrenamiento y ejercicios estructurados. \u00a1\u00danete a la comunidad Kinomap ya!<\/li>\n<li style=\"text-align: justify;\">MOVIMIENTO FLUIDO Y SILENCIOSO: la resistente rueda propulsora de 25kg y el sistema de transmisi\u00f3n por correas silencioso se beneficia de un sistema de frenado seguro que te permite parar con total facilidad.<\/li>\n<li style=\"text-align: justify;\">BAJO IMPACTO, ALTA INTENSIDAD: La bicicleta Tour SP ofrece un ejercicio cardio de baja intensidad que cuida tus articulaciones y es muy beneficioso para tu salud.<\/li>\n<li style=\"text-align: justify;\">PANTALLA LCD: Mide el tiempo, la distancia, las calor\u00edas quemadas y el ritmo cardiaco en la pantalla LCD multifuncional retroiluminada. Ex\u00edgete m\u00e1s y trabaja con una meta para lograr tus objetivos en el ejercicio.<\/li>\n<li style=\"text-align: justify;\">RESISTENCIA AJUSTABLE + FRENO: Aumenta la tensi\u00f3n y ex\u00edgete m\u00e1s para alcanzar tus objetivos en el ejercicio. Tambi\u00e9n tiene brazos acolchados, monitores de Ritmo Cardiaco, soporte para botella de agua y pedales deportivos de aluminio con punta moldeada para los dedos.<\/li>\n<\/ul>\n","protected":false},"featured_media":644912,"comment_status":"open","ping_status":"closed","template":"","meta":[],"product_cat":[1021,135],"product_tag":[],"_links":{"self":[{"href":"https:\/\/last.bluefinfitness.com\/es\/wp-json\/wp\/v2\/product\/29042"}],"collection":[{"href":"https:\/\/last.bluefinfitness.com\/es\/wp-json\/wp\/v2\/product"}],"about":[{"href":"https:\/\/last.bluefinfitness.com\/es\/wp-json\/wp\/v2\/types\/product"}],"replies":[{"embeddable":true,"href":"https:\/\/last.bluefinfitness.com\/es\/wp-json\/wp\/v2\/comments?post=29042"}],"wp:featuredmedia":[{"embeddable":true,"href":"https:\/\/last.bluefinfitness.com\/es\/wp-json\/wp\/v2\/media\/644912"}],"wp:attachment":[{"href":"https:\/\/last.bluefinfitness.com\/es\/wp-json\/wp\/v2\/media?parent=29042"}],"wp:term":[{"taxonomy":"product_cat","embeddable":true,"href":"https:\/\/last.bluefinfitness.com\/es\/wp-json\/wp\/v2\/product_cat?post=29042"},{"taxonomy":"product_tag","embeddable":true,"href":"https:\/\/last.bluefinfitness.com\/es\/wp-json\/wp\/v2\/product_tag?post=29042"}],"curies":[{"name":"wp","href":"https:\/\/api.w.org\/{rel}","templated":true}]}}