{"id":43700,"date":"2020-04-27T07:14:03","date_gmt":"2020-04-27T07:16:42","guid":{"rendered":"https:\/\/www.bluefinfitness.com\/?post_type=product&#038;p=43700"},"modified":"2022-05-04T22:15:17","modified_gmt":"2022-05-04T22:15:17","slug":"pistola-masaje","status":"publish","type":"product","link":"https:\/\/last.bluefinfitness.com\/es\/pistola-masaje\/","title":{"rendered":"Pistola de Masaje Bluefin DRUMM T-1"},"content":{"rendered":"<p><strong>DRUMM T-1: Aparato de Terapia Percusiva.<\/strong><\/p>\n<p><strong>Rcupera. Alivia. Reactiva:<\/strong> De Bluefin Fitness &#8211; especialistas en equipos de fitnes para gimnasia en casa. La gama Drumm de aparatros de terapia percusiva premium ayuda a recuperar los m\u00fasculos y aliviar la tensi\u00f3n antes, despu\u00e9s y durante el entrenamiento.<\/p>\n<p>La opci\u00f3n favorita de los atletas, entrenadores personales, coaches, fisios y fisioterapeutas de todo el mundo. La estilosa pistola de masajes T-1 ofrece una relajaci\u00f3n y recuperaci\u00f3n sin igual para los tejidos musculares profundos sin el ruido de otros aparatos: S\u00f3lo 50db &#8211; \u00a1m\u00e1s bajo que una conversaci\u00f3n normal!<\/p>\n<p>El dise\u00f1o estiloso y ligero contiene muchos golpes para conseguir una percusi\u00f3n c\u00f3moda gracuas a sus 3 nieveles de velocidad (1800 &#8211; 2600 percusiones por minuto) y a la posibilidad de escoger entre 6 x Cabezales (incluidos).<\/p>\n<p>90 minutos garantizados de vida de la bater\u00eda entre cargas con un uso continuo a alta velocidad.<\/p>\n<div class=\"row\"  id=\"row-1812545504\">\n\n\t<div id=\"col-1157560055\" class=\"col medium-6 small-12 large-6\"  >\n\t\t\t\t<div class=\"col-inner\"  >\n\t\t\t\n\t\t\t\n<p><strong>&#8212;&#8212; En el Pack &#8212;&#8212;<\/strong><\/p>\n<ul>\n<li>DRUMM T-1 de Bluefin Fitness | Aparato de Terapia Percusiva.<\/li>\n<li>Funda de Lujo con Asa.<\/li>\n<li>6 x Cabezales.<\/li>\n<li>Cabezal Plano, Cabezal de Bala, Cabezal de Pala, Cabezal de Horquilla,<\/li>\n<li>Cabezal Boxing y Bola de Masaje.<\/li>\n<li>Manual de Instrucciones.<\/li>\n<li>Transformador \/ Cargador.<\/li>\n<\/ul>\n\t\t<\/div>\n\t\t\t\t\t<\/div>\n\n\t\n\n\t<div id=\"col-1859439182\" class=\"col medium-6 small-12 large-6\"  >\n\t\t\t\t<div class=\"col-inner\"  >\n\t\t\t\n\t\t\t\n<p><strong>&#8212;&#8211; Caracter\u00edsticas Principales &#8212;&#8211;<\/strong><\/p>\n<ul>\n<li>30 &#8211; 43 Percusiones Por Segundo (1800 &#8211; 2600 Golpes por Minuto)<\/li>\n<li>3 x Niveles de Velocidad<br \/>\nPrograma Autom\u00e1tico<\/li>\n<li>Ultra Silenciosa &#8211; s\u00f3lo 50db<\/li>\n<li>8mm de amplitud para una percusi\u00f3n c\u00f3moda.<\/li>\n<li>1.5 horas de vida de la bater\u00eda a alta velocidad.<\/li>\n<li>0,9kg: aparato ligero.<\/li>\n<li>222mm x 160mm x 55mm<\/li>\n<li>Mango ergon\u00f3mico.<\/li>\n<li>Pilotos de luz LED.<\/li>\n<\/ul>\n\t\t<\/div>\n\t\t\t\t\t<\/div>\n\n\t\n<\/div>\n\t<div class=\"img has-hover x md-x lg-x y md-y lg-y\" id=\"image_624883268\">\n\t\t\t\t\t\t\t\t<div class=\"img-inner dark\" >\n\t\t\t<img decoding=\"async\" width=\"970\" height=\"300\" src=\"https:\/\/last.bluefinfitness.com\/wp-content\/uploads\/2020\/04\/1.png\" class=\"attachment-large size-large\" alt=\"Bluefin pistola de masaje\" srcset=\"https:\/\/last.bluefinfitness.com\/wp-content\/uploads\/2020\/04\/1.png 970w, https:\/\/last.bluefinfitness.com\/wp-content\/uploads\/2020\/04\/1-300x93.png 300w, https:\/\/last.bluefinfitness.com\/wp-content\/uploads\/2020\/04\/1-768x238.png 768w, https:\/\/last.bluefinfitness.com\/wp-content\/uploads\/2020\/04\/1-500x155.png 500w\" sizes=\"(max-width: 970px) 100vw, 970px\" \/>\t\t\t\t\t\t\n\t\t\t\t\t<\/div>\n\t\t\t\t\t\t\t\t\n<style>\n#image_624883268 {\n  width: 100%;\n}\n<\/style>\n\t<\/div>\n\t\n\t<div id=\"gap-1686402743\" class=\"gap-element clearfix\" style=\"display:block; height:auto;\">\n\t\t\n<style>\n#gap-1686402743 {\n  padding-top: 30px;\n}\n<\/style>\n\t<\/div>\n\t\n<div class=\"row\"  id=\"row-1472179988\">\n\n\t<div id=\"col-2141272400\" class=\"col medium-4 small-12 large-4\"  >\n\t\t\t\t<div class=\"col-inner\"  >\n\t\t\t\n\t\t\t\n\t<div class=\"box has-hover   has-hover box-text-bottom\" >\n\n\t\t<div class=\"box-image\" >\n\t\t\t\t\t\t<div class=\"\" >\n\t\t\t\t<img decoding=\"async\" width=\"300\" height=\"300\" src=\"https:\/\/last.bluefinfitness.com\/wp-content\/uploads\/2016\/04\/2.png\" class=\"attachment- size-\" alt=\"Bluefin pistola de masaje\" srcset=\"https:\/\/last.bluefinfitness.com\/wp-content\/uploads\/2016\/04\/2.png 300w, https:\/\/last.bluefinfitness.com\/wp-content\/uploads\/2016\/04\/2-150x150.png 150w, https:\/\/last.bluefinfitness.com\/wp-content\/uploads\/2016\/04\/2-100x100.png 100w\" sizes=\"(max-width: 300px) 100vw, 300px\" \/>\t\t\t\t\t\t\t\t\t\t\t<\/div>\n\t\t\t\t\t<\/div>\n\n\t\t<div class=\"box-text text-center\" >\n\t\t\t<div class=\"box-text-inner\">\n\t\t\t\t\n<h4 style=\"text-align: left;\"><strong>DRUMM T-1: Aparato de Terapia Percusiva<\/strong><\/h4>\n<p style=\"text-align: left;\"><strong>Supera la Paliza:<\/strong> La elegante T-1 ofrece el perfecto nivel de percusi\u00f3n c\u00f3moda sin sufrir una innecesaria paliza, benefici\u00e1ndose de un motor ultra-silencioso y alcanzando hasta 2600 golpes por minuto. La opci\u00f3n perfecta para atletas profesionales, entrenadores, coaches y fisioterapeutas.<\/p>\n\t\t\t<\/div>\n\t\t<\/div>\n\t<\/div>\n\t\n\t\t<\/div>\n\t\t\t\t\t<\/div>\n\n\t\n\n\t<div id=\"col-948783574\" class=\"col medium-4 small-12 large-4\"  >\n\t\t\t\t<div class=\"col-inner\"  >\n\t\t\t\n\t\t\t\n\t<div class=\"box has-hover   has-hover box-text-bottom\" >\n\n\t\t<div class=\"box-image\" >\n\t\t\t\t\t\t<div class=\"\" >\n\t\t\t\t<img decoding=\"async\" width=\"300\" height=\"300\" src=\"https:\/\/last.bluefinfitness.com\/wp-content\/uploads\/2016\/04\/3.png\" class=\"attachment- size-\" alt=\"Bluefin pistola de masaje\" srcset=\"https:\/\/last.bluefinfitness.com\/wp-content\/uploads\/2016\/04\/3.png 300w, https:\/\/last.bluefinfitness.com\/wp-content\/uploads\/2016\/04\/3-150x150.png 150w, https:\/\/last.bluefinfitness.com\/wp-content\/uploads\/2016\/04\/3-100x100.png 100w\" sizes=\"(max-width: 300px) 100vw, 300px\" \/>\t\t\t\t\t\t\t\t\t\t\t<\/div>\n\t\t\t\t\t<\/div>\n\n\t\t<div class=\"box-text text-center\" >\n\t\t\t<div class=\"box-text-inner\">\n\t\t\t\t\n<h4 style=\"text-align: left;\"><strong>Deja que la T-1 Tome el Control<\/strong><\/h4>\n<p style=\"text-align: left;\"><strong>Programa Autom\u00e1tico:<\/strong> La DRUMM T-1 incluye un programa de masajes con velocidad variable, permiti\u00e9ndo que te concentres s\u00f3lo en la zona muscular elegida. Deja que la DRUMM haga el trabajo por ti.<\/p>\n\t\t\t<\/div>\n\t\t<\/div>\n\t<\/div>\n\t\n\t\t<\/div>\n\t\t\t\t\t<\/div>\n\n\t\n\n\t<div id=\"col-1094027533\" class=\"col medium-4 small-12 large-4\"  >\n\t\t\t\t<div class=\"col-inner\"  >\n\t\t\t\n\t\t\t\n\t<div class=\"box has-hover   has-hover box-text-bottom\" >\n\n\t\t<div class=\"box-image\" >\n\t\t\t\t\t\t<div class=\"\" >\n\t\t\t\t<img decoding=\"async\" width=\"300\" height=\"300\" src=\"https:\/\/last.bluefinfitness.com\/wp-content\/uploads\/2016\/04\/4.png\" class=\"attachment- size-\" alt=\"Bluefin pistola de masaje\" srcset=\"https:\/\/last.bluefinfitness.com\/wp-content\/uploads\/2016\/04\/4.png 300w, https:\/\/last.bluefinfitness.com\/wp-content\/uploads\/2016\/04\/4-150x150.png 150w, https:\/\/last.bluefinfitness.com\/wp-content\/uploads\/2016\/04\/4-100x100.png 100w\" sizes=\"(max-width: 300px) 100vw, 300px\" \/>\t\t\t\t\t\t\t\t\t\t\t<\/div>\n\t\t\t\t\t<\/div>\n\n\t\t<div class=\"box-text text-center\" >\n\t\t\t<div class=\"box-text-inner\">\n\t\t\t\t\n<h4 style=\"text-align: left;\"><strong>30 &#8211; 40 PPS (1800 &#8211; 2600 Golpes Por Minuto)<\/strong><\/h4>\n<p style=\"text-align: left;\"><strong>3 x Niveles de Velocidad:<\/strong> Selecciona entre tres velocidades s\u00f3lo tocando un bot\u00f3n con controles simplificados. Elige la velocidad adecuada para ti y aplica la presi\u00f3n con la que te sientas c\u00f3modo para aliviar el dolor y la tensi\u00f3n perfectamente.<\/p>\n\t\t\t<\/div>\n\t\t<\/div>\n\t<\/div>\n\t\n\t\t<\/div>\n\t\t\t\t\t<\/div>\n\n\t\n<\/div>\n<div class=\"row\"  id=\"row-292040408\">\n\n\t<div id=\"col-166456673\" class=\"col medium-4 small-12 large-4\"  >\n\t\t\t\t<div class=\"col-inner\"  >\n\t\t\t\n\t\t\t\n\t<div class=\"box has-hover   has-hover box-text-bottom\" >\n\n\t\t<div class=\"box-image\" >\n\t\t\t\t\t\t<div class=\"\" >\n\t\t\t\t<img decoding=\"async\" width=\"300\" height=\"300\" src=\"https:\/\/last.bluefinfitness.com\/wp-content\/uploads\/2020\/04\/5.png\" class=\"attachment- size-\" alt=\"Bluefin pistola de masaje\" srcset=\"https:\/\/last.bluefinfitness.com\/wp-content\/uploads\/2020\/04\/5.png 300w, https:\/\/last.bluefinfitness.com\/wp-content\/uploads\/2020\/04\/5-150x150.png 150w, https:\/\/last.bluefinfitness.com\/wp-content\/uploads\/2020\/04\/5-100x100.png 100w\" sizes=\"(max-width: 300px) 100vw, 300px\" \/>\t\t\t\t\t\t\t\t\t\t\t<\/div>\n\t\t\t\t\t<\/div>\n\n\t\t<div class=\"box-text text-center\" >\n\t\t\t<div class=\"box-text-inner\">\n\t\t\t\t\n<h4 style=\"text-align: left;\"><strong>Sin Ruido. Sin Tensi\u00f3n.<\/strong><\/h4>\n<p style=\"text-align: left;\"><strong>Motor Ultra Silencioso<\/strong>: A 50db y menos, la T-1 ofrece una terapia sin ruido &#8211; m\u00e1s silencioso que una conversaci\u00f3n convencional. Es uno de los aparatos de masaje percusivo m\u00e1s silencioso en el mercado, proporcion\u00e1ndote el tratamiento terap\u00e9utico que mereces.<\/p>\n\t\t\t<\/div>\n\t\t<\/div>\n\t<\/div>\n\t\n\t\t<\/div>\n\t\t\t\t\t<\/div>\n\n\t\n\n\t<div id=\"col-1945945566\" class=\"col medium-4 small-12 large-4\"  >\n\t\t\t\t<div class=\"col-inner\"  >\n\t\t\t\n\t\t\t\n\t<div class=\"box has-hover   has-hover box-text-bottom\" >\n\n\t\t<div class=\"box-image\" >\n\t\t\t\t\t\t<div class=\"\" >\n\t\t\t\t<img decoding=\"async\" width=\"300\" height=\"300\" src=\"https:\/\/last.bluefinfitness.com\/wp-content\/uploads\/2016\/04\/6.png\" class=\"attachment- size-\" alt=\"Bluefin pistola de masaje\" srcset=\"https:\/\/last.bluefinfitness.com\/wp-content\/uploads\/2016\/04\/6.png 300w, https:\/\/last.bluefinfitness.com\/wp-content\/uploads\/2016\/04\/6-150x150.png 150w, https:\/\/last.bluefinfitness.com\/wp-content\/uploads\/2016\/04\/6-100x100.png 100w\" sizes=\"(max-width: 300px) 100vw, 300px\" \/>\t\t\t\t\t\t\t\t\t\t\t<\/div>\n\t\t\t\t\t<\/div>\n\n\t\t<div class=\"box-text text-center\" >\n\t\t\t<div class=\"box-text-inner\">\n\t\t\t\t\n<h4 style=\"text-align: left;\"><strong>6 x Cabezales Incluidos<\/strong><\/h4>\n<p style=\"text-align: left;\"><strong>Cabezas Altas:<\/strong> La DRUMM T-1 cubre todas tus necesidades desde el mismo principio con sus 6 x cabezales incluidos&#8230;<\/p>\n<ul>\n<li style=\"text-align: left;\"><strong>Bola<\/strong>: Masajea y relaja los m\u00fasculos m\u00e1s grandes.<\/li>\n<li style=\"text-align: left;\"><strong>Boxing<\/strong>: A\u00f1ade m\u00e1s presi\u00f3n a los grupos musculares grandes.<\/li>\n<li style=\"text-align: left;\"><strong>Horquilla<\/strong>: Coge los grupos musculares de la espalda, antebrazos y piernas.<\/li>\n<li style=\"text-align: left;\"><strong>Pala<\/strong>: Penetra en los dolores musculares de los hombros, cuello y p\u00e9lvicos.<\/li>\n<li style=\"text-align: left;\"><strong>Bala<\/strong>: Adecuado para las articulaciones y puntos de gatillo.<\/li>\n<li style=\"text-align: left;\"><strong>Plana<\/strong>: Masajea y relaja todos los m\u00fasculos.<\/li>\n<\/ul>\n\t\t\t<\/div>\n\t\t<\/div>\n\t<\/div>\n\t\n\t\t<\/div>\n\t\t\t\t\t<\/div>\n\n\t\n\n\t<div id=\"col-499031703\" class=\"col medium-4 small-12 large-4\"  >\n\t\t\t\t<div class=\"col-inner\"  >\n\t\t\t\n\t\t\t\n\t<div class=\"box has-hover   has-hover box-text-bottom\" >\n\n\t\t<div class=\"box-image\" >\n\t\t\t\t\t\t<div class=\"\" >\n\t\t\t\t<img decoding=\"async\" width=\"300\" height=\"300\" src=\"https:\/\/last.bluefinfitness.com\/wp-content\/uploads\/2016\/04\/7.png\" class=\"attachment- size-\" alt=\"Bluefin pistola de masaje\" srcset=\"https:\/\/last.bluefinfitness.com\/wp-content\/uploads\/2016\/04\/7.png 300w, https:\/\/last.bluefinfitness.com\/wp-content\/uploads\/2016\/04\/7-150x150.png 150w, https:\/\/last.bluefinfitness.com\/wp-content\/uploads\/2016\/04\/7-100x100.png 100w\" sizes=\"(max-width: 300px) 100vw, 300px\" \/>\t\t\t\t\t\t\t\t\t\t\t<\/div>\n\t\t\t\t\t<\/div>\n\n\t\t<div class=\"box-text text-center\" >\n\t\t\t<div class=\"box-text-inner\">\n\t\t\t\t\n<h4 style=\"text-align: left;\"><strong>90 Minutos de Bater\u00eda a Alta Velocidad<\/strong><\/h4>\n<p style=\"text-align: left;\"><strong>A Tope:<\/strong> Puedes confiar en la duraci\u00f3n de la bater\u00eda &#8211; la T-1 garantiza al menos 1,5 horas entre cargas. No es recomendable usar los aparatos de masaje muscular durante m\u00e1s de 1 hora seguida, con un periodo de descanso de 30 mintuos despu\u00e9s, dej\u00e1ndote tiempo suficiente para recargarla completamente para tu pr\u00f3xima sesi\u00f3n.<\/p>\n\t\t\t<\/div>\n\t\t<\/div>\n\t<\/div>\n\t\n\t\t<\/div>\n\t\t\t\t\t<\/div>\n\n\t\n<\/div>\n<div class=\"row\"  id=\"row-1134806800\">\n\n\t<div id=\"col-1530202603\" class=\"col medium-3 small-6 large-3\"  >\n\t\t\t\t<div class=\"col-inner\"  >\n\t\t\t\n\t\t\t\n\t<div class=\"box has-hover   has-hover box-text-bottom\" >\n\n\t\t<div class=\"box-image\" >\n\t\t\t\t\t\t<div class=\"\" >\n\t\t\t\t<img decoding=\"async\" width=\"220\" height=\"220\" src=\"https:\/\/last.bluefinfitness.com\/wp-content\/uploads\/2016\/04\/8.png\" class=\"attachment- size-\" alt=\"Bluefin pistola de masaje\" srcset=\"https:\/\/last.bluefinfitness.com\/wp-content\/uploads\/2016\/04\/8.png 220w, https:\/\/last.bluefinfitness.com\/wp-content\/uploads\/2016\/04\/8-150x150.png 150w, https:\/\/last.bluefinfitness.com\/wp-content\/uploads\/2016\/04\/8-100x100.png 100w\" sizes=\"(max-width: 220px) 100vw, 220px\" \/>\t\t\t\t\t\t\t\t\t\t\t<\/div>\n\t\t\t\t\t<\/div>\n\n\t\t<div class=\"box-text text-center\" >\n\t\t\t<div class=\"box-text-inner\">\n\t\t\t\t\n<h4 style=\"text-align: left;\"><strong>Recuperaci\u00f3n &#8230;<\/strong><\/h4>\n<p style=\"text-align: left;\">Reduce la tensi\u00f3n muscular despu\u00e9s de los entrenamientos y te ayuda a recuperarte m\u00e1s r\u00e1pido de un entrenamiento intenso, lo cual te permite entrenar incluso m\u00e1s.<\/p>\n\t\t\t<\/div>\n\t\t<\/div>\n\t<\/div>\n\t\n\t\t<\/div>\n\t\t\t\t\t<\/div>\n\n\t\n\n\t<div id=\"col-1421698577\" class=\"col medium-3 small-6 large-3\"  >\n\t\t\t\t<div class=\"col-inner\"  >\n\t\t\t\n\t\t\t\n\t<div class=\"box has-hover   has-hover box-text-bottom\" >\n\n\t\t<div class=\"box-image\" >\n\t\t\t\t\t\t<div class=\"\" >\n\t\t\t\t<img decoding=\"async\" width=\"220\" height=\"220\" src=\"https:\/\/last.bluefinfitness.com\/wp-content\/uploads\/2016\/04\/9.png\" class=\"attachment- size-\" alt=\"Bluefin pistola de masaje\" srcset=\"https:\/\/last.bluefinfitness.com\/wp-content\/uploads\/2016\/04\/9.png 220w, https:\/\/last.bluefinfitness.com\/wp-content\/uploads\/2016\/04\/9-150x150.png 150w, https:\/\/last.bluefinfitness.com\/wp-content\/uploads\/2016\/04\/9-100x100.png 100w\" sizes=\"(max-width: 220px) 100vw, 220px\" \/>\t\t\t\t\t\t\t\t\t\t\t<\/div>\n\t\t\t\t\t<\/div>\n\n\t\t<div class=\"box-text text-center\" >\n\t\t\t<div class=\"box-text-inner\">\n\t\t\t\t\n<h4 style=\"text-align: left;\"><strong>Alivio&#8230;<\/strong><\/h4>\n<p style=\"text-align: left;\">Trata los dolores, estr\u00e9s y esguinces con la T-1. Penetra en el tejido muscular profundo y repone tu salud y bienestar.<\/p>\n\t\t\t<\/div>\n\t\t<\/div>\n\t<\/div>\n\t\n\t\t<\/div>\n\t\t\t\t\t<\/div>\n\n\t\n\n\t<div id=\"col-566872448\" class=\"col medium-3 small-6 large-3\"  >\n\t\t\t\t<div class=\"col-inner\"  >\n\t\t\t\n\t\t\t\n\t<div class=\"box has-hover   has-hover box-text-bottom\" >\n\n\t\t<div class=\"box-image\" >\n\t\t\t\t\t\t<div class=\"\" >\n\t\t\t\t<img decoding=\"async\" width=\"220\" height=\"220\" src=\"https:\/\/last.bluefinfitness.com\/wp-content\/uploads\/2016\/04\/10.png\" class=\"attachment- size-\" alt=\"Bluefin pistola de masaje\" srcset=\"https:\/\/last.bluefinfitness.com\/wp-content\/uploads\/2016\/04\/10.png 220w, https:\/\/last.bluefinfitness.com\/wp-content\/uploads\/2016\/04\/10-150x150.png 150w, https:\/\/last.bluefinfitness.com\/wp-content\/uploads\/2016\/04\/10-100x100.png 100w\" sizes=\"(max-width: 220px) 100vw, 220px\" \/>\t\t\t\t\t\t\t\t\t\t\t<\/div>\n\t\t\t\t\t<\/div>\n\n\t\t<div class=\"box-text text-center\" >\n\t\t\t<div class=\"box-text-inner\">\n\t\t\t\t\n<h4 style=\"text-align: left;\"><strong>Reactivaci\u00f3n&#8230;<\/strong><\/h4>\n<p style=\"text-align: left;\">Prep\u00e1rate para empezar otra vez y aumenta tu musculatura m\u00e1s r\u00e1pido para mejorar tu actividad f\u00edsica entre entrenamientos.<\/p>\n\t\t\t<\/div>\n\t\t<\/div>\n\t<\/div>\n\t\n\t\t<\/div>\n\t\t\t\t\t<\/div>\n\n\t\n\n\t<div id=\"col-1003460010\" class=\"col medium-3 small-6 large-3\"  >\n\t\t\t\t<div class=\"col-inner\"  >\n\t\t\t\n\t\t\t\n\t<div class=\"box has-hover   has-hover box-text-bottom\" >\n\n\t\t<div class=\"box-image\" >\n\t\t\t\t\t\t<div class=\"\" >\n\t\t\t\t<img decoding=\"async\" width=\"220\" height=\"220\" src=\"https:\/\/last.bluefinfitness.com\/wp-content\/uploads\/2016\/04\/11.png\" class=\"attachment- size-\" alt=\"Bluefin pistola de masaje\" srcset=\"https:\/\/last.bluefinfitness.com\/wp-content\/uploads\/2016\/04\/11.png 220w, https:\/\/last.bluefinfitness.com\/wp-content\/uploads\/2016\/04\/11-150x150.png 150w, https:\/\/last.bluefinfitness.com\/wp-content\/uploads\/2016\/04\/11-100x100.png 100w\" sizes=\"(max-width: 220px) 100vw, 220px\" \/>\t\t\t\t\t\t\t\t\t\t\t<\/div>\n\t\t\t\t\t<\/div>\n\n\t\t<div class=\"box-text text-center\" >\n\t\t\t<div class=\"box-text-inner\">\n\t\t\t\t\n<h4 style=\"text-align: left;\"><strong>Y Mucho M\u00e1s&#8230;<\/strong><\/h4>\n<p style=\"text-align: left;\">La terapia percusiva ha demostrado tambi\u00e9n que aumenta la movilidad, mejora la coordinaci\u00f3n, previene lesiones y mejora la circulaci\u00f3n con respecto a una gran variedad de sobreesfuerzo f\u00edsico y muscular causado por actividades diarias o laborales cotidianas.<\/p>\n\t\t\t<\/div>\n\t\t<\/div>\n\t<\/div>\n\t\n\t\t<\/div>\n\t\t\t\t\t<\/div>\n\n\t\n<\/div>\n\t<div class=\"img has-hover x md-x lg-x y md-y lg-y\" id=\"image_1869377313\">\n\t\t\t\t\t\t\t\t<div class=\"img-inner dark\" >\n\t\t\t<img decoding=\"async\" width=\"970\" height=\"600\" src=\"https:\/\/last.bluefinfitness.com\/wp-content\/uploads\/2016\/04\/12.png\" class=\"attachment-large size-large\" alt=\"Bluefin pistola de masaje\" srcset=\"https:\/\/last.bluefinfitness.com\/wp-content\/uploads\/2016\/04\/12.png 970w, https:\/\/last.bluefinfitness.com\/wp-content\/uploads\/2016\/04\/12-300x186.png 300w, https:\/\/last.bluefinfitness.com\/wp-content\/uploads\/2016\/04\/12-768x475.png 768w, https:\/\/last.bluefinfitness.com\/wp-content\/uploads\/2016\/04\/12-500x309.png 500w\" sizes=\"(max-width: 970px) 100vw, 970px\" \/>\t\t\t\t\t\t\n\t\t\t\t\t<\/div>\n\t\t\t\t\t\t\t\t\n<style>\n#image_1869377313 {\n  width: 100%;\n}\n<\/style>\n\t<\/div>\n\t\n","protected":false},"excerpt":{"rendered":"<ul class=\"a-unordered-list a-vertical a-spacing-none\">\n<li><span class=\"a-list-item\">RECUPERA, ALIVIA Y REACTIVA: La pistola masejeadora muscular reduce la tensi\u00f3n despu\u00e9s del entrenamiento con una relajaci\u00f3n profunda de los m\u00fasculos. Combate el estr\u00e9s y mejora la salud y el bienestar. Estimula los m\u00fasculos r\u00e1pidamente para mejorar tu actividad f\u00edsica.<\/span><\/li>\n<li><span class=\"a-list-item\">3 x VELOCIDADES + PROGRAMA AUTOM\u00c1TICO: La pistola de masaje DRUMM realiza 30-43 percusiones por segundo gracias a sus 3 niveles de velocidad. Es ideal para atletas y tambi\u00e9n ofrece un programa autom\u00e1tico con velocidad y estimulaci\u00f3n variables.<\/span><\/li>\n<li><span class=\"a-list-item\">6 x ACCESORIOS INCLUIDOS: Masajea y relaja todos los m\u00fasculos, especial para las articulaciones y los muslos, alivia los dolores de hombros, cuello y m\u00fasculo p\u00e9lvico con la pistola de masaje de percusi\u00f3n DRUMM T-1. Bola de masaje, cabeza de bala, pala, tenedor, plana y boxing incluidas.<\/span><\/li>\n<li><span class=\"a-list-item\">SIN RUIDO. SIN TENSI\u00d3N: S\u00f3lo emite 50db a alta velocidad &#8211; resultando en un ruido extemadamente bajo para una pistola de masaje. Suaviza y es un relajante muscular con una emisi\u00f3n de ruido m\u00e1s baja que una conversaci\u00f3n.<\/span><\/li>\n<li><span class=\"a-list-item\">VIDA DE LA BATER\u00cdA, 90 MINUTOS: El potente motor sin escobillas de 16.8V del masajeador muscular se alimenta de una bater\u00eda duradera que te permite una estimulaci\u00f3n muscular continua y garantizada durante 1.5 horas entre cargas. Transformador incluido + Funda.<\/span><\/li>\n<\/ul>\n","protected":false},"featured_media":644896,"comment_status":"open","ping_status":"closed","template":"","meta":[],"product_cat":[3456],"product_tag":[],"_links":{"self":[{"href":"https:\/\/last.bluefinfitness.com\/es\/wp-json\/wp\/v2\/product\/43700"}],"collection":[{"href":"https:\/\/last.bluefinfitness.com\/es\/wp-json\/wp\/v2\/product"}],"about":[{"href":"https:\/\/last.bluefinfitness.com\/es\/wp-json\/wp\/v2\/types\/product"}],"replies":[{"embeddable":true,"href":"https:\/\/last.bluefinfitness.com\/es\/wp-json\/wp\/v2\/comments?post=43700"}],"wp:featuredmedia":[{"embeddable":true,"href":"https:\/\/last.bluefinfitness.com\/es\/wp-json\/wp\/v2\/media\/644896"}],"wp:attachment":[{"href":"https:\/\/last.bluefinfitness.com\/es\/wp-json\/wp\/v2\/media?parent=43700"}],"wp:term":[{"taxonomy":"product_cat","embeddable":true,"href":"https:\/\/last.bluefinfitness.com\/es\/wp-json\/wp\/v2\/product_cat?post=43700"},{"taxonomy":"product_tag","embeddable":true,"href":"https:\/\/last.bluefinfitness.com\/es\/wp-json\/wp\/v2\/product_tag?post=43700"}],"curies":[{"name":"wp","href":"https:\/\/api.w.org\/{rel}","templated":true}]}}