{"id":629367,"date":"2021-12-03T14:51:27","date_gmt":"2021-12-03T14:51:27","guid":{"rendered":"https:\/\/www.bluefinfitness.com\/water_rower\/"},"modified":"2023-04-06T07:46:05","modified_gmt":"2023-04-06T07:46:05","slug":"remo-agua-web-exclusive","status":"publish","type":"product","link":"https:\/\/last.bluefinfitness.com\/es\/remo-agua-web-exclusive\/","title":{"rendered":"M\u00e1quina de Remo Hidr\u00e1ulica Met\u00e1lica Bluefin Blade Aqua M-1"},"content":{"rendered":"\t<div class=\"img has-hover x md-x lg-x y md-y lg-y\" id=\"image_135506428\">\n\t\t\t\t\t\t\t\t<div class=\"img-inner dark\" >\n\t\t\t<img decoding=\"async\" width=\"970\" height=\"300\" src=\"https:\/\/last.bluefinfitness.com\/wp-content\/uploads\/2021\/12\/5060840904109-A-01-5.jpg\" class=\"attachment-large size-large\" alt=\"Bluefin m\u00e1quina de remo hidr\u00e1ulica met\u00e1lica\" srcset=\"https:\/\/last.bluefinfitness.com\/wp-content\/uploads\/2021\/12\/5060840904109-A-01-5.jpg 970w, https:\/\/last.bluefinfitness.com\/wp-content\/uploads\/2021\/12\/5060840904109-A-01-5-300x93.jpg 300w, https:\/\/last.bluefinfitness.com\/wp-content\/uploads\/2021\/12\/5060840904109-A-01-5-768x238.jpg 768w, https:\/\/last.bluefinfitness.com\/wp-content\/uploads\/2021\/12\/5060840904109-A-01-5-500x155.jpg 500w\" sizes=\"(max-width: 970px) 100vw, 970px\" \/>\t\t\t\t\t\t\n\t\t\t\t\t<\/div>\n\t\t\t\t\t\t\t\t\n<style>\n#image_135506428 {\n  width: 100%;\n}\n<\/style>\n\t<\/div>\n\t\n\t<div id=\"gap-1096168329\" class=\"gap-element clearfix\" style=\"display:block; height:auto;\">\n\t\t\n<style>\n#gap-1096168329 {\n  padding-top: 30px;\n}\n<\/style>\n\t<\/div>\n\t\n<div class=\"row row-small align-center\"  id=\"row-100298157\">\n\n\t<div id=\"col-1124803459\" class=\"col medium-4 small-12 large-4\"  >\n\t\t\t\t<div class=\"col-inner\"  >\n\t\t\t\n\t\t\t\n\t<div class=\"box has-hover   has-hover box-text-bottom\" >\n\n\t\t<div class=\"box-image\" >\n\t\t\t\t\t\t<div class=\"\" >\n\t\t\t\t<img decoding=\"async\" width=\"600\" height=\"600\" src=\"https:\/\/last.bluefinfitness.com\/wp-content\/uploads\/2021\/12\/5060840904109-A-02.jpg\" class=\"attachment- size-\" alt=\"Bluefin m\u00e1quina de remo hidr\u00e1ulica met\u00e1lica\" srcset=\"https:\/\/last.bluefinfitness.com\/wp-content\/uploads\/2021\/12\/5060840904109-A-02.jpg 600w, https:\/\/last.bluefinfitness.com\/wp-content\/uploads\/2021\/12\/5060840904109-A-02-300x300.jpg 300w, https:\/\/last.bluefinfitness.com\/wp-content\/uploads\/2021\/12\/5060840904109-A-02-150x150.jpg 150w, https:\/\/last.bluefinfitness.com\/wp-content\/uploads\/2021\/12\/5060840904109-A-02-500x500.jpg 500w, https:\/\/last.bluefinfitness.com\/wp-content\/uploads\/2021\/12\/5060840904109-A-02-100x100.jpg 100w\" sizes=\"(max-width: 600px) 100vw, 600px\" \/>\t\t\t\t\t\t\t\t\t\t\t<\/div>\n\t\t\t\t\t<\/div>\n\n\t\t<div class=\"box-text text-center\" >\n\t\t\t<div class=\"box-text-inner\">\n\t\t\t\t\n<h4 style=\"text-align: left;\">Blade Aqua M-1: Una Experiencia al Remo Realista desde tu Hogar<\/h4>\n<p style=\"text-align: left;\">La M\u00e1quina de Remo Hidr\u00e1ulica Met\u00e1lica Blade Aqua M-1 te ayuda a muscularte, mejorar tu salud cardiovascular y aumentar tu fuerza abdominal con un ejercicio de remo realista desde tu hogar. Dise\u00f1ada para proporcionarte un moviiento de remo natural, lleva tus entrenamiento al remo al siguiente nivel y perfecciona tu t\u00e9cnica sin tener que mojarte<\/p>\n\t\t\t<\/div>\n\t\t<\/div>\n\t<\/div>\n\t\n\t\t<\/div>\n\t\t\t\t\t<\/div>\n\n\t\n\n\t<div id=\"col-1707733378\" class=\"col medium-4 small-12 large-4\"  >\n\t\t\t\t<div class=\"col-inner\"  >\n\t\t\t\n\t\t\t\n\t<div class=\"box has-hover   has-hover box-text-bottom\" >\n\n\t\t<div class=\"box-image\" >\n\t\t\t\t\t\t<div class=\"\" >\n\t\t\t\t<img decoding=\"async\" width=\"600\" height=\"600\" src=\"https:\/\/last.bluefinfitness.com\/wp-content\/uploads\/2021\/12\/5060840904109-A-03.jpg\" class=\"attachment- size-\" alt=\"Bluefin m\u00e1quina de remo hidr\u00e1ulica met\u00e1lica\" srcset=\"https:\/\/last.bluefinfitness.com\/wp-content\/uploads\/2021\/12\/5060840904109-A-03.jpg 600w, https:\/\/last.bluefinfitness.com\/wp-content\/uploads\/2021\/12\/5060840904109-A-03-300x300.jpg 300w, https:\/\/last.bluefinfitness.com\/wp-content\/uploads\/2021\/12\/5060840904109-A-03-150x150.jpg 150w, https:\/\/last.bluefinfitness.com\/wp-content\/uploads\/2021\/12\/5060840904109-A-03-500x500.jpg 500w, https:\/\/last.bluefinfitness.com\/wp-content\/uploads\/2021\/12\/5060840904109-A-03-100x100.jpg 100w\" sizes=\"(max-width: 600px) 100vw, 600px\" \/>\t\t\t\t\t\t\t\t\t\t\t<\/div>\n\t\t\t\t\t<\/div>\n\n\t\t<div class=\"box-text text-center\" >\n\t\t\t<div class=\"box-text-inner\">\n\t\t\t\t\n<h4 style=\"text-align: left;\">Tecnolog\u00eda Hidr\u00e1ulica. Descubre tu Potencial<\/h4>\n<p style=\"text-align: left;\">Descubre tu verdadero potencial en el remo desde tu hogar con la avanzada tecnolog\u00eda hidr\u00e1ulica de la Blade Aqua M-1. Dise\u00f1ada con dep\u00f3sito de agua de resistencia regulable, personaliza tu experiencia al remo llenando el dep\u00f3sito hasta la resistencia deseada con su bomba de sif\u00f3n y entrena como si remaras por agua de verdad<\/p>\n\t\t\t<\/div>\n\t\t<\/div>\n\t<\/div>\n\t\n\t\t<\/div>\n\t\t\t\t\t<\/div>\n\n\t\n\n\t<div id=\"col-1391159825\" class=\"col medium-4 small-12 large-4\"  >\n\t\t\t\t<div class=\"col-inner\"  >\n\t\t\t\n\t\t\t\n\t<div class=\"box has-hover   has-hover box-text-bottom\" >\n\n\t\t<div class=\"box-image\" >\n\t\t\t\t\t\t<div class=\"\" >\n\t\t\t\t<img decoding=\"async\" width=\"600\" height=\"600\" src=\"https:\/\/last.bluefinfitness.com\/wp-content\/uploads\/2021\/12\/5060840904109-A-11-7.jpg\" class=\"attachment- size-\" alt=\"Bluefin m\u00e1quina de remo hidr\u00e1ulica met\u00e1lica\" srcset=\"https:\/\/last.bluefinfitness.com\/wp-content\/uploads\/2021\/12\/5060840904109-A-11-7.jpg 600w, https:\/\/last.bluefinfitness.com\/wp-content\/uploads\/2021\/12\/5060840904109-A-11-7-300x300.jpg 300w, https:\/\/last.bluefinfitness.com\/wp-content\/uploads\/2021\/12\/5060840904109-A-11-7-150x150.jpg 150w, https:\/\/last.bluefinfitness.com\/wp-content\/uploads\/2021\/12\/5060840904109-A-11-7-500x500.jpg 500w, https:\/\/last.bluefinfitness.com\/wp-content\/uploads\/2021\/12\/5060840904109-A-11-7-100x100.jpg 100w\" sizes=\"(max-width: 600px) 100vw, 600px\" \/>\t\t\t\t\t\t\t\t\t\t\t<\/div>\n\t\t\t\t\t<\/div>\n\n\t\t<div class=\"box-text text-center\" >\n\t\t\t<div class=\"box-text-inner\">\n\t\t\t\t\n<h4 style=\"text-align: left;\">Consola LCD. Controla tus Ejercicios<\/h4>\n<p style=\"text-align: left;\">La Consola LCD te permite medir con exactitud tu ritmo cardiaco, la velocidad, la distancia y el tiempo cada vez que entrenas para que puedas seguir tus progresos en el remo. Con las opciones Quick Start y Stop puedes empezar r\u00e1pidamente tu entrenamiento en el remo con el toque de un s\u00f3lo bot\u00f3n<\/p>\n\t\t\t<\/div>\n\t\t<\/div>\n\t<\/div>\n\t\n\t\t<\/div>\n\t\t\t\t\t<\/div>\n\n\t\n<\/div>\n<div class=\"row row-small align-center\"  id=\"row-1861813507\">\n\n\t<div id=\"col-446925491\" class=\"col medium-4 small-12 large-4\"  >\n\t\t\t\t<div class=\"col-inner\"  >\n\t\t\t\n\t\t\t\n\t<div class=\"box has-hover   has-hover box-text-bottom\" >\n\n\t\t<div class=\"box-image\" >\n\t\t\t\t\t\t<div class=\"\" >\n\t\t\t\t<img decoding=\"async\" width=\"600\" height=\"600\" src=\"https:\/\/last.bluefinfitness.com\/wp-content\/uploads\/2021\/12\/5060840904109-A-05.jpg\" class=\"attachment- size-\" alt=\"Bluefin m\u00e1quina de remo hidr\u00e1ulica met\u00e1lica\" srcset=\"https:\/\/last.bluefinfitness.com\/wp-content\/uploads\/2021\/12\/5060840904109-A-05.jpg 600w, https:\/\/last.bluefinfitness.com\/wp-content\/uploads\/2021\/12\/5060840904109-A-05-300x300.jpg 300w, https:\/\/last.bluefinfitness.com\/wp-content\/uploads\/2021\/12\/5060840904109-A-05-150x150.jpg 150w, https:\/\/last.bluefinfitness.com\/wp-content\/uploads\/2021\/12\/5060840904109-A-05-500x500.jpg 500w, https:\/\/last.bluefinfitness.com\/wp-content\/uploads\/2021\/12\/5060840904109-A-05-100x100.jpg 100w\" sizes=\"(max-width: 600px) 100vw, 600px\" \/>\t\t\t\t\t\t\t\t\t\t\t<\/div>\n\t\t\t\t\t<\/div>\n\n\t\t<div class=\"box-text text-center\" >\n\t\t\t<div class=\"box-text-inner\">\n\t\t\t\t\n<h4 style=\"text-align: left;\">App Kinomap Incluida. Maximiza tu Experiencia en el Fitness<\/h4>\n<p style=\"text-align: left;\">Para mantener la motivaci\u00f3n cada vez que entrenas, la App Kinomap contiene opciones para entrenar virtualmente por todo el mundo, participar en competiciones y hacer seguimiento de tus progresos en tu cuadro de fitness personal. Esta app interactiva tambi\u00e9n mide la velocidad, la distancia, el tiempo y las calor\u00edas quemadas<\/p>\n\t\t\t<\/div>\n\t\t<\/div>\n\t<\/div>\n\t\n\t\t<\/div>\n\t\t\t\t\t<\/div>\n\n\t\n\n\t<div id=\"col-995144772\" class=\"col medium-4 small-12 large-4\"  >\n\t\t\t\t<div class=\"col-inner\"  >\n\t\t\t\n\t\t\t\n\t<div class=\"box has-hover   has-hover box-text-bottom\" >\n\n\t\t<div class=\"box-image\" >\n\t\t\t\t\t\t<div class=\"\" >\n\t\t\t\t<img decoding=\"async\" width=\"600\" height=\"600\" src=\"https:\/\/last.bluefinfitness.com\/wp-content\/uploads\/2021\/12\/5060840904109-A-09-5.jpg\" class=\"attachment- size-\" alt=\"Bluefin m\u00e1quina de remo hidr\u00e1ulica met\u00e1lica\" srcset=\"https:\/\/last.bluefinfitness.com\/wp-content\/uploads\/2021\/12\/5060840904109-A-09-5.jpg 600w, https:\/\/last.bluefinfitness.com\/wp-content\/uploads\/2021\/12\/5060840904109-A-09-5-300x300.jpg 300w, https:\/\/last.bluefinfitness.com\/wp-content\/uploads\/2021\/12\/5060840904109-A-09-5-150x150.jpg 150w, https:\/\/last.bluefinfitness.com\/wp-content\/uploads\/2021\/12\/5060840904109-A-09-5-500x500.jpg 500w, https:\/\/last.bluefinfitness.com\/wp-content\/uploads\/2021\/12\/5060840904109-A-09-5-100x100.jpg 100w\" sizes=\"(max-width: 600px) 100vw, 600px\" \/>\t\t\t\t\t\t\t\t\t\t\t<\/div>\n\t\t\t\t\t<\/div>\n\n\t\t<div class=\"box-text text-center\" >\n\t\t\t<div class=\"box-text-inner\">\n\t\t\t\t\n<h4 style=\"text-align: left;\">Entrenamiento Completo. Tus M\u00fasculos en Acci\u00f3n<\/h4>\n<p style=\"text-align: left;\">Mejora tu activdad con el ejercicio de remo de bajo impacto y alta intensidad de la Blade Aqua M-1. Haz trabajar todos tus m\u00fasculos y consigue un ejercicio completo para ayudarte a quemar calor\u00edas, muscularte y mejorar tu salud cardiovascular, todo al mismo tiempo.<\/p>\n\t\t\t<\/div>\n\t\t<\/div>\n\t<\/div>\n\t\n\t\t<\/div>\n\t\t\t\t\t<\/div>\n\n\t\n\n\t<div id=\"col-697321108\" class=\"col medium-4 small-12 large-4\"  >\n\t\t\t\t<div class=\"col-inner\"  >\n\t\t\t\n\t\t\t\n\t<div class=\"box has-hover   has-hover box-text-bottom\" >\n\n\t\t<div class=\"box-image\" >\n\t\t\t\t\t\t<div class=\"\" >\n\t\t\t\t<img decoding=\"async\" width=\"600\" height=\"600\" src=\"https:\/\/last.bluefinfitness.com\/wp-content\/uploads\/2021\/12\/5060840904109-A-07.jpg\" class=\"attachment- size-\" alt=\"Bluefin m\u00e1quina de remo hidr\u00e1ulica met\u00e1lica\" srcset=\"https:\/\/last.bluefinfitness.com\/wp-content\/uploads\/2021\/12\/5060840904109-A-07.jpg 600w, https:\/\/last.bluefinfitness.com\/wp-content\/uploads\/2021\/12\/5060840904109-A-07-300x300.jpg 300w, https:\/\/last.bluefinfitness.com\/wp-content\/uploads\/2021\/12\/5060840904109-A-07-150x150.jpg 150w, https:\/\/last.bluefinfitness.com\/wp-content\/uploads\/2021\/12\/5060840904109-A-07-500x500.jpg 500w, https:\/\/last.bluefinfitness.com\/wp-content\/uploads\/2021\/12\/5060840904109-A-07-100x100.jpg 100w\" sizes=\"(max-width: 600px) 100vw, 600px\" \/>\t\t\t\t\t\t\t\t\t\t\t<\/div>\n\t\t\t\t\t<\/div>\n\n\t\t<div class=\"box-text text-center\" >\n\t\t\t<div class=\"box-text-inner\">\n\t\t\t\t\n<h4 style=\"text-align: left;\">Dise\u00f1o Ligero. F\u00e1cil de Guardar<\/h4>\n<p style=\"text-align: left;\">Dise\u00f1ada con una estructura sencilla y ligera y con ruedas incorporadas para moverla con facilidad, no tardar\u00e1s mucho en montar y guardar la Blade Aqua M-1 en casa<\/p>\n\t\t\t<\/div>\n\t\t<\/div>\n\t<\/div>\n\t\n\t\t<\/div>\n\t\t\t\t\t<\/div>\n\n\t\n<\/div>\n<div class=\"row row-small align-center\"  id=\"row-94056486\">\n\n\t<div id=\"col-1593719270\" class=\"col medium-3 small-12 large-3\"  >\n\t\t\t\t<div class=\"col-inner\"  >\n\t\t\t\n\t\t\t\n\t<div class=\"box has-hover   has-hover box-text-bottom\" >\n\n\t\t<div class=\"box-image\" >\n\t\t\t\t\t\t<div class=\"\" >\n\t\t\t\t<img decoding=\"async\" width=\"440\" height=\"440\" src=\"https:\/\/last.bluefinfitness.com\/wp-content\/uploads\/2021\/12\/5060840904109-A-07-1.jpg\" class=\"attachment- size-\" alt=\"Bluefin m\u00e1quina de remo hidr\u00e1ulica met\u00e1lica\" srcset=\"https:\/\/last.bluefinfitness.com\/wp-content\/uploads\/2021\/12\/5060840904109-A-07-1.jpg 440w, https:\/\/last.bluefinfitness.com\/wp-content\/uploads\/2021\/12\/5060840904109-A-07-1-300x300.jpg 300w, https:\/\/last.bluefinfitness.com\/wp-content\/uploads\/2021\/12\/5060840904109-A-07-1-150x150.jpg 150w, https:\/\/last.bluefinfitness.com\/wp-content\/uploads\/2021\/12\/5060840904109-A-07-1-100x100.jpg 100w\" sizes=\"(max-width: 440px) 100vw, 440px\" \/>\t\t\t\t\t\t\t\t\t\t\t<\/div>\n\t\t\t\t\t<\/div>\n\n\t\t<div class=\"box-text text-center\" >\n\t\t\t<div class=\"box-text-inner\">\n\t\t\t\t\n<h4 style=\"text-align: left;\">Barra Resistente al Sudor<\/h4>\n<p style=\"text-align: left;\">Sujeta su barra extra ancha para realizar un ejercicio suave adecuado para todos los niveles. Con un revestimiento resistente al sudor, esta barra ergon\u00f3mica aguantar\u00e1 tus entrenamientos m\u00e1s intensos<\/p>\n\t\t\t<\/div>\n\t\t<\/div>\n\t<\/div>\n\t\n\t\t<\/div>\n\t\t\t\t\t<\/div>\n\n\t\n\n\t<div id=\"col-1216128923\" class=\"col medium-3 small-12 large-3\"  >\n\t\t\t\t<div class=\"col-inner\"  >\n\t\t\t\n\t\t\t\n\t<div class=\"box has-hover   has-hover box-text-bottom\" >\n\n\t\t<div class=\"box-image\" >\n\t\t\t\t\t\t<div class=\"\" >\n\t\t\t\t<img decoding=\"async\" width=\"440\" height=\"440\" src=\"https:\/\/last.bluefinfitness.com\/wp-content\/uploads\/2021\/12\/5060840904109-A-06-5.jpg\" class=\"attachment- size-\" alt=\"Bluefin m\u00e1quina de remo hidr\u00e1ulica met\u00e1lica\" srcset=\"https:\/\/last.bluefinfitness.com\/wp-content\/uploads\/2021\/12\/5060840904109-A-06-5.jpg 440w, https:\/\/last.bluefinfitness.com\/wp-content\/uploads\/2021\/12\/5060840904109-A-06-5-300x300.jpg 300w, https:\/\/last.bluefinfitness.com\/wp-content\/uploads\/2021\/12\/5060840904109-A-06-5-150x150.jpg 150w, https:\/\/last.bluefinfitness.com\/wp-content\/uploads\/2021\/12\/5060840904109-A-06-5-100x100.jpg 100w\" sizes=\"(max-width: 440px) 100vw, 440px\" \/>\t\t\t\t\t\t\t\t\t\t\t<\/div>\n\t\t\t\t\t<\/div>\n\n\t\t<div class=\"box-text text-center\" >\n\t\t\t<div class=\"box-text-inner\">\n\t\t\t\t\n<h4 style=\"text-align: left;\">Seguros Reposapies Anti Deslizantes<\/h4>\n<p style=\"text-align: left;\">Asegura tus pies en los fuertes reposapies anti deslizantes y din\u00e1micos, que giran con tus pies cuando entrenes.Tambi\u00e9n usa las tiras de velcro para fijar tus pies y conseguir una mayor comodidad y personalizaci\u00f3n durante tus entrenamientos al remo<\/p>\n\t\t\t<\/div>\n\t\t<\/div>\n\t<\/div>\n\t\n\t\t<\/div>\n\t\t\t\t\t<\/div>\n\n\t\n\n\t<div id=\"col-24077880\" class=\"col medium-3 small-12 large-3\"  >\n\t\t\t\t<div class=\"col-inner\"  >\n\t\t\t\n\t\t\t\n\t<div class=\"box has-hover   has-hover box-text-bottom\" >\n\n\t\t<div class=\"box-image\" >\n\t\t\t\t\t\t<div class=\"\" >\n\t\t\t\t<img decoding=\"async\" width=\"440\" height=\"440\" src=\"https:\/\/last.bluefinfitness.com\/wp-content\/uploads\/2021\/12\/5060840904109-A-05-1.jpg\" class=\"attachment- size-\" alt=\"Bluefin m\u00e1quina de remo hidr\u00e1ulica met\u00e1lica\" srcset=\"https:\/\/last.bluefinfitness.com\/wp-content\/uploads\/2021\/12\/5060840904109-A-05-1.jpg 440w, https:\/\/last.bluefinfitness.com\/wp-content\/uploads\/2021\/12\/5060840904109-A-05-1-300x300.jpg 300w, https:\/\/last.bluefinfitness.com\/wp-content\/uploads\/2021\/12\/5060840904109-A-05-1-150x150.jpg 150w, https:\/\/last.bluefinfitness.com\/wp-content\/uploads\/2021\/12\/5060840904109-A-05-1-100x100.jpg 100w\" sizes=\"(max-width: 440px) 100vw, 440px\" \/>\t\t\t\t\t\t\t\t\t\t\t<\/div>\n\t\t\t\t\t<\/div>\n\n\t\t<div class=\"box-text text-center\" >\n\t\t\t<div class=\"box-text-inner\">\n\t\t\t\t\n<h4 style=\"text-align: left;\">C\u00f3modo Asiento Moldeado<\/h4>\n<p style=\"text-align: left;\">Siente los beneficios de su gran asiento moldeado, dise\u00f1ado para proporcionarte una comodidad y soporte m\u00e1ximos y tambi\u00e9n un deslizamiento suave y perfecto sobre sus rodillos \u00a1Es tan suave que te sentir\u00e1s como en el agua!<\/p>\n\t\t\t<\/div>\n\t\t<\/div>\n\t<\/div>\n\t\n\t\t<\/div>\n\t\t\t\t\t<\/div>\n\n\t\n\n\t<div id=\"col-238279949\" class=\"col medium-3 small-12 large-3\"  >\n\t\t\t\t<div class=\"col-inner\"  >\n\t\t\t\n\t\t\t\n\t<div class=\"box has-hover   has-hover box-text-bottom\" >\n\n\t\t<div class=\"box-image\" >\n\t\t\t\t\t\t<div class=\"\" >\n\t\t\t\t<img decoding=\"async\" width=\"440\" height=\"440\" src=\"https:\/\/last.bluefinfitness.com\/wp-content\/uploads\/2021\/12\/5060840904109-A-04-5.jpg\" class=\"attachment- size-\" alt=\"Bluefin m\u00e1quina de remo hidr\u00e1ulica met\u00e1lica\" srcset=\"https:\/\/last.bluefinfitness.com\/wp-content\/uploads\/2021\/12\/5060840904109-A-04-5.jpg 440w, https:\/\/last.bluefinfitness.com\/wp-content\/uploads\/2021\/12\/5060840904109-A-04-5-300x300.jpg 300w, https:\/\/last.bluefinfitness.com\/wp-content\/uploads\/2021\/12\/5060840904109-A-04-5-150x150.jpg 150w, https:\/\/last.bluefinfitness.com\/wp-content\/uploads\/2021\/12\/5060840904109-A-04-5-100x100.jpg 100w\" sizes=\"(max-width: 440px) 100vw, 440px\" \/>\t\t\t\t\t\t\t\t\t\t\t<\/div>\n\t\t\t\t\t<\/div>\n\n\t\t<div class=\"box-text text-center\" >\n\t\t\t<div class=\"box-text-inner\">\n\t\t\t\t\n<h4 style=\"text-align: left;\">Soporte para Smartphone y Tablet Regulable<\/h4>\n<p style=\"text-align: left;\">Personaliza incluso m\u00e1s tus entrenamientos con el soporte regulable para smartphone y tablet. Ya sea poniendo a tope tu m\u00fasica para entrenar o poni\u00e9ndote al d\u00eda con tu serie favorita de Netflix. El soporte incorporado est\u00e1 dise\u00f1ado para ayudarte a aprovechar al m\u00e1ximo tus entrenamientos al remo<\/p>\n\t\t\t<\/div>\n\t\t<\/div>\n\t<\/div>\n\t\n\t\t<\/div>\n\t\t\t\t\t<\/div>\n\n\t\n<\/div>\n<div class=\"yt-video\"><iframe title=\"YouTube video player\" src=\"https:\/\/www.youtube.com\/embed\/9W5CzO03Ddk?controls=0\" frameborder=\"0\" allowfullscreen=\"allowfullscreen\"><\/iframe><\/div>\n<p style=\"margin-top: 50px;\">La M\u00e1quina de Remo Hidr\u00e1ulica Blade Aqua M-1 de Bluefin Fitness te proporciona una experiencia al remo realista desde la comodidad de tu hogar. Dise\u00f1ada para imitar el movimiento natural del remo con su avanzada tecnolog\u00eda hidr\u00e1ulica, entrenar\u00e1s como profesional y perfeccionar\u00e1s tu t\u00e9cnica de remado sin sufrir los inconveninetes del agua fr\u00eda.<\/p>\n<p>Dise\u00f1ada con un dep\u00f3sito de agua regulable en 6 niveles, prep\u00e1rate para llevar tu remo a nuevas profundidades al poder personalizar tus entrenamientos y hacer trabajar todos tus m\u00fasculos con un ejercicio de alta intensidad, bajo impacto y completo<\/p>\n<p>Fabricada con una estructura de aluminio resistente reforzada con acero, y tambi\u00e9n con elementos de alta calidad: asiento moldeado deslizante, reposapies ajustables anti deslizantes y una barra ergon\u00f3mica resistente al sudor, la Blade Aqua M-1 es suficientemente fuerte como para soportar tus entrenamientos m\u00e1s intensos una y otra vez<\/p>\n<p>Comprueba tus datos en su Consola LCD para medir tu ritmo cardiaco, el tiempo, la distancia y las calor\u00edas quemadas en cada ejercicio. Tambi\u00e9n aprovecha las ventajas de la App Kinomap para hacer seguimiento y analizar tus entrenamientos en tu cuadro de fitness personal y tambi\u00e9n para disfrutar de los entrenamientos interactivos y las competiciones disponibles<\/p>\n<p>Y no te preocupes por si la Blade Aqua ocupa demasiado espacio ya que es ligera y f\u00e1cil de mover gracias a sus ruedas, para que sea m\u00e1s f\u00e1cil de montar y guardar<\/p>\n<p>\u2014Incluye\u2014<\/p>\n<p>\u2022 M\u00e1quina de Remo Blade Aqua M-1 de Bluefin Fitness<br \/>\n\u2022 Dep\u00f3sito de Agua<br \/>\n\u2022 Consola LCD<br \/>\n\u2022 Bomba de Agua de Sif\u00f3n<br \/>\n\u2022 Manual de Instrucciones<br \/>\n\u2022 Kit de Herramientas para el montaje y mantenimiento<\/p>\n<p>\u2014Caracter\u00edsticas Principales\u2014<\/p>\n<p>\u2022 Resistencia Hidr\u00e1ulica<br \/>\n\u2022 App Kinomap con v\u00eddeos de entrenamientos<br \/>\n\u2022 Consola LCD<br \/>\n\u2022 Barra Ergon\u00f3mica Resistente al Sudor<br \/>\n\u2022 Reposapies Antideslizantes<br \/>\n\u2022 Gran Asiento Moldeado<br \/>\n\u2022 Soporte para Tablet Ajustable<br \/>\n\u2022 Peso: 42.05KG<\/p>\n","protected":false},"excerpt":{"rendered":"<ul>\n<li>REMO REALISTA EN CASA: Dise\u00f1ada por expertos para imitar el movimiento natural del remo, la Blade Aqua M-1 proporciona una experiencia realista desde casa \u00a1Aprovecha todos los beneficios del remo de agua para tu salud y forma f\u00edsica sin mojarte<\/li>\n<li>EJERCICIO COMPLETO CON LA TECNOLOG\u00cdA HIDR\u00c1ULICA: Fabricada con un dep\u00f3sito de agua de resistencia regulable, lleva tu remo a nuevas profundidades con sus 6 niveles, que te permiten personalizar tu entrenamiento y hacer trabajar todos tus m\u00fasculos<\/li>\n<li>FITNESS RESISTENTE: Con una estructura de aluminio reforzada con acero y un fuerte asiento moldeado, reposapies ajustables y una barra ergon\u00f3mica resistente al sudor, la Blade Aqua M-1 es tan fuerte como para resistir tus entrenamientos m\u00e1s intensos<\/li>\n<li>COMPATIBLE CON KINOMAP: Dale vida a tus entrenamientos en casa con la App Kinomap de la Blade Aqua M-1. Entrena por todo el mundo, participa en competiciones, haz seguimiento de tus progresos. Siempre sentir\u00e1s la motivaci\u00f3n para entrenar m\u00e1s<\/li>\n<li>LIGERA + F\u00c1CIL DE GUARDAR: Con ruedas incorporadas para moverla con facilidad y un dise\u00f1o ligero y simple, no tardar\u00e1s en montar o guardar la Blade Aqua M-1. Cuenta con un robusto soporte para asegurar la m\u00e1quina de remo plegable cuando se guarda<\/li>\n<\/ul>\n","protected":false},"featured_media":645772,"comment_status":"open","ping_status":"closed","template":"","meta":[],"product_cat":[1017],"product_tag":[],"_links":{"self":[{"href":"https:\/\/last.bluefinfitness.com\/es\/wp-json\/wp\/v2\/product\/629367"}],"collection":[{"href":"https:\/\/last.bluefinfitness.com\/es\/wp-json\/wp\/v2\/product"}],"about":[{"href":"https:\/\/last.bluefinfitness.com\/es\/wp-json\/wp\/v2\/types\/product"}],"replies":[{"embeddable":true,"href":"https:\/\/last.bluefinfitness.com\/es\/wp-json\/wp\/v2\/comments?post=629367"}],"wp:featuredmedia":[{"embeddable":true,"href":"https:\/\/last.bluefinfitness.com\/es\/wp-json\/wp\/v2\/media\/645772"}],"wp:attachment":[{"href":"https:\/\/last.bluefinfitness.com\/es\/wp-json\/wp\/v2\/media?parent=629367"}],"wp:term":[{"taxonomy":"product_cat","embeddable":true,"href":"https:\/\/last.bluefinfitness.com\/es\/wp-json\/wp\/v2\/product_cat?post=629367"},{"taxonomy":"product_tag","embeddable":true,"href":"https:\/\/last.bluefinfitness.com\/es\/wp-json\/wp\/v2\/product_tag?post=629367"}],"curies":[{"name":"wp","href":"https:\/\/api.w.org\/{rel}","templated":true}]}}