{"id":645053,"date":"2023-01-17T09:29:13","date_gmt":"2023-01-17T09:29:13","guid":{"rendered":"https:\/\/www.bluefinfitness.com\/lightweight-exercise-bike\/"},"modified":"2024-01-19T13:19:46","modified_gmt":"2024-01-19T13:19:46","slug":"bicicleta-compacta-plegable-web-exclusive","status":"publish","type":"product","link":"https:\/\/last.bluefinfitness.com\/es\/bicicleta-compacta-plegable-web-exclusive\/","title":{"rendered":"Bicicleta Est\u00e1tica Tour Lite de Bluefin Fitness"},"content":{"rendered":"<p><img decoding=\"async\" class=\"alignnone size-full wp-image-645098\" src=\"https:\/\/last.bluefinfitness.com\/wp-content\/uploads\/2023\/01\/ES_FIT_Tour-Lite_A-Images_Tour-Lite-A-Web-Image_01.jpg\" alt=\"\" width=\"2021\" height=\"1250\" srcset=\"https:\/\/last.bluefinfitness.com\/wp-content\/uploads\/2023\/01\/ES_FIT_Tour-Lite_A-Images_Tour-Lite-A-Web-Image_01.jpg 2021w, https:\/\/last.bluefinfitness.com\/wp-content\/uploads\/2023\/01\/ES_FIT_Tour-Lite_A-Images_Tour-Lite-A-Web-Image_01-647x400.jpg 647w, https:\/\/last.bluefinfitness.com\/wp-content\/uploads\/2023\/01\/ES_FIT_Tour-Lite_A-Images_Tour-Lite-A-Web-Image_01-1293x800.jpg 1293w, https:\/\/last.bluefinfitness.com\/wp-content\/uploads\/2023\/01\/ES_FIT_Tour-Lite_A-Images_Tour-Lite-A-Web-Image_01-768x475.jpg 768w, https:\/\/last.bluefinfitness.com\/wp-content\/uploads\/2023\/01\/ES_FIT_Tour-Lite_A-Images_Tour-Lite-A-Web-Image_01-1536x950.jpg 1536w, https:\/\/last.bluefinfitness.com\/wp-content\/uploads\/2023\/01\/ES_FIT_Tour-Lite_A-Images_Tour-Lite-A-Web-Image_01-500x309.jpg 500w\" sizes=\"(max-width: 2021px) 100vw, 2021px\" \/><\/p>\n<p><img decoding=\"async\" class=\"alignnone size-full wp-image-645099\" src=\"https:\/\/last.bluefinfitness.com\/wp-content\/uploads\/2023\/01\/ES_FIT_Tour-Lite_A-Images_Tour-Lite-A-Web-Image_02.jpg\" alt=\"\" width=\"2021\" height=\"1250\" srcset=\"https:\/\/last.bluefinfitness.com\/wp-content\/uploads\/2023\/01\/ES_FIT_Tour-Lite_A-Images_Tour-Lite-A-Web-Image_02.jpg 2021w, https:\/\/last.bluefinfitness.com\/wp-content\/uploads\/2023\/01\/ES_FIT_Tour-Lite_A-Images_Tour-Lite-A-Web-Image_02-647x400.jpg 647w, https:\/\/last.bluefinfitness.com\/wp-content\/uploads\/2023\/01\/ES_FIT_Tour-Lite_A-Images_Tour-Lite-A-Web-Image_02-1293x800.jpg 1293w, https:\/\/last.bluefinfitness.com\/wp-content\/uploads\/2023\/01\/ES_FIT_Tour-Lite_A-Images_Tour-Lite-A-Web-Image_02-768x475.jpg 768w, https:\/\/last.bluefinfitness.com\/wp-content\/uploads\/2023\/01\/ES_FIT_Tour-Lite_A-Images_Tour-Lite-A-Web-Image_02-1536x950.jpg 1536w, https:\/\/last.bluefinfitness.com\/wp-content\/uploads\/2023\/01\/ES_FIT_Tour-Lite_A-Images_Tour-Lite-A-Web-Image_02-500x309.jpg 500w\" sizes=\"(max-width: 2021px) 100vw, 2021px\" \/><\/p>\n<p><img decoding=\"async\" src=\"https:\/\/last.bluefinfitness.com\/wp-content\/uploads\/2023\/01\/ES_FIT_Tour-Lite_A-Images_Tour-Lite-A-Web-Image_03_240119.jpg\" alt=\"\" width=\"1347\" height=\"833\" class=\"alignnone size-full wp-image-655408\" srcset=\"https:\/\/last.bluefinfitness.com\/wp-content\/uploads\/2023\/01\/ES_FIT_Tour-Lite_A-Images_Tour-Lite-A-Web-Image_03_240119.jpg 1347w, https:\/\/last.bluefinfitness.com\/wp-content\/uploads\/2023\/01\/ES_FIT_Tour-Lite_A-Images_Tour-Lite-A-Web-Image_03_240119-647x400.jpg 647w, https:\/\/last.bluefinfitness.com\/wp-content\/uploads\/2023\/01\/ES_FIT_Tour-Lite_A-Images_Tour-Lite-A-Web-Image_03_240119-1294x800.jpg 1294w, https:\/\/last.bluefinfitness.com\/wp-content\/uploads\/2023\/01\/ES_FIT_Tour-Lite_A-Images_Tour-Lite-A-Web-Image_03_240119-768x475.jpg 768w, https:\/\/last.bluefinfitness.com\/wp-content\/uploads\/2023\/01\/ES_FIT_Tour-Lite_A-Images_Tour-Lite-A-Web-Image_03_240119-500x309.jpg 500w\" sizes=\"(max-width: 1347px) 100vw, 1347px\" \/><\/p>\n<p><img decoding=\"async\" class=\"alignnone size-full wp-image-645102\" src=\"https:\/\/last.bluefinfitness.com\/wp-content\/uploads\/2023\/01\/ES_FIT_Tour-Lite_A-Images_Tour-Lite-A-Web-Image_04.jpg\" alt=\"\" width=\"2021\" height=\"1250\" srcset=\"https:\/\/last.bluefinfitness.com\/wp-content\/uploads\/2023\/01\/ES_FIT_Tour-Lite_A-Images_Tour-Lite-A-Web-Image_04.jpg 2021w, https:\/\/last.bluefinfitness.com\/wp-content\/uploads\/2023\/01\/ES_FIT_Tour-Lite_A-Images_Tour-Lite-A-Web-Image_04-647x400.jpg 647w, https:\/\/last.bluefinfitness.com\/wp-content\/uploads\/2023\/01\/ES_FIT_Tour-Lite_A-Images_Tour-Lite-A-Web-Image_04-1293x800.jpg 1293w, https:\/\/last.bluefinfitness.com\/wp-content\/uploads\/2023\/01\/ES_FIT_Tour-Lite_A-Images_Tour-Lite-A-Web-Image_04-768x475.jpg 768w, https:\/\/last.bluefinfitness.com\/wp-content\/uploads\/2023\/01\/ES_FIT_Tour-Lite_A-Images_Tour-Lite-A-Web-Image_04-1536x950.jpg 1536w, https:\/\/last.bluefinfitness.com\/wp-content\/uploads\/2023\/01\/ES_FIT_Tour-Lite_A-Images_Tour-Lite-A-Web-Image_04-500x309.jpg 500w\" sizes=\"(max-width: 2021px) 100vw, 2021px\" \/><\/p>\n<p><img decoding=\"async\" class=\"alignnone size-full wp-image-645103\" src=\"https:\/\/last.bluefinfitness.com\/wp-content\/uploads\/2023\/01\/ES_FIT_Tour-Lite_A-Images_Tour-Lite-A-Web-Image_05.jpg\" alt=\"\" width=\"2021\" height=\"1250\" srcset=\"https:\/\/last.bluefinfitness.com\/wp-content\/uploads\/2023\/01\/ES_FIT_Tour-Lite_A-Images_Tour-Lite-A-Web-Image_05.jpg 2021w, https:\/\/last.bluefinfitness.com\/wp-content\/uploads\/2023\/01\/ES_FIT_Tour-Lite_A-Images_Tour-Lite-A-Web-Image_05-647x400.jpg 647w, https:\/\/last.bluefinfitness.com\/wp-content\/uploads\/2023\/01\/ES_FIT_Tour-Lite_A-Images_Tour-Lite-A-Web-Image_05-1293x800.jpg 1293w, https:\/\/last.bluefinfitness.com\/wp-content\/uploads\/2023\/01\/ES_FIT_Tour-Lite_A-Images_Tour-Lite-A-Web-Image_05-768x475.jpg 768w, https:\/\/last.bluefinfitness.com\/wp-content\/uploads\/2023\/01\/ES_FIT_Tour-Lite_A-Images_Tour-Lite-A-Web-Image_05-1536x950.jpg 1536w, https:\/\/last.bluefinfitness.com\/wp-content\/uploads\/2023\/01\/ES_FIT_Tour-Lite_A-Images_Tour-Lite-A-Web-Image_05-500x309.jpg 500w\" sizes=\"(max-width: 2021px) 100vw, 2021px\" \/><\/p>\n<p><img decoding=\"async\" class=\"alignnone size-full wp-image-645104\" src=\"https:\/\/last.bluefinfitness.com\/wp-content\/uploads\/2023\/01\/ES_FIT_Tour-Lite_A-Images_Tour-Lite-A-Web-Image_06.jpg\" alt=\"\" width=\"2021\" height=\"1250\" srcset=\"https:\/\/last.bluefinfitness.com\/wp-content\/uploads\/2023\/01\/ES_FIT_Tour-Lite_A-Images_Tour-Lite-A-Web-Image_06.jpg 2021w, https:\/\/last.bluefinfitness.com\/wp-content\/uploads\/2023\/01\/ES_FIT_Tour-Lite_A-Images_Tour-Lite-A-Web-Image_06-647x400.jpg 647w, https:\/\/last.bluefinfitness.com\/wp-content\/uploads\/2023\/01\/ES_FIT_Tour-Lite_A-Images_Tour-Lite-A-Web-Image_06-1293x800.jpg 1293w, https:\/\/last.bluefinfitness.com\/wp-content\/uploads\/2023\/01\/ES_FIT_Tour-Lite_A-Images_Tour-Lite-A-Web-Image_06-768x475.jpg 768w, https:\/\/last.bluefinfitness.com\/wp-content\/uploads\/2023\/01\/ES_FIT_Tour-Lite_A-Images_Tour-Lite-A-Web-Image_06-1536x950.jpg 1536w, https:\/\/last.bluefinfitness.com\/wp-content\/uploads\/2023\/01\/ES_FIT_Tour-Lite_A-Images_Tour-Lite-A-Web-Image_06-500x309.jpg 500w\" sizes=\"(max-width: 2021px) 100vw, 2021px\" \/><\/p>\n","protected":false},"excerpt":{"rendered":"<ul>\n<li>8 NIVELES DE RESISTENCIA MAGN\u00c9TICA: La bicicleta est\u00e1tica cuenta con una f\u00e1cil funci\u00f3n de ajuste digital para escoger entre 8 niveles de resistencia. Si quieres mejorar tu resistencia o hacer tus ejercicios m\u00e1s intensos, esta bicicleta se adapta a ti<\/li>\n<li>PEQUE\u00d1A Y PORT\u00c1TIL: Esta bicicleta est\u00e1tica plegable se pliega hasta reducir su tama\u00f1o un 50% para guardarla f\u00e1cilmente. Sus ruedas de transporte frontales te permiten moverla por la casa con facilidad para guardarla al terminar tu entrenamiento<\/li>\n<li>CARACTER\u00cdSTICAS PRINCIPALES: Con Kinomap para entrenar con amigos y resistencia magn\u00e9tica. Dise\u00f1ada ergon\u00f3micamente en UK para ser muy c\u00f3moda, maniobrable y f\u00e1cil de guardar. Sigue tus ejercicios en tiempo real en su luminosa e intuitiva pantalla LCD<\/li>\n<li>KINOMAP: Bicicleta est\u00e1tica con Kinomap: v\u00eddeos de entrenamientos por todo el mundo, coaching y clases de entrenamientos en directo + ejercicios especiales para tu bici. Mejora con retos en diferentes paisajes y competiciones con otros jugadores<\/li>\n<li>\u00bfPARA QUI\u00c9N ES?: Dise\u00f1ada ergon\u00f3micamente para adaptarse a usuarios que miden entre 162 y 188cm. Ideal para quienes quieren entrenar en casa. Su dise\u00f1o la hace f\u00e1cil de guardar y proporciona una experiencia realista a los pedales<\/li>\n<li>MOVIMIENTO FLUIDO SILENCIOSO: La Tour Lite est\u00e1 dise\u00f1ada por profesionales del sector para crear una bicicleta est\u00e1tica peque\u00f1a y silenciosa pero que te proporcionar\u00e1 una experiencia premium con muchas funciones para lograr un ejercicio suave<\/li>\n<\/ul>\n","protected":false},"featured_media":645023,"comment_status":"open","ping_status":"closed","template":"","meta":[],"product_cat":[1021],"product_tag":[],"_links":{"self":[{"href":"https:\/\/last.bluefinfitness.com\/es\/wp-json\/wp\/v2\/product\/645053"}],"collection":[{"href":"https:\/\/last.bluefinfitness.com\/es\/wp-json\/wp\/v2\/product"}],"about":[{"href":"https:\/\/last.bluefinfitness.com\/es\/wp-json\/wp\/v2\/types\/product"}],"replies":[{"embeddable":true,"href":"https:\/\/last.bluefinfitness.com\/es\/wp-json\/wp\/v2\/comments?post=645053"}],"wp:featuredmedia":[{"embeddable":true,"href":"https:\/\/last.bluefinfitness.com\/es\/wp-json\/wp\/v2\/media\/645023"}],"wp:attachment":[{"href":"https:\/\/last.bluefinfitness.com\/es\/wp-json\/wp\/v2\/media?parent=645053"}],"wp:term":[{"taxonomy":"product_cat","embeddable":true,"href":"https:\/\/last.bluefinfitness.com\/es\/wp-json\/wp\/v2\/product_cat?post=645053"},{"taxonomy":"product_tag","embeddable":true,"href":"https:\/\/last.bluefinfitness.com\/es\/wp-json\/wp\/v2\/product_tag?post=645053"}],"curies":[{"name":"wp","href":"https:\/\/api.w.org\/{rel}","templated":true}]}}