{"id":125155,"date":"2020-11-17T09:18:28","date_gmt":"2020-11-17T09:18:28","guid":{"rendered":"https:\/\/www.bluefinfitness.com\/foot-massager\/"},"modified":"2023-04-03T08:36:07","modified_gmt":"2023-04-03T08:36:07","slug":"masseur-pieds","status":"publish","type":"product","link":"https:\/\/last.bluefinfitness.com\/fr\/masseur-pieds\/","title":{"rendered":"Masseur de Pieds Bluefin SUUV"},"content":{"rendered":"<p><span data-sheets-value=\"{&quot;1&quot;:2,&quot;2&quot;:&quot;Dites adieu aux douleurs plantaires ! L'appareil massage des pieds Bluefin Fitness SUUV est l\u00e0. Oubliez les salons ou les massages co\u00fbteux - Le masseur pieds SUUV est parfait pour soulager la douleur ET le stress. Notre technologie r\u00e9volutionnaire comprend diff\u00e9rents modes de vibration, plusieurs vitesses et un \u00e9cran LCD, contr\u00f4l\u00e9s par la montre-bracelet t\u00e9l\u00e9command\u00e9e GRATUITE ! D\u00e9barrassez-vous des varices et am\u00e9liorez votre circulation sanguine. Notre appareil massage pied fonctionne sur TOUS les types de pieds ! Seulement 15 minutes par jour vous offrent un entra\u00eenement complet du bas du corps. Mieux encore, ce masseur est couvert par notre garantie platine de 12 mois. Vous rencontrez des probl\u00e8mes dans l'ann\u00e9e suivant l'achat ? Nous le r\u00e9parerons GRATUITEMENT !nnTonifiez vos muscles, relaxez-vous et redynamisez vos pieds sans exercices douloureux ni th\u00e9rapie co\u00fbteuse. Vous pouvez m\u00eame l'utiliser pour masser vos mollets, ischio-jambiers et quadriceps ! Restaurez la sant\u00e9 de vos tendons et soignez votre fasciite plantaire. Les options sont illimit\u00e9es. Qu'attendez-vous pour dire oui aux massages\u00e0 domicile ?&quot;}\" data-sheets-userformat=\"{&quot;2&quot;:15357,&quot;3&quot;:{&quot;1&quot;:0},&quot;5&quot;:{&quot;1&quot;:[{&quot;1&quot;:2,&quot;2&quot;:0,&quot;5&quot;:[null,2,0]},{&quot;1&quot;:0,&quot;2&quot;:0,&quot;3&quot;:3},{&quot;1&quot;:1,&quot;2&quot;:0,&quot;4&quot;:1}]},&quot;6&quot;:{&quot;1&quot;:[{&quot;1&quot;:2,&quot;2&quot;:0,&quot;5&quot;:[null,2,0]},{&quot;1&quot;:0,&quot;2&quot;:0,&quot;3&quot;:3},{&quot;1&quot;:1,&quot;2&quot;:0,&quot;4&quot;:1}]},&quot;7&quot;:{&quot;1&quot;:[{&quot;1&quot;:2,&quot;2&quot;:0,&quot;5&quot;:[null,2,0]},{&quot;1&quot;:0,&quot;2&quot;:0,&quot;3&quot;:3},{&quot;1&quot;:1,&quot;2&quot;:0,&quot;4&quot;:1}]},&quot;8&quot;:{&quot;1&quot;:[{&quot;1&quot;:2,&quot;2&quot;:0,&quot;5&quot;:[null,2,0]},{&quot;1&quot;:0,&quot;2&quot;:0,&quot;3&quot;:3},{&quot;1&quot;:1,&quot;2&quot;:0,&quot;4&quot;:1}]},&quot;9&quot;:1,&quot;10&quot;:1,&quot;11&quot;:4,&quot;12&quot;:0,&quot;14&quot;:[null,2,0],&quot;15&quot;:&quot;Arial&quot;,&quot;16&quot;:11}\">Dites adieu aux douleurs plantaires ! L&rsquo;appareil massage des pieds Bluefin Fitness SUUV est l\u00e0. Oubliez les salons ou les massages co\u00fbteux &#8211; Le masseur pieds SUUV est parfait pour soulager la douleur ET le stress. Notre technologie r\u00e9volutionnaire comprend diff\u00e9rents modes de vibration, plusieurs vitesses et un \u00e9cran LCD, contr\u00f4l\u00e9s par la montre-bracelet t\u00e9l\u00e9command\u00e9e GRATUITE ! D\u00e9barrassez-vous des varices et am\u00e9liorez votre circulation sanguine. Notre appareil massage pied fonctionne sur TOUS les types de pieds ! Seulement 15 minutes par jour vous offrent un entra\u00eenement complet du bas du corps. Mieux encore, ce masseur est couvert par notre garantie platine de 12 mois. Vous rencontrez des probl\u00e8mes dans l&rsquo;ann\u00e9e suivant l&rsquo;achat ? Nous le r\u00e9parerons GRATUITEMENT !<\/span><\/p>\n<p>Tonifiez vos muscles, relaxez-vous et redynamisez vos pieds sans exercices douloureux ni th\u00e9rapie co\u00fbteuse. Vous pouvez m\u00eame l&rsquo;utiliser pour masser vos mollets, ischio-jambiers et quadriceps ! Restaurez la sant\u00e9 de vos tendons et soignez votre fasciite plantaire. Les options sont illimit\u00e9es. Qu&rsquo;attendez-vous pour dire oui aux massages \u00e0 domicile ?<\/p>\n\t<div id=\"gap-883656998\" class=\"gap-element clearfix\" style=\"display:block; height:auto;\">\n\t\t\n<style>\n#gap-883656998 {\n  padding-top: 30px;\n}\n<\/style>\n\t<\/div>\n\t\n<div class=\"row\"  id=\"row-1843345353\">\n\n\t<div id=\"col-32131693\" class=\"col medium-4 small-12 large-4\"  >\n\t\t\t\t<div class=\"col-inner\"  >\n\t\t\t\n\t\t\t\n\t<div class=\"box has-hover   has-hover box-text-bottom\" >\n\n\t\t<div class=\"box-image\" >\n\t\t\t\t\t\t<div class=\"\" >\n\t\t\t\t<img decoding=\"async\" width=\"1501\" height=\"1501\" src=\"https:\/\/last.bluefinfitness.com\/wp-content\/uploads\/2020\/12\/Bluefin-SUUV_1500x1500px_FR-08.jpg\" class=\"attachment- size-\" alt=\"Bluefin masseur de pieds\" srcset=\"https:\/\/last.bluefinfitness.com\/wp-content\/uploads\/2020\/12\/Bluefin-SUUV_1500x1500px_FR-08.jpg 1501w, https:\/\/last.bluefinfitness.com\/wp-content\/uploads\/2020\/12\/Bluefin-SUUV_1500x1500px_FR-08-300x300.jpg 300w, https:\/\/last.bluefinfitness.com\/wp-content\/uploads\/2020\/12\/Bluefin-SUUV_1500x1500px_FR-08-1024x1024.jpg 1024w, https:\/\/last.bluefinfitness.com\/wp-content\/uploads\/2020\/12\/Bluefin-SUUV_1500x1500px_FR-08-150x150.jpg 150w, https:\/\/last.bluefinfitness.com\/wp-content\/uploads\/2020\/12\/Bluefin-SUUV_1500x1500px_FR-08-768x768.jpg 768w, https:\/\/last.bluefinfitness.com\/wp-content\/uploads\/2020\/12\/Bluefin-SUUV_1500x1500px_FR-08-500x500.jpg 500w, https:\/\/last.bluefinfitness.com\/wp-content\/uploads\/2020\/12\/Bluefin-SUUV_1500x1500px_FR-08-100x100.jpg 100w\" sizes=\"(max-width: 1501px) 100vw, 1501px\" \/>\t\t\t\t\t\t\t\t\t\t\t<\/div>\n\t\t\t\t\t<\/div>\n\n\t\t<div class=\"box-text text-center\" >\n\t\t\t<div class=\"box-text-inner\">\n\t\t\t\t\n<p style=\"text-align: left;\"><strong>Masseur de pieds Bluefin Fitness SUUV.<\/strong> Relaxez-vous dans le confort de la maison. Positionnez-vous sur une chaise ou au sol et pr\u00e9parez-vous pour un massage de haute qualit\u00e9 et un entra\u00eenement \u00e0 faible impact \u00e0 la fois ! Vous avez 15 minutes ? Cela suffit ! Placez l&rsquo;appareil sur une surface dure et plane, et commencez.<\/p>\n\t\t\t<\/div>\n\t\t<\/div>\n\t<\/div>\n\t\n\t\t<\/div>\n\t\t\t\t\t<\/div>\n\n\t\n\n\t<div id=\"col-2048349114\" class=\"col medium-4 small-12 large-4\"  >\n\t\t\t\t<div class=\"col-inner\"  >\n\t\t\t\n\t\t\t\n\t<div class=\"box has-hover   has-hover box-text-bottom\" >\n\n\t\t<div class=\"box-image\" >\n\t\t\t\t\t\t<div class=\"\" >\n\t\t\t\t<img decoding=\"async\" width=\"1501\" height=\"1501\" src=\"https:\/\/last.bluefinfitness.com\/wp-content\/uploads\/2020\/12\/Bluefin-SUUV_1500x1500px_FR-02.jpg\" class=\"attachment- size-\" alt=\"Bluefin masseur de pieds\" srcset=\"https:\/\/last.bluefinfitness.com\/wp-content\/uploads\/2020\/12\/Bluefin-SUUV_1500x1500px_FR-02.jpg 1501w, https:\/\/last.bluefinfitness.com\/wp-content\/uploads\/2020\/12\/Bluefin-SUUV_1500x1500px_FR-02-300x300.jpg 300w, https:\/\/last.bluefinfitness.com\/wp-content\/uploads\/2020\/12\/Bluefin-SUUV_1500x1500px_FR-02-1024x1024.jpg 1024w, https:\/\/last.bluefinfitness.com\/wp-content\/uploads\/2020\/12\/Bluefin-SUUV_1500x1500px_FR-02-150x150.jpg 150w, https:\/\/last.bluefinfitness.com\/wp-content\/uploads\/2020\/12\/Bluefin-SUUV_1500x1500px_FR-02-768x768.jpg 768w, https:\/\/last.bluefinfitness.com\/wp-content\/uploads\/2020\/12\/Bluefin-SUUV_1500x1500px_FR-02-500x500.jpg 500w, https:\/\/last.bluefinfitness.com\/wp-content\/uploads\/2020\/12\/Bluefin-SUUV_1500x1500px_FR-02-100x100.jpg 100w\" sizes=\"(max-width: 1501px) 100vw, 1501px\" \/>\t\t\t\t\t\t\t\t\t\t\t<\/div>\n\t\t\t\t\t<\/div>\n\n\t\t<div class=\"box-text text-center\" >\n\t\t\t<div class=\"box-text-inner\">\n\t\t\t\t\n<p style=\"text-align: left;\"><strong>Une technologie r\u00e9volutionnaire \u00e0 laquelle vous pouvez faire confiance !<\/strong> Pr\u00eat(e) pour un massage haut de gamme? Con\u00e7u par des professionnels avec des rouleaux de massage et des plaques vibrantes, le masseur de pieds Bluefin Fitness SUUV combine une technologie r\u00e9volutionnaire de r\u00e9flexologie, de vibration et de massage pour vous offrir une exp\u00e9rience de luxe. Nous ne faisons pas de compromis sur la qualit\u00e9, et vous non plus !<\/p>\n\t\t\t<\/div>\n\t\t<\/div>\n\t<\/div>\n\t\n\t\t<\/div>\n\t\t\t\t\t<\/div>\n\n\t\n\n\t<div id=\"col-197497876\" class=\"col medium-4 small-12 large-4\"  >\n\t\t\t\t<div class=\"col-inner\"  >\n\t\t\t\n\t\t\t\n\t<div class=\"box has-hover   has-hover box-text-bottom\" >\n\n\t\t<div class=\"box-image\" >\n\t\t\t\t\t\t<div class=\"\" >\n\t\t\t\t<img decoding=\"async\" width=\"1501\" height=\"1501\" src=\"https:\/\/last.bluefinfitness.com\/wp-content\/uploads\/2020\/12\/Bluefin-SUUV_1500x1500px_FR-03.jpg\" class=\"attachment- size-\" alt=\"Bluefin masseur de pieds\" srcset=\"https:\/\/last.bluefinfitness.com\/wp-content\/uploads\/2020\/12\/Bluefin-SUUV_1500x1500px_FR-03.jpg 1501w, https:\/\/last.bluefinfitness.com\/wp-content\/uploads\/2020\/12\/Bluefin-SUUV_1500x1500px_FR-03-300x300.jpg 300w, https:\/\/last.bluefinfitness.com\/wp-content\/uploads\/2020\/12\/Bluefin-SUUV_1500x1500px_FR-03-1024x1024.jpg 1024w, https:\/\/last.bluefinfitness.com\/wp-content\/uploads\/2020\/12\/Bluefin-SUUV_1500x1500px_FR-03-150x150.jpg 150w, https:\/\/last.bluefinfitness.com\/wp-content\/uploads\/2020\/12\/Bluefin-SUUV_1500x1500px_FR-03-768x768.jpg 768w, https:\/\/last.bluefinfitness.com\/wp-content\/uploads\/2020\/12\/Bluefin-SUUV_1500x1500px_FR-03-500x500.jpg 500w, https:\/\/last.bluefinfitness.com\/wp-content\/uploads\/2020\/12\/Bluefin-SUUV_1500x1500px_FR-03-100x100.jpg 100w\" sizes=\"(max-width: 1501px) 100vw, 1501px\" \/>\t\t\t\t\t\t\t\t\t\t\t<\/div>\n\t\t\t\t\t<\/div>\n\n\t\t<div class=\"box-text text-center\" >\n\t\t\t<div class=\"box-text-inner\">\n\t\t\t\t\n<p style=\"text-align: left;\"><strong>Dites adieu aux varices et \u00e0 la fasciite plantaire.<\/strong> Le masseur de pieds SUUV vous permet du lutter contre les varices et la fasciite plantaire, tout en soulageant vos douleurs, \u00e0 domicile ! Avec les t\u00eates de massage \u00e0 micro-oscillations int\u00e9gr\u00e9es dans un rev\u00eatement de protection en maille, la th\u00e9rapie de massage par billes magn\u00e9tiques se met au travail en stimulant votre circulation sanguine et en revitalisant les jambes fatigu\u00e9es.<\/p>\n\t\t\t<\/div>\n\t\t<\/div>\n\t<\/div>\n\t\n\t\t<\/div>\n\t\t\t\t\t<\/div>\n\n\t\n<\/div>\n<div class=\"row\"  id=\"row-212057379\">\n\n\t<div id=\"col-1253346960\" class=\"col medium-4 small-12 large-4\"  >\n\t\t\t\t<div class=\"col-inner\"  >\n\t\t\t\n\t\t\t\n\t<div class=\"box has-hover   has-hover box-text-bottom\" >\n\n\t\t<div class=\"box-image\" >\n\t\t\t\t\t\t<div class=\"\" >\n\t\t\t\t<img decoding=\"async\" width=\"1501\" height=\"1501\" src=\"https:\/\/last.bluefinfitness.com\/wp-content\/uploads\/2020\/12\/Bluefin-SUUV_1500x1500px_FR-04.jpg\" class=\"attachment- size-\" alt=\"Bluefin masseur de pieds\" srcset=\"https:\/\/last.bluefinfitness.com\/wp-content\/uploads\/2020\/12\/Bluefin-SUUV_1500x1500px_FR-04.jpg 1501w, https:\/\/last.bluefinfitness.com\/wp-content\/uploads\/2020\/12\/Bluefin-SUUV_1500x1500px_FR-04-300x300.jpg 300w, https:\/\/last.bluefinfitness.com\/wp-content\/uploads\/2020\/12\/Bluefin-SUUV_1500x1500px_FR-04-1024x1024.jpg 1024w, https:\/\/last.bluefinfitness.com\/wp-content\/uploads\/2020\/12\/Bluefin-SUUV_1500x1500px_FR-04-150x150.jpg 150w, https:\/\/last.bluefinfitness.com\/wp-content\/uploads\/2020\/12\/Bluefin-SUUV_1500x1500px_FR-04-768x768.jpg 768w, https:\/\/last.bluefinfitness.com\/wp-content\/uploads\/2020\/12\/Bluefin-SUUV_1500x1500px_FR-04-500x500.jpg 500w, https:\/\/last.bluefinfitness.com\/wp-content\/uploads\/2020\/12\/Bluefin-SUUV_1500x1500px_FR-04-100x100.jpg 100w\" sizes=\"(max-width: 1501px) 100vw, 1501px\" \/>\t\t\t\t\t\t\t\t\t\t\t<\/div>\n\t\t\t\t\t<\/div>\n\n\t\t<div class=\"box-text text-center\" >\n\t\t\t<div class=\"box-text-inner\">\n\t\t\t\t\n<p style=\"text-align: left;\"><strong>Des fonctionnalit\u00e9s extras que vous allez adorer !<\/strong> Suivez vos progr\u00e8s. Continuez \u00e0 poursuivre vos objectifs remise en forme en utilisant votre t\u00e9l\u00e9commande portable et en adaptant l&rsquo;entra\u00eenement au bon programme et \u00e0 la bonne vitesse de vibration pour vous ! L&rsquo;\u00e9cran LCD du masseur de pieds vous permet de suivre les 5 programmes d&rsquo;intensit\u00e9 faible \u00e0 \u00e9lev\u00e9e et de choisir parmi 60 vitesses disponibles pour vraiment booster votre s\u00e9ance ! Qu&rsquo;attendez-vous ?<\/p>\n\t\t\t<\/div>\n\t\t<\/div>\n\t<\/div>\n\t\n\t\t<\/div>\n\t\t\t\t\t<\/div>\n\n\t\n\n\t<div id=\"col-1631618477\" class=\"col medium-4 small-12 large-4\"  >\n\t\t\t\t<div class=\"col-inner\"  >\n\t\t\t\n\t\t\t\n\t<div class=\"box has-hover   has-hover box-text-bottom\" >\n\n\t\t<div class=\"box-image\" >\n\t\t\t\t\t\t<div class=\"\" >\n\t\t\t\t<img decoding=\"async\" width=\"1501\" height=\"1501\" src=\"https:\/\/last.bluefinfitness.com\/wp-content\/uploads\/2020\/12\/Bluefin-SUUV_1500x1500px_FR-06.jpg\" class=\"attachment- size-\" alt=\"Bluefin masseur de pieds\" srcset=\"https:\/\/last.bluefinfitness.com\/wp-content\/uploads\/2020\/12\/Bluefin-SUUV_1500x1500px_FR-06.jpg 1501w, https:\/\/last.bluefinfitness.com\/wp-content\/uploads\/2020\/12\/Bluefin-SUUV_1500x1500px_FR-06-300x300.jpg 300w, https:\/\/last.bluefinfitness.com\/wp-content\/uploads\/2020\/12\/Bluefin-SUUV_1500x1500px_FR-06-1024x1024.jpg 1024w, https:\/\/last.bluefinfitness.com\/wp-content\/uploads\/2020\/12\/Bluefin-SUUV_1500x1500px_FR-06-150x150.jpg 150w, https:\/\/last.bluefinfitness.com\/wp-content\/uploads\/2020\/12\/Bluefin-SUUV_1500x1500px_FR-06-768x768.jpg 768w, https:\/\/last.bluefinfitness.com\/wp-content\/uploads\/2020\/12\/Bluefin-SUUV_1500x1500px_FR-06-500x500.jpg 500w, https:\/\/last.bluefinfitness.com\/wp-content\/uploads\/2020\/12\/Bluefin-SUUV_1500x1500px_FR-06-100x100.jpg 100w\" sizes=\"(max-width: 1501px) 100vw, 1501px\" \/>\t\t\t\t\t\t\t\t\t\t\t<\/div>\n\t\t\t\t\t<\/div>\n\n\t\t<div class=\"box-text text-center\" >\n\t\t\t<div class=\"box-text-inner\">\n\t\t\t\t\n<p style=\"text-align: left;\"><strong>Boostez votre tonus musculaire et votre circulation sanguine.<\/strong> Profitez des avantages de la technologie de vibration pour am\u00e9liorer votre sant\u00e9 sans transpirer. De puissants rouleaux et vibrations p\u00e9n\u00e8trent profond\u00e9ment dans les tissus de votre peau, maximisant le flux sanguin et att\u00e9nuant toute douleur musculaire. Vous pouvez m\u00eame aller plus loin dans l&rsquo;entra\u00eenement en massant vos mollets, vos ischio-jambiers et vos quadriceps, pour de multiples options de tonification musculaire.<\/p>\n\t\t\t<\/div>\n\t\t<\/div>\n\t<\/div>\n\t\n\t\t<\/div>\n\t\t\t\t\t<\/div>\n\n\t\n\n\t<div id=\"col-1646114934\" class=\"col medium-4 small-12 large-4\"  >\n\t\t\t\t<div class=\"col-inner\"  >\n\t\t\t\n\t\t\t\n\t<div class=\"box has-hover   has-hover box-text-bottom\" >\n\n\t\t<div class=\"box-image\" >\n\t\t\t\t\t\t<div class=\"\" >\n\t\t\t\t<img decoding=\"async\" width=\"1501\" height=\"1501\" src=\"https:\/\/last.bluefinfitness.com\/wp-content\/uploads\/2020\/12\/Bluefin-SUUV_1500x1500px_FR-07.jpg\" class=\"attachment- size-\" alt=\"Bluefin masseur de pieds\" srcset=\"https:\/\/last.bluefinfitness.com\/wp-content\/uploads\/2020\/12\/Bluefin-SUUV_1500x1500px_FR-07.jpg 1501w, https:\/\/last.bluefinfitness.com\/wp-content\/uploads\/2020\/12\/Bluefin-SUUV_1500x1500px_FR-07-300x300.jpg 300w, https:\/\/last.bluefinfitness.com\/wp-content\/uploads\/2020\/12\/Bluefin-SUUV_1500x1500px_FR-07-1024x1024.jpg 1024w, https:\/\/last.bluefinfitness.com\/wp-content\/uploads\/2020\/12\/Bluefin-SUUV_1500x1500px_FR-07-150x150.jpg 150w, https:\/\/last.bluefinfitness.com\/wp-content\/uploads\/2020\/12\/Bluefin-SUUV_1500x1500px_FR-07-768x768.jpg 768w, https:\/\/last.bluefinfitness.com\/wp-content\/uploads\/2020\/12\/Bluefin-SUUV_1500x1500px_FR-07-500x500.jpg 500w, https:\/\/last.bluefinfitness.com\/wp-content\/uploads\/2020\/12\/Bluefin-SUUV_1500x1500px_FR-07-100x100.jpg 100w\" sizes=\"(max-width: 1501px) 100vw, 1501px\" \/>\t\t\t\t\t\t\t\t\t\t\t<\/div>\n\t\t\t\t\t<\/div>\n\n\t\t<div class=\"box-text text-center\" >\n\t\t\t<div class=\"box-text-inner\">\n\t\t\t\t\n<p style=\"text-align: left;\"><strong>Soulagement du stress en un seul clic.<\/strong> Prenez du temps pour vous et d\u00e9tendez-vous tout en travaillant en position assise avec notre masseur de pieds SUUV. Choisissez parmi 5 programmes d&rsquo;intensit\u00e9 de rouleau de massage et 60 vitesses pour vous assurer une relaxation ultime. Facile \u00e0 utiliser et pr\u00eat \u00e0 l&#8217;emploi avec le clic de votre montre-bracelet portable.<\/p>\n\t\t\t<\/div>\n\t\t<\/div>\n\t<\/div>\n\t\n\t\t<\/div>\n\t\t\t\t\t<\/div>\n\n\t\n<\/div>\n","protected":false},"excerpt":{"rendered":"<ul>\n<li style=\"text-align: left;\"><strong>TECHNOLOGIE INNOVANTE<\/strong> &#8211; Appareil massage, r\u00e9flexologie, vibrations et plus encore ! Contr\u00f4lez l&rsquo;appareil avec la montre-bracelet offerte !<\/li>\n<li style=\"text-align: left;\"><strong>AM\u00c9LIOREZ VOTRE CIRCULATION SANGUINE<\/strong> &#8211; Appareil circulation sanguine jambes avec vibrations et rouleaux puissants qui boostent la circulation.<\/li>\n<li style=\"text-align: left;\"><strong>LE NOUVEL ENTRA\u00ceNEMENT \u00c0 DOMICILE<\/strong> &#8211; Massage pied en seulement 15 minutes ! Remise en forme et d\u00e9tente \u00e0 la maison, \u00e0 votre rythme.<\/li>\n<li style=\"text-align: left;\"><strong>FACILE \u00c0 UTILISER<\/strong> &#8211; Massage et relaxation anti-stress en un clic ! Multi-vitesses et diff\u00e9rents programmes pr\u00eats \u00e0 l&#8217;emploi.\u00a0\u00bb<\/li>\n<li style=\"text-align: left;\"><strong>12 MOIS DE GARANTIE ET R\u00c9PARATIONS<\/strong><\/li>\n<\/ul>\n","protected":false},"featured_media":644881,"comment_status":"open","ping_status":"closed","template":"","meta":[],"product_cat":[3453],"product_tag":[],"_links":{"self":[{"href":"https:\/\/last.bluefinfitness.com\/fr\/wp-json\/wp\/v2\/product\/125155"}],"collection":[{"href":"https:\/\/last.bluefinfitness.com\/fr\/wp-json\/wp\/v2\/product"}],"about":[{"href":"https:\/\/last.bluefinfitness.com\/fr\/wp-json\/wp\/v2\/types\/product"}],"replies":[{"embeddable":true,"href":"https:\/\/last.bluefinfitness.com\/fr\/wp-json\/wp\/v2\/comments?post=125155"}],"wp:featuredmedia":[{"embeddable":true,"href":"https:\/\/last.bluefinfitness.com\/fr\/wp-json\/wp\/v2\/media\/644881"}],"wp:attachment":[{"href":"https:\/\/last.bluefinfitness.com\/fr\/wp-json\/wp\/v2\/media?parent=125155"}],"wp:term":[{"taxonomy":"product_cat","embeddable":true,"href":"https:\/\/last.bluefinfitness.com\/fr\/wp-json\/wp\/v2\/product_cat?post=125155"},{"taxonomy":"product_tag","embeddable":true,"href":"https:\/\/last.bluefinfitness.com\/fr\/wp-json\/wp\/v2\/product_tag?post=125155"}],"curies":[{"name":"wp","href":"https:\/\/api.w.org\/{rel}","templated":true}]}}