{"id":190703,"date":"2020-11-23T15:46:25","date_gmt":"2020-11-23T15:46:25","guid":{"rendered":"https:\/\/www.bluefinfitness.com\/incline-treadmilll\/"},"modified":"2024-04-09T14:36:58","modified_gmt":"2024-04-09T14:36:58","slug":"tapis-roulant-sport","status":"publish","type":"product","link":"https:\/\/last.bluefinfitness.com\/fr\/tapis-roulant-sport\/","title":{"rendered":"Tapis de Course Pliable Bluefin KICK 5.0"},"content":{"rendered":"<p><span data-sheets-value=\"{&quot;1&quot;:2,&quot;2&quot;:&quot;Bluefin Kick 5.0 est le tapis roulant haute vitesse parfait \u00e0 ajouter \u00e0 votre \u00e9quipement de gym \u00e0 domicile pour un entra\u00eenement de pro. En tant que mod\u00e8le semi-commercial, le Kick 5.0. garantit un entra\u00eenement de haute qualit\u00e9 depuis chez vous. Le moteur puissant permet de gagner en vitesse rapidement jusqu'\u00e0 24 km \/ h et 20 niveaux d'inclinaison. Utilisez les boutons 5x Vitess \u200b\u200bet 5x Inclinaison pour d\u00e9marrer votre entra\u00eenement. Tapis de course pliable pour un rangement facile. Absorption des chocs int\u00e9gr\u00e9e Le syst\u00e8me amortit les chocs et prot\u00e8ge vos articulations \u00e0 chaque foul\u00e9e. Les capteurs de fr\u00e9quence cardiaque vous permettent de monitorier votre entra\u00eenement. Mesurez votre: temps, vitesse, distance, calories, pouls et inclinaison pour chaque course via l'\u00e9cran TFT. Utilisez l'application Kinomap int\u00e9gr\u00e9e pour mobile ou tablette : connectez-vous via Bluetooth pour suivre et analyser votre entra\u00eenement au fil du temps sur votre propre tableau de bord de fitness personnel.nn---Dans le carton---n\u2022 Tapis de course pliable Bluefin Fitness Task 5.0n\u2022 \u00c9cran tactile TFT 10,1 '.n\u2022 C\u00e2ble d'alimentation pour le Royaume-Uni et l'UEn\u2022 Manuel d'instructionsn\u2022 Kit d'outils pour l'installation et la maintenancen\u2022 Cl\u00e9 de s\u00e9curit\u00e9nnn---Principales caract\u00e9ristiques---n\u2022 \u00c9cran TFT 10,1 'n\u2022 2020 mm x 990 mm X 1490 mm (\u00e0 la verticale)n\u2022 2060 mm x 1100 mm x 490 mm (pli\u00e9)n\u2022 Haut-parleurs Bluetooth int\u00e9gr\u00e9s - peuvent se connecter en USB ou MP3n\u2022 Capteurs de fr\u00e9quence cardiaque int\u00e9gr\u00e9sn\u2022 12 programmes automatiquesn\u2022 Vitesse maximale de 24 km \/ hn\u2022 Cl\u00e9 de s\u00e9curit\u00e9 pour arr\u00eat imm\u00e9diat&quot;}\" data-sheets-userformat=\"{&quot;2&quot;:15357,&quot;3&quot;:{&quot;1&quot;:0},&quot;5&quot;:{&quot;1&quot;:[{&quot;1&quot;:2,&quot;2&quot;:0,&quot;5&quot;:[null,2,0]},{&quot;1&quot;:0,&quot;2&quot;:0,&quot;3&quot;:3},{&quot;1&quot;:1,&quot;2&quot;:0,&quot;4&quot;:1}]},&quot;6&quot;:{&quot;1&quot;:[{&quot;1&quot;:2,&quot;2&quot;:0,&quot;5&quot;:[null,2,0]},{&quot;1&quot;:0,&quot;2&quot;:0,&quot;3&quot;:3},{&quot;1&quot;:1,&quot;2&quot;:0,&quot;4&quot;:1}]},&quot;7&quot;:{&quot;1&quot;:[{&quot;1&quot;:2,&quot;2&quot;:0,&quot;5&quot;:[null,2,0]},{&quot;1&quot;:0,&quot;2&quot;:0,&quot;3&quot;:3},{&quot;1&quot;:1,&quot;2&quot;:0,&quot;4&quot;:1}]},&quot;8&quot;:{&quot;1&quot;:[{&quot;1&quot;:2,&quot;2&quot;:0,&quot;5&quot;:[null,2,0]},{&quot;1&quot;:0,&quot;2&quot;:0,&quot;3&quot;:3},{&quot;1&quot;:1,&quot;2&quot;:0,&quot;4&quot;:1}]},&quot;9&quot;:1,&quot;10&quot;:1,&quot;11&quot;:4,&quot;12&quot;:0,&quot;14&quot;:[null,2,0],&quot;15&quot;:&quot;Arial&quot;,&quot;16&quot;:11}\">Bluefin Kick 5.0 est le tapis roulant haute vitesse parfait \u00e0 ajouter \u00e0 votre \u00e9quipement de gym \u00e0 domicile pour un entra\u00eenement de pro. En tant que mod\u00e8le semi-commercial, le Kick 5.0. garantit un entra\u00eenement de haute qualit\u00e9 depuis chez vous. Le moteur puissant permet de gagner en vitesse rapidement jusqu&rsquo;\u00e0 24 km \/ h et 20 niveaux d&rsquo;inclinaison. Utilisez les boutons 5x Vitess \u200b\u200bet 5x Inclinaison pour d\u00e9marrer votre entra\u00eenement. Tapis de course pliable pour un rangement facile. Absorption des chocs int\u00e9gr\u00e9e Le syst\u00e8me amortit les chocs et prot\u00e8ge vos articulations \u00e0 chaque foul\u00e9e. Les capteurs de fr\u00e9quence cardiaque vous permettent de monitorier votre entra\u00eenement. Mesurez votre: temps, vitesse, distance, calories, pouls et inclinaison pour chaque course via l&rsquo;\u00e9cran TFT. Utilisez l&rsquo;application Kinomap int\u00e9gr\u00e9e pour mobile ou tablette : connectez-vous via Bluetooth pour suivre et analyser votre entra\u00eenement au fil du temps sur votre propre tableau de bord de fitness personnel.<\/span><\/p>\n<p><strong>&#8212;Dans le carton&#8212;<\/strong><br \/>\n\u2022 Tapis de course pliable Bluefin Fitness Task 5.0<br \/>\n\u2022 \u00c9cran tactile TFT 10,1 &lsquo;.<br \/>\n\u2022 C\u00e2ble d&rsquo;alimentation pour le Royaume-Uni et l&rsquo;UE<br \/>\n\u2022 Manuel d&rsquo;instructions<br \/>\n\u2022 Kit d&rsquo;outils pour l&rsquo;installation et la maintenance<br \/>\n\u2022 Cl\u00e9 de s\u00e9curit\u00e9<\/p>\n<p><strong>&#8212;Principales caract\u00e9ristiques&#8212;<\/strong><br \/>\n\u2022 \u00c9cran TFT 10,1 &lsquo;<br \/>\n\u2022 2020 mm x 990 mm X 1490 mm (\u00e0 la verticale)<br \/>\n\u2022 2060 mm x 1100 mm x 490 mm (pli\u00e9)<br \/>\n\u2022 Haut-parleurs Bluetooth int\u00e9gr\u00e9s &#8211; peuvent se connecter en USB ou MP3<br \/>\n\u2022 Capteurs de fr\u00e9quence cardiaque int\u00e9gr\u00e9s<br \/>\n\u2022 12 programmes automatiques<br \/>\n\u2022 Vitesse maximale de 24 km \/ h<br \/>\n\u2022 Cl\u00e9 de s\u00e9curit\u00e9 pour arr\u00eat imm\u00e9diat<\/p>\n\t<div id=\"gap-2043015744\" class=\"gap-element clearfix\" style=\"display:block; height:auto;\">\n\t\t\n<style>\n#gap-2043015744 {\n  padding-top: 30px;\n}\n<\/style>\n\t<\/div>\n\t\n<div class=\"row\"  id=\"row-435486216\">\n\n\t<div id=\"col-1339561224\" class=\"col medium-4 small-12 large-4\"  >\n\t\t\t\t<div class=\"col-inner\"  >\n\t\t\t\n\t\t\t\n\t<div class=\"box has-hover   has-hover box-text-bottom\" >\n\n\t\t<div class=\"box-image\" >\n\t\t\t\t\t\t<div class=\"\" >\n\t\t\t\t<img decoding=\"async\" width=\"1501\" height=\"1501\" src=\"https:\/\/last.bluefinfitness.com\/wp-content\/uploads\/2020\/11\/Kick-5.0_Amazon-Images-01-2.jpg\" class=\"attachment- size-\" alt=\"Bluefin tapis roulant haute vitesse\" srcset=\"https:\/\/last.bluefinfitness.com\/wp-content\/uploads\/2020\/11\/Kick-5.0_Amazon-Images-01-2.jpg 1501w, https:\/\/last.bluefinfitness.com\/wp-content\/uploads\/2020\/11\/Kick-5.0_Amazon-Images-01-2-300x300.jpg 300w, https:\/\/last.bluefinfitness.com\/wp-content\/uploads\/2020\/11\/Kick-5.0_Amazon-Images-01-2-1024x1024.jpg 1024w, https:\/\/last.bluefinfitness.com\/wp-content\/uploads\/2020\/11\/Kick-5.0_Amazon-Images-01-2-150x150.jpg 150w, https:\/\/last.bluefinfitness.com\/wp-content\/uploads\/2020\/11\/Kick-5.0_Amazon-Images-01-2-768x768.jpg 768w, https:\/\/last.bluefinfitness.com\/wp-content\/uploads\/2020\/11\/Kick-5.0_Amazon-Images-01-2-500x500.jpg 500w, https:\/\/last.bluefinfitness.com\/wp-content\/uploads\/2020\/11\/Kick-5.0_Amazon-Images-01-2-100x100.jpg 100w\" sizes=\"(max-width: 1501px) 100vw, 1501px\" \/>\t\t\t\t\t\t\t\t\t\t\t<\/div>\n\t\t\t\t\t<\/div>\n\n\t\t<div class=\"box-text text-center\" >\n\t\t\t<div class=\"box-text-inner\">\n\t\t\t\t\n<p style=\"text-align: left;\"><strong>Compatible avec l&rsquo;application Kinomap<\/strong>. Surveillez vos performances ! Connectez votre application Kinomap Fitness au Kick 5.0 via Bluetooth et commencez \u00e0 vous entra\u00eener dans le confort de votre maison. Enregistrez \u00e9galement vos entra\u00eenements sur votre tableau de bord personnel, pour continuer de progresser et atteindre vos objectifs fitness.<\/p>\n\t\t\t<\/div>\n\t\t<\/div>\n\t<\/div>\n\t\n\t\t<\/div>\n\t\t\t\t\t<\/div>\n\n\t\n\n\t<div id=\"col-2117805768\" class=\"col medium-4 small-12 large-4\"  >\n\t\t\t\t<div class=\"col-inner\"  >\n\t\t\t\n\t\t\t\n\t<div class=\"box has-hover   has-hover box-text-bottom\" >\n\n\t\t<div class=\"box-image\" >\n\t\t\t\t\t\t<div class=\"\" >\n\t\t\t\t<img decoding=\"async\" width=\"1501\" height=\"1501\" src=\"https:\/\/last.bluefinfitness.com\/wp-content\/uploads\/2020\/11\/Kick-5.0_FR-02.png\" class=\"attachment- size-\" alt=\"Bluefin tapis roulant haute vitesse\" srcset=\"https:\/\/last.bluefinfitness.com\/wp-content\/uploads\/2020\/11\/Kick-5.0_FR-02.png 1501w, https:\/\/last.bluefinfitness.com\/wp-content\/uploads\/2020\/11\/Kick-5.0_FR-02-300x300.png 300w, https:\/\/last.bluefinfitness.com\/wp-content\/uploads\/2020\/11\/Kick-5.0_FR-02-1024x1024.png 1024w, https:\/\/last.bluefinfitness.com\/wp-content\/uploads\/2020\/11\/Kick-5.0_FR-02-150x150.png 150w, https:\/\/last.bluefinfitness.com\/wp-content\/uploads\/2020\/11\/Kick-5.0_FR-02-768x768.png 768w, https:\/\/last.bluefinfitness.com\/wp-content\/uploads\/2020\/11\/Kick-5.0_FR-02-500x500.png 500w, https:\/\/last.bluefinfitness.com\/wp-content\/uploads\/2020\/11\/Kick-5.0_FR-02-100x100.png 100w\" sizes=\"(max-width: 1501px) 100vw, 1501px\" \/>\t\t\t\t\t\t\t\t\t\t\t<\/div>\n\t\t\t\t\t<\/div>\n\n\t\t<div class=\"box-text text-center\" >\n\t\t\t<div class=\"box-text-inner\">\n\t\t\t\t\n<p style=\"text-align: left;\"><strong>Challengez-vous avec les 20 niveaux d&rsquo;inclinaison<\/strong>. Avec une inclinaison impressionnante de 20%, ainsi que 5 niveaux d&rsquo;inclinaison instantan\u00e9e int\u00e9gr\u00e9s pour un acc\u00e8s facile, le Kick 5.0. fait passer votre entra\u00eenement au niveau sup\u00e9rieur. Am\u00e9liorez votre sant\u00e9 cardio-vasculaire et br\u00fblez encore plus de calories en augmentant la r\u00e9sistance d&rsquo;une simple pression sur un bouton.<\/p>\n\t\t\t<\/div>\n\t\t<\/div>\n\t<\/div>\n\t\n\t\t<\/div>\n\t\t\t\t\t<\/div>\n\n\t\n\n\t<div id=\"col-223359073\" class=\"col medium-4 small-12 large-4\"  >\n\t\t\t\t<div class=\"col-inner\"  >\n\t\t\t\n\t\t\t\n\t<div class=\"box has-hover   has-hover box-text-bottom\" >\n\n\t\t<div class=\"box-image\" >\n\t\t\t\t\t\t<div class=\"\" >\n\t\t\t\t<img decoding=\"async\" width=\"1501\" height=\"1501\" src=\"https:\/\/last.bluefinfitness.com\/wp-content\/uploads\/2020\/11\/Kick-5.0_FR-03.png\" class=\"attachment- size-\" alt=\"Bluefin tapis roulant haute vitesse\" srcset=\"https:\/\/last.bluefinfitness.com\/wp-content\/uploads\/2020\/11\/Kick-5.0_FR-03.png 1501w, https:\/\/last.bluefinfitness.com\/wp-content\/uploads\/2020\/11\/Kick-5.0_FR-03-300x300.png 300w, https:\/\/last.bluefinfitness.com\/wp-content\/uploads\/2020\/11\/Kick-5.0_FR-03-1024x1024.png 1024w, https:\/\/last.bluefinfitness.com\/wp-content\/uploads\/2020\/11\/Kick-5.0_FR-03-150x150.png 150w, https:\/\/last.bluefinfitness.com\/wp-content\/uploads\/2020\/11\/Kick-5.0_FR-03-768x768.png 768w, https:\/\/last.bluefinfitness.com\/wp-content\/uploads\/2020\/11\/Kick-5.0_FR-03-500x500.png 500w, https:\/\/last.bluefinfitness.com\/wp-content\/uploads\/2020\/11\/Kick-5.0_FR-03-100x100.png 100w\" sizes=\"(max-width: 1501px) 100vw, 1501px\" \/>\t\t\t\t\t\t\t\t\t\t\t<\/div>\n\t\t\t\t\t<\/div>\n\n\t\t<div class=\"box-text text-center\" >\n\t\t\t<div class=\"box-text-inner\">\n\t\t\t\t\n<p style=\"text-align: left;\"><strong>Syst\u00e8me d&rsquo;amortissement avanc\u00e9 et bande antistatique<\/strong>. Protection des articulations et r\u00e9duction du bruit. B\u00e9n\u00e9ficiant de 8 amortisseurs, le syst\u00e8me d&rsquo;absorption avanc\u00e9 r\u00e9duit consid\u00e9rablement l&rsquo;impact sur vos articulations. La bande antistatique multicouche aide \u00e9galement \u00e0 r\u00e9duire le bruit lors de la course, vous offrant une course ferme mais confortable, ce qui est beaucoup plus doux que de faire de l&rsquo;exercice sur du b\u00e9ton.<\/p>\n\t\t\t<\/div>\n\t\t<\/div>\n\t<\/div>\n\t\n\t\t<\/div>\n\t\t\t\t\t<\/div>\n\n\t\n<\/div>\n<div class=\"row\"  id=\"row-1514370358\">\n\n\t<div id=\"col-1883429073\" class=\"col medium-4 small-12 large-4\"  >\n\t\t\t\t<div class=\"col-inner\"  >\n\t\t\t\n\t\t\t\n\t<div class=\"box has-hover   has-hover box-text-bottom\" >\n\n\t\t<div class=\"box-image\" >\n\t\t\t\t\t\t<div class=\"\" >\n\t\t\t\t<img decoding=\"async\" width=\"1501\" height=\"1501\" src=\"https:\/\/last.bluefinfitness.com\/wp-content\/uploads\/2020\/11\/Kick-5.0_FR-04.png\" class=\"attachment- size-\" alt=\"Bluefin tapis roulant haute vitesse\" srcset=\"https:\/\/last.bluefinfitness.com\/wp-content\/uploads\/2020\/11\/Kick-5.0_FR-04.png 1501w, https:\/\/last.bluefinfitness.com\/wp-content\/uploads\/2020\/11\/Kick-5.0_FR-04-300x300.png 300w, https:\/\/last.bluefinfitness.com\/wp-content\/uploads\/2020\/11\/Kick-5.0_FR-04-1024x1024.png 1024w, https:\/\/last.bluefinfitness.com\/wp-content\/uploads\/2020\/11\/Kick-5.0_FR-04-150x150.png 150w, https:\/\/last.bluefinfitness.com\/wp-content\/uploads\/2020\/11\/Kick-5.0_FR-04-768x768.png 768w, https:\/\/last.bluefinfitness.com\/wp-content\/uploads\/2020\/11\/Kick-5.0_FR-04-500x500.png 500w, https:\/\/last.bluefinfitness.com\/wp-content\/uploads\/2020\/11\/Kick-5.0_FR-04-100x100.png 100w\" sizes=\"(max-width: 1501px) 100vw, 1501px\" \/>\t\t\t\t\t\t\t\t\t\t\t<\/div>\n\t\t\t\t\t<\/div>\n\n\t\t<div class=\"box-text text-center\" >\n\t\t\t<div class=\"box-text-inner\">\n\t\t\t\t\n<p style=\"text-align: left;\"><strong>Haut-parleurs Bluetooth int\u00e9gr\u00e9s<\/strong>. Entrez dans votre univers. Associez votre smartphone ou tablette aux haut-parleurs Bluetooth de haute qualit\u00e9 du Kick 5.0, afin d&rsquo;\u00e9couter votre musique pr\u00e9f\u00e9r\u00e9e et de cr\u00e9er l\u2019environnement ultime pour votre entra\u00eenement.<\/p>\n\t\t\t<\/div>\n\t\t<\/div>\n\t<\/div>\n\t\n\t\t<\/div>\n\t\t\t\t\t<\/div>\n\n\t\n\n\t<div id=\"col-360436836\" class=\"col medium-4 small-12 large-4\"  >\n\t\t\t\t<div class=\"col-inner\"  >\n\t\t\t\n\t\t\t\n\t<div class=\"box has-hover   has-hover box-text-bottom\" >\n\n\t\t<div class=\"box-image\" >\n\t\t\t\t\t\t<div class=\"\" >\n\t\t\t\t<img decoding=\"async\" width=\"1501\" height=\"1501\" src=\"https:\/\/last.bluefinfitness.com\/wp-content\/uploads\/2020\/11\/Kick-5.0_FR-05.png\" class=\"attachment- size-\" alt=\"Bluefin tapis roulant haute vitesse\" srcset=\"https:\/\/last.bluefinfitness.com\/wp-content\/uploads\/2020\/11\/Kick-5.0_FR-05.png 1501w, https:\/\/last.bluefinfitness.com\/wp-content\/uploads\/2020\/11\/Kick-5.0_FR-05-300x300.png 300w, https:\/\/last.bluefinfitness.com\/wp-content\/uploads\/2020\/11\/Kick-5.0_FR-05-1024x1024.png 1024w, https:\/\/last.bluefinfitness.com\/wp-content\/uploads\/2020\/11\/Kick-5.0_FR-05-150x150.png 150w, https:\/\/last.bluefinfitness.com\/wp-content\/uploads\/2020\/11\/Kick-5.0_FR-05-768x768.png 768w, https:\/\/last.bluefinfitness.com\/wp-content\/uploads\/2020\/11\/Kick-5.0_FR-05-500x500.png 500w, https:\/\/last.bluefinfitness.com\/wp-content\/uploads\/2020\/11\/Kick-5.0_FR-05-100x100.png 100w\" sizes=\"(max-width: 1501px) 100vw, 1501px\" \/>\t\t\t\t\t\t\t\t\t\t\t<\/div>\n\t\t\t\t\t<\/div>\n\n\t\t<div class=\"box-text text-center\" >\n\t\t\t<div class=\"box-text-inner\">\n\t\t\t\t\n<p style=\"text-align: left;\"><strong>Moniteur de fr\u00e9quence cardiaque et \u00e9cran LCD<\/strong>. Gardez le contr\u00f4le. Le Kick 5.0. comprend de nombreuses fonctionnalit\u00e9s pour personnaliser l&rsquo;entra\u00eenement. Les capteurs de rythme cardiaque vous permettent de connaitre l&rsquo;intensit\u00e9 de votre entra\u00eenement. Sans oublier les commandes num\u00e9riques : moniteurs de pulsations, cl\u00e9 de s\u00e9curit\u00e9 et \u00e9cran LCD, pour r\u00e9gler la distance, le temps, la vitesse, l&rsquo;inclinaison, etc.<\/p>\n\t\t\t<\/div>\n\t\t<\/div>\n\t<\/div>\n\t\n\t\t<\/div>\n\t\t\t\t\t<\/div>\n\n\t\n\n\t<div id=\"col-116779647\" class=\"col medium-4 small-12 large-4\"  >\n\t\t\t\t<div class=\"col-inner\"  >\n\t\t\t\n\t\t\t\n\t<div class=\"box has-hover   has-hover box-text-bottom\" >\n\n\t\t<div class=\"box-image\" >\n\t\t\t\t\t\t<div class=\"\" >\n\t\t\t\t<img decoding=\"async\" width=\"1501\" height=\"1501\" src=\"https:\/\/last.bluefinfitness.com\/wp-content\/uploads\/2020\/11\/Kick-5.0_FR-06.png\" class=\"attachment- size-\" alt=\"Bluefin tapis roulant haute vitesse\" srcset=\"https:\/\/last.bluefinfitness.com\/wp-content\/uploads\/2020\/11\/Kick-5.0_FR-06.png 1501w, https:\/\/last.bluefinfitness.com\/wp-content\/uploads\/2020\/11\/Kick-5.0_FR-06-300x300.png 300w, https:\/\/last.bluefinfitness.com\/wp-content\/uploads\/2020\/11\/Kick-5.0_FR-06-1024x1024.png 1024w, https:\/\/last.bluefinfitness.com\/wp-content\/uploads\/2020\/11\/Kick-5.0_FR-06-150x150.png 150w, https:\/\/last.bluefinfitness.com\/wp-content\/uploads\/2020\/11\/Kick-5.0_FR-06-768x768.png 768w, https:\/\/last.bluefinfitness.com\/wp-content\/uploads\/2020\/11\/Kick-5.0_FR-06-500x500.png 500w, https:\/\/last.bluefinfitness.com\/wp-content\/uploads\/2020\/11\/Kick-5.0_FR-06-100x100.png 100w\" sizes=\"(max-width: 1501px) 100vw, 1501px\" \/>\t\t\t\t\t\t\t\t\t\t\t<\/div>\n\t\t\t\t\t<\/div>\n\n\t\t<div class=\"box-text text-center\" >\n\t\t\t<div class=\"box-text-inner\">\n\t\t\t\t\n<p style=\"text-align: left;\"><strong>Pliable pour un rangement facile<\/strong>. Soulevez et pliez. Le rail du tapis roulant se soul\u00e8ve et se replie facilement pour un rangement compact lorsqu&rsquo;il n&rsquo;est pas utilis\u00e9. Le bras hydraulique robuste se verrouille en place et b\u00e9n\u00e9ficie d&rsquo;un syst\u00e8me \u00abpush &amp; release\u00bb pour se d\u00e9plier \u00e0 nouveau avec facilit\u00e9. Des roues sont \u00e9galement int\u00e9gr\u00e9es, vous permettant de transporter le tapis de course sur des surfaces planes.<\/p>\n\t\t\t<\/div>\n\t\t<\/div>\n\t<\/div>\n\t\n\t\t<\/div>\n\t\t\t\t\t<\/div>\n\n\t\n<\/div>\n<div class=\"row\"  id=\"row-517193203\">\n\n\t<div id=\"col-1418927994\" class=\"col medium-4 small-12 large-4\"  >\n\t\t\t\t<div class=\"col-inner\"  >\n\t\t\t\n\t\t\t\n\t<div class=\"box has-hover   has-hover box-text-bottom\" >\n\n\t\t<div class=\"box-image\" >\n\t\t\t\t\t\t<div class=\"\" >\n\t\t\t\t<img decoding=\"async\" width=\"1501\" height=\"1501\" src=\"https:\/\/last.bluefinfitness.com\/wp-content\/uploads\/2020\/11\/Kick-5.0_FR-07.png\" class=\"attachment- size-\" alt=\"Bluefin tapis roulant haute vitesse\" srcset=\"https:\/\/last.bluefinfitness.com\/wp-content\/uploads\/2020\/11\/Kick-5.0_FR-07.png 1501w, https:\/\/last.bluefinfitness.com\/wp-content\/uploads\/2020\/11\/Kick-5.0_FR-07-300x300.png 300w, https:\/\/last.bluefinfitness.com\/wp-content\/uploads\/2020\/11\/Kick-5.0_FR-07-1024x1024.png 1024w, https:\/\/last.bluefinfitness.com\/wp-content\/uploads\/2020\/11\/Kick-5.0_FR-07-150x150.png 150w, https:\/\/last.bluefinfitness.com\/wp-content\/uploads\/2020\/11\/Kick-5.0_FR-07-768x768.png 768w, https:\/\/last.bluefinfitness.com\/wp-content\/uploads\/2020\/11\/Kick-5.0_FR-07-500x500.png 500w, https:\/\/last.bluefinfitness.com\/wp-content\/uploads\/2020\/11\/Kick-5.0_FR-07-100x100.png 100w\" sizes=\"(max-width: 1501px) 100vw, 1501px\" \/>\t\t\t\t\t\t\t\t\t\t\t<\/div>\n\t\t\t\t\t<\/div>\n\n\t\t<div class=\"box-text text-center\" >\n\t\t\t<div class=\"box-text-inner\">\n\t\t\t\t\n<p style=\"text-align: left;\"><strong>Dimensions et taille.<\/strong> Le tapis roulant qui vous convient. Les dimensions du Kick 5.0. sont de 1100 mm x 2060 mm x 550 mm.<\/p>\n\t\t\t<\/div>\n\t\t<\/div>\n\t<\/div>\n\t\n\t\t<\/div>\n\t\t\t\t\t<\/div>\n\n\t\n\n\t<div id=\"col-171066941\" class=\"col medium-4 small-12 large-4\"  >\n\t\t\t\t<div class=\"col-inner\"  >\n\t\t\t\n\t\t\t\n\t<div class=\"box has-hover   has-hover box-text-bottom\" >\n\n\t\t<div class=\"box-image\" >\n\t\t\t\t\t\t<div class=\"\" >\n\t\t\t\t<img decoding=\"async\" width=\"1501\" height=\"1501\" src=\"https:\/\/last.bluefinfitness.com\/wp-content\/uploads\/2020\/11\/Kick-5.0_FR-08.png\" class=\"attachment- size-\" alt=\"Bluefin tapis roulant haute vitesse\" srcset=\"https:\/\/last.bluefinfitness.com\/wp-content\/uploads\/2020\/11\/Kick-5.0_FR-08.png 1501w, https:\/\/last.bluefinfitness.com\/wp-content\/uploads\/2020\/11\/Kick-5.0_FR-08-300x300.png 300w, https:\/\/last.bluefinfitness.com\/wp-content\/uploads\/2020\/11\/Kick-5.0_FR-08-1024x1024.png 1024w, https:\/\/last.bluefinfitness.com\/wp-content\/uploads\/2020\/11\/Kick-5.0_FR-08-150x150.png 150w, https:\/\/last.bluefinfitness.com\/wp-content\/uploads\/2020\/11\/Kick-5.0_FR-08-768x768.png 768w, https:\/\/last.bluefinfitness.com\/wp-content\/uploads\/2020\/11\/Kick-5.0_FR-08-500x500.png 500w, https:\/\/last.bluefinfitness.com\/wp-content\/uploads\/2020\/11\/Kick-5.0_FR-08-100x100.png 100w\" sizes=\"(max-width: 1501px) 100vw, 1501px\" \/>\t\t\t\t\t\t\t\t\t\t\t<\/div>\n\t\t\t\t\t<\/div>\n\n\t\t<div class=\"box-text text-center\" >\n\t\t\t<div class=\"box-text-inner\">\n\t\t\t\t\n<p style=\"text-align: left;\"><strong>Grande surface de course.<\/strong> Plus de surface, plus de s\u00e9curit\u00e9. Les dimensions de la surfance du tapis de course sont : 1400 mm x 490 mm. La surface plus longue et plus large permettra aux utilisateurs de toutes les longueurs de foul\u00e9es d&rsquo;avoir suffisamment d&rsquo;espace pour s&rsquo;entra\u00eener confortablement sur la machine.<\/p>\n\t\t\t<\/div>\n\t\t<\/div>\n\t<\/div>\n\t\n\t\t<\/div>\n\t\t\t\t\t<\/div>\n\n\t\n\n\t<div id=\"col-177425066\" class=\"col medium-4 small-12 large-4\"  >\n\t\t\t\t<div class=\"col-inner\"  >\n\t\t\t\n\t\t\t\n\t<div class=\"box has-hover   has-hover box-text-bottom\" >\n\n\t\t<div class=\"box-image\" >\n\t\t\t\t\t\t<div class=\"\" >\n\t\t\t\t<img decoding=\"async\" width=\"1501\" height=\"1501\" src=\"https:\/\/last.bluefinfitness.com\/wp-content\/uploads\/2020\/11\/Kick-5.0_FR-09.png\" class=\"attachment- size-\" alt=\"Bluefin tapis roulant haute vitesse\" srcset=\"https:\/\/last.bluefinfitness.com\/wp-content\/uploads\/2020\/11\/Kick-5.0_FR-09.png 1501w, https:\/\/last.bluefinfitness.com\/wp-content\/uploads\/2020\/11\/Kick-5.0_FR-09-300x300.png 300w, https:\/\/last.bluefinfitness.com\/wp-content\/uploads\/2020\/11\/Kick-5.0_FR-09-1024x1024.png 1024w, https:\/\/last.bluefinfitness.com\/wp-content\/uploads\/2020\/11\/Kick-5.0_FR-09-150x150.png 150w, https:\/\/last.bluefinfitness.com\/wp-content\/uploads\/2020\/11\/Kick-5.0_FR-09-768x768.png 768w, https:\/\/last.bluefinfitness.com\/wp-content\/uploads\/2020\/11\/Kick-5.0_FR-09-500x500.png 500w, https:\/\/last.bluefinfitness.com\/wp-content\/uploads\/2020\/11\/Kick-5.0_FR-09-100x100.png 100w\" sizes=\"(max-width: 1501px) 100vw, 1501px\" \/>\t\t\t\t\t\t\t\t\t\t\t<\/div>\n\t\t\t\t\t<\/div>\n\n\t\t<div class=\"box-text text-center\" >\n\t\t\t<div class=\"box-text-inner\">\n\t\t\t\t\n<p style=\"text-align: left;\"><strong>Tapis de course Bluefin Fitness Kick 5.0<\/strong>. Tapis de course ultra performant. Le Kick 5.0 est le compl\u00e9ment parfait \u00e0 votre salle de gym \u00e0 domicile. Avec une vitesse maximale de 24 km\/h, une inclinaison de 20% et 12 programmes d&rsquo;entra\u00eenement int\u00e9gr\u00e9s &#8211; le Kick offre des performances de fitness professionnelles de haute qualit\u00e9.<\/p>\n\t\t\t<\/div>\n\t\t<\/div>\n\t<\/div>\n\t\n\t\t<\/div>\n\t\t\t\t\t<\/div>\n\n\t\n<\/div>\n","protected":false},"excerpt":{"rendered":"<ul>\n<li><strong>\u00c9QUIPEMENT DE GYM \u00c0 DOMICILE SUR LEQUEL VOUS POUVEZ COMPTER<\/strong> &#8211; Con\u00e7u pour l&rsquo;entra\u00eenement professionnel, ce tapis de course allant jusqu&rsquo;\u00e0 24 km \/ h et 20 niveaux d&rsquo;inclinaison vous permettra d&rsquo;atteindre vos objectifs fitness \u00e0 domicile.<\/li>\n<li><strong>INT\u00c9GRATION DE L&rsquo;APPLICATION KINOMAP<\/strong> &#8211; Maximisez votre tapis de course \u00e9lectriques \u00e0 domicile avec l&rsquo;application Kinomap &#8211; des milliers de vid\u00e9os d&rsquo;entra\u00eenement, du coaching et des entra\u00eenements structur\u00e9s pour booster votre motivation.<\/li>\n<li><strong>GARANTIE GRATUITE DE 12 MOIS<\/strong> &#8211; Nous nous engageons \u00e0 100% et sommes totalement confiants avec nos produits. Si des probl\u00e8mes techniques surviennent avec votre tapis de marche \u00e9lectrique dans les 12 premiers mois, nous le r\u00e9parons gratuitement.<\/li>\n<li><strong>SYST\u00c8ME DE PROTECTION DES JOINTS<\/strong> &#8211; Travaillez de mani\u00e8re optimale avec les 8 amortisseurs a\u00e9rodynamiques int\u00e9gr\u00e9s. Ce syst\u00e8me r\u00e9duit consid\u00e9rablement l&rsquo;impact sur vos articulations, rendant chaque foul\u00e9e aussi douce et douce que possible.<\/li>\n<li><strong>DE MULTIPLES FONCTIONNALIT\u00c9S<\/strong> &#8211; Pliez et rangez ce tapis de course avec le syst\u00e8me \u00ab push and release \u00bb. Capteurs manuels int\u00e9gr\u00e9s pour une surveillance pr\u00e9cise de la fr\u00e9quence cardiaque + \u00e9cran TFT pour cr\u00e9er votre exp\u00e9rience de course ultime.<\/li>\n<\/ul>\n","protected":false},"featured_media":645781,"comment_status":"open","ping_status":"closed","template":"","meta":[],"product_cat":[1010],"product_tag":[],"_links":{"self":[{"href":"https:\/\/last.bluefinfitness.com\/fr\/wp-json\/wp\/v2\/product\/190703"}],"collection":[{"href":"https:\/\/last.bluefinfitness.com\/fr\/wp-json\/wp\/v2\/product"}],"about":[{"href":"https:\/\/last.bluefinfitness.com\/fr\/wp-json\/wp\/v2\/types\/product"}],"replies":[{"embeddable":true,"href":"https:\/\/last.bluefinfitness.com\/fr\/wp-json\/wp\/v2\/comments?post=190703"}],"wp:featuredmedia":[{"embeddable":true,"href":"https:\/\/last.bluefinfitness.com\/fr\/wp-json\/wp\/v2\/media\/645781"}],"wp:attachment":[{"href":"https:\/\/last.bluefinfitness.com\/fr\/wp-json\/wp\/v2\/media?parent=190703"}],"wp:term":[{"taxonomy":"product_cat","embeddable":true,"href":"https:\/\/last.bluefinfitness.com\/fr\/wp-json\/wp\/v2\/product_cat?post=190703"},{"taxonomy":"product_tag","embeddable":true,"href":"https:\/\/last.bluefinfitness.com\/fr\/wp-json\/wp\/v2\/product_tag?post=190703"}],"curies":[{"name":"wp","href":"https:\/\/api.w.org\/{rel}","templated":true}]}}