{"id":200750,"date":"2020-11-24T15:13:53","date_gmt":"2020-11-24T15:13:53","guid":{"rendered":"https:\/\/www.bluefinfitness.com\/water-rower\/"},"modified":"2023-04-03T09:13:01","modified_gmt":"2023-04-03T09:13:01","slug":"rameur-a-eau-web-exclusive","status":"publish","type":"product","link":"https:\/\/last.bluefinfitness.com\/fr\/rameur-a-eau-web-exclusive\/","title":{"rendered":"Bluefin Fitness Blade Aqua W-1 Rameur Hydraulique en bois"},"content":{"rendered":"<p><span data-sheets-value=\"{&quot;1&quot;:2,&quot;2&quot;:&quot;Bluefin Aqua W-1 est le rameur \u00e0 eau qui completera votre \u00e9quipement de gym \u00e0 domicile. Bois de fr\u00eane am\u00e9ricain de haute qualit\u00e9 et 100% durable. R\u00e9servoir \u00e0 double chambre et r\u00e9sistance r\u00e9glable par l'utilisateur pour augmenter l'intensit\u00e9 de votre entra\u00eenement et travailler l'ensemble du corps. Mouvement fluide et sons de l'eau apaisants lors de l'entra\u00eenement, pour cr\u00e9er une exp\u00e9rience encore plus r\u00e9elle. Rameur pliable pour un rangement facile. Surveillez avec pr\u00e9cision votre fr\u00e9quence cardiaque tout au long de votre entra\u00eenement. Pompe \u00e0 eau \u00e9lectrique pour remplir rapidement le r\u00e9servoir d'eau. Mesurez votre : temps, vitesse, distance, calories et pouls durant chaque entra\u00eenement avec l'\u00e9cran num\u00e9rique LCD. Utilisez l'application Kinomap int\u00e9gr\u00e9e pour mobile ou tablette : connectez-vous via Bluetooth et analysez votre entra\u00eenement au fil du temps sur votre propre tableau de bord personnel.nn---Dans le carton ---n\u2022 Rameur Bluefin Fitness Blade Aqua W-1n\u2022 Console num\u00e9rique LCD - Pompe \u00e0 eau \u00e9lectriquen\u2022 Manuel d'instructionsn\u2022 Kit d'outils pour l'installation et la maintenancennn---Principales caract\u00e9ristiques---n\u2022 Mat\u00e9riau en fr\u00eane am\u00e9ricainn\u2022 R\u00e9sistance \u00e0 l'eau - Syst\u00e8me de r\u00e9servoir \u00e0 deux chambresn\u2022 Syst\u00e8me de pliage innovant 114,5 cm x 52,0 cm x 67,0 cmn\u2022 Application mobile \/ tablette Kinomap avec vid\u00e9os d'entra\u00eenementn\u2022 Ecran num\u00e9rique LCDn\u2022 Guidon ergonomiquen\u2022 P\u00e9dales antid\u00e9rapantes s\u00e9curis\u00e9esn\u2022 Si\u00e8ge rembourr\u00e9n\u2022 Support de tabletten\u2022 Pompe \u00e0 eau \u00e9lectrique&quot;}\" data-sheets-userformat=\"{&quot;2&quot;:15357,&quot;3&quot;:{&quot;1&quot;:0},&quot;5&quot;:{&quot;1&quot;:[{&quot;1&quot;:2,&quot;2&quot;:0,&quot;5&quot;:[null,2,0]},{&quot;1&quot;:0,&quot;2&quot;:0,&quot;3&quot;:3},{&quot;1&quot;:1,&quot;2&quot;:0,&quot;4&quot;:1}]},&quot;6&quot;:{&quot;1&quot;:[{&quot;1&quot;:2,&quot;2&quot;:0,&quot;5&quot;:[null,2,0]},{&quot;1&quot;:0,&quot;2&quot;:0,&quot;3&quot;:3},{&quot;1&quot;:1,&quot;2&quot;:0,&quot;4&quot;:1}]},&quot;7&quot;:{&quot;1&quot;:[{&quot;1&quot;:2,&quot;2&quot;:0,&quot;5&quot;:[null,2,0]},{&quot;1&quot;:0,&quot;2&quot;:0,&quot;3&quot;:3},{&quot;1&quot;:1,&quot;2&quot;:0,&quot;4&quot;:1}]},&quot;8&quot;:{&quot;1&quot;:[{&quot;1&quot;:2,&quot;2&quot;:0,&quot;5&quot;:[null,2,0]},{&quot;1&quot;:0,&quot;2&quot;:0,&quot;3&quot;:3},{&quot;1&quot;:1,&quot;2&quot;:0,&quot;4&quot;:1}]},&quot;9&quot;:0,&quot;10&quot;:1,&quot;11&quot;:4,&quot;12&quot;:0,&quot;14&quot;:[null,2,0],&quot;15&quot;:&quot;Arial&quot;,&quot;16&quot;:11}\">Bluefin Aqua W-1 est le Rameur Hydraulique en bois qui completera votre \u00e9quipement de gym \u00e0 domicile. Bois de fr\u00eane am\u00e9ricain de haute qualit\u00e9 et 100% durable. R\u00e9servoir \u00e0 double chambre et r\u00e9sistance r\u00e9glable par l&rsquo;utilisateur pour augmenter l&rsquo;intensit\u00e9 de votre entra\u00eenement et travailler l&rsquo;ensemble du corps. Mouvement fluide et sons de l&rsquo;eau apaisants lors de l&rsquo;entra\u00eenement, pour cr\u00e9er une exp\u00e9rience encore plus r\u00e9elle. Rameur pliable pour un rangement facile. Surveillez avec pr\u00e9cision votre fr\u00e9quence cardiaque tout au long de votre entra\u00eenement. Pompe \u00e0 eau \u00e9lectrique pour remplir rapidement le r\u00e9servoir d&rsquo;eau. Mesurez votre : temps, vitesse, distance, calories et pouls durant chaque entra\u00eenement avec l&rsquo;\u00e9cran num\u00e9rique LCD. Utilisez l&rsquo;application Kinomap int\u00e9gr\u00e9e pour mobile ou tablette : connectez-vous via Bluetooth et analysez votre entra\u00eenement au fil du temps sur votre propre tableau de bord personnel.<\/span><\/p>\n<p><strong>&#8212;Dans le carton &#8212;<\/strong><br \/>\n\u2022 Rameur Hydraulique en bois Bluefin Fitness Blade Aqua W-1<br \/>\n\u2022 Console num\u00e9rique LCD &#8211; Pompe \u00e0 eau \u00e9lectrique<br \/>\n\u2022 Manuel d&rsquo;instructions<br \/>\n\u2022 Kit d&rsquo;outils pour l&rsquo;installation et la maintenance<\/p>\n<p><strong>&#8212;Principales caract\u00e9ristiques&#8212;<\/strong><br \/>\n\u2022 Mat\u00e9riau en fr\u00eane am\u00e9ricain<br \/>\n\u2022 R\u00e9sistance \u00e0 l&rsquo;eau &#8211; Syst\u00e8me de r\u00e9servoir \u00e0 deux chambres<br \/>\n\u2022 Syst\u00e8me de pliage innovant 114,5 cm x 52,0 cm x 67,0 cm<br \/>\n\u2022 Application mobile \/ tablette Kinomap avec vid\u00e9os d&rsquo;entra\u00eenement<br \/>\n\u2022 Ecran num\u00e9rique LCD<br \/>\n\u2022 Guidon ergonomique<br \/>\n\u2022 P\u00e9dales antid\u00e9rapantes s\u00e9curis\u00e9es<br \/>\n\u2022 Si\u00e8ge rembourr\u00e9<br \/>\n\u2022 Support de tablette<br \/>\n\u2022 Pompe \u00e0 eau \u00e9lectrique<\/p>\n\t<div id=\"gap-16637795\" class=\"gap-element clearfix\" style=\"display:block; height:auto;\">\n\t\t\n<style>\n#gap-16637795 {\n  padding-top: 30px;\n}\n<\/style>\n\t<\/div>\n\t\n<div class=\"row\"  id=\"row-681544831\">\n\n\t<div id=\"col-59450377\" class=\"col medium-4 small-12 large-4\"  >\n\t\t\t\t<div class=\"col-inner\"  >\n\t\t\t\n\t\t\t\n\t<div class=\"box has-hover   has-hover box-text-bottom\" >\n\n\t\t<div class=\"box-image\" >\n\t\t\t\t\t\t<div class=\"\" >\n\t\t\t\t<img decoding=\"async\" width=\"1001\" height=\"1001\" src=\"https:\/\/last.bluefinfitness.com\/wp-content\/uploads\/2020\/11\/Blade-Aqua_FR-02.png\" class=\"attachment- size-\" alt=\"Bluefin rameur hydraulique en bois\" srcset=\"https:\/\/last.bluefinfitness.com\/wp-content\/uploads\/2020\/11\/Blade-Aqua_FR-02.png 1001w, https:\/\/last.bluefinfitness.com\/wp-content\/uploads\/2020\/11\/Blade-Aqua_FR-02-300x300.png 300w, https:\/\/last.bluefinfitness.com\/wp-content\/uploads\/2020\/11\/Blade-Aqua_FR-02-150x150.png 150w, https:\/\/last.bluefinfitness.com\/wp-content\/uploads\/2020\/11\/Blade-Aqua_FR-02-768x768.png 768w, https:\/\/last.bluefinfitness.com\/wp-content\/uploads\/2020\/11\/Blade-Aqua_FR-02-500x500.png 500w, https:\/\/last.bluefinfitness.com\/wp-content\/uploads\/2020\/11\/Blade-Aqua_FR-02-100x100.png 100w\" sizes=\"(max-width: 1001px) 100vw, 1001px\" \/>\t\t\t\t\t\t\t\t\t\t\t<\/div>\n\t\t\t\t\t<\/div>\n\n\t\t<div class=\"box-text text-center\" >\n\t\t\t<div class=\"box-text-inner\">\n\t\t\t\t\n<p style=\"text-align: left;\"><strong>Compatible avec l&rsquo;application Kinomap<\/strong>. Entra\u00eenez-vous en temps r\u00e9el ! Connectez votre application Kinomap Fitness au Blade Aqua W-1 via Bluetooth et commencez \u00e0 vous entra\u00eener depuis le confort de votre maison. Suivez \u00e9galement vos entra\u00eenements sur votre tableau de bord personnel, pour atteindre vos objectifs de remise en forme.<\/p>\n\t\t\t<\/div>\n\t\t<\/div>\n\t<\/div>\n\t\n\t\t<\/div>\n\t\t\t\t\t<\/div>\n\n\t\n\n\t<div id=\"col-104816190\" class=\"col medium-4 small-12 large-4\"  >\n\t\t\t\t<div class=\"col-inner\"  >\n\t\t\t\n\t\t\t\n\t<div class=\"box has-hover   has-hover box-text-bottom\" >\n\n\t\t<div class=\"box-image\" >\n\t\t\t\t\t\t<div class=\"\" >\n\t\t\t\t<img decoding=\"async\" width=\"1001\" height=\"1000\" src=\"https:\/\/last.bluefinfitness.com\/wp-content\/uploads\/2020\/11\/Blade-Aqua_FR-03.png\" class=\"attachment- size-\" alt=\"Bluefin rameur hydraulique en bois\" srcset=\"https:\/\/last.bluefinfitness.com\/wp-content\/uploads\/2020\/11\/Blade-Aqua_FR-03.png 1001w, https:\/\/last.bluefinfitness.com\/wp-content\/uploads\/2020\/11\/Blade-Aqua_FR-03-300x300.png 300w, https:\/\/last.bluefinfitness.com\/wp-content\/uploads\/2020\/11\/Blade-Aqua_FR-03-150x150.png 150w, https:\/\/last.bluefinfitness.com\/wp-content\/uploads\/2020\/11\/Blade-Aqua_FR-03-768x767.png 768w, https:\/\/last.bluefinfitness.com\/wp-content\/uploads\/2020\/11\/Blade-Aqua_FR-03-500x500.png 500w, https:\/\/last.bluefinfitness.com\/wp-content\/uploads\/2020\/11\/Blade-Aqua_FR-03-100x100.png 100w\" sizes=\"(max-width: 1001px) 100vw, 1001px\" \/>\t\t\t\t\t\t\t\t\t\t\t<\/div>\n\t\t\t\t\t<\/div>\n\n\t\t<div class=\"box-text text-center\" >\n\t\t\t<div class=\"box-text-inner\">\n\t\t\t\t\n<p style=\"text-align: left;\"><strong>D\u00e9couvrez la r\u00e9sistance \u00e0 l&rsquo;eau<\/strong>. Le Blade Aqua fait passer votre entra\u00eenement au niveau sup\u00e9rieur avec un impressionnant syst\u00e8me de r\u00e9servoir \u00e0 double chambre et une r\u00e9sistance r\u00e9glable, vous permettant d&rsquo;augmenter l&rsquo;intensit\u00e9 de votre entra\u00eenement contre l&rsquo;eau. Am\u00e9liorez votre sant\u00e9 cardio-vasculaire et perfectionnez votre technique en recr\u00e9ant une v\u00e9ritable exp\u00e9rience d&rsquo;aviron depuis chez vous.<\/p>\n\t\t\t<\/div>\n\t\t<\/div>\n\t<\/div>\n\t\n\t\t<\/div>\n\t\t\t\t\t<\/div>\n\n\t\n\n\t<div id=\"col-12319062\" class=\"col medium-4 small-12 large-4\"  >\n\t\t\t\t<div class=\"col-inner\"  >\n\t\t\t\n\t\t\t\n\t<div class=\"box has-hover   has-hover box-text-bottom\" >\n\n\t\t<div class=\"box-image\" >\n\t\t\t\t\t\t<div class=\"\" >\n\t\t\t\t<img decoding=\"async\" width=\"1001\" height=\"1000\" src=\"https:\/\/last.bluefinfitness.com\/wp-content\/uploads\/2020\/11\/Blade-Aqua_FR-04.png\" class=\"attachment- size-\" alt=\"Bluefin rameur hydraulique en bois\" srcset=\"https:\/\/last.bluefinfitness.com\/wp-content\/uploads\/2020\/11\/Blade-Aqua_FR-04.png 1001w, https:\/\/last.bluefinfitness.com\/wp-content\/uploads\/2020\/11\/Blade-Aqua_FR-04-300x300.png 300w, https:\/\/last.bluefinfitness.com\/wp-content\/uploads\/2020\/11\/Blade-Aqua_FR-04-150x150.png 150w, https:\/\/last.bluefinfitness.com\/wp-content\/uploads\/2020\/11\/Blade-Aqua_FR-04-768x767.png 768w, https:\/\/last.bluefinfitness.com\/wp-content\/uploads\/2020\/11\/Blade-Aqua_FR-04-500x500.png 500w, https:\/\/last.bluefinfitness.com\/wp-content\/uploads\/2020\/11\/Blade-Aqua_FR-04-100x100.png 100w\" sizes=\"(max-width: 1001px) 100vw, 1001px\" \/>\t\t\t\t\t\t\t\t\t\t\t<\/div>\n\t\t\t\t\t<\/div>\n\n\t\t<div class=\"box-text text-center\" >\n\t\t\t<div class=\"box-text-inner\">\n\t\t\t\t\n<p style=\"text-align: left;\"><strong>S\u00e9ance du corps entier.<\/strong> Renforcement musculaire et endurance. Am\u00e9liorez vos performances physiques gr\u00e2ce au mouvement d&rsquo;aviron fluide. Vous croirez m\u00eame que vous naviguez sur un lac avec les sons apaisants de l&rsquo;eau du r\u00e9servoir ! Les p\u00e9dales antid\u00e9rapantes \u00e0 la pointe de la technologie, le guidon ergonomique et le si\u00e8ge rembourr\u00e9 rendent l&rsquo;exp\u00e9rience encore plus confortable.<\/p>\n\t\t\t<\/div>\n\t\t<\/div>\n\t<\/div>\n\t\n\t\t<\/div>\n\t\t\t\t\t<\/div>\n\n\t\n<\/div>\n<div class=\"row\"  id=\"row-528206825\">\n\n\t<div id=\"col-144809136\" class=\"col medium-4 small-12 large-4\"  >\n\t\t\t\t<div class=\"col-inner\"  >\n\t\t\t\n\t\t\t\n\t<div class=\"box has-hover   has-hover box-text-bottom\" >\n\n\t\t<div class=\"box-image\" >\n\t\t\t\t\t\t<div class=\"\" >\n\t\t\t\t<img decoding=\"async\" width=\"1001\" height=\"1001\" src=\"https:\/\/last.bluefinfitness.com\/wp-content\/uploads\/2020\/11\/Blade-Aqua_FR-06.png\" class=\"attachment- size-\" alt=\"Bluefin rameur hydraulique en bois\" srcset=\"https:\/\/last.bluefinfitness.com\/wp-content\/uploads\/2020\/11\/Blade-Aqua_FR-06.png 1001w, https:\/\/last.bluefinfitness.com\/wp-content\/uploads\/2020\/11\/Blade-Aqua_FR-06-300x300.png 300w, https:\/\/last.bluefinfitness.com\/wp-content\/uploads\/2020\/11\/Blade-Aqua_FR-06-150x150.png 150w, https:\/\/last.bluefinfitness.com\/wp-content\/uploads\/2020\/11\/Blade-Aqua_FR-06-768x768.png 768w, https:\/\/last.bluefinfitness.com\/wp-content\/uploads\/2020\/11\/Blade-Aqua_FR-06-500x500.png 500w, https:\/\/last.bluefinfitness.com\/wp-content\/uploads\/2020\/11\/Blade-Aqua_FR-06-100x100.png 100w\" sizes=\"(max-width: 1001px) 100vw, 1001px\" \/>\t\t\t\t\t\t\t\t\t\t\t<\/div>\n\t\t\t\t\t<\/div>\n\n\t\t<div class=\"box-text text-center\" >\n\t\t\t<div class=\"box-text-inner\">\n\t\t\t\t\n<p style=\"text-align: left;\"><strong>Fonctionnalit\u00e9s pratiques.<\/strong> Surveillez vos performances. Le Blade Aqua W-1 comprend de nombreuses fonctionnalit\u00e9s pour personnaliser votre entra\u00eenement. L&rsquo;\u00e9cran num\u00e9rique LCD vous permet de suivre avec pr\u00e9cision votre fr\u00e9quence cardiaque, votre vitesse, la distance, le temps, etc. Sans oublier la pompe \u00e0 eau \u00e9lectrique incluse, qui vous garantit de rapidement remplir le r\u00e9servoir d&rsquo;eau. Plus vous ajoutez d&rsquo;eau, plus la r\u00e9sistance est \u00e9lev\u00e9e !<\/p>\n\t\t\t<\/div>\n\t\t<\/div>\n\t<\/div>\n\t\n\t\t<\/div>\n\t\t\t\t\t<\/div>\n\n\t\n\n\t<div id=\"col-926394166\" class=\"col medium-4 small-12 large-4\"  >\n\t\t\t\t<div class=\"col-inner\"  >\n\t\t\t\n\t\t\t\n\t<div class=\"box has-hover   has-hover box-text-bottom\" >\n\n\t\t<div class=\"box-image\" >\n\t\t\t\t\t\t<div class=\"\" >\n\t\t\t\t<img decoding=\"async\" width=\"1000\" height=\"1000\" src=\"https:\/\/last.bluefinfitness.com\/wp-content\/uploads\/2020\/11\/Blade-Aqua_FR-05.png\" class=\"attachment- size-\" alt=\"Bluefin rameur hydraulique en bois\" srcset=\"https:\/\/last.bluefinfitness.com\/wp-content\/uploads\/2020\/11\/Blade-Aqua_FR-05.png 1000w, https:\/\/last.bluefinfitness.com\/wp-content\/uploads\/2020\/11\/Blade-Aqua_FR-05-300x300.png 300w, https:\/\/last.bluefinfitness.com\/wp-content\/uploads\/2020\/11\/Blade-Aqua_FR-05-150x150.png 150w, https:\/\/last.bluefinfitness.com\/wp-content\/uploads\/2020\/11\/Blade-Aqua_FR-05-768x768.png 768w, https:\/\/last.bluefinfitness.com\/wp-content\/uploads\/2020\/11\/Blade-Aqua_FR-05-500x500.png 500w, https:\/\/last.bluefinfitness.com\/wp-content\/uploads\/2020\/11\/Blade-Aqua_FR-05-100x100.png 100w\" sizes=\"(max-width: 1000px) 100vw, 1000px\" \/>\t\t\t\t\t\t\t\t\t\t\t<\/div>\n\t\t\t\t\t<\/div>\n\n\t\t<div class=\"box-text text-center\" >\n\t\t\t<div class=\"box-text-inner\">\n\t\t\t\t\n<p style=\"text-align: left;\"><strong>Pliable pour un rangement facile<\/strong>. Soulevez et pliez. Le rameur se soul\u00e8ve et se replie facilement pour un rangement compact lorsqu&rsquo;il n&rsquo;est pas utilis\u00e9. Des roues sont \u00e9galement int\u00e9gr\u00e9es, vous permettant de transporter le rameur sur des surfaces planes.<\/p>\n\t\t\t<\/div>\n\t\t<\/div>\n\t<\/div>\n\t\n\t\t<\/div>\n\t\t\t\t\t<\/div>\n\n\t\n\n\t<div id=\"col-585228948\" class=\"col medium-4 small-12 large-4\"  >\n\t\t\t\t<div class=\"col-inner\"  >\n\t\t\t\n\t\t\t\n\t<div class=\"box has-hover   has-hover box-text-bottom\" >\n\n\t\t<div class=\"box-image\" >\n\t\t\t\t\t\t<div class=\"\" >\n\t\t\t\t<img decoding=\"async\" width=\"1001\" height=\"1001\" src=\"https:\/\/last.bluefinfitness.com\/wp-content\/uploads\/2020\/11\/Blade-Aqua_FR-07.png\" class=\"attachment- size-\" alt=\"Bluefin rameur hydraulique en bois\" srcset=\"https:\/\/last.bluefinfitness.com\/wp-content\/uploads\/2020\/11\/Blade-Aqua_FR-07.png 1001w, https:\/\/last.bluefinfitness.com\/wp-content\/uploads\/2020\/11\/Blade-Aqua_FR-07-300x300.png 300w, https:\/\/last.bluefinfitness.com\/wp-content\/uploads\/2020\/11\/Blade-Aqua_FR-07-150x150.png 150w, https:\/\/last.bluefinfitness.com\/wp-content\/uploads\/2020\/11\/Blade-Aqua_FR-07-768x768.png 768w, https:\/\/last.bluefinfitness.com\/wp-content\/uploads\/2020\/11\/Blade-Aqua_FR-07-500x500.png 500w, https:\/\/last.bluefinfitness.com\/wp-content\/uploads\/2020\/11\/Blade-Aqua_FR-07-100x100.png 100w\" sizes=\"(max-width: 1001px) 100vw, 1001px\" \/>\t\t\t\t\t\t\t\t\t\t\t<\/div>\n\t\t\t\t\t<\/div>\n\n\t\t<div class=\"box-text text-center\" >\n\t\t\t<div class=\"box-text-inner\">\n\t\t\t\t\n<p style=\"text-align: left;\"><strong>Dimensions et taille.<\/strong><br \/>\nLe bon rameur pour vous. Les dimensions du Blade Aqua sont: 55,0 cm x 206,0 cm x 52,0 cm lorsqu&rsquo;il est assembl\u00e9 et 113,0 cm x 69,0 cm x 52,0 cm lorsqu&rsquo;il est repli\u00e9.<\/p>\n\t\t\t<\/div>\n\t\t<\/div>\n\t<\/div>\n\t\n\t\t<\/div>\n\t\t\t\t\t<\/div>\n\n\t\n<\/div>\n<div class=\"row\"  id=\"row-1595965775\">\n\n\t<div id=\"col-829127163\" class=\"col medium-5 small-12 large-5\"  >\n\t\t\t\t<div class=\"col-inner\"  >\n\t\t\t\n\t\t\t\n\t<div class=\"img has-hover x md-x lg-x y md-y lg-y\" id=\"image_25949106\">\n\t\t\t\t\t\t\t\t<div class=\"img-inner dark\" >\n\t\t\t<img decoding=\"async\" width=\"800\" height=\"800\" src=\"https:\/\/last.bluefinfitness.com\/wp-content\/uploads\/2020\/11\/BLADE__AQUA__W-1__8-2.png\" class=\"attachment-large size-large\" alt=\"Bluefin rameur hydraulique en bois\" srcset=\"https:\/\/last.bluefinfitness.com\/wp-content\/uploads\/2020\/11\/BLADE__AQUA__W-1__8-2.png 1000w, https:\/\/last.bluefinfitness.com\/wp-content\/uploads\/2020\/11\/BLADE__AQUA__W-1__8-2-300x300.png 300w, https:\/\/last.bluefinfitness.com\/wp-content\/uploads\/2020\/11\/BLADE__AQUA__W-1__8-2-150x150.png 150w, https:\/\/last.bluefinfitness.com\/wp-content\/uploads\/2020\/11\/BLADE__AQUA__W-1__8-2-768x768.png 768w, https:\/\/last.bluefinfitness.com\/wp-content\/uploads\/2020\/11\/BLADE__AQUA__W-1__8-2-500x500.png 500w, https:\/\/last.bluefinfitness.com\/wp-content\/uploads\/2020\/11\/BLADE__AQUA__W-1__8-2-100x100.png 100w\" sizes=\"(max-width: 800px) 100vw, 800px\" \/>\t\t\t\t\t\t\n\t\t\t\t\t<\/div>\n\t\t\t\t\t\t\t\t\n<style>\n#image_25949106 {\n  width: 100%;\n}\n<\/style>\n\t<\/div>\n\t\n\t\t<\/div>\n\t\t\t\t\t<\/div>\n\n\t\n\n\t<div id=\"col-2008243567\" class=\"col medium-7 small-12 large-7\"  >\n\t\t\t\t<div class=\"col-inner\"  >\n\t\t\t\n\t\t\t\n<ul>\n<li style=\"text-align: left;\">Rameur en bois Bluefin Fitness Blade Aqua.<\/li>\n<li style=\"text-align: left;\">\u00c9cologique et durablev: Le Blade Aqua est le compl\u00e9ment \u00e9cologique parfait \u00e0 votre salle de gym \u00e0 domicile.<\/li>\n<li style=\"text-align: left;\">Construit \u00e0 partir de fr\u00eane am\u00e9ricain 100% authentique et de qualit\u00e9 sup\u00e9rieure, le rameur est \u00e0 la pointe des \u00e9quipements d&rsquo;entra\u00eenement durables.<\/li>\n<\/ul>\n\t\t<\/div>\n\t\t\t\t\t<\/div>\n\n\t\n<\/div>\n\t<div id=\"gap-947731087\" class=\"gap-element clearfix\" style=\"display:block; height:auto;\">\n\t\t\n<style>\n#gap-947731087 {\n  padding-top: 30px;\n}\n<\/style>\n\t<\/div>\n\t\n","protected":false},"excerpt":{"rendered":"<ul>\n<li style=\"text-align: left;\"><strong>PUISSANCE DE R\u00c9SISTANCE AQUATIQUE<\/strong> &#8211; Boostez votre entra\u00eenement avec la puissance de r\u00e9sistance \u00e0 l&rsquo;eau du rameur d&rsquo;appartment Blade Aqua. Le r\u00e9servoir \u00e0 double chambre et la r\u00e9sistance r\u00e9glable vous donnent l&rsquo;impression de naviguer sur l&rsquo;eau.<\/li>\n<li style=\"text-align: left;\"><strong>100% DURABILIT\u00c9<\/strong> &#8211; Con\u00e7u par des professionnels \u00e0 partir de bois de fr\u00eane authentique, un mat\u00e9riau durable de haute qualit\u00e9. Le rameur Blade Aqua vous permettra de d\u00e9velopper vos muscles et votre endurance, tout en r\u00e9duisant votre empreinte carbone.<\/li>\n<li style=\"text-align: left;\"><strong>GARANTIE GRATUITE DE 12 MOIS<\/strong> &#8211; Nous nous engageons \u00e0 100% envers nos clients et sommes totalement confiants avec nos produits. Si des probl\u00e8mes techniques surviennent dans les 12 premiers mois, nous les r\u00e9glerons gratuitement.<\/li>\n<li style=\"text-align: left;\"><strong>INT\u00c9GRATION DE L&rsquo;APPLICATION KINOMAP<\/strong> &#8211; Intensifiez vos s\u00e9ances \u00e0 domicile avec l&rsquo;application Kinomap &#8211; avec des milliers de vid\u00e9os d&rsquo;entra\u00eenement, du coaching, des entra\u00eenements structur\u00e9s, vous serez toujours motiv\u00e9 pour atteindre vos objectifs.<\/li>\n<li style=\"text-align: left;\"><strong>FONCTIONNALITES PRATIQUES<\/strong> &#8211; Pliez et rangez ce rameur eau avec le syst\u00e8me int\u00e9gr\u00e9 de \u00ablevage et de pliage\u00bb. Surveillance pr\u00e9cise de la fr\u00e9quence cardiaque + console num\u00e9rique + support de tablette pour suivre vos progr\u00e8s.<\/li>\n<\/ul>\n","protected":false},"featured_media":644929,"comment_status":"open","ping_status":"closed","template":"","meta":[],"product_cat":[1014],"product_tag":[],"_links":{"self":[{"href":"https:\/\/last.bluefinfitness.com\/fr\/wp-json\/wp\/v2\/product\/200750"}],"collection":[{"href":"https:\/\/last.bluefinfitness.com\/fr\/wp-json\/wp\/v2\/product"}],"about":[{"href":"https:\/\/last.bluefinfitness.com\/fr\/wp-json\/wp\/v2\/types\/product"}],"replies":[{"embeddable":true,"href":"https:\/\/last.bluefinfitness.com\/fr\/wp-json\/wp\/v2\/comments?post=200750"}],"wp:featuredmedia":[{"embeddable":true,"href":"https:\/\/last.bluefinfitness.com\/fr\/wp-json\/wp\/v2\/media\/644929"}],"wp:attachment":[{"href":"https:\/\/last.bluefinfitness.com\/fr\/wp-json\/wp\/v2\/media?parent=200750"}],"wp:term":[{"taxonomy":"product_cat","embeddable":true,"href":"https:\/\/last.bluefinfitness.com\/fr\/wp-json\/wp\/v2\/product_cat?post=200750"},{"taxonomy":"product_tag","embeddable":true,"href":"https:\/\/last.bluefinfitness.com\/fr\/wp-json\/wp\/v2\/product_tag?post=200750"}],"curies":[{"name":"wp","href":"https:\/\/api.w.org\/{rel}","templated":true}]}}