{"id":21398,"date":"2019-01-21T10:22:01","date_gmt":"2019-01-21T10:22:01","guid":{"rendered":"https:\/\/www.bluefinfitness.com\/product\/multi-functional-folding-weights-bench\/"},"modified":"2022-11-21T12:36:40","modified_gmt":"2022-11-21T12:36:40","slug":"banc-de-musculation-pliable-web-exclusive","status":"publish","type":"product","link":"https:\/\/last.bluefinfitness.com\/fr\/banc-de-musculation-pliable-web-exclusive\/","title":{"rendered":"Banc de Musculation Bluefin"},"content":{"rendered":"\t<div id=\"text-663144383\" class=\"text hidden\">\n\t\t\n<h2 style=\"text-align: center;\"><strong>Banc de Musculation Pliable Multifonction de Bluefin<br \/>\n<\/strong><em><span style=\"font-size: 75%;\">Multifonction | Rangement Rapide | Conception Haute Qualit\u00e9 | Syst\u00e8me de Blocage Intelligent<\/span><\/em><\/h2>\n\t\t\t<\/div>\n\t\n\t<div class=\"img has-hover hidden x md-x lg-x y md-y lg-y\" id=\"image_941902010\">\n\t\t\t\t\t\t\t\t<div class=\"img-inner dark\" >\n\t\t\t<img decoding=\"async\" width=\"970\" height=\"300\" src=\"https:\/\/last.bluefinfitness.com\/wp-content\/uploads\/2019\/01\/bfit_WB_hero_a_plus-jpg.jpg\" class=\"attachment-large size-large\" alt=\"Bluefin 3d vibration plate\" srcset=\"https:\/\/last.bluefinfitness.com\/wp-content\/uploads\/2019\/01\/bfit_WB_hero_a_plus-jpg.jpg 970w, https:\/\/last.bluefinfitness.com\/wp-content\/uploads\/2019\/01\/bfit_WB_hero_a_plus-jpg-300x93.jpg 300w, https:\/\/last.bluefinfitness.com\/wp-content\/uploads\/2019\/01\/bfit_WB_hero_a_plus-jpg-768x238.jpg 768w, https:\/\/last.bluefinfitness.com\/wp-content\/uploads\/2019\/01\/bfit_WB_hero_a_plus-jpg-500x155.jpg 500w\" sizes=\"(max-width: 970px) 100vw, 970px\" \/>\t\t\t\t\t\t\n\t\t\t\t\t<\/div>\n\t\t\t\t\t\t\t\t\n<style>\n#image_941902010 {\n  width: 100%;\n}\n<\/style>\n\t<\/div>\n\t\n\t<div id=\"gap-1842930135\" class=\"gap-element clearfix hidden\" style=\"display:block; height:auto;\">\n\t\t\n<style>\n#gap-1842930135 {\n  padding-top: 30px;\n}\n<\/style>\n\t<\/div>\n\t\n<div class=\"row row-small align-center\"  id=\"row-919664154\">\n\n\t<div id=\"col-2000498300\" class=\"col medium-4 small-12 large-4\"  >\n\t\t\t\t<div class=\"col-inner\"  >\n\t\t\t\n\t\t\t\n\t<div class=\"box has-hover   has-hover box-text-bottom\" >\n\n\t\t<div class=\"box-image\" >\n\t\t\t\t\t\t<div class=\"\" >\n\t\t\t\t<img decoding=\"async\" width=\"601\" height=\"601\" src=\"https:\/\/last.bluefinfitness.com\/wp-content\/uploads\/2021\/02\/Lift_Web-Images-600x600px_FR_08.png\" class=\"attachment- size-\" alt=\"Bluefin 3d vibration plate\" srcset=\"https:\/\/last.bluefinfitness.com\/wp-content\/uploads\/2021\/02\/Lift_Web-Images-600x600px_FR_08.png 601w, https:\/\/last.bluefinfitness.com\/wp-content\/uploads\/2021\/02\/Lift_Web-Images-600x600px_FR_08-300x300.png 300w, https:\/\/last.bluefinfitness.com\/wp-content\/uploads\/2021\/02\/Lift_Web-Images-600x600px_FR_08-150x150.png 150w, https:\/\/last.bluefinfitness.com\/wp-content\/uploads\/2021\/02\/Lift_Web-Images-600x600px_FR_08-500x500.png 500w, https:\/\/last.bluefinfitness.com\/wp-content\/uploads\/2021\/02\/Lift_Web-Images-600x600px_FR_08-100x100.png 100w\" sizes=\"(max-width: 601px) 100vw, 601px\" \/>\t\t\t\t\t\t\t\t\t\t\t<\/div>\n\t\t\t\t\t<\/div>\n\n\t\t<div class=\"box-text text-center\" >\n\t\t\t<div class=\"box-text-inner\">\n\t\t\t\t\n<h4 class=\"a-spacing-mini\" style=\"text-align: left;\">Options d&rsquo;Entra\u00eenement Illimit\u00e9es<\/h4>\n<p style=\"text-align: left;\"><span class=\"a-text-bold\">Passer facilement de la station Inclin\u00e9e, D\u00e9clin\u00e9e, Plate, en Hyper-extension, pour les Abdos ou pour les Biceps. Faites de vos objectifs fitness une r\u00e9alit\u00e9 gr\u00e2ce \u00e0 ses options illimit\u00e9es d&rsquo;entra\u00eenement.<\/span><\/p>\n<p style=\"text-align: left;\"><span class=\"a-text-bold\">Le Banc de Musculation Bluefin s&rsquo;adapte facilement \u00e0 chaque configuration, avec toutes les instructions incluses.<\/span><\/p>\n<p style=\"text-align: left;\"><span class=\"a-text-bold\">La technologie \u00e9l\u00e9gante de pliage vous permet de le ranger en moins de 20 secondes. Se glisse sous le lit ou derri\u00e8re le canap\u00e9 entre les entra\u00eenements.<\/span><\/p>\n\t\t\t<\/div>\n\t\t<\/div>\n\t<\/div>\n\t\n\t\t<\/div>\n\t\t\t\t\t<\/div>\n\n\t\n\n\t<div id=\"col-372880140\" class=\"col medium-4 small-12 large-4\"  >\n\t\t\t\t<div class=\"col-inner\"  >\n\t\t\t\n\t\t\t\n\t<div class=\"box has-hover   has-hover box-text-bottom\" >\n\n\t\t<div class=\"box-image\" >\n\t\t\t\t\t\t<div class=\"\" >\n\t\t\t\t<img decoding=\"async\" width=\"601\" height=\"601\" src=\"https:\/\/last.bluefinfitness.com\/wp-content\/uploads\/2021\/02\/Lift_Web-Images-600x600px_FR_07.png\" class=\"attachment- size-\" alt=\"Bluefin 3d vibration plate\" srcset=\"https:\/\/last.bluefinfitness.com\/wp-content\/uploads\/2021\/02\/Lift_Web-Images-600x600px_FR_07.png 601w, https:\/\/last.bluefinfitness.com\/wp-content\/uploads\/2021\/02\/Lift_Web-Images-600x600px_FR_07-300x300.png 300w, https:\/\/last.bluefinfitness.com\/wp-content\/uploads\/2021\/02\/Lift_Web-Images-600x600px_FR_07-150x150.png 150w, https:\/\/last.bluefinfitness.com\/wp-content\/uploads\/2021\/02\/Lift_Web-Images-600x600px_FR_07-500x500.png 500w, https:\/\/last.bluefinfitness.com\/wp-content\/uploads\/2021\/02\/Lift_Web-Images-600x600px_FR_07-100x100.png 100w\" sizes=\"(max-width: 601px) 100vw, 601px\" \/>\t\t\t\t\t\t\t\t\t\t\t<\/div>\n\t\t\t\t\t<\/div>\n\n\t\t<div class=\"box-text text-center\" >\n\t\t\t<div class=\"box-text-inner\">\n\t\t\t\t\n<h4 class=\"a-spacing-mini\" style=\"text-align: left;\">Technologie d&rsquo;Assis Rembourr\u00e9e<\/h4>\n<p style=\"text-align: left;\"><span class=\"a-text-bold\">Le r\u00eavetement imperm\u00e9able EVA vous offre un confort additionnel &amp; un support dorsal pendant votre entra\u00eenement.<\/span><\/p>\n<p style=\"text-align: left;\"><span class=\"a-text-bold\">Rev\u00eatement confortable, propre et antimicrobien pour des entra\u00eenements intensifs.<\/span><\/p>\n<p style=\"text-align: left;\"><span class=\"a-text-bold\">L&rsquo;assise unique et ergonomique est sp\u00e9cialement con\u00e7ue pour vous offrir un rembourrage ferme mais confortable pour tous les aspects clefs<\/span><\/p>\n\t\t\t<\/div>\n\t\t<\/div>\n\t<\/div>\n\t\n\t\t<\/div>\n\t\t\t\t\t<\/div>\n\n\t\n\n\t<div id=\"col-603443058\" class=\"col medium-4 small-12 large-4\"  >\n\t\t\t\t<div class=\"col-inner\"  >\n\t\t\t\n\t\t\t\n\t<div class=\"box has-hover   has-hover box-text-bottom\" >\n\n\t\t<div class=\"box-image\" >\n\t\t\t\t\t\t<div class=\"\" >\n\t\t\t\t<img decoding=\"async\" width=\"601\" height=\"601\" src=\"https:\/\/last.bluefinfitness.com\/wp-content\/uploads\/2021\/02\/Lift_Web-Images-600x600px_FR_06.png\" class=\"attachment- size-\" alt=\"Bluefin 3d vibration plate\" srcset=\"https:\/\/last.bluefinfitness.com\/wp-content\/uploads\/2021\/02\/Lift_Web-Images-600x600px_FR_06.png 601w, https:\/\/last.bluefinfitness.com\/wp-content\/uploads\/2021\/02\/Lift_Web-Images-600x600px_FR_06-300x300.png 300w, https:\/\/last.bluefinfitness.com\/wp-content\/uploads\/2021\/02\/Lift_Web-Images-600x600px_FR_06-150x150.png 150w, https:\/\/last.bluefinfitness.com\/wp-content\/uploads\/2021\/02\/Lift_Web-Images-600x600px_FR_06-500x500.png 500w, https:\/\/last.bluefinfitness.com\/wp-content\/uploads\/2021\/02\/Lift_Web-Images-600x600px_FR_06-100x100.png 100w\" sizes=\"(max-width: 601px) 100vw, 601px\" \/>\t\t\t\t\t\t\t\t\t\t\t<\/div>\n\t\t\t\t\t<\/div>\n\n\t\t<div class=\"box-text text-center\" >\n\t\t\t<div class=\"box-text-inner\">\n\t\t\t\t\n<h4 class=\"a-spacing-mini\" style=\"text-align: left;\">Conception de Qualit\u00e9 Commerciale<\/h4>\n<p style=\"text-align: left;\"><span class=\"a-text-bold\">La structure en acier galvanis\u00e9 ne dispose d&rsquo;aucune partie perdable, et dispose d&rsquo;un syst\u00e8me de blocage intelligent qui vous s\u00e9curise et vous permet de repousser les limites de votre entra\u00eenement, m\u00eame intensif.<\/span><\/p>\n<p style=\"text-align: left;\"><span class=\"a-text-bold\">Les poign\u00e9es et les barres pour les jambes disposent de rembourrages en mousse extr\u00eamement durables.<\/span><\/p>\n<p style=\"text-align: left;\"><span class=\"a-text-bold\">La base extra-large en caoutchouc ajout une agrippe suppl\u00e9mentaire et offre une stabilit\u00e9 clef.<\/span><\/p>\n\t\t\t<\/div>\n\t\t<\/div>\n\t<\/div>\n\t\n\t\t<\/div>\n\t\t\t\t\t<\/div>\n\n\t\n<\/div>\n<div class=\"row row-small align-center\"  id=\"row-418364798\">\n\n\t<div id=\"col-908311303\" class=\"col medium-4 small-12 large-4\"  >\n\t\t\t\t<div class=\"col-inner\"  >\n\t\t\t\n\t\t\t\n\t<div class=\"box has-hover   has-hover box-text-bottom\" >\n\n\t\t<div class=\"box-image\" >\n\t\t\t\t\t\t<div class=\"\" >\n\t\t\t\t<img decoding=\"async\" width=\"601\" height=\"601\" src=\"https:\/\/last.bluefinfitness.com\/wp-content\/uploads\/2021\/02\/Lift_Web-Images-600x600px_FR_09.png\" class=\"attachment- size-\" alt=\"Bluefin 3d vibration plate\" srcset=\"https:\/\/last.bluefinfitness.com\/wp-content\/uploads\/2021\/02\/Lift_Web-Images-600x600px_FR_09.png 601w, https:\/\/last.bluefinfitness.com\/wp-content\/uploads\/2021\/02\/Lift_Web-Images-600x600px_FR_09-300x300.png 300w, https:\/\/last.bluefinfitness.com\/wp-content\/uploads\/2021\/02\/Lift_Web-Images-600x600px_FR_09-150x150.png 150w, https:\/\/last.bluefinfitness.com\/wp-content\/uploads\/2021\/02\/Lift_Web-Images-600x600px_FR_09-500x500.png 500w, https:\/\/last.bluefinfitness.com\/wp-content\/uploads\/2021\/02\/Lift_Web-Images-600x600px_FR_09-100x100.png 100w\" sizes=\"(max-width: 601px) 100vw, 601px\" \/>\t\t\t\t\t\t\t\t\t\t\t<\/div>\n\t\t\t\t\t<\/div>\n\n\t\t<div class=\"box-text text-center\" >\n\t\t\t<div class=\"box-text-inner\">\n\t\t\t\t\n<h4 class=\"a-spacing-mini\" style=\"text-align: left;\">Position Inclin\u00e9e<\/h4>\n<p style=\"text-align: left;\">Configurez facilement le banc pour la position inclin\u00e9e afin de muscler votre torse et vos bras gr\u00e2ce \u00e0 des exercices comme le d\u00e9velopp\u00e9-couch\u00e9, les \u00e9cart\u00e9s et les flexions de biceps.<\/p>\n\t\t\t<\/div>\n\t\t<\/div>\n\t<\/div>\n\t\n\t\t<\/div>\n\t\t\t\t\t<\/div>\n\n\t\n\n\t<div id=\"col-2098957562\" class=\"col medium-4 small-12 large-4\"  >\n\t\t\t\t<div class=\"col-inner\"  >\n\t\t\t\n\t\t\t\n\t<div class=\"box has-hover   has-hover box-text-bottom\" >\n\n\t\t<div class=\"box-image\" >\n\t\t\t\t\t\t<div class=\"\" >\n\t\t\t\t<img decoding=\"async\" width=\"601\" height=\"601\" src=\"https:\/\/last.bluefinfitness.com\/wp-content\/uploads\/2021\/02\/Lift_Web-Images-600x600px_FR_10.png\" class=\"attachment- size-\" alt=\"Bluefin 3d vibration plate\" srcset=\"https:\/\/last.bluefinfitness.com\/wp-content\/uploads\/2021\/02\/Lift_Web-Images-600x600px_FR_10.png 601w, https:\/\/last.bluefinfitness.com\/wp-content\/uploads\/2021\/02\/Lift_Web-Images-600x600px_FR_10-300x300.png 300w, https:\/\/last.bluefinfitness.com\/wp-content\/uploads\/2021\/02\/Lift_Web-Images-600x600px_FR_10-150x150.png 150w, https:\/\/last.bluefinfitness.com\/wp-content\/uploads\/2021\/02\/Lift_Web-Images-600x600px_FR_10-500x500.png 500w, https:\/\/last.bluefinfitness.com\/wp-content\/uploads\/2021\/02\/Lift_Web-Images-600x600px_FR_10-100x100.png 100w\" sizes=\"(max-width: 601px) 100vw, 601px\" \/>\t\t\t\t\t\t\t\t\t\t\t<\/div>\n\t\t\t\t\t<\/div>\n\n\t\t<div class=\"box-text text-center\" >\n\t\t\t<div class=\"box-text-inner\">\n\t\t\t\t\n<h4 class=\"a-spacing-mini\" style=\"text-align: left;\">Position Plate<\/h4>\n<p style=\"text-align: left;\">Passez facilement \u00e0 la position plate pour du fitness a\u00e9robique et un entra\u00eenement des abdos. Utilisez cette position pour les mouvements de hanche, les pullovers, les split squats et les exercices de step.<\/p>\n\t\t\t<\/div>\n\t\t<\/div>\n\t<\/div>\n\t\n\t\t<\/div>\n\t\t\t\t\t<\/div>\n\n\t\n\n\t<div id=\"col-264632536\" class=\"col medium-4 small-12 large-4\"  >\n\t\t\t\t<div class=\"col-inner\"  >\n\t\t\t\n\t\t\t\n\t<div class=\"box has-hover   has-hover box-text-bottom\" >\n\n\t\t<div class=\"box-image\" >\n\t\t\t\t\t\t<div class=\"\" >\n\t\t\t\t<img decoding=\"async\" width=\"601\" height=\"601\" src=\"https:\/\/last.bluefinfitness.com\/wp-content\/uploads\/2021\/02\/Lift_Web-Images-600x600px_FR_11.png\" class=\"attachment- size-\" alt=\"Bluefin 3d vibration plate\" srcset=\"https:\/\/last.bluefinfitness.com\/wp-content\/uploads\/2021\/02\/Lift_Web-Images-600x600px_FR_11.png 601w, https:\/\/last.bluefinfitness.com\/wp-content\/uploads\/2021\/02\/Lift_Web-Images-600x600px_FR_11-300x300.png 300w, https:\/\/last.bluefinfitness.com\/wp-content\/uploads\/2021\/02\/Lift_Web-Images-600x600px_FR_11-150x150.png 150w, https:\/\/last.bluefinfitness.com\/wp-content\/uploads\/2021\/02\/Lift_Web-Images-600x600px_FR_11-500x500.png 500w, https:\/\/last.bluefinfitness.com\/wp-content\/uploads\/2021\/02\/Lift_Web-Images-600x600px_FR_11-100x100.png 100w\" sizes=\"(max-width: 601px) 100vw, 601px\" \/>\t\t\t\t\t\t\t\t\t\t\t<\/div>\n\t\t\t\t\t<\/div>\n\n\t\t<div class=\"box-text text-center\" >\n\t\t\t<div class=\"box-text-inner\">\n\t\t\t\t\n<h4 class=\"a-spacing-mini\" style=\"text-align: left;\">Position D\u00e9clin\u00e9e<\/h4>\n<p style=\"text-align: left;\">Abaissez le banc en position d\u00e9clin\u00e9e pour faire des abdos, des d\u00e9velopp\u00e9-couch\u00e9s alternatifs, des \u00e9cart\u00e9s et des exercices de dos.<\/p>\n\t\t\t<\/div>\n\t\t<\/div>\n\t<\/div>\n\t\n\t\t<\/div>\n\t\t\t\t\t<\/div>\n\n\t\n<\/div>\n\n\n<p><strong> &#8211; DIMENSIONS &#8211; <\/strong><br \/>\n165x67x54 cm (mode 1: position de d\u00e9clin)<br \/>\n150x67x93cm (mode 2: position \u00e0 plat)<br \/>\n150x67x116cm (mode 3: position inclin\u00e9e)<br \/>\n&#8212;<br \/>\nPoids: 16kg<\/p>\n<p><script src=\"https:\/\/widget.reviews.co.uk\/rich-snippet-reviews-widgets\/dist.js\"><\/script><\/p>\n<div id=\"carousel-inline-widget-810\" style=\"width: 100%; max-width: 1010px; margin: 0 auto;\"><\/div>\n<p><script>richSnippetReviewsWidgets('carousel-inline-widget-810', {store: 'bluefinfitness-com',widgetName: 'carousel-inline',primaryClr: '#f47e27',neutralClr: '#f4f4f4',reviewTextClr:'#2f2f2f',ratingTextClr:'#2f2f2f',layout:'fullWidth',numReviews: 21});<\/script><\/p>\n<div class=\"container section-title-container\" ><h3 class=\"section-title section-title-center\"><b><\/b><span class=\"section-title-main\" >Related Products<\/span><b><\/b><\/h3><\/div>\n<div class=\"woocommerce columns-4 \"><div class=\"products row row-small large-columns-4 medium-columns-3 small-columns-2 has-shadow row-box-shadow-2-hover\">\n<div class=\"product-small col has-hover product type-product post-21437 status-publish first instock product_cat-plaques-vibrantes has-post-thumbnail sale featured taxable shipping-taxable product-type-simple\">\n\t<div class=\"col-inner\">\n\t\n<div class=\"badge-container absolute left top z-1\">\n<div class=\"callout badge badge-circle\"><div class=\"badge-inner secondary on-sale\"><span class=\"onsale\">Promo\u00a0!<\/span><\/div><\/div>\n<\/div>\n\t<div class=\"product-small box \">\n\t\t<div class=\"box-image\">\n\t\t\t<div class=\"image-none\">\n\t\t\t\t<a href=\"https:\/\/last.bluefinfitness.com\/fr\/3d-plateforme-vibrante-web-exclusive\/\" aria-label=\"Plateforme Vibrante Bluefin 3D\">\n\t\t\t\t\t<img decoding=\"async\" width=\"500\" height=\"500\" src=\"https:\/\/last.bluefinfitness.com\/wp-content\/uploads\/2018\/03\/61KgS2H3ZBS._AC_SL1000_-500x500.jpg\" class=\"attachment-woocommerce_thumbnail size-woocommerce_thumbnail\" alt=\"Bluefin plateforme vibrante et oscillante 3d\" srcset=\"https:\/\/last.bluefinfitness.com\/wp-content\/uploads\/2018\/03\/61KgS2H3ZBS._AC_SL1000_-500x500.jpg 500w, https:\/\/last.bluefinfitness.com\/wp-content\/uploads\/2018\/03\/61KgS2H3ZBS._AC_SL1000_-400x400.jpg 400w, https:\/\/last.bluefinfitness.com\/wp-content\/uploads\/2018\/03\/61KgS2H3ZBS._AC_SL1000_-800x800.jpg 800w, https:\/\/last.bluefinfitness.com\/wp-content\/uploads\/2018\/03\/61KgS2H3ZBS._AC_SL1000_-280x280.jpg 280w, https:\/\/last.bluefinfitness.com\/wp-content\/uploads\/2018\/03\/61KgS2H3ZBS._AC_SL1000_-768x768.jpg 768w, https:\/\/last.bluefinfitness.com\/wp-content\/uploads\/2018\/03\/61KgS2H3ZBS._AC_SL1000_-100x100.jpg 100w, https:\/\/last.bluefinfitness.com\/wp-content\/uploads\/2018\/03\/61KgS2H3ZBS._AC_SL1000_.jpg 999w\" sizes=\"(max-width: 500px) 100vw, 500px\" \/>\t\t\t\t<\/a>\n\t\t\t<\/div>\n\t\t\t<div class=\"image-tools is-small top right show-on-hover\">\n\t\t\t\t\t\t\t<\/div>\n\t\t\t<div class=\"image-tools is-small hide-for-small bottom left show-on-hover\">\n\t\t\t\t\t\t\t<\/div>\n\t\t\t<div class=\"image-tools grid-tools text-center hide-for-small bottom hover-slide-in show-on-hover\">\n\t\t\t\t  <a class=\"quick-view\" data-prod=\"21437\" href=\"#quick-view\">Aper\u00e7u<\/a>\t\t\t<\/div>\n\t\t\t\t\t<\/div>\n\n\t\t<div class=\"box-text box-text-products\">\n\t\t\t<div class=\"title-wrapper\">\t\t<p class=\"category uppercase is-smaller no-text-overflow product-cat op-7\">\n\t\t\tPlaques Vibrantes\t\t<\/p>\n\t<p class=\"name product-title woocommerce-loop-product__title\"><a href=\"https:\/\/last.bluefinfitness.com\/fr\/3d-plateforme-vibrante-web-exclusive\/\" class=\"woocommerce-LoopProduct-link woocommerce-loop-product__link\">Plateforme Vibrante Bluefin 3D<\/a><\/p><\/div><div class=\"price-wrapper\">\n\t<span class=\"price\"><del aria-hidden=\"true\"><span class=\"woocommerce-Price-amount amount\"><bdi>299,00<span class=\"woocommerce-Price-currencySymbol\">&euro;<\/span><\/bdi><\/span><\/del> <span class=\"screen-reader-text\">Le prix initial \u00e9tait\u00a0: 299,00&euro;.<\/span><ins aria-hidden=\"true\"><span class=\"woocommerce-Price-amount amount\"><bdi>149,00<span class=\"woocommerce-Price-currencySymbol\">&euro;<\/span><\/bdi><\/span><\/ins><span class=\"screen-reader-text\">Le prix actuel est\u00a0: 149,00&euro;.<\/span><\/span>\n<\/div>\t\t<\/div>\n\t<\/div>\n\t\t<\/div>\n<\/div><div class=\"product-small col has-hover product type-product post-21443 status-publish instock product_cat-plaques-vibrantes has-post-thumbnail sale taxable shipping-taxable purchasable product-type-simple\">\n\t<div class=\"col-inner\">\n\t\n<div class=\"badge-container absolute left top z-1\">\n<div class=\"callout badge badge-circle\"><div class=\"badge-inner secondary on-sale\"><span class=\"onsale\">Promo\u00a0!<\/span><\/div><\/div>\n<\/div>\n\t<div class=\"product-small box \">\n\t\t<div class=\"box-image\">\n\t\t\t<div class=\"image-none\">\n\t\t\t\t<a href=\"https:\/\/last.bluefinfitness.com\/fr\/ultra-slim-plateforme-vibrante-web-exclusive\/\" aria-label=\"Bluefin Fitness Plateforme Vibrante et Oscillante Ultra Slim\">\n\t\t\t\t\t<img decoding=\"async\" width=\"500\" height=\"500\" src=\"https:\/\/last.bluefinfitness.com\/wp-content\/uploads\/2016\/04\/ulra-slim-1-500x500.jpg\" class=\"attachment-woocommerce_thumbnail size-woocommerce_thumbnail\" alt=\"Bluefin plateforme vibrante et oscillante ultra slim\" srcset=\"https:\/\/last.bluefinfitness.com\/wp-content\/uploads\/2016\/04\/ulra-slim-1-500x500.jpg 500w, https:\/\/last.bluefinfitness.com\/wp-content\/uploads\/2016\/04\/ulra-slim-1-400x400.jpg 400w, https:\/\/last.bluefinfitness.com\/wp-content\/uploads\/2016\/04\/ulra-slim-1-800x800.jpg 800w, https:\/\/last.bluefinfitness.com\/wp-content\/uploads\/2016\/04\/ulra-slim-1-280x280.jpg 280w, https:\/\/last.bluefinfitness.com\/wp-content\/uploads\/2016\/04\/ulra-slim-1-768x768.jpg 768w, https:\/\/last.bluefinfitness.com\/wp-content\/uploads\/2016\/04\/ulra-slim-1-100x100.jpg 100w, https:\/\/last.bluefinfitness.com\/wp-content\/uploads\/2016\/04\/ulra-slim-1.jpg 999w\" sizes=\"(max-width: 500px) 100vw, 500px\" \/>\t\t\t\t<\/a>\n\t\t\t<\/div>\n\t\t\t<div class=\"image-tools is-small top right show-on-hover\">\n\t\t\t\t\t\t\t<\/div>\n\t\t\t<div class=\"image-tools is-small hide-for-small bottom left show-on-hover\">\n\t\t\t\t\t\t\t<\/div>\n\t\t\t<div class=\"image-tools grid-tools text-center hide-for-small bottom hover-slide-in show-on-hover\">\n\t\t\t\t  <a class=\"quick-view\" data-prod=\"21443\" href=\"#quick-view\">Aper\u00e7u<\/a>\t\t\t<\/div>\n\t\t\t\t\t<\/div>\n\n\t\t<div class=\"box-text box-text-products\">\n\t\t\t<div class=\"title-wrapper\">\t\t<p class=\"category uppercase is-smaller no-text-overflow product-cat op-7\">\n\t\t\tPlaques Vibrantes\t\t<\/p>\n\t<p class=\"name product-title woocommerce-loop-product__title\"><a href=\"https:\/\/last.bluefinfitness.com\/fr\/ultra-slim-plateforme-vibrante-web-exclusive\/\" class=\"woocommerce-LoopProduct-link woocommerce-loop-product__link\">Bluefin Fitness Plateforme Vibrante et Oscillante Ultra Slim<\/a><\/p><\/div><div class=\"price-wrapper\"><div class=\"star-rating star-rating--inline\" role=\"img\" aria-label=\"Note 5.00 sur 5\"><span style=\"width:100%\">Note <strong class=\"rating\">5.00<\/strong> sur 5<\/span><\/div>\n\t<span class=\"price\"><del aria-hidden=\"true\"><span class=\"woocommerce-Price-amount amount\"><bdi>199,00<span class=\"woocommerce-Price-currencySymbol\">&euro;<\/span><\/bdi><\/span><\/del> <span class=\"screen-reader-text\">Le prix initial \u00e9tait\u00a0: 199,00&euro;.<\/span><ins aria-hidden=\"true\"><span class=\"woocommerce-Price-amount amount\"><bdi>149,25<span class=\"woocommerce-Price-currencySymbol\">&euro;<\/span><\/bdi><\/span><\/ins><span class=\"screen-reader-text\">Le prix actuel est\u00a0: 149,25&euro;.<\/span><\/span>\n<\/div>\t\t<\/div>\n\t<\/div>\n\t\t<\/div>\n<\/div><div class=\"product-small col has-hover product type-product post-21410 status-publish instock product_cat-plaques-vibrantes has-post-thumbnail sale taxable shipping-taxable product-type-simple\">\n\t<div class=\"col-inner\">\n\t\n<div class=\"badge-container absolute left top z-1\">\n<div class=\"callout badge badge-circle\"><div class=\"badge-inner secondary on-sale\"><span class=\"onsale\">Promo\u00a0!<\/span><\/div><\/div>\n<\/div>\n\t<div class=\"product-small box \">\n\t\t<div class=\"box-image\">\n\t\t\t<div class=\"image-none\">\n\t\t\t\t<a href=\"https:\/\/last.bluefinfitness.com\/fr\/pro-plateforme-vibrante-web-exclusive\/\" aria-label=\"Plateforme Vibrante Bluefin Pro\">\n\t\t\t\t\t<img decoding=\"async\" width=\"500\" height=\"500\" src=\"https:\/\/last.bluefinfitness.com\/wp-content\/uploads\/2018\/04\/3706318740788-2-MAIN-1-1-500x500.png\" class=\"attachment-woocommerce_thumbnail size-woocommerce_thumbnail\" alt=\"Bluefin plateforme vibrante pro pour massages\" srcset=\"https:\/\/last.bluefinfitness.com\/wp-content\/uploads\/2018\/04\/3706318740788-2-MAIN-1-1-500x500.png 500w, https:\/\/last.bluefinfitness.com\/wp-content\/uploads\/2018\/04\/3706318740788-2-MAIN-1-1-400x400.png 400w, https:\/\/last.bluefinfitness.com\/wp-content\/uploads\/2018\/04\/3706318740788-2-MAIN-1-1-800x800.png 800w, https:\/\/last.bluefinfitness.com\/wp-content\/uploads\/2018\/04\/3706318740788-2-MAIN-1-1-280x280.png 280w, https:\/\/last.bluefinfitness.com\/wp-content\/uploads\/2018\/04\/3706318740788-2-MAIN-1-1-768x768.png 768w, https:\/\/last.bluefinfitness.com\/wp-content\/uploads\/2018\/04\/3706318740788-2-MAIN-1-1-100x100.png 100w, https:\/\/last.bluefinfitness.com\/wp-content\/uploads\/2018\/04\/3706318740788-2-MAIN-1-1.png 1000w\" sizes=\"(max-width: 500px) 100vw, 500px\" \/>\t\t\t\t<\/a>\n\t\t\t<\/div>\n\t\t\t<div class=\"image-tools is-small top right show-on-hover\">\n\t\t\t\t\t\t\t<\/div>\n\t\t\t<div class=\"image-tools is-small hide-for-small bottom left show-on-hover\">\n\t\t\t\t\t\t\t<\/div>\n\t\t\t<div class=\"image-tools grid-tools text-center hide-for-small bottom hover-slide-in show-on-hover\">\n\t\t\t\t  <a class=\"quick-view\" data-prod=\"21410\" href=\"#quick-view\">Aper\u00e7u<\/a>\t\t\t<\/div>\n\t\t\t\t\t<\/div>\n\n\t\t<div class=\"box-text box-text-products\">\n\t\t\t<div class=\"title-wrapper\">\t\t<p class=\"category uppercase is-smaller no-text-overflow product-cat op-7\">\n\t\t\tPlaques Vibrantes\t\t<\/p>\n\t<p class=\"name product-title woocommerce-loop-product__title\"><a href=\"https:\/\/last.bluefinfitness.com\/fr\/pro-plateforme-vibrante-web-exclusive\/\" class=\"woocommerce-LoopProduct-link woocommerce-loop-product__link\">Plateforme Vibrante Bluefin Pro<\/a><\/p><\/div><div class=\"price-wrapper\">\n\t<span class=\"price\"><del aria-hidden=\"true\"><span class=\"woocommerce-Price-amount amount\"><bdi>249,00<span class=\"woocommerce-Price-currencySymbol\">&euro;<\/span><\/bdi><\/span><\/del> <span class=\"screen-reader-text\">Le prix initial \u00e9tait\u00a0: 249,00&euro;.<\/span><ins aria-hidden=\"true\"><span class=\"woocommerce-Price-amount amount\"><bdi>186,75<span class=\"woocommerce-Price-currencySymbol\">&euro;<\/span><\/bdi><\/span><\/ins><span class=\"screen-reader-text\">Le prix actuel est\u00a0: 186,75&euro;.<\/span><\/span>\n<\/div>\t\t<\/div>\n\t<\/div>\n\t\t<\/div>\n<\/div><\/div><!-- row -->\n<\/div>\n","protected":false},"excerpt":{"rendered":"<p class=\"tab\"><span style=\"font-size: 90%;\"><span style=\"color: #282828;\"><strong>MARQUE &#8211; <\/strong>BLUEFIN<br \/>\n<strong>MOD\u00c8LE &#8211; <\/strong>Banc de Musculation Pliable Multifonction<strong><br \/>\nOPTIONS D&rsquo;ENTRA\u00ceNEMENT ILLIMIT\u00c9ES<\/strong>\u00a0&#8211;<\/span>Changer facilement entre l&rsquo;Inclinaison, la D\u00e9clinaison, le Plat, l&rsquo;Hyper-extension, la position pour abdos &amp; la position pour biceps.<\/span><br \/>\n<span style=\"font-size: 90%;\"><span style=\"color: #282828;\"><strong>FABRICATION DE QUALIT\u00c9 COMMERCIALE<\/strong>\u00a0&#8211;<\/span>Sa structure en acier galvanis\u00e9 dispose d&rsquo;un syst\u00e8me de blocage intelligent vous permettant de repousser les limites de votre entra\u00eenement.<\/span><br \/>\n<span style=\"color: #282828; font-size: 90%;\"><strong>TECHNOLOGIE DE PLIAGE \u00c9L\u00c9GANTE<\/strong> &#8211; <\/span>Pas d&rsquo;espace ? Pas de probl\u00e8me ! Le Bac de Musculation Multifonction de Bluefin se plie pour un rangement rapide en moins de 20 secondes. Parfait pour les appartements et les espaces confin\u00e9s.<br \/>\n<span style=\"font-size: 90%;\"><span style=\"color: #282828;\"><strong>R\u00c9SISTANT \u00c0 L&rsquo;EAU<\/strong>\u00a0&#8211;<\/span>Le rev\u00eatement imperm\u00e9able EVA permet \u00e0 votre banc de r\u00e9sister le temps d&rsquo;une vie. Le rev\u00eatement confortable antimicrobes EVA lui donne une longue dur\u00e9e de vie pour des entra\u00eenements intensifs.<br \/>\n<span style=\"color: #282828;\"><strong>CONCEPTION ERGONOMIQUE<\/strong>&#8211;<\/span>L&rsquo;assise unique et ergonomique est sp\u00e9cialement con\u00e7ue pour vous offrir un rembourrage ferme dans tous les aspects clefs.<br \/>\n<\/span><\/p>\n","protected":false},"featured_media":643810,"comment_status":"closed","ping_status":"closed","template":"","meta":[],"product_cat":[1004,133],"product_tag":[],"_links":{"self":[{"href":"https:\/\/last.bluefinfitness.com\/fr\/wp-json\/wp\/v2\/product\/21398"}],"collection":[{"href":"https:\/\/last.bluefinfitness.com\/fr\/wp-json\/wp\/v2\/product"}],"about":[{"href":"https:\/\/last.bluefinfitness.com\/fr\/wp-json\/wp\/v2\/types\/product"}],"replies":[{"embeddable":true,"href":"https:\/\/last.bluefinfitness.com\/fr\/wp-json\/wp\/v2\/comments?post=21398"}],"wp:featuredmedia":[{"embeddable":true,"href":"https:\/\/last.bluefinfitness.com\/fr\/wp-json\/wp\/v2\/media\/643810"}],"wp:attachment":[{"href":"https:\/\/last.bluefinfitness.com\/fr\/wp-json\/wp\/v2\/media?parent=21398"}],"wp:term":[{"taxonomy":"product_cat","embeddable":true,"href":"https:\/\/last.bluefinfitness.com\/fr\/wp-json\/wp\/v2\/product_cat?post=21398"},{"taxonomy":"product_tag","embeddable":true,"href":"https:\/\/last.bluefinfitness.com\/fr\/wp-json\/wp\/v2\/product_tag?post=21398"}],"curies":[{"name":"wp","href":"https:\/\/api.w.org\/{rel}","templated":true}]}}