{"id":25386,"date":"2019-10-01T15:29:10","date_gmt":"2019-10-01T15:29:10","guid":{"rendered":"https:\/\/www.bluefinfitness.com\/?post_type=product&#038;p=25386"},"modified":"2022-11-20T17:44:12","modified_gmt":"2022-11-20T17:44:12","slug":"velo-elliptique-fitness-web-exclusive","status":"publish","type":"product","link":"https:\/\/last.bluefinfitness.com\/fr\/velo-elliptique-fitness-web-exclusive\/","title":{"rendered":"V\u00e9lo Elliptique Bluefin Curv 3.0"},"content":{"rendered":"\t<div class=\"img has-hover x md-x lg-x y md-y lg-y\" id=\"image_673681217\">\n\t\t\t\t\t\t\t\t<div class=\"img-inner dark\" >\n\t\t\t<img decoding=\"async\" width=\"970\" height=\"300\" src=\"https:\/\/last.bluefinfitness.com\/wp-content\/uploads\/2019\/10\/335d3eb7-f644-4887-9bed-ce33dfe50b31.__CR00970300_PT0_SX970_V1___.png\" class=\"attachment-large size-large\" alt=\"Bluefin v\u00e9lo elliptique\" srcset=\"https:\/\/last.bluefinfitness.com\/wp-content\/uploads\/2019\/10\/335d3eb7-f644-4887-9bed-ce33dfe50b31.__CR00970300_PT0_SX970_V1___.png 970w, https:\/\/last.bluefinfitness.com\/wp-content\/uploads\/2019\/10\/335d3eb7-f644-4887-9bed-ce33dfe50b31.__CR00970300_PT0_SX970_V1___-300x93.png 300w, https:\/\/last.bluefinfitness.com\/wp-content\/uploads\/2019\/10\/335d3eb7-f644-4887-9bed-ce33dfe50b31.__CR00970300_PT0_SX970_V1___-768x238.png 768w, https:\/\/last.bluefinfitness.com\/wp-content\/uploads\/2019\/10\/335d3eb7-f644-4887-9bed-ce33dfe50b31.__CR00970300_PT0_SX970_V1___-500x155.png 500w\" sizes=\"(max-width: 970px) 100vw, 970px\" \/>\t\t\t\t\t\t\n\t\t\t\t\t<\/div>\n\t\t\t\t\t\t\t\t\n<style>\n#image_673681217 {\n  width: 100%;\n}\n<\/style>\n\t<\/div>\n\t\n\t<div id=\"gap-932801306\" class=\"gap-element clearfix\" style=\"display:block; height:auto;\">\n\t\t\n<style>\n#gap-932801306 {\n  padding-top: 30px;\n}\n<\/style>\n\t<\/div>\n\t\n<div class=\"row row-small align-center\"  id=\"row-181915485\">\n\n\t<div id=\"col-609830567\" class=\"col medium-4 small-12 large-4\"  >\n\t\t\t\t<div class=\"col-inner\"  >\n\t\t\t\n\t\t\t\n\t<div class=\"box has-hover   has-hover box-text-bottom\" >\n\n\t\t<div class=\"box-image\" >\n\t\t\t\t\t\t<div class=\"\" >\n\t\t\t\t<img decoding=\"async\" width=\"300\" height=\"300\" src=\"https:\/\/last.bluefinfitness.com\/wp-content\/uploads\/2019\/10\/b2d80498-daea-47cd-9f34-992104f85464.__CR00300300_PT0_SX300_V1___.png\" class=\"attachment- size-\" alt=\"Bluefin v\u00e9lo elliptique\" srcset=\"https:\/\/last.bluefinfitness.com\/wp-content\/uploads\/2019\/10\/b2d80498-daea-47cd-9f34-992104f85464.__CR00300300_PT0_SX300_V1___.png 300w, https:\/\/last.bluefinfitness.com\/wp-content\/uploads\/2019\/10\/b2d80498-daea-47cd-9f34-992104f85464.__CR00300300_PT0_SX300_V1___-150x150.png 150w, https:\/\/last.bluefinfitness.com\/wp-content\/uploads\/2019\/10\/b2d80498-daea-47cd-9f34-992104f85464.__CR00300300_PT0_SX300_V1___-100x100.png 100w\" sizes=\"(max-width: 300px) 100vw, 300px\" \/>\t\t\t\t\t\t\t\t\t\t\t<\/div>\n\t\t\t\t\t<\/div>\n\n\t\t<div class=\"box-text text-center\" >\n\t\t\t<div class=\"box-text-inner\">\n\t\t\t\t\n<h4 style=\"text-align: left;\">V\u00e9lo d&rsquo;Entra\u00eenement Elliptique Polyvalent Curv 3.0 de Bluefin Fitness<\/h4>\n<p style=\"text-align: left;\">V\u00e9lo Elliptique d&rsquo;Entra\u00eenement Polyvalent aux Performances Avanc\u00e9es: Am\u00e9liorez votre endurance &amp; vos capacit\u00e9s cardio avec le v\u00e9lo elliptique Curv 3.0. Augmentez votre masse musculaire et br\u00fblez des calories avec un entra\u00eenement \u00e0 faible impact qui met moins de pression sur vos articulations qu&rsquo;un tapis de course traditionnel. 12 x programmes automatiques + 16 x niveaux manuels de r\u00e9sistance qui vous permettent d&rsquo;avancer \u00e0 votre rythme, ou de simuler de la course cross-country &amp; des sprints.<\/p>\n<p style=\"text-align: left;\">Le Curv 3.0 am\u00e9liore votre \u00e9quilibre &amp; offre de bonnes conditions d&rsquo;entra\u00eenement \u00e0 la suivre d&rsquo;une blessure. Travaillez la partie haute et basse de votre corps en tandem &amp; b\u00e9n\u00e9ifciez de fonctionnalit\u00e9s avanc\u00e9es telles que l&rsquo;alimentation ind\u00e9pendante &amp; un syst\u00e8me de moteur silencieux. .<\/p>\n\t\t\t<\/div>\n\t\t<\/div>\n\t<\/div>\n\t\n\t\t<\/div>\n\t\t\t\t\t<\/div>\n\n\t\n\n\t<div id=\"col-1574741085\" class=\"col medium-4 small-12 large-4\"  >\n\t\t\t\t<div class=\"col-inner\"  >\n\t\t\t\n\t\t\t\n\t<div class=\"box has-hover   has-hover box-text-bottom\" >\n\n\t\t<div class=\"box-image\" >\n\t\t\t\t\t\t<div class=\"\" >\n\t\t\t\t<img decoding=\"async\" width=\"300\" height=\"300\" src=\"https:\/\/last.bluefinfitness.com\/wp-content\/uploads\/2019\/10\/b41028cb-9932-4577-976f-dbcd85f92fa7.__CR00300300_PT0_SX300_V1___.png\" class=\"attachment- size-\" alt=\"Bluefin v\u00e9lo elliptique\" srcset=\"https:\/\/last.bluefinfitness.com\/wp-content\/uploads\/2019\/10\/b41028cb-9932-4577-976f-dbcd85f92fa7.__CR00300300_PT0_SX300_V1___.png 300w, https:\/\/last.bluefinfitness.com\/wp-content\/uploads\/2019\/10\/b41028cb-9932-4577-976f-dbcd85f92fa7.__CR00300300_PT0_SX300_V1___-150x150.png 150w, https:\/\/last.bluefinfitness.com\/wp-content\/uploads\/2019\/10\/b41028cb-9932-4577-976f-dbcd85f92fa7.__CR00300300_PT0_SX300_V1___-100x100.png 100w\" sizes=\"(max-width: 300px) 100vw, 300px\" \/>\t\t\t\t\t\t\t\t\t\t\t<\/div>\n\t\t\t\t\t<\/div>\n\n\t\t<div class=\"box-text text-center\" >\n\t\t\t<div class=\"box-text-inner\">\n\t\t\t\t\n<h4 style=\"text-align: left;\">Moteur silencieux 14kg Volant d&rsquo;inertie Puissant<\/h4>\n<p style=\"text-align: left;\">Mouvements Fluides et Silencieux: Volant d&rsquo;inertie puissant de 14kg qui offre des mouvements fluides &amp; \u00e9lanc\u00e9s. Le moteur silencieux est aliment\u00e9 de mani\u00e8re compl\u00e8tement ind\u00e9pendante &amp; inclus un frein magn\u00e9tique afin de vous faciliter la t\u00e2che lorsque vous voulez ralentir.<br \/>\nLe Curv 3.0 est le mod\u00e8le de v\u00e9lo elliptique le plus large de notre gamme, et il vous permet d&rsquo;aller encore plus loin qu&rsquo;avant.<\/p>\n\t\t\t<\/div>\n\t\t<\/div>\n\t<\/div>\n\t\n\t\t<\/div>\n\t\t\t\t\t<\/div>\n\n\t\n\n\t<div id=\"col-1488631142\" class=\"col medium-4 small-12 large-4\"  >\n\t\t\t\t<div class=\"col-inner\"  >\n\t\t\t\n\t\t\t\n\t<div class=\"box has-hover   has-hover box-text-bottom\" >\n\n\t\t<div class=\"box-image\" >\n\t\t\t\t\t\t<div class=\"\" >\n\t\t\t\t<img decoding=\"async\" width=\"300\" height=\"300\" src=\"https:\/\/last.bluefinfitness.com\/wp-content\/uploads\/2019\/10\/4372058a-01e2-4bbf-bee0-1e0059d74f61.__CR00300300_PT0_SX300_V1___.png\" class=\"attachment- size-\" alt=\"Bluefin v\u00e9lo elliptique\" srcset=\"https:\/\/last.bluefinfitness.com\/wp-content\/uploads\/2019\/10\/4372058a-01e2-4bbf-bee0-1e0059d74f61.__CR00300300_PT0_SX300_V1___.png 300w, https:\/\/last.bluefinfitness.com\/wp-content\/uploads\/2019\/10\/4372058a-01e2-4bbf-bee0-1e0059d74f61.__CR00300300_PT0_SX300_V1___-150x150.png 150w, https:\/\/last.bluefinfitness.com\/wp-content\/uploads\/2019\/10\/4372058a-01e2-4bbf-bee0-1e0059d74f61.__CR00300300_PT0_SX300_V1___-100x100.png 100w\" sizes=\"(max-width: 300px) 100vw, 300px\" \/>\t\t\t\t\t\t\t\t\t\t\t<\/div>\n\t\t\t\t\t<\/div>\n\n\t\t<div class=\"box-text text-center\" >\n\t\t\t<div class=\"box-text-inner\">\n\t\t\t\t\n<h4 style=\"text-align: left;\">Mouvement Optimal + Protection des Articulations<\/h4>\n<p style=\"text-align: left;\">Entra\u00eenement \u00e0 Faible Impact: Le volant d&rsquo;inertie vous permet une meilleure descente &amp; garantit un faible impact &amp; une protection de vos articulations. Le mouvement fluide vous permet de b\u00e9n\u00e9ficier de tous les b\u00e9n\u00e9fices d&rsquo;un entra\u00eenement cardio classique, sans vous abimer les articulations telles que les hanches, les genoux &amp; les chevilles.<br \/>\nSi vous souhaitez d\u00e9buter les entra\u00eenements &amp; maintenir votre cardio \u00e0 la suite d&rsquo;une blessure, alors le Curv 3.0 est un excellent choix &amp; une tr\u00e8s bonne additionne \u00e0 votre salle de sport \u00e0 la maison.<\/p>\n\t\t\t<\/div>\n\t\t<\/div>\n\t<\/div>\n\t\n\t\t<\/div>\n\t\t\t\t\t<\/div>\n\n\t\n<\/div>\n<div class=\"row row-small align-center\"  id=\"row-1971611442\">\n\n\t<div id=\"col-1483938898\" class=\"col medium-4 small-12 large-4\"  >\n\t\t\t\t<div class=\"col-inner\"  >\n\t\t\t\n\t\t\t\n\t<div class=\"box has-hover   has-hover box-text-bottom\" >\n\n\t\t<div class=\"box-image\" >\n\t\t\t\t\t\t<div class=\"\" >\n\t\t\t\t<img decoding=\"async\" width=\"300\" height=\"300\" src=\"https:\/\/last.bluefinfitness.com\/wp-content\/uploads\/2019\/10\/5fb86163-9259-4f0b-81a3-d8e421d5de4c.__CR00300300_PT0_SX300_V1___.png\" class=\"attachment- size-\" alt=\"Bluefin v\u00e9lo elliptique\" srcset=\"https:\/\/last.bluefinfitness.com\/wp-content\/uploads\/2019\/10\/5fb86163-9259-4f0b-81a3-d8e421d5de4c.__CR00300300_PT0_SX300_V1___.png 300w, https:\/\/last.bluefinfitness.com\/wp-content\/uploads\/2019\/10\/5fb86163-9259-4f0b-81a3-d8e421d5de4c.__CR00300300_PT0_SX300_V1___-150x150.png 150w, https:\/\/last.bluefinfitness.com\/wp-content\/uploads\/2019\/10\/5fb86163-9259-4f0b-81a3-d8e421d5de4c.__CR00300300_PT0_SX300_V1___-100x100.png 100w\" sizes=\"(max-width: 300px) 100vw, 300px\" \/>\t\t\t\t\t\t\t\t\t\t\t<\/div>\n\t\t\t\t\t<\/div>\n\n\t\t<div class=\"box-text text-center\" >\n\t\t\t<div class=\"box-text-inner\">\n\t\t\t\t\n<h4 style=\"text-align: left;\">Appli Fitness pour Smartphone &amp; Tablette Intr\u00e9g\u00e9e<\/h4>\n<p style=\"text-align: left;\">Technologie Intelligente: L&rsquo;appli fitness E-Health est pr\u00e9-calibr\u00e9e afin de se synchroniser \u00e0 votre smartphone ou tablette. Elle analyse &amp; effectue le suivi de vos performances d&rsquo;entra\u00eenement &amp; de votre parcours en mesurant la vitesse, la distance, le temps, l&rsquo;HRC &amp; les calories br\u00fbl\u00e9es. Vous pouvez partager vos donn\u00e9es &amp; entrer en comp\u00e9tition avec vos amis via les r\u00e9seaux sociaux afin de repousser les limites de vos objectifs fitness.<\/p>\n\t\t\t<\/div>\n\t\t<\/div>\n\t<\/div>\n\t\n\t\t<\/div>\n\t\t\t\t\t<\/div>\n\n\t\n\n\t<div id=\"col-150734987\" class=\"col medium-4 small-12 large-4\"  >\n\t\t\t\t<div class=\"col-inner\"  >\n\t\t\t\n\t\t\t\n\t<div class=\"box has-hover   has-hover box-text-bottom\" >\n\n\t\t<div class=\"box-image\" >\n\t\t\t\t\t\t<div class=\"\" >\n\t\t\t\t<img decoding=\"async\" width=\"300\" height=\"300\" src=\"https:\/\/last.bluefinfitness.com\/wp-content\/uploads\/2019\/10\/4bc54e17-ffdd-4d26-9c2a-fcb84c20c337.__CR00300300_PT0_SX300_V1___.png\" class=\"attachment- size-\" alt=\"Bluefin v\u00e9lo elliptique\" srcset=\"https:\/\/last.bluefinfitness.com\/wp-content\/uploads\/2019\/10\/4bc54e17-ffdd-4d26-9c2a-fcb84c20c337.__CR00300300_PT0_SX300_V1___.png 300w, https:\/\/last.bluefinfitness.com\/wp-content\/uploads\/2019\/10\/4bc54e17-ffdd-4d26-9c2a-fcb84c20c337.__CR00300300_PT0_SX300_V1___-150x150.png 150w, https:\/\/last.bluefinfitness.com\/wp-content\/uploads\/2019\/10\/4bc54e17-ffdd-4d26-9c2a-fcb84c20c337.__CR00300300_PT0_SX300_V1___-100x100.png 100w\" sizes=\"(max-width: 300px) 100vw, 300px\" \/>\t\t\t\t\t\t\t\t\t\t\t<\/div>\n\t\t\t\t\t<\/div>\n\n\t\t<div class=\"box-text text-center\" >\n\t\t\t<div class=\"box-text-inner\">\n\t\t\t\t\n<h4 class=\"a-spacing-mini\" style=\"text-align: left;\">Entra\u00eenement complet du corps: Faible Impact &amp; Haute Intensit\u00e9<\/h4>\n<p style=\"text-align: left;\">Entra\u00eenement tout-en-un &#8211; \u00e0 chaque foul\u00e9e: Le v\u00e9lo elliptique d&rsquo;entra\u00eenement polyvalent offre un entra\u00eenement \u00e0 faible impact &amp; \u00e0 haute intensit\u00e9 qui permet de mobiliser tous vos groupes musculaires. Am\u00e9liorez votre sant\u00e9 cardiovasculaire, votre endurance, br\u00fblez des calories &amp; augmentez votre masse musculaire &#8211; tout en m\u00eame temps. C&rsquo;est une alternative fantastique \u00e0 un entra\u00eenement r\u00e9gulier avec encore plus de b\u00e9n\u00e9fices pour la sant\u00e9.<\/p>\n\t\t\t<\/div>\n\t\t<\/div>\n\t<\/div>\n\t\n\t\t<\/div>\n\t\t\t\t\t<\/div>\n\n\t\n\n\t<div id=\"col-1894580339\" class=\"col medium-4 small-12 large-4\"  >\n\t\t\t\t<div class=\"col-inner\"  >\n\t\t\t\n\t\t\t\n\t<div class=\"box has-hover   has-hover box-text-bottom\" >\n\n\t\t<div class=\"box-image\" >\n\t\t\t\t\t\t<div class=\"\" >\n\t\t\t\t<img decoding=\"async\" width=\"300\" height=\"300\" src=\"https:\/\/last.bluefinfitness.com\/wp-content\/uploads\/2019\/10\/e337d45e-2ded-4014-88c4-31422557854c.__CR00300300_PT0_SX300_V1___.png\" class=\"attachment- size-\" alt=\"Bluefin v\u00e9lo elliptique\" srcset=\"https:\/\/last.bluefinfitness.com\/wp-content\/uploads\/2019\/10\/e337d45e-2ded-4014-88c4-31422557854c.__CR00300300_PT0_SX300_V1___.png 300w, https:\/\/last.bluefinfitness.com\/wp-content\/uploads\/2019\/10\/e337d45e-2ded-4014-88c4-31422557854c.__CR00300300_PT0_SX300_V1___-150x150.png 150w, https:\/\/last.bluefinfitness.com\/wp-content\/uploads\/2019\/10\/e337d45e-2ded-4014-88c4-31422557854c.__CR00300300_PT0_SX300_V1___-100x100.png 100w\" sizes=\"(max-width: 300px) 100vw, 300px\" \/>\t\t\t\t\t\t\t\t\t\t\t<\/div>\n\t\t\t\t\t<\/div>\n\n\t\t<div class=\"box-text text-center\" >\n\t\t\t<div class=\"box-text-inner\">\n\t\t\t\t\n<h4 style=\"text-align: left;\">Contr\u00f4le du Rythme Cardiaque (HRC) + Capteurs de Pouls<\/h4>\n<p style=\"text-align: left;\">Une ellipse totale du coeur: Le mode HRC vous permet de choisir vous-m\u00eame le rythme cardiaque d\u00e9sir\u00e9 &amp; l&rsquo;entra\u00eenement selon l&rsquo;intensit\u00e9. Le niveau de r\u00e9sistance sera automatiquement ajust\u00e9 par l&rsquo;ordinateur afin de vous garder dans la course. Les capteurs sur les barres de soutien enregistre votre rythme cardiaque pendant que vous vous entra\u00eenez.<\/p>\n\t\t\t<\/div>\n\t\t<\/div>\n\t<\/div>\n\t\n\t\t<\/div>\n\t\t\t\t\t<\/div>\n\n\t\n<\/div>\n<div class=\"row row-small align-center\"  id=\"row-475813688\">\n\n\t<div id=\"col-1082988541\" class=\"col medium-3 small-12 large-3\"  >\n\t\t\t\t<div class=\"col-inner\"  >\n\t\t\t\n\t\t\t\n\t<div class=\"box has-hover   has-hover box-text-bottom\" >\n\n\t\t<div class=\"box-image\" >\n\t\t\t\t\t\t<div class=\"\" >\n\t\t\t\t<img decoding=\"async\" width=\"220\" height=\"220\" src=\"https:\/\/last.bluefinfitness.com\/wp-content\/uploads\/2019\/10\/2627f3bd-9e4c-4b71-bad3-8824883fa8f0.__CR00220220_PT0_SX220_V1___.png\" class=\"attachment- size-\" alt=\"Bluefin v\u00e9lo elliptique\" srcset=\"https:\/\/last.bluefinfitness.com\/wp-content\/uploads\/2019\/10\/2627f3bd-9e4c-4b71-bad3-8824883fa8f0.__CR00220220_PT0_SX220_V1___.png 220w, https:\/\/last.bluefinfitness.com\/wp-content\/uploads\/2019\/10\/2627f3bd-9e4c-4b71-bad3-8824883fa8f0.__CR00220220_PT0_SX220_V1___-150x150.png 150w, https:\/\/last.bluefinfitness.com\/wp-content\/uploads\/2019\/10\/2627f3bd-9e4c-4b71-bad3-8824883fa8f0.__CR00220220_PT0_SX220_V1___-100x100.png 100w\" sizes=\"(max-width: 220px) 100vw, 220px\" \/>\t\t\t\t\t\t\t\t\t\t\t<\/div>\n\t\t\t\t\t<\/div>\n\n\t\t<div class=\"box-text text-center\" >\n\t\t\t<div class=\"box-text-inner\">\n\t\t\t\t\n<h4 style=\"text-align: left;\">Barres de soutien Ergonomiques Doubles<\/h4>\n<p style=\"text-align: left;\">M\u00e9langez: Concentrez-vous sur les groupes musculaires sup\u00e9rieurs, abdominaux &amp; inf\u00e9rieurs en changeant la position de vos mains en milieu d&rsquo;entra\u00eenement. Vous pouvez pousser vers avec une synchronisation des bras &amp; des jambes, ou bien terminer par un sprint final gr\u00e2ce aux barres de soutien int\u00e9rieures.<\/p>\n\t\t\t<\/div>\n\t\t<\/div>\n\t<\/div>\n\t\n\t\t<\/div>\n\t\t\t\t\t<\/div>\n\n\t\n\n\t<div id=\"col-241830012\" class=\"col medium-3 small-12 large-3\"  >\n\t\t\t\t<div class=\"col-inner\"  >\n\t\t\t\n\t\t\t\n\t<div class=\"box has-hover   has-hover box-text-bottom\" >\n\n\t\t<div class=\"box-image\" >\n\t\t\t\t\t\t<div class=\"\" >\n\t\t\t\t<img decoding=\"async\" width=\"220\" height=\"220\" src=\"https:\/\/last.bluefinfitness.com\/wp-content\/uploads\/2019\/10\/da59a0a0-03ec-4a40-b7df-6037ced8a087.__CR00220220_PT0_SX220_V1___.png\" class=\"attachment- size-\" alt=\"Bluefin v\u00e9lo elliptique\" srcset=\"https:\/\/last.bluefinfitness.com\/wp-content\/uploads\/2019\/10\/da59a0a0-03ec-4a40-b7df-6037ced8a087.__CR00220220_PT0_SX220_V1___.png 220w, https:\/\/last.bluefinfitness.com\/wp-content\/uploads\/2019\/10\/da59a0a0-03ec-4a40-b7df-6037ced8a087.__CR00220220_PT0_SX220_V1___-150x150.png 150w, https:\/\/last.bluefinfitness.com\/wp-content\/uploads\/2019\/10\/da59a0a0-03ec-4a40-b7df-6037ced8a087.__CR00220220_PT0_SX220_V1___-100x100.png 100w\" sizes=\"(max-width: 220px) 100vw, 220px\" \/>\t\t\t\t\t\t\t\t\t\t\t<\/div>\n\t\t\t\t\t<\/div>\n\n\t\t<div class=\"box-text text-center\" >\n\t\t\t<div class=\"box-text-inner\">\n\t\t\t\t\n<h4 style=\"text-align: left;\">P\u00e9dales anti-d\u00e9parantes XL Extra Larges<\/h4>\n<p style=\"text-align: left;\">Le meilleur pied vers l&rsquo;avant: Les p\u00e9dales d&rsquo;accroche anti-d\u00e9rapantes offrent une largeur suppl\u00e9mentaire afin que vous puissiez faire varier vos foul\u00e9es &amp; votre position selon vos besoins.<\/p>\n\t\t\t<\/div>\n\t\t<\/div>\n\t<\/div>\n\t\n\t\t<\/div>\n\t\t\t\t\t<\/div>\n\n\t\n\n\t<div id=\"col-894009327\" class=\"col medium-3 small-12 large-3\"  >\n\t\t\t\t<div class=\"col-inner\"  >\n\t\t\t\n\t\t\t\n\t<div class=\"box has-hover   has-hover box-text-bottom\" >\n\n\t\t<div class=\"box-image\" >\n\t\t\t\t\t\t<div class=\"\" >\n\t\t\t\t<img decoding=\"async\" width=\"220\" height=\"220\" src=\"https:\/\/last.bluefinfitness.com\/wp-content\/uploads\/2019\/10\/6e06445a-2890-46f6-92f3-71ebba82c662.__CR00220220_PT0_SX220_V1___.png\" class=\"attachment- size-\" alt=\"Bluefin v\u00e9lo elliptique\" srcset=\"https:\/\/last.bluefinfitness.com\/wp-content\/uploads\/2019\/10\/6e06445a-2890-46f6-92f3-71ebba82c662.__CR00220220_PT0_SX220_V1___.png 220w, https:\/\/last.bluefinfitness.com\/wp-content\/uploads\/2019\/10\/6e06445a-2890-46f6-92f3-71ebba82c662.__CR00220220_PT0_SX220_V1___-150x150.png 150w, https:\/\/last.bluefinfitness.com\/wp-content\/uploads\/2019\/10\/6e06445a-2890-46f6-92f3-71ebba82c662.__CR00220220_PT0_SX220_V1___-100x100.png 100w\" sizes=\"(max-width: 220px) 100vw, 220px\" \/>\t\t\t\t\t\t\t\t\t\t\t<\/div>\n\t\t\t\t\t<\/div>\n\n\t\t<div class=\"box-text text-center\" >\n\t\t\t<div class=\"box-text-inner\">\n\t\t\t\t\n<h4 style=\"text-align: left;\">Console Multifonctionnelle &amp; \u00c9cran LCD<\/h4>\n<p style=\"text-align: left;\">\u00c9cran Digital: L&rsquo;\u00e9cran r\u00e9tro-\u00e9clair\u00e9 LCD vous permet d&rsquo;effectuer le suivi de votre entra\u00eenement en temps r\u00e9el gr\u00e2ce \u00e0 des statistiques sur votre vitesse, temps, distance, pulsation &amp; calories br\u00fbl\u00e9es. Utilisez l&rsquo;application smartphone int\u00e9gr\u00e9e pour encore plus de fonctionnalit\u00e9s.<\/p>\n\t\t\t<\/div>\n\t\t<\/div>\n\t<\/div>\n\t\n\t\t<\/div>\n\t\t\t\t\t<\/div>\n\n\t\n\n\t<div id=\"col-1736569924\" class=\"col medium-3 small-12 large-3\"  >\n\t\t\t\t<div class=\"col-inner\"  >\n\t\t\t\n\t\t\t\n\t<div class=\"box has-hover   has-hover box-text-bottom\" >\n\n\t\t<div class=\"box-image\" >\n\t\t\t\t\t\t<div class=\"\" >\n\t\t\t\t<img decoding=\"async\" width=\"220\" height=\"220\" src=\"https:\/\/last.bluefinfitness.com\/wp-content\/uploads\/2019\/10\/93a7ee14-237b-4202-bb2f-cd738c4548a6.__CR00220220_PT0_SX220_V1___.png\" class=\"attachment- size-\" alt=\"Bluefin v\u00e9lo elliptique\" srcset=\"https:\/\/last.bluefinfitness.com\/wp-content\/uploads\/2019\/10\/93a7ee14-237b-4202-bb2f-cd738c4548a6.__CR00220220_PT0_SX220_V1___.png 220w, https:\/\/last.bluefinfitness.com\/wp-content\/uploads\/2019\/10\/93a7ee14-237b-4202-bb2f-cd738c4548a6.__CR00220220_PT0_SX220_V1___-150x150.png 150w, https:\/\/last.bluefinfitness.com\/wp-content\/uploads\/2019\/10\/93a7ee14-237b-4202-bb2f-cd738c4548a6.__CR00220220_PT0_SX220_V1___-100x100.png 100w\" sizes=\"(max-width: 220px) 100vw, 220px\" \/>\t\t\t\t\t\t\t\t\t\t\t<\/div>\n\t\t\t\t\t<\/div>\n\n\t\t<div class=\"box-text text-center\" >\n\t\t\t<div class=\"box-text-inner\">\n\t\t\t\t\n<h4 style=\"text-align: left;\">Support Fixe pour Smartphone &amp; Tablette<\/h4>\n<p style=\"text-align: left;\">Fonctionnalit\u00e9s Suppl\u00e9mentaires: Obtenez encore plus de votre entra\u00eenement en effectuant le suivi via l&rsquo;application E-Health. Alternativement, vous pouvez m\u00eame regarder un film ou contr\u00f4ler votre smartphone en milieu d&rsquo;entra\u00eenement; cela est possible gr\u00e2ce au support fixe qui est sp\u00e9cifiquement con\u00e7u afin de maintenir votre smartphone ou votre tablette.<\/p>\n\t\t\t<\/div>\n\t\t<\/div>\n\t<\/div>\n\t\n\t\t<\/div>\n\t\t\t\t\t<\/div>\n\n\t\n<\/div>\n<div class=\"row row-small align-center\"  id=\"row-70535891\">\n\n\t<div id=\"col-490029180\" class=\"col medium-7 small-12 large-7\"  >\n\t\t\t\t<div class=\"col-inner\"  >\n\t\t\t\n\t\t\t\n<h2>V\u00e9lo d&rsquo;Entra\u00eenement Elliptique Polyvalent Curv 3.0 de Bluefin Fitness<\/h2>\n<h3 class=\"thin-font\">Compact &amp; Qualit\u00e9 Commerciale<\/h3>\n<p>Faites confiance \u00e0 Bluefin Fitness pour le meilleur \u00e9quipement d&rsquo;entra\u00eenement \u00e0 la maison. Le V\u00e9lo d&rsquo;Entra\u00eenement Elliptique Curv 3.0 de Bluefin Fitness est le plus grand mod\u00e8le de notre gamme de v\u00e9los elliptiques &amp; permet un entra\u00eenement \u00e0 faible impact pour votre salle de sport \u00e0 la maison. Il est livr\u00e9 mont\u00e9 &amp; dispose de nombreuses fonctionnalit\u00e9s. L&rsquo;unit\u00e9 centrale dispose de roues durables et est facilement transportable tout autour de la maison lorsqu&rsquo;elle n&rsquo;est pas utilis\u00e9e.<\/p>\n<p>Augmentez votre masse musculaire et br\u00fblez des calories avec un entra\u00eenement \u00e0 faible impact qui impose moins de pression sur vos articulations qu&rsquo;un entra\u00eenement cardio traditionnel. 12x programmes automatiques + 16x niveaux manuels de r\u00e9sistance qui vous permettent d&rsquo;avancer \u00e0 votre rythme, ou de simuler de la course cross-country &amp; des sprints. Le volant d&rsquo;inertie, le moteur silencieux &amp; les freins magn\u00e9tiques permettent un mouvement fluide.<\/p>\n<p>Mesurez le temps, la distance, les calories br\u00fbl\u00e9es &amp; le rythme cardique avec l&rsquo;\u00e9cran digital LCD r\u00e9tro-\u00e9clair\u00e9. Utilisez l&rsquo;appli pour smartphone ou tablette E-Health: connectez-la via le Bluetooth afin d&rsquo;effectuer le suivi &amp; analysez votre entra\u00eenement au cours du temps gr\u00e2ce \u00e0 votre dashboard personnel d&rsquo;entra\u00eenement.<\/p>\n\t\t<\/div>\n\t\t\t\t\t<\/div>\n\n\t\n\n\t<div id=\"col-1659980584\" class=\"col medium-5 small-12 large-5\"  >\n\t\t\t\t<div class=\"col-inner\"  >\n\t\t\t\n\t\t\t\n\t<div class=\"img has-hover x md-x lg-x y md-y lg-y\" id=\"image_425358802\">\n\t\t\t\t\t\t\t\t<div class=\"img-inner dark\" >\n\t\t\t<img decoding=\"async\" width=\"300\" height=\"300\" src=\"https:\/\/last.bluefinfitness.com\/wp-content\/uploads\/2019\/10\/a9f0eb5d-96a0-46db-bf2b-3c12861fa2c2.__CR00300300_PT0_SX300_V1___.png\" class=\"attachment-large size-large\" alt=\"Bluefin v\u00e9lo elliptique\" srcset=\"https:\/\/last.bluefinfitness.com\/wp-content\/uploads\/2019\/10\/a9f0eb5d-96a0-46db-bf2b-3c12861fa2c2.__CR00300300_PT0_SX300_V1___.png 300w, https:\/\/last.bluefinfitness.com\/wp-content\/uploads\/2019\/10\/a9f0eb5d-96a0-46db-bf2b-3c12861fa2c2.__CR00300300_PT0_SX300_V1___-150x150.png 150w, https:\/\/last.bluefinfitness.com\/wp-content\/uploads\/2019\/10\/a9f0eb5d-96a0-46db-bf2b-3c12861fa2c2.__CR00300300_PT0_SX300_V1___-100x100.png 100w\" sizes=\"(max-width: 300px) 100vw, 300px\" \/>\t\t\t\t\t\t\n\t\t\t\t\t<\/div>\n\t\t\t\t\t\t\t\t\n<style>\n#image_425358802 {\n  width: 70%;\n}\n<\/style>\n\t<\/div>\n\t\n<h4>Caract\u00e9ristiques:<\/h4>\n<ul>\n<li>Technologie auto-aliment\u00e9e<\/li>\n<li>Freinage Magn\u00e9tique<\/li>\n<li>12 x Programmes Automatiques<\/li>\n<li>12 x Niveaux Manuels de R\u00e9sistance<\/li>\n<li>HRC: Contr\u00f4le du Rythme Cardiaque<\/li>\n<li>Capteurs de Pouls<\/li>\n<li>Appli Fitness pour Smartphone E-Health Int\u00e9gr\u00e9e<\/li>\n<li>Affichage: \u00c9cran LCD r\u00e9tro-\u00e9clair\u00e9 + support fixe pour smartphone \/ tablette<\/li>\n<\/ul>\n\t\t<\/div>\n\t\t\t\t\t<\/div>\n\n\t\n<\/div>\n<div class=\"row row-small align-center\"  id=\"row-2114446287\">\n\n\t<div id=\"col-1941798286\" class=\"col medium-6 small-12 large-6\"  >\n\t\t\t\t<div class=\"col-inner\"  >\n\t\t\t\n\t\t\t\n<p><b>&#8212;&#8211; Caract\u00e9ristiques &#8212;&#8211; <\/b><\/p>\n<p>\u2713 Application E-Health pour Smartphones et Tablettes avec Programmes int\u00e9gr\u00e9s, Compatible R\u00e9seaux Sociaux<br \/>\n\u2713 \u00c9cran LCD R\u00e9tro-\u00e9clair\u00e9<br \/>\n\u2713 Qualit\u00e9 Commerciale<br \/>\n\u2713 Conception Innovante 162cm x 169cm x 65cm<br \/>\n\u2713 Roues int\u00e9gr\u00e9es pour transport facile<br \/>\n\u2713 Moteur silencieux<br \/>\n\u2713 Freins magn\u00e9tiques<br \/>\n\u2713 Poign\u00e9es doubles ergonomiques<br \/>\n\u2713 P\u00e9dales s\u00e9curis\u00e9es anti-d\u00e9rapantes<br \/>\n\u2713 Disque rotatif puissant de 14kg<\/p>\n\t\t<\/div>\n\t\t\t\t\t<\/div>\n\n\t\n\n\t<div id=\"col-1502134716\" class=\"col medium-6 small-12 large-6\"  >\n\t\t\t\t<div class=\"col-inner\"  >\n\t\t\t\n\t\t\t\n<p><b>&#8212;&#8212; Dans la bo\u00eete &#8212;&#8212; <\/b><\/p>\n<p>\u279c V\u00e9lo d&rsquo;Entra\u00eenement Elliptique Polyvalent Curv 3.0 de Bluefin Fitness<br \/>\n\u279c Instruction Manual<br \/>\n\u279c Tool Kit for set up &amp; maintenance<\/p>\n\t\t<\/div>\n\t\t\t\t\t<\/div>\n\n\t\n<\/div>\n","protected":false},"excerpt":{"rendered":"<ul>\n<li>MOUVEMENT FLUIDE: Le moteur est autopropuls\u00e9 &amp; le v\u00e9lo d&rsquo;appartement dispose de freins magn\u00e9tiques.<\/li>\n<li>PROGRAMMES D&rsquo;ENTRA\u00ceNEMENTS INT\u00c9GR\u00c9S: 12 programmes automatiques et de 16 niveaux de r\u00e9sistance.<\/li>\n<li>FAIBLE IMPACT, HAUTE INTENSIT\u00c9: Le v\u00e9lo elliptique Curv est une fantastique alternative.<\/li>\n<li>APPLI SMARTPHONE INT\u00c9GR\u00c9E: Le v\u00e9lo elliptique est compatible avec l&rsquo;appli fitness E-Health.<\/li>\n<li>\u00c9CRAN LCD: Mesurez le temps, la distance, les calories br\u00fbl\u00e9es &amp; les pulsations avec l&rsquo;\u00e9cran LCD.<\/li>\n<\/ul>\n","protected":false},"featured_media":645758,"comment_status":"open","ping_status":"closed","template":"","meta":[],"product_cat":[133,1023],"product_tag":[],"_links":{"self":[{"href":"https:\/\/last.bluefinfitness.com\/fr\/wp-json\/wp\/v2\/product\/25386"}],"collection":[{"href":"https:\/\/last.bluefinfitness.com\/fr\/wp-json\/wp\/v2\/product"}],"about":[{"href":"https:\/\/last.bluefinfitness.com\/fr\/wp-json\/wp\/v2\/types\/product"}],"replies":[{"embeddable":true,"href":"https:\/\/last.bluefinfitness.com\/fr\/wp-json\/wp\/v2\/comments?post=25386"}],"wp:featuredmedia":[{"embeddable":true,"href":"https:\/\/last.bluefinfitness.com\/fr\/wp-json\/wp\/v2\/media\/645758"}],"wp:attachment":[{"href":"https:\/\/last.bluefinfitness.com\/fr\/wp-json\/wp\/v2\/media?parent=25386"}],"wp:term":[{"taxonomy":"product_cat","embeddable":true,"href":"https:\/\/last.bluefinfitness.com\/fr\/wp-json\/wp\/v2\/product_cat?post=25386"},{"taxonomy":"product_tag","embeddable":true,"href":"https:\/\/last.bluefinfitness.com\/fr\/wp-json\/wp\/v2\/product_tag?post=25386"}],"curies":[{"name":"wp","href":"https:\/\/api.w.org\/{rel}","templated":true}]}}