{"id":25768,"date":"2019-10-28T17:53:30","date_gmt":"2019-10-28T17:53:30","guid":{"rendered":"https:\/\/www.bluefinfitness.com\/product\/velo-dappartement-tour-5-0-bluefin-fitness-equipement-de-sport-a-la-maison-machine-dentrainement-resistance-magnetique-ecran-lcd-bluetooth-appli-smartphone-noir-gris-argente\/"},"modified":"2023-04-03T08:12:48","modified_gmt":"2023-04-03T08:12:48","slug":"velo-d-apartament-web-exclusive","status":"publish","type":"product","link":"https:\/\/last.bluefinfitness.com\/fr\/velo-d-apartament-web-exclusive\/","title":{"rendered":"V\u00e9lo d&rsquo;exercice \u00e0 r\u00e9sistance magn\u00e9tique Bluefin Tour 5.0"},"content":{"rendered":"<p><b>Compact &amp; Qualit\u00e9 Commerciale<\/b><\/p>\n<p>Faites confiance \u00e0 Bluefin Fitness pour le meilleur \u00e9quipement de sport \u00e0 la maison. Le v\u00e9lo d&rsquo;appartement Tour 5.0 de Bluefin Fitness est efficace &amp; compact, et il fournit un entra\u00eenement du cardio \u00e0 faible impact. Il est livr\u00e9 en partie assembl\u00e9 &amp; dispose de toutes les derni\u00e8res fonctionnalit\u00e9s. L&rsquo;unit\u00e9 centrale dispose de roues durables et il est facilement transportable.<\/p>\n<p>Augmentez votre masse musculaire et br\u00fblez des calories avec un entra\u00eenement cross-trainer \u00e0 faible impact. x12 programmes automatiques + x24 niveaux manuels de r\u00e9sistance afin que vous puissiez pratiquer \u00e0 votre rythme &amp; simuler des excursions cross-country avec une inclinaison variable &amp; une r\u00e9sistance en d\u00e9clinaison. Le volant d&rsquo;inertie, le moteur silencieux &amp; les freins magn\u00e9tiques fournissent un mouvement fluide &amp; un entra\u00eenement cross training \u00e0 haute intensit\u00e9.<\/p>\n<p>Mesurez le temps, la distance, les calories br\u00fbl\u00e9es, &amp; le rythme cardiaque gr\u00e2ce \u00e0 l&rsquo;\u00e9cran LCD r\u00e9tro-\u00e9clair\u00e9. Utilisez l&rsquo;appli Kinomap pour smartphones et tablettes: connectez-vous en Bluetooth afin de mesurer &amp; d&rsquo;analyser votre entra\u00eenement au cours du temps sur votre propre dashboard fitness.<\/p>\n<p><b>&#8212;&#8212; Dans la bo\u00eete &#8212;&#8212; <\/b><br \/>\n\u279cV\u00e9lo d&rsquo;Appartement Tour 5.0 de Bluefin Fitness<br \/>\n\u279c Guide d&rsquo;Utilisation<br \/>\n\u279c Chargeur EU<br \/>\n\u279c Chargeur UK<br \/>\n\u279c Kit de montage et de maintenance<\/p>\n<p><b>&#8212;&#8211; Caract\u00e9ristiques Clefs &#8212;&#8211; <\/b><br \/>\n\u2713 Appli Smartphone\/Tablette Kinomap avec programmes int\u00e9gr\u00e9s, Compatible pour R\u00e9seaux Sociaux<br \/>\n\u2713 \u00c9cran LCD R\u00e9tro-\u00e9clair\u00e9<br \/>\n\u2713 Qualit\u00e9 Commerciale<br \/>\n\u2713 Conception Innovante 101cm x 126cm x 50cm<br \/>\n\u2713 Roues int\u00e9gr\u00e9es pour transport facile<br \/>\n\u2713 Syst\u00e8me de moteur silencieux<br \/>\n\u2713 Freins Magn\u00e9tiques<br \/>\n\u2713 Guidons d&rsquo;aggripe ergonomiques<br \/>\n\u2713 P\u00e9dales anti-d\u00e9rapantes<br \/>\n\u2713 Puissant Volant d&rsquo;Inertie 12kg<\/p>\n<p><b>Cliquez \u00ab\u00a0\u00a0\u00bbAjouter au panier\u00a0\u00bb\u00a0\u00bb et br\u00fblez des calories avec Bluefin aujourd&rsquo;hui !<\/b><\/p>\n","protected":false},"excerpt":{"rendered":"<ul>\n<li>MOUVEMENT FLUIDE &amp; SILENCIEUX: Le puissant volant d&rsquo;inertie 12kg &amp; le moteur silencieux b\u00e9n\u00e9ficient d&rsquo;un frein magn\u00e9tique s\u00e9curis\u00e9 qui permettent d&rsquo;arr\u00eater facilement.<\/li>\n<li>PR\u00c9-PROGRAMMES D&rsquo;ENTRA\u00ceNEMENT: Le v\u00e9lo d&rsquo;appartement dispose de x12 programmes automatiques et x24 de niveaux manuels de r\u00e9sistance. Fa\u00eetes du v\u00e9lo \u00e0 votre rythme, ou augmentez la difficult\u00e9 &amp; simulez une excursion cross-country avec une inclinaison variable &amp; une r\u00e9sistance en d\u00e9clinaison.<\/li>\n<li>FAIBLE IMPACTE, HAUTE INTENSIT\u00c9: Le v\u00e9lo d&rsquo;appartement Tour 5.0 offre un entra\u00eenement du cardio \u00e0 faible impact qui pr\u00e9serve vos articulations &amp; offre un grand nombre de b\u00e9n\u00e9fices pour la sant\u00e9.<\/li>\n<li>APPLI SMARTPHONE INT\u00c9GR\u00c9E: Le v\u00e9lo d&rsquo;appartement elliptique est compatible avec l&rsquo;appli fitness Kinomap afin de pouvoir suivre &amp; analyser votre entra\u00eenement en temps r\u00e9el. Disposez votre smartphone \u00e0 port\u00e9e visuelle gr\u00e2ce au support fixe pour smartphones &amp; tablettes fourni.<\/li>\n<li>\u00c9cran LCD: Mesurez le temps, la distance, les calories br\u00fbl\u00e9es &amp; le rythme cardiaque sur l&rsquo;\u00e9cran r\u00e9tro-\u00e9clair\u00e9 LCD multi-fonctionnel. Repoussez vos limites &amp; r\u00e9alisez vos objectifs fitness gr\u00e2ce au v\u00e9lo d&rsquo;appartement.<\/li>\n<\/ul>\n","protected":false},"featured_media":644905,"comment_status":"open","ping_status":"closed","template":"","meta":[],"product_cat":[133,1018],"product_tag":[],"_links":{"self":[{"href":"https:\/\/last.bluefinfitness.com\/fr\/wp-json\/wp\/v2\/product\/25768"}],"collection":[{"href":"https:\/\/last.bluefinfitness.com\/fr\/wp-json\/wp\/v2\/product"}],"about":[{"href":"https:\/\/last.bluefinfitness.com\/fr\/wp-json\/wp\/v2\/types\/product"}],"replies":[{"embeddable":true,"href":"https:\/\/last.bluefinfitness.com\/fr\/wp-json\/wp\/v2\/comments?post=25768"}],"wp:featuredmedia":[{"embeddable":true,"href":"https:\/\/last.bluefinfitness.com\/fr\/wp-json\/wp\/v2\/media\/644905"}],"wp:attachment":[{"href":"https:\/\/last.bluefinfitness.com\/fr\/wp-json\/wp\/v2\/media?parent=25768"}],"wp:term":[{"taxonomy":"product_cat","embeddable":true,"href":"https:\/\/last.bluefinfitness.com\/fr\/wp-json\/wp\/v2\/product_cat?post=25768"},{"taxonomy":"product_tag","embeddable":true,"href":"https:\/\/last.bluefinfitness.com\/fr\/wp-json\/wp\/v2\/product_tag?post=25768"}],"curies":[{"name":"wp","href":"https:\/\/api.w.org\/{rel}","templated":true}]}}