{"id":25808,"date":"2019-10-28T18:20:03","date_gmt":"2019-10-28T18:20:03","guid":{"rendered":"https:\/\/www.bluefinfitness.com\/product\/velo-elliptique-cross-trainer-curv-2-0-bluefin-fitness-entrainement-a-la-maison-machine-dentrainement-au-step-compact-ecran-digital-lcd-bluetooth-appli-smartphone-noir-gris-argente\/"},"modified":"2022-11-21T22:36:42","modified_gmt":"2022-11-21T22:36:42","slug":"velo-elliptique-web-exclusive","status":"publish","type":"product","link":"https:\/\/last.bluefinfitness.com\/fr\/velo-elliptique-web-exclusive\/","title":{"rendered":"V\u00e9lo Elliptique Bluefin Curv 2.0"},"content":{"rendered":"<p>\u00ab\u00a0<b>Compact &amp; Qualit\u00e9 Commerciale<\/b><\/p>\n<p>Faites confiance \u00e0 Bluefin Fitness pour le meilleur \u00e9quipement de sport \u00e0 la maison. Les v\u00e9los elliptiques sont une alternative fantastique aux tapis de course et aux v\u00e9los d&rsquo;entra\u00eenement. Le V\u00e9lo Elliptique Cross Trainer Curv 2.0 Bluefin Fitness est un mod\u00e8le de taille moyenne &amp; il fournit un entra\u00eenement du cardio \u00e0 faible impacte. Arrive en partie assembl\u00e9 &amp; disposant de toutes les derni\u00e8res fonctionnalit\u00e9s. L&rsquo;unit\u00e9 centrale dispose de roues et est facile \u00e0 transporter.<\/p>\n<p>Br\u00fblez des calories avec ce v\u00e9lo d&rsquo;entra\u00eenement qui ab\u00eeme moins vos articulations qu&rsquo;un entra\u00eenement cardio traditionnel. x12 programmes automatiques + x24 niveaux manuels de r\u00e9sistance qui vous permettent de p\u00e9daler \u00e0 votre rythme, ou de simuler de la course cross-country. Le volant d&rsquo;inertie, le moteur silencieux &amp; les freins magn\u00e9tiques fournissent un mouvement fluide &amp; des entra\u00eenements step de haute intensit\u00e9.<\/p>\n<p>Mesurez le temps, la distance, les calories br\u00fbl\u00e9es &amp; le rythme cardique avec l&rsquo;\u00e9cran LCD r\u00e9tro-\u00e9clair\u00e9. Utilisez l&rsquo;appli mobile int\u00e9gr\u00e9e E-Health: connectez-vous en Bluetooth afin d&rsquo;analyser vos performances.<\/p>\n<p><b>&#8212;&#8212; Dans la bo\u00eete &#8212;&#8212; <\/b><br \/>\n\u279c Le V\u00e9lo Elliptique Cross Trainer Curv 2.0 de Bluefin Fitness<br \/>\n\u279c Guide d&rsquo;Utilisation<br \/>\n\u279c Chargeur EU<br \/>\n\u279c Chargeur UK<br \/>\n\u279c Kit de montage &amp; de maintenance<\/p>\n<p><b>&#8212;&#8211; Caract\u00e9ristiques principales &#8212;&#8211; <\/b><br \/>\n\u2713 Application E-Health pour Smartphones \/ Tablettes avec Pr\u00e9-programmes, Compatible R\u00e9seaux Sociaux<br \/>\n\u2713 \u00c9cran Fitness LCD R\u00e9tro-\u00e9clair\u00e9<br \/>\n\u2713 Qualit\u00e9 Commerciale<br \/>\n\u2713 Conception Innovante 113cm x 151cm x 50cm<br \/>\n\u2713 Roues int\u00e9gr\u00e9es pour transport facile<br \/>\n\u2713 Moteur Silencieux<br \/>\n\u2713 Freins Magn\u00e9tiques<br \/>\n\u2713 Doubles guidons ergonomiques<br \/>\n\u2713 P\u00e9dales plantaires s\u00e9curis\u00e9es anti-d\u00e9rapantes<br \/>\n\u2713 Volant d&rsquo;inertie 12kg<\/p>\n<p><b>Cliquez sur \u00ab\u00a0\u00a0\u00bbAjouter au panier\u00a0\u00bb\u00a0\u00bb et perdez du poids avec Bluefin d\u00e8s aujourd&rsquo;hui !<\/b><\/p>\n","protected":false},"excerpt":{"rendered":"<ul>\n<li>MOUVEMENT FLUIDE ET SILENCIEUX: Le v\u00e9lo d&rsquo;appartement dispose d&rsquo;un volant d&rsquo;inertie de 12kg &amp; d&rsquo;un moteur silencieux avec freins magn\u00e9tiques qui vous permettent de ralentir facilement.<\/li>\n<li>PR\u00c9-PROGRAMMES D&rsquo;ENTRA\u00ceNEMENT: L&rsquo;ordinateur cross-trainer dispose de x12 programmes automatiques + x24 niveaux manuels de r\u00e9sistance. Avancez \u00e0 votre rythme, ou augmentez la difficult\u00e9 &amp; simulez des sprints cross-country.<\/li>\n<li>FAIBLE IMPACTE, HAUTE INTENSIT\u00c9: Le V\u00e9lo Elliptique Cross Trainer Curv est une alternative fantastique aux entra\u00eenements \u00e0 v\u00e9lo traditionnels &amp; il offre un entra\u00eenement du cardio \u00e0 faible impacte qui vous permet de prot\u00e9ger vos articulations &amp; d&rsquo;en tirer les meilleurs b\u00e9n\u00e9fices pour la sant\u00e9.<\/li>\n<li>APPLI SMARTPHONE INT\u00c9GR\u00c9E: Le v\u00e9lo elliptique est compatible avec une appli fitness E-Health qui vous permet de suivre &amp; d&rsquo;enregistrer votre entra\u00eenement en temps r\u00e9el. Placez votre smartphone \u00e0 niveau des yeux sur le support tablette fourni.<\/li>\n<li>\u00c9cran LCD: Mesurez le temps, la distance, les calories &amp; le rythme cardiaque sur l&rsquo;\u00e9cran r\u00e9tro-\u00e9clair\u00e9 LCD multi-fonctionnel. Repoussez encore plus vos limites &amp; atteignez vos objectifs fitness.<\/li>\n<\/ul>\n","protected":false},"featured_media":644872,"comment_status":"open","ping_status":"closed","template":"","meta":[],"product_cat":[133,1023],"product_tag":[],"_links":{"self":[{"href":"https:\/\/last.bluefinfitness.com\/fr\/wp-json\/wp\/v2\/product\/25808"}],"collection":[{"href":"https:\/\/last.bluefinfitness.com\/fr\/wp-json\/wp\/v2\/product"}],"about":[{"href":"https:\/\/last.bluefinfitness.com\/fr\/wp-json\/wp\/v2\/types\/product"}],"replies":[{"embeddable":true,"href":"https:\/\/last.bluefinfitness.com\/fr\/wp-json\/wp\/v2\/comments?post=25808"}],"wp:featuredmedia":[{"embeddable":true,"href":"https:\/\/last.bluefinfitness.com\/fr\/wp-json\/wp\/v2\/media\/644872"}],"wp:attachment":[{"href":"https:\/\/last.bluefinfitness.com\/fr\/wp-json\/wp\/v2\/media?parent=25808"}],"wp:term":[{"taxonomy":"product_cat","embeddable":true,"href":"https:\/\/last.bluefinfitness.com\/fr\/wp-json\/wp\/v2\/product_cat?post=25808"},{"taxonomy":"product_tag","embeddable":true,"href":"https:\/\/last.bluefinfitness.com\/fr\/wp-json\/wp\/v2\/product_tag?post=25808"}],"curies":[{"name":"wp","href":"https:\/\/api.w.org\/{rel}","templated":true}]}}