{"id":29025,"date":"2020-01-03T11:15:42","date_gmt":"2020-01-03T11:15:42","guid":{"rendered":"https:\/\/www.bluefinfitness.com\/product\/bluefin-fitness-tour-spin-spinning-bike-home-gym-equipment-exercise-bike-machine-kinomap-live-video-streaming-video-coaching-training-bluetooth-smartphone-app-black-grey-silver\/"},"modified":"2023-11-09T11:15:58","modified_gmt":"2023-11-09T11:15:58","slug":"velo-sp-web-exclusive","status":"publish","type":"product","link":"https:\/\/last.bluefinfitness.com\/fr\/velo-sp-web-exclusive\/","title":{"rendered":"V\u00e9lo d&rsquo;Exercice Bluefin Tour SP"},"content":{"rendered":"<p style=\"text-align: justify;\"><b>Compact &amp; Qualit\u00e9 Commerciale<\/b><\/p>\n<p style=\"text-align: justify;\">Faites confiance \u00e0 Bluefin Fitness pour votre \u00e9quipement de sport \u00e0 la maison. Le v\u00e9lo Tour SP de Bluefin offre un entra\u00eenement cardio de faible impact. Arrive en partie assembl\u00e9 et plein de fonctionnalit\u00e9s. L&rsquo;unit\u00e9 centrale dispose de freins r\u00e9sistants et se transporte facilement lorsqu&rsquo;il n&rsquo;est pas utilis\u00e9. Facilement transportable.<\/p>\n<p style=\"text-align: justify;\">Augmentez votre masse musculaire et br\u00fblez des calories gr\u00e2ce au v\u00e9lo d&rsquo;entra\u00eenement \u00e0 faible impact qui pressurise moins vos articulations que les v\u00e9los habituels. Niveaux manuels de r\u00e9sistance qui permet de simuler du v\u00e9lo cross-country avec une inclinaison et d\u00e9clinaison variable. Le volant d&rsquo;inertie de 25kg, le syst\u00e8me de transmission par courroie silencieux offrent &amp; un v\u00e9lo d&rsquo;entra\u00eenement de haute intensit\u00e9.<\/p>\n<p style=\"text-align: justify;\">Mesurez le temps, la distance, les calories br\u00fbl\u00e9es &amp; le pouls avec l&rsquo;\u00e9cran LCD. Utilisez l&rsquo;appli int\u00e9gr\u00e9e Kinomap pour smartphone &amp; tablette: connectez via Bluetooth pour suivre &amp; analyser votre entra\u00eenement au cours du temps sur votre dashboard fitness personnel.<\/p>\n<p><em>Veuillez noter que les capteurs manuels sur les guidons sont uniquement \u00e0 but illustratif, et ne sont pas des caract\u00e9ristiques du produit.<\/em><\/p>\n<p style=\"text-align: justify;\"><b>&#8212;&#8212; Dans la bo\u00eete &#8212;&#8212; <\/b><br \/>\n\u279c V\u00e9lo d&rsquo;entra\u00eenement Tour SP de Bluefin<br \/>\n\u279c Guide d&rsquo;utilisation<br \/>\n\u279c Kit de mise en place &amp; de maintenance<\/p>\n<p style=\"text-align: justify;\"><b>&#8212;&#8211; Caract\u00e9ristiques clefs &#8212;&#8211; <\/b><br \/>\n\u2713 Appli Kinomap pour Smartphone\/Tablette avec cours vid\u00e9os &#8211; Compatible R\u00e9seaux Sociaux<br \/>\n\u2713 Qualit\u00e9 Commerciale<br \/>\n\u2713 Design Innovant 122cm x 129cm x 58cm<br \/>\n\u2713 Roues int\u00e9gr\u00e9es pour transport facile<br \/>\n\u2713 Syst\u00e8me de transmission par courroie<br \/>\n\u2713 Tension ajustable<br \/>\n\u2713 Poign\u00e9es avec supports rembourr\u00e9s pour les bras<br \/>\n\u2713 P\u00e9dales sportives avec balles en acier &amp; cage moul\u00e9e pour les orteils<br \/>\n\u2713 Support pour bouteille d&rsquo;eau<br \/>\n\u2713 Volant d&rsquo;inertie de 25kg<\/p>\n<p style=\"text-align: justify;\"><b>Cliquez sur \u00ab\u00a0Ajouter au panier\u00a0\u00bb et am\u00e9liorez votre condition physique avec Bluefin d\u00e8s aujourd&rsquo;hui !<\/b><\/p>\n","protected":false},"excerpt":{"rendered":"<ul>\n<li style=\"text-align: justify;\">APPLI SMARTPHONE KINOMAP INT\u00c9GR\u00c9E : L&rsquo;appli Kinomap int\u00e8gre des milliers de vid\u00e9os d&rsquo;entra\u00eenement.<\/li>\n<li style=\"text-align: justify;\">MOUVEMENT FLUIDE &amp; SILENCIEUX : Le volant d&rsquo;inertie de 25kg incorpore des freins de s\u00e9curit\u00e9.<\/li>\n<li style=\"text-align: justify;\">FAIBLE IMPACT, HAUTE INTENSIT\u00c9 : Le v\u00e9lo Tour SP fait travailler votre cardio.<\/li>\n<li style=\"text-align: justify;\">\u00c9CRAN LCD: Mesurez le temps, la distance, les calories &amp; le rythme cardiaque sur l&rsquo;\u00e9cran LCD.<\/li>\n<li style=\"text-align: justify;\">R\u00c9SISTANCE AJUSTABLE + FREINS D&rsquo;ARR\u00caT: Augmentez la tension &amp; la difficult\u00e9 et d\u00e9passez-vous.<\/li>\n<\/ul>\n","protected":false},"featured_media":644913,"comment_status":"open","ping_status":"closed","template":"","meta":[],"product_cat":[133,1018],"product_tag":[],"_links":{"self":[{"href":"https:\/\/last.bluefinfitness.com\/fr\/wp-json\/wp\/v2\/product\/29025"}],"collection":[{"href":"https:\/\/last.bluefinfitness.com\/fr\/wp-json\/wp\/v2\/product"}],"about":[{"href":"https:\/\/last.bluefinfitness.com\/fr\/wp-json\/wp\/v2\/types\/product"}],"replies":[{"embeddable":true,"href":"https:\/\/last.bluefinfitness.com\/fr\/wp-json\/wp\/v2\/comments?post=29025"}],"wp:featuredmedia":[{"embeddable":true,"href":"https:\/\/last.bluefinfitness.com\/fr\/wp-json\/wp\/v2\/media\/644913"}],"wp:attachment":[{"href":"https:\/\/last.bluefinfitness.com\/fr\/wp-json\/wp\/v2\/media?parent=29025"}],"wp:term":[{"taxonomy":"product_cat","embeddable":true,"href":"https:\/\/last.bluefinfitness.com\/fr\/wp-json\/wp\/v2\/product_cat?post=29025"},{"taxonomy":"product_tag","embeddable":true,"href":"https:\/\/last.bluefinfitness.com\/fr\/wp-json\/wp\/v2\/product_tag?post=29025"}],"curies":[{"name":"wp","href":"https:\/\/api.w.org\/{rel}","templated":true}]}}