{"id":43696,"date":"2020-04-27T07:14:03","date_gmt":"2020-04-27T07:14:59","guid":{"rendered":"https:\/\/www.bluefinfitness.com\/?post_type=product&#038;p=43696"},"modified":"2022-05-04T21:55:21","modified_gmt":"2022-05-04T21:55:21","slug":"pistolet-de-massage","status":"publish","type":"product","link":"https:\/\/last.bluefinfitness.com\/fr\/pistolet-de-massage\/","title":{"rendered":"Pistolet de Massage Bluefin DRUMM T-1"},"content":{"rendered":"<p><strong>Machine Th\u00e9rapeutique par Percussion DRUMM T-1<\/strong><\/p>\n<p><strong>R\u00e9cup\u00e9rer. All\u00e9ger. R\u00e9activer:<\/strong> De Bluefin Fitness &#8211; l&rsquo;\u00e9quipementier de fitness \u00e0 domicile par excellence. La gamme Drumm offre des machines th\u00e9rapeutiques par percussion premium qui aident \u00e0 faire r\u00e9cup\u00e9rer les muscles &amp; \u00e0 rel\u00e2cher la tension avant, apr\u00e8s &amp; pendant l&rsquo;entra\u00eenement.<\/p>\n<p>Le choix pr\u00e9f\u00e9r\u00e9 des athl\u00e8tes, entra\u00eeneurs personnels, coachs, physios &amp; th\u00e9rapeutes \u00e0 travers le monde. Le pistolet de massage T-1 offre une relaxation in\u00e9gal\u00e9e &amp; une r\u00e9cup\u00e9ration des tissus musculaires profonds sans les bruits g\u00eanants des autres machines: Seulement 50db &#8211; plus silencieux qu&rsquo;une conversation normale !<\/p>\n<p>Sa conception l\u00e9g\u00e8re et \u00e9l\u00e9gante donne acc\u00e8s \u00e0 de nombreux types de coup de poing pour des percussions confortables via 3 param\u00e8tres de vitesse (1800 &#8211; 2600 percussions par minute) &amp; le choix entre 6 x Attaches de T\u00eate (incluses).<\/p>\n<p>Long\u00e9vit\u00e9 de batterie de 90 minutes entre chaque charge pour une utilisation continue \u00e0 puissance maximale.<\/p>\n<div class=\"row\"  id=\"row-1428076819\">\n\n\t<div id=\"col-988289914\" class=\"col medium-6 small-12 large-6\"  >\n\t\t\t\t<div class=\"col-inner\"  >\n\t\t\t\n\t\t\t\n<p><strong>&#8212;&#8212; Dans la bo\u00eete &#8212;&#8212;<\/strong><\/p>\n<ul>\n<li>DRUMM T-1 par Bluefin Fitness | Machine Th\u00e9rapeutique par Percussion<\/li>\n<li>Valise de Transport de Luxe avec Poign\u00e9e<\/li>\n<li>6 x Attaches de T\u00eate<\/li>\n<li>T\u00eate Plate, T\u00eate de Balle, T\u00eate de B\u00e8che, T\u00eate de Fourche, T\u00eate de Poing &amp;<\/li>\n<li>Balle de Massage<\/li>\n<li>Guide d&rsquo;Utilisation<\/li>\n<li>Adaptateur \/ Chargeur<\/li>\n<\/ul>\n\t\t<\/div>\n\t\t\t\t\t<\/div>\n\n\t\n\n\t<div id=\"col-1982230148\" class=\"col medium-6 small-12 large-6\"  >\n\t\t\t\t<div class=\"col-inner\"  >\n\t\t\t\n\t\t\t\n<p><strong><span class=\"a-text-bold\">&#8212;&#8211; Caract\u00e9ristiques Clefs &#8212;&#8211;<\/span><\/strong><\/p>\n<ul class=\"a-unordered-list a-vertical\">\n<li><span class=\"a-list-item\">30 &#8211; 43 Percussions Par Seconde (1800 &#8211; 2600 Percussions Par Minute)<\/span><\/li>\n<li><span class=\"a-list-item\">3 x Niveaux de Vitesse<\/span><\/li>\n<li><span class=\"a-list-item\">Programme Automatique<\/span><\/li>\n<li><span class=\"a-list-item\">Ultra Silencieux &#8211; seulement 50db<\/span><\/li>\n<li><span class=\"a-list-item\">Amplitude 8mm pour des percussions confortables<\/span><\/li>\n<li><span class=\"a-list-item\">Batterie d&rsquo;une long\u00e9vit\u00e9 de 1h30 \u00e0 puissance maximale<\/span><\/li>\n<li><span class=\"a-list-item\">Machine l\u00e9g\u00e8re de 0.9kg<\/span><\/li>\n<li><span class=\"a-list-item\">222mm x 160mm x 55mm<\/span><\/li>\n<li><span class=\"a-list-item\">Accroche ergonomique<\/span><\/li>\n<li><span class=\"a-list-item\">Indicateurs LED<\/span><\/li>\n<\/ul>\n\t\t<\/div>\n\t\t\t\t\t<\/div>\n\n\t\n<\/div>\n\t<div class=\"img has-hover x md-x lg-x y md-y lg-y\" id=\"image_773141297\">\n\t\t\t\t\t\t\t\t<div class=\"img-inner dark\" >\n\t\t\t<img decoding=\"async\" width=\"970\" height=\"300\" src=\"https:\/\/last.bluefinfitness.com\/wp-content\/uploads\/2020\/04\/1.png\" class=\"attachment-large size-large\" alt=\"Bluefin pistolet de massage\" srcset=\"https:\/\/last.bluefinfitness.com\/wp-content\/uploads\/2020\/04\/1.png 970w, https:\/\/last.bluefinfitness.com\/wp-content\/uploads\/2020\/04\/1-300x93.png 300w, https:\/\/last.bluefinfitness.com\/wp-content\/uploads\/2020\/04\/1-768x238.png 768w, https:\/\/last.bluefinfitness.com\/wp-content\/uploads\/2020\/04\/1-500x155.png 500w\" sizes=\"(max-width: 970px) 100vw, 970px\" \/>\t\t\t\t\t\t\n\t\t\t\t\t<\/div>\n\t\t\t\t\t\t\t\t\n<style>\n#image_773141297 {\n  width: 100%;\n}\n<\/style>\n\t<\/div>\n\t\n\t<div id=\"gap-1051726512\" class=\"gap-element clearfix\" style=\"display:block; height:auto;\">\n\t\t\n<style>\n#gap-1051726512 {\n  padding-top: 30px;\n}\n<\/style>\n\t<\/div>\n\t\n<div class=\"row\"  id=\"row-858322722\">\n\n\t<div id=\"col-1847318226\" class=\"col medium-4 small-12 large-4\"  >\n\t\t\t\t<div class=\"col-inner\"  >\n\t\t\t\n\t\t\t\n\t<div class=\"box has-hover   has-hover box-text-bottom\" >\n\n\t\t<div class=\"box-image\" >\n\t\t\t\t\t\t<div class=\"\" >\n\t\t\t\t<img decoding=\"async\" width=\"300\" height=\"300\" src=\"https:\/\/last.bluefinfitness.com\/wp-content\/uploads\/2016\/04\/2.png\" class=\"attachment- size-\" alt=\"Bluefin pistolet de massage\" srcset=\"https:\/\/last.bluefinfitness.com\/wp-content\/uploads\/2016\/04\/2.png 300w, https:\/\/last.bluefinfitness.com\/wp-content\/uploads\/2016\/04\/2-150x150.png 150w, https:\/\/last.bluefinfitness.com\/wp-content\/uploads\/2016\/04\/2-100x100.png 100w\" sizes=\"(max-width: 300px) 100vw, 300px\" \/>\t\t\t\t\t\t\t\t\t\t\t<\/div>\n\t\t\t\t\t<\/div>\n\n\t\t<div class=\"box-text text-center\" >\n\t\t\t<div class=\"box-text-inner\">\n\t\t\t\t\n<h4 style=\"text-align: left;\">Machine Th\u00e9rapeutique par Percussion DRUMM T-1<\/h4>\n<p style=\"text-align: left;\"><strong>Battez la Battement:<\/strong> L&rsquo;\u00e9l\u00e9gant T-1 offre un niveau parfait de confort de percussion sans les \u00e0-coups inutiles, b\u00e9n\u00e9ficiant d&rsquo;un moteur ultra-silencieux &amp; allant jusqu&rsquo;\u00e0 2600 percussions par minute. Le choix parfait pour les athl\u00e8tes professionnels, les entra\u00eeneurs, coachs &amp; physioth\u00e9rapeutes.<\/p>\n\t\t\t<\/div>\n\t\t<\/div>\n\t<\/div>\n\t\n\t\t<\/div>\n\t\t\t\t\t<\/div>\n\n\t\n\n\t<div id=\"col-1528071160\" class=\"col medium-4 small-12 large-4\"  >\n\t\t\t\t<div class=\"col-inner\"  >\n\t\t\t\n\t\t\t\n\t<div class=\"box has-hover   has-hover box-text-bottom\" >\n\n\t\t<div class=\"box-image\" >\n\t\t\t\t\t\t<div class=\"\" >\n\t\t\t\t<img decoding=\"async\" width=\"300\" height=\"300\" src=\"https:\/\/last.bluefinfitness.com\/wp-content\/uploads\/2016\/04\/3.png\" class=\"attachment- size-\" alt=\"Bluefin pistolet de massage\" srcset=\"https:\/\/last.bluefinfitness.com\/wp-content\/uploads\/2016\/04\/3.png 300w, https:\/\/last.bluefinfitness.com\/wp-content\/uploads\/2016\/04\/3-150x150.png 150w, https:\/\/last.bluefinfitness.com\/wp-content\/uploads\/2016\/04\/3-100x100.png 100w\" sizes=\"(max-width: 300px) 100vw, 300px\" \/>\t\t\t\t\t\t\t\t\t\t\t<\/div>\n\t\t\t\t\t<\/div>\n\n\t\t<div class=\"box-text text-center\" >\n\t\t\t<div class=\"box-text-inner\">\n\t\t\t\t\n<h4 style=\"text-align: left;\"><strong>Laissez le T-1 Prendre le Contr\u00f4le<\/strong><\/h4>\n<p style=\"text-align: left;\"><strong>Programme Automatique:<\/strong> Le DRUMM T-1 dispose de programmes de massage int\u00e9gr\u00e9s \u00e0 vitesse variable, vous permettant de vous concentrer sur des cibles musculaires pr\u00e9cises. Laissez le DRUMM faire le travail pour vous.<\/p>\n\t\t\t<\/div>\n\t\t<\/div>\n\t<\/div>\n\t\n\t\t<\/div>\n\t\t\t\t\t<\/div>\n\n\t\n\n\t<div id=\"col-1048735616\" class=\"col medium-4 small-12 large-4\"  >\n\t\t\t\t<div class=\"col-inner\"  >\n\t\t\t\n\t\t\t\n\t<div class=\"box has-hover   has-hover box-text-bottom\" >\n\n\t\t<div class=\"box-image\" >\n\t\t\t\t\t\t<div class=\"\" >\n\t\t\t\t<img decoding=\"async\" width=\"300\" height=\"300\" src=\"https:\/\/last.bluefinfitness.com\/wp-content\/uploads\/2016\/04\/4.png\" class=\"attachment- size-\" alt=\"Bluefin pistolet de massage\" srcset=\"https:\/\/last.bluefinfitness.com\/wp-content\/uploads\/2016\/04\/4.png 300w, https:\/\/last.bluefinfitness.com\/wp-content\/uploads\/2016\/04\/4-150x150.png 150w, https:\/\/last.bluefinfitness.com\/wp-content\/uploads\/2016\/04\/4-100x100.png 100w\" sizes=\"(max-width: 300px) 100vw, 300px\" \/>\t\t\t\t\t\t\t\t\t\t\t<\/div>\n\t\t\t\t\t<\/div>\n\n\t\t<div class=\"box-text text-center\" >\n\t\t\t<div class=\"box-text-inner\">\n\t\t\t\t\n<h4 style=\"text-align: left;\"><strong>30 &#8211; 43 PPS (1800 &#8211; 2600 Percussions Par Minute)<\/strong><\/h4>\n<p style=\"text-align: left;\"><strong>3 x Niveaux de Vitesse:<\/strong> Choisissez parmi les trois niveaux de vitesse gr\u00e2ce \u00e0 un simple bouton avec des commandes simplifi\u00e9es. Choisissez la vitesse id\u00e9ale \u00e0 vos yeux &amp; appliquez le niveau de pression pour lequel vous vous sentez bien pour un soulagement parfait de la douleur &amp; de la tension.<\/p>\n\t\t\t<\/div>\n\t\t<\/div>\n\t<\/div>\n\t\n\t\t<\/div>\n\t\t\t\t\t<\/div>\n\n\t\n<\/div>\n<div class=\"row\"  id=\"row-1223652792\">\n\n\t<div id=\"col-401978924\" class=\"col medium-4 small-12 large-4\"  >\n\t\t\t\t<div class=\"col-inner\"  >\n\t\t\t\n\t\t\t\n\t<div class=\"box has-hover   has-hover box-text-bottom\" >\n\n\t\t<div class=\"box-image\" >\n\t\t\t\t\t\t<div class=\"\" >\n\t\t\t\t<img decoding=\"async\" width=\"300\" height=\"300\" src=\"https:\/\/last.bluefinfitness.com\/wp-content\/uploads\/2020\/04\/5.png\" class=\"attachment- size-\" alt=\"Bluefin pistolet de massage\" srcset=\"https:\/\/last.bluefinfitness.com\/wp-content\/uploads\/2020\/04\/5.png 300w, https:\/\/last.bluefinfitness.com\/wp-content\/uploads\/2020\/04\/5-150x150.png 150w, https:\/\/last.bluefinfitness.com\/wp-content\/uploads\/2020\/04\/5-100x100.png 100w\" sizes=\"(max-width: 300px) 100vw, 300px\" \/>\t\t\t\t\t\t\t\t\t\t\t<\/div>\n\t\t\t\t\t<\/div>\n\n\t\t<div class=\"box-text text-center\" >\n\t\t\t<div class=\"box-text-inner\">\n\t\t\t\t\n<h4 style=\"text-align: left;\"><strong>Aucun Bruit. Aucune Tension.<\/strong><\/h4>\n<p style=\"text-align: left;\"><strong>Moteur Ultra Silencieux<\/strong>: \u00c0 50db et moins, le T-1 offre une th\u00e9rapie sans bruit &#8211; plus silencieux que les conversations usuelles. C&rsquo;est l&rsquo;une des machines th\u00e9rapeutiques de massage par percussion les plus silencieux du march\u00e9, vous donnant acc\u00e8s au traitement th\u00e9rapeutique que vous m\u00e9ritez.<\/p>\n\t\t\t<\/div>\n\t\t<\/div>\n\t<\/div>\n\t\n\t\t<\/div>\n\t\t\t\t\t<\/div>\n\n\t\n\n\t<div id=\"col-1212329719\" class=\"col medium-4 small-12 large-4\"  >\n\t\t\t\t<div class=\"col-inner\"  >\n\t\t\t\n\t\t\t\n\t<div class=\"box has-hover   has-hover box-text-bottom\" >\n\n\t\t<div class=\"box-image\" >\n\t\t\t\t\t\t<div class=\"\" >\n\t\t\t\t<img decoding=\"async\" width=\"300\" height=\"300\" src=\"https:\/\/last.bluefinfitness.com\/wp-content\/uploads\/2016\/04\/6.png\" class=\"attachment- size-\" alt=\"Bluefin pistolet de massage\" srcset=\"https:\/\/last.bluefinfitness.com\/wp-content\/uploads\/2016\/04\/6.png 300w, https:\/\/last.bluefinfitness.com\/wp-content\/uploads\/2016\/04\/6-150x150.png 150w, https:\/\/last.bluefinfitness.com\/wp-content\/uploads\/2016\/04\/6-100x100.png 100w\" sizes=\"(max-width: 300px) 100vw, 300px\" \/>\t\t\t\t\t\t\t\t\t\t\t<\/div>\n\t\t\t\t\t<\/div>\n\n\t\t<div class=\"box-text text-center\" >\n\t\t\t<div class=\"box-text-inner\">\n\t\t\t\t\n<h4 style=\"text-align: left;\"><strong>6 x Attaches de T\u00eate Incluses<\/strong><\/h4>\n<p style=\"text-align: left;\"><strong>La T\u00eate La Premi\u00e8re:<\/strong> Le DRUMM T-1 vous soutient d\u00e8s le d\u00e9part avec 6 x attaches de t\u00eate incluses.<\/p>\n<ul>\n<li style=\"text-align: left;\"><strong>Balle<\/strong>: Masse et d\u00e9tend les muscles plus larges.<\/li>\n<li style=\"text-align: left;\"><strong>Boxe<\/strong>: Ajoute plus de coups de poing aux groupes musculaires plus larges.<\/li>\n<li style=\"text-align: left;\"><strong>Fourche<\/strong>: Groupes vert\u00e9braux, avant-bras &amp; jambes.<\/li>\n<li style=\"text-align: left;\"><strong>B\u00e8che<\/strong>: P\u00e9n\u00e8tre les \u00e9paules, le cou &amp; les douleurs musculaires pelviennes.<\/li>\n<li style=\"text-align: left;\"><strong>Balle<\/strong>: Cible les articulations &amp; points sensibles.<\/li>\n<li style=\"text-align: left;\"><strong>Plat<\/strong>: Masse &amp; d\u00e9tend tous les muscles.<\/li>\n<\/ul>\n\t\t\t<\/div>\n\t\t<\/div>\n\t<\/div>\n\t\n\t\t<\/div>\n\t\t\t\t\t<\/div>\n\n\t\n\n\t<div id=\"col-690299618\" class=\"col medium-4 small-12 large-4\"  >\n\t\t\t\t<div class=\"col-inner\"  >\n\t\t\t\n\t\t\t\n\t<div class=\"box has-hover   has-hover box-text-bottom\" >\n\n\t\t<div class=\"box-image\" >\n\t\t\t\t\t\t<div class=\"\" >\n\t\t\t\t<img decoding=\"async\" width=\"300\" height=\"300\" src=\"https:\/\/last.bluefinfitness.com\/wp-content\/uploads\/2016\/04\/7.png\" class=\"attachment- size-\" alt=\"Bluefin pistolet de massage\" srcset=\"https:\/\/last.bluefinfitness.com\/wp-content\/uploads\/2016\/04\/7.png 300w, https:\/\/last.bluefinfitness.com\/wp-content\/uploads\/2016\/04\/7-150x150.png 150w, https:\/\/last.bluefinfitness.com\/wp-content\/uploads\/2016\/04\/7-100x100.png 100w\" sizes=\"(max-width: 300px) 100vw, 300px\" \/>\t\t\t\t\t\t\t\t\t\t\t<\/div>\n\t\t\t\t\t<\/div>\n\n\t\t<div class=\"box-text text-center\" >\n\t\t\t<div class=\"box-text-inner\">\n\t\t\t\t\n<h4 style=\"text-align: left;\"><strong>Batterie 90 minutes \u00e0 puissance maximale<\/strong><\/h4>\n<p style=\"text-align: left;\"><strong>Monter en puissance:<\/strong> Vous pouvez compter sur la batterie &#8211; le T-1 garantit au moins 1h30 sans charge. Il n&rsquo;est pas recommand\u00e9 d&rsquo;utiliser les machines de massage musculaire pour plus longtemps qu&rsquo;1 heure \u00e0 la fois, avec une p\u00e9riode de repos de 30 minutes juste apr\u00e8s, vous donnant le temps de r\u00e9cup\u00e9rer avant la prochaine session.<\/p>\n\t\t\t<\/div>\n\t\t<\/div>\n\t<\/div>\n\t\n\t\t<\/div>\n\t\t\t\t\t<\/div>\n\n\t\n<\/div>\n<div class=\"row\"  id=\"row-1468027380\">\n\n\t<div id=\"col-1096832910\" class=\"col medium-3 small-6 large-3\"  >\n\t\t\t\t<div class=\"col-inner\"  >\n\t\t\t\n\t\t\t\n\t<div class=\"box has-hover   has-hover box-text-bottom\" >\n\n\t\t<div class=\"box-image\" >\n\t\t\t\t\t\t<div class=\"\" >\n\t\t\t\t<img decoding=\"async\" width=\"220\" height=\"220\" src=\"https:\/\/last.bluefinfitness.com\/wp-content\/uploads\/2016\/04\/8.png\" class=\"attachment- size-\" alt=\"Bluefin pistolet de massage\" srcset=\"https:\/\/last.bluefinfitness.com\/wp-content\/uploads\/2016\/04\/8.png 220w, https:\/\/last.bluefinfitness.com\/wp-content\/uploads\/2016\/04\/8-150x150.png 150w, https:\/\/last.bluefinfitness.com\/wp-content\/uploads\/2016\/04\/8-100x100.png 100w\" sizes=\"(max-width: 220px) 100vw, 220px\" \/>\t\t\t\t\t\t\t\t\t\t\t<\/div>\n\t\t\t\t\t<\/div>\n\n\t\t<div class=\"box-text text-center\" >\n\t\t\t<div class=\"box-text-inner\">\n\t\t\t\t\n<h4 style=\"text-align: left;\"><strong>R\u00e9cup\u00e9rer&#8230;<\/strong><\/h4>\n<p style=\"text-align: left;\">R\u00e9duit la tension musculaire post-entra\u00eenement &amp; r\u00e9cup\u00e8re plus rapidement apr\u00e8s un entra\u00eenement intense, vous permettant de vous entra\u00eener encore plus dur.<\/p>\n\t\t\t<\/div>\n\t\t<\/div>\n\t<\/div>\n\t\n\t\t<\/div>\n\t\t\t\t\t<\/div>\n\n\t\n\n\t<div id=\"col-1036587709\" class=\"col medium-3 small-6 large-3\"  >\n\t\t\t\t<div class=\"col-inner\"  >\n\t\t\t\n\t\t\t\n\t<div class=\"box has-hover   has-hover box-text-bottom\" >\n\n\t\t<div class=\"box-image\" >\n\t\t\t\t\t\t<div class=\"\" >\n\t\t\t\t<img decoding=\"async\" width=\"220\" height=\"220\" src=\"https:\/\/last.bluefinfitness.com\/wp-content\/uploads\/2016\/04\/9.png\" class=\"attachment- size-\" alt=\"Bluefin pistolet de massage\" srcset=\"https:\/\/last.bluefinfitness.com\/wp-content\/uploads\/2016\/04\/9.png 220w, https:\/\/last.bluefinfitness.com\/wp-content\/uploads\/2016\/04\/9-150x150.png 150w, https:\/\/last.bluefinfitness.com\/wp-content\/uploads\/2016\/04\/9-100x100.png 100w\" sizes=\"(max-width: 220px) 100vw, 220px\" \/>\t\t\t\t\t\t\t\t\t\t\t<\/div>\n\t\t\t\t\t<\/div>\n\n\t\t<div class=\"box-text text-center\" >\n\t\t\t<div class=\"box-text-inner\">\n\t\t\t\t\n<h4 style=\"text-align: left;\"><strong>D\u00e9tendre&#8230;<\/strong><\/h4>\n<p style=\"text-align: left;\">Ciblez les douleurs, stress &amp; tensions musuclaires avec le T-1. P\u00e9n\u00e8tre les tissus musculaires profonds &amp; revigorer votre sant\u00e9 &amp; votre bien-\u00eatre.<\/p>\n\t\t\t<\/div>\n\t\t<\/div>\n\t<\/div>\n\t\n\t\t<\/div>\n\t\t\t\t\t<\/div>\n\n\t\n\n\t<div id=\"col-1672259006\" class=\"col medium-3 small-6 large-3\"  >\n\t\t\t\t<div class=\"col-inner\"  >\n\t\t\t\n\t\t\t\n\t<div class=\"box has-hover   has-hover box-text-bottom\" >\n\n\t\t<div class=\"box-image\" >\n\t\t\t\t\t\t<div class=\"\" >\n\t\t\t\t<img decoding=\"async\" width=\"220\" height=\"220\" src=\"https:\/\/last.bluefinfitness.com\/wp-content\/uploads\/2016\/04\/10.png\" class=\"attachment- size-\" alt=\"Bluefin pistolet de massage\" srcset=\"https:\/\/last.bluefinfitness.com\/wp-content\/uploads\/2016\/04\/10.png 220w, https:\/\/last.bluefinfitness.com\/wp-content\/uploads\/2016\/04\/10-150x150.png 150w, https:\/\/last.bluefinfitness.com\/wp-content\/uploads\/2016\/04\/10-100x100.png 100w\" sizes=\"(max-width: 220px) 100vw, 220px\" \/>\t\t\t\t\t\t\t\t\t\t\t<\/div>\n\t\t\t\t\t<\/div>\n\n\t\t<div class=\"box-text text-center\" >\n\t\t\t<div class=\"box-text-inner\">\n\t\t\t\t\n<h4 style=\"text-align: left;\"><strong>R\u00e9activer&#8230;<\/strong><\/h4>\n<p style=\"text-align: left;\">Pr\u00e9parez-vous \u00e0 recommencer &amp; boostez les muscles rapidement pour des performances physiques augment\u00e9es entre chaque entra\u00eenement.<\/p>\n\t\t\t<\/div>\n\t\t<\/div>\n\t<\/div>\n\t\n\t\t<\/div>\n\t\t\t\t\t<\/div>\n\n\t\n\n\t<div id=\"col-1426603044\" class=\"col medium-3 small-6 large-3\"  >\n\t\t\t\t<div class=\"col-inner\"  >\n\t\t\t\n\t\t\t\n\t<div class=\"box has-hover   has-hover box-text-bottom\" >\n\n\t\t<div class=\"box-image\" >\n\t\t\t\t\t\t<div class=\"\" >\n\t\t\t\t<img decoding=\"async\" width=\"220\" height=\"220\" src=\"https:\/\/last.bluefinfitness.com\/wp-content\/uploads\/2016\/04\/11.png\" class=\"attachment- size-\" alt=\"Bluefin pistolet de massage\" srcset=\"https:\/\/last.bluefinfitness.com\/wp-content\/uploads\/2016\/04\/11.png 220w, https:\/\/last.bluefinfitness.com\/wp-content\/uploads\/2016\/04\/11-150x150.png 150w, https:\/\/last.bluefinfitness.com\/wp-content\/uploads\/2016\/04\/11-100x100.png 100w\" sizes=\"(max-width: 220px) 100vw, 220px\" \/>\t\t\t\t\t\t\t\t\t\t\t<\/div>\n\t\t\t\t\t<\/div>\n\n\t\t<div class=\"box-text text-center\" >\n\t\t\t<div class=\"box-text-inner\">\n\t\t\t\t\n<h4 style=\"text-align: left;\"><strong>&amp; Beaucoup Plus&#8230;<\/strong><\/h4>\n<p style=\"text-align: left;\">La th\u00e9rapie par percussion est connue comme am\u00e9liorant la mobilit\u00e9, la coordination, \u00e9vite les blessures &amp; am\u00e9liore la circulation pour de nombreuses douleurs et tensions musculaires caus\u00e9es par les mouvements du quotidien.<\/p>\n\t\t\t<\/div>\n\t\t<\/div>\n\t<\/div>\n\t\n\t\t<\/div>\n\t\t\t\t\t<\/div>\n\n\t\n<\/div>\n\t<div class=\"img has-hover x md-x lg-x y md-y lg-y\" id=\"image_1766534813\">\n\t\t\t\t\t\t\t\t<div class=\"img-inner dark\" >\n\t\t\t<img decoding=\"async\" width=\"970\" height=\"600\" src=\"https:\/\/last.bluefinfitness.com\/wp-content\/uploads\/2016\/04\/12.png\" class=\"attachment-large size-large\" alt=\"Bluefin pistolet de massage\" srcset=\"https:\/\/last.bluefinfitness.com\/wp-content\/uploads\/2016\/04\/12.png 970w, https:\/\/last.bluefinfitness.com\/wp-content\/uploads\/2016\/04\/12-300x186.png 300w, https:\/\/last.bluefinfitness.com\/wp-content\/uploads\/2016\/04\/12-768x475.png 768w, https:\/\/last.bluefinfitness.com\/wp-content\/uploads\/2016\/04\/12-500x309.png 500w\" sizes=\"(max-width: 970px) 100vw, 970px\" \/>\t\t\t\t\t\t\n\t\t\t\t\t<\/div>\n\t\t\t\t\t\t\t\t\n<style>\n#image_1766534813 {\n  width: 100%;\n}\n<\/style>\n\t<\/div>\n\t\n","protected":false},"excerpt":{"rendered":"<ul class=\"a-unordered-list a-vertical a-spacing-none\">\n<li><span class=\"a-list-item\">R\u00c9CUP\u00c9RATION, SOULAGEMENT &amp; R\u00c9ACTIVATION: R\u00e9duit la tension post-entra\u00eenement gr\u00e2ce au pistolet de massage musculaire. Combat le stress &amp; am\u00e9liore la sant\u00e9. Augmente la vitesse musculaire.<\/span><\/li>\n<li><span class=\"a-list-item\">3x VITESSES + PROGRAMME AUTO: Le pistolet masseur DRUMM d\u00e9livre 30-43 percussions par seconde via 3x vitesses diff\u00e9rentes. Ce pistolet de massage offre \u00e9galement un programme automatique.<\/span><\/li>\n<li><span class=\"a-list-item\">6x T\u00caTES INCLUSES: Masse &amp; relaxe tous les muscles, cible les articulations &amp; d\u00e9clencheurs, p\u00e9n\u00e8tre les \u00e9paules, la nuque &amp; les douleurs pelviennes, gr\u00e2ce au masseur par percussion DRUMM T-1.<\/span><\/li>\n<li><span class=\"a-list-item\">AUCUN BRUIT. AUCUNE TENSION: Seulement 50db \u00e0 puissance maximale &#8211; extr\u00eamement silencieux en tant que pistolet masseur. Relaxe les muscles \u00e0 un bruit plus faible qu&rsquo;une conversation.<\/span><\/li>\n<li><span class=\"a-list-item\">DUR\u00c9E DE LA BATTERIE 90 MINS: Le moteur sans balais 16.8V est aliment\u00e9 par une batterie \u00e0 longue dur\u00e9e qui permet une stimulation musculaire continue pendant 1.5 heures. Chargeur + Caisse Inclus.<\/span><\/li>\n<\/ul>\n","protected":false},"featured_media":644897,"comment_status":"open","ping_status":"closed","template":"","meta":[],"product_cat":[3453],"product_tag":[],"_links":{"self":[{"href":"https:\/\/last.bluefinfitness.com\/fr\/wp-json\/wp\/v2\/product\/43696"}],"collection":[{"href":"https:\/\/last.bluefinfitness.com\/fr\/wp-json\/wp\/v2\/product"}],"about":[{"href":"https:\/\/last.bluefinfitness.com\/fr\/wp-json\/wp\/v2\/types\/product"}],"replies":[{"embeddable":true,"href":"https:\/\/last.bluefinfitness.com\/fr\/wp-json\/wp\/v2\/comments?post=43696"}],"wp:featuredmedia":[{"embeddable":true,"href":"https:\/\/last.bluefinfitness.com\/fr\/wp-json\/wp\/v2\/media\/644897"}],"wp:attachment":[{"href":"https:\/\/last.bluefinfitness.com\/fr\/wp-json\/wp\/v2\/media?parent=43696"}],"wp:term":[{"taxonomy":"product_cat","embeddable":true,"href":"https:\/\/last.bluefinfitness.com\/fr\/wp-json\/wp\/v2\/product_cat?post=43696"},{"taxonomy":"product_tag","embeddable":true,"href":"https:\/\/last.bluefinfitness.com\/fr\/wp-json\/wp\/v2\/product_tag?post=43696"}],"curies":[{"name":"wp","href":"https:\/\/api.w.org\/{rel}","templated":true}]}}