{"id":642942,"date":"2022-12-15T09:48:11","date_gmt":"2022-12-15T09:48:11","guid":{"rendered":"https:\/\/www.bluefinfitness.com\/fitness-blade-rowing-machine\/"},"modified":"2024-04-05T16:27:51","modified_gmt":"2024-04-05T16:27:51","slug":"fitness-blade-rowing-machine-web-exclusive","status":"publish","type":"product","link":"https:\/\/last.bluefinfitness.com\/fr\/fitness-blade-rowing-machine-web-exclusive\/","title":{"rendered":"Rameur Magn\u00e9tique Pliable Blade FIT de  Bluefin"},"content":{"rendered":"<p><img decoding=\"async\" class=\"alignnone size-full wp-image-642958\" src=\"https:\/\/bluefinfitness.com\/wp-content\/uploads\/2022\/12\/FR_Blade-A-Web-Image-1.jpg\" alt=\"\" width=\"1940\" height=\"1200\" srcset=\"https:\/\/last.bluefinfitness.com\/wp-content\/uploads\/2022\/12\/FR_Blade-A-Web-Image-1.jpg 1940w, https:\/\/last.bluefinfitness.com\/wp-content\/uploads\/2022\/12\/FR_Blade-A-Web-Image-1-300x186.jpg 300w, https:\/\/last.bluefinfitness.com\/wp-content\/uploads\/2022\/12\/FR_Blade-A-Web-Image-1-1024x633.jpg 1024w, https:\/\/last.bluefinfitness.com\/wp-content\/uploads\/2022\/12\/FR_Blade-A-Web-Image-1-768x475.jpg 768w, https:\/\/last.bluefinfitness.com\/wp-content\/uploads\/2022\/12\/FR_Blade-A-Web-Image-1-1536x950.jpg 1536w, https:\/\/last.bluefinfitness.com\/wp-content\/uploads\/2022\/12\/FR_Blade-A-Web-Image-1-500x309.jpg 500w\" sizes=\"(max-width: 1940px) 100vw, 1940px\" \/><\/p>\n<p><img decoding=\"async\" class=\"alignnone size-full wp-image-642959\" src=\"https:\/\/bluefinfitness.com\/wp-content\/uploads\/2022\/12\/FR_Blade-A-Web-Image-2.jpg\" alt=\"\" width=\"1939\" height=\"1200\" srcset=\"https:\/\/last.bluefinfitness.com\/wp-content\/uploads\/2022\/12\/FR_Blade-A-Web-Image-2.jpg 1939w, https:\/\/last.bluefinfitness.com\/wp-content\/uploads\/2022\/12\/FR_Blade-A-Web-Image-2-300x186.jpg 300w, https:\/\/last.bluefinfitness.com\/wp-content\/uploads\/2022\/12\/FR_Blade-A-Web-Image-2-1024x634.jpg 1024w, https:\/\/last.bluefinfitness.com\/wp-content\/uploads\/2022\/12\/FR_Blade-A-Web-Image-2-768x475.jpg 768w, https:\/\/last.bluefinfitness.com\/wp-content\/uploads\/2022\/12\/FR_Blade-A-Web-Image-2-1536x951.jpg 1536w, https:\/\/last.bluefinfitness.com\/wp-content\/uploads\/2022\/12\/FR_Blade-A-Web-Image-2-500x309.jpg 500w\" sizes=\"(max-width: 1939px) 100vw, 1939px\" \/><\/p>\n<p><img decoding=\"async\" src=\"https:\/\/last.bluefinfitness.com\/wp-content\/uploads\/2022\/12\/FR_FIT_Blade-FIT_A-Images_Blade-A-Web-Image-3.jpg\" alt=\"\" width=\"1347\" height=\"833\" class=\"alignnone size-full wp-image-655372\" srcset=\"https:\/\/last.bluefinfitness.com\/wp-content\/uploads\/2022\/12\/FR_FIT_Blade-FIT_A-Images_Blade-A-Web-Image-3.jpg 1347w, https:\/\/last.bluefinfitness.com\/wp-content\/uploads\/2022\/12\/FR_FIT_Blade-FIT_A-Images_Blade-A-Web-Image-3-647x400.jpg 647w, https:\/\/last.bluefinfitness.com\/wp-content\/uploads\/2022\/12\/FR_FIT_Blade-FIT_A-Images_Blade-A-Web-Image-3-1294x800.jpg 1294w, https:\/\/last.bluefinfitness.com\/wp-content\/uploads\/2022\/12\/FR_FIT_Blade-FIT_A-Images_Blade-A-Web-Image-3-768x475.jpg 768w, https:\/\/last.bluefinfitness.com\/wp-content\/uploads\/2022\/12\/FR_FIT_Blade-FIT_A-Images_Blade-A-Web-Image-3-500x309.jpg 500w\" sizes=\"(max-width: 1347px) 100vw, 1347px\" \/><\/p>\n<p><img decoding=\"async\" class=\"alignnone size-full wp-image-642961\" src=\"https:\/\/bluefinfitness.com\/wp-content\/uploads\/2022\/12\/FR_Blade-A-Web-Image-4.jpg\" alt=\"\" width=\"1940\" height=\"1200\" srcset=\"https:\/\/last.bluefinfitness.com\/wp-content\/uploads\/2022\/12\/FR_Blade-A-Web-Image-4.jpg 1940w, https:\/\/last.bluefinfitness.com\/wp-content\/uploads\/2022\/12\/FR_Blade-A-Web-Image-4-300x186.jpg 300w, https:\/\/last.bluefinfitness.com\/wp-content\/uploads\/2022\/12\/FR_Blade-A-Web-Image-4-1024x633.jpg 1024w, https:\/\/last.bluefinfitness.com\/wp-content\/uploads\/2022\/12\/FR_Blade-A-Web-Image-4-768x475.jpg 768w, https:\/\/last.bluefinfitness.com\/wp-content\/uploads\/2022\/12\/FR_Blade-A-Web-Image-4-1536x950.jpg 1536w, https:\/\/last.bluefinfitness.com\/wp-content\/uploads\/2022\/12\/FR_Blade-A-Web-Image-4-500x309.jpg 500w\" sizes=\"(max-width: 1940px) 100vw, 1940px\" \/><\/p>\n<p><img decoding=\"async\" class=\"alignnone size-full wp-image-642962\" src=\"https:\/\/bluefinfitness.com\/wp-content\/uploads\/2022\/12\/FR_Blade-A-Web-Image-5.jpg\" alt=\"\" width=\"1939\" height=\"1200\" srcset=\"https:\/\/last.bluefinfitness.com\/wp-content\/uploads\/2022\/12\/FR_Blade-A-Web-Image-5.jpg 1939w, https:\/\/last.bluefinfitness.com\/wp-content\/uploads\/2022\/12\/FR_Blade-A-Web-Image-5-300x186.jpg 300w, https:\/\/last.bluefinfitness.com\/wp-content\/uploads\/2022\/12\/FR_Blade-A-Web-Image-5-1024x634.jpg 1024w, https:\/\/last.bluefinfitness.com\/wp-content\/uploads\/2022\/12\/FR_Blade-A-Web-Image-5-768x475.jpg 768w, https:\/\/last.bluefinfitness.com\/wp-content\/uploads\/2022\/12\/FR_Blade-A-Web-Image-5-1536x951.jpg 1536w, https:\/\/last.bluefinfitness.com\/wp-content\/uploads\/2022\/12\/FR_Blade-A-Web-Image-5-500x309.jpg 500w\" sizes=\"(max-width: 1939px) 100vw, 1939px\" \/><\/p>\n<p><img decoding=\"async\" class=\"alignnone size-full wp-image-642963\" src=\"https:\/\/bluefinfitness.com\/wp-content\/uploads\/2022\/12\/FR_Blade-A-Web-Image-6.jpg\" alt=\"\" width=\"1940\" height=\"1200\" srcset=\"https:\/\/last.bluefinfitness.com\/wp-content\/uploads\/2022\/12\/FR_Blade-A-Web-Image-6.jpg 1940w, https:\/\/last.bluefinfitness.com\/wp-content\/uploads\/2022\/12\/FR_Blade-A-Web-Image-6-300x186.jpg 300w, https:\/\/last.bluefinfitness.com\/wp-content\/uploads\/2022\/12\/FR_Blade-A-Web-Image-6-1024x633.jpg 1024w, https:\/\/last.bluefinfitness.com\/wp-content\/uploads\/2022\/12\/FR_Blade-A-Web-Image-6-768x475.jpg 768w, https:\/\/last.bluefinfitness.com\/wp-content\/uploads\/2022\/12\/FR_Blade-A-Web-Image-6-1536x950.jpg 1536w, https:\/\/last.bluefinfitness.com\/wp-content\/uploads\/2022\/12\/FR_Blade-A-Web-Image-6-500x309.jpg 500w\" sizes=\"(max-width: 1940px) 100vw, 1940px\" \/><\/p>\n","protected":false},"excerpt":{"rendered":"<ul>\n<li>R\u00c9SISTANCE MAGN\u00c9TIQUE MANUELLE : Le rameur magn\u00e9tique Blade FIT poss\u00e8de une r\u00e9sistance manuelle. Il offre 8 niveaux de contr\u00f4le de la tension pour tous les niveaux. Choisissez le niveau qui vous convient et augmentez la r\u00e9sistance au fil du temps \u00e0 mesure que vous progressez.<\/li>\n<li>DESIGN COMPACTE L\u00c9GER : Le rail du si\u00e8ge est construit en aluminium renforc\u00e9 d&rsquo;acier. Sa conception ultra l\u00e9g\u00e8re signifie que le poids net de la machine n&rsquo;est que de 21,9 kg. Le rameur peut \u00eatre facilement d\u00e9plac\u00e9 et stock\u00e9 verticalement de mani\u00e8re compacte.<\/li>\n<li>COMPATIBLE AVEC KINOMAP : Ce rameur est compatible avec l&rsquo;application Kinomap et vous offre des vid\u00e9os d&rsquo;entra\u00eenement du monde entier, du coaching et des cours en direct. Am\u00e9liorez votre entra\u00eenement avec des d\u00e9fis sc\u00e9niques et des comp\u00e9titions multijoueurs.<\/li>\n<li>CARACT\u00c9RISTIQUES PRINCIPALES : Le Blade FIT a une r\u00e9sistance magn\u00e9tique, un volant d&rsquo;inertie fait pour offrir une sensation plus r\u00e9aliste, un rail de si\u00e8ge renforc\u00e9 en acier et vous pouvez l&rsquo;utiliser avec Kinomap. Il est dot\u00e9 d&rsquo;un si\u00e8ge ergonomique confortable, d&rsquo;un porte-bouteille et con\u00e7u pour un d\u00e9placement et rangement faciles. L&rsquo;appareil parfait pour de l&rsquo;aviron depuis chez vous.<\/li>\n<li>GARANTIE D&rsquo;UN AN : Achetez en toute confiance, tous les \u00e9quipements Bluefin sont livr\u00e9s avec une garantie d&rsquo;un an. Notre \u00e9quipe de service client fiable est toujours disponible pour vous aider si vous avez des questions sur votre commande ou notre gamme fitness.<\/li>\n<li>C&rsquo;EST POUR QUI ? Ce rameur aux performances avanc\u00e9es est id\u00e9al pour tous ceux qui souhaitent s&rsquo;entra\u00eener \u00e0 la maison, quel que soit votre niveaux. Sa taille, ses niveaux de tension et sa conception compacte en font l&rsquo;appareil parfait pour vivre une exp\u00e9rience d&rsquo;aviron r\u00e9aliste dans le confort de votre maison.<\/li>\n<\/ul>\n","protected":false},"featured_media":642862,"comment_status":"open","ping_status":"closed","template":"","meta":[],"product_cat":[1014],"product_tag":[],"_links":{"self":[{"href":"https:\/\/last.bluefinfitness.com\/fr\/wp-json\/wp\/v2\/product\/642942"}],"collection":[{"href":"https:\/\/last.bluefinfitness.com\/fr\/wp-json\/wp\/v2\/product"}],"about":[{"href":"https:\/\/last.bluefinfitness.com\/fr\/wp-json\/wp\/v2\/types\/product"}],"replies":[{"embeddable":true,"href":"https:\/\/last.bluefinfitness.com\/fr\/wp-json\/wp\/v2\/comments?post=642942"}],"wp:featuredmedia":[{"embeddable":true,"href":"https:\/\/last.bluefinfitness.com\/fr\/wp-json\/wp\/v2\/media\/642862"}],"wp:attachment":[{"href":"https:\/\/last.bluefinfitness.com\/fr\/wp-json\/wp\/v2\/media?parent=642942"}],"wp:term":[{"taxonomy":"product_cat","embeddable":true,"href":"https:\/\/last.bluefinfitness.com\/fr\/wp-json\/wp\/v2\/product_cat?post=642942"},{"taxonomy":"product_tag","embeddable":true,"href":"https:\/\/last.bluefinfitness.com\/fr\/wp-json\/wp\/v2\/product_tag?post=642942"}],"curies":[{"name":"wp","href":"https:\/\/api.w.org\/{rel}","templated":true}]}}