{"id":643404,"date":"2022-12-23T10:44:57","date_gmt":"2022-12-23T10:44:57","guid":{"rendered":"https:\/\/www.bluefinfitness.com\/magnetic-resistance-exercise-bike\/"},"modified":"2024-01-19T13:10:52","modified_gmt":"2024-01-19T13:10:52","slug":"velo-d-exercice-web-exclusive","status":"publish","type":"product","link":"https:\/\/last.bluefinfitness.com\/fr\/velo-d-exercice-web-exclusive\/","title":{"rendered":"V\u00e9lo d&rsquo;appartement Tour FIT de Bluefin Fitness"},"content":{"rendered":"<p><img decoding=\"async\" class=\"alignnone size-full wp-image-643420\" src=\"https:\/\/last.bluefinfitness.com\/wp-content\/uploads\/2022\/12\/FR_Tour-FIT_A-Images-AW_Blade-A-Web-Image-1.jpg\" alt=\"\" width=\"2021\" height=\"1250\" srcset=\"https:\/\/last.bluefinfitness.com\/wp-content\/uploads\/2022\/12\/FR_Tour-FIT_A-Images-AW_Blade-A-Web-Image-1.jpg 2021w, https:\/\/last.bluefinfitness.com\/wp-content\/uploads\/2022\/12\/FR_Tour-FIT_A-Images-AW_Blade-A-Web-Image-1-300x186.jpg 300w, https:\/\/last.bluefinfitness.com\/wp-content\/uploads\/2022\/12\/FR_Tour-FIT_A-Images-AW_Blade-A-Web-Image-1-1024x633.jpg 1024w, https:\/\/last.bluefinfitness.com\/wp-content\/uploads\/2022\/12\/FR_Tour-FIT_A-Images-AW_Blade-A-Web-Image-1-768x475.jpg 768w, https:\/\/last.bluefinfitness.com\/wp-content\/uploads\/2022\/12\/FR_Tour-FIT_A-Images-AW_Blade-A-Web-Image-1-1536x950.jpg 1536w, https:\/\/last.bluefinfitness.com\/wp-content\/uploads\/2022\/12\/FR_Tour-FIT_A-Images-AW_Blade-A-Web-Image-1-500x309.jpg 500w\" sizes=\"(max-width: 2021px) 100vw, 2021px\" \/><\/p>\n<p><img decoding=\"async\" class=\"alignnone size-full wp-image-643422\" src=\"https:\/\/last.bluefinfitness.com\/wp-content\/uploads\/2022\/12\/FR_Tour-FIT_A-Images-AW_Tour-FIT-A-Web-Image-2.jpg\" alt=\"\" width=\"2021\" height=\"1250\" srcset=\"https:\/\/last.bluefinfitness.com\/wp-content\/uploads\/2022\/12\/FR_Tour-FIT_A-Images-AW_Tour-FIT-A-Web-Image-2.jpg 2021w, https:\/\/last.bluefinfitness.com\/wp-content\/uploads\/2022\/12\/FR_Tour-FIT_A-Images-AW_Tour-FIT-A-Web-Image-2-300x186.jpg 300w, https:\/\/last.bluefinfitness.com\/wp-content\/uploads\/2022\/12\/FR_Tour-FIT_A-Images-AW_Tour-FIT-A-Web-Image-2-1024x633.jpg 1024w, https:\/\/last.bluefinfitness.com\/wp-content\/uploads\/2022\/12\/FR_Tour-FIT_A-Images-AW_Tour-FIT-A-Web-Image-2-768x475.jpg 768w, https:\/\/last.bluefinfitness.com\/wp-content\/uploads\/2022\/12\/FR_Tour-FIT_A-Images-AW_Tour-FIT-A-Web-Image-2-1536x950.jpg 1536w, https:\/\/last.bluefinfitness.com\/wp-content\/uploads\/2022\/12\/FR_Tour-FIT_A-Images-AW_Tour-FIT-A-Web-Image-2-500x309.jpg 500w\" sizes=\"(max-width: 2021px) 100vw, 2021px\" \/><\/p>\n<p><img decoding=\"async\" src=\"https:\/\/last.bluefinfitness.com\/wp-content\/uploads\/2022\/12\/FR_FIT_Tour-FIT_A-Images-AW_Tour-FIT-A-Web-Image-3_240119.jpg\" alt=\"\" width=\"1347\" height=\"833\" class=\"alignnone size-full wp-image-655376\" srcset=\"https:\/\/last.bluefinfitness.com\/wp-content\/uploads\/2022\/12\/FR_FIT_Tour-FIT_A-Images-AW_Tour-FIT-A-Web-Image-3_240119.jpg 1347w, https:\/\/last.bluefinfitness.com\/wp-content\/uploads\/2022\/12\/FR_FIT_Tour-FIT_A-Images-AW_Tour-FIT-A-Web-Image-3_240119-647x400.jpg 647w, https:\/\/last.bluefinfitness.com\/wp-content\/uploads\/2022\/12\/FR_FIT_Tour-FIT_A-Images-AW_Tour-FIT-A-Web-Image-3_240119-1294x800.jpg 1294w, https:\/\/last.bluefinfitness.com\/wp-content\/uploads\/2022\/12\/FR_FIT_Tour-FIT_A-Images-AW_Tour-FIT-A-Web-Image-3_240119-768x475.jpg 768w, https:\/\/last.bluefinfitness.com\/wp-content\/uploads\/2022\/12\/FR_FIT_Tour-FIT_A-Images-AW_Tour-FIT-A-Web-Image-3_240119-500x309.jpg 500w\" sizes=\"(max-width: 1347px) 100vw, 1347px\" \/><\/p>\n<p><img decoding=\"async\" class=\"alignnone size-full wp-image-643423\" src=\"https:\/\/last.bluefinfitness.com\/wp-content\/uploads\/2022\/12\/FR_Tour-FIT_A-Images-AW_Tour-FIT-A-Web-Image-4.jpg\" alt=\"\" width=\"2021\" height=\"1250\" srcset=\"https:\/\/last.bluefinfitness.com\/wp-content\/uploads\/2022\/12\/FR_Tour-FIT_A-Images-AW_Tour-FIT-A-Web-Image-4.jpg 2021w, https:\/\/last.bluefinfitness.com\/wp-content\/uploads\/2022\/12\/FR_Tour-FIT_A-Images-AW_Tour-FIT-A-Web-Image-4-300x186.jpg 300w, https:\/\/last.bluefinfitness.com\/wp-content\/uploads\/2022\/12\/FR_Tour-FIT_A-Images-AW_Tour-FIT-A-Web-Image-4-1024x633.jpg 1024w, https:\/\/last.bluefinfitness.com\/wp-content\/uploads\/2022\/12\/FR_Tour-FIT_A-Images-AW_Tour-FIT-A-Web-Image-4-768x475.jpg 768w, https:\/\/last.bluefinfitness.com\/wp-content\/uploads\/2022\/12\/FR_Tour-FIT_A-Images-AW_Tour-FIT-A-Web-Image-4-1536x950.jpg 1536w, https:\/\/last.bluefinfitness.com\/wp-content\/uploads\/2022\/12\/FR_Tour-FIT_A-Images-AW_Tour-FIT-A-Web-Image-4-500x309.jpg 500w\" sizes=\"(max-width: 2021px) 100vw, 2021px\" \/><\/p>\n<p><img decoding=\"async\" class=\"alignnone size-full wp-image-643424\" src=\"https:\/\/last.bluefinfitness.com\/wp-content\/uploads\/2022\/12\/FR_Tour-FIT_A-Images-AW_Tour-FIT-A-Web-Image-5.jpg\" alt=\"\" width=\"2021\" height=\"1250\" srcset=\"https:\/\/last.bluefinfitness.com\/wp-content\/uploads\/2022\/12\/FR_Tour-FIT_A-Images-AW_Tour-FIT-A-Web-Image-5.jpg 2021w, https:\/\/last.bluefinfitness.com\/wp-content\/uploads\/2022\/12\/FR_Tour-FIT_A-Images-AW_Tour-FIT-A-Web-Image-5-300x186.jpg 300w, https:\/\/last.bluefinfitness.com\/wp-content\/uploads\/2022\/12\/FR_Tour-FIT_A-Images-AW_Tour-FIT-A-Web-Image-5-1024x633.jpg 1024w, https:\/\/last.bluefinfitness.com\/wp-content\/uploads\/2022\/12\/FR_Tour-FIT_A-Images-AW_Tour-FIT-A-Web-Image-5-768x475.jpg 768w, https:\/\/last.bluefinfitness.com\/wp-content\/uploads\/2022\/12\/FR_Tour-FIT_A-Images-AW_Tour-FIT-A-Web-Image-5-1536x950.jpg 1536w, https:\/\/last.bluefinfitness.com\/wp-content\/uploads\/2022\/12\/FR_Tour-FIT_A-Images-AW_Tour-FIT-A-Web-Image-5-500x309.jpg 500w\" sizes=\"(max-width: 2021px) 100vw, 2021px\" \/><\/p>\n<p><img decoding=\"async\" class=\"alignnone size-full wp-image-643425\" src=\"https:\/\/last.bluefinfitness.com\/wp-content\/uploads\/2022\/12\/FR_Tour-FIT_A-Images-AW_Tour-FIT-A-Web-Image-6.jpg\" alt=\"\" width=\"2021\" height=\"1250\" srcset=\"https:\/\/last.bluefinfitness.com\/wp-content\/uploads\/2022\/12\/FR_Tour-FIT_A-Images-AW_Tour-FIT-A-Web-Image-6.jpg 2021w, https:\/\/last.bluefinfitness.com\/wp-content\/uploads\/2022\/12\/FR_Tour-FIT_A-Images-AW_Tour-FIT-A-Web-Image-6-300x186.jpg 300w, https:\/\/last.bluefinfitness.com\/wp-content\/uploads\/2022\/12\/FR_Tour-FIT_A-Images-AW_Tour-FIT-A-Web-Image-6-1024x633.jpg 1024w, https:\/\/last.bluefinfitness.com\/wp-content\/uploads\/2022\/12\/FR_Tour-FIT_A-Images-AW_Tour-FIT-A-Web-Image-6-768x475.jpg 768w, https:\/\/last.bluefinfitness.com\/wp-content\/uploads\/2022\/12\/FR_Tour-FIT_A-Images-AW_Tour-FIT-A-Web-Image-6-1536x950.jpg 1536w, https:\/\/last.bluefinfitness.com\/wp-content\/uploads\/2022\/12\/FR_Tour-FIT_A-Images-AW_Tour-FIT-A-Web-Image-6-500x309.jpg 500w\" sizes=\"(max-width: 2021px) 100vw, 2021px\" \/><\/p>\n","protected":false},"excerpt":{"rendered":"<ul>\n<li style=\"text-align: left;\">R\u00c9GLAGE NUM\u00c9RIQUE : Le v\u00e9lo d&rsquo;exercice Tour Fit est dot\u00e9 d&rsquo;une fonction de r\u00e9glage num\u00e9rique magn\u00e9tique intuitive et facile \u00e0 utiliser. Choisissez entre 16 niveaux de r\u00e9sistance selon votre niveau. Que vous souhaitiez d\u00e9velopper votre endurance ou intensifier votre entra\u00eenement, le Tour FIT s&rsquo;adapte \u00e0 vos objectifs de fitness.<\/li>\n<li style=\"text-align: left;\">Caract\u00e9ristiques principales : Compatible avec l&rsquo;application Kinomap pour vous entra\u00eener virtuellement avec des amis. 16 niveaux de r\u00e9sistance magn\u00e9tique. Con\u00e7u de mani\u00e8re ergonomique au Royaume-Uni pour un confort, une maniabilit\u00e9 et un stockage optimaux. Suivez votre entra\u00eenement en temps r\u00e9el sur l&rsquo;\u00e9cran LCD super lumineux et intuitif.<\/li>\n<li style=\"text-align: left;\">TAILLE ET PORTABILIT\u00c9 : Ce v\u00e9lo d&rsquo;exercice est parfait pour un usage \u00e0 domicile. Ses dimensions de 92 x 55 x 142,5 cm et son poids de 27 kg facilitent son rangement et son d\u00e9placement dans toute la maison.<\/li>\n<li style=\"text-align: left;\">COMPATIBLE AVEC KINOMAP : Ce v\u00e9lo d&rsquo;exercice compatible avec Kinomap pour offrir des vid\u00e9os d&rsquo;entra\u00eenement du monde entier, des cours de coaching et des s\u00e9ances en direct.. Am\u00e9liorez votre entra\u00eenement avec des d\u00e9fis et comp\u00e9titions multijoueurs.<\/li>\n<li style=\"text-align: left;\">POUR QUI EST CET APPAREIL\u00a0: Ce v\u00e9lo d&rsquo;exerciceest id\u00e9al pour tous ceux qui souhaitent s&rsquo;entra\u00eener et maintenir leur fitness \u00e0 la maison. Sa taille et sa conception compacte le rendent parfaitement adapt\u00e9 \u00e0 un usage \u00e0 domicile.<\/li>\n<li style=\"text-align: left;\">ECRAN LCD\u00a0: l&rsquo;\u00e9cran du v\u00e9lo affiche votre distance, vos calories et la dur\u00e9e de la s\u00e9ance afin que vous puissiez suivre votre niveau de fitness. Les boutons num\u00e9riques vous permettent de naviguer parmi les 16 programmes pendant votre entra\u00eenement.<\/li>\n<\/ul>\n","protected":false},"featured_media":643347,"comment_status":"open","ping_status":"closed","template":"","meta":[],"product_cat":[1018],"product_tag":[],"_links":{"self":[{"href":"https:\/\/last.bluefinfitness.com\/fr\/wp-json\/wp\/v2\/product\/643404"}],"collection":[{"href":"https:\/\/last.bluefinfitness.com\/fr\/wp-json\/wp\/v2\/product"}],"about":[{"href":"https:\/\/last.bluefinfitness.com\/fr\/wp-json\/wp\/v2\/types\/product"}],"replies":[{"embeddable":true,"href":"https:\/\/last.bluefinfitness.com\/fr\/wp-json\/wp\/v2\/comments?post=643404"}],"wp:featuredmedia":[{"embeddable":true,"href":"https:\/\/last.bluefinfitness.com\/fr\/wp-json\/wp\/v2\/media\/643347"}],"wp:attachment":[{"href":"https:\/\/last.bluefinfitness.com\/fr\/wp-json\/wp\/v2\/media?parent=643404"}],"wp:term":[{"taxonomy":"product_cat","embeddable":true,"href":"https:\/\/last.bluefinfitness.com\/fr\/wp-json\/wp\/v2\/product_cat?post=643404"},{"taxonomy":"product_tag","embeddable":true,"href":"https:\/\/last.bluefinfitness.com\/fr\/wp-json\/wp\/v2\/product_tag?post=643404"}],"curies":[{"name":"wp","href":"https:\/\/api.w.org\/{rel}","templated":true}]}}