{"id":644230,"date":"2023-01-05T10:16:15","date_gmt":"2023-01-05T10:16:15","guid":{"rendered":"https:\/\/www.bluefinfitness.com\/treadmill-incline\/"},"modified":"2024-01-19T13:08:49","modified_gmt":"2024-01-19T13:08:49","slug":"tapis-course","status":"publish","type":"product","link":"https:\/\/last.bluefinfitness.com\/fr\/tapis-course\/","title":{"rendered":"Tapis de course Bluefin Fitness Kick FIT"},"content":{"rendered":"<p><img decoding=\"async\" class=\"alignnone size-full wp-image-644245\" src=\"https:\/\/last.bluefinfitness.com\/wp-content\/uploads\/2023\/01\/FR_Kick-FIT-A-Web-Image-1.jpg\" alt=\"\" width=\"1348\" height=\"834\" srcset=\"https:\/\/last.bluefinfitness.com\/wp-content\/uploads\/2023\/01\/FR_Kick-FIT-A-Web-Image-1.jpg 1348w, https:\/\/last.bluefinfitness.com\/wp-content\/uploads\/2023\/01\/FR_Kick-FIT-A-Web-Image-1-647x400.jpg 647w, https:\/\/last.bluefinfitness.com\/wp-content\/uploads\/2023\/01\/FR_Kick-FIT-A-Web-Image-1-1293x800.jpg 1293w, https:\/\/last.bluefinfitness.com\/wp-content\/uploads\/2023\/01\/FR_Kick-FIT-A-Web-Image-1-768x475.jpg 768w, https:\/\/last.bluefinfitness.com\/wp-content\/uploads\/2023\/01\/FR_Kick-FIT-A-Web-Image-1-500x309.jpg 500w\" sizes=\"(max-width: 1348px) 100vw, 1348px\" \/><\/p>\n<p><img decoding=\"async\" class=\"alignnone size-full wp-image-644246\" src=\"https:\/\/last.bluefinfitness.com\/wp-content\/uploads\/2023\/01\/FR_Kick-FIT-A-Web-Image-2.jpg\" alt=\"\" width=\"1348\" height=\"834\" srcset=\"https:\/\/last.bluefinfitness.com\/wp-content\/uploads\/2023\/01\/FR_Kick-FIT-A-Web-Image-2.jpg 1348w, https:\/\/last.bluefinfitness.com\/wp-content\/uploads\/2023\/01\/FR_Kick-FIT-A-Web-Image-2-647x400.jpg 647w, https:\/\/last.bluefinfitness.com\/wp-content\/uploads\/2023\/01\/FR_Kick-FIT-A-Web-Image-2-1293x800.jpg 1293w, https:\/\/last.bluefinfitness.com\/wp-content\/uploads\/2023\/01\/FR_Kick-FIT-A-Web-Image-2-768x475.jpg 768w, https:\/\/last.bluefinfitness.com\/wp-content\/uploads\/2023\/01\/FR_Kick-FIT-A-Web-Image-2-500x309.jpg 500w\" sizes=\"(max-width: 1348px) 100vw, 1348px\" \/><\/p>\n<p><img decoding=\"async\" src=\"https:\/\/last.bluefinfitness.com\/wp-content\/uploads\/2023\/01\/FR_Kick-FIT-A-Web-Image-3_240119.jpg\" alt=\"\" width=\"1348\" height=\"834\" class=\"alignnone size-full wp-image-655369\" srcset=\"https:\/\/last.bluefinfitness.com\/wp-content\/uploads\/2023\/01\/FR_Kick-FIT-A-Web-Image-3_240119.jpg 1348w, https:\/\/last.bluefinfitness.com\/wp-content\/uploads\/2023\/01\/FR_Kick-FIT-A-Web-Image-3_240119-647x400.jpg 647w, https:\/\/last.bluefinfitness.com\/wp-content\/uploads\/2023\/01\/FR_Kick-FIT-A-Web-Image-3_240119-1293x800.jpg 1293w, https:\/\/last.bluefinfitness.com\/wp-content\/uploads\/2023\/01\/FR_Kick-FIT-A-Web-Image-3_240119-768x475.jpg 768w, https:\/\/last.bluefinfitness.com\/wp-content\/uploads\/2023\/01\/FR_Kick-FIT-A-Web-Image-3_240119-500x309.jpg 500w\" sizes=\"(max-width: 1348px) 100vw, 1348px\" \/><\/p>\n<p><img decoding=\"async\" class=\"alignnone size-full wp-image-644248\" src=\"https:\/\/last.bluefinfitness.com\/wp-content\/uploads\/2023\/01\/FR_Kick-FIT-A-Web-Image-4.jpg\" alt=\"\" width=\"1348\" height=\"834\" srcset=\"https:\/\/last.bluefinfitness.com\/wp-content\/uploads\/2023\/01\/FR_Kick-FIT-A-Web-Image-4.jpg 1348w, https:\/\/last.bluefinfitness.com\/wp-content\/uploads\/2023\/01\/FR_Kick-FIT-A-Web-Image-4-647x400.jpg 647w, https:\/\/last.bluefinfitness.com\/wp-content\/uploads\/2023\/01\/FR_Kick-FIT-A-Web-Image-4-1293x800.jpg 1293w, https:\/\/last.bluefinfitness.com\/wp-content\/uploads\/2023\/01\/FR_Kick-FIT-A-Web-Image-4-768x475.jpg 768w, https:\/\/last.bluefinfitness.com\/wp-content\/uploads\/2023\/01\/FR_Kick-FIT-A-Web-Image-4-500x309.jpg 500w\" sizes=\"(max-width: 1348px) 100vw, 1348px\" \/><\/p>\n<p><img decoding=\"async\" class=\"alignnone size-full wp-image-644249\" src=\"https:\/\/last.bluefinfitness.com\/wp-content\/uploads\/2023\/01\/FR_Kick-FIT-A-Web-Image-5.jpg\" alt=\"\" width=\"1348\" height=\"834\" srcset=\"https:\/\/last.bluefinfitness.com\/wp-content\/uploads\/2023\/01\/FR_Kick-FIT-A-Web-Image-5.jpg 1348w, https:\/\/last.bluefinfitness.com\/wp-content\/uploads\/2023\/01\/FR_Kick-FIT-A-Web-Image-5-647x400.jpg 647w, https:\/\/last.bluefinfitness.com\/wp-content\/uploads\/2023\/01\/FR_Kick-FIT-A-Web-Image-5-1293x800.jpg 1293w, https:\/\/last.bluefinfitness.com\/wp-content\/uploads\/2023\/01\/FR_Kick-FIT-A-Web-Image-5-768x475.jpg 768w, https:\/\/last.bluefinfitness.com\/wp-content\/uploads\/2023\/01\/FR_Kick-FIT-A-Web-Image-5-500x309.jpg 500w\" sizes=\"(max-width: 1348px) 100vw, 1348px\" \/><\/p>\n<p><img decoding=\"async\" class=\"alignnone size-full wp-image-644251\" src=\"https:\/\/last.bluefinfitness.com\/wp-content\/uploads\/2023\/01\/FR_Kick-FIT-A-Web-Image-6.jpg\" alt=\"\" width=\"1348\" height=\"834\" srcset=\"https:\/\/last.bluefinfitness.com\/wp-content\/uploads\/2023\/01\/FR_Kick-FIT-A-Web-Image-6.jpg 1348w, https:\/\/last.bluefinfitness.com\/wp-content\/uploads\/2023\/01\/FR_Kick-FIT-A-Web-Image-6-647x400.jpg 647w, https:\/\/last.bluefinfitness.com\/wp-content\/uploads\/2023\/01\/FR_Kick-FIT-A-Web-Image-6-1293x800.jpg 1293w, https:\/\/last.bluefinfitness.com\/wp-content\/uploads\/2023\/01\/FR_Kick-FIT-A-Web-Image-6-768x475.jpg 768w, https:\/\/last.bluefinfitness.com\/wp-content\/uploads\/2023\/01\/FR_Kick-FIT-A-Web-Image-6-500x309.jpg 500w\" sizes=\"(max-width: 1348px) 100vw, 1348px\" \/><\/p>\n","protected":false},"excerpt":{"rendered":"<ul>\n<li>ENTRA\u00ceNEMENT OPTIMAL\u00a0: cet appareil est dot\u00e9 d&rsquo;une large piste de course\/marche (45\u00a0x\u00a0128\u00a0cm). Ses coussinets d&rsquo;absorption des chocs sous le centre de la piste permettent plus de confort et de stabilit\u00e9 afin de r\u00e9duire l&rsquo;impact lorsque vous courez.<\/li>\n<li>DESIGN PREMIUM : Con\u00e7u par des professionnels de l&rsquo;industrie britannique, cet tapis offre la meilleure exp\u00e9rience possible. Construit en acier et plastique, cet appareil est \u00e0 la fois l\u00e9ger (60 kg) et robuste pour des ann\u00e9es d&rsquo;utilisation.<\/li>\n<li>RANGEMENT FACILE : Le Kick FIT est con\u00e7u pour \u00eatre pliable et avec des roues pour un rangement facile, mais il est aussi facile \u00e0 installer. Vous pouvez le d\u00e9placer sans assistance lorsque vous avez termin\u00e9 votre entra\u00eenement.<\/li>\n<li>FONCTIONS INNOVANTES : Le Kick FIT dispose de 12 programmes pr\u00e9d\u00e9finis et de 3 boutons de vitesse et d&rsquo;inclinaison instantan\u00e9es. Ils sont plac\u00e9s sur les poign\u00e9es du tapis roulant afin que vous puissiez les r\u00e9gler sans perturber votre course.<\/li>\n<li>POUR QUI EST CET APPAREIL ? Le tapis Kick FIT est destin\u00e9 \u00e0 tout amateur de fitness, que vous soyez d\u00e9butant ou chevronn\u00e9. Les multiples programmes d&rsquo;entra\u00eenement ont \u00e9t\u00e9 con\u00e7us pour s&rsquo;adapter \u00e0 tous les niveaux et \u00e0 votre progression.<\/li>\n<li>AFFICHAGE MULTIFONCTIONS : Cet appareil dispose d&rsquo;un grand \u00e9cran LCD pour suivre la distance et les calories pendant votre entra\u00eenement. Le syst\u00e8me audio modernis\u00e9 est dot\u00e9 de haut-parleurs pour les appareils MP3 et de connexions USB.<\/li>\n<\/ul>\n","protected":false},"featured_media":644936,"comment_status":"open","ping_status":"closed","template":"","meta":[],"product_cat":[1010],"product_tag":[],"_links":{"self":[{"href":"https:\/\/last.bluefinfitness.com\/fr\/wp-json\/wp\/v2\/product\/644230"}],"collection":[{"href":"https:\/\/last.bluefinfitness.com\/fr\/wp-json\/wp\/v2\/product"}],"about":[{"href":"https:\/\/last.bluefinfitness.com\/fr\/wp-json\/wp\/v2\/types\/product"}],"replies":[{"embeddable":true,"href":"https:\/\/last.bluefinfitness.com\/fr\/wp-json\/wp\/v2\/comments?post=644230"}],"wp:featuredmedia":[{"embeddable":true,"href":"https:\/\/last.bluefinfitness.com\/fr\/wp-json\/wp\/v2\/media\/644936"}],"wp:attachment":[{"href":"https:\/\/last.bluefinfitness.com\/fr\/wp-json\/wp\/v2\/media?parent=644230"}],"wp:term":[{"taxonomy":"product_cat","embeddable":true,"href":"https:\/\/last.bluefinfitness.com\/fr\/wp-json\/wp\/v2\/product_cat?post=644230"},{"taxonomy":"product_tag","embeddable":true,"href":"https:\/\/last.bluefinfitness.com\/fr\/wp-json\/wp\/v2\/product_tag?post=644230"}],"curies":[{"name":"wp","href":"https:\/\/api.w.org\/{rel}","templated":true}]}}