{"id":645047,"date":"2023-01-17T09:29:13","date_gmt":"2023-01-17T09:29:13","guid":{"rendered":"https:\/\/www.bluefinfitness.com\/lightweight-exercise-bike\/"},"modified":"2024-01-19T13:10:22","modified_gmt":"2024-01-19T13:10:22","slug":"velo-d-appartement-compacte-web-exclusive","status":"publish","type":"product","link":"https:\/\/last.bluefinfitness.com\/fr\/velo-d-appartement-compacte-web-exclusive\/","title":{"rendered":"V\u00e9lo d&rsquo;appartement Bluefin Fitness Tour Lite"},"content":{"rendered":"<p><img decoding=\"async\" class=\"alignnone size-full wp-image-645068\" src=\"https:\/\/last.bluefinfitness.com\/wp-content\/uploads\/2023\/01\/FR_FIT_Tour-Lite_A-Images_Tour-Lite-A-Web-Image_01.jpg\" alt=\"\" width=\"2021\" height=\"1250\" srcset=\"https:\/\/last.bluefinfitness.com\/wp-content\/uploads\/2023\/01\/FR_FIT_Tour-Lite_A-Images_Tour-Lite-A-Web-Image_01.jpg 2021w, https:\/\/last.bluefinfitness.com\/wp-content\/uploads\/2023\/01\/FR_FIT_Tour-Lite_A-Images_Tour-Lite-A-Web-Image_01-647x400.jpg 647w, https:\/\/last.bluefinfitness.com\/wp-content\/uploads\/2023\/01\/FR_FIT_Tour-Lite_A-Images_Tour-Lite-A-Web-Image_01-1293x800.jpg 1293w, https:\/\/last.bluefinfitness.com\/wp-content\/uploads\/2023\/01\/FR_FIT_Tour-Lite_A-Images_Tour-Lite-A-Web-Image_01-768x475.jpg 768w, https:\/\/last.bluefinfitness.com\/wp-content\/uploads\/2023\/01\/FR_FIT_Tour-Lite_A-Images_Tour-Lite-A-Web-Image_01-1536x950.jpg 1536w, https:\/\/last.bluefinfitness.com\/wp-content\/uploads\/2023\/01\/FR_FIT_Tour-Lite_A-Images_Tour-Lite-A-Web-Image_01-500x309.jpg 500w\" sizes=\"(max-width: 2021px) 100vw, 2021px\" \/><\/p>\n<p><img decoding=\"async\" class=\"alignnone size-full wp-image-645062\" src=\"https:\/\/last.bluefinfitness.com\/wp-content\/uploads\/2023\/01\/FR_FIT_Tour-Lite_A-Images_Tour-Lite-A-Web-Image_02.jpg\" alt=\"\" width=\"2021\" height=\"1250\" srcset=\"https:\/\/last.bluefinfitness.com\/wp-content\/uploads\/2023\/01\/FR_FIT_Tour-Lite_A-Images_Tour-Lite-A-Web-Image_02.jpg 2021w, https:\/\/last.bluefinfitness.com\/wp-content\/uploads\/2023\/01\/FR_FIT_Tour-Lite_A-Images_Tour-Lite-A-Web-Image_02-647x400.jpg 647w, https:\/\/last.bluefinfitness.com\/wp-content\/uploads\/2023\/01\/FR_FIT_Tour-Lite_A-Images_Tour-Lite-A-Web-Image_02-1293x800.jpg 1293w, https:\/\/last.bluefinfitness.com\/wp-content\/uploads\/2023\/01\/FR_FIT_Tour-Lite_A-Images_Tour-Lite-A-Web-Image_02-768x475.jpg 768w, https:\/\/last.bluefinfitness.com\/wp-content\/uploads\/2023\/01\/FR_FIT_Tour-Lite_A-Images_Tour-Lite-A-Web-Image_02-1536x950.jpg 1536w, https:\/\/last.bluefinfitness.com\/wp-content\/uploads\/2023\/01\/FR_FIT_Tour-Lite_A-Images_Tour-Lite-A-Web-Image_02-500x309.jpg 500w\" sizes=\"(max-width: 2021px) 100vw, 2021px\" \/><\/p>\n<p><img decoding=\"async\" src=\"https:\/\/last.bluefinfitness.com\/wp-content\/uploads\/2023\/01\/FR_FIT_Tour-Lite_A-Images_Tour-Lite-A-Web-Image_03_240119.jpg\" alt=\"\" width=\"1347\" height=\"833\" class=\"alignnone size-full wp-image-655374\" srcset=\"https:\/\/last.bluefinfitness.com\/wp-content\/uploads\/2023\/01\/FR_FIT_Tour-Lite_A-Images_Tour-Lite-A-Web-Image_03_240119.jpg 1347w, https:\/\/last.bluefinfitness.com\/wp-content\/uploads\/2023\/01\/FR_FIT_Tour-Lite_A-Images_Tour-Lite-A-Web-Image_03_240119-647x400.jpg 647w, https:\/\/last.bluefinfitness.com\/wp-content\/uploads\/2023\/01\/FR_FIT_Tour-Lite_A-Images_Tour-Lite-A-Web-Image_03_240119-1294x800.jpg 1294w, https:\/\/last.bluefinfitness.com\/wp-content\/uploads\/2023\/01\/FR_FIT_Tour-Lite_A-Images_Tour-Lite-A-Web-Image_03_240119-768x475.jpg 768w, https:\/\/last.bluefinfitness.com\/wp-content\/uploads\/2023\/01\/FR_FIT_Tour-Lite_A-Images_Tour-Lite-A-Web-Image_03_240119-500x309.jpg 500w\" sizes=\"(max-width: 1347px) 100vw, 1347px\" \/><\/p>\n<p><img decoding=\"async\" class=\"alignnone size-full wp-image-645064\" src=\"https:\/\/last.bluefinfitness.com\/wp-content\/uploads\/2023\/01\/FR_FIT_Tour-Lite_A-Images_Tour-Lite-A-Web-Image_04.jpg\" alt=\"\" width=\"2021\" height=\"1250\" srcset=\"https:\/\/last.bluefinfitness.com\/wp-content\/uploads\/2023\/01\/FR_FIT_Tour-Lite_A-Images_Tour-Lite-A-Web-Image_04.jpg 2021w, https:\/\/last.bluefinfitness.com\/wp-content\/uploads\/2023\/01\/FR_FIT_Tour-Lite_A-Images_Tour-Lite-A-Web-Image_04-647x400.jpg 647w, https:\/\/last.bluefinfitness.com\/wp-content\/uploads\/2023\/01\/FR_FIT_Tour-Lite_A-Images_Tour-Lite-A-Web-Image_04-1293x800.jpg 1293w, https:\/\/last.bluefinfitness.com\/wp-content\/uploads\/2023\/01\/FR_FIT_Tour-Lite_A-Images_Tour-Lite-A-Web-Image_04-768x475.jpg 768w, https:\/\/last.bluefinfitness.com\/wp-content\/uploads\/2023\/01\/FR_FIT_Tour-Lite_A-Images_Tour-Lite-A-Web-Image_04-1536x950.jpg 1536w, https:\/\/last.bluefinfitness.com\/wp-content\/uploads\/2023\/01\/FR_FIT_Tour-Lite_A-Images_Tour-Lite-A-Web-Image_04-500x309.jpg 500w\" sizes=\"(max-width: 2021px) 100vw, 2021px\" \/><\/p>\n<p><img decoding=\"async\" class=\"alignnone size-full wp-image-645065\" src=\"https:\/\/last.bluefinfitness.com\/wp-content\/uploads\/2023\/01\/FR_FIT_Tour-Lite_A-Images_Tour-Lite-A-Web-Image_05.jpg\" alt=\"\" width=\"2021\" height=\"1250\" srcset=\"https:\/\/last.bluefinfitness.com\/wp-content\/uploads\/2023\/01\/FR_FIT_Tour-Lite_A-Images_Tour-Lite-A-Web-Image_05.jpg 2021w, https:\/\/last.bluefinfitness.com\/wp-content\/uploads\/2023\/01\/FR_FIT_Tour-Lite_A-Images_Tour-Lite-A-Web-Image_05-647x400.jpg 647w, https:\/\/last.bluefinfitness.com\/wp-content\/uploads\/2023\/01\/FR_FIT_Tour-Lite_A-Images_Tour-Lite-A-Web-Image_05-1293x800.jpg 1293w, https:\/\/last.bluefinfitness.com\/wp-content\/uploads\/2023\/01\/FR_FIT_Tour-Lite_A-Images_Tour-Lite-A-Web-Image_05-768x475.jpg 768w, https:\/\/last.bluefinfitness.com\/wp-content\/uploads\/2023\/01\/FR_FIT_Tour-Lite_A-Images_Tour-Lite-A-Web-Image_05-1536x950.jpg 1536w, https:\/\/last.bluefinfitness.com\/wp-content\/uploads\/2023\/01\/FR_FIT_Tour-Lite_A-Images_Tour-Lite-A-Web-Image_05-500x309.jpg 500w\" sizes=\"(max-width: 2021px) 100vw, 2021px\" \/><\/p>\n<p><img decoding=\"async\" class=\"alignnone size-full wp-image-645067\" src=\"https:\/\/last.bluefinfitness.com\/wp-content\/uploads\/2023\/01\/FR_FIT_Tour-Lite_A-Images_Tour-Lite-A-Web-Image_06.jpg\" alt=\"\" width=\"2021\" height=\"1250\" srcset=\"https:\/\/last.bluefinfitness.com\/wp-content\/uploads\/2023\/01\/FR_FIT_Tour-Lite_A-Images_Tour-Lite-A-Web-Image_06.jpg 2021w, https:\/\/last.bluefinfitness.com\/wp-content\/uploads\/2023\/01\/FR_FIT_Tour-Lite_A-Images_Tour-Lite-A-Web-Image_06-647x400.jpg 647w, https:\/\/last.bluefinfitness.com\/wp-content\/uploads\/2023\/01\/FR_FIT_Tour-Lite_A-Images_Tour-Lite-A-Web-Image_06-1293x800.jpg 1293w, https:\/\/last.bluefinfitness.com\/wp-content\/uploads\/2023\/01\/FR_FIT_Tour-Lite_A-Images_Tour-Lite-A-Web-Image_06-768x475.jpg 768w, https:\/\/last.bluefinfitness.com\/wp-content\/uploads\/2023\/01\/FR_FIT_Tour-Lite_A-Images_Tour-Lite-A-Web-Image_06-1536x950.jpg 1536w, https:\/\/last.bluefinfitness.com\/wp-content\/uploads\/2023\/01\/FR_FIT_Tour-Lite_A-Images_Tour-Lite-A-Web-Image_06-500x309.jpg 500w\" sizes=\"(max-width: 2021px) 100vw, 2021px\" \/><\/p>\n","protected":false},"excerpt":{"rendered":"<ul>\n<li>R\u00c9SISTANCE MAGN\u00c9TIQUE \u00c0 8 NIVEAUX : Le v\u00e9lo est dot\u00e9 d&rsquo;une fonction de r\u00e9glage num\u00e9rique magn\u00e9tique avec 8 niveaux de r\u00e9sistance. Si vous souhaitez d\u00e9velopper votre endurance ou intensifier votre entra\u00eenement, ce v\u00e9lo s&rsquo;adapte \u00e0 votre niveau.<\/li>\n<li>TAILLE ET PORTABILIT\u00c9\u00a0: Ce v\u00e9lo d&rsquo;exercice se replie pour r\u00e9duire sa taille de plus de 50% afin qu&rsquo;il puisse \u00eatre facilement rang\u00e9 \u00e0 la maison. Les roues de transport avant vous permettent \u00e9galement de le d\u00e9placer facilement apr\u00e8s votre entra\u00eenement.<\/li>\n<li>PRINCIPALES CARACT\u00c9RISTIQUES\u00a0: L&rsquo;appareil est compatible avec l&rsquo;application Kinomap et fonctionne avec une r\u00e9sistance magn\u00e9tique. Con\u00e7u au Royaume-Uni, il offre un confort et un stockage optimaux. Suivez votre s\u00e9ance en temps r\u00e9el sur l&rsquo;\u00e9cran LCD.<\/li>\n<li>COMPATIBLE AVEC KINOMAP : Ce v\u00e9lo d&rsquo;exercice fonctionne avec Kinomap pour des vid\u00e9os d&rsquo;entra\u00eenement du monde entier, du coaching en direct et des s\u00e9ances structur\u00e9es. Am\u00e9liorez votre entra\u00eenement avec des d\u00e9fis sc\u00e9niques et comp\u00e9titions multijoueurs.<\/li>\n<li>POUR QUI EST CET APPAREIL ? Il est con\u00e7u de mani\u00e8re ergonomique pour tous les utilisateurs mesurant de 162 \u00e0 188cm souhaitant s&rsquo;entra\u00eener depuis chez eux. La conception le rend facile \u00e0 ranger tout en offrant une exp\u00e9rience de cyclisme r\u00e9aliste.<\/li>\n<li>MOUVEMENT FLUIDE SILNECIEUX : Tour Lite a \u00e9t\u00e9 con\u00e7u par des professionnels de l&rsquo;industrie. Ce v\u00e9lo d&rsquo;exercice silencieux offre une exp\u00e9rience confortable et de multiples fonctionnalit\u00e9s pour un entra\u00eenement optimal.<\/li>\n<\/ul>\n","protected":false},"featured_media":644990,"comment_status":"open","ping_status":"closed","template":"","meta":[],"product_cat":[1018],"product_tag":[],"_links":{"self":[{"href":"https:\/\/last.bluefinfitness.com\/fr\/wp-json\/wp\/v2\/product\/645047"}],"collection":[{"href":"https:\/\/last.bluefinfitness.com\/fr\/wp-json\/wp\/v2\/product"}],"about":[{"href":"https:\/\/last.bluefinfitness.com\/fr\/wp-json\/wp\/v2\/types\/product"}],"replies":[{"embeddable":true,"href":"https:\/\/last.bluefinfitness.com\/fr\/wp-json\/wp\/v2\/comments?post=645047"}],"wp:featuredmedia":[{"embeddable":true,"href":"https:\/\/last.bluefinfitness.com\/fr\/wp-json\/wp\/v2\/media\/644990"}],"wp:attachment":[{"href":"https:\/\/last.bluefinfitness.com\/fr\/wp-json\/wp\/v2\/media?parent=645047"}],"wp:term":[{"taxonomy":"product_cat","embeddable":true,"href":"https:\/\/last.bluefinfitness.com\/fr\/wp-json\/wp\/v2\/product_cat?post=645047"},{"taxonomy":"product_tag","embeddable":true,"href":"https:\/\/last.bluefinfitness.com\/fr\/wp-json\/wp\/v2\/product_tag?post=645047"}],"curies":[{"name":"wp","href":"https:\/\/api.w.org\/{rel}","templated":true}]}}