{"id":646438,"date":"2023-02-16T10:44:01","date_gmt":"2023-02-16T10:44:01","guid":{"rendered":"https:\/\/www.bluefinfitness.com\/treadmill-under-desk\/"},"modified":"2024-03-01T08:41:56","modified_gmt":"2024-03-01T08:41:56","slug":"tapis-de-bureau-web-exclusive","status":"publish","type":"product","link":"https:\/\/last.bluefinfitness.com\/fr\/tapis-de-bureau-web-exclusive\/","title":{"rendered":"Tapis de course Bluefin Fitness Kick LITE"},"content":{"rendered":"<p><img decoding=\"async\" src=\"https:\/\/last.bluefinfitness.com\/wp-content\/uploads\/2023\/02\/FR_FIT_Kick-Lite_A-Images_01_240222.jpg\" alt=\"\" width=\"2021\" height=\"1250\" class=\"alignnone size-full wp-image-659540\" srcset=\"https:\/\/last.bluefinfitness.com\/wp-content\/uploads\/2023\/02\/FR_FIT_Kick-Lite_A-Images_01_240222.jpg 2021w, https:\/\/last.bluefinfitness.com\/wp-content\/uploads\/2023\/02\/FR_FIT_Kick-Lite_A-Images_01_240222-647x400.jpg 647w, https:\/\/last.bluefinfitness.com\/wp-content\/uploads\/2023\/02\/FR_FIT_Kick-Lite_A-Images_01_240222-1293x800.jpg 1293w, https:\/\/last.bluefinfitness.com\/wp-content\/uploads\/2023\/02\/FR_FIT_Kick-Lite_A-Images_01_240222-768x475.jpg 768w, https:\/\/last.bluefinfitness.com\/wp-content\/uploads\/2023\/02\/FR_FIT_Kick-Lite_A-Images_01_240222-1536x950.jpg 1536w, https:\/\/last.bluefinfitness.com\/wp-content\/uploads\/2023\/02\/FR_FIT_Kick-Lite_A-Images_01_240222-500x309.jpg 500w\" sizes=\"(max-width: 2021px) 100vw, 2021px\" \/><\/p>\n<p><img decoding=\"async\" class=\"alignnone size-full wp-image-646458\" src=\"https:\/\/last.bluefinfitness.com\/wp-content\/uploads\/2023\/02\/FR_FIT_Kick-Lite_A-Images_02.jpg\" alt=\"\" width=\"2021\" height=\"1250\" srcset=\"https:\/\/last.bluefinfitness.com\/wp-content\/uploads\/2023\/02\/FR_FIT_Kick-Lite_A-Images_02.jpg 2021w, https:\/\/last.bluefinfitness.com\/wp-content\/uploads\/2023\/02\/FR_FIT_Kick-Lite_A-Images_02-647x400.jpg 647w, https:\/\/last.bluefinfitness.com\/wp-content\/uploads\/2023\/02\/FR_FIT_Kick-Lite_A-Images_02-1293x800.jpg 1293w, https:\/\/last.bluefinfitness.com\/wp-content\/uploads\/2023\/02\/FR_FIT_Kick-Lite_A-Images_02-768x475.jpg 768w, https:\/\/last.bluefinfitness.com\/wp-content\/uploads\/2023\/02\/FR_FIT_Kick-Lite_A-Images_02-1536x950.jpg 1536w, https:\/\/last.bluefinfitness.com\/wp-content\/uploads\/2023\/02\/FR_FIT_Kick-Lite_A-Images_02-500x309.jpg 500w\" sizes=\"(max-width: 2021px) 100vw, 2021px\" \/><\/p>\n<p><img decoding=\"async\" src=\"https:\/\/last.bluefinfitness.com\/wp-content\/uploads\/2023\/02\/FR_FIT_Kick-Lite_A-Images_03-1.jpg\" alt=\"\" width=\"1347\" height=\"833\" class=\"alignnone size-full wp-image-655365\" srcset=\"https:\/\/last.bluefinfitness.com\/wp-content\/uploads\/2023\/02\/FR_FIT_Kick-Lite_A-Images_03-1.jpg 1347w, https:\/\/last.bluefinfitness.com\/wp-content\/uploads\/2023\/02\/FR_FIT_Kick-Lite_A-Images_03-1-647x400.jpg 647w, https:\/\/last.bluefinfitness.com\/wp-content\/uploads\/2023\/02\/FR_FIT_Kick-Lite_A-Images_03-1-1294x800.jpg 1294w, https:\/\/last.bluefinfitness.com\/wp-content\/uploads\/2023\/02\/FR_FIT_Kick-Lite_A-Images_03-1-768x475.jpg 768w, https:\/\/last.bluefinfitness.com\/wp-content\/uploads\/2023\/02\/FR_FIT_Kick-Lite_A-Images_03-1-500x309.jpg 500w\" sizes=\"(max-width: 1347px) 100vw, 1347px\" \/><\/p>\n<p><img decoding=\"async\" class=\"alignnone size-full wp-image-646460\" src=\"https:\/\/last.bluefinfitness.com\/wp-content\/uploads\/2023\/02\/FR_FIT_Kick-Lite_A-Images_04.jpg\" alt=\"\" width=\"2021\" height=\"1250\" srcset=\"https:\/\/last.bluefinfitness.com\/wp-content\/uploads\/2023\/02\/FR_FIT_Kick-Lite_A-Images_04.jpg 2021w, https:\/\/last.bluefinfitness.com\/wp-content\/uploads\/2023\/02\/FR_FIT_Kick-Lite_A-Images_04-647x400.jpg 647w, https:\/\/last.bluefinfitness.com\/wp-content\/uploads\/2023\/02\/FR_FIT_Kick-Lite_A-Images_04-1293x800.jpg 1293w, https:\/\/last.bluefinfitness.com\/wp-content\/uploads\/2023\/02\/FR_FIT_Kick-Lite_A-Images_04-768x475.jpg 768w, https:\/\/last.bluefinfitness.com\/wp-content\/uploads\/2023\/02\/FR_FIT_Kick-Lite_A-Images_04-1536x950.jpg 1536w, https:\/\/last.bluefinfitness.com\/wp-content\/uploads\/2023\/02\/FR_FIT_Kick-Lite_A-Images_04-500x309.jpg 500w\" sizes=\"(max-width: 2021px) 100vw, 2021px\" \/><\/p>\n<p><img decoding=\"async\" class=\"alignnone size-full wp-image-646461\" src=\"https:\/\/last.bluefinfitness.com\/wp-content\/uploads\/2023\/02\/FR_FIT_Kick-Lite_A-Images_05.jpg\" alt=\"\" width=\"2021\" height=\"1250\" srcset=\"https:\/\/last.bluefinfitness.com\/wp-content\/uploads\/2023\/02\/FR_FIT_Kick-Lite_A-Images_05.jpg 2021w, https:\/\/last.bluefinfitness.com\/wp-content\/uploads\/2023\/02\/FR_FIT_Kick-Lite_A-Images_05-647x400.jpg 647w, https:\/\/last.bluefinfitness.com\/wp-content\/uploads\/2023\/02\/FR_FIT_Kick-Lite_A-Images_05-1293x800.jpg 1293w, https:\/\/last.bluefinfitness.com\/wp-content\/uploads\/2023\/02\/FR_FIT_Kick-Lite_A-Images_05-768x475.jpg 768w, https:\/\/last.bluefinfitness.com\/wp-content\/uploads\/2023\/02\/FR_FIT_Kick-Lite_A-Images_05-1536x950.jpg 1536w, https:\/\/last.bluefinfitness.com\/wp-content\/uploads\/2023\/02\/FR_FIT_Kick-Lite_A-Images_05-500x309.jpg 500w\" sizes=\"(max-width: 2021px) 100vw, 2021px\" \/><\/p>\n<p><img decoding=\"async\" src=\"https:\/\/last.bluefinfitness.com\/wp-content\/uploads\/2023\/02\/FR_FIT_Kick-Lite_A-Images_06_240221.jpg\" alt=\"\" width=\"2021\" height=\"1250\" class=\"alignnone size-full wp-image-658930\" srcset=\"https:\/\/last.bluefinfitness.com\/wp-content\/uploads\/2023\/02\/FR_FIT_Kick-Lite_A-Images_06_240221.jpg 2021w, https:\/\/last.bluefinfitness.com\/wp-content\/uploads\/2023\/02\/FR_FIT_Kick-Lite_A-Images_06_240221-647x400.jpg 647w, https:\/\/last.bluefinfitness.com\/wp-content\/uploads\/2023\/02\/FR_FIT_Kick-Lite_A-Images_06_240221-1293x800.jpg 1293w, https:\/\/last.bluefinfitness.com\/wp-content\/uploads\/2023\/02\/FR_FIT_Kick-Lite_A-Images_06_240221-768x475.jpg 768w, https:\/\/last.bluefinfitness.com\/wp-content\/uploads\/2023\/02\/FR_FIT_Kick-Lite_A-Images_06_240221-1536x950.jpg 1536w, https:\/\/last.bluefinfitness.com\/wp-content\/uploads\/2023\/02\/FR_FIT_Kick-Lite_A-Images_06_240221-500x309.jpg 500w\" sizes=\"(max-width: 2021px) 100vw, 2021px\" \/><\/p>\n","protected":false},"excerpt":{"rendered":"<ul>\n<li>RANGEMENT FACILE : Kick Lite fait partie de notre nouvelle gamme pour le sport \u00e0 domicile. Sa poign\u00e9e pliable et son design mince signifie qu&rsquo;il se range facilement et il se glisse sous votre bureau pour vous entra\u00eener tout en travaillant.<\/li>\n<li>CARACT\u00c9RISTIQUES PREMIUM\u00a0: Le tapis roulant Kick LITE sous le bureau dispose d&rsquo;une t\u00e9l\u00e9commande pour contr\u00f4ler votre vitesse pendant votre entra\u00eenement. L&rsquo;\u00e9cran LED affiche les statistiques dont vous avez besoin pour atteindre vos objectifs de remise en forme, notamment la distance\/vitesse\/dur\u00e9e, et vous permet de mesurer vos progres.<\/li>\n<li>DESIGN AVANC\u00c9 : Kick Lite a \u00e9t\u00e9 con\u00e7u au Royaume-Uni par des professionnels de l&rsquo;industrie. Le tapis de course dispose d&rsquo;un syst\u00e8me de lubrification automatique et d&rsquo;une courroie de course amortie pour une marche fluide et silencieuse.<\/li>\n<li>ENTRA\u00ceNEMENT CONVIVIAL : Le tapis est compatible avec Kinomap, proposant des vid\u00e9os d&rsquo;entra\u00eenement du monde entier, des cours de coaching et s\u00e9ances en direct. Am\u00e9liorez votre entra\u00eenement avec des d\u00e9fis sc\u00e9niques et des comp\u00e9titions multijoueurs.<\/li>\n<li>MOTEUR PUISSANT\u00a0: le tapis de course portable a \u00e9t\u00e9 con\u00e7u au Royaume-Uni avec un moteur qui atteint 8\u00a0km\/h. Il s&rsquo;agit de la vitesse la plus \u00e9lev\u00e9e pour ce type de tapis roulant, ce qui vous permet de profiter de plusieurs options de vitesse.<\/li>\n<li>POUR QUI EST CET APPAREIL ?\u00a0 Kick Lite est destin\u00e9 \u00e0 tous ceux qui souhaitent faire de l&rsquo;exercice pendant leurs journ\u00e9es de t\u00e9l\u00e9travail. Son design mince et l\u00e9ger signifie qu&rsquo;il peut \u00eatre rang\u00e9 facilement lorsqu&rsquo;il n&rsquo;est pas utilis\u00e9.<\/li>\n<\/ul>\n","protected":false},"featured_media":646385,"comment_status":"open","ping_status":"closed","template":"","meta":[],"product_cat":[1010],"product_tag":[],"_links":{"self":[{"href":"https:\/\/last.bluefinfitness.com\/fr\/wp-json\/wp\/v2\/product\/646438"}],"collection":[{"href":"https:\/\/last.bluefinfitness.com\/fr\/wp-json\/wp\/v2\/product"}],"about":[{"href":"https:\/\/last.bluefinfitness.com\/fr\/wp-json\/wp\/v2\/types\/product"}],"replies":[{"embeddable":true,"href":"https:\/\/last.bluefinfitness.com\/fr\/wp-json\/wp\/v2\/comments?post=646438"}],"wp:featuredmedia":[{"embeddable":true,"href":"https:\/\/last.bluefinfitness.com\/fr\/wp-json\/wp\/v2\/media\/646385"}],"wp:attachment":[{"href":"https:\/\/last.bluefinfitness.com\/fr\/wp-json\/wp\/v2\/media?parent=646438"}],"wp:term":[{"taxonomy":"product_cat","embeddable":true,"href":"https:\/\/last.bluefinfitness.com\/fr\/wp-json\/wp\/v2\/product_cat?post=646438"},{"taxonomy":"product_tag","embeddable":true,"href":"https:\/\/last.bluefinfitness.com\/fr\/wp-json\/wp\/v2\/product_tag?post=646438"}],"curies":[{"name":"wp","href":"https:\/\/api.w.org\/{rel}","templated":true}]}}