{"id":125157,"date":"2020-11-17T09:18:28","date_gmt":"2020-11-17T09:18:28","guid":{"rendered":"https:\/\/www.bluefinfitness.com\/foot-massager\/"},"modified":"2022-03-27T02:28:03","modified_gmt":"2022-03-27T02:28:03","slug":"massaggiatore-per-piedi","status":"publish","type":"product","link":"https:\/\/last.bluefinfitness.com\/it\/massaggiatore-per-piedi\/","title":{"rendered":"Massaggiatore Piedi Bluefin SUUV"},"content":{"rendered":"<p><span data-sheets-value=\"{&quot;1&quot;:2,&quot;2&quot;:&quot;Piedi doloranti a fine giornata? SUUV, il Massaggiatore per Piedi della Bluefin Fitness, \u00e8 qui per aiutarti. Finalmente non avrai pi\u00f9 bisogno di spendere soldi in massaggi costosi \u2013 Con il massaggiatore plantare SUUV puoi dire addio a dolore e stress. La nostra tecnologia rivoluzionaria include la possibilit\u00e0 di controllare la modalit\u00e0 delle vibrazioni, le velocit\u00e0 multiple e un display LCD, tutto grazie a un telecomando da polso GRATUITO! Se hai sempre avuto problemi come vene varicose, tallonite, piedi gonfi o circolazione sanguigna, questa \u00e8 la soluzione che stavi cercando. Questo massaggiatore per piedi elettrico si adatta a TUTTE le tue esigenze. Hai voglia di fare un po' di movimento? In soli 15 minuti al giorno puoi stimolare tutti i muscoli della parte inferiore del corpo e sentirti subito in forma. Ma non \u00e8 tutto: con ogni massaggiatore elettrico riceverai anche una garanzia completa della durata di 12 mesi. Hai riscontrato un problema tecnico durante il primo anno di utilizzo? Lo risolveremo GRATUITAMENTE!rnrnSenza esercizi dolorosi o terapie costose, potrai tonificare i muscoli e riposare i piedi gonfi. Tendini infiammati e fastidiose talloniti saranno solo un lontano ricordo. Sdraiandoti sul pavimento puoi persino massaggiare i polpacci, i muscoli posteriori della coscia o i quadricipiti! Le possibilit\u00e0 sono infinite. Non perdere altro tempo: ritrova benessere e relax!&quot;}\" data-sheets-userformat=\"{&quot;2&quot;:15357,&quot;3&quot;:{&quot;1&quot;:0},&quot;5&quot;:{&quot;1&quot;:[{&quot;1&quot;:2,&quot;2&quot;:0,&quot;5&quot;:[null,2,0]},{&quot;1&quot;:0,&quot;2&quot;:0,&quot;3&quot;:3},{&quot;1&quot;:1,&quot;2&quot;:0,&quot;4&quot;:1}]},&quot;6&quot;:{&quot;1&quot;:[{&quot;1&quot;:2,&quot;2&quot;:0,&quot;5&quot;:[null,2,0]},{&quot;1&quot;:0,&quot;2&quot;:0,&quot;3&quot;:3},{&quot;1&quot;:1,&quot;2&quot;:0,&quot;4&quot;:1}]},&quot;7&quot;:{&quot;1&quot;:[{&quot;1&quot;:2,&quot;2&quot;:0,&quot;5&quot;:[null,2,0]},{&quot;1&quot;:0,&quot;2&quot;:0,&quot;3&quot;:3},{&quot;1&quot;:1,&quot;2&quot;:0,&quot;4&quot;:1}]},&quot;8&quot;:{&quot;1&quot;:[{&quot;1&quot;:2,&quot;2&quot;:0,&quot;5&quot;:[null,2,0]},{&quot;1&quot;:0,&quot;2&quot;:0,&quot;3&quot;:3},{&quot;1&quot;:1,&quot;2&quot;:0,&quot;4&quot;:1}]},&quot;9&quot;:0,&quot;10&quot;:1,&quot;11&quot;:4,&quot;12&quot;:0,&quot;14&quot;:[null,2,0],&quot;15&quot;:&quot;Arial&quot;,&quot;16&quot;:11}\">Piedi doloranti a fine giornata? SUUV, il Massaggiatore per Piedi della Bluefin Fitness, \u00e8 qui per aiutarti. Finalmente non avrai pi\u00f9 bisogno di spendere soldi in costosi massaggi. Con il massaggiatore plantare SUUV puoi dire addio a dolore, stress e stanchezza. La nostra tecnologia rivoluzionaria include la possibilit\u00e0 di controllare la modalit\u00e0 delle vibrazioni, le diverse velocit\u00e0 e il display LCD, tutto grazie a un telecomando da polso GRATUITO! Se hai sempre avuto problemi come vene varicose, tallonite, piedi gonfi o circolazione sanguigna, questa \u00e8 la soluzione che stavi cercando. Questo massaggiatore <\/span><span data-sheets-value=\"{&quot;1&quot;:2,&quot;2&quot;:&quot;Piedi doloranti a fine giornata? SUUV, il Massaggiatore per Piedi della Bluefin Fitness, \u00e8 qui per aiutarti. Finalmente non avrai pi\u00f9 bisogno di spendere soldi in massaggi costosi \u2013 Con il massaggiatore plantare SUUV puoi dire addio a dolore e stress. La nostra tecnologia rivoluzionaria include la possibilit\u00e0 di controllare la modalit\u00e0 delle vibrazioni, le velocit\u00e0 multiple e un display LCD, tutto grazie a un telecomando da polso GRATUITO! Se hai sempre avuto problemi come vene varicose, tallonite, piedi gonfi o circolazione sanguigna, questa \u00e8 la soluzione che stavi cercando. Questo massaggiatore per piedi elettrico si adatta a TUTTE le tue esigenze. Hai voglia di fare un po' di movimento? In soli 15 minuti al giorno puoi stimolare tutti i muscoli della parte inferiore del corpo e sentirti subito in forma. Ma non \u00e8 tutto: con ogni massaggiatore elettrico riceverai anche una garanzia completa della durata di 12 mesi. Hai riscontrato un problema tecnico durante il primo anno di utilizzo? Lo risolveremo GRATUITAMENTE!rnrnSenza esercizi dolorosi o terapie costose, potrai tonificare i muscoli e riposare i piedi gonfi. Tendini infiammati e fastidiose talloniti saranno solo un lontano ricordo. Sdraiandoti sul pavimento puoi persino massaggiare i polpacci, i muscoli posteriori della coscia o i quadricipiti! Le possibilit\u00e0 sono infinite. Non perdere altro tempo: ritrova benessere e relax!&quot;}\" data-sheets-userformat=\"{&quot;2&quot;:15357,&quot;3&quot;:{&quot;1&quot;:0},&quot;5&quot;:{&quot;1&quot;:[{&quot;1&quot;:2,&quot;2&quot;:0,&quot;5&quot;:[null,2,0]},{&quot;1&quot;:0,&quot;2&quot;:0,&quot;3&quot;:3},{&quot;1&quot;:1,&quot;2&quot;:0,&quot;4&quot;:1}]},&quot;6&quot;:{&quot;1&quot;:[{&quot;1&quot;:2,&quot;2&quot;:0,&quot;5&quot;:[null,2,0]},{&quot;1&quot;:0,&quot;2&quot;:0,&quot;3&quot;:3},{&quot;1&quot;:1,&quot;2&quot;:0,&quot;4&quot;:1}]},&quot;7&quot;:{&quot;1&quot;:[{&quot;1&quot;:2,&quot;2&quot;:0,&quot;5&quot;:[null,2,0]},{&quot;1&quot;:0,&quot;2&quot;:0,&quot;3&quot;:3},{&quot;1&quot;:1,&quot;2&quot;:0,&quot;4&quot;:1}]},&quot;8&quot;:{&quot;1&quot;:[{&quot;1&quot;:2,&quot;2&quot;:0,&quot;5&quot;:[null,2,0]},{&quot;1&quot;:0,&quot;2&quot;:0,&quot;3&quot;:3},{&quot;1&quot;:1,&quot;2&quot;:0,&quot;4&quot;:1}]},&quot;9&quot;:0,&quot;10&quot;:1,&quot;11&quot;:4,&quot;12&quot;:0,&quot;14&quot;:[null,2,0],&quot;15&quot;:&quot;Arial&quot;,&quot;16&quot;:11}\">elettrico <\/span><span data-sheets-value=\"{&quot;1&quot;:2,&quot;2&quot;:&quot;Piedi doloranti a fine giornata? SUUV, il Massaggiatore per Piedi della Bluefin Fitness, \u00e8 qui per aiutarti. Finalmente non avrai pi\u00f9 bisogno di spendere soldi in massaggi costosi \u2013 Con il massaggiatore plantare SUUV puoi dire addio a dolore e stress. La nostra tecnologia rivoluzionaria include la possibilit\u00e0 di controllare la modalit\u00e0 delle vibrazioni, le velocit\u00e0 multiple e un display LCD, tutto grazie a un telecomando da polso GRATUITO! Se hai sempre avuto problemi come vene varicose, tallonite, piedi gonfi o circolazione sanguigna, questa \u00e8 la soluzione che stavi cercando. Questo massaggiatore per piedi elettrico si adatta a TUTTE le tue esigenze. Hai voglia di fare un po' di movimento? In soli 15 minuti al giorno puoi stimolare tutti i muscoli della parte inferiore del corpo e sentirti subito in forma. Ma non \u00e8 tutto: con ogni massaggiatore elettrico riceverai anche una garanzia completa della durata di 12 mesi. Hai riscontrato un problema tecnico durante il primo anno di utilizzo? Lo risolveremo GRATUITAMENTE!rnrnSenza esercizi dolorosi o terapie costose, potrai tonificare i muscoli e riposare i piedi gonfi. Tendini infiammati e fastidiose talloniti saranno solo un lontano ricordo. Sdraiandoti sul pavimento puoi persino massaggiare i polpacci, i muscoli posteriori della coscia o i quadricipiti! Le possibilit\u00e0 sono infinite. Non perdere altro tempo: ritrova benessere e relax!&quot;}\" data-sheets-userformat=\"{&quot;2&quot;:15357,&quot;3&quot;:{&quot;1&quot;:0},&quot;5&quot;:{&quot;1&quot;:[{&quot;1&quot;:2,&quot;2&quot;:0,&quot;5&quot;:[null,2,0]},{&quot;1&quot;:0,&quot;2&quot;:0,&quot;3&quot;:3},{&quot;1&quot;:1,&quot;2&quot;:0,&quot;4&quot;:1}]},&quot;6&quot;:{&quot;1&quot;:[{&quot;1&quot;:2,&quot;2&quot;:0,&quot;5&quot;:[null,2,0]},{&quot;1&quot;:0,&quot;2&quot;:0,&quot;3&quot;:3},{&quot;1&quot;:1,&quot;2&quot;:0,&quot;4&quot;:1}]},&quot;7&quot;:{&quot;1&quot;:[{&quot;1&quot;:2,&quot;2&quot;:0,&quot;5&quot;:[null,2,0]},{&quot;1&quot;:0,&quot;2&quot;:0,&quot;3&quot;:3},{&quot;1&quot;:1,&quot;2&quot;:0,&quot;4&quot;:1}]},&quot;8&quot;:{&quot;1&quot;:[{&quot;1&quot;:2,&quot;2&quot;:0,&quot;5&quot;:[null,2,0]},{&quot;1&quot;:0,&quot;2&quot;:0,&quot;3&quot;:3},{&quot;1&quot;:1,&quot;2&quot;:0,&quot;4&quot;:1}]},&quot;9&quot;:0,&quot;10&quot;:1,&quot;11&quot;:4,&quot;12&quot;:0,&quot;14&quot;:[null,2,0],&quot;15&quot;:&quot;Arial&quot;,&quot;16&quot;:11}\">per i piedi si adatta a TUTTE le tue esigenze. Hai voglia di fare un po&#8217; di movimento? In soli 15 minuti al giorno puoi stimolare tutti i muscoli della parte inferiore del corpo e sentirti subito in forma. Ma non \u00e8 tutto: con ogni massaggiatore elettrico riceverai anche una garanzia completa della durata di 12 mesi. Hai riscontrato un problema tecnico durante il primo anno di utilizzo? Lo risolveremo GRATUITAMENTE!<\/span><\/p>\n<p>Senza esercizi dolorosi o terapie costose potrai tonificare i muscoli e riposare i piedi gonfi. Tendini infiammati e fastidiose talloniti saranno solo un lontano ricordo. Sdraiandoti sul pavimento puoi persino massaggiare i polpacci, i muscoli posteriori della coscia o i quadricipiti! Le possibilit\u00e0 sono infinite. Non perdere altro tempo: ritrova benessere e relax in soli 15 minuti al giorno!<\/p>\n\t<div id=\"gap-1229496670\" class=\"gap-element clearfix\" style=\"display:block; height:auto;\">\n\t\t\n<style>\n#gap-1229496670 {\n  padding-top: 30px;\n}\n<\/style>\n\t<\/div>\n\t\n<div class=\"row\"  id=\"row-986777063\">\n\n\t<div id=\"col-410400088\" class=\"col medium-4 small-12 large-4\"  >\n\t\t\t\t<div class=\"col-inner\"  >\n\t\t\t\n\t\t\t\n\t<div class=\"box has-hover   has-hover box-text-bottom\" >\n\n\t\t<div class=\"box-image\" >\n\t\t\t\t\t\t<div class=\"\" >\n\t\t\t\t<img decoding=\"async\" width=\"1501\" height=\"1501\" src=\"https:\/\/last.bluefinfitness.com\/wp-content\/uploads\/2020\/12\/Bluefin-SUUV_1500x1500px_IT-08.jpg\" class=\"attachment- size-\" alt=\"Bluefin \" srcset=\"https:\/\/last.bluefinfitness.com\/wp-content\/uploads\/2020\/12\/Bluefin-SUUV_1500x1500px_IT-08.jpg 1501w, https:\/\/last.bluefinfitness.com\/wp-content\/uploads\/2020\/12\/Bluefin-SUUV_1500x1500px_IT-08-300x300.jpg 300w, https:\/\/last.bluefinfitness.com\/wp-content\/uploads\/2020\/12\/Bluefin-SUUV_1500x1500px_IT-08-1024x1024.jpg 1024w, https:\/\/last.bluefinfitness.com\/wp-content\/uploads\/2020\/12\/Bluefin-SUUV_1500x1500px_IT-08-150x150.jpg 150w, https:\/\/last.bluefinfitness.com\/wp-content\/uploads\/2020\/12\/Bluefin-SUUV_1500x1500px_IT-08-768x768.jpg 768w, https:\/\/last.bluefinfitness.com\/wp-content\/uploads\/2020\/12\/Bluefin-SUUV_1500x1500px_IT-08-500x500.jpg 500w, https:\/\/last.bluefinfitness.com\/wp-content\/uploads\/2020\/12\/Bluefin-SUUV_1500x1500px_IT-08-100x100.jpg 100w\" sizes=\"(max-width: 1501px) 100vw, 1501px\" \/>\t\t\t\t\t\t\t\t\t\t\t<\/div>\n\t\t\t\t\t<\/div>\n\n\t\t<div class=\"box-text text-center\" >\n\t\t\t<div class=\"box-text-inner\">\n\t\t\t\t\n<p style=\"text-align: left;\"><strong>SUUV, il Massaggiatore per Piedi della Bluefin Fitness.<\/strong> Finalmente un metodo efficace per rilassarsi senza uscire di casa. Siediti su una sedia o posizionati a terra: quello che stai per ricevere non \u00e8 solo un massaggio di alta qualit\u00e0, ma anche un allenamento a basso impatto! Hai solo 15 minuti di tempo libero? Bene! Posiziona il massaggiatore su una superficie piana e approfittane per stimolare i muscoli della parte inferiore del corpo.<\/p>\n\t\t\t<\/div>\n\t\t<\/div>\n\t<\/div>\n\t\n\t\t<\/div>\n\t\t\t\t\t<\/div>\n\n\t\n\n\t<div id=\"col-98341183\" class=\"col medium-4 small-12 large-4\"  >\n\t\t\t\t<div class=\"col-inner\"  >\n\t\t\t\n\t\t\t\n\t<div class=\"box has-hover   has-hover box-text-bottom\" >\n\n\t\t<div class=\"box-image\" >\n\t\t\t\t\t\t<div class=\"\" >\n\t\t\t\t<img decoding=\"async\" width=\"1501\" height=\"1501\" src=\"https:\/\/last.bluefinfitness.com\/wp-content\/uploads\/2020\/12\/Bluefin-SUUV_1500x1500px_IT-02.jpg\" class=\"attachment- size-\" alt=\"Bluefin \" srcset=\"https:\/\/last.bluefinfitness.com\/wp-content\/uploads\/2020\/12\/Bluefin-SUUV_1500x1500px_IT-02.jpg 1501w, https:\/\/last.bluefinfitness.com\/wp-content\/uploads\/2020\/12\/Bluefin-SUUV_1500x1500px_IT-02-300x300.jpg 300w, https:\/\/last.bluefinfitness.com\/wp-content\/uploads\/2020\/12\/Bluefin-SUUV_1500x1500px_IT-02-1024x1024.jpg 1024w, https:\/\/last.bluefinfitness.com\/wp-content\/uploads\/2020\/12\/Bluefin-SUUV_1500x1500px_IT-02-150x150.jpg 150w, https:\/\/last.bluefinfitness.com\/wp-content\/uploads\/2020\/12\/Bluefin-SUUV_1500x1500px_IT-02-768x768.jpg 768w, https:\/\/last.bluefinfitness.com\/wp-content\/uploads\/2020\/12\/Bluefin-SUUV_1500x1500px_IT-02-500x500.jpg 500w, https:\/\/last.bluefinfitness.com\/wp-content\/uploads\/2020\/12\/Bluefin-SUUV_1500x1500px_IT-02-100x100.jpg 100w\" sizes=\"(max-width: 1501px) 100vw, 1501px\" \/>\t\t\t\t\t\t\t\t\t\t\t<\/div>\n\t\t\t\t\t<\/div>\n\n\t\t<div class=\"box-text text-center\" >\n\t\t\t<div class=\"box-text-inner\">\n\t\t\t\t\n<p style=\"text-align: left;\"><strong>Una Tecnologia Rivoluzionaria Di Cui Ti Puoi Fidare!<\/strong> Perch\u00e9 rinunciare a un massaggio di alta qualit\u00e0? Da oggi, grazie ai rulli massaggianti e alle potenti vibrazioni di SUUV, hai una seduta di massaggio e riflessologia in un solo massaggiatore per i piedi. Grazie all\u2019esperienza di Bluefin Fitness non dovrai pi\u00f9 rinunciare a un massaggio fatto come si deve! Noi non scendiamo mai a compromessi e neanche tu dovresti!<\/p>\n\t\t\t<\/div>\n\t\t<\/div>\n\t<\/div>\n\t\n\t\t<\/div>\n\t\t\t\t\t<\/div>\n\n\t\n\n\t<div id=\"col-40896495\" class=\"col medium-4 small-12 large-4\"  >\n\t\t\t\t<div class=\"col-inner\"  >\n\t\t\t\n\t\t\t\n\t<div class=\"box has-hover   has-hover box-text-bottom\" >\n\n\t\t<div class=\"box-image\" >\n\t\t\t\t\t\t<div class=\"\" >\n\t\t\t\t<img decoding=\"async\" width=\"1501\" height=\"1501\" src=\"https:\/\/last.bluefinfitness.com\/wp-content\/uploads\/2020\/12\/Bluefin-SUUV_1500x1500px_IT-03.jpg\" class=\"attachment- size-\" alt=\"Bluefin \" srcset=\"https:\/\/last.bluefinfitness.com\/wp-content\/uploads\/2020\/12\/Bluefin-SUUV_1500x1500px_IT-03.jpg 1501w, https:\/\/last.bluefinfitness.com\/wp-content\/uploads\/2020\/12\/Bluefin-SUUV_1500x1500px_IT-03-300x300.jpg 300w, https:\/\/last.bluefinfitness.com\/wp-content\/uploads\/2020\/12\/Bluefin-SUUV_1500x1500px_IT-03-1024x1024.jpg 1024w, https:\/\/last.bluefinfitness.com\/wp-content\/uploads\/2020\/12\/Bluefin-SUUV_1500x1500px_IT-03-150x150.jpg 150w, https:\/\/last.bluefinfitness.com\/wp-content\/uploads\/2020\/12\/Bluefin-SUUV_1500x1500px_IT-03-768x768.jpg 768w, https:\/\/last.bluefinfitness.com\/wp-content\/uploads\/2020\/12\/Bluefin-SUUV_1500x1500px_IT-03-500x500.jpg 500w, https:\/\/last.bluefinfitness.com\/wp-content\/uploads\/2020\/12\/Bluefin-SUUV_1500x1500px_IT-03-100x100.jpg 100w\" sizes=\"(max-width: 1501px) 100vw, 1501px\" \/>\t\t\t\t\t\t\t\t\t\t\t<\/div>\n\t\t\t\t\t<\/div>\n\n\t\t<div class=\"box-text text-center\" >\n\t\t\t<div class=\"box-text-inner\">\n\t\t\t\t\n<p style=\"text-align: left;\"><strong>Vene Varicose e Tallonite?<\/strong> Presto saranno solo un lontano ricordo! Se soffri di tallonite o vene varicose il massaggiatore per i piedi SUUV pu\u00f2 aiutarti a ritrovare il sollievo che ti meriti nel comfort di casa tua! Grazie alle micro oscillazioni delle testine massaggianti e all\u2019azione rilassante delle perle magnetiche, potrai rivitalizzare le tue gambe gonfie e stanche dando una sferzata di energia alla tua circolazione sanguigna.<\/p>\n\t\t\t<\/div>\n\t\t<\/div>\n\t<\/div>\n\t\n\t\t<\/div>\n\t\t\t\t\t<\/div>\n\n\t\n<\/div>\n<div class=\"row\"  id=\"row-1921641216\">\n\n\t<div id=\"col-380728738\" class=\"col medium-4 small-12 large-4\"  >\n\t\t\t\t<div class=\"col-inner\"  >\n\t\t\t\n\t\t\t\n\t<div class=\"box has-hover   has-hover box-text-bottom\" >\n\n\t\t<div class=\"box-image\" >\n\t\t\t\t\t\t<div class=\"\" >\n\t\t\t\t<img decoding=\"async\" width=\"1501\" height=\"1501\" src=\"https:\/\/last.bluefinfitness.com\/wp-content\/uploads\/2020\/12\/Bluefin-SUUV_1500x1500px_IT-04.jpg\" class=\"attachment- size-\" alt=\"Bluefin \" srcset=\"https:\/\/last.bluefinfitness.com\/wp-content\/uploads\/2020\/12\/Bluefin-SUUV_1500x1500px_IT-04.jpg 1501w, https:\/\/last.bluefinfitness.com\/wp-content\/uploads\/2020\/12\/Bluefin-SUUV_1500x1500px_IT-04-300x300.jpg 300w, https:\/\/last.bluefinfitness.com\/wp-content\/uploads\/2020\/12\/Bluefin-SUUV_1500x1500px_IT-04-1024x1024.jpg 1024w, https:\/\/last.bluefinfitness.com\/wp-content\/uploads\/2020\/12\/Bluefin-SUUV_1500x1500px_IT-04-150x150.jpg 150w, https:\/\/last.bluefinfitness.com\/wp-content\/uploads\/2020\/12\/Bluefin-SUUV_1500x1500px_IT-04-768x768.jpg 768w, https:\/\/last.bluefinfitness.com\/wp-content\/uploads\/2020\/12\/Bluefin-SUUV_1500x1500px_IT-04-500x500.jpg 500w, https:\/\/last.bluefinfitness.com\/wp-content\/uploads\/2020\/12\/Bluefin-SUUV_1500x1500px_IT-04-100x100.jpg 100w\" sizes=\"(max-width: 1501px) 100vw, 1501px\" \/>\t\t\t\t\t\t\t\t\t\t\t<\/div>\n\t\t\t\t\t<\/div>\n\n\t\t<div class=\"box-text text-center\" >\n\t\t\t<div class=\"box-text-inner\">\n\t\t\t\t\n<p style=\"text-align: left;\"><strong>I Dettagli a Cui Non Potrai Pi\u00f9 Rinunciare.<\/strong> Non perdere di vista i tuoi obiettivi: utilizza il telecomando da polso per scegliere il programma e la velocit\u00e0 con cui vuoi allenare i tuoi muscoli! Con il display LCD sul massaggiatore puoi scegliere tra 5 programmi di alta o bassa intensit\u00e0 e tra 60 velocit\u00e0 disponibili. Crea il tuo allenamento in base alle tue esigenze! Ci stai ancora pensando?<\/p>\n\t\t\t<\/div>\n\t\t<\/div>\n\t<\/div>\n\t\n\t\t<\/div>\n\t\t\t\t\t<\/div>\n\n\t\n\n\t<div id=\"col-821041130\" class=\"col medium-4 small-12 large-4\"  >\n\t\t\t\t<div class=\"col-inner\"  >\n\t\t\t\n\t\t\t\n\t<div class=\"box has-hover   has-hover box-text-bottom\" >\n\n\t\t<div class=\"box-image\" >\n\t\t\t\t\t\t<div class=\"\" >\n\t\t\t\t<img decoding=\"async\" width=\"1501\" height=\"1501\" src=\"https:\/\/last.bluefinfitness.com\/wp-content\/uploads\/2020\/12\/Bluefin-SUUV_1500x1500px_IT-06.jpg\" class=\"attachment- size-\" alt=\"Bluefin \" srcset=\"https:\/\/last.bluefinfitness.com\/wp-content\/uploads\/2020\/12\/Bluefin-SUUV_1500x1500px_IT-06.jpg 1501w, https:\/\/last.bluefinfitness.com\/wp-content\/uploads\/2020\/12\/Bluefin-SUUV_1500x1500px_IT-06-300x300.jpg 300w, https:\/\/last.bluefinfitness.com\/wp-content\/uploads\/2020\/12\/Bluefin-SUUV_1500x1500px_IT-06-1024x1024.jpg 1024w, https:\/\/last.bluefinfitness.com\/wp-content\/uploads\/2020\/12\/Bluefin-SUUV_1500x1500px_IT-06-150x150.jpg 150w, https:\/\/last.bluefinfitness.com\/wp-content\/uploads\/2020\/12\/Bluefin-SUUV_1500x1500px_IT-06-768x768.jpg 768w, https:\/\/last.bluefinfitness.com\/wp-content\/uploads\/2020\/12\/Bluefin-SUUV_1500x1500px_IT-06-500x500.jpg 500w, https:\/\/last.bluefinfitness.com\/wp-content\/uploads\/2020\/12\/Bluefin-SUUV_1500x1500px_IT-06-100x100.jpg 100w\" sizes=\"(max-width: 1501px) 100vw, 1501px\" \/>\t\t\t\t\t\t\t\t\t\t\t<\/div>\n\t\t\t\t\t<\/div>\n\n\t\t<div class=\"box-text text-center\" >\n\t\t\t<div class=\"box-text-inner\">\n\t\t\t\t\n<p style=\"text-align: left;\"><strong>Tonifica i Muscoli e Migliora la Circolazione del Sangue.<\/strong> Approfitta dei vantaggi della tecnologia odierna: grazie alle vibrazioni di questo massaggiatore puoi migliorare la tua salute senza alcun sforzo. I suoi rulli massaggianti e le potenti vibrazioni penetrano profondamente nel tessuto cutaneo per aiutarti a migliorare la circolazione e alleviare qualsiasi dolore muscolare. Sdraiandoti sul pavimento puoi persino massaggiare i polpacci, i muscoli posteriori della coscia o i quadricipiti. Le possibilit\u00e0 sono infinite!<\/p>\n\t\t\t<\/div>\n\t\t<\/div>\n\t<\/div>\n\t\n\t\t<\/div>\n\t\t\t\t\t<\/div>\n\n\t\n\n\t<div id=\"col-1596953765\" class=\"col medium-4 small-12 large-4\"  >\n\t\t\t\t<div class=\"col-inner\"  >\n\t\t\t\n\t\t\t\n\t<div class=\"box has-hover   has-hover box-text-bottom\" >\n\n\t\t<div class=\"box-image\" >\n\t\t\t\t\t\t<div class=\"\" >\n\t\t\t\t<img decoding=\"async\" width=\"1501\" height=\"1501\" src=\"https:\/\/last.bluefinfitness.com\/wp-content\/uploads\/2020\/12\/Bluefin-SUUV_1500x1500px_IT-07.jpg\" class=\"attachment- size-\" alt=\"Bluefin \" srcset=\"https:\/\/last.bluefinfitness.com\/wp-content\/uploads\/2020\/12\/Bluefin-SUUV_1500x1500px_IT-07.jpg 1501w, https:\/\/last.bluefinfitness.com\/wp-content\/uploads\/2020\/12\/Bluefin-SUUV_1500x1500px_IT-07-300x300.jpg 300w, https:\/\/last.bluefinfitness.com\/wp-content\/uploads\/2020\/12\/Bluefin-SUUV_1500x1500px_IT-07-1024x1024.jpg 1024w, https:\/\/last.bluefinfitness.com\/wp-content\/uploads\/2020\/12\/Bluefin-SUUV_1500x1500px_IT-07-150x150.jpg 150w, https:\/\/last.bluefinfitness.com\/wp-content\/uploads\/2020\/12\/Bluefin-SUUV_1500x1500px_IT-07-768x768.jpg 768w, https:\/\/last.bluefinfitness.com\/wp-content\/uploads\/2020\/12\/Bluefin-SUUV_1500x1500px_IT-07-500x500.jpg 500w, https:\/\/last.bluefinfitness.com\/wp-content\/uploads\/2020\/12\/Bluefin-SUUV_1500x1500px_IT-07-100x100.jpg 100w\" sizes=\"(max-width: 1501px) 100vw, 1501px\" \/>\t\t\t\t\t\t\t\t\t\t\t<\/div>\n\t\t\t\t\t<\/div>\n\n\t\t<div class=\"box-text text-center\" >\n\t\t\t<div class=\"box-text-inner\">\n\t\t\t\t\n<p style=\"text-align: left;\"><strong>Puoi Dire Addio Allo Stress In Un Solo Click.<\/strong> Concediti un po\u2019 di tempo solo per te. Rilassati e distendi i muscoli con il nostro massaggiatore per i piedi SUUV: tutto quello che devi fare \u00e8 semplicemente sederti. Con i 5 programmi per regolare l\u2019intensit\u00e0 dei rulli massaggianti e le 60 velocit\u00e0 disponibili, siamo sicuri che riuscirai a trovare il relax che stavi cercando. Indossa il telecomando da polso e dai inizio a un nuovo modo di rilassarti in casa.<\/p>\n\t\t\t<\/div>\n\t\t<\/div>\n\t<\/div>\n\t\n\t\t<\/div>\n\t\t\t\t\t<\/div>\n\n\t\n<\/div>\n","protected":false},"excerpt":{"rendered":"<ul>\n<li style=\"text-align: left;\"><strong>TECNOLOGIA INNOVATIVA<\/strong> \u2013 Riflessologia, vibrazioni e massaggi in un unico massaggiatore vibrante!<\/li>\n<li style=\"text-align: left;\"><strong>MIGLIORA LA CIRCOLAZIONE DEL SANGUE<\/strong> &#8211; Rulli massaggianti e potenti vibrazioni penetrano in profondit\u00e0 per il massimo dell&#8217;efficacia!<\/li>\n<li style=\"text-align: left;\"><strong>BENESSERE E RELAX A CASA TUA<\/strong> &#8211; Utilizzalo con i tuoi tempi e solo quando decidi tu. Efficace in soli 15 minuti!<\/li>\n<li style=\"text-align: left;\"><strong>FACILE DA USARE<\/strong> &#8211; Rilassati in un click! Regola la velocit\u00e0 o approfitta dei programmi automatici pronti all&#8217;uso!<\/li>\n<li style=\"text-align: left;\"><strong>12 MESI DI GARANZIA E RIPARAZIONI<\/strong><\/li>\n<\/ul>\n","protected":false},"featured_media":644882,"comment_status":"open","ping_status":"closed","template":"","meta":[],"product_cat":[3455],"product_tag":[],"_links":{"self":[{"href":"https:\/\/last.bluefinfitness.com\/it\/wp-json\/wp\/v2\/product\/125157"}],"collection":[{"href":"https:\/\/last.bluefinfitness.com\/it\/wp-json\/wp\/v2\/product"}],"about":[{"href":"https:\/\/last.bluefinfitness.com\/it\/wp-json\/wp\/v2\/types\/product"}],"replies":[{"embeddable":true,"href":"https:\/\/last.bluefinfitness.com\/it\/wp-json\/wp\/v2\/comments?post=125157"}],"wp:featuredmedia":[{"embeddable":true,"href":"https:\/\/last.bluefinfitness.com\/it\/wp-json\/wp\/v2\/media\/644882"}],"wp:attachment":[{"href":"https:\/\/last.bluefinfitness.com\/it\/wp-json\/wp\/v2\/media?parent=125157"}],"wp:term":[{"taxonomy":"product_cat","embeddable":true,"href":"https:\/\/last.bluefinfitness.com\/it\/wp-json\/wp\/v2\/product_cat?post=125157"},{"taxonomy":"product_tag","embeddable":true,"href":"https:\/\/last.bluefinfitness.com\/it\/wp-json\/wp\/v2\/product_tag?post=125157"}],"curies":[{"name":"wp","href":"https:\/\/api.w.org\/{rel}","templated":true}]}}