{"id":190705,"date":"2020-11-23T15:46:25","date_gmt":"2020-11-23T15:46:25","guid":{"rendered":"https:\/\/www.bluefinfitness.com\/incline-treadmilll\/"},"modified":"2024-04-09T14:56:12","modified_gmt":"2024-04-09T14:56:12","slug":"tapis-roulant-elettrico","status":"publish","type":"product","link":"https:\/\/last.bluefinfitness.com\/it\/tapis-roulant-elettrico\/","title":{"rendered":"Tapis Roulant Pieghevole Bluefin KICK 5.0"},"content":{"rendered":"<p><span data-sheets-value=\"{&quot;1&quot;:2,&quot;2&quot;:&quot;Il Kick 5.0 della Bluefin \u00e8 un tapis roulant elettrico ad alta velocit\u00e0: il macchinario perfetto da aggiungere agli attrezzi della tua palestra in casa. Con il Kick 5.0 avrai un\u2019incredibile esperienza di corsa dal comfort di casa tua. Il motore \u00e8 talmente potente che pu\u00f2 raggiungere una velocit\u00e0 massima di 24 km\/h. Mettilo alla prova con i 20 livelli di inclinazione! Per cominciare l\u2019allenamento ti baster\u00e0 premere su uno dei 5 pulsanti di Velocit\u00e0 o su uno dei 5 pulsanti per l\u2019Inclinazione. Per riporlo non hai nemmeno bisogno di grandi spazi: ripiegalo e trasportalo in qualsiasi stanza della tua casa. Grazie al sistema di aero-ammortizzatori le tue articolazioni sono al sicuro passo dopo passo. Inoltre, con i sensori integrati, puoi tenere sotto controllo la tua frequenza cardiaca durante la corsa. Sullo schermo TFT da 10.1\u2019 compaiono i dati di ogni sessione d\u2019allenamento: Tempo, Velocit\u00e0, Distanza, Calorie, Battito Cardiaco e Inclinazione. Tramite Bluetooth puoi connettere il tuo smartphone o tablet all\u2019applicazione integrata Kinomap del tuo tapis roulant, cos\u00ec puoi tenere traccia di tutti i tuoi risultati.nn---Nella Scatola---n\u2022 Tapis Roulant Pieghevole Kick 5.0 della Bluefin Fitness n\u2022 Schermo TFT Touchscreen da 10.1\u2019.n\u2022 Cavo di Alimentazione Compatibile in Regno Unito e in Europan\u2022 Manuale di Istruzionin\u2022 Kit di Strumenti per la Configurazione e la Manutenzionen\u2022 Chiave di Sicurezzann--- Caratteristiche Principali ---n\u2022 Schermo TFT da 10.1\u2019n\u2022 2020 mm x 990 mm x 1490 mm (aperto)n\u2022 2060 mm x 1100 mm x 490 mm (piegato)n\u2022 Casse Bluetooth Integrate - Puoi Collegare Anche un USB o un MP3n\u2022 Sensori di Frequenza Cardiaca Integratin\u2022 12 x Programmi Automaticin\u2022 Velocit\u00e0 Massima di 24,8 km\/hn\u2022 Chiave di Sicurezza per Arresto Immediaton&quot;}\" data-sheets-userformat=\"{&quot;2&quot;:15359,&quot;3&quot;:{&quot;1&quot;:0},&quot;4&quot;:[null,2,16777215],&quot;5&quot;:{&quot;1&quot;:[{&quot;1&quot;:2,&quot;2&quot;:0,&quot;5&quot;:[null,2,0]},{&quot;1&quot;:0,&quot;2&quot;:0,&quot;3&quot;:3},{&quot;1&quot;:1,&quot;2&quot;:0,&quot;4&quot;:1}]},&quot;6&quot;:{&quot;1&quot;:[{&quot;1&quot;:2,&quot;2&quot;:0,&quot;5&quot;:[null,2,0]},{&quot;1&quot;:0,&quot;2&quot;:0,&quot;3&quot;:3},{&quot;1&quot;:1,&quot;2&quot;:0,&quot;4&quot;:1}]},&quot;7&quot;:{&quot;1&quot;:[{&quot;1&quot;:2,&quot;2&quot;:0,&quot;5&quot;:[null,2,0]},{&quot;1&quot;:0,&quot;2&quot;:0,&quot;3&quot;:3},{&quot;1&quot;:1,&quot;2&quot;:0,&quot;4&quot;:1}]},&quot;8&quot;:{&quot;1&quot;:[{&quot;1&quot;:2,&quot;2&quot;:0,&quot;5&quot;:[null,2,0]},{&quot;1&quot;:0,&quot;2&quot;:0,&quot;3&quot;:3},{&quot;1&quot;:1,&quot;2&quot;:0,&quot;4&quot;:1}]},&quot;9&quot;:0,&quot;10&quot;:1,&quot;11&quot;:4,&quot;12&quot;:0,&quot;14&quot;:[null,2,0],&quot;15&quot;:&quot;Arial&quot;,&quot;16&quot;:12}\">Il Kick 5.0 della Bluefin \u00e8 un tapis roulant elettrico ad alta velocit\u00e0: il macchinario perfetto da aggiungere agli attrezzi della tua palestra in casa. Con il Kick 5.0 avrai un\u2019incredibile esperienza di corsa nel comfort di casa tua. Il motore \u00e8 talmente potente che pu\u00f2 raggiungere una velocit\u00e0 massima di 24 km\/h. Mettiti alla prova con i 20 livelli di inclinazione! Per cominciare l\u2019allenamento ti baster\u00e0 premere su uno dei 5 pulsanti di Velocit\u00e0 o su uno dei 5 pulsanti per l\u2019Inclinazione. Per riporlo non hai nemmeno bisogno di grandi spazi: ripiegalo e trasportalo in qualsiasi stanza della tua casa. Grazie al sistema di aero-ammortizzatori le articolazioni delle tue gambe sono al sicuro passo dopo passo. Inoltre, con i sensori integrati, puoi tenere sotto controllo la frequenza cardiaca durante la corsa. Sullo schermo TFT da 10.1\u2019 compaiono i dati di ogni sessione di allenamento: Tempo, Velocit\u00e0, Distanza, Calorie, Battito Cardiaco e Inclinazione. Tramite Bluetooth puoi connettere il tuo smartphone o tablet all\u2019applicazione integrata Kinomap del Tapis Roulant, cos\u00ec puoi tenere traccia di tutti i tuoi risultati e progressi.<\/span><\/p>\n<p><strong>&#8212;Nella Scatola&#8212;<\/strong><br \/>\n\u2022 Tapis Roulant Pieghevole Kick 5.0 della Bluefin Fitness<br \/>\n\u2022 Schermo TFT Touchscreen da 10.1\u2019.<br \/>\n\u2022 Cavo di Alimentazione con presa UK ed EU<br \/>\n\u2022 Manuale delle Istruzioni<br \/>\n\u2022 Kit di Strumenti per la Configurazione e la Manutenzione<br \/>\n\u2022 Chiave di Sicurezza<\/p>\n<p><strong>&#8212; Caratteristiche Principali &#8212;<\/strong><br \/>\n\u2022 Schermo TFT da 10.1\u2019<br \/>\n\u2022 Dimensioni aperto: 2020 mm x 990 mm x 1490 mm<br \/>\n\u2022 Dimensioni piegato: 2060 mm x 1100 mm x 490 mm<br \/>\n\u2022 Casse Bluetooth Integrate &#8211; Puoi Collegare Anche un apparecchio USB o un MP3<br \/>\n\u2022 Sensori Integrati per misurare la Frequenza Cardiaca<br \/>\n\u2022 12 Programmi Automatici<br \/>\n\u2022 Velocit\u00e0 Massima di 24,8 km\/h<br \/>\n\u2022 Chiave di Sicurezza per Arresto Immediato<\/p>\n\t<div id=\"gap-1754396194\" class=\"gap-element clearfix\" style=\"display:block; height:auto;\">\n\t\t\n<style>\n#gap-1754396194 {\n  padding-top: 30px;\n}\n<\/style>\n\t<\/div>\n\t\n<div class=\"row\"  id=\"row-1390689663\">\n\n\t<div id=\"col-676947060\" class=\"col medium-4 small-12 large-4\"  >\n\t\t\t\t<div class=\"col-inner\"  >\n\t\t\t\n\t\t\t\n\t<div class=\"box has-hover   has-hover box-text-bottom\" >\n\n\t\t<div class=\"box-image\" >\n\t\t\t\t\t\t<div class=\"\" >\n\t\t\t\t<img decoding=\"async\" width=\"1501\" height=\"1501\" src=\"https:\/\/last.bluefinfitness.com\/wp-content\/uploads\/2020\/11\/Kick-5.0_IT-01.png\" class=\"attachment- size-\" alt=\"Bluefin tapis roulant elettrico ad alta velocit\u00e0\" srcset=\"https:\/\/last.bluefinfitness.com\/wp-content\/uploads\/2020\/11\/Kick-5.0_IT-01.png 1501w, https:\/\/last.bluefinfitness.com\/wp-content\/uploads\/2020\/11\/Kick-5.0_IT-01-300x300.png 300w, https:\/\/last.bluefinfitness.com\/wp-content\/uploads\/2020\/11\/Kick-5.0_IT-01-1024x1024.png 1024w, https:\/\/last.bluefinfitness.com\/wp-content\/uploads\/2020\/11\/Kick-5.0_IT-01-150x150.png 150w, https:\/\/last.bluefinfitness.com\/wp-content\/uploads\/2020\/11\/Kick-5.0_IT-01-768x768.png 768w, https:\/\/last.bluefinfitness.com\/wp-content\/uploads\/2020\/11\/Kick-5.0_IT-01-500x500.png 500w, https:\/\/last.bluefinfitness.com\/wp-content\/uploads\/2020\/11\/Kick-5.0_IT-01-100x100.png 100w\" sizes=\"(max-width: 1501px) 100vw, 1501px\" \/>\t\t\t\t\t\t\t\t\t\t\t<\/div>\n\t\t\t\t\t<\/div>\n\n\t\t<div class=\"box-text text-center\" >\n\t\t\t<div class=\"box-text-inner\">\n\t\t\t\t\n<p style=\"text-align: left;\"><strong>Compatibile con l&#8217;App Kinomap<\/strong>. Tieni traccia dei tuoi risultati! Accendi il Bluetooth, collega la tua app Kinomap Fitness al Kick 5.0 ed entra in un mondo di allenamenti senza lasciare il comfort di casa tua. Tieni alta la motivazione monitorando i tuoi progressi e vedrai che raggiungerai i tuoi obiettivi prima di quanto pensi!<\/p>\n\t\t\t<\/div>\n\t\t<\/div>\n\t<\/div>\n\t\n\t\t<\/div>\n\t\t\t\t\t<\/div>\n\n\t\n\n\t<div id=\"col-356378433\" class=\"col medium-4 small-12 large-4\"  >\n\t\t\t\t<div class=\"col-inner\"  >\n\t\t\t\n\t\t\t\n\t<div class=\"box has-hover   has-hover box-text-bottom\" >\n\n\t\t<div class=\"box-image\" >\n\t\t\t\t\t\t<div class=\"\" >\n\t\t\t\t<img decoding=\"async\" width=\"1501\" height=\"1501\" src=\"https:\/\/last.bluefinfitness.com\/wp-content\/uploads\/2020\/11\/Kick-5.0_IT-02.png\" class=\"attachment- size-\" alt=\"Bluefin tapis roulant elettrico ad alta velocit\u00e0\" srcset=\"https:\/\/last.bluefinfitness.com\/wp-content\/uploads\/2020\/11\/Kick-5.0_IT-02.png 1501w, https:\/\/last.bluefinfitness.com\/wp-content\/uploads\/2020\/11\/Kick-5.0_IT-02-300x300.png 300w, https:\/\/last.bluefinfitness.com\/wp-content\/uploads\/2020\/11\/Kick-5.0_IT-02-1024x1024.png 1024w, https:\/\/last.bluefinfitness.com\/wp-content\/uploads\/2020\/11\/Kick-5.0_IT-02-150x150.png 150w, https:\/\/last.bluefinfitness.com\/wp-content\/uploads\/2020\/11\/Kick-5.0_IT-02-768x768.png 768w, https:\/\/last.bluefinfitness.com\/wp-content\/uploads\/2020\/11\/Kick-5.0_IT-02-500x500.png 500w, https:\/\/last.bluefinfitness.com\/wp-content\/uploads\/2020\/11\/Kick-5.0_IT-02-100x100.png 100w\" sizes=\"(max-width: 1501px) 100vw, 1501px\" \/>\t\t\t\t\t\t\t\t\t\t\t<\/div>\n\t\t\t\t\t<\/div>\n\n\t\t<div class=\"box-text text-center\" >\n\t\t\t<div class=\"box-text-inner\">\n\t\t\t\t\n<p style=\"text-align: left;\"><strong>Mettiti alla Prova con i 20 Livelli di Inclinazione.<\/strong> Alzati e Inizia a Correre. Prova i 5 programmi con Inclinazione Istantanea: ti aspetta una salita con pendenza al 20%! Con il Kick 5.0 le sfide non finiscono mai. Per aumentare la resistenza ti basta semplicemente toccare un pulsante. Cosa stai aspettando? Brucia calorie come non hai mai fatto prima!<\/p>\n\t\t\t<\/div>\n\t\t<\/div>\n\t<\/div>\n\t\n\t\t<\/div>\n\t\t\t\t\t<\/div>\n\n\t\n\n\t<div id=\"col-589024561\" class=\"col medium-4 small-12 large-4\"  >\n\t\t\t\t<div class=\"col-inner\"  >\n\t\t\t\n\t\t\t\n\t<div class=\"box has-hover   has-hover box-text-bottom\" >\n\n\t\t<div class=\"box-image\" >\n\t\t\t\t\t\t<div class=\"\" >\n\t\t\t\t<img decoding=\"async\" width=\"1501\" height=\"1501\" src=\"https:\/\/last.bluefinfitness.com\/wp-content\/uploads\/2020\/11\/Kick-5.0_IT-03.png\" class=\"attachment- size-\" alt=\"Bluefin tapis roulant elettrico ad alta velocit\u00e0\" srcset=\"https:\/\/last.bluefinfitness.com\/wp-content\/uploads\/2020\/11\/Kick-5.0_IT-03.png 1501w, https:\/\/last.bluefinfitness.com\/wp-content\/uploads\/2020\/11\/Kick-5.0_IT-03-300x300.png 300w, https:\/\/last.bluefinfitness.com\/wp-content\/uploads\/2020\/11\/Kick-5.0_IT-03-1024x1024.png 1024w, https:\/\/last.bluefinfitness.com\/wp-content\/uploads\/2020\/11\/Kick-5.0_IT-03-150x150.png 150w, https:\/\/last.bluefinfitness.com\/wp-content\/uploads\/2020\/11\/Kick-5.0_IT-03-768x768.png 768w, https:\/\/last.bluefinfitness.com\/wp-content\/uploads\/2020\/11\/Kick-5.0_IT-03-500x500.png 500w, https:\/\/last.bluefinfitness.com\/wp-content\/uploads\/2020\/11\/Kick-5.0_IT-03-100x100.png 100w\" sizes=\"(max-width: 1501px) 100vw, 1501px\" \/>\t\t\t\t\t\t\t\t\t\t\t<\/div>\n\t\t\t\t\t<\/div>\n\n\t\t<div class=\"box-text text-center\" >\n\t\t\t<div class=\"box-text-inner\">\n\t\t\t\t\n<p style=\"text-align: left;\"><strong>Sistema di Ammortizzazione Avanzato e Rullo Antistatico.<\/strong> Proteggi le tue Articolazioni e Allenati Senza Far Rumore. Il Kick 5.0 \u00e8 un tapis roulant rivoluzionario che include un sistema di ben 8 ammortizzatori, proprio quello che ci vuole per ridurre notevolmente l\u2019impatto sulle articolazioni delle gambe. Il rullo antistatico \u00e8 multistrato, morbido e super silenzioso. Correre su questo tapis roulant elettrico \u00e8 meglio che allenarsi in strada.<\/p>\n\t\t\t<\/div>\n\t\t<\/div>\n\t<\/div>\n\t\n\t\t<\/div>\n\t\t\t\t\t<\/div>\n\n\t\n<\/div>\n<div class=\"row\"  id=\"row-1637998259\">\n\n\t<div id=\"col-573216284\" class=\"col medium-4 small-12 large-4\"  >\n\t\t\t\t<div class=\"col-inner\"  >\n\t\t\t\n\t\t\t\n\t<div class=\"box has-hover   has-hover box-text-bottom\" >\n\n\t\t<div class=\"box-image\" >\n\t\t\t\t\t\t<div class=\"\" >\n\t\t\t\t<img decoding=\"async\" width=\"1501\" height=\"1501\" src=\"https:\/\/last.bluefinfitness.com\/wp-content\/uploads\/2020\/11\/Kick-5.0_IT-04.png\" class=\"attachment- size-\" alt=\"Bluefin tapis roulant elettrico ad alta velocit\u00e0\" srcset=\"https:\/\/last.bluefinfitness.com\/wp-content\/uploads\/2020\/11\/Kick-5.0_IT-04.png 1501w, https:\/\/last.bluefinfitness.com\/wp-content\/uploads\/2020\/11\/Kick-5.0_IT-04-300x300.png 300w, https:\/\/last.bluefinfitness.com\/wp-content\/uploads\/2020\/11\/Kick-5.0_IT-04-1024x1024.png 1024w, https:\/\/last.bluefinfitness.com\/wp-content\/uploads\/2020\/11\/Kick-5.0_IT-04-150x150.png 150w, https:\/\/last.bluefinfitness.com\/wp-content\/uploads\/2020\/11\/Kick-5.0_IT-04-768x768.png 768w, https:\/\/last.bluefinfitness.com\/wp-content\/uploads\/2020\/11\/Kick-5.0_IT-04-500x500.png 500w, https:\/\/last.bluefinfitness.com\/wp-content\/uploads\/2020\/11\/Kick-5.0_IT-04-100x100.png 100w\" sizes=\"(max-width: 1501px) 100vw, 1501px\" \/>\t\t\t\t\t\t\t\t\t\t\t<\/div>\n\t\t\t\t\t<\/div>\n\n\t\t<div class=\"box-text text-center\" >\n\t\t\t<div class=\"box-text-inner\">\n\t\t\t\t\n<p style=\"text-align: left;\"><strong>Casse Bluetooth Integrate<\/strong>. Non perdere la concentrazione. Associa il tuo smartphone o tablet agli altoparlanti Bluetooth di alta qualit\u00e0 del Kick 5.0, fai partire la tua musica preferita e corri!<\/p>\n\t\t\t<\/div>\n\t\t<\/div>\n\t<\/div>\n\t\n\t\t<\/div>\n\t\t\t\t\t<\/div>\n\n\t\n\n\t<div id=\"col-1793390617\" class=\"col medium-4 small-12 large-4\"  >\n\t\t\t\t<div class=\"col-inner\"  >\n\t\t\t\n\t\t\t\n\t<div class=\"box has-hover   has-hover box-text-bottom\" >\n\n\t\t<div class=\"box-image\" >\n\t\t\t\t\t\t<div class=\"\" >\n\t\t\t\t<img decoding=\"async\" width=\"1501\" height=\"1501\" src=\"https:\/\/last.bluefinfitness.com\/wp-content\/uploads\/2020\/11\/Kick-5.0_IT-05.png\" class=\"attachment- size-\" alt=\"Bluefin tapis roulant elettrico ad alta velocit\u00e0\" srcset=\"https:\/\/last.bluefinfitness.com\/wp-content\/uploads\/2020\/11\/Kick-5.0_IT-05.png 1501w, https:\/\/last.bluefinfitness.com\/wp-content\/uploads\/2020\/11\/Kick-5.0_IT-05-300x300.png 300w, https:\/\/last.bluefinfitness.com\/wp-content\/uploads\/2020\/11\/Kick-5.0_IT-05-1024x1024.png 1024w, https:\/\/last.bluefinfitness.com\/wp-content\/uploads\/2020\/11\/Kick-5.0_IT-05-150x150.png 150w, https:\/\/last.bluefinfitness.com\/wp-content\/uploads\/2020\/11\/Kick-5.0_IT-05-768x768.png 768w, https:\/\/last.bluefinfitness.com\/wp-content\/uploads\/2020\/11\/Kick-5.0_IT-05-500x500.png 500w, https:\/\/last.bluefinfitness.com\/wp-content\/uploads\/2020\/11\/Kick-5.0_IT-05-100x100.png 100w\" sizes=\"(max-width: 1501px) 100vw, 1501px\" \/>\t\t\t\t\t\t\t\t\t\t\t<\/div>\n\t\t\t\t\t<\/div>\n\n\t\t<div class=\"box-text text-center\" >\n\t\t\t<div class=\"box-text-inner\">\n\t\t\t\t\n<p style=\"text-align: left;\"><strong>Sensori di Frequenza Cardiaca e Display LCD<\/strong>. Tieni tutto sotto controllo. Con il Kick 5.0 puoi personalizzare al massimo il tuo allenamento. Grazie ai sensori di frequenza cardiaca puoi ricevere una lettura accurata dei tuoi battiti: pi\u00f9 \u00e8 intenso il tuo allenamento e pi\u00f9 i risultati non tarderanno ad arrivare. Senza dimenticare la chiave di sicurezza e il display LCD da cui puoi monitorare i dati di ogni sessione d\u2019allenamento: distanza percorsa, tempo, velocit\u00e0, inclinazione e tanto altro.<\/p>\n\t\t\t<\/div>\n\t\t<\/div>\n\t<\/div>\n\t\n\t\t<\/div>\n\t\t\t\t\t<\/div>\n\n\t\n\n\t<div id=\"col-639528311\" class=\"col medium-4 small-12 large-4\"  >\n\t\t\t\t<div class=\"col-inner\"  >\n\t\t\t\n\t\t\t\n\t<div class=\"box has-hover   has-hover box-text-bottom\" >\n\n\t\t<div class=\"box-image\" >\n\t\t\t\t\t\t<div class=\"\" >\n\t\t\t\t<img decoding=\"async\" width=\"1501\" height=\"1501\" src=\"https:\/\/last.bluefinfitness.com\/wp-content\/uploads\/2020\/11\/Kick-5.0_IT-06.png\" class=\"attachment- size-\" alt=\"Bluefin tapis roulant elettrico ad alta velocit\u00e0\" srcset=\"https:\/\/last.bluefinfitness.com\/wp-content\/uploads\/2020\/11\/Kick-5.0_IT-06.png 1501w, https:\/\/last.bluefinfitness.com\/wp-content\/uploads\/2020\/11\/Kick-5.0_IT-06-300x300.png 300w, https:\/\/last.bluefinfitness.com\/wp-content\/uploads\/2020\/11\/Kick-5.0_IT-06-1024x1024.png 1024w, https:\/\/last.bluefinfitness.com\/wp-content\/uploads\/2020\/11\/Kick-5.0_IT-06-150x150.png 150w, https:\/\/last.bluefinfitness.com\/wp-content\/uploads\/2020\/11\/Kick-5.0_IT-06-768x768.png 768w, https:\/\/last.bluefinfitness.com\/wp-content\/uploads\/2020\/11\/Kick-5.0_IT-06-500x500.png 500w, https:\/\/last.bluefinfitness.com\/wp-content\/uploads\/2020\/11\/Kick-5.0_IT-06-100x100.png 100w\" sizes=\"(max-width: 1501px) 100vw, 1501px\" \/>\t\t\t\t\t\t\t\t\t\t\t<\/div>\n\t\t\t\t\t<\/div>\n\n\t\t<div class=\"box-text text-center\" >\n\t\t\t<div class=\"box-text-inner\">\n\t\t\t\t\n<p style=\"text-align: left;\"><strong>Facile da Riporre.<\/strong> Solleva e piega. Il rullo del tapis roulant si solleva e si ripiega facilmente per darti la possibilit\u00e0 di riporlo anche negli spazi pi\u00f9 piccoli. Il braccio idraulico, robusto e resistente, si fissa in posizione e grazie al sistema \u201cPremi e Rilascia\u201d basta un tocco per riaprirlo di nuovo. Inoltre, grazie alle comode ruote integrate, puoi trasportarlo in qualsiasi stanza della tua casa.<\/p>\n\t\t\t<\/div>\n\t\t<\/div>\n\t<\/div>\n\t\n\t\t<\/div>\n\t\t\t\t\t<\/div>\n\n\t\n\n\t<div id=\"col-358737769\" class=\"col medium-4 small-12 large-4\"  >\n\t\t\t\t<div class=\"col-inner\"  >\n\t\t\t\n\t\t\t\n\t<div class=\"box has-hover   has-hover box-text-bottom\" >\n\n\t\t<div class=\"box-image\" >\n\t\t\t\t\t\t<div class=\"\" >\n\t\t\t\t<img decoding=\"async\" width=\"1501\" height=\"1501\" src=\"https:\/\/last.bluefinfitness.com\/wp-content\/uploads\/2020\/11\/Kick-5.0_IT-07.png\" class=\"attachment- size-\" alt=\"Bluefin tapis roulant elettrico ad alta velocit\u00e0\" srcset=\"https:\/\/last.bluefinfitness.com\/wp-content\/uploads\/2020\/11\/Kick-5.0_IT-07.png 1501w, https:\/\/last.bluefinfitness.com\/wp-content\/uploads\/2020\/11\/Kick-5.0_IT-07-300x300.png 300w, https:\/\/last.bluefinfitness.com\/wp-content\/uploads\/2020\/11\/Kick-5.0_IT-07-1024x1024.png 1024w, https:\/\/last.bluefinfitness.com\/wp-content\/uploads\/2020\/11\/Kick-5.0_IT-07-150x150.png 150w, https:\/\/last.bluefinfitness.com\/wp-content\/uploads\/2020\/11\/Kick-5.0_IT-07-768x768.png 768w, https:\/\/last.bluefinfitness.com\/wp-content\/uploads\/2020\/11\/Kick-5.0_IT-07-500x500.png 500w, https:\/\/last.bluefinfitness.com\/wp-content\/uploads\/2020\/11\/Kick-5.0_IT-07-100x100.png 100w\" sizes=\"(max-width: 1501px) 100vw, 1501px\" \/>\t\t\t\t\t\t\t\t\t\t\t<\/div>\n\t\t\t\t\t<\/div>\n\n\t\t<div class=\"box-text text-center\" >\n\t\t\t<div class=\"box-text-inner\">\n\t\t\t\t\n<p style=\"text-align: left;\"><strong>Dimensioni e Misure<\/strong>. Il tapis roulant perfetto per tutte le tue esigenze e gli spazi che hai a disposizione. Il Kick 5.0 misura 1100 mm x 2060 mm x 550 mm.<\/p>\n\t\t\t<\/div>\n\t\t<\/div>\n\t<\/div>\n\t\n\t\t<\/div>\n\t\t\t\t\t<\/div>\n\n\t\n\n\t<div id=\"col-941906656\" class=\"col medium-4 small-12 large-4\"  >\n\t\t\t\t<div class=\"col-inner\"  >\n\t\t\t\n\t\t\t\n\t<div class=\"box has-hover   has-hover box-text-bottom\" >\n\n\t\t<div class=\"box-image\" >\n\t\t\t\t\t\t<div class=\"\" >\n\t\t\t\t<img decoding=\"async\" width=\"1501\" height=\"1501\" src=\"https:\/\/last.bluefinfitness.com\/wp-content\/uploads\/2020\/11\/Kick-5.0_IT-08.png\" class=\"attachment- size-\" alt=\"Bluefin tapis roulant elettrico ad alta velocit\u00e0\" srcset=\"https:\/\/last.bluefinfitness.com\/wp-content\/uploads\/2020\/11\/Kick-5.0_IT-08.png 1501w, https:\/\/last.bluefinfitness.com\/wp-content\/uploads\/2020\/11\/Kick-5.0_IT-08-300x300.png 300w, https:\/\/last.bluefinfitness.com\/wp-content\/uploads\/2020\/11\/Kick-5.0_IT-08-1024x1024.png 1024w, https:\/\/last.bluefinfitness.com\/wp-content\/uploads\/2020\/11\/Kick-5.0_IT-08-150x150.png 150w, https:\/\/last.bluefinfitness.com\/wp-content\/uploads\/2020\/11\/Kick-5.0_IT-08-768x768.png 768w, https:\/\/last.bluefinfitness.com\/wp-content\/uploads\/2020\/11\/Kick-5.0_IT-08-500x500.png 500w, https:\/\/last.bluefinfitness.com\/wp-content\/uploads\/2020\/11\/Kick-5.0_IT-08-100x100.png 100w\" sizes=\"(max-width: 1501px) 100vw, 1501px\" \/>\t\t\t\t\t\t\t\t\t\t\t<\/div>\n\t\t\t\t\t<\/div>\n\n\t\t<div class=\"box-text text-center\" >\n\t\t\t<div class=\"box-text-inner\">\n\t\t\t\t\n<p style=\"text-align: left;\"><strong>Ampia Superficie di Corsa.<\/strong> Ampio e Sicuro. La superficie di corsa misura 1400 mm x 490 mm. Grazie a tutto questo spazio puoi allenarti su questo macchinario anche con le tue falcate pi\u00f9 lunghe.<\/p>\n\t\t\t<\/div>\n\t\t<\/div>\n\t<\/div>\n\t\n\t\t<\/div>\n\t\t\t\t\t<\/div>\n\n\t\n\n\t<div id=\"col-404297684\" class=\"col medium-4 small-12 large-4\"  >\n\t\t\t\t<div class=\"col-inner\"  >\n\t\t\t\n\t\t\t\n\t<div class=\"box has-hover   has-hover box-text-bottom\" >\n\n\t\t<div class=\"box-image\" >\n\t\t\t\t\t\t<div class=\"\" >\n\t\t\t\t<img decoding=\"async\" width=\"1501\" height=\"1501\" src=\"https:\/\/last.bluefinfitness.com\/wp-content\/uploads\/2020\/11\/Kick-5.0_IT-09.png\" class=\"attachment- size-\" alt=\"Bluefin tapis roulant elettrico ad alta velocit\u00e0\" srcset=\"https:\/\/last.bluefinfitness.com\/wp-content\/uploads\/2020\/11\/Kick-5.0_IT-09.png 1501w, https:\/\/last.bluefinfitness.com\/wp-content\/uploads\/2020\/11\/Kick-5.0_IT-09-300x300.png 300w, https:\/\/last.bluefinfitness.com\/wp-content\/uploads\/2020\/11\/Kick-5.0_IT-09-1024x1024.png 1024w, https:\/\/last.bluefinfitness.com\/wp-content\/uploads\/2020\/11\/Kick-5.0_IT-09-150x150.png 150w, https:\/\/last.bluefinfitness.com\/wp-content\/uploads\/2020\/11\/Kick-5.0_IT-09-768x768.png 768w, https:\/\/last.bluefinfitness.com\/wp-content\/uploads\/2020\/11\/Kick-5.0_IT-09-500x500.png 500w, https:\/\/last.bluefinfitness.com\/wp-content\/uploads\/2020\/11\/Kick-5.0_IT-09-100x100.png 100w\" sizes=\"(max-width: 1501px) 100vw, 1501px\" \/>\t\t\t\t\t\t\t\t\t\t\t<\/div>\n\t\t\t\t\t<\/div>\n\n\t\t<div class=\"box-text text-center\" >\n\t\t\t<div class=\"box-text-inner\">\n\t\t\t\t\n<p style=\"text-align: left;\"><strong>Tapis Roulant Kick 5.0 della Bluefin Fitness<\/strong>.<\/p>\n<p style=\"text-align: left;\">Un Tapis Roulant Elettrico ad Alte Prestazioni: il Kick 5.0 \u00e8 il macchinario da palestra ideale per allenarti in casa. Con la sua velocit\u00e0 massima di 24 km\/h, una pendenza del 20% e i 12 programmi di allenamento integrati, il Kick \u00e8 sinonimo di professionalit\u00e0 e alta qualit\u00e0.<\/p>\n\t\t\t<\/div>\n\t\t<\/div>\n\t<\/div>\n\t\n\t\t<\/div>\n\t\t\t\t\t<\/div>\n\n\t\n<\/div>\n","protected":false},"excerpt":{"rendered":"<ul>\n<li><strong>LA TUA PALESTRA IN CASA? SOLO CON ATTREZZI AFFIDABILI<\/strong> \u2013 Creato per l&#8217;allenamento agonistico, questo Tapis Roulant professionale raggiunge una velocit\u00e0 massima di 24 km\/h. Con i 20 livelli di inclinazione raggiungerai i tuoi obiettivi in un batter d&#8217;occhio.<\/li>\n<li><strong>KINOMAP INTEGRATA<\/strong> \u2013 Aggiungi un pizzico di competizione ai tuoi allenamenti da casa con l&#8217;app Kinomap. Circuiti di allenamento, corsi, coach live, troverai sicuramente ci\u00f2 che non ti far\u00e0 mai perdere la motivazione.<\/li>\n<li><strong>12 MESI DI GARANZIA<\/strong> \u2013 Ne siamo certi: il nostro tapis roulant \u00e8 super affidabile, ma se dovessi avere qualunque tipo di problema tecnico entro i primi 12 mesi di utilizzo, li risolveremo gratuitamente.<\/li>\n<li><strong>GINOCCHIA E ARTICOLAZIONI AL SICURO<\/strong> \u2013 Grazie a un sistema avanzato con 8 ammortizzatori integrati non corri alcun pericolo. L&#8217;impatto sulle articolazioni \u00e8 ridotto al minimo: con il nostro Tapis Roulant ogni passo sar\u00e0 pi\u00f9 fluido e sicuro che mai.<\/li>\n<li><strong>ATTREZZI DA PALESTRA PER ALLENARTI IN CASA<\/strong> \u2013 Non hai bisogno di grandi spazi per riporre attrezzi da palestra come i nostri: con il sistema &#8220;Premi e Rilascia&#8221; l&#8217;ingombro \u00e8 sempre ridotto al minimo. Sullo schermo TFT da 10.1&#8242; puoi tenere tutto sotto controllo.<\/li>\n<\/ul>\n","protected":false},"featured_media":645782,"comment_status":"open","ping_status":"closed","template":"","meta":[],"product_cat":[1011],"product_tag":[],"_links":{"self":[{"href":"https:\/\/last.bluefinfitness.com\/it\/wp-json\/wp\/v2\/product\/190705"}],"collection":[{"href":"https:\/\/last.bluefinfitness.com\/it\/wp-json\/wp\/v2\/product"}],"about":[{"href":"https:\/\/last.bluefinfitness.com\/it\/wp-json\/wp\/v2\/types\/product"}],"replies":[{"embeddable":true,"href":"https:\/\/last.bluefinfitness.com\/it\/wp-json\/wp\/v2\/comments?post=190705"}],"wp:featuredmedia":[{"embeddable":true,"href":"https:\/\/last.bluefinfitness.com\/it\/wp-json\/wp\/v2\/media\/645782"}],"wp:attachment":[{"href":"https:\/\/last.bluefinfitness.com\/it\/wp-json\/wp\/v2\/media?parent=190705"}],"wp:term":[{"taxonomy":"product_cat","embeddable":true,"href":"https:\/\/last.bluefinfitness.com\/it\/wp-json\/wp\/v2\/product_cat?post=190705"},{"taxonomy":"product_tag","embeddable":true,"href":"https:\/\/last.bluefinfitness.com\/it\/wp-json\/wp\/v2\/product_tag?post=190705"}],"curies":[{"name":"wp","href":"https:\/\/api.w.org\/{rel}","templated":true}]}}