{"id":200752,"date":"2020-11-24T15:13:53","date_gmt":"2020-11-24T15:13:53","guid":{"rendered":"https:\/\/www.bluefinfitness.com\/water-rower\/"},"modified":"2022-05-11T22:32:59","modified_gmt":"2022-05-11T22:32:59","slug":"vogatore-ad-acqua-web-exclusive","status":"publish","type":"product","link":"https:\/\/last.bluefinfitness.com\/it\/vogatore-ad-acqua-web-exclusive\/","title":{"rendered":"Vogatore Bluefin Blade Aqua W-1"},"content":{"rendered":"<p><span data-sheets-value=\"{&quot;1&quot;:2,&quot;2&quot;:&quot;Aqua W-1 della Bluefin \u00e8 il vogatore ad acqua che stavi cercando per completare la tua palestra in casa. Grazie alla resistenza ad acqua ti sembrer\u00e0 di remare davvero! Realizzato in frassino americano di alta qualit\u00e0, questo macchinario da palestra \u00e8 100% sostenibile. Con il sistema a Doppia Camera d\u2019Acqua e la resistenza regolabile puoi aumentare o diminuire l\u2019intensit\u00e0 dei tuoi allenamenti. E non \u00e8 tutto: il suono rilassante dell\u2019acqua e i movimenti estremamente fluidi creano un\u2019autentica esperienza di canottaggio. Non hai bisogno di stanze enormi: Aqua Blade \u00e8 un vogatore pieghevole che puoi riporre anche negli spazi pi\u00f9 stretti. Inoltre, puoi tenere d\u2019occhio la tua frequenza cardiaca durante l\u2019allenamento e assicurarti di dare il massimo. Senza dimenticare la pompa elettrica: un grande aiuto per riempire rapidamente il serbatoio dell\u2019acqua. Sullo schermo digitale LCD compaiono i dati di ogni sessione d\u2019allenamento: Tempo, Velocit\u00e0, Distanza, Calorie e Frequenza Cardiaca. Tramite Bluetooth puoi connettere il tuo smartphone o tablet all\u2019applicazione integrata Kinomap del tuo vogatore ad acqua e tenere traccia di tutti i tuoi risultati.nn---Nella Scatola---n\u2022 Vogatore ad Acqua Blade Aqua W-1 della Bluefin Fitnessn\u2022 Schermo Digitale LCDn\u2022 Pompa Elettrican\u2022 Manuale di Istruzionin\u2022 Kit di Strumenti per il Montaggio e la Manutenzionenn--- Caratteristiche Principali ---n\u2022 Realizzato in Frassino Americanon\u2022 Resistenza ad Acquan\u2022 Sistema di Serbatoi a Doppia Cameran\u2022 Innovativo Design Pieghevole 114,5 cm x 52,0 cm x 67,0 cmn\u2022 Applicazione Kinomap per Smartphone\/Tablet con Programmi &amp; Allenamenti Inclusin\u2022 Schermo Digitale LCDn\u2022 Movimenti Fluidi &amp; Realisticin\u2022 Manubrio Ergonomicon\u2022 Pedali Sicuri &amp; Antiscivolon\u2022 Sedile di Appoggio Imbottiton\u2022 Supporto per Tabletn\u2022 Pompa Elettrica per l\u2019Acqua&quot;}\" data-sheets-userformat=\"{&quot;2&quot;:13245,&quot;3&quot;:{&quot;1&quot;:0},&quot;5&quot;:{&quot;1&quot;:[{&quot;1&quot;:2,&quot;2&quot;:0,&quot;5&quot;:[null,2,0]},{&quot;1&quot;:0,&quot;2&quot;:0,&quot;3&quot;:3},{&quot;1&quot;:1,&quot;2&quot;:0,&quot;4&quot;:1}]},&quot;6&quot;:{&quot;1&quot;:[{&quot;1&quot;:2,&quot;2&quot;:0,&quot;5&quot;:[null,2,0]},{&quot;1&quot;:0,&quot;2&quot;:0,&quot;3&quot;:3},{&quot;1&quot;:1,&quot;2&quot;:0,&quot;4&quot;:1}]},&quot;7&quot;:{&quot;1&quot;:[{&quot;1&quot;:2,&quot;2&quot;:0,&quot;5&quot;:[null,2,0]},{&quot;1&quot;:0,&quot;2&quot;:0,&quot;3&quot;:3},{&quot;1&quot;:1,&quot;2&quot;:0,&quot;4&quot;:1}]},&quot;8&quot;:{&quot;1&quot;:[{&quot;1&quot;:2,&quot;2&quot;:0,&quot;5&quot;:[null,2,0]},{&quot;1&quot;:0,&quot;2&quot;:0,&quot;3&quot;:3},{&quot;1&quot;:1,&quot;2&quot;:0,&quot;4&quot;:1}]},&quot;10&quot;:1,&quot;11&quot;:4,&quot;12&quot;:0,&quot;15&quot;:&quot;Arial&quot;,&quot;16&quot;:12}\">Aqua W-1 della Bluefin \u00e8 il vogatore ad acqua che stavi cercando per completare la tua palestra casalinga. Grazie alla resistenza ad acqua ti sembrer\u00e0 di remare davvero! Realizzato in frassino americano di alta qualit\u00e0, questo macchinario da palestra \u00e8 100% sostenibile. Con il sistema a Doppia Camera d\u2019Acqua e la resistenza regolabile puoi aumentare o diminuire l\u2019intensit\u00e0 dei tuoi allenamenti. E non \u00e8 tutto: il suono rilassante dell\u2019acqua e i movimenti estremamente fluidi creano un\u2019autentica esperienza di canottaggio. Non hai bisogno di una stanza enorme: Aqua Blade \u00e8 un vogatore pieghevole che puoi riporre anche in spazi ristretti. Inoltre, puoi tenere d\u2019occhio la tua frequenza cardiaca durante l\u2019allenamento e assicurarti di dare sempre il massimo. Senza dimenticare la pompa elettrica: un grande aiuto per riempire rapidamente il serbatoio dell\u2019acqua. Sullo schermo digitale LCD compaiono i dati di ogni sessione di allenamento: Tempo, Velocit\u00e0, Distanza, Calorie e Frequenza Cardiaca. Tramite Bluetooth puoi connettere il tuo smartphone o tablet all\u2019applicazione integrata Kinomap del tuo vogatore ad acqua e tenere traccia di tutti i tuoi risultati e progressi.<\/span><\/p>\n<p><strong>&#8212; Nella Scatola &#8212;<\/strong><br \/>\n\u2022 Vogatore ad Acqua Blade Aqua W-1 della Bluefin Fitness<br \/>\n\u2022 Schermo Digitale LCD<br \/>\n\u2022 Pompa Elettrica<br \/>\n\u2022 Manuale delle Istruzioni<br \/>\n\u2022 Kit di Strumenti per il Montaggio e la Manutenzione<\/p>\n<p><strong>&#8212; Caratteristiche Principali &#8212;<\/strong><br \/>\n\u2022 Realizzato in Frassino Americano<br \/>\n\u2022 Resistenza ad Acqua<br \/>\n\u2022 Sistema di Serbatoi a Doppia Camera<br \/>\n\u2022 Innovativo Design Pieghevole 114,5 cm x 52,0 cm x 67,0 cm<br \/>\n\u2022 Applicazione Kinomap per Smartphone\/Tablet con Programmi e Allenamenti Inclusi<br \/>\n\u2022 Schermo Digitale LCD<br \/>\n\u2022 Movimenti Fluidi e Realistici<br \/>\n\u2022 Manubrio Ergonomico<br \/>\n\u2022 Pedali Sicuri e Antiscivolo<br \/>\n\u2022 Sedile di Appoggio Imbottito<br \/>\n\u2022 Supporto per Smartphone\/Tablet<br \/>\n\u2022 Pompa Elettrica per l\u2019Acqua<\/p>\n\t<div id=\"gap-1154501197\" class=\"gap-element clearfix\" style=\"display:block; height:auto;\">\n\t\t\n<style>\n#gap-1154501197 {\n  padding-top: 30px;\n}\n<\/style>\n\t<\/div>\n\t\n<div class=\"row\"  id=\"row-1806963537\">\n\n\t<div id=\"col-1244911822\" class=\"col medium-4 small-12 large-4\"  >\n\t\t\t\t<div class=\"col-inner\"  >\n\t\t\t\n\t\t\t\n\t<div class=\"box has-hover   has-hover box-text-bottom\" >\n\n\t\t<div class=\"box-image\" >\n\t\t\t\t\t\t<div class=\"\" >\n\t\t\t\t<img decoding=\"async\" width=\"1001\" height=\"1001\" src=\"https:\/\/last.bluefinfitness.com\/wp-content\/uploads\/2020\/11\/Blade-Aqua_IT-02.png\" class=\"attachment- size-\" alt=\"Bluefin vogatore ad acqua\" srcset=\"https:\/\/last.bluefinfitness.com\/wp-content\/uploads\/2020\/11\/Blade-Aqua_IT-02.png 1001w, https:\/\/last.bluefinfitness.com\/wp-content\/uploads\/2020\/11\/Blade-Aqua_IT-02-300x300.png 300w, https:\/\/last.bluefinfitness.com\/wp-content\/uploads\/2020\/11\/Blade-Aqua_IT-02-150x150.png 150w, https:\/\/last.bluefinfitness.com\/wp-content\/uploads\/2020\/11\/Blade-Aqua_IT-02-768x768.png 768w, https:\/\/last.bluefinfitness.com\/wp-content\/uploads\/2020\/11\/Blade-Aqua_IT-02-500x500.png 500w, https:\/\/last.bluefinfitness.com\/wp-content\/uploads\/2020\/11\/Blade-Aqua_IT-02-100x100.png 100w\" sizes=\"(max-width: 1001px) 100vw, 1001px\" \/>\t\t\t\t\t\t\t\t\t\t\t<\/div>\n\t\t\t\t\t<\/div>\n\n\t\t<div class=\"box-text text-center\" >\n\t\t\t<div class=\"box-text-inner\">\n\t\t\t\t\n<p style=\"text-align: left;\"><strong>Compatibile con l&#8217;App Kinomap.<\/strong> Tieni traccia dei risultati che ottieni! Accendi il Bluetooth, collega la tua app Kinomap Fitness a Blade Aqua W-1 ed entra in un mondo di allenamenti. Tieni alta la motivazione monitorando i tuoi progressi e vedrai che raggiungerai i tuoi obiettivi prima di quanto pensi!<\/p>\n\t\t\t<\/div>\n\t\t<\/div>\n\t<\/div>\n\t\n\t\t<\/div>\n\t\t\t\t\t<\/div>\n\n\t\n\n\t<div id=\"col-460986817\" class=\"col medium-4 small-12 large-4\"  >\n\t\t\t\t<div class=\"col-inner\"  >\n\t\t\t\n\t\t\t\n\t<div class=\"box has-hover   has-hover box-text-bottom\" >\n\n\t\t<div class=\"box-image\" >\n\t\t\t\t\t\t<div class=\"\" >\n\t\t\t\t<img decoding=\"async\" width=\"1001\" height=\"1000\" src=\"https:\/\/last.bluefinfitness.com\/wp-content\/uploads\/2020\/11\/Blade-Aqua_IT-03.png\" class=\"attachment- size-\" alt=\"Bluefin vogatore ad acqua\" srcset=\"https:\/\/last.bluefinfitness.com\/wp-content\/uploads\/2020\/11\/Blade-Aqua_IT-03.png 1001w, https:\/\/last.bluefinfitness.com\/wp-content\/uploads\/2020\/11\/Blade-Aqua_IT-03-300x300.png 300w, https:\/\/last.bluefinfitness.com\/wp-content\/uploads\/2020\/11\/Blade-Aqua_IT-03-150x150.png 150w, https:\/\/last.bluefinfitness.com\/wp-content\/uploads\/2020\/11\/Blade-Aqua_IT-03-768x767.png 768w, https:\/\/last.bluefinfitness.com\/wp-content\/uploads\/2020\/11\/Blade-Aqua_IT-03-500x500.png 500w, https:\/\/last.bluefinfitness.com\/wp-content\/uploads\/2020\/11\/Blade-Aqua_IT-03-100x100.png 100w\" sizes=\"(max-width: 1001px) 100vw, 1001px\" \/>\t\t\t\t\t\t\t\t\t\t\t<\/div>\n\t\t\t\t\t<\/div>\n\n\t\t<div class=\"box-text text-center\" >\n\t\t\t<div class=\"box-text-inner\">\n\t\t\t\t\n<p style=\"text-align: left;\"><strong>Sfida la Forza dell\u2019Acqua.<\/strong> Porta il canottaggio a casa tua senza l&#8217;inconveniente dell&#8217;acqua. Grazie all\u2019incredibile Sistema di Serbatoi a Doppia Camera e alla resistenza regolabile, puoi aumentare o diminuire l\u2019intensit\u00e0 dei tuoi allenamenti secondo le tue esigenze. Con Blade Aqua potrai migliorare la tua salute cardiovascolare e perfezionare le tue tecniche di canottaggio comodamente dal salotto di casa.<\/p>\n\t\t\t<\/div>\n\t\t<\/div>\n\t<\/div>\n\t\n\t\t<\/div>\n\t\t\t\t\t<\/div>\n\n\t\n\n\t<div id=\"col-100857879\" class=\"col medium-4 small-12 large-4\"  >\n\t\t\t\t<div class=\"col-inner\"  >\n\t\t\t\n\t\t\t\n\t<div class=\"box has-hover   has-hover box-text-bottom\" >\n\n\t\t<div class=\"box-image\" >\n\t\t\t\t\t\t<div class=\"\" >\n\t\t\t\t<img decoding=\"async\" width=\"1001\" height=\"1000\" src=\"https:\/\/last.bluefinfitness.com\/wp-content\/uploads\/2020\/11\/Blade-Aqua_IT-04.png\" class=\"attachment- size-\" alt=\"Bluefin vogatore ad acqua\" srcset=\"https:\/\/last.bluefinfitness.com\/wp-content\/uploads\/2020\/11\/Blade-Aqua_IT-04.png 1001w, https:\/\/last.bluefinfitness.com\/wp-content\/uploads\/2020\/11\/Blade-Aqua_IT-04-300x300.png 300w, https:\/\/last.bluefinfitness.com\/wp-content\/uploads\/2020\/11\/Blade-Aqua_IT-04-150x150.png 150w, https:\/\/last.bluefinfitness.com\/wp-content\/uploads\/2020\/11\/Blade-Aqua_IT-04-768x767.png 768w, https:\/\/last.bluefinfitness.com\/wp-content\/uploads\/2020\/11\/Blade-Aqua_IT-04-500x500.png 500w, https:\/\/last.bluefinfitness.com\/wp-content\/uploads\/2020\/11\/Blade-Aqua_IT-04-100x100.png 100w\" sizes=\"(max-width: 1001px) 100vw, 1001px\" \/>\t\t\t\t\t\t\t\t\t\t\t<\/div>\n\t\t\t\t\t<\/div>\n\n\t\t<div class=\"box-text text-center\" >\n\t\t\t<div class=\"box-text-inner\">\n\t\t\t\t\n<p style=\"text-align: left;\"><strong>Allenamenti Efficaci e Completi<\/strong>. Tonifica i muscoli e allena la resistenza. Utilizzare Aqua Blade significa includere dei movimenti continui e regolari nel tuo allenamento e questo non pu\u00f2 far altro che migliorare le tue prestazioni. Appena sentirai i suoni rilassanti dell\u2019acqua ti sembrer\u00e0 di partecipare a una competizione di canottaggio! I pedali antiscivolo, il manubrio ergonomico e il sedile di appoggio imbottito sono quei dettagli in pi\u00f9 che rendono il tuo allenamento piacevole e sicuro.<\/p>\n\t\t\t<\/div>\n\t\t<\/div>\n\t<\/div>\n\t\n\t\t<\/div>\n\t\t\t\t\t<\/div>\n\n\t\n<\/div>\n<div class=\"row\"  id=\"row-1039134215\">\n\n\t<div id=\"col-956222068\" class=\"col medium-4 small-12 large-4\"  >\n\t\t\t\t<div class=\"col-inner\"  >\n\t\t\t\n\t\t\t\n\t<div class=\"box has-hover   has-hover box-text-bottom\" >\n\n\t\t<div class=\"box-image\" >\n\t\t\t\t\t\t<div class=\"\" >\n\t\t\t\t<img decoding=\"async\" width=\"1000\" height=\"1000\" src=\"https:\/\/last.bluefinfitness.com\/wp-content\/uploads\/2020\/11\/Blade-Aqua_IT-05.png\" class=\"attachment- size-\" alt=\"Bluefin vogatore ad acqua\" srcset=\"https:\/\/last.bluefinfitness.com\/wp-content\/uploads\/2020\/11\/Blade-Aqua_IT-05.png 1000w, https:\/\/last.bluefinfitness.com\/wp-content\/uploads\/2020\/11\/Blade-Aqua_IT-05-300x300.png 300w, https:\/\/last.bluefinfitness.com\/wp-content\/uploads\/2020\/11\/Blade-Aqua_IT-05-150x150.png 150w, https:\/\/last.bluefinfitness.com\/wp-content\/uploads\/2020\/11\/Blade-Aqua_IT-05-768x768.png 768w, https:\/\/last.bluefinfitness.com\/wp-content\/uploads\/2020\/11\/Blade-Aqua_IT-05-500x500.png 500w, https:\/\/last.bluefinfitness.com\/wp-content\/uploads\/2020\/11\/Blade-Aqua_IT-05-100x100.png 100w\" sizes=\"(max-width: 1000px) 100vw, 1000px\" \/>\t\t\t\t\t\t\t\t\t\t\t<\/div>\n\t\t\t\t\t<\/div>\n\n\t\t<div class=\"box-text text-center\" >\n\t\t\t<div class=\"box-text-inner\">\n\t\t\t\t\n<p style=\"text-align: left;\"><strong>Facile da Riporre.<\/strong> Solleva e piega. Solleva il vogatore, ripiegalo senza alcuno sforzo e riponilo anche negli spazi pi\u00f9 piccoli. Inoltre, grazie alle comode ruote integrate, puoi trasportarlo in qualsiasi stanza della tua casa senza doverlo sollevare.<\/p>\n\t\t\t<\/div>\n\t\t<\/div>\n\t<\/div>\n\t\n\t\t<\/div>\n\t\t\t\t\t<\/div>\n\n\t\n\n\t<div id=\"col-1799558759\" class=\"col medium-4 small-12 large-4\"  >\n\t\t\t\t<div class=\"col-inner\"  >\n\t\t\t\n\t\t\t\n\t<div class=\"box has-hover   has-hover box-text-bottom\" >\n\n\t\t<div class=\"box-image\" >\n\t\t\t\t\t\t<div class=\"\" >\n\t\t\t\t<img decoding=\"async\" width=\"1001\" height=\"1001\" src=\"https:\/\/last.bluefinfitness.com\/wp-content\/uploads\/2020\/11\/Blade-Aqua_IT-06.png\" class=\"attachment- size-\" alt=\"Bluefin vogatore ad acqua\" srcset=\"https:\/\/last.bluefinfitness.com\/wp-content\/uploads\/2020\/11\/Blade-Aqua_IT-06.png 1001w, https:\/\/last.bluefinfitness.com\/wp-content\/uploads\/2020\/11\/Blade-Aqua_IT-06-300x300.png 300w, https:\/\/last.bluefinfitness.com\/wp-content\/uploads\/2020\/11\/Blade-Aqua_IT-06-150x150.png 150w, https:\/\/last.bluefinfitness.com\/wp-content\/uploads\/2020\/11\/Blade-Aqua_IT-06-768x768.png 768w, https:\/\/last.bluefinfitness.com\/wp-content\/uploads\/2020\/11\/Blade-Aqua_IT-06-500x500.png 500w, https:\/\/last.bluefinfitness.com\/wp-content\/uploads\/2020\/11\/Blade-Aqua_IT-06-100x100.png 100w\" sizes=\"(max-width: 1001px) 100vw, 1001px\" \/>\t\t\t\t\t\t\t\t\t\t\t<\/div>\n\t\t\t\t\t<\/div>\n\n\t\t<div class=\"box-text text-center\" >\n\t\t\t<div class=\"box-text-inner\">\n\t\t\t\t\n<p style=\"text-align: left;\"><strong>Funzionalit\u00e0 Utili e Pratiche<\/strong>. Tieni d\u2019occhio i tuoi risultati e i tuoi progressi. Il Blade Aqua W-1 \u00e8 un vogatore per la casa che non ha nulla da invidiare ai macchinari professionali e, infatti, comprende tutte le opzioni necessarie per personalizzare al massimo i tuoi allenamenti. Con il display LCD puoi monitorare con precisione i dati di ogni sessione di allenamento: distanza, tempo, velocit\u00e0 e tanto altro. Senza dimenticare la pompa elettrica con cui puoi aggiungere rapidamente acqua al serbatoio. Ricorda: pi\u00f9 ne aggiungi, maggiore \u00e8 la resistenza della vogata!<\/p>\n\t\t\t<\/div>\n\t\t<\/div>\n\t<\/div>\n\t\n\t\t<\/div>\n\t\t\t\t\t<\/div>\n\n\t\n\n\t<div id=\"col-1739168032\" class=\"col medium-4 small-12 large-4\"  >\n\t\t\t\t<div class=\"col-inner\"  >\n\t\t\t\n\t\t\t\n\t<div class=\"box has-hover   has-hover box-text-bottom\" >\n\n\t\t<div class=\"box-image\" >\n\t\t\t\t\t\t<div class=\"\" >\n\t\t\t\t<img decoding=\"async\" width=\"1001\" height=\"1001\" src=\"https:\/\/last.bluefinfitness.com\/wp-content\/uploads\/2020\/11\/Blade-Aqua_IT-07.png\" class=\"attachment- size-\" alt=\"Bluefin vogatore ad acqua\" srcset=\"https:\/\/last.bluefinfitness.com\/wp-content\/uploads\/2020\/11\/Blade-Aqua_IT-07.png 1001w, https:\/\/last.bluefinfitness.com\/wp-content\/uploads\/2020\/11\/Blade-Aqua_IT-07-300x300.png 300w, https:\/\/last.bluefinfitness.com\/wp-content\/uploads\/2020\/11\/Blade-Aqua_IT-07-150x150.png 150w, https:\/\/last.bluefinfitness.com\/wp-content\/uploads\/2020\/11\/Blade-Aqua_IT-07-768x768.png 768w, https:\/\/last.bluefinfitness.com\/wp-content\/uploads\/2020\/11\/Blade-Aqua_IT-07-500x500.png 500w, https:\/\/last.bluefinfitness.com\/wp-content\/uploads\/2020\/11\/Blade-Aqua_IT-07-100x100.png 100w\" sizes=\"(max-width: 1001px) 100vw, 1001px\" \/>\t\t\t\t\t\t\t\t\t\t\t<\/div>\n\t\t\t\t\t<\/div>\n\n\t\t<div class=\"box-text text-center\" >\n\t\t\t<div class=\"box-text-inner\">\n\t\t\t\t\n<p style=\"text-align: left;\"><strong>Dimensioni e Misure.<\/strong> Il vogatore ad acqua perfetto per ogni tua esigenza. Le dimensioni del Blade Aqua sono di 55,0 cm x 206,0 cm x 52,0 cm quando \u00e8 aperto e pronto all\u2019uso, mentre quando \u00e8 ripiegato misura 113,0 cm x 69,0 cm x 52,0 cm.<\/p>\n\t\t\t<\/div>\n\t\t<\/div>\n\t<\/div>\n\t\n\t\t<\/div>\n\t\t\t\t\t<\/div>\n\n\t\n<\/div>\n<div class=\"row\"  id=\"row-1275105328\">\n\n\t<div id=\"col-1598167403\" class=\"col medium-5 small-12 large-5\"  >\n\t\t\t\t<div class=\"col-inner\"  >\n\t\t\t\n\t\t\t\n\t<div class=\"img has-hover x md-x lg-x y md-y lg-y\" id=\"image_600950984\">\n\t\t\t\t\t\t\t\t<div class=\"img-inner dark\" >\n\t\t\t<img decoding=\"async\" width=\"800\" height=\"800\" src=\"https:\/\/last.bluefinfitness.com\/wp-content\/uploads\/2020\/11\/BLADE__AQUA__W-1__8-3.png\" class=\"attachment-large size-large\" alt=\"Bluefin vogatore ad acqua\" srcset=\"https:\/\/last.bluefinfitness.com\/wp-content\/uploads\/2020\/11\/BLADE__AQUA__W-1__8-3.png 1000w, https:\/\/last.bluefinfitness.com\/wp-content\/uploads\/2020\/11\/BLADE__AQUA__W-1__8-3-300x300.png 300w, https:\/\/last.bluefinfitness.com\/wp-content\/uploads\/2020\/11\/BLADE__AQUA__W-1__8-3-150x150.png 150w, https:\/\/last.bluefinfitness.com\/wp-content\/uploads\/2020\/11\/BLADE__AQUA__W-1__8-3-768x768.png 768w, https:\/\/last.bluefinfitness.com\/wp-content\/uploads\/2020\/11\/BLADE__AQUA__W-1__8-3-500x500.png 500w, https:\/\/last.bluefinfitness.com\/wp-content\/uploads\/2020\/11\/BLADE__AQUA__W-1__8-3-100x100.png 100w\" sizes=\"(max-width: 800px) 100vw, 800px\" \/>\t\t\t\t\t\t\n\t\t\t\t\t<\/div>\n\t\t\t\t\t\t\t\t\n<style>\n#image_600950984 {\n  width: 100%;\n}\n<\/style>\n\t<\/div>\n\t\n\t\t<\/div>\n\t\t\t\t\t<\/div>\n\n\t\n\n\t<div id=\"col-524007787\" class=\"col medium-7 small-12 large-7\"  >\n\t\t\t\t<div class=\"col-inner\"  >\n\t\t\t\n\t\t\t\n<ul>\n<li style=\"text-align: left;\">Blade Aqua, il Vogatore in Legno della Bluefin Fitness.<\/li>\n<li style=\"text-align: left;\">Ecologico e resistente: Blade Aqua \u00e8 il macchinario da palestra ecologico perfetto per allenarti in casa.<\/li>\n<li style=\"text-align: left;\">Il legno di frassino americano fa del nostro vogatore un prodotto affidabile, resistente e 100% sostenibile.<\/li>\n<\/ul>\n\t\t<\/div>\n\t\t\t\t\t<\/div>\n\n\t\n<\/div>\n\t<div id=\"gap-813515784\" class=\"gap-element clearfix\" style=\"display:block; height:auto;\">\n\t\t\n<style>\n#gap-813515784 {\n  padding-top: 30px;\n}\n<\/style>\n\t<\/div>\n\t\n","protected":false},"excerpt":{"rendered":"<ul>\n<li style=\"text-align: left;\"><strong>SFIDA LA POTENZA DELL\u2019ACQUA<\/strong> \u2013 Vogare in casa non \u00e8 mai stato cos\u00ec realistico! Con Blade Aqua ti sembrer\u00e0 di remare davvero. Tutto questo grazie al sistema a Doppia Camera d\u2019Acqua e alla resistenza regolabile.<\/li>\n<li style=\"text-align: left;\"><strong>LEGNO 100% SOSTENIBILE<\/strong> \u2013 Il frassino americano con cui \u00e8 stato realizzato questo vogatore professionale \u00e8 un materiale naturale, sostenibile e di alta qualit\u00e0. Allenati in casa e contribuisci a ridurre la tua impronta ecologica!<\/li>\n<li style=\"text-align: left;\"><strong>12 MESI DI GARANZIA INCLUSA<\/strong> \u2013 Ne siamo certi: il nostro vogatore pieghevole per la casa \u00e8 super affidabile, ma se dovessi avere qualunque tipo di problema tecnico entro i primi 12 mesi di utilizzo, lo risolveremo gratuitamente.<\/li>\n<li style=\"text-align: left;\"><strong>APPLICAZIONE KINOMAP INTEGRATA<\/strong> \u2013 Aggiungi un pizzico di competizione ai tuoi allenamenti in casa con l&#8217;app Kinomap. Tra i circuiti di allenamento, i corsi e il coach live troverai sicuramente non perderai mai la motivazione.<\/li>\n<li style=\"text-align: left;\"><strong>UNA PALESTRA PROFESSIONALE PER ALLENARTI IN CASA<\/strong> \u2013 Non hai bisogno di grandi spazi per riporre attrezzi da palestra come i nostri: con il sistema &#8220;Premi e Rilascia&#8221; l&#8217;ingombro \u00e8 ridotto al minimo. Con lo schermo digitale hai tutto sotto controllo.<\/li>\n<\/ul>\n","protected":false},"featured_media":644930,"comment_status":"open","ping_status":"closed","template":"","meta":[],"product_cat":[1016],"product_tag":[],"_links":{"self":[{"href":"https:\/\/last.bluefinfitness.com\/it\/wp-json\/wp\/v2\/product\/200752"}],"collection":[{"href":"https:\/\/last.bluefinfitness.com\/it\/wp-json\/wp\/v2\/product"}],"about":[{"href":"https:\/\/last.bluefinfitness.com\/it\/wp-json\/wp\/v2\/types\/product"}],"replies":[{"embeddable":true,"href":"https:\/\/last.bluefinfitness.com\/it\/wp-json\/wp\/v2\/comments?post=200752"}],"wp:featuredmedia":[{"embeddable":true,"href":"https:\/\/last.bluefinfitness.com\/it\/wp-json\/wp\/v2\/media\/644930"}],"wp:attachment":[{"href":"https:\/\/last.bluefinfitness.com\/it\/wp-json\/wp\/v2\/media?parent=200752"}],"wp:term":[{"taxonomy":"product_cat","embeddable":true,"href":"https:\/\/last.bluefinfitness.com\/it\/wp-json\/wp\/v2\/product_cat?post=200752"},{"taxonomy":"product_tag","embeddable":true,"href":"https:\/\/last.bluefinfitness.com\/it\/wp-json\/wp\/v2\/product_tag?post=200752"}],"curies":[{"name":"wp","href":"https:\/\/api.w.org\/{rel}","templated":true}]}}