{"id":25228,"date":"2019-09-20T09:54:40","date_gmt":"2019-09-20T09:54:40","guid":{"rendered":"https:\/\/www.bluefinfitness.com\/product\/bluefin-fitness-blade-vogatore-pieghevole-per-casa-rowing-machine-resistenza-magnetica-8-livelli-di-tensione-smooth-belt-drive-console-fitness-digitale-lcd-app-smartphone\/"},"modified":"2022-05-01T23:08:26","modified_gmt":"2022-05-01T23:08:26","slug":"vogatore-web-exclusive","status":"publish","type":"product","link":"https:\/\/last.bluefinfitness.com\/it\/vogatore-web-exclusive\/","title":{"rendered":"Bluefin Vogatore Magnetico Blade"},"content":{"rendered":"\t<div class=\"img has-hover x md-x lg-x y md-y lg-y\" id=\"image_1172110707\">\n\t\t\t\t\t\t\t\t<div class=\"img-inner dark\" >\n\t\t\t<img decoding=\"async\" width=\"970\" height=\"300\" src=\"https:\/\/last.bluefinfitness.com\/wp-content\/uploads\/2019\/10\/5df820d6-a5c5-42b4-be73-8eb1f72aa82b.__CR00970300_PT0_SX970_V1___-1.png\" class=\"attachment-large size-large\" alt=\"Bluefin vogatore magnetico\" srcset=\"https:\/\/last.bluefinfitness.com\/wp-content\/uploads\/2019\/10\/5df820d6-a5c5-42b4-be73-8eb1f72aa82b.__CR00970300_PT0_SX970_V1___-1.png 970w, https:\/\/last.bluefinfitness.com\/wp-content\/uploads\/2019\/10\/5df820d6-a5c5-42b4-be73-8eb1f72aa82b.__CR00970300_PT0_SX970_V1___-1-300x93.png 300w, https:\/\/last.bluefinfitness.com\/wp-content\/uploads\/2019\/10\/5df820d6-a5c5-42b4-be73-8eb1f72aa82b.__CR00970300_PT0_SX970_V1___-1-768x238.png 768w, https:\/\/last.bluefinfitness.com\/wp-content\/uploads\/2019\/10\/5df820d6-a5c5-42b4-be73-8eb1f72aa82b.__CR00970300_PT0_SX970_V1___-1-500x155.png 500w\" sizes=\"(max-width: 970px) 100vw, 970px\" \/>\t\t\t\t\t\t\n\t\t\t\t\t<\/div>\n\t\t\t\t\t\t\t\t\n<style>\n#image_1172110707 {\n  width: 100%;\n}\n<\/style>\n\t<\/div>\n\t\n\t<div id=\"gap-1441963961\" class=\"gap-element clearfix\" style=\"display:block; height:auto;\">\n\t\t\n<style>\n#gap-1441963961 {\n  padding-top: 30px;\n}\n<\/style>\n\t<\/div>\n\t\n<div class=\"row row-small align-center\"  id=\"row-310608850\">\n\n\t<div id=\"col-713599895\" class=\"col medium-4 small-12 large-4\"  >\n\t\t\t\t<div class=\"col-inner\"  >\n\t\t\t\n\t\t\t\n\t<div class=\"box has-hover   has-hover box-text-bottom\" >\n\n\t\t<div class=\"box-image\" >\n\t\t\t\t\t\t<div class=\"\" >\n\t\t\t\t<img decoding=\"async\" width=\"300\" height=\"300\" src=\"https:\/\/last.bluefinfitness.com\/wp-content\/uploads\/2019\/10\/9f02f8bb-b5b0-42c0-83b6-06b86ca2f332.__CR00300300_PT0_SX300_V1___-1.png\" class=\"attachment- size-\" alt=\"Bluefin vogatore magnetico\" srcset=\"https:\/\/last.bluefinfitness.com\/wp-content\/uploads\/2019\/10\/9f02f8bb-b5b0-42c0-83b6-06b86ca2f332.__CR00300300_PT0_SX300_V1___-1.png 300w, https:\/\/last.bluefinfitness.com\/wp-content\/uploads\/2019\/10\/9f02f8bb-b5b0-42c0-83b6-06b86ca2f332.__CR00300300_PT0_SX300_V1___-1-150x150.png 150w, https:\/\/last.bluefinfitness.com\/wp-content\/uploads\/2019\/10\/9f02f8bb-b5b0-42c0-83b6-06b86ca2f332.__CR00300300_PT0_SX300_V1___-1-100x100.png 100w\" sizes=\"(max-width: 300px) 100vw, 300px\" \/>\t\t\t\t\t\t\t\t\t\t\t<\/div>\n\t\t\t\t\t<\/div>\n\n\t\t<div class=\"box-text text-center\" >\n\t\t\t<div class=\"box-text-inner\">\n\t\t\t\t\n<h4 style=\"text-align: left;\">Bluefin Fitness Blade 2.0 Rower | Vogatore Magnetico<\/h4>\n<p style=\"text-align: left;\">Macchinario Vogatore ad Alte Prestazioni: il Vogatore Magnetico Blade 2.0 \u00e8 la scelta ideale per chi desidera fare un allenamento completo a casa. Aumenta la tua massa muscolare, migliora la circolazione cardiovascolare e rafforza l\u2019addome e il busto con un allenamento completo al vogatore. I benefici del movimento naturale della vogata vengono amplificati da caratteristiche avanzate come il sistema Smooth Belt Drive e la regolazione della resistenza magnetica.<\/p>\n\t\t\t<\/div>\n\t\t<\/div>\n\t<\/div>\n\t\n\t\t<\/div>\n\t\t\t\t\t<\/div>\n\n\t\n\n\t<div id=\"col-113075603\" class=\"col medium-4 small-12 large-4\"  >\n\t\t\t\t<div class=\"col-inner\"  >\n\t\t\t\n\t\t\t\n\t<div class=\"box has-hover   has-hover box-text-bottom\" >\n\n\t\t<div class=\"box-image\" >\n\t\t\t\t\t\t<div class=\"\" >\n\t\t\t\t<img decoding=\"async\" width=\"300\" height=\"300\" src=\"https:\/\/last.bluefinfitness.com\/wp-content\/uploads\/2019\/10\/6ad9dbae-1814-467c-9335-94fa0c04eff2.__CR00300300_PT0_SX300_V1___-1.png\" class=\"attachment- size-\" alt=\"Bluefin vogatore magnetico\" srcset=\"https:\/\/last.bluefinfitness.com\/wp-content\/uploads\/2019\/10\/6ad9dbae-1814-467c-9335-94fa0c04eff2.__CR00300300_PT0_SX300_V1___-1.png 300w, https:\/\/last.bluefinfitness.com\/wp-content\/uploads\/2019\/10\/6ad9dbae-1814-467c-9335-94fa0c04eff2.__CR00300300_PT0_SX300_V1___-1-150x150.png 150w, https:\/\/last.bluefinfitness.com\/wp-content\/uploads\/2019\/10\/6ad9dbae-1814-467c-9335-94fa0c04eff2.__CR00300300_PT0_SX300_V1___-1-100x100.png 100w\" sizes=\"(max-width: 300px) 100vw, 300px\" \/>\t\t\t\t\t\t\t\t\t\t\t<\/div>\n\t\t\t\t\t<\/div>\n\n\t\t<div class=\"box-text text-center\" >\n\t\t\t<div class=\"box-text-inner\">\n\t\t\t\t\n<h4 style=\"text-align: left;\">Resistenza Magnetica + Freni<\/h4>\n<p style=\"text-align: left;\">Tecnologia Magnetica Wireless: l\u2019intuitivo sistema di tensione a resistenza magnetica ti offre una gamma di 8 livelli di resistenza. Inizia ad allernarti a un livello che si adatta alle tue necessit\u00e0 e migliora gradualmente nel tempo. Il sistema di regolazione della resistenza permette una frenata fluida e naturale, perfetta per gli esercizi di riabilitazione.<\/p>\n\t\t\t<\/div>\n\t\t<\/div>\n\t<\/div>\n\t\n\t\t<\/div>\n\t\t\t\t\t<\/div>\n\n\t\n\n\t<div id=\"col-10748489\" class=\"col medium-4 small-12 large-4\"  >\n\t\t\t\t<div class=\"col-inner\"  >\n\t\t\t\n\t\t\t\n\t<div class=\"box has-hover   has-hover box-text-bottom\" >\n\n\t\t<div class=\"box-image\" >\n\t\t\t\t\t\t<div class=\"\" >\n\t\t\t\t<img decoding=\"async\" width=\"300\" height=\"300\" src=\"https:\/\/last.bluefinfitness.com\/wp-content\/uploads\/2019\/10\/6d0608d2-e56f-4fff-97f1-eefbaa9207f9.__CR00300300_PT0_SX300_V1___-1.png\" class=\"attachment- size-\" alt=\"Bluefin vogatore magnetico\" srcset=\"https:\/\/last.bluefinfitness.com\/wp-content\/uploads\/2019\/10\/6d0608d2-e56f-4fff-97f1-eefbaa9207f9.__CR00300300_PT0_SX300_V1___-1.png 300w, https:\/\/last.bluefinfitness.com\/wp-content\/uploads\/2019\/10\/6d0608d2-e56f-4fff-97f1-eefbaa9207f9.__CR00300300_PT0_SX300_V1___-1-150x150.png 150w, https:\/\/last.bluefinfitness.com\/wp-content\/uploads\/2019\/10\/6d0608d2-e56f-4fff-97f1-eefbaa9207f9.__CR00300300_PT0_SX300_V1___-1-100x100.png 100w\" sizes=\"(max-width: 300px) 100vw, 300px\" \/>\t\t\t\t\t\t\t\t\t\t\t<\/div>\n\t\t\t\t\t<\/div>\n\n\t\t<div class=\"box-text text-center\" >\n\t\t\t<div class=\"box-text-inner\">\n\t\t\t\t\n<h4 style=\"text-align: left;\">Inclinazione Ottimale a 10\u00b0 + Smooth Belt Drive<\/h4>\n<p style=\"text-align: left;\">Vogata Fluida: un\u2019inclinazione ottimizzata di 10\u00b0 permette una resistenza aggiuntiva durante la fase di distensione, senza per\u00f2 compromettere la fase di recupero. Il sistema Smooth Belt Drive offre sessioni di allenamento silenziose unite al movimento naturale e fluido della vogata: tutti i benefici della pratica sportiva, senza gli splash dell\u2019acqua.<\/p>\n\t\t\t<\/div>\n\t\t<\/div>\n\t<\/div>\n\t\n\t\t<\/div>\n\t\t\t\t\t<\/div>\n\n\t\n<\/div>\n<div class=\"row row-small align-center\"  id=\"row-65915303\">\n\n\t<div id=\"col-838259985\" class=\"col medium-4 small-12 large-4\"  >\n\t\t\t\t<div class=\"col-inner\"  >\n\t\t\t\n\t\t\t\n\t<div class=\"box has-hover   has-hover box-text-bottom\" >\n\n\t\t<div class=\"box-image\" >\n\t\t\t\t\t\t<div class=\"\" >\n\t\t\t\t<img decoding=\"async\" width=\"300\" height=\"300\" src=\"https:\/\/last.bluefinfitness.com\/wp-content\/uploads\/2019\/10\/284af5e2-d30b-4e59-b3ff-a6fad15afe99.__CR00300300_PT0_SX300_V1___-1.png\" class=\"attachment- size-\" alt=\"Bluefin vogatore magnetico\" srcset=\"https:\/\/last.bluefinfitness.com\/wp-content\/uploads\/2019\/10\/284af5e2-d30b-4e59-b3ff-a6fad15afe99.__CR00300300_PT0_SX300_V1___-1.png 300w, https:\/\/last.bluefinfitness.com\/wp-content\/uploads\/2019\/10\/284af5e2-d30b-4e59-b3ff-a6fad15afe99.__CR00300300_PT0_SX300_V1___-1-150x150.png 150w, https:\/\/last.bluefinfitness.com\/wp-content\/uploads\/2019\/10\/284af5e2-d30b-4e59-b3ff-a6fad15afe99.__CR00300300_PT0_SX300_V1___-1-100x100.png 100w\" sizes=\"(max-width: 300px) 100vw, 300px\" \/>\t\t\t\t\t\t\t\t\t\t\t<\/div>\n\t\t\t\t\t<\/div>\n\n\t\t<div class=\"box-text text-center\" >\n\t\t\t<div class=\"box-text-inner\">\n\t\t\t\t\n<h4 style=\"text-align: left;\">App Fitness Integrata per Smartphone e Tablet<\/h4>\n<p style=\"text-align: left;\">Tecnologia Intelligente: l\u2019App Fitness \u00e8 pre-calibrata per sincronizzarsi con il tuo smartphone o tablet. Tieni traccia e analizza le tue performance di vogata. Misura la velocit\u00e0, le vogate, la distanza, il tempo e le calorie bruciate. Potrai condividere le tue statistiche, sfidare i tuoi amici attraverso i social network e raggiungere i tuoi obbiettivi di allenamento pi\u00f9 velocemente!<\/p>\n\t\t\t<\/div>\n\t\t<\/div>\n\t<\/div>\n\t\n\t\t<\/div>\n\t\t\t\t\t<\/div>\n\n\t\n\n\t<div id=\"col-754289014\" class=\"col medium-4 small-12 large-4\"  >\n\t\t\t\t<div class=\"col-inner\"  >\n\t\t\t\n\t\t\t\n\t<div class=\"box has-hover   has-hover box-text-bottom\" >\n\n\t\t<div class=\"box-image\" >\n\t\t\t\t\t\t<div class=\"\" >\n\t\t\t\t<img decoding=\"async\" width=\"300\" height=\"300\" src=\"https:\/\/last.bluefinfitness.com\/wp-content\/uploads\/2019\/10\/e4f951c4-2ba6-4783-b53b-e36991836e29.__CR00300300_PT0_SX300_V1___-1.png\" class=\"attachment- size-\" alt=\"Bluefin vogatore magnetico\" srcset=\"https:\/\/last.bluefinfitness.com\/wp-content\/uploads\/2019\/10\/e4f951c4-2ba6-4783-b53b-e36991836e29.__CR00300300_PT0_SX300_V1___-1.png 300w, https:\/\/last.bluefinfitness.com\/wp-content\/uploads\/2019\/10\/e4f951c4-2ba6-4783-b53b-e36991836e29.__CR00300300_PT0_SX300_V1___-1-150x150.png 150w, https:\/\/last.bluefinfitness.com\/wp-content\/uploads\/2019\/10\/e4f951c4-2ba6-4783-b53b-e36991836e29.__CR00300300_PT0_SX300_V1___-1-100x100.png 100w\" sizes=\"(max-width: 300px) 100vw, 300px\" \/>\t\t\t\t\t\t\t\t\t\t\t<\/div>\n\t\t\t\t\t<\/div>\n\n\t\t<div class=\"box-text text-center\" >\n\t\t\t<div class=\"box-text-inner\">\n\t\t\t\t\n<h4 class=\"a-spacing-mini\" style=\"text-align: left;\">Allenamento per Tutto il Corpo: Impatto Minimo e Alta Intensit\u00e0<\/h4>\n<p style=\"text-align: left;\">Allenamento a 360\u00b0 con ogni singola vogata: gli esercizi di vogata permettono di avere sessioni di allenamento a impatto minimo ma ad alta intensit\u00e0, coinvolgendo tutti i gruppi muscolari del tuo corpo nello stesso momento. Gli esercizi di vogata sono un modo unico e divertente per raggiungere i tuoi obbiettivi di fitness e superarli. Inoltre, grazie alla grande variet\u00e0 di esercizi in piedi o da seduti, potrai variare la routine di allenamento ottenendo ancora pi\u00f9 versatilit\u00e0 e performance dal tuo macchinario.<\/p>\n\t\t\t<\/div>\n\t\t<\/div>\n\t<\/div>\n\t\n\t\t<\/div>\n\t\t\t\t\t<\/div>\n\n\t\n\n\t<div id=\"col-424952162\" class=\"col medium-4 small-12 large-4\"  >\n\t\t\t\t<div class=\"col-inner\"  >\n\t\t\t\n\t\t\t\n\t<div class=\"box has-hover   has-hover box-text-bottom\" >\n\n\t\t<div class=\"box-image\" >\n\t\t\t\t\t\t<div class=\"\" >\n\t\t\t\t<img decoding=\"async\" width=\"300\" height=\"300\" src=\"https:\/\/last.bluefinfitness.com\/wp-content\/uploads\/2019\/10\/42a2a45b-543b-47a2-8dce-4a556389ad1a.__CR00300300_PT0_SX300_V1___-1.png\" class=\"attachment- size-\" alt=\"Bluefin vogatore magnetico\" srcset=\"https:\/\/last.bluefinfitness.com\/wp-content\/uploads\/2019\/10\/42a2a45b-543b-47a2-8dce-4a556389ad1a.__CR00300300_PT0_SX300_V1___-1.png 300w, https:\/\/last.bluefinfitness.com\/wp-content\/uploads\/2019\/10\/42a2a45b-543b-47a2-8dce-4a556389ad1a.__CR00300300_PT0_SX300_V1___-1-150x150.png 150w, https:\/\/last.bluefinfitness.com\/wp-content\/uploads\/2019\/10\/42a2a45b-543b-47a2-8dce-4a556389ad1a.__CR00300300_PT0_SX300_V1___-1-100x100.png 100w\" sizes=\"(max-width: 300px) 100vw, 300px\" \/>\t\t\t\t\t\t\t\t\t\t\t<\/div>\n\t\t\t\t\t<\/div>\n\n\t\t<div class=\"box-text text-center\" >\n\t\t\t<div class=\"box-text-inner\">\n\t\t\t\t\n<h4 style=\"text-align: left;\">Solleva e Inclina: Facile da Riporre<\/h4>\n<p style=\"text-align: left;\">Solleva e Inclina: il binario del vogatore si solleva e si ripiega con facilit\u00e0, cos\u00ec da poter essere riposto in poco spazio quando non viene utilizzato. Sollevalo con facilit\u00e0 inclinandolo dalla base, il binario ruoter\u00e0 verso l\u2019alto. Delle imbottiture proteggeranno il pavimento. Il piede di supporto pu\u00f2 essere anch\u2019esso piegato per salvare ancora pi\u00f9 spazio.<\/p>\n\t\t\t<\/div>\n\t\t<\/div>\n\t<\/div>\n\t\n\t\t<\/div>\n\t\t\t\t\t<\/div>\n\n\t\n<\/div>\n<div class=\"row row-small align-center\"  id=\"row-814685061\">\n\n\t<div id=\"col-567863851\" class=\"col medium-3 small-12 large-3\"  >\n\t\t\t\t<div class=\"col-inner\"  >\n\t\t\t\n\t\t\t\n\t<div class=\"box has-hover   has-hover box-text-bottom\" >\n\n\t\t<div class=\"box-image\" >\n\t\t\t\t\t\t<div class=\"\" >\n\t\t\t\t<img decoding=\"async\" width=\"220\" height=\"220\" src=\"https:\/\/last.bluefinfitness.com\/wp-content\/uploads\/2019\/09\/b83d902f-a2ca-4247-afef-791e563e2f84.__CR00220220_PT0_SX220_V1___.png\" class=\"attachment- size-\" alt=\"Bluefin vogatore magnetico\" srcset=\"https:\/\/last.bluefinfitness.com\/wp-content\/uploads\/2019\/09\/b83d902f-a2ca-4247-afef-791e563e2f84.__CR00220220_PT0_SX220_V1___.png 220w, https:\/\/last.bluefinfitness.com\/wp-content\/uploads\/2019\/09\/b83d902f-a2ca-4247-afef-791e563e2f84.__CR00220220_PT0_SX220_V1___-150x150.png 150w, https:\/\/last.bluefinfitness.com\/wp-content\/uploads\/2019\/09\/b83d902f-a2ca-4247-afef-791e563e2f84.__CR00220220_PT0_SX220_V1___-100x100.png 100w\" sizes=\"(max-width: 220px) 100vw, 220px\" \/>\t\t\t\t\t\t\t\t\t\t\t<\/div>\n\t\t\t\t\t<\/div>\n\n\t\t<div class=\"box-text text-center\" >\n\t\t\t<div class=\"box-text-inner\">\n\t\t\t\t\n<h4 style=\"text-align: left;\">Maniglie Ergonomiche<\/h4>\n<p style=\"text-align: left;\">Presa Salda: le maniglie in spugna imbottita forniscono una presa salda e antiscivolo, con una barra molto estesa in modo da adattarsi a tutti e a tutte le necessit\u00e0.<\/p>\n\t\t\t<\/div>\n\t\t<\/div>\n\t<\/div>\n\t\n\t\t<\/div>\n\t\t\t\t\t<\/div>\n\n\t\n\n\t<div id=\"col-1945853607\" class=\"col medium-3 small-12 large-3\"  >\n\t\t\t\t<div class=\"col-inner\"  >\n\t\t\t\n\t\t\t\n\t<div class=\"box has-hover   has-hover box-text-bottom\" >\n\n\t\t<div class=\"box-image\" >\n\t\t\t\t\t\t<div class=\"\" >\n\t\t\t\t<img decoding=\"async\" width=\"220\" height=\"220\" src=\"https:\/\/last.bluefinfitness.com\/wp-content\/uploads\/2019\/09\/ed421aed-ff39-4a23-85ce-81b094ef945c.__CR00220220_PT0_SX220_V1___.png\" class=\"attachment- size-\" alt=\"Bluefin vogatore magnetico\" srcset=\"https:\/\/last.bluefinfitness.com\/wp-content\/uploads\/2019\/09\/ed421aed-ff39-4a23-85ce-81b094ef945c.__CR00220220_PT0_SX220_V1___.png 220w, https:\/\/last.bluefinfitness.com\/wp-content\/uploads\/2019\/09\/ed421aed-ff39-4a23-85ce-81b094ef945c.__CR00220220_PT0_SX220_V1___-150x150.png 150w, https:\/\/last.bluefinfitness.com\/wp-content\/uploads\/2019\/09\/ed421aed-ff39-4a23-85ce-81b094ef945c.__CR00220220_PT0_SX220_V1___-100x100.png 100w\" sizes=\"(max-width: 220px) 100vw, 220px\" \/>\t\t\t\t\t\t\t\t\t\t\t<\/div>\n\t\t\t\t\t<\/div>\n\n\t\t<div class=\"box-text text-center\" >\n\t\t\t<div class=\"box-text-inner\">\n\t\t\t\t\n<h4 style=\"text-align: left;\">Solidi Pedali Antiscivolo<\/h4>\n<p style=\"text-align: left;\">Postura sicura: i robusti pedali imbullonati si inclinano seguendo il tuo movimento. Sono incluse le fasce di sicurezza in velcro e un grip anti-scivolo dinamico.<\/p>\n\t\t\t<\/div>\n\t\t<\/div>\n\t<\/div>\n\t\n\t\t<\/div>\n\t\t\t\t\t<\/div>\n\n\t\n\n\t<div id=\"col-141152268\" class=\"col medium-3 small-12 large-3\"  >\n\t\t\t\t<div class=\"col-inner\"  >\n\t\t\t\n\t\t\t\n\t<div class=\"box has-hover   has-hover box-text-bottom\" >\n\n\t\t<div class=\"box-image\" >\n\t\t\t\t\t\t<div class=\"\" >\n\t\t\t\t<img decoding=\"async\" width=\"220\" height=\"220\" src=\"https:\/\/last.bluefinfitness.com\/wp-content\/uploads\/2019\/09\/16cff04c-e23c-4a08-a9db-cbbb1fca912d.__CR00220220_PT0_SX220_V1___.png\" class=\"attachment- size-\" alt=\"Bluefin vogatore magnetico\" srcset=\"https:\/\/last.bluefinfitness.com\/wp-content\/uploads\/2019\/09\/16cff04c-e23c-4a08-a9db-cbbb1fca912d.__CR00220220_PT0_SX220_V1___.png 220w, https:\/\/last.bluefinfitness.com\/wp-content\/uploads\/2019\/09\/16cff04c-e23c-4a08-a9db-cbbb1fca912d.__CR00220220_PT0_SX220_V1___-150x150.png 150w, https:\/\/last.bluefinfitness.com\/wp-content\/uploads\/2019\/09\/16cff04c-e23c-4a08-a9db-cbbb1fca912d.__CR00220220_PT0_SX220_V1___-100x100.png 100w\" sizes=\"(max-width: 220px) 100vw, 220px\" \/>\t\t\t\t\t\t\t\t\t\t\t<\/div>\n\t\t\t\t\t<\/div>\n\n\t\t<div class=\"box-text text-center\" >\n\t\t\t<div class=\"box-text-inner\">\n\t\t\t\t\n<h4 style=\"text-align: left;\">Console Multifunzione e Schermo LCD<\/h4>\n<p style=\"text-align: left;\">Console Digitale: il display LCD ti permette di tenere traccia del tuo allenamento in tempo reale grazie alle statistiche e ai dati su velocit\u00e0, tempo, distanza, vogate per minuto e calorie bruciate. Utilizza l\u2019App Smartphone integrata per avere ulteriori funzioni extra.<\/p>\n\t\t\t<\/div>\n\t\t<\/div>\n\t<\/div>\n\t\n\t\t<\/div>\n\t\t\t\t\t<\/div>\n\n\t\n\n\t<div id=\"col-1644263292\" class=\"col medium-3 small-12 large-3\"  >\n\t\t\t\t<div class=\"col-inner\"  >\n\t\t\t\n\t\t\t\n\t<div class=\"box has-hover   has-hover box-text-bottom\" >\n\n\t\t<div class=\"box-image\" >\n\t\t\t\t\t\t<div class=\"\" >\n\t\t\t\t<img decoding=\"async\" width=\"220\" height=\"220\" src=\"https:\/\/last.bluefinfitness.com\/wp-content\/uploads\/2019\/09\/7ed98d24-ca07-4824-8bd5-3c70d9a5a095.__CR00220220_PT0_SX220_V1___.png\" class=\"attachment- size-\" alt=\"Bluefin vogatore magnetico\" srcset=\"https:\/\/last.bluefinfitness.com\/wp-content\/uploads\/2019\/09\/7ed98d24-ca07-4824-8bd5-3c70d9a5a095.__CR00220220_PT0_SX220_V1___.png 220w, https:\/\/last.bluefinfitness.com\/wp-content\/uploads\/2019\/09\/7ed98d24-ca07-4824-8bd5-3c70d9a5a095.__CR00220220_PT0_SX220_V1___-150x150.png 150w, https:\/\/last.bluefinfitness.com\/wp-content\/uploads\/2019\/09\/7ed98d24-ca07-4824-8bd5-3c70d9a5a095.__CR00220220_PT0_SX220_V1___-100x100.png 100w\" sizes=\"(max-width: 220px) 100vw, 220px\" \/>\t\t\t\t\t\t\t\t\t\t\t<\/div>\n\t\t\t\t\t<\/div>\n\n\t\t<div class=\"box-text text-center\" >\n\t\t\t<div class=\"box-text-inner\">\n\t\t\t\t\n<h4 style=\"text-align: left;\">Supporto\/Piattaforma per Smartphone e Tablet<\/h4>\n<p style=\"text-align: left;\">Funzionalit\u00e0 Aggiuntiva: ottieni ancora di pi\u00f9 dal tuo allenamento grazie all\u2019App FitnessData. Altrimenti potrai guardare un film o controllare il tuo smartphone durante la sessione di esercizi; questo \u00e8 possibile grazie al supporto integrato, progettato specificamente per contenere il tuo smartphone o un tablet.<\/p>\n\t\t\t<\/div>\n\t\t<\/div>\n\t<\/div>\n\t\n\t\t<\/div>\n\t\t\t\t\t<\/div>\n\n\t\n<\/div>\n<div class=\"row row-small align-center\"  id=\"row-554563427\">\n\n\t<div id=\"col-301790629\" class=\"col medium-7 small-12 large-7\"  >\n\t\t\t\t<div class=\"col-inner\"  >\n\t\t\t\n\t\t\t\n<h2>Bluefin Fitness Blade 2.0 Rower | Vogatore Magnetico<\/h2>\n<h3 class=\"thin-font\">Compatto e di Qualit\u00e0 Professionale<\/h3>\n<p>Affidati a Bluefin Fitness se desideri avere il meglio dell\u2019attrezzatura per il fitness casalingo. Il Vogatore Bluefin Blade 2.0 fornisce un\u2019esperienza di vogata realistica anche a casa. Viene consegnato in parte pre-assemblato e dotato delle migliori caratteristiche di design. Per riporre questo vogatore magnetico domestico quando non lo utilizzate ti baster\u00e0 sollevare lentamente la base facendola ruotare sul suo asse e metterlo via in verticale.<\/p>\n<p>Simula il movimento naturale della vogata grazie alla trasmissione con movimento fluido e all\u2019inclinazione ottimizzata a 10\u00b0. Gli esercizi di vogata offrono un allenamento completo: aumento della massa muscolare e miglioramento della circolazione cardiovascolare con ogni sessione di esercizi. La regolazione della resistenza permette di scegliere tra 8 livelli di tensione magnetica per adattarsi a qualsiasi forma fisica o necessit\u00e0.<\/p>\n<p>Misura il tempo, la distanza, le calorie bruciate e le vogate per minuto grazie allo schermo LCD e alla console digitale per il fitness. App Data Fitness per mobile o tablet: connetti il vogatore tramite Bluetooth per tracciare e analizzare le tue sessioni di allenamento e osservare i miglioramenti con il passare dei giorni.<\/p>\n\t\t<\/div>\n\t\t\t\t\t<\/div>\n\n\t\n\n\t<div id=\"col-1058809168\" class=\"col medium-5 small-12 large-5\"  >\n\t\t\t\t<div class=\"col-inner\"  >\n\t\t\t\n\t\t\t\n\t<div class=\"img has-hover x md-x lg-x y md-y lg-y\" id=\"image_655650141\">\n\t\t\t\t\t\t\t\t<div class=\"img-inner dark\" >\n\t\t\t<img decoding=\"async\" width=\"299\" height=\"186\" src=\"https:\/\/last.bluefinfitness.com\/wp-content\/uploads\/2019\/09\/921e8bb4-8879-4788-987d-74d936d8749e.__CR00300300_PT0_SX300_V1___-1.png\" class=\"attachment-large size-large\" alt=\"Bluefin vogatore magnetico\" \/>\t\t\t\t\t\t\n\t\t\t\t\t<\/div>\n\t\t\t\t\t\t\t\t\n<style>\n#image_655650141 {\n  width: 70%;\n}\n<\/style>\n\t<\/div>\n\t\n<h4>Specifiche:<\/h4>\n<ul>\n<li>Tecnologia Wireless Magnetica<\/li>\n<li>Resistenza Magnetica + Frenata<\/li>\n<li>8 Livelli di Regolazione della Resistenza<\/li>\n<li>Sistema Smooth Belt Drive<\/li>\n<li>Maniglie Ergonomiche<\/li>\n<li>Pedali Antiscivolo<\/li>\n<li>Seduta Imbottita con Scorrimento Sicuro<\/li>\n<li>Display: LCD + Ripiano per Smartphone \/ Tablet<\/li>\n<li>Peso massimo utente 100 kg<\/li>\n<\/ul>\n\t\t<\/div>\n\t\t\t\t\t<\/div>\n\n\t\n<\/div>\n<div class=\"row row-small align-center\"  id=\"row-695935633\">\n\n\t<div id=\"col-1725043655\" class=\"col medium-6 small-12 large-6\"  >\n\t\t\t\t<div class=\"col-inner\"  >\n\t\t\t\n\t\t\t\n<p><b>&#8212;&#8211; Caratteristiche Principali &#8212;&#8211; <\/b><\/p>\n<p>\u2713 App Fitness Data per Mobile\/Tablet con Programmi incorporati, compatibile con i Social Media<br \/>\n\u2713 Display LCD per la Console Fitness<br \/>\n\u2713 Qualit\u00e0 Professionale<br \/>\n\u2713 Design pieghevole innovativo 74,5cm x 166cm x 51cm<br \/>\n\u2713 Inclinazione ottimizzata 10%<br \/>\n\u2713 Smooth belt drive &#8211; Trasmissione Fluida<br \/>\n\u2713 Resistenza Magnetica e Frenata<br \/>\n\u2713 Maniglie con Presa Ergonomica<br \/>\n\u2713 Pedali con sicura presa anti-scivolo<br \/>\n\u2713 Sedile imbottito<\/p>\n\t\t<\/div>\n\t\t\t\t\t<\/div>\n\n\t\n\n\t<div id=\"col-252624260\" class=\"col medium-6 small-12 large-6\"  >\n\t\t\t\t<div class=\"col-inner\"  >\n\t\t\t\n\t\t\t\n<p><b>&#8212;&#8212; All\u2019interno della Scatola &#8212;&#8212; <\/b><\/p>\n<p>\u279c Bluefin Fitness Blade 2.0 Vogatore Magnetico<br \/>\n\u279c Manuale delle Istruzioni<br \/>\n\u279c Kit per la manutenzione e il montaggio<\/p>\n<p><b>Fai Click su &#8220;&#8221;Aggiungi al carrello\u201d per metterti in forma con Bluefin!<\/b><\/p>\n\t\t<\/div>\n\t\t\t\t\t<\/div>\n\n\t\n<\/div>\n","protected":false},"excerpt":{"rendered":"<ul>\n<li><strong>SMOOTH BELT DRIVE:<\/strong> l&#8217;attrezzo simula il movimento naturale e fluido della vogata. Inclinazione ottimizzata.<\/li>\n<li><strong>RESISTENZA MAGNETICA E FRENI:<\/strong> regolazione personalizzata della tensione del vogatore magnetico.<\/li>\n<li><strong>APP SMARTPHONE:<\/strong> per tracciare e registrare i progressi degli allenamenti in tempo reale.<\/li>\n<li><strong>DISPLAY LCD:<\/strong> Misura tempo, distanza, calorie e vogate. Schermo LCD multifunzione.<\/li>\n<li><strong>ALLENAMENTO A CASA:<\/strong> Maniglie ergonomiche e pedali antiscivolo. Sedile imbottito per un comfort ottimale.<\/li>\n<\/ul>\n","protected":false},"featured_media":644865,"comment_status":"open","ping_status":"closed","template":"","meta":[],"product_cat":[134,1016],"product_tag":[],"_links":{"self":[{"href":"https:\/\/last.bluefinfitness.com\/it\/wp-json\/wp\/v2\/product\/25228"}],"collection":[{"href":"https:\/\/last.bluefinfitness.com\/it\/wp-json\/wp\/v2\/product"}],"about":[{"href":"https:\/\/last.bluefinfitness.com\/it\/wp-json\/wp\/v2\/types\/product"}],"replies":[{"embeddable":true,"href":"https:\/\/last.bluefinfitness.com\/it\/wp-json\/wp\/v2\/comments?post=25228"}],"wp:featuredmedia":[{"embeddable":true,"href":"https:\/\/last.bluefinfitness.com\/it\/wp-json\/wp\/v2\/media\/644865"}],"wp:attachment":[{"href":"https:\/\/last.bluefinfitness.com\/it\/wp-json\/wp\/v2\/media?parent=25228"}],"wp:term":[{"taxonomy":"product_cat","embeddable":true,"href":"https:\/\/last.bluefinfitness.com\/it\/wp-json\/wp\/v2\/product_cat?post=25228"},{"taxonomy":"product_tag","embeddable":true,"href":"https:\/\/last.bluefinfitness.com\/it\/wp-json\/wp\/v2\/product_tag?post=25228"}],"curies":[{"name":"wp","href":"https:\/\/api.w.org\/{rel}","templated":true}]}}