{"id":25387,"date":"2019-10-01T15:29:10","date_gmt":"2019-10-01T15:29:10","guid":{"rendered":"https:\/\/www.bluefinfitness.com\/?post_type=product&#038;p=25387"},"modified":"2022-05-03T09:56:09","modified_gmt":"2022-05-03T09:56:09","slug":"bici-elittica-web-exclusive","status":"publish","type":"product","link":"https:\/\/last.bluefinfitness.com\/it\/bici-elittica-web-exclusive\/","title":{"rendered":"Ellittica Bluefin Curv 3.0"},"content":{"rendered":"\t<div class=\"img has-hover x md-x lg-x y md-y lg-y\" id=\"image_1729290335\">\n\t\t\t\t\t\t\t\t<div class=\"img-inner dark\" >\n\t\t\t<img decoding=\"async\" width=\"970\" height=\"300\" src=\"https:\/\/last.bluefinfitness.com\/wp-content\/uploads\/2019\/10\/335d3eb7-f644-4887-9bed-ce33dfe50b31.__CR00970300_PT0_SX970_V1___.png\" class=\"attachment-large size-large\" alt=\"Bluefin bici ellittica cross trainer\" srcset=\"https:\/\/last.bluefinfitness.com\/wp-content\/uploads\/2019\/10\/335d3eb7-f644-4887-9bed-ce33dfe50b31.__CR00970300_PT0_SX970_V1___.png 970w, https:\/\/last.bluefinfitness.com\/wp-content\/uploads\/2019\/10\/335d3eb7-f644-4887-9bed-ce33dfe50b31.__CR00970300_PT0_SX970_V1___-300x93.png 300w, https:\/\/last.bluefinfitness.com\/wp-content\/uploads\/2019\/10\/335d3eb7-f644-4887-9bed-ce33dfe50b31.__CR00970300_PT0_SX970_V1___-768x238.png 768w, https:\/\/last.bluefinfitness.com\/wp-content\/uploads\/2019\/10\/335d3eb7-f644-4887-9bed-ce33dfe50b31.__CR00970300_PT0_SX970_V1___-500x155.png 500w\" sizes=\"(max-width: 970px) 100vw, 970px\" \/>\t\t\t\t\t\t\n\t\t\t\t\t<\/div>\n\t\t\t\t\t\t\t\t\n<style>\n#image_1729290335 {\n  width: 100%;\n}\n<\/style>\n\t<\/div>\n\t\n\t<div id=\"gap-1781148160\" class=\"gap-element clearfix\" style=\"display:block; height:auto;\">\n\t\t\n<style>\n#gap-1781148160 {\n  padding-top: 30px;\n}\n<\/style>\n\t<\/div>\n\t\n<div class=\"row row-small align-center\"  id=\"row-327050752\">\n\n\t<div id=\"col-60620524\" class=\"col medium-4 small-12 large-4\"  >\n\t\t\t\t<div class=\"col-inner\"  >\n\t\t\t\n\t\t\t\n\t<div class=\"box has-hover   has-hover box-text-bottom\" >\n\n\t\t<div class=\"box-image\" >\n\t\t\t\t\t\t<div class=\"\" >\n\t\t\t\t<img decoding=\"async\" width=\"300\" height=\"300\" src=\"https:\/\/last.bluefinfitness.com\/wp-content\/uploads\/2019\/10\/b2d80498-daea-47cd-9f34-992104f85464.__CR00300300_PT0_SX300_V1___.png\" class=\"attachment- size-\" alt=\"Bluefin bici ellittica cross trainer\" srcset=\"https:\/\/last.bluefinfitness.com\/wp-content\/uploads\/2019\/10\/b2d80498-daea-47cd-9f34-992104f85464.__CR00300300_PT0_SX300_V1___.png 300w, https:\/\/last.bluefinfitness.com\/wp-content\/uploads\/2019\/10\/b2d80498-daea-47cd-9f34-992104f85464.__CR00300300_PT0_SX300_V1___-150x150.png 150w, https:\/\/last.bluefinfitness.com\/wp-content\/uploads\/2019\/10\/b2d80498-daea-47cd-9f34-992104f85464.__CR00300300_PT0_SX300_V1___-100x100.png 100w\" sizes=\"(max-width: 300px) 100vw, 300px\" \/>\t\t\t\t\t\t\t\t\t\t\t<\/div>\n\t\t\t\t\t<\/div>\n\n\t\t<div class=\"box-text text-center\" >\n\t\t\t<div class=\"box-text-inner\">\n\t\t\t\t\n<h4 style=\"text-align: left;\">Bluefin Fitness Curv 3.0 Bici Ellittica Cross Trainer<\/h4>\n<p style=\"text-align: left;\">Bici Ellittica Cross Trainer dalle Alte Prestazioni: migliora la tua resistenza e fai esercizi di cardio con la bici Ellittica Curv 3.0. Aumenta la massa muscolare e brucia le calorie con un allenamento a basso impatto che non sforzer\u00e0 le tue articolazioni quanto un tapis roulant tradizionale. 12 programmi automatici + 16 livelli manuali di resistenza che ti permetteranno di camminare o di simulare una leggere corsa su un campo o uno sprint.<\/p>\n<p style=\"text-align: left;\">Il modello Curv 3.0 migliora il bilanciamento e crea le condizioni ottimali per un allenamento riabilitativo. Allena sia la parte superiore che quella inferiore del corpo beneficiando di funzionalit\u00e0 avanzate come il motore silenzioso autoalimentato.<\/p>\n\t\t\t<\/div>\n\t\t<\/div>\n\t<\/div>\n\t\n\t\t<\/div>\n\t\t\t\t\t<\/div>\n\n\t\n\n\t<div id=\"col-154818691\" class=\"col medium-4 small-12 large-4\"  >\n\t\t\t\t<div class=\"col-inner\"  >\n\t\t\t\n\t\t\t\n\t<div class=\"box has-hover   has-hover box-text-bottom\" >\n\n\t\t<div class=\"box-image\" >\n\t\t\t\t\t\t<div class=\"\" >\n\t\t\t\t<img decoding=\"async\" width=\"300\" height=\"300\" src=\"https:\/\/last.bluefinfitness.com\/wp-content\/uploads\/2019\/10\/b41028cb-9932-4577-976f-dbcd85f92fa7.__CR00300300_PT0_SX300_V1___.png\" class=\"attachment- size-\" alt=\"Bluefin bici ellittica cross trainer\" srcset=\"https:\/\/last.bluefinfitness.com\/wp-content\/uploads\/2019\/10\/b41028cb-9932-4577-976f-dbcd85f92fa7.__CR00300300_PT0_SX300_V1___.png 300w, https:\/\/last.bluefinfitness.com\/wp-content\/uploads\/2019\/10\/b41028cb-9932-4577-976f-dbcd85f92fa7.__CR00300300_PT0_SX300_V1___-150x150.png 150w, https:\/\/last.bluefinfitness.com\/wp-content\/uploads\/2019\/10\/b41028cb-9932-4577-976f-dbcd85f92fa7.__CR00300300_PT0_SX300_V1___-100x100.png 100w\" sizes=\"(max-width: 300px) 100vw, 300px\" \/>\t\t\t\t\t\t\t\t\t\t\t<\/div>\n\t\t\t\t\t<\/div>\n\n\t\t<div class=\"box-text text-center\" >\n\t\t\t<div class=\"box-text-inner\">\n\t\t\t\t\n<h4 style=\"text-align: left;\">Motore Silenzioso con Volano Ultra Resistente da 14kg<\/h4>\n<p style=\"text-align: left;\">Movimento Fluido e Silenzioso: il robusto volano da 14kg permette di avere un movimento di falcata fluido e naturale. Il motore silenzioso si autoalimenta e comprende un meccanismo di freni magnetici che permette di fermarsi con estrema facilit\u00e0.<br \/>\nCurv 3.0 \u00e8 il modello pi\u00f9 grande all\u2019interno della nostra linea di bici ellittiche da training e, grazie alle sue dimensioni, consente di ottenere una falcata pi\u00f9 ampia.<\/p>\n\t\t\t<\/div>\n\t\t<\/div>\n\t<\/div>\n\t\n\t\t<\/div>\n\t\t\t\t\t<\/div>\n\n\t\n\n\t<div id=\"col-2106356105\" class=\"col medium-4 small-12 large-4\"  >\n\t\t\t\t<div class=\"col-inner\"  >\n\t\t\t\n\t\t\t\n\t<div class=\"box has-hover   has-hover box-text-bottom\" >\n\n\t\t<div class=\"box-image\" >\n\t\t\t\t\t\t<div class=\"\" >\n\t\t\t\t<img decoding=\"async\" width=\"300\" height=\"300\" src=\"https:\/\/last.bluefinfitness.com\/wp-content\/uploads\/2019\/10\/4372058a-01e2-4bbf-bee0-1e0059d74f61.__CR00300300_PT0_SX300_V1___.png\" class=\"attachment- size-\" alt=\"Bluefin bici ellittica cross trainer\" srcset=\"https:\/\/last.bluefinfitness.com\/wp-content\/uploads\/2019\/10\/4372058a-01e2-4bbf-bee0-1e0059d74f61.__CR00300300_PT0_SX300_V1___.png 300w, https:\/\/last.bluefinfitness.com\/wp-content\/uploads\/2019\/10\/4372058a-01e2-4bbf-bee0-1e0059d74f61.__CR00300300_PT0_SX300_V1___-150x150.png 150w, https:\/\/last.bluefinfitness.com\/wp-content\/uploads\/2019\/10\/4372058a-01e2-4bbf-bee0-1e0059d74f61.__CR00300300_PT0_SX300_V1___-100x100.png 100w\" sizes=\"(max-width: 300px) 100vw, 300px\" \/>\t\t\t\t\t\t\t\t\t\t\t<\/div>\n\t\t\t\t\t<\/div>\n\n\t\t<div class=\"box-text text-center\" >\n\t\t\t<div class=\"box-text-inner\">\n\t\t\t\t\n<h4 style=\"text-align: left;\">Movimento Ottimale + Protezione delle Articolazioni<\/h4>\n<p style=\"text-align: left;\">Allenamento a Basso Impatto: il volano posteriore permette di ottenere un movimento pi\u00f9 fluido e garantisce un impatto ridotto proteggendo le tue articolazioni dagli strappi. Il movimento fluido garantisce tutti i benefici di un regolare allenamento cardio, evitando per\u00f2 uno sforzo usurante su fianchi, ginocchia e articolazioni delle caviglie.<br \/>\nSe vuoi cominciare ad allenarti e mantenere la forma fisica dopo un infortunio, allora Curv 3.0 sar\u00e0 una scelta eccellente e un\u2019ottima aggiunta alla tua palestra casalinga.<\/p>\n\t\t\t<\/div>\n\t\t<\/div>\n\t<\/div>\n\t\n\t\t<\/div>\n\t\t\t\t\t<\/div>\n\n\t\n<\/div>\n<div class=\"row row-small align-center\"  id=\"row-989363393\">\n\n\t<div id=\"col-1084160501\" class=\"col medium-4 small-12 large-4\"  >\n\t\t\t\t<div class=\"col-inner\"  >\n\t\t\t\n\t\t\t\n\t<div class=\"box has-hover   has-hover box-text-bottom\" >\n\n\t\t<div class=\"box-image\" >\n\t\t\t\t\t\t<div class=\"\" >\n\t\t\t\t<img decoding=\"async\" width=\"300\" height=\"300\" src=\"https:\/\/last.bluefinfitness.com\/wp-content\/uploads\/2019\/10\/5fb86163-9259-4f0b-81a3-d8e421d5de4c.__CR00300300_PT0_SX300_V1___.png\" class=\"attachment- size-\" alt=\"Bluefin bici ellittica cross trainer\" srcset=\"https:\/\/last.bluefinfitness.com\/wp-content\/uploads\/2019\/10\/5fb86163-9259-4f0b-81a3-d8e421d5de4c.__CR00300300_PT0_SX300_V1___.png 300w, https:\/\/last.bluefinfitness.com\/wp-content\/uploads\/2019\/10\/5fb86163-9259-4f0b-81a3-d8e421d5de4c.__CR00300300_PT0_SX300_V1___-150x150.png 150w, https:\/\/last.bluefinfitness.com\/wp-content\/uploads\/2019\/10\/5fb86163-9259-4f0b-81a3-d8e421d5de4c.__CR00300300_PT0_SX300_V1___-100x100.png 100w\" sizes=\"(max-width: 300px) 100vw, 300px\" \/>\t\t\t\t\t\t\t\t\t\t\t<\/div>\n\t\t\t\t\t<\/div>\n\n\t\t<div class=\"box-text text-center\" >\n\t\t\t<div class=\"box-text-inner\">\n\t\t\t\t\n<h4 style=\"text-align: left;\">App Smartphone e Tablet Integrata<\/h4>\n<p style=\"text-align: left;\">Tecnologia Intelligente: l\u2019App Fitness E-Health \u00e8 pre-calibrata per sincronizzarsi con il tuo apparecchio smartphone mobile o tablet. Tieni traccia e analizza la tua performance di allenamento e divertiti a misurare velocit\u00e0, distanza, tempo, HRC e calorie bruciate. Puoi condividere i dati e metterti in competizione con i tuoi amici attraverso i social network e superare cos\u00ec i tuoi obiettivi di fitness.<\/p>\n\t\t\t<\/div>\n\t\t<\/div>\n\t<\/div>\n\t\n\t\t<\/div>\n\t\t\t\t\t<\/div>\n\n\t\n\n\t<div id=\"col-103418386\" class=\"col medium-4 small-12 large-4\"  >\n\t\t\t\t<div class=\"col-inner\"  >\n\t\t\t\n\t\t\t\n\t<div class=\"box has-hover   has-hover box-text-bottom\" >\n\n\t\t<div class=\"box-image\" >\n\t\t\t\t\t\t<div class=\"\" >\n\t\t\t\t<img decoding=\"async\" width=\"300\" height=\"300\" src=\"https:\/\/last.bluefinfitness.com\/wp-content\/uploads\/2019\/10\/4bc54e17-ffdd-4d26-9c2a-fcb84c20c337.__CR00300300_PT0_SX300_V1___.png\" class=\"attachment- size-\" alt=\"Bluefin bici ellittica cross trainer\" srcset=\"https:\/\/last.bluefinfitness.com\/wp-content\/uploads\/2019\/10\/4bc54e17-ffdd-4d26-9c2a-fcb84c20c337.__CR00300300_PT0_SX300_V1___.png 300w, https:\/\/last.bluefinfitness.com\/wp-content\/uploads\/2019\/10\/4bc54e17-ffdd-4d26-9c2a-fcb84c20c337.__CR00300300_PT0_SX300_V1___-150x150.png 150w, https:\/\/last.bluefinfitness.com\/wp-content\/uploads\/2019\/10\/4bc54e17-ffdd-4d26-9c2a-fcb84c20c337.__CR00300300_PT0_SX300_V1___-100x100.png 100w\" sizes=\"(max-width: 300px) 100vw, 300px\" \/>\t\t\t\t\t\t\t\t\t\t\t<\/div>\n\t\t\t\t\t<\/div>\n\n\t\t<div class=\"box-text text-center\" >\n\t\t\t<div class=\"box-text-inner\">\n\t\t\t\t\n<h4 class=\"a-spacing-mini\" style=\"text-align: left;\">Allenamento Total Body: impatto Ridotto e Alta Intensit\u00e0<\/h4>\n<p style=\"text-align: left;\">Allenamento completo &#8211; con ogni singola falcata: il cross training ellittico fornisce un impatto ridotto e un\u2019alta intensit\u00e0 di allenamento che coinvolge tutti i gruppi muscolari del tuo corpo. Migliora la tua salute cardiovascolare, allena la resistenza, brucia calorie e aumenta la massa muscolare &#8211; tutto in contemporanea. \u00c8 una fantastica alternativa agli esercizi regolari di corsa e fornisce maggiori benefici per la salute.<\/p>\n\t\t\t<\/div>\n\t\t<\/div>\n\t<\/div>\n\t\n\t\t<\/div>\n\t\t\t\t\t<\/div>\n\n\t\n\n\t<div id=\"col-1075368790\" class=\"col medium-4 small-12 large-4\"  >\n\t\t\t\t<div class=\"col-inner\"  >\n\t\t\t\n\t\t\t\n\t<div class=\"box has-hover   has-hover box-text-bottom\" >\n\n\t\t<div class=\"box-image\" >\n\t\t\t\t\t\t<div class=\"\" >\n\t\t\t\t<img decoding=\"async\" width=\"300\" height=\"300\" src=\"https:\/\/last.bluefinfitness.com\/wp-content\/uploads\/2019\/10\/e337d45e-2ded-4014-88c4-31422557854c.__CR00300300_PT0_SX300_V1___.png\" class=\"attachment- size-\" alt=\"Bluefin bici ellittica cross trainer\" srcset=\"https:\/\/last.bluefinfitness.com\/wp-content\/uploads\/2019\/10\/e337d45e-2ded-4014-88c4-31422557854c.__CR00300300_PT0_SX300_V1___.png 300w, https:\/\/last.bluefinfitness.com\/wp-content\/uploads\/2019\/10\/e337d45e-2ded-4014-88c4-31422557854c.__CR00300300_PT0_SX300_V1___-150x150.png 150w, https:\/\/last.bluefinfitness.com\/wp-content\/uploads\/2019\/10\/e337d45e-2ded-4014-88c4-31422557854c.__CR00300300_PT0_SX300_V1___-100x100.png 100w\" sizes=\"(max-width: 300px) 100vw, 300px\" \/>\t\t\t\t\t\t\t\t\t\t\t<\/div>\n\t\t\t\t\t<\/div>\n\n\t\t<div class=\"box-text text-center\" >\n\t\t\t<div class=\"box-text-inner\">\n\t\t\t\t\n<h4 style=\"text-align: left;\">Monitor del Battito Cardiaco (HRC) + Misuratori delle Pulsazioni<\/h4>\n<p style=\"text-align: left;\">Un controllo totale del tuo cuore: la modalit\u00e0 HRC ti permette di programmare il battito cardiaco desiderato e l\u2019allenamento all\u2019interno di un range selezionato. Il livello di resistenza verr\u00e0 regolato automaticamente dal computer per mantenerti sempre al giusto ritmo. I misuratori sulle maniglie interne registrano accuratamente le pulsazioni mentre ti eserciti.<\/p>\n\t\t\t<\/div>\n\t\t<\/div>\n\t<\/div>\n\t\n\t\t<\/div>\n\t\t\t\t\t<\/div>\n\n\t\n<\/div>\n<div class=\"row row-small align-center\"  id=\"row-1809971104\">\n\n\t<div id=\"col-587023245\" class=\"col medium-3 small-12 large-3\"  >\n\t\t\t\t<div class=\"col-inner\"  >\n\t\t\t\n\t\t\t\n\t<div class=\"box has-hover   has-hover box-text-bottom\" >\n\n\t\t<div class=\"box-image\" >\n\t\t\t\t\t\t<div class=\"\" >\n\t\t\t\t<img decoding=\"async\" width=\"220\" height=\"220\" src=\"https:\/\/last.bluefinfitness.com\/wp-content\/uploads\/2019\/10\/2627f3bd-9e4c-4b71-bad3-8824883fa8f0.__CR00220220_PT0_SX220_V1___.png\" class=\"attachment- size-\" alt=\"Bluefin bici ellittica cross trainer\" srcset=\"https:\/\/last.bluefinfitness.com\/wp-content\/uploads\/2019\/10\/2627f3bd-9e4c-4b71-bad3-8824883fa8f0.__CR00220220_PT0_SX220_V1___.png 220w, https:\/\/last.bluefinfitness.com\/wp-content\/uploads\/2019\/10\/2627f3bd-9e4c-4b71-bad3-8824883fa8f0.__CR00220220_PT0_SX220_V1___-150x150.png 150w, https:\/\/last.bluefinfitness.com\/wp-content\/uploads\/2019\/10\/2627f3bd-9e4c-4b71-bad3-8824883fa8f0.__CR00220220_PT0_SX220_V1___-100x100.png 100w\" sizes=\"(max-width: 220px) 100vw, 220px\" \/>\t\t\t\t\t\t\t\t\t\t\t<\/div>\n\t\t\t\t\t<\/div>\n\n\t\t<div class=\"box-text text-center\" >\n\t\t\t<div class=\"box-text-inner\">\n\t\t\t\t\n<h4 style=\"text-align: left;\">Corrimano Ergonomico Doppio<\/h4>\n<p style=\"text-align: left;\">Ravviva le cose: concentrati sui gruppi muscolari superiori, addominali e inferiori variando la posizione delle mani sui manubri. Puoi spingere verso avanti con un movimento sincronizzato di braccia e gambe o avvicinarti al corrimano interno per pi\u00f9 sprint.<\/p>\n\t\t\t<\/div>\n\t\t<\/div>\n\t<\/div>\n\t\n\t\t<\/div>\n\t\t\t\t\t<\/div>\n\n\t\n\n\t<div id=\"col-1879155552\" class=\"col medium-3 small-12 large-3\"  >\n\t\t\t\t<div class=\"col-inner\"  >\n\t\t\t\n\t\t\t\n\t<div class=\"box has-hover   has-hover box-text-bottom\" >\n\n\t\t<div class=\"box-image\" >\n\t\t\t\t\t\t<div class=\"\" >\n\t\t\t\t<img decoding=\"async\" width=\"220\" height=\"220\" src=\"https:\/\/last.bluefinfitness.com\/wp-content\/uploads\/2019\/10\/da59a0a0-03ec-4a40-b7df-6037ced8a087.__CR00220220_PT0_SX220_V1___.png\" class=\"attachment- size-\" alt=\"Bluefin bici ellittica cross trainer\" srcset=\"https:\/\/last.bluefinfitness.com\/wp-content\/uploads\/2019\/10\/da59a0a0-03ec-4a40-b7df-6037ced8a087.__CR00220220_PT0_SX220_V1___.png 220w, https:\/\/last.bluefinfitness.com\/wp-content\/uploads\/2019\/10\/da59a0a0-03ec-4a40-b7df-6037ced8a087.__CR00220220_PT0_SX220_V1___-150x150.png 150w, https:\/\/last.bluefinfitness.com\/wp-content\/uploads\/2019\/10\/da59a0a0-03ec-4a40-b7df-6037ced8a087.__CR00220220_PT0_SX220_V1___-100x100.png 100w\" sizes=\"(max-width: 220px) 100vw, 220px\" \/>\t\t\t\t\t\t\t\t\t\t\t<\/div>\n\t\t\t\t\t<\/div>\n\n\t\t<div class=\"box-text text-center\" >\n\t\t\t<div class=\"box-text-inner\">\n\t\t\t\t\n<h4 style=\"text-align: left;\">Ampi Pedali Extra Large Anti Scivolo<\/h4>\n<p style=\"text-align: left;\">Totale Sicurezza per i tuoi Piedi: i pedali con reticolo dinamico anti-scivolo offrono un&#8217;ampiezza extra per poter variare la falcata e modificare la posizione dei piedi a seconda delle necessit\u00e0.<\/p>\n\t\t\t<\/div>\n\t\t<\/div>\n\t<\/div>\n\t\n\t\t<\/div>\n\t\t\t\t\t<\/div>\n\n\t\n\n\t<div id=\"col-196308070\" class=\"col medium-3 small-12 large-3\"  >\n\t\t\t\t<div class=\"col-inner\"  >\n\t\t\t\n\t\t\t\n\t<div class=\"box has-hover   has-hover box-text-bottom\" >\n\n\t\t<div class=\"box-image\" >\n\t\t\t\t\t\t<div class=\"\" >\n\t\t\t\t<img decoding=\"async\" width=\"220\" height=\"220\" src=\"https:\/\/last.bluefinfitness.com\/wp-content\/uploads\/2019\/10\/6e06445a-2890-46f6-92f3-71ebba82c662.__CR00220220_PT0_SX220_V1___.png\" class=\"attachment- size-\" alt=\"Bluefin bici ellittica cross trainer\" srcset=\"https:\/\/last.bluefinfitness.com\/wp-content\/uploads\/2019\/10\/6e06445a-2890-46f6-92f3-71ebba82c662.__CR00220220_PT0_SX220_V1___.png 220w, https:\/\/last.bluefinfitness.com\/wp-content\/uploads\/2019\/10\/6e06445a-2890-46f6-92f3-71ebba82c662.__CR00220220_PT0_SX220_V1___-150x150.png 150w, https:\/\/last.bluefinfitness.com\/wp-content\/uploads\/2019\/10\/6e06445a-2890-46f6-92f3-71ebba82c662.__CR00220220_PT0_SX220_V1___-100x100.png 100w\" sizes=\"(max-width: 220px) 100vw, 220px\" \/>\t\t\t\t\t\t\t\t\t\t\t<\/div>\n\t\t\t\t\t<\/div>\n\n\t\t<div class=\"box-text text-center\" >\n\t\t\t<div class=\"box-text-inner\">\n\t\t\t\t\n<h4 style=\"text-align: left;\">Console Multifunzione e Display LCD<\/h4>\n<p style=\"text-align: left;\">Console Digitale: il display LCD retroilluminato permette di tracciare il tuo allenamento in tempo reale con statistiche e monitoraggio dei dati su velocit\u00e0, tempo, distanza, pulsazioni e calorie bruciate. Utilizza l\u2019App Smartphone Integrata per funzionalit\u00e0 maggiori.<\/p>\n\t\t\t<\/div>\n\t\t<\/div>\n\t<\/div>\n\t\n\t\t<\/div>\n\t\t\t\t\t<\/div>\n\n\t\n\n\t<div id=\"col-823498363\" class=\"col medium-3 small-12 large-3\"  >\n\t\t\t\t<div class=\"col-inner\"  >\n\t\t\t\n\t\t\t\n\t<div class=\"box has-hover   has-hover box-text-bottom\" >\n\n\t\t<div class=\"box-image\" >\n\t\t\t\t\t\t<div class=\"\" >\n\t\t\t\t<img decoding=\"async\" width=\"220\" height=\"220\" src=\"https:\/\/last.bluefinfitness.com\/wp-content\/uploads\/2019\/10\/93a7ee14-237b-4202-bb2f-cd738c4548a6.__CR00220220_PT0_SX220_V1___.png\" class=\"attachment- size-\" alt=\"Bluefin bici ellittica cross trainer\" srcset=\"https:\/\/last.bluefinfitness.com\/wp-content\/uploads\/2019\/10\/93a7ee14-237b-4202-bb2f-cd738c4548a6.__CR00220220_PT0_SX220_V1___.png 220w, https:\/\/last.bluefinfitness.com\/wp-content\/uploads\/2019\/10\/93a7ee14-237b-4202-bb2f-cd738c4548a6.__CR00220220_PT0_SX220_V1___-150x150.png 150w, https:\/\/last.bluefinfitness.com\/wp-content\/uploads\/2019\/10\/93a7ee14-237b-4202-bb2f-cd738c4548a6.__CR00220220_PT0_SX220_V1___-100x100.png 100w\" sizes=\"(max-width: 220px) 100vw, 220px\" \/>\t\t\t\t\t\t\t\t\t\t\t<\/div>\n\t\t\t\t\t<\/div>\n\n\t\t<div class=\"box-text text-center\" >\n\t\t\t<div class=\"box-text-inner\">\n\t\t\t\t\n<h4 style=\"text-align: left;\">Supporto per Tablet e Smartphone<\/h4>\n<p style=\"text-align: left;\">Funzionalit\u00e0 Aggiuntive: ottieni ancora di pi\u00f9 dal tuo allenamento grazie al tracciamento dell\u2019App E-Health. In alternativa potresti voler vedere un film o controllare il tuo smartphone durante gli esercizi; tutto ci\u00f2 \u00e8 possibile grazie al supporto incorporato progettato specificamente per sostenere smartphone o tablet.<\/p>\n\t\t\t<\/div>\n\t\t<\/div>\n\t<\/div>\n\t\n\t\t<\/div>\n\t\t\t\t\t<\/div>\n\n\t\n<\/div>\n<div class=\"row row-small align-center\"  id=\"row-330812417\">\n\n\t<div id=\"col-2089635261\" class=\"col medium-7 small-12 large-7\"  >\n\t\t\t\t<div class=\"col-inner\"  >\n\t\t\t\n\t\t\t\n<h2>Bluefin Fitness Curv 3.0 Bici Ellittica Cross Trainer<\/h2>\n<h3 class=\"thin-font\">Compatta e di Qualit\u00e0 Professionale<\/h3>\n<p>Affidati a Bluefin Fitness per la qualit\u00e0 massima quando si tratta di attrezzatura da palestra per la casa. La Bici Ellittica Cross Trainer Bluefin Fitness Curv 3.0 \u00e8 il modello pi\u00f9 grande della linea di bici ellittiche e, grazie alla sua ampia falcata, ti far\u00e0 vivere una incredibile esperienza di esercizi cardio con impatto ridotto nella tua palestra casalinga. Viene spedita in parte assemblata e completa di tutte le ultime caratteristiche di design. L\u2019unit\u00e0 di base \u00e8 dotata di robuste ruote ed \u00e8 facile da spostare quando non \u00e8 in uso.<\/p>\n<p>Aumenta la tua massa muscolare e brucia calorie con un allenamento a basso impatto che non sforza le articolazioni quanto un allenamento di cardio tipico. 12 programmi automatici + 16 livelli manuali di resistenza che ti permettono di camminare speditamente, simulare una corsa su un campo o fare uno sprint. Il volano posteriore, il motore silenzioso e i freni magnetici garantiscono un movimento fluido.<\/p>\n<p>Misura il tempo, la distanza, le calorie bruciate e le pulsazioni con la console digitale LCD retroilluminata. Utilizza l\u2019APP E-Health integrata per mobile o tablet: connettila tramite Bluetooth per tracciare e analizzare il progredire delle performance del tuo allenamento sulla dashboard personale.<\/p>\n\t\t<\/div>\n\t\t\t\t\t<\/div>\n\n\t\n\n\t<div id=\"col-1360814241\" class=\"col medium-5 small-12 large-5\"  >\n\t\t\t\t<div class=\"col-inner\"  >\n\t\t\t\n\t\t\t\n\t<div class=\"img has-hover x md-x lg-x y md-y lg-y\" id=\"image_152821458\">\n\t\t\t\t\t\t\t\t<div class=\"img-inner dark\" >\n\t\t\t<img decoding=\"async\" width=\"300\" height=\"300\" src=\"https:\/\/last.bluefinfitness.com\/wp-content\/uploads\/2019\/10\/a9f0eb5d-96a0-46db-bf2b-3c12861fa2c2.__CR00300300_PT0_SX300_V1___.png\" class=\"attachment-large size-large\" alt=\"Bluefin bici ellittica cross trainer\" srcset=\"https:\/\/last.bluefinfitness.com\/wp-content\/uploads\/2019\/10\/a9f0eb5d-96a0-46db-bf2b-3c12861fa2c2.__CR00300300_PT0_SX300_V1___.png 300w, https:\/\/last.bluefinfitness.com\/wp-content\/uploads\/2019\/10\/a9f0eb5d-96a0-46db-bf2b-3c12861fa2c2.__CR00300300_PT0_SX300_V1___-150x150.png 150w, https:\/\/last.bluefinfitness.com\/wp-content\/uploads\/2019\/10\/a9f0eb5d-96a0-46db-bf2b-3c12861fa2c2.__CR00300300_PT0_SX300_V1___-100x100.png 100w\" sizes=\"(max-width: 300px) 100vw, 300px\" \/>\t\t\t\t\t\t\n\t\t\t\t\t<\/div>\n\t\t\t\t\t\t\t\t\n<style>\n#image_152821458 {\n  width: 70%;\n}\n<\/style>\n\t<\/div>\n\t\n<h4>Specifiche:<\/h4>\n<ul>\n<li>Tecnologia di Alimentazione Autonoma<\/li>\n<li>Freni Magnetici<\/li>\n<li>12 Programmi Automatici<\/li>\n<li>16 Livelli Manuali di Resistenza<\/li>\n<li>HRC: Monitoraggio del Battito Cardiaco<\/li>\n<li>Rilevatore delle Pulsazioni<\/li>\n<li>App Smartphone E-Health Integrata<\/li>\n<li>Schermo: LCD Retroilluminato + ripiano per smartphone \/ tablet<\/li>\n<\/ul>\n\t\t<\/div>\n\t\t\t\t\t<\/div>\n\n\t\n<\/div>\n<div class=\"row row-small align-center\"  id=\"row-248369355\">\n\n\t<div id=\"col-356425472\" class=\"col medium-6 small-12 large-6\"  >\n\t\t\t\t<div class=\"col-inner\"  >\n\t\t\t\n\t\t\t\n<p><b>&#8212;&#8211; Caratteristiche &#8212;&#8211; <\/b><\/p>\n<p>\u2713 App E-Health per Mobile\/Tablet con Programmi integrati, Compatibile con i Social Network<br \/>\n\u2713 Console Digitale con Schermo LCD Retroilluminato<br \/>\n\u2713 Qualit\u00e0 Commerciale<br \/>\n\u2713 Design innovativo 162cm x 169cm x 65cm<br \/>\n\u2713 Ruote incorporate per facilitare il trasporto<br \/>\n\u2713 Sistema Silent Drive e Motore Silenzioso<br \/>\n\u2713 Freni Magnetici<br \/>\n\u2713 Manubri con presa ergonomica<br \/>\n\u2713 Pedali anti-scivolo<br \/>\n\u2713 Robusto volano da 14kg<\/p>\n\t\t<\/div>\n\t\t\t\t\t<\/div>\n\n\t\n\n\t<div id=\"col-323534127\" class=\"col medium-6 small-12 large-6\"  >\n\t\t\t\t<div class=\"col-inner\"  >\n\t\t\t\n\t\t\t\n<p><b>&#8212;&#8212; All&#8217;interno della Scatola &#8212;&#8212; <\/b><\/p>\n<p>\u279c Bluefin Fitness Curv 3.0 Bicicletta Ellittica Cross Trainer<br \/>\n\u279c Manuale delle Istruzioni<br \/>\n\u279c Kit degli Attrezzi per il montaggio e per la manutenzione<\/p>\n\t\t<\/div>\n\t\t\t\t\t<\/div>\n\n\t\n<\/div>\n","protected":false},"excerpt":{"rendered":"<ul>\n<li><strong>MOTO FLUIDO E SILENZIOSO:<\/strong> bici ellittica con silent drive autoalimentato e freni magnetici.<\/li>\n<li><strong>PROGRAMMI DI ALLENAMENTO INCORPORATI:<\/strong> bici ellittica con 12 programmi + 16 livelli di resistenza.<\/li>\n<li><strong>IMPATTO RIDOTTO, ALTA INTENSIT\u00c0:<\/strong> bici ellittica a basso impatto per proteggere le articolazioni.<\/li>\n<li><strong>APP SMARTPHONE INTEGRATA NELLA BICICLETTA ELLITTICA:<\/strong> collegabile con l&#8217;app fitness E-Health.<\/li>\n<li><strong>SCHERMO LCD:<\/strong> bici ellittica per la casa con display che mostra tempo, distanza, calorie e battito cardiaco.<\/li>\n<\/ul>\n","protected":false},"featured_media":645759,"comment_status":"open","ping_status":"closed","template":"","meta":[],"product_cat":[134,1025],"product_tag":[],"_links":{"self":[{"href":"https:\/\/last.bluefinfitness.com\/it\/wp-json\/wp\/v2\/product\/25387"}],"collection":[{"href":"https:\/\/last.bluefinfitness.com\/it\/wp-json\/wp\/v2\/product"}],"about":[{"href":"https:\/\/last.bluefinfitness.com\/it\/wp-json\/wp\/v2\/types\/product"}],"replies":[{"embeddable":true,"href":"https:\/\/last.bluefinfitness.com\/it\/wp-json\/wp\/v2\/comments?post=25387"}],"wp:featuredmedia":[{"embeddable":true,"href":"https:\/\/last.bluefinfitness.com\/it\/wp-json\/wp\/v2\/media\/645759"}],"wp:attachment":[{"href":"https:\/\/last.bluefinfitness.com\/it\/wp-json\/wp\/v2\/media?parent=25387"}],"wp:term":[{"taxonomy":"product_cat","embeddable":true,"href":"https:\/\/last.bluefinfitness.com\/it\/wp-json\/wp\/v2\/product_cat?post=25387"},{"taxonomy":"product_tag","embeddable":true,"href":"https:\/\/last.bluefinfitness.com\/it\/wp-json\/wp\/v2\/product_tag?post=25387"}],"curies":[{"name":"wp","href":"https:\/\/api.w.org\/{rel}","templated":true}]}}