{"id":267606,"date":"2021-01-25T12:13:49","date_gmt":"2021-01-25T12:13:49","guid":{"rendered":"https:\/\/www.bluefinfitness.com\/under-desk-elliptical\/"},"modified":"2024-04-15T11:33:16","modified_gmt":"2024-04-15T11:33:16","slug":"mini-stepper","status":"publish","type":"product","link":"https:\/\/last.bluefinfitness.com\/it\/mini-stepper\/","title":{"rendered":"Ellittica Bluefin Curv Mini"},"content":{"rendered":"\t<div class=\"img has-hover x md-x lg-x y md-y lg-y\" id=\"image_1856363050\">\n\t\t\t\t\t\t\t\t<div class=\"img-inner dark\" >\n\t\t\t<img decoding=\"async\" width=\"1020\" height=\"316\" src=\"https:\/\/last.bluefinfitness.com\/wp-content\/uploads\/2021\/01\/09_Mini-Curv_970-x-300px_IT-1-1920x594.jpg\" class=\"attachment-large size-large\" alt=\"Bluefin mini ellittica\" srcset=\"https:\/\/last.bluefinfitness.com\/wp-content\/uploads\/2021\/01\/09_Mini-Curv_970-x-300px_IT-1-1920x594.jpg 1920w, https:\/\/last.bluefinfitness.com\/wp-content\/uploads\/2021\/01\/09_Mini-Curv_970-x-300px_IT-1-800x247.jpg 800w, https:\/\/last.bluefinfitness.com\/wp-content\/uploads\/2021\/01\/09_Mini-Curv_970-x-300px_IT-1-768x238.jpg 768w, https:\/\/last.bluefinfitness.com\/wp-content\/uploads\/2021\/01\/09_Mini-Curv_970-x-300px_IT-1-1536x475.jpg 1536w, https:\/\/last.bluefinfitness.com\/wp-content\/uploads\/2021\/01\/09_Mini-Curv_970-x-300px_IT-1-500x155.jpg 500w, https:\/\/last.bluefinfitness.com\/wp-content\/uploads\/2021\/01\/09_Mini-Curv_970-x-300px_IT-1.jpg 2021w\" sizes=\"(max-width: 1020px) 100vw, 1020px\" \/>\t\t\t\t\t\t\n\t\t\t\t\t<\/div>\n\t\t\t\t\t\t\t\t\n<style>\n#image_1856363050 {\n  width: 100%;\n}\n<\/style>\n\t<\/div>\n\t\n\t<div id=\"gap-1080906306\" class=\"gap-element clearfix\" style=\"display:block; height:auto;\">\n\t\t\n<style>\n#gap-1080906306 {\n  padding-top: 30px;\n}\n<\/style>\n\t<\/div>\n\t\n<div class=\"row\"  id=\"row-1582086174\">\n\n\t<div id=\"col-1402975316\" class=\"col medium-4 small-12 large-4\"  >\n\t\t\t\t<div class=\"col-inner\"  >\n\t\t\t\n\t\t\t\n\t<div class=\"box has-hover   has-hover box-text-bottom\" >\n\n\t\t<div class=\"box-image\" >\n\t\t\t\t\t\t<div class=\"\" >\n\t\t\t\t<img decoding=\"async\" width=\"300\" height=\"300\" src=\"https:\/\/last.bluefinfitness.com\/wp-content\/uploads\/2021\/01\/10_Mini-Curv_300-x-300px_IT-1.jpg\" class=\"attachment- size-\" alt=\"Bluefin mini ellittica\" srcset=\"https:\/\/last.bluefinfitness.com\/wp-content\/uploads\/2021\/01\/10_Mini-Curv_300-x-300px_IT-1.jpg 300w, https:\/\/last.bluefinfitness.com\/wp-content\/uploads\/2021\/01\/10_Mini-Curv_300-x-300px_IT-1-150x150.jpg 150w, https:\/\/last.bluefinfitness.com\/wp-content\/uploads\/2021\/01\/10_Mini-Curv_300-x-300px_IT-1-100x100.jpg 100w\" sizes=\"(max-width: 300px) 100vw, 300px\" \/>\t\t\t\t\t\t\t\t\t\t\t<\/div>\n\t\t\t\t\t<\/div>\n\n\t\t<div class=\"box-text text-center\" >\n\t\t\t<div class=\"box-text-inner\">\n\t\t\t\t\n<p style=\"text-align: left;\"><strong>Bluefin Fitness Curv Mini. L\u2019Ellittica Che Sta Sotto La Tua Scrivania<br \/>\n<\/strong><\/p>\n<p style=\"text-align: left;\">Un allenamento completo, a basso impatto e senza rischi per le articolazioni da oggi \u00e8 possibile grazie a Curv Mini. Gli 8 livelli di resistenza ti consentono di adattare l\u2019intensit\u00e0 dell\u2019esercizio in base alle tue esigenze, rendendo questo mini stepper un attrezzo sportivo adatto a tutte le et\u00e0 e a tutte le abilit\u00e0 fisiche. Non ti rimane che rilassarti, sederti sul divano o sulla sedia della scrivania e pedalare verso i tuoi 10.000 passi al giorno.<\/p>\n\t\t\t<\/div>\n\t\t<\/div>\n\t<\/div>\n\t\n\t\t<\/div>\n\t\t\t\t\t<\/div>\n\n\t\n\n\t<div id=\"col-1134229877\" class=\"col medium-4 small-12 large-4\"  >\n\t\t\t\t<div class=\"col-inner\"  >\n\t\t\t\n\t\t\t\n\t<div class=\"box has-hover   has-hover box-text-bottom\" >\n\n\t\t<div class=\"box-image\" >\n\t\t\t\t\t\t<div class=\"\" >\n\t\t\t\t<img decoding=\"async\" width=\"300\" height=\"300\" src=\"https:\/\/last.bluefinfitness.com\/wp-content\/uploads\/2021\/01\/11_Mini-Curv_300-x-300px_IT-1.jpg\" class=\"attachment- size-\" alt=\"Bluefin mini ellittica\" srcset=\"https:\/\/last.bluefinfitness.com\/wp-content\/uploads\/2021\/01\/11_Mini-Curv_300-x-300px_IT-1.jpg 300w, https:\/\/last.bluefinfitness.com\/wp-content\/uploads\/2021\/01\/11_Mini-Curv_300-x-300px_IT-1-150x150.jpg 150w, https:\/\/last.bluefinfitness.com\/wp-content\/uploads\/2021\/01\/11_Mini-Curv_300-x-300px_IT-1-100x100.jpg 100w\" sizes=\"(max-width: 300px) 100vw, 300px\" \/>\t\t\t\t\t\t\t\t\t\t\t<\/div>\n\t\t\t\t\t<\/div>\n\n\t\t<div class=\"box-text text-center\" >\n\t\t\t<div class=\"box-text-inner\">\n\t\t\t\t\n<p style=\"text-align: left;\"><strong>Mini Ellittica dal Design Compatto. Lascia Entrare l\u2019Attivit\u00e0 Fisica nella Tua Vita<br \/>\n<\/strong><\/p>\n<p style=\"text-align: left;\">Curv Mini \u00e8 l\u2019ellittica pi\u00f9 piccola e compatta della nostra collezione. L\u2019abbiamo progettata con l\u2019obiettivo di rendere l\u2019allenamento in casa ancora pi\u00f9 facile. Entra perfettamente sotto un tavolo o una scrivania. Le scadenze da rispettare e le lunghe giornate di lavoro non saranno pi\u00f9 una scusa: ora puoi davvero mantenerti sempre in movimento. Perfetta anche da utilizzare mentre guardi il tuo programma preferito alla TV. Qualunque cosa tu stia facendo, \u00e8 sempre il momento giusto per allenarsi con Curv Mini.<\/p>\n\t\t\t<\/div>\n\t\t<\/div>\n\t<\/div>\n\t\n\t\t<\/div>\n\t\t\t\t\t<\/div>\n\n\t\n\n\t<div id=\"col-1518500732\" class=\"col medium-4 small-12 large-4\"  >\n\t\t\t\t<div class=\"col-inner\"  >\n\t\t\t\n\t\t\t\n\t<div class=\"box has-hover   has-hover box-text-bottom\" >\n\n\t\t<div class=\"box-image\" >\n\t\t\t\t\t\t<div class=\"\" >\n\t\t\t\t<img decoding=\"async\" width=\"300\" height=\"300\" src=\"https:\/\/last.bluefinfitness.com\/wp-content\/uploads\/2021\/01\/12_Mini-Curv_300-x-300px_IT.jpg\" class=\"attachment- size-\" alt=\"Bluefin mini ellittica\" srcset=\"https:\/\/last.bluefinfitness.com\/wp-content\/uploads\/2021\/01\/12_Mini-Curv_300-x-300px_IT.jpg 300w, https:\/\/last.bluefinfitness.com\/wp-content\/uploads\/2021\/01\/12_Mini-Curv_300-x-300px_IT-150x150.jpg 150w, https:\/\/last.bluefinfitness.com\/wp-content\/uploads\/2021\/01\/12_Mini-Curv_300-x-300px_IT-100x100.jpg 100w\" sizes=\"(max-width: 300px) 100vw, 300px\" \/>\t\t\t\t\t\t\t\t\t\t\t<\/div>\n\t\t\t\t\t<\/div>\n\n\t\t<div class=\"box-text text-center\" >\n\t\t\t<div class=\"box-text-inner\">\n\t\t\t\t\n<p style=\"text-align: left;\"><strong>Motore da 6,5 kg. Per i Tuoi Allenamenti Super Silenziosi<br \/>\n<\/strong><\/p>\n<p style=\"text-align: left;\">Grazie agli ingranaggi ultra fluidi e al motore super silenzioso da 6,5kg, nessuno si accorger\u00e0 che ti stai allenando. Il motore \u00e8 stato progettato per autoalimentarsi cos\u00ec puoi allenarti in qualsiasi momento senza dipendere da batterie o elettricit\u00e0. Le riunioni di lavoro o le serate davanti alla TV con la tua famiglia d&#8217;ora in poi non ti fermeranno pi\u00f9: pedala con la certezza di non disturbare nessuno.<\/p>\n\t\t\t<\/div>\n\t\t<\/div>\n\t<\/div>\n\t\n\t\t<\/div>\n\t\t\t\t\t<\/div>\n\n\t\n<\/div>\n<div class=\"row\"  id=\"row-215417029\">\n\n\t<div id=\"col-962851027\" class=\"col medium-4 small-12 large-4\"  >\n\t\t\t\t<div class=\"col-inner\"  >\n\t\t\t\n\t\t\t\n\t<div class=\"box has-hover   has-hover box-text-bottom\" >\n\n\t\t<div class=\"box-image\" >\n\t\t\t\t\t\t<div class=\"\" >\n\t\t\t\t<img decoding=\"async\" width=\"300\" height=\"300\" src=\"https:\/\/last.bluefinfitness.com\/wp-content\/uploads\/2024\/03\/13_Mini-Curv_300-x-300px_IT.jpg\" class=\"attachment- size-\" alt=\"Bluefin mini ellittica\" srcset=\"https:\/\/last.bluefinfitness.com\/wp-content\/uploads\/2024\/03\/13_Mini-Curv_300-x-300px_IT.jpg 300w, https:\/\/last.bluefinfitness.com\/wp-content\/uploads\/2024\/03\/13_Mini-Curv_300-x-300px_IT-280x280.jpg 280w, https:\/\/last.bluefinfitness.com\/wp-content\/uploads\/2024\/03\/13_Mini-Curv_300-x-300px_IT-100x100.jpg 100w\" sizes=\"(max-width: 300px) 100vw, 300px\" \/>\t\t\t\t\t\t\t\t\t\t\t<\/div>\n\t\t\t\t\t<\/div>\n\n\t\t<div class=\"box-text text-center\" >\n\t\t\t<div class=\"box-text-inner\">\n\t\t\t\t\n<p style=\"text-align: left;\"><strong>App Integrata. Raggiungi la Tua Forma Fisica Divertendoti<br \/>\n<\/strong><\/p>\n<p style=\"text-align: left;\">Con la speciale applicazione puoi allenarti in tutto il mondo, competere con altri appassionati di fitness, monitorare i tuoi progressi con il pannello di controllo personale e rendere i tuoi allenamenti ancora pi\u00f9 coinvolgenti e divertenti. Utilizza l\u2019app per tenere sotto controllo la durata di ogni sessione, la distanza percorsa e le calorie bruciate: in questo modo saprai sempre quando \u00e8 il momento giusto di intensificare il tuo workout.<\/p>\n\t\t\t<\/div>\n\t\t<\/div>\n\t<\/div>\n\t\n\t\t<\/div>\n\t\t\t\t\t<\/div>\n\n\t\n\n\t<div id=\"col-1379419205\" class=\"col medium-4 small-12 large-4\"  >\n\t\t\t\t<div class=\"col-inner\"  >\n\t\t\t\n\t\t\t\n\t<div class=\"box has-hover   has-hover box-text-bottom\" >\n\n\t\t<div class=\"box-image\" >\n\t\t\t\t\t\t<div class=\"\" >\n\t\t\t\t<img decoding=\"async\" width=\"300\" height=\"300\" src=\"https:\/\/last.bluefinfitness.com\/wp-content\/uploads\/2021\/01\/14_Mini-Curv_300-x-300px_IT.jpg\" class=\"attachment- size-\" alt=\"Bluefin mini ellittica\" srcset=\"https:\/\/last.bluefinfitness.com\/wp-content\/uploads\/2021\/01\/14_Mini-Curv_300-x-300px_IT.jpg 300w, https:\/\/last.bluefinfitness.com\/wp-content\/uploads\/2021\/01\/14_Mini-Curv_300-x-300px_IT-150x150.jpg 150w, https:\/\/last.bluefinfitness.com\/wp-content\/uploads\/2021\/01\/14_Mini-Curv_300-x-300px_IT-100x100.jpg 100w\" sizes=\"(max-width: 300px) 100vw, 300px\" \/>\t\t\t\t\t\t\t\t\t\t\t<\/div>\n\t\t\t\t\t<\/div>\n\n\t\t<div class=\"box-text text-center\" >\n\t\t\t<div class=\"box-text-inner\">\n\t\t\t\t\n<p style=\"text-align: left;\"><strong>Innovativi Pedali Antiscivolo. Sempre Un Passo Avanti<br \/>\n<\/strong><\/p>\n<p style=\"text-align: left;\">Grazie alla comodit\u00e0 dei nostri innovativi pedali antiscivolo ti lasciamo la libert\u00e0 di decidere se allenarti con o senza scarpe. D\u2019altronde, fare attivit\u00e0 fisica in casa vuol dire anche mettersi completamente a proprio agio.<\/p>\n\t\t\t<\/div>\n\t\t<\/div>\n\t<\/div>\n\t\n\t\t<\/div>\n\t\t\t\t\t<\/div>\n\n\t\n\n\t<div id=\"col-1620163050\" class=\"col medium-4 small-12 large-4\"  >\n\t\t\t\t<div class=\"col-inner\"  >\n\t\t\t\n\t\t\t\n\t<div class=\"box has-hover   has-hover box-text-bottom\" >\n\n\t\t<div class=\"box-image\" >\n\t\t\t\t\t\t<div class=\"\" >\n\t\t\t\t<img decoding=\"async\" width=\"300\" height=\"300\" src=\"https:\/\/last.bluefinfitness.com\/wp-content\/uploads\/2021\/01\/15_Mini-Curv_300-x-300px_IT.jpg\" class=\"attachment- size-\" alt=\"Bluefin mini ellittica\" srcset=\"https:\/\/last.bluefinfitness.com\/wp-content\/uploads\/2021\/01\/15_Mini-Curv_300-x-300px_IT.jpg 300w, https:\/\/last.bluefinfitness.com\/wp-content\/uploads\/2021\/01\/15_Mini-Curv_300-x-300px_IT-150x150.jpg 150w, https:\/\/last.bluefinfitness.com\/wp-content\/uploads\/2021\/01\/15_Mini-Curv_300-x-300px_IT-100x100.jpg 100w\" sizes=\"(max-width: 300px) 100vw, 300px\" \/>\t\t\t\t\t\t\t\t\t\t\t<\/div>\n\t\t\t\t\t<\/div>\n\n\t\t<div class=\"box-text text-center\" >\n\t\t\t<div class=\"box-text-inner\">\n\t\t\t\t\n<p style=\"text-align: left;\"><strong>Display LCD. Monitora le Tue Performance.<br \/>\n<\/strong><\/p>\n<p style=\"text-align: left;\">Grazie al display LCD puoi tenere traccia in tempo reale del tuo allenamento con dati e statistiche che monitorano velocit\u00e0, tempo, distanza e calorie bruciate.<\/p>\n\t\t\t<\/div>\n\t\t<\/div>\n\t<\/div>\n\t\n\t\t<\/div>\n\t\t\t\t\t<\/div>\n\n\t\n<\/div>\n<div class=\"row\"  id=\"row-932558585\">\n\n\t<div id=\"col-111781236\" class=\"col medium-3 small-6 large-3\"  >\n\t\t\t\t<div class=\"col-inner\"  >\n\t\t\t\n\t\t\t\n\t<div class=\"box has-hover   has-hover box-text-bottom\" >\n\n\t\t<div class=\"box-image\" >\n\t\t\t\t\t\t<div class=\"\" >\n\t\t\t\t<img decoding=\"async\" width=\"220\" height=\"220\" src=\"https:\/\/last.bluefinfitness.com\/wp-content\/uploads\/2021\/01\/16_Mini-Curv_220-x-220px_IT.jpg\" class=\"attachment- size-\" alt=\"Bluefin mini ellittica\" srcset=\"https:\/\/last.bluefinfitness.com\/wp-content\/uploads\/2021\/01\/16_Mini-Curv_220-x-220px_IT.jpg 220w, https:\/\/last.bluefinfitness.com\/wp-content\/uploads\/2021\/01\/16_Mini-Curv_220-x-220px_IT-150x150.jpg 150w, https:\/\/last.bluefinfitness.com\/wp-content\/uploads\/2021\/01\/16_Mini-Curv_220-x-220px_IT-100x100.jpg 100w\" sizes=\"(max-width: 220px) 100vw, 220px\" \/>\t\t\t\t\t\t\t\t\t\t\t<\/div>\n\t\t\t\t\t<\/div>\n\n\t\t<div class=\"box-text text-center\" >\n\t\t\t<div class=\"box-text-inner\">\n\t\t\t\t\n\t\t\t<\/div>\n\t\t<\/div>\n\t<\/div>\n\t\n\t\t<\/div>\n\t\t\t\t\t<\/div>\n\n\t\n\n\t<div id=\"col-83055688\" class=\"col medium-3 small-6 large-3\"  >\n\t\t\t\t<div class=\"col-inner\"  >\n\t\t\t\n\t\t\t\n\t<div class=\"box has-hover   has-hover box-text-bottom\" >\n\n\t\t<div class=\"box-image\" >\n\t\t\t\t\t\t<div class=\"\" >\n\t\t\t\t<img decoding=\"async\" width=\"220\" height=\"220\" src=\"https:\/\/last.bluefinfitness.com\/wp-content\/uploads\/2021\/01\/17_Mini-Curv_220-x-220px_IT.jpg\" class=\"attachment- size-\" alt=\"Bluefin mini ellittica\" srcset=\"https:\/\/last.bluefinfitness.com\/wp-content\/uploads\/2021\/01\/17_Mini-Curv_220-x-220px_IT.jpg 220w, https:\/\/last.bluefinfitness.com\/wp-content\/uploads\/2021\/01\/17_Mini-Curv_220-x-220px_IT-150x150.jpg 150w, https:\/\/last.bluefinfitness.com\/wp-content\/uploads\/2021\/01\/17_Mini-Curv_220-x-220px_IT-100x100.jpg 100w\" sizes=\"(max-width: 220px) 100vw, 220px\" \/>\t\t\t\t\t\t\t\t\t\t\t<\/div>\n\t\t\t\t\t<\/div>\n\n\t\t<div class=\"box-text text-center\" >\n\t\t\t<div class=\"box-text-inner\">\n\t\t\t\t\n\t\t\t<\/div>\n\t\t<\/div>\n\t<\/div>\n\t\n\t\t<\/div>\n\t\t\t\t\t<\/div>\n\n\t\n\n\t<div id=\"col-1947095644\" class=\"col medium-3 small-6 large-3\"  >\n\t\t\t\t<div class=\"col-inner\"  >\n\t\t\t\n\t\t\t\n\t<div class=\"box has-hover   has-hover box-text-bottom\" >\n\n\t\t<div class=\"box-image\" >\n\t\t\t\t\t\t<div class=\"\" >\n\t\t\t\t<img decoding=\"async\" width=\"220\" height=\"220\" src=\"https:\/\/last.bluefinfitness.com\/wp-content\/uploads\/2021\/01\/18_Mini-Curv_220-x-220px_IT.jpg\" class=\"attachment- size-\" alt=\"Bluefin mini ellittica\" srcset=\"https:\/\/last.bluefinfitness.com\/wp-content\/uploads\/2021\/01\/18_Mini-Curv_220-x-220px_IT.jpg 220w, https:\/\/last.bluefinfitness.com\/wp-content\/uploads\/2021\/01\/18_Mini-Curv_220-x-220px_IT-150x150.jpg 150w, https:\/\/last.bluefinfitness.com\/wp-content\/uploads\/2021\/01\/18_Mini-Curv_220-x-220px_IT-100x100.jpg 100w\" sizes=\"(max-width: 220px) 100vw, 220px\" \/>\t\t\t\t\t\t\t\t\t\t\t<\/div>\n\t\t\t\t\t<\/div>\n\n\t\t<div class=\"box-text text-center\" >\n\t\t\t<div class=\"box-text-inner\">\n\t\t\t\t\n\t\t\t<\/div>\n\t\t<\/div>\n\t<\/div>\n\t\n\t\t<\/div>\n\t\t\t\t\t<\/div>\n\n\t\n\n\t<div id=\"col-936004089\" class=\"col medium-3 small-6 large-3\"  >\n\t\t\t\t<div class=\"col-inner\"  >\n\t\t\t\n\t\t\t\n\t<div class=\"box has-hover   has-hover box-text-bottom\" >\n\n\t\t<div class=\"box-image\" >\n\t\t\t\t\t\t<div class=\"\" >\n\t\t\t\t<img decoding=\"async\" width=\"220\" height=\"220\" src=\"https:\/\/last.bluefinfitness.com\/wp-content\/uploads\/2021\/01\/19_Mini-Curv_220-x-220px_IT.jpg\" class=\"attachment- size-\" alt=\"Bluefin mini ellittica\" srcset=\"https:\/\/last.bluefinfitness.com\/wp-content\/uploads\/2021\/01\/19_Mini-Curv_220-x-220px_IT.jpg 220w, https:\/\/last.bluefinfitness.com\/wp-content\/uploads\/2021\/01\/19_Mini-Curv_220-x-220px_IT-150x150.jpg 150w, https:\/\/last.bluefinfitness.com\/wp-content\/uploads\/2021\/01\/19_Mini-Curv_220-x-220px_IT-100x100.jpg 100w\" sizes=\"(max-width: 220px) 100vw, 220px\" \/>\t\t\t\t\t\t\t\t\t\t\t<\/div>\n\t\t\t\t\t<\/div>\n\n\t\t<div class=\"box-text text-center\" >\n\t\t\t<div class=\"box-text-inner\">\n\t\t\t\t\n\t\t\t<\/div>\n\t\t<\/div>\n\t<\/div>\n\t\n\t\t<\/div>\n\t\t\t\t\t<\/div>\n\n\t\n<\/div>\n","protected":false},"excerpt":{"rendered":"<p><strong>SIEDITI E COMINCIA SUBITO L\u2019ALLENAMENTO.<\/strong> Addio stile di vita sedentario! Con Curv Mini puoi allenarti anche mentre stai seduto su una sedia. Grazie agli 8 livelli di resistenza potrai fare step e fitness a casa, in ufficio o ovunque tu sia.<br \/>\n<strong>UN ANNO DI GARANZIA<\/strong>. Acquista in tutta sicurezza, tutte le attrezzature Bluefin sono coperte da una garanzia di 1 anno. Il nostro team di assistenza clienti \u00e8 sempre a disposizione per aiutarti con qualsiasi problema relativo agli ordini.<br \/>\n<strong>SILENZIOSO E POTENTE<\/strong>. Per fare step o fitness in casa e\u00a0 in ufficio ti serve qualcosa di silenzioso. Con il motore da 6,5kg e i pedali antiscivolo di Curv Mini puoi fare attivit\u00e0 fisica anche durante un film o una videoconferenza. Nessuno ti sentir\u00e0!<br \/>\n<strong>DESIGN SICURO E COMPATTO.<\/strong> Grazie alla fluidit\u00e0 dei suoi ingranaggi e al design professionale, con questa mini ellittica da casa le tue articolazioni sono al sicuro. Curv Mini \u00e8 uno stepper compatto, facile da riporre e trasportare. Puoi portare il fitness a casa, in ufficio, ovunque desideri.<br \/>\n<strong>DISPLAY LCD.<\/strong> Durata dell\u2019allenamento, distanza percorsa e calorie bruciate sono sempre sotto controllo con il display LCD integrato. Niente ti impedir\u00e0 di allenarti con costanza, neanche le lunghe ore di lavoro o i problemi alle articolazioni. Raggiungi i tuoi obiettivi di fitness con Curv Mini!<\/p>\n","protected":false},"featured_media":643255,"comment_status":"open","ping_status":"closed","template":"","meta":[],"product_cat":[1025],"product_tag":[],"_links":{"self":[{"href":"https:\/\/last.bluefinfitness.com\/it\/wp-json\/wp\/v2\/product\/267606"}],"collection":[{"href":"https:\/\/last.bluefinfitness.com\/it\/wp-json\/wp\/v2\/product"}],"about":[{"href":"https:\/\/last.bluefinfitness.com\/it\/wp-json\/wp\/v2\/types\/product"}],"replies":[{"embeddable":true,"href":"https:\/\/last.bluefinfitness.com\/it\/wp-json\/wp\/v2\/comments?post=267606"}],"wp:featuredmedia":[{"embeddable":true,"href":"https:\/\/last.bluefinfitness.com\/it\/wp-json\/wp\/v2\/media\/643255"}],"wp:attachment":[{"href":"https:\/\/last.bluefinfitness.com\/it\/wp-json\/wp\/v2\/media?parent=267606"}],"wp:term":[{"taxonomy":"product_cat","embeddable":true,"href":"https:\/\/last.bluefinfitness.com\/it\/wp-json\/wp\/v2\/product_cat?post=267606"},{"taxonomy":"product_tag","embeddable":true,"href":"https:\/\/last.bluefinfitness.com\/it\/wp-json\/wp\/v2\/product_tag?post=267606"}],"curies":[{"name":"wp","href":"https:\/\/api.w.org\/{rel}","templated":true}]}}