{"id":29033,"date":"2020-01-03T11:15:42","date_gmt":"2020-01-03T11:15:42","guid":{"rendered":"https:\/\/www.bluefinfitness.com\/product\/bluefin-fitness-tour-spin-cyclette-attrezzatura-palestra-da-casa-spinning-bike-kinomap-live-video-streaming-coaching-allenamento-video-bluetooth-smartphone-app-nero-grigio-argento\/"},"modified":"2023-11-09T11:17:26","modified_gmt":"2023-11-09T11:17:26","slug":"bici-sp-web-exclusive","status":"publish","type":"product","link":"https:\/\/last.bluefinfitness.com\/it\/bici-sp-web-exclusive\/","title":{"rendered":"Cyclette Bluefin Tour SP"},"content":{"rendered":"<p style=\"text-align: justify;\"><strong>Compatta e di Qualit\u00e0 Premium<\/strong><br \/>\nPuoi affidarti a Bluefin se stai cercando il meglio dell&#8217;attrezzatura da palestra per la casa. L&#8217;aerodinamica e la compattezza di Bluefin Fitness Cyclette Tour SP forniscono un&#8217;esperienza di esercizio cardio a basso impatto per la tua palestra in casa. Arriva in parte gi\u00e0 assemblata e completa di tutte le ultime innovazioni di design. L&#8217;unit\u00e0 di base \u00e8 dotata di robuste ruote ed \u00e8 facile da trasportare quando non viene usata.<\/p>\n<p style=\"text-align: justify;\">Aumenta i muscoli e brucia le calorie con questa cyclette per esercizi che non sforza in modo eccessivo le tue articolazioni. I livelli manuali di resistenza ti permettono di modificare l&#8217;andatura e di simulare terreni fuori-strada con inclinazione e resistenza variabili. Il robusto volano da 25kg e il sistema di trasmissione a cinghia silenziosa forniscono un moto fluido e un&#8217;alta intensit\u00e0 di allenamento.<\/p>\n<p style=\"text-align: justify;\">Misura tempo, distanza, calorie bruciate e pulsazioni grazie alla console digitale retroilluminata con schermo LCD. Utilizza l&#8217;App Kinomap integrata per mobile e tablet: connettiti via Bluetooth per tenere traccia e analizzare il tuo allenamento nel tempo grazie alla dashboard del fitness personale.<\/p>\n<p><em>Nota: i sensori della frequenza cardiaca sul corrimano sono solo per motivi illustrativi e non sono presenti su questo prodotto.<\/em><\/p>\n<p style=\"text-align: justify;\"><strong>&#8212;&#8212; Nella Scatola &#8212;&#8212;<\/strong><br \/>\n\u279c Bluefin Fitness Tour SP Cyclette<br \/>\n\u279c Manuale delle Istruzioni<br \/>\n\u279c Kit Strumenti per installazione e Manutenzione<\/p>\n<p style=\"text-align: justify;\"><strong>&#8212;&#8211; Caratteristiche &#8212;&#8211;<\/strong><br \/>\n\u2713 App Kinomap per Mobile\/Tablet con allenamenti video &#8211; Compatibile con i Social Network<br \/>\n\u2713 Qualit\u00e0 Premium<br \/>\n\u2713 Design innovativo 122cm x 129cm x 58cm<br \/>\n\u2713 Ruote incorporate per facilitare di trasporto<br \/>\n\u2713 Sistema di trasmissione a cinghia silenziosa<br \/>\n\u2713 Regolazione della tensione<br \/>\n\u2713 Manubri a caduta con supporti imbottiti per le braccia<br \/>\n\u2713 Pedali sportivi con cuscinetto in acciaio e impronta delle dita sagomata<br \/>\n\u2713 Porta bottiglia<br \/>\n\u2713 Robusto volano da 25kg<\/p>\n<p style=\"text-align: justify;\"><strong><em>Fai Clic su &#8220;Aggiungi al Carrello&#8221; e mettiti in forma con Bluefin!<\/em><\/strong><\/p>\n","protected":false},"excerpt":{"rendered":"<ul>\n<li style=\"text-align: justify;\"><strong>APP SMARTPHONE KINOMAP:<\/strong> migliaia di video di allenamento &amp; coaching. Unisciti alla community Kinomap<\/li>\n<li style=\"text-align: justify;\"><strong>SILENZIOSA:<\/strong> volano e sistema di trasmissione a cinghia silenziosi e dotati di un ottimo sistema di frenata.<\/li>\n<li style=\"text-align: justify;\"><strong>BASSO IMPATTO &#8211; ALTA INTENSIT\u00c0:<\/strong> esercizi a basso impatto che non danneggiano le articolazioni.<\/li>\n<li style=\"text-align: justify;\"><strong>DISPLAY LCD:<\/strong> misura tempo, distanza, calorie bruciate e pulsazioni. Raggiungi il tuo obiettivo.<\/li>\n<li style=\"text-align: justify;\"><strong>RESISTENZA REGOLABILE + FRENI:<\/strong> modifica la tensione e spingiti fino al tuo limite.<\/li>\n<\/ul>\n","protected":false},"featured_media":644914,"comment_status":"open","ping_status":"closed","template":"","meta":[],"product_cat":[134,1020],"product_tag":[],"_links":{"self":[{"href":"https:\/\/last.bluefinfitness.com\/it\/wp-json\/wp\/v2\/product\/29033"}],"collection":[{"href":"https:\/\/last.bluefinfitness.com\/it\/wp-json\/wp\/v2\/product"}],"about":[{"href":"https:\/\/last.bluefinfitness.com\/it\/wp-json\/wp\/v2\/types\/product"}],"replies":[{"embeddable":true,"href":"https:\/\/last.bluefinfitness.com\/it\/wp-json\/wp\/v2\/comments?post=29033"}],"wp:featuredmedia":[{"embeddable":true,"href":"https:\/\/last.bluefinfitness.com\/it\/wp-json\/wp\/v2\/media\/644914"}],"wp:attachment":[{"href":"https:\/\/last.bluefinfitness.com\/it\/wp-json\/wp\/v2\/media?parent=29033"}],"wp:term":[{"taxonomy":"product_cat","embeddable":true,"href":"https:\/\/last.bluefinfitness.com\/it\/wp-json\/wp\/v2\/product_cat?post=29033"},{"taxonomy":"product_tag","embeddable":true,"href":"https:\/\/last.bluefinfitness.com\/it\/wp-json\/wp\/v2\/product_tag?post=29033"}],"curies":[{"name":"wp","href":"https:\/\/api.w.org\/{rel}","templated":true}]}}