{"id":43697,"date":"2020-04-27T07:14:03","date_gmt":"2020-04-27T07:15:39","guid":{"rendered":"https:\/\/www.bluefinfitness.com\/?post_type=product&#038;p=43697"},"modified":"2022-05-04T22:08:55","modified_gmt":"2022-05-04T22:08:55","slug":"pistola-massaggiante","status":"publish","type":"product","link":"https:\/\/last.bluefinfitness.com\/it\/pistola-massaggiante\/","title":{"rendered":"Pistola Massaggiante DRUMM T-1"},"content":{"rendered":"<p><strong><span class=\"a-text-bold\">DRUMM T-1 Dispositivo per Terapia Massaggiante a Percussioni<\/span><\/strong><\/p>\n<p><strong><span class=\"a-text-bold\">Riabilitazione e Riattivamento Muscolare:<\/span><\/strong> da Bluefin Fitness, lo specialista dell\u2019attrezzatura per palestre casalinghe, la linea Drumm di dispositivi massaggianti a percussione. Ti aiuter\u00e0 a recuperare la funzionalit\u00e0 muscolare, alleviare tensioni e contratture muscolari prima e dopo le sessioni di allenamento.<\/p>\n<p>La scelta preferita da atleti, personal trainer, coaches e fisioterapisti di tutto il mondo. Questo elegante stimolatore muscolare T-1 offre un rilassamento senza pari, distensione e recupero del tessuto muscolare. Il dispositivo \u00e8 molto silenzioso: solo 50db a piena potenza (meno rumoroso di una normale conversazione!).<\/p>\n<p>Il design elegante e ultraleggero trasferisce tutta la sua potenza grazie a 3 impostazioni di velocit\u00e0 (1800 &#8211; 2600 percussioni al minuto) e permette di scegliere tra 6 diverse Testine Massaggianti incluse nella confezione.<\/p>\n<p>La batteria ricaricabile dura 90 minuti con uso continuo e a potenza massima.<\/p>\n<div class=\"row\"  id=\"row-284697218\">\n\n\t<div id=\"col-1599772160\" class=\"col medium-6 small-12 large-6\"  >\n\t\t\t\t<div class=\"col-inner\"  >\n\t\t\t\n\t\t\t\n<p><strong><span class=\"a-text-bold\">&#8212;&#8212; All\u2019interno della Scatola &#8212;&#8212;<\/span><\/strong><\/p>\n<ul class=\"a-unordered-list a-vertical\">\n<li><span class=\"a-list-item\">DRUMM T-1 di Bluefin Fitness | Dispositivo per Terapia Massaggiante a Percussioni<\/span><\/li>\n<li><span class=\"a-list-item\">Custodia di Lusso con Maniglia per un Facile Trasporto<\/span><\/li>\n<li><span class=\"a-list-item\">6 Testine Massaggianti: <\/span><span class=\"a-list-item\">Piatta, A Proiettile, A Manico, Biforcata, Boxing e Sferica.<\/span><\/li>\n<li><span class=\"a-list-item\">Manuale delle Istruzioni<\/span><\/li>\n<li><span class=\"a-list-item\">Cavo di Alimentazione \/ Caricatore<\/span><\/li>\n<\/ul>\n\t\t<\/div>\n\t\t\t\t\t<\/div>\n\n\t\n\n\t<div id=\"col-623948967\" class=\"col medium-6 small-12 large-6\"  >\n\t\t\t\t<div class=\"col-inner\"  >\n\t\t\t\n\t\t\t\n<p><strong><span class=\"a-text-bold\">&#8212;&#8211; Caratteristiche Principali &#8212;&#8211;<\/span><\/strong><\/p>\n<ul class=\"a-unordered-list a-vertical\">\n<li><span class=\"a-list-item\">30 &#8211; 43 Percussioni Per Secondo (1800 &#8211; 2600 Colpi al Minuto)<\/span><\/li>\n<li><span class=\"a-list-item\">3 Livelli di Velocit\u00e0<\/span><\/li>\n<li><span class=\"a-list-item\">Programma Automatico<\/span><\/li>\n<li><span class=\"a-list-item\">Ultra Silenzioso &#8211; solo 50db<\/span><\/li>\n<li><span class=\"a-list-item\">Estensione di 8mm per percussioni confortevoli<\/span><\/li>\n<li><span class=\"a-list-item\">Durata della batteria di 90 minuti a potenza massima<\/span><\/li>\n<li><span class=\"a-list-item\">Ultraleggera: 0.9kg<\/span><\/li>\n<li><span class=\"a-list-item\">Dimensioni: 222mm x 160mm x 55mm<\/span><\/li>\n<li><span class=\"a-list-item\">Presa Ergonomica<\/span><\/li>\n<li><span class=\"a-list-item\">Indicatori LED<\/span><\/li>\n<\/ul>\n\t\t<\/div>\n\t\t\t\t\t<\/div>\n\n\t\n<\/div>\n\t<div class=\"img has-hover x md-x lg-x y md-y lg-y\" id=\"image_1984966314\">\n\t\t\t\t\t\t\t\t<div class=\"img-inner dark\" >\n\t\t\t<img decoding=\"async\" width=\"970\" height=\"300\" src=\"https:\/\/last.bluefinfitness.com\/wp-content\/uploads\/2020\/04\/1.png\" class=\"attachment-large size-large\" alt=\"Bluefin pistola massaggiante\" srcset=\"https:\/\/last.bluefinfitness.com\/wp-content\/uploads\/2020\/04\/1.png 970w, https:\/\/last.bluefinfitness.com\/wp-content\/uploads\/2020\/04\/1-300x93.png 300w, https:\/\/last.bluefinfitness.com\/wp-content\/uploads\/2020\/04\/1-768x238.png 768w, https:\/\/last.bluefinfitness.com\/wp-content\/uploads\/2020\/04\/1-500x155.png 500w\" sizes=\"(max-width: 970px) 100vw, 970px\" \/>\t\t\t\t\t\t\n\t\t\t\t\t<\/div>\n\t\t\t\t\t\t\t\t\n<style>\n#image_1984966314 {\n  width: 100%;\n}\n<\/style>\n\t<\/div>\n\t\n\t<div id=\"gap-1892576313\" class=\"gap-element clearfix\" style=\"display:block; height:auto;\">\n\t\t\n<style>\n#gap-1892576313 {\n  padding-top: 30px;\n}\n<\/style>\n\t<\/div>\n\t\n<div class=\"row\"  id=\"row-2026326132\">\n\n\t<div id=\"col-598709287\" class=\"col medium-4 small-12 large-4\"  >\n\t\t\t\t<div class=\"col-inner\"  >\n\t\t\t\n\t\t\t\n\t<div class=\"box has-hover   has-hover box-text-bottom\" >\n\n\t\t<div class=\"box-image\" >\n\t\t\t\t\t\t<div class=\"\" >\n\t\t\t\t<img decoding=\"async\" width=\"300\" height=\"300\" src=\"https:\/\/last.bluefinfitness.com\/wp-content\/uploads\/2016\/04\/2.png\" class=\"attachment- size-\" alt=\"Bluefin pistola massaggiante\" srcset=\"https:\/\/last.bluefinfitness.com\/wp-content\/uploads\/2016\/04\/2.png 300w, https:\/\/last.bluefinfitness.com\/wp-content\/uploads\/2016\/04\/2-150x150.png 150w, https:\/\/last.bluefinfitness.com\/wp-content\/uploads\/2016\/04\/2-100x100.png 100w\" sizes=\"(max-width: 300px) 100vw, 300px\" \/>\t\t\t\t\t\t\t\t\t\t\t<\/div>\n\t\t\t\t\t<\/div>\n\n\t\t<div class=\"box-text text-center\" >\n\t\t\t<div class=\"box-text-inner\">\n\t\t\t\t\n<h4 style=\"text-align: left;\">DRUMM T-1 Dispositivo Terapeutico a Percussioni<\/h4>\n<p style=\"text-align: left;\"><strong>Il Ritmo delle Vibrazioni:<\/strong> l&#8217;elegante modello T-1 offre il livello perfetto di vibrazioni, senza provocare urti fastidiosi. \u00c8 dotato di un motore ultra-silenzioso che raggiunge le 2.600 oscillazioni al minuto. La scelta perfetta per atleti professionisti, trainers, coaches e fisioterapisti.<\/p>\n\t\t\t<\/div>\n\t\t<\/div>\n\t<\/div>\n\t\n\t\t<\/div>\n\t\t\t\t\t<\/div>\n\n\t\n\n\t<div id=\"col-1105378413\" class=\"col medium-4 small-12 large-4\"  >\n\t\t\t\t<div class=\"col-inner\"  >\n\t\t\t\n\t\t\t\n\t<div class=\"box has-hover   has-hover box-text-bottom\" >\n\n\t\t<div class=\"box-image\" >\n\t\t\t\t\t\t<div class=\"\" >\n\t\t\t\t<img decoding=\"async\" width=\"300\" height=\"300\" src=\"https:\/\/last.bluefinfitness.com\/wp-content\/uploads\/2016\/04\/3.png\" class=\"attachment- size-\" alt=\"Bluefin pistola massaggiante\" srcset=\"https:\/\/last.bluefinfitness.com\/wp-content\/uploads\/2016\/04\/3.png 300w, https:\/\/last.bluefinfitness.com\/wp-content\/uploads\/2016\/04\/3-150x150.png 150w, https:\/\/last.bluefinfitness.com\/wp-content\/uploads\/2016\/04\/3-100x100.png 100w\" sizes=\"(max-width: 300px) 100vw, 300px\" \/>\t\t\t\t\t\t\t\t\t\t\t<\/div>\n\t\t\t\t\t<\/div>\n\n\t\t<div class=\"box-text text-center\" >\n\t\t\t<div class=\"box-text-inner\">\n\t\t\t\t\n<h4 style=\"text-align: left;\"><strong>Lascia che il modello T-1 Prenda il Controllo<\/strong><\/h4>\n<p style=\"text-align: left;\"><strong>Programma Automatico:<\/strong> DRUMM T-1 ha un programma di massaggio integrato con velocit\u00e0 variabile che ti permetter\u00e0 di concentrarti solamente su di un&#8217;area muscolare specifica. Lascia che DRUMM faccia tutto il lavoro per te!<\/p>\n\t\t\t<\/div>\n\t\t<\/div>\n\t<\/div>\n\t\n\t\t<\/div>\n\t\t\t\t\t<\/div>\n\n\t\n\n\t<div id=\"col-1256820101\" class=\"col medium-4 small-12 large-4\"  >\n\t\t\t\t<div class=\"col-inner\"  >\n\t\t\t\n\t\t\t\n\t<div class=\"box has-hover   has-hover box-text-bottom\" >\n\n\t\t<div class=\"box-image\" >\n\t\t\t\t\t\t<div class=\"\" >\n\t\t\t\t<img decoding=\"async\" width=\"300\" height=\"300\" src=\"https:\/\/last.bluefinfitness.com\/wp-content\/uploads\/2016\/04\/4.png\" class=\"attachment- size-\" alt=\"Bluefin pistola massaggiante\" srcset=\"https:\/\/last.bluefinfitness.com\/wp-content\/uploads\/2016\/04\/4.png 300w, https:\/\/last.bluefinfitness.com\/wp-content\/uploads\/2016\/04\/4-150x150.png 150w, https:\/\/last.bluefinfitness.com\/wp-content\/uploads\/2016\/04\/4-100x100.png 100w\" sizes=\"(max-width: 300px) 100vw, 300px\" \/>\t\t\t\t\t\t\t\t\t\t\t<\/div>\n\t\t\t\t\t<\/div>\n\n\t\t<div class=\"box-text text-center\" >\n\t\t\t<div class=\"box-text-inner\">\n\t\t\t\t\n<h4 style=\"text-align: left;\">30 &#8211; 43 PPS (1800 &#8211; 2600 Colpi al Minuto)<\/h4>\n<p style=\"text-align: left;\"><strong>3 Livelli di Velocit\u00e0:<\/strong> Seleziona una delle tre velocit\u00e0 disponibili con un solo tasto. Scegli la velocit\u00e0 giusta per te e applica la quantit\u00e0 di pressione che preferisci per allentare la tensione e ridurre i dolori muscolari.<\/p>\n\t\t\t<\/div>\n\t\t<\/div>\n\t<\/div>\n\t\n\t\t<\/div>\n\t\t\t\t\t<\/div>\n\n\t\n<\/div>\n<div class=\"row\"  id=\"row-679566640\">\n\n\t<div id=\"col-1729705829\" class=\"col medium-4 small-12 large-4\"  >\n\t\t\t\t<div class=\"col-inner\"  >\n\t\t\t\n\t\t\t\n\t<div class=\"box has-hover   has-hover box-text-bottom\" >\n\n\t\t<div class=\"box-image\" >\n\t\t\t\t\t\t<div class=\"\" >\n\t\t\t\t<img decoding=\"async\" width=\"300\" height=\"300\" src=\"https:\/\/last.bluefinfitness.com\/wp-content\/uploads\/2020\/04\/5.png\" class=\"attachment- size-\" alt=\"Bluefin pistola massaggiante\" srcset=\"https:\/\/last.bluefinfitness.com\/wp-content\/uploads\/2020\/04\/5.png 300w, https:\/\/last.bluefinfitness.com\/wp-content\/uploads\/2020\/04\/5-150x150.png 150w, https:\/\/last.bluefinfitness.com\/wp-content\/uploads\/2020\/04\/5-100x100.png 100w\" sizes=\"(max-width: 300px) 100vw, 300px\" \/>\t\t\t\t\t\t\t\t\t\t\t<\/div>\n\t\t\t\t\t<\/div>\n\n\t\t<div class=\"box-text text-center\" >\n\t\t\t<div class=\"box-text-inner\">\n\t\t\t\t\n<h4 style=\"text-align: left;\">Niente Rumore. Niente Tensione<\/h4>\n<p style=\"text-align: left;\"><strong>Motore Ultra Silenzioso<\/strong>: con 50db o meno, il modello T-1 offre una terapia senza rumori fastidiosi. Pi\u00f9 silenziosa di una normale conversazione. Uno dei dispositivi massaggianti a percussione pi\u00f9 silenziosi sul mercato. Goditi il trattamento massaggiante che meriti.<\/p>\n\t\t\t<\/div>\n\t\t<\/div>\n\t<\/div>\n\t\n\t\t<\/div>\n\t\t\t\t\t<\/div>\n\n\t\n\n\t<div id=\"col-917835014\" class=\"col medium-4 small-12 large-4\"  >\n\t\t\t\t<div class=\"col-inner\"  >\n\t\t\t\n\t\t\t\n\t<div class=\"box has-hover   has-hover box-text-bottom\" >\n\n\t\t<div class=\"box-image\" >\n\t\t\t\t\t\t<div class=\"\" >\n\t\t\t\t<img decoding=\"async\" width=\"300\" height=\"300\" src=\"https:\/\/last.bluefinfitness.com\/wp-content\/uploads\/2016\/04\/6.png\" class=\"attachment- size-\" alt=\"Bluefin pistola massaggiante\" srcset=\"https:\/\/last.bluefinfitness.com\/wp-content\/uploads\/2016\/04\/6.png 300w, https:\/\/last.bluefinfitness.com\/wp-content\/uploads\/2016\/04\/6-150x150.png 150w, https:\/\/last.bluefinfitness.com\/wp-content\/uploads\/2016\/04\/6-100x100.png 100w\" sizes=\"(max-width: 300px) 100vw, 300px\" \/>\t\t\t\t\t\t\t\t\t\t\t<\/div>\n\t\t\t\t\t<\/div>\n\n\t\t<div class=\"box-text text-center\" >\n\t\t\t<div class=\"box-text-inner\">\n\t\t\t\t\n<h4 style=\"text-align: left;\"><strong>6 Testine Massaggianti Sostituibili Incluse<\/strong><\/h4>\n<p style=\"text-align: left;\">DRUMM T-1 arriva completo di 6 diverse testine massaggianti incluse&#8230;<\/p>\n<ul>\n<li style=\"text-align: left;\">Testina <strong>Sferica<\/strong>: massaggia e rilassa i muscoli pi\u00f9 grandi.<\/li>\n<li style=\"text-align: left;\">Testina <strong>Boxing<\/strong>: intervento pi\u00f9 incisivo sui gruppi muscolari pi\u00f9 estesi.<\/li>\n<li style=\"text-align: left;\">Testina <strong>Biforcata<\/strong>: agisce sui gruppi muscolari spinali, dell&#8217;avambraccio e delle gambe.<\/li>\n<li style=\"text-align: left;\">Testina a <strong>Manico<\/strong>: penetra nelle spalle, collo e muscoli pelvici.<\/li>\n<li style=\"text-align: left;\">Testina a <strong>Proiettile<\/strong>: agisce in modo mirato su articolazioni e punti specifici.<\/li>\n<li style=\"text-align: left;\">Testina <strong>Piatta<\/strong>: massaggia e rilassa i muscoli<\/li>\n<\/ul>\n\t\t\t<\/div>\n\t\t<\/div>\n\t<\/div>\n\t\n\t\t<\/div>\n\t\t\t\t\t<\/div>\n\n\t\n\n\t<div id=\"col-1093149845\" class=\"col medium-4 small-12 large-4\"  >\n\t\t\t\t<div class=\"col-inner\"  >\n\t\t\t\n\t\t\t\n\t<div class=\"box has-hover   has-hover box-text-bottom\" >\n\n\t\t<div class=\"box-image\" >\n\t\t\t\t\t\t<div class=\"\" >\n\t\t\t\t<img decoding=\"async\" width=\"300\" height=\"300\" src=\"https:\/\/last.bluefinfitness.com\/wp-content\/uploads\/2016\/04\/7.png\" class=\"attachment- size-\" alt=\"Bluefin pistola massaggiante\" srcset=\"https:\/\/last.bluefinfitness.com\/wp-content\/uploads\/2016\/04\/7.png 300w, https:\/\/last.bluefinfitness.com\/wp-content\/uploads\/2016\/04\/7-150x150.png 150w, https:\/\/last.bluefinfitness.com\/wp-content\/uploads\/2016\/04\/7-100x100.png 100w\" sizes=\"(max-width: 300px) 100vw, 300px\" \/>\t\t\t\t\t\t\t\t\t\t\t<\/div>\n\t\t\t\t\t<\/div>\n\n\t\t<div class=\"box-text text-center\" >\n\t\t\t<div class=\"box-text-inner\">\n\t\t\t\t\n<h4 style=\"text-align: left;\">Durata della Batteria di 90 Minuti con Carica Massima<\/h4>\n<p style=\"text-align: left;\">Puoi fare affidamento completo sulla durata della batteria. Il modello T-1 garantisce almeno 90 minuti d&#8217;uso tra una ricarica e l&#8217;altra. Si raccomanda comunque di non utilizzare il dispositivo massaggiante per pi\u00f9 di 1 ora alla volta, con una pausa di 30 minuti dopo l&#8217;utilizzo, dando cos\u00ec abbastanza tempo per completare un&#8217;altra ricarica in vista della sessione successiva.<\/p>\n\t\t\t<\/div>\n\t\t<\/div>\n\t<\/div>\n\t\n\t\t<\/div>\n\t\t\t\t\t<\/div>\n\n\t\n<\/div>\n<div class=\"row\"  id=\"row-193134317\">\n\n\t<div id=\"col-1933015307\" class=\"col medium-3 small-6 large-3\"  >\n\t\t\t\t<div class=\"col-inner\"  >\n\t\t\t\n\t\t\t\n\t<div class=\"box has-hover   has-hover box-text-bottom\" >\n\n\t\t<div class=\"box-image\" >\n\t\t\t\t\t\t<div class=\"\" >\n\t\t\t\t<img decoding=\"async\" width=\"220\" height=\"220\" src=\"https:\/\/last.bluefinfitness.com\/wp-content\/uploads\/2016\/04\/8.png\" class=\"attachment- size-\" alt=\"Bluefin pistola massaggiante\" srcset=\"https:\/\/last.bluefinfitness.com\/wp-content\/uploads\/2016\/04\/8.png 220w, https:\/\/last.bluefinfitness.com\/wp-content\/uploads\/2016\/04\/8-150x150.png 150w, https:\/\/last.bluefinfitness.com\/wp-content\/uploads\/2016\/04\/8-100x100.png 100w\" sizes=\"(max-width: 220px) 100vw, 220px\" \/>\t\t\t\t\t\t\t\t\t\t\t<\/div>\n\t\t\t\t\t<\/div>\n\n\t\t<div class=\"box-text text-center\" >\n\t\t\t<div class=\"box-text-inner\">\n\t\t\t\t\n<h4 style=\"text-align: left;\"><strong>Riabilitazione&#8230;<\/strong><\/h4>\n<p style=\"text-align: left;\">Riduce la tensione muscolare post-allenamento e aiuta a recuperare pi\u00f9 velocemente dopo gli esercizi pi\u00f9 duri. In questo modo ti permette di allenarti ancora pi\u00f9 intensamente.<\/p>\n\t\t\t<\/div>\n\t\t<\/div>\n\t<\/div>\n\t\n\t\t<\/div>\n\t\t\t\t\t<\/div>\n\n\t\n\n\t<div id=\"col-1487125984\" class=\"col medium-3 small-6 large-3\"  >\n\t\t\t\t<div class=\"col-inner\"  >\n\t\t\t\n\t\t\t\n\t<div class=\"box has-hover   has-hover box-text-bottom\" >\n\n\t\t<div class=\"box-image\" >\n\t\t\t\t\t\t<div class=\"\" >\n\t\t\t\t<img decoding=\"async\" width=\"220\" height=\"220\" src=\"https:\/\/last.bluefinfitness.com\/wp-content\/uploads\/2016\/04\/9.png\" class=\"attachment- size-\" alt=\"Bluefin pistola massaggiante\" srcset=\"https:\/\/last.bluefinfitness.com\/wp-content\/uploads\/2016\/04\/9.png 220w, https:\/\/last.bluefinfitness.com\/wp-content\/uploads\/2016\/04\/9-150x150.png 150w, https:\/\/last.bluefinfitness.com\/wp-content\/uploads\/2016\/04\/9-100x100.png 100w\" sizes=\"(max-width: 220px) 100vw, 220px\" \/>\t\t\t\t\t\t\t\t\t\t\t<\/div>\n\t\t\t\t\t<\/div>\n\n\t\t<div class=\"box-text text-center\" >\n\t\t\t<div class=\"box-text-inner\">\n\t\t\t\t\n<h4 style=\"text-align: left;\">Recupero&#8230;<\/h4>\n<p style=\"text-align: left;\">Grazie a T-1 puoi concentrarti sulle aree doloranti, sotto sforzo o stressate. Penetra a fondo all&#8217;interno del tessuto muscolare e ripristina la salute e il benessere dei tuoi muscoli.<\/p>\n\t\t\t<\/div>\n\t\t<\/div>\n\t<\/div>\n\t\n\t\t<\/div>\n\t\t\t\t\t<\/div>\n\n\t\n\n\t<div id=\"col-1581429564\" class=\"col medium-3 small-6 large-3\"  >\n\t\t\t\t<div class=\"col-inner\"  >\n\t\t\t\n\t\t\t\n\t<div class=\"box has-hover   has-hover box-text-bottom\" >\n\n\t\t<div class=\"box-image\" >\n\t\t\t\t\t\t<div class=\"\" >\n\t\t\t\t<img decoding=\"async\" width=\"220\" height=\"220\" src=\"https:\/\/last.bluefinfitness.com\/wp-content\/uploads\/2016\/04\/10.png\" class=\"attachment- size-\" alt=\"Bluefin pistola massaggiante\" srcset=\"https:\/\/last.bluefinfitness.com\/wp-content\/uploads\/2016\/04\/10.png 220w, https:\/\/last.bluefinfitness.com\/wp-content\/uploads\/2016\/04\/10-150x150.png 150w, https:\/\/last.bluefinfitness.com\/wp-content\/uploads\/2016\/04\/10-100x100.png 100w\" sizes=\"(max-width: 220px) 100vw, 220px\" \/>\t\t\t\t\t\t\t\t\t\t\t<\/div>\n\t\t\t\t\t<\/div>\n\n\t\t<div class=\"box-text text-center\" >\n\t\t\t<div class=\"box-text-inner\">\n\t\t\t\t\n<h4 class=\"a-spacing-mini\" style=\"text-align: left;\">Riattivazione&#8230;<\/h4>\n<p style=\"text-align: left;\">Potenzia rapidamente i tuoi muscoli e migliora le performance fisiche tra un allenamento e l&#8217;altro.<\/p>\n\t\t\t<\/div>\n\t\t<\/div>\n\t<\/div>\n\t\n\t\t<\/div>\n\t\t\t\t\t<\/div>\n\n\t\n\n\t<div id=\"col-835995001\" class=\"col medium-3 small-6 large-3\"  >\n\t\t\t\t<div class=\"col-inner\"  >\n\t\t\t\n\t\t\t\n\t<div class=\"box has-hover   has-hover box-text-bottom\" >\n\n\t\t<div class=\"box-image\" >\n\t\t\t\t\t\t<div class=\"\" >\n\t\t\t\t<img decoding=\"async\" width=\"220\" height=\"220\" src=\"https:\/\/last.bluefinfitness.com\/wp-content\/uploads\/2016\/04\/11.png\" class=\"attachment- size-\" alt=\"Bluefin pistola massaggiante\" srcset=\"https:\/\/last.bluefinfitness.com\/wp-content\/uploads\/2016\/04\/11.png 220w, https:\/\/last.bluefinfitness.com\/wp-content\/uploads\/2016\/04\/11-150x150.png 150w, https:\/\/last.bluefinfitness.com\/wp-content\/uploads\/2016\/04\/11-100x100.png 100w\" sizes=\"(max-width: 220px) 100vw, 220px\" \/>\t\t\t\t\t\t\t\t\t\t\t<\/div>\n\t\t\t\t\t<\/div>\n\n\t\t<div class=\"box-text text-center\" >\n\t\t\t<div class=\"box-text-inner\">\n\t\t\t\t\n<h4 style=\"text-align: left;\"><strong>Molto Altro Ancora<\/strong><\/h4>\n<p style=\"text-align: left;\">La terapia con percussioni \u00e8 conosciuta anche per i suoi benefici sulla mobilit\u00e0, sul miglioramento della coordinazione, sulla prevenzione degli infortuni, sul potenziamento della circolazione e sulla riduzione dello stress giornaliero causato ai muscoli dalle attivit\u00e0 quotidiane e lavorative.<\/p>\n\t\t\t<\/div>\n\t\t<\/div>\n\t<\/div>\n\t\n\t\t<\/div>\n\t\t\t\t\t<\/div>\n\n\t\n<\/div>\n\t<div class=\"img has-hover x md-x lg-x y md-y lg-y\" id=\"image_707000324\">\n\t\t\t\t\t\t\t\t<div class=\"img-inner dark\" >\n\t\t\t<img decoding=\"async\" width=\"970\" height=\"600\" src=\"https:\/\/last.bluefinfitness.com\/wp-content\/uploads\/2016\/04\/12.png\" class=\"attachment-large size-large\" alt=\"Bluefin pistola massaggiante\" srcset=\"https:\/\/last.bluefinfitness.com\/wp-content\/uploads\/2016\/04\/12.png 970w, https:\/\/last.bluefinfitness.com\/wp-content\/uploads\/2016\/04\/12-300x186.png 300w, https:\/\/last.bluefinfitness.com\/wp-content\/uploads\/2016\/04\/12-768x475.png 768w, https:\/\/last.bluefinfitness.com\/wp-content\/uploads\/2016\/04\/12-500x309.png 500w\" sizes=\"(max-width: 970px) 100vw, 970px\" \/>\t\t\t\t\t\t\n\t\t\t\t\t<\/div>\n\t\t\t\t\t\t\t\t\n<style>\n#image_707000324 {\n  width: 100%;\n}\n<\/style>\n\t<\/div>\n\t\n","protected":false},"excerpt":{"rendered":"<ul class=\"a-unordered-list a-vertical a-spacing-none\">\n<li><span class=\"a-list-item\"><strong>RIABILITAZIONE, ALLEVIAMENTO DEI DOLORI E RIATTIVAZIONE MUSCOLARE:<\/strong> riduce la tensione post-allenamento e rilassa a fondo i muscoli. Combatte lo stress e migliora la salute fisica. Pistola massaggiante per potenziare i muscoli e migliorare le performance fisiche.<\/span><\/li>\n<li><span class=\"a-list-item\"><strong>3 VELOCIT\u00c0 + PROGRAMMA AUTOMATICO:<\/strong> la pistola massaggiante DRUMM fornisce 30-43 Percussioni Per Secondo, con 3 impostazioni della velocit\u00e0. La pistola massaggiante ideale per gli atleti. Offre anche un programma automatico con velocit\u00e0 e stimolazione variabile.<\/span><\/li>\n<li><span class=\"a-list-item\"><strong>6 TESTINE MASSAGGIANTI INCLUSE:<\/strong> massaggia e rilassa tutti i muscoli, va ad agire in modo mirato su articolazioni e punti di attivazione. La pistola per massaggio a percussioni DRUMM T-1 penetra nelle spalle, nel collo e nei muscoli pelvici alleviando dolori e rigidit\u00e0. Incluse 6 testine massaggianti di vario tipo.<\/span><\/li>\n<li><span class=\"a-list-item\"><strong>SILENZIOSA, SENZA TENSIONE:<\/strong> solo 50db di rumore alla potenza massima, un livello sonoro molto basso rispetto a qualsiasi altra pistola per massaggio muscolare. Dai sollievo e rilassa i tuoi muscoli senza far rumore.<\/span><\/li>\n<li><span class=\"a-list-item\"><strong>90 MINUTI DI BATTERIA:<\/strong> il potente motore brushless da 16,8V \u00e8 alimentato da una batteria a lunga durata che permette di stimolare e massaggiare i muscoli in modo continuo per 1,5 ore tra una ricarica e l&#8217;altra. Incluso Cavo di Alimentazione e Custodia da Trasporto professionale.<\/span><\/li>\n<\/ul>\n","protected":false},"featured_media":644898,"comment_status":"open","ping_status":"closed","template":"","meta":[],"product_cat":[3455],"product_tag":[],"_links":{"self":[{"href":"https:\/\/last.bluefinfitness.com\/it\/wp-json\/wp\/v2\/product\/43697"}],"collection":[{"href":"https:\/\/last.bluefinfitness.com\/it\/wp-json\/wp\/v2\/product"}],"about":[{"href":"https:\/\/last.bluefinfitness.com\/it\/wp-json\/wp\/v2\/types\/product"}],"replies":[{"embeddable":true,"href":"https:\/\/last.bluefinfitness.com\/it\/wp-json\/wp\/v2\/comments?post=43697"}],"wp:featuredmedia":[{"embeddable":true,"href":"https:\/\/last.bluefinfitness.com\/it\/wp-json\/wp\/v2\/media\/644898"}],"wp:attachment":[{"href":"https:\/\/last.bluefinfitness.com\/it\/wp-json\/wp\/v2\/media?parent=43697"}],"wp:term":[{"taxonomy":"product_cat","embeddable":true,"href":"https:\/\/last.bluefinfitness.com\/it\/wp-json\/wp\/v2\/product_cat?post=43697"},{"taxonomy":"product_tag","embeddable":true,"href":"https:\/\/last.bluefinfitness.com\/it\/wp-json\/wp\/v2\/product_tag?post=43697"}],"curies":[{"name":"wp","href":"https:\/\/api.w.org\/{rel}","templated":true}]}}