{"id":629366,"date":"2021-12-03T14:51:27","date_gmt":"2021-12-03T14:51:27","guid":{"rendered":"https:\/\/www.bluefinfitness.com\/water_rower\/"},"modified":"2022-03-27T02:00:30","modified_gmt":"2022-03-27T02:00:30","slug":"vogatore-acqua-web-exclusive","status":"publish","type":"product","link":"https:\/\/last.bluefinfitness.com\/it\/vogatore-acqua-web-exclusive\/","title":{"rendered":"Vogatore Bluefin Blade Aqua M-1"},"content":{"rendered":"\t<div class=\"img has-hover x md-x lg-x y md-y lg-y\" id=\"image_2017702799\">\n\t\t\t\t\t\t\t\t<div class=\"img-inner dark\" >\n\t\t\t<img decoding=\"async\" width=\"970\" height=\"300\" src=\"https:\/\/last.bluefinfitness.com\/wp-content\/uploads\/2021\/12\/5060840904109-A-01-4.jpg\" class=\"attachment-large size-large\" alt=\"Bluefin \" srcset=\"https:\/\/last.bluefinfitness.com\/wp-content\/uploads\/2021\/12\/5060840904109-A-01-4.jpg 970w, https:\/\/last.bluefinfitness.com\/wp-content\/uploads\/2021\/12\/5060840904109-A-01-4-300x93.jpg 300w, https:\/\/last.bluefinfitness.com\/wp-content\/uploads\/2021\/12\/5060840904109-A-01-4-768x238.jpg 768w, https:\/\/last.bluefinfitness.com\/wp-content\/uploads\/2021\/12\/5060840904109-A-01-4-500x155.jpg 500w\" sizes=\"(max-width: 970px) 100vw, 970px\" \/>\t\t\t\t\t\t\n\t\t\t\t\t<\/div>\n\t\t\t\t\t\t\t\t\n<style>\n#image_2017702799 {\n  width: 100%;\n}\n<\/style>\n\t<\/div>\n\t\n\t<div id=\"gap-1432980182\" class=\"gap-element clearfix\" style=\"display:block; height:auto;\">\n\t\t\n<style>\n#gap-1432980182 {\n  padding-top: 30px;\n}\n<\/style>\n\t<\/div>\n\t\n<div class=\"row row-small align-center\"  id=\"row-2123122866\">\n\n\t<div id=\"col-348364820\" class=\"col medium-4 small-12 large-4\"  >\n\t\t\t\t<div class=\"col-inner\"  >\n\t\t\t\n\t\t\t\n\t<div class=\"box has-hover   has-hover box-text-bottom\" >\n\n\t\t<div class=\"box-image\" >\n\t\t\t\t\t\t<div class=\"\" >\n\t\t\t\t<img decoding=\"async\" width=\"600\" height=\"600\" src=\"https:\/\/last.bluefinfitness.com\/wp-content\/uploads\/2021\/12\/5060840904109-A-02.jpg\" class=\"attachment- size-\" alt=\"Bluefin \" srcset=\"https:\/\/last.bluefinfitness.com\/wp-content\/uploads\/2021\/12\/5060840904109-A-02.jpg 600w, https:\/\/last.bluefinfitness.com\/wp-content\/uploads\/2021\/12\/5060840904109-A-02-300x300.jpg 300w, https:\/\/last.bluefinfitness.com\/wp-content\/uploads\/2021\/12\/5060840904109-A-02-150x150.jpg 150w, https:\/\/last.bluefinfitness.com\/wp-content\/uploads\/2021\/12\/5060840904109-A-02-500x500.jpg 500w, https:\/\/last.bluefinfitness.com\/wp-content\/uploads\/2021\/12\/5060840904109-A-02-100x100.jpg 100w\" sizes=\"(max-width: 600px) 100vw, 600px\" \/>\t\t\t\t\t\t\t\t\t\t\t<\/div>\n\t\t\t\t\t<\/div>\n\n\t\t<div class=\"box-text text-center\" >\n\t\t\t<div class=\"box-text-inner\">\n\t\t\t\t\n<h4 style=\"text-align: left;\">Blade Aqua M-1: un&#8217;esperienza di voga realistica a casa<\/h4>\n<p style=\"text-align: left;\">Il vogatore ad acqua Blade Aqua M-1 ti aiuter\u00e0 a scolpire i muscoli, migliorare la tua salute cardiovascolare e rafforzare gli addominali con un allenamento di voga molto realistico da fare a casa. Progettato per fornire un movimento di voga naturale, porta il tuo allenamento a un livello successivo, perfezionando la tua tecnica, senza mai dover uscire in acqua.<\/p>\n\t\t\t<\/div>\n\t\t<\/div>\n\t<\/div>\n\t\n\t\t<\/div>\n\t\t\t\t\t<\/div>\n\n\t\n\n\t<div id=\"col-1792471153\" class=\"col medium-4 small-12 large-4\"  >\n\t\t\t\t<div class=\"col-inner\"  >\n\t\t\t\n\t\t\t\n\t<div class=\"box has-hover   has-hover box-text-bottom\" >\n\n\t\t<div class=\"box-image\" >\n\t\t\t\t\t\t<div class=\"\" >\n\t\t\t\t<img decoding=\"async\" width=\"600\" height=\"600\" src=\"https:\/\/last.bluefinfitness.com\/wp-content\/uploads\/2021\/12\/5060840904109-A-03.jpg\" class=\"attachment- size-\" alt=\"Bluefin \" srcset=\"https:\/\/last.bluefinfitness.com\/wp-content\/uploads\/2021\/12\/5060840904109-A-03.jpg 600w, https:\/\/last.bluefinfitness.com\/wp-content\/uploads\/2021\/12\/5060840904109-A-03-300x300.jpg 300w, https:\/\/last.bluefinfitness.com\/wp-content\/uploads\/2021\/12\/5060840904109-A-03-150x150.jpg 150w, https:\/\/last.bluefinfitness.com\/wp-content\/uploads\/2021\/12\/5060840904109-A-03-500x500.jpg 500w, https:\/\/last.bluefinfitness.com\/wp-content\/uploads\/2021\/12\/5060840904109-A-03-100x100.jpg 100w\" sizes=\"(max-width: 600px) 100vw, 600px\" \/>\t\t\t\t\t\t\t\t\t\t\t<\/div>\n\t\t\t\t\t<\/div>\n\n\t\t<div class=\"box-text text-center\" >\n\t\t\t<div class=\"box-text-inner\">\n\t\t\t\t\n<h4 style=\"text-align: left;\">Tecnologia idrica. Scopri il tuo potenziale<\/h4>\n<p style=\"text-align: left;\">Scopri il tuo vero potenziale di voga a casa con l&#8217;avanzata tecnologia idro del Blade Aqua M-1. Progettato con un serbatoio dell&#8217;acqua che regola la resistenza, puoi personalizzare completamente la tua esperienza di voga riempiendo il serbatoio al livello dell&#8217;acqua che desideri grazie alla pompa a sifone inclusa. Allenati come se stessi davvero navigando sull\u2019acqua.<\/p>\n\t\t\t<\/div>\n\t\t<\/div>\n\t<\/div>\n\t\n\t\t<\/div>\n\t\t\t\t\t<\/div>\n\n\t\n\n\t<div id=\"col-1165500337\" class=\"col medium-4 small-12 large-4\"  >\n\t\t\t\t<div class=\"col-inner\"  >\n\t\t\t\n\t\t\t\n\t<div class=\"box has-hover   has-hover box-text-bottom\" >\n\n\t\t<div class=\"box-image\" >\n\t\t\t\t\t\t<div class=\"\" >\n\t\t\t\t<img decoding=\"async\" width=\"600\" height=\"600\" src=\"https:\/\/last.bluefinfitness.com\/wp-content\/uploads\/2021\/12\/5060840904109-A-04-4.jpg\" class=\"attachment- size-\" alt=\"Bluefin \" srcset=\"https:\/\/last.bluefinfitness.com\/wp-content\/uploads\/2021\/12\/5060840904109-A-04-4.jpg 600w, https:\/\/last.bluefinfitness.com\/wp-content\/uploads\/2021\/12\/5060840904109-A-04-4-300x300.jpg 300w, https:\/\/last.bluefinfitness.com\/wp-content\/uploads\/2021\/12\/5060840904109-A-04-4-150x150.jpg 150w, https:\/\/last.bluefinfitness.com\/wp-content\/uploads\/2021\/12\/5060840904109-A-04-4-500x500.jpg 500w, https:\/\/last.bluefinfitness.com\/wp-content\/uploads\/2021\/12\/5060840904109-A-04-4-100x100.jpg 100w\" sizes=\"(max-width: 600px) 100vw, 600px\" \/>\t\t\t\t\t\t\t\t\t\t\t<\/div>\n\t\t\t\t\t<\/div>\n\n\t\t<div class=\"box-text text-center\" >\n\t\t\t<div class=\"box-text-inner\">\n\t\t\t\t\n<h4 style=\"text-align: left;\">Schermo LCD. Monitora le tue performance<\/h4>\n<p style=\"text-align: left;\">La console con schermo LCD consente di misurare con precisione la frequenza cardiaca, la velocit\u00e0, la distanza e il tempo di ogni allenamento, cos\u00ec da poter monitorare i progressi e le prestazioni di voga. Le opzioni rapide ti consentono di iniziare il tuo allenamento di canottaggio con il tocco di un singolo pulsante.<\/p>\n\t\t\t<\/div>\n\t\t<\/div>\n\t<\/div>\n\t\n\t\t<\/div>\n\t\t\t\t\t<\/div>\n\n\t\n<\/div>\n<div class=\"row row-small align-center\"  id=\"row-983733028\">\n\n\t<div id=\"col-256149567\" class=\"col medium-4 small-12 large-4\"  >\n\t\t\t\t<div class=\"col-inner\"  >\n\t\t\t\n\t\t\t\n\t<div class=\"box has-hover   has-hover box-text-bottom\" >\n\n\t\t<div class=\"box-image\" >\n\t\t\t\t\t\t<div class=\"\" >\n\t\t\t\t<img decoding=\"async\" width=\"600\" height=\"600\" src=\"https:\/\/last.bluefinfitness.com\/wp-content\/uploads\/2021\/12\/5060840904109-A-05.jpg\" class=\"attachment- size-\" alt=\"Bluefin \" srcset=\"https:\/\/last.bluefinfitness.com\/wp-content\/uploads\/2021\/12\/5060840904109-A-05.jpg 600w, https:\/\/last.bluefinfitness.com\/wp-content\/uploads\/2021\/12\/5060840904109-A-05-300x300.jpg 300w, https:\/\/last.bluefinfitness.com\/wp-content\/uploads\/2021\/12\/5060840904109-A-05-150x150.jpg 150w, https:\/\/last.bluefinfitness.com\/wp-content\/uploads\/2021\/12\/5060840904109-A-05-500x500.jpg 500w, https:\/\/last.bluefinfitness.com\/wp-content\/uploads\/2021\/12\/5060840904109-A-05-100x100.jpg 100w\" sizes=\"(max-width: 600px) 100vw, 600px\" \/>\t\t\t\t\t\t\t\t\t\t\t<\/div>\n\t\t\t\t\t<\/div>\n\n\t\t<div class=\"box-text text-center\" >\n\t\t\t<div class=\"box-text-inner\">\n\t\t\t\t\n<h4 style=\"text-align: left;\">App Kinomap integrata. Massimizza i tuoi allenamenti fitness<\/h4>\n<p style=\"text-align: left;\">Per mantenerti sempre motivato, l&#8217;app Kinomap offre opzioni per allenarti virtualmente in tutto il mondo, prendere parte alle competizioni organizzate dalla community e tenere traccia dei tuoi progressi grazie alla dashboard personale di fitness. L&#8217;app interattiva misura anche la velocit\u00e0 della vogata, la distanza percorsa, il tempo e le calorie bruciate durante ogni allenamento.<\/p>\n\t\t\t<\/div>\n\t\t<\/div>\n\t<\/div>\n\t\n\t\t<\/div>\n\t\t\t\t\t<\/div>\n\n\t\n\n\t<div id=\"col-2059984226\" class=\"col medium-4 small-12 large-4\"  >\n\t\t\t\t<div class=\"col-inner\"  >\n\t\t\t\n\t\t\t\n\t<div class=\"box has-hover   has-hover box-text-bottom\" >\n\n\t\t<div class=\"box-image\" >\n\t\t\t\t\t\t<div class=\"\" >\n\t\t\t\t<img decoding=\"async\" width=\"600\" height=\"600\" src=\"https:\/\/last.bluefinfitness.com\/wp-content\/uploads\/2021\/12\/5060840904109-A-06-4.jpg\" class=\"attachment- size-\" alt=\"Bluefin \" srcset=\"https:\/\/last.bluefinfitness.com\/wp-content\/uploads\/2021\/12\/5060840904109-A-06-4.jpg 600w, https:\/\/last.bluefinfitness.com\/wp-content\/uploads\/2021\/12\/5060840904109-A-06-4-300x300.jpg 300w, https:\/\/last.bluefinfitness.com\/wp-content\/uploads\/2021\/12\/5060840904109-A-06-4-150x150.jpg 150w, https:\/\/last.bluefinfitness.com\/wp-content\/uploads\/2021\/12\/5060840904109-A-06-4-500x500.jpg 500w, https:\/\/last.bluefinfitness.com\/wp-content\/uploads\/2021\/12\/5060840904109-A-06-4-100x100.jpg 100w\" sizes=\"(max-width: 600px) 100vw, 600px\" \/>\t\t\t\t\t\t\t\t\t\t\t<\/div>\n\t\t\t\t\t<\/div>\n\n\t\t<div class=\"box-text text-center\" >\n\t\t\t<div class=\"box-text-inner\">\n\t\t\t\t\n<h4 style=\"text-align: left;\">Allenamenti completi per tutto il corpo. Aumenta la tua massa muscolare<\/h4>\n<p style=\"text-align: left;\">Grazie al vogatore Aqua Blade M-1 migliori la tua forma fisica e il tuo benessere con allenamenti di voga a basso impatto e ad alta intensit\u00e0. Coinvolgi tutti i muscoli del tuo corpo per un allenamento completo che ti aiuter\u00e0 a bruciare calorie, scolpire i muscoli e migliorare la tua salute cardiovascolare. Tutto nella stessa sessione di allenamento!<\/p>\n\t\t\t<\/div>\n\t\t<\/div>\n\t<\/div>\n\t\n\t\t<\/div>\n\t\t\t\t\t<\/div>\n\n\t\n\n\t<div id=\"col-1287744738\" class=\"col medium-4 small-12 large-4\"  >\n\t\t\t\t<div class=\"col-inner\"  >\n\t\t\t\n\t\t\t\n\t<div class=\"box has-hover   has-hover box-text-bottom\" >\n\n\t\t<div class=\"box-image\" >\n\t\t\t\t\t\t<div class=\"\" >\n\t\t\t\t<img decoding=\"async\" width=\"600\" height=\"600\" src=\"https:\/\/last.bluefinfitness.com\/wp-content\/uploads\/2021\/12\/5060840904109-A-07.jpg\" class=\"attachment- size-\" alt=\"Bluefin \" srcset=\"https:\/\/last.bluefinfitness.com\/wp-content\/uploads\/2021\/12\/5060840904109-A-07.jpg 600w, https:\/\/last.bluefinfitness.com\/wp-content\/uploads\/2021\/12\/5060840904109-A-07-300x300.jpg 300w, https:\/\/last.bluefinfitness.com\/wp-content\/uploads\/2021\/12\/5060840904109-A-07-150x150.jpg 150w, https:\/\/last.bluefinfitness.com\/wp-content\/uploads\/2021\/12\/5060840904109-A-07-500x500.jpg 500w, https:\/\/last.bluefinfitness.com\/wp-content\/uploads\/2021\/12\/5060840904109-A-07-100x100.jpg 100w\" sizes=\"(max-width: 600px) 100vw, 600px\" \/>\t\t\t\t\t\t\t\t\t\t\t<\/div>\n\t\t\t\t\t<\/div>\n\n\t\t<div class=\"box-text text-center\" >\n\t\t\t<div class=\"box-text-inner\">\n\t\t\t\t\n<h4 style=\"text-align: left;\">Design leggero. Facile da trasportare e riporre<\/h4>\n<p style=\"text-align: left;\">Blade Aqua M-1 \u00e8 realizzato con un telaio aerodinamico e leggero, e ruote integrate per un facile trasporto. Nessuna fatica per spostarlo o riporlo dopo l\u2019allenamento.<\/p>\n\t\t\t<\/div>\n\t\t<\/div>\n\t<\/div>\n\t\n\t\t<\/div>\n\t\t\t\t\t<\/div>\n\n\t\n<\/div>\n<div class=\"row row-small align-center\"  id=\"row-536837182\">\n\n\t<div id=\"col-225123462\" class=\"col medium-3 small-12 large-3\"  >\n\t\t\t\t<div class=\"col-inner\"  >\n\t\t\t\n\t\t\t\n\t<div class=\"box has-hover   has-hover box-text-bottom\" >\n\n\t\t<div class=\"box-image\" >\n\t\t\t\t\t\t<div class=\"\" >\n\t\t\t\t<img decoding=\"async\" width=\"440\" height=\"440\" src=\"https:\/\/last.bluefinfitness.com\/wp-content\/uploads\/2021\/12\/5060840904109-A-08-4.jpg\" class=\"attachment- size-\" alt=\"Bluefin \" srcset=\"https:\/\/last.bluefinfitness.com\/wp-content\/uploads\/2021\/12\/5060840904109-A-08-4.jpg 440w, https:\/\/last.bluefinfitness.com\/wp-content\/uploads\/2021\/12\/5060840904109-A-08-4-300x300.jpg 300w, https:\/\/last.bluefinfitness.com\/wp-content\/uploads\/2021\/12\/5060840904109-A-08-4-150x150.jpg 150w, https:\/\/last.bluefinfitness.com\/wp-content\/uploads\/2021\/12\/5060840904109-A-08-4-100x100.jpg 100w\" sizes=\"(max-width: 440px) 100vw, 440px\" \/>\t\t\t\t\t\t\t\t\t\t\t<\/div>\n\t\t\t\t\t<\/div>\n\n\t\t<div class=\"box-text text-center\" >\n\t\t\t<div class=\"box-text-inner\">\n\t\t\t\t\n<h4 style=\"text-align: left;\">Barra di trazione resistente al sudore<\/h4>\n<p style=\"text-align: left;\">Grazie alla barra di trazione extra larga l\u2019allenamento sar\u00e0 fluido e adatto a tutti. Progettata con un design ergonomico e un rivestimento resistente al sudore, questa barra di trazione resister\u00e0 a lungo e a tutti i tuoi allenamenti, anche i pi\u00f9 intensi.<\/p>\n\t\t\t<\/div>\n\t\t<\/div>\n\t<\/div>\n\t\n\t\t<\/div>\n\t\t\t\t\t<\/div>\n\n\t\n\n\t<div id=\"col-545660749\" class=\"col medium-3 small-12 large-3\"  >\n\t\t\t\t<div class=\"col-inner\"  >\n\t\t\t\n\t\t\t\n\t<div class=\"box has-hover   has-hover box-text-bottom\" >\n\n\t\t<div class=\"box-image\" >\n\t\t\t\t\t\t<div class=\"\" >\n\t\t\t\t<img decoding=\"async\" width=\"440\" height=\"440\" src=\"https:\/\/last.bluefinfitness.com\/wp-content\/uploads\/2021\/12\/5060840904109-A-09-4.jpg\" class=\"attachment- size-\" alt=\"Bluefin \" srcset=\"https:\/\/last.bluefinfitness.com\/wp-content\/uploads\/2021\/12\/5060840904109-A-09-4.jpg 440w, https:\/\/last.bluefinfitness.com\/wp-content\/uploads\/2021\/12\/5060840904109-A-09-4-300x300.jpg 300w, https:\/\/last.bluefinfitness.com\/wp-content\/uploads\/2021\/12\/5060840904109-A-09-4-150x150.jpg 150w, https:\/\/last.bluefinfitness.com\/wp-content\/uploads\/2021\/12\/5060840904109-A-09-4-100x100.jpg 100w\" sizes=\"(max-width: 440px) 100vw, 440px\" \/>\t\t\t\t\t\t\t\t\t\t\t<\/div>\n\t\t\t\t\t<\/div>\n\n\t\t<div class=\"box-text text-center\" >\n\t\t\t<div class=\"box-text-inner\">\n\t\t\t\t\n<h4 style=\"text-align: left;\">Pedane di sicurezza antiscivolo<\/h4>\n<p style=\"text-align: left;\">Totale sicurezza grazie alle robuste pedane antiscivolo. I piedi staranno fermi grazie alle cinghie con chiusure in velcro regolabili. Il massimo del comfort per il tuo allenamento di canottaggio.<\/p>\n\t\t\t<\/div>\n\t\t<\/div>\n\t<\/div>\n\t\n\t\t<\/div>\n\t\t\t\t\t<\/div>\n\n\t\n\n\t<div id=\"col-1926621616\" class=\"col medium-3 small-12 large-3\"  >\n\t\t\t\t<div class=\"col-inner\"  >\n\t\t\t\n\t\t\t\n\t<div class=\"box has-hover   has-hover box-text-bottom\" >\n\n\t\t<div class=\"box-image\" >\n\t\t\t\t\t\t<div class=\"\" >\n\t\t\t\t<img decoding=\"async\" width=\"440\" height=\"440\" src=\"https:\/\/last.bluefinfitness.com\/wp-content\/uploads\/2021\/12\/5060840904109-A-10-4.jpg\" class=\"attachment- size-\" alt=\"Bluefin \" srcset=\"https:\/\/last.bluefinfitness.com\/wp-content\/uploads\/2021\/12\/5060840904109-A-10-4.jpg 440w, https:\/\/last.bluefinfitness.com\/wp-content\/uploads\/2021\/12\/5060840904109-A-10-4-300x300.jpg 300w, https:\/\/last.bluefinfitness.com\/wp-content\/uploads\/2021\/12\/5060840904109-A-10-4-150x150.jpg 150w, https:\/\/last.bluefinfitness.com\/wp-content\/uploads\/2021\/12\/5060840904109-A-10-4-100x100.jpg 100w\" sizes=\"(max-width: 440px) 100vw, 440px\" \/>\t\t\t\t\t\t\t\t\t\t\t<\/div>\n\t\t\t\t\t<\/div>\n\n\t\t<div class=\"box-text text-center\" >\n\t\t\t<div class=\"box-text-inner\">\n\t\t\t\t\n<h4 style=\"text-align: left;\">Comodo sedile sagomato<\/h4>\n<p style=\"text-align: left;\">L\u2019ampio sedile sagomato \u00e8 progettato per offrirti il \u200b\u200bmassimo del comfort e del supporto, nonch\u00e9 uno scorrimento silenzioso grazie agli speciali cuscinetti. \u00c8 cos\u00ec fluido che ti sembrer\u00e0 di essere davvero in acqua!<\/p>\n\t\t\t<\/div>\n\t\t<\/div>\n\t<\/div>\n\t\n\t\t<\/div>\n\t\t\t\t\t<\/div>\n\n\t\n\n\t<div id=\"col-775523037\" class=\"col medium-3 small-12 large-3\"  >\n\t\t\t\t<div class=\"col-inner\"  >\n\t\t\t\n\t\t\t\n\t<div class=\"box has-hover   has-hover box-text-bottom\" >\n\n\t\t<div class=\"box-image\" >\n\t\t\t\t\t\t<div class=\"\" >\n\t\t\t\t<img decoding=\"async\" width=\"440\" height=\"440\" src=\"https:\/\/last.bluefinfitness.com\/wp-content\/uploads\/2021\/12\/5060840904109-A-11-4.jpg\" class=\"attachment- size-\" alt=\"Bluefin \" srcset=\"https:\/\/last.bluefinfitness.com\/wp-content\/uploads\/2021\/12\/5060840904109-A-11-4.jpg 440w, https:\/\/last.bluefinfitness.com\/wp-content\/uploads\/2021\/12\/5060840904109-A-11-4-300x300.jpg 300w, https:\/\/last.bluefinfitness.com\/wp-content\/uploads\/2021\/12\/5060840904109-A-11-4-150x150.jpg 150w, https:\/\/last.bluefinfitness.com\/wp-content\/uploads\/2021\/12\/5060840904109-A-11-4-100x100.jpg 100w\" sizes=\"(max-width: 440px) 100vw, 440px\" \/>\t\t\t\t\t\t\t\t\t\t\t<\/div>\n\t\t\t\t\t<\/div>\n\n\t\t<div class=\"box-text text-center\" >\n\t\t\t<div class=\"box-text-inner\">\n\t\t\t\t\n<h4 style=\"text-align: left;\">Supporto regolabile per smartphone e tablet<\/h4>\n<p style=\"text-align: left;\">Rendi il tuo allenamento ancora pi\u00f9 perfetto con il supporto regolabile per smartphone e tablet. Potrai ascoltare la tua musica preferita o guardare l&#8217;ultima serie di Netflix, il supporto integrato \u00e8 progettato per aiutarti a ottenere il massimo.<\/p>\n\t\t\t<\/div>\n\t\t<\/div>\n\t<\/div>\n\t\n\t\t<\/div>\n\t\t\t\t\t<\/div>\n\n\t\n<\/div>\n<div class=\"yt-video\"><iframe title=\"YouTube video player\" src=\"https:\/\/www.youtube.com\/embed\/tOodLkTDXFI?controls=0\" frameborder=\"0\" allowfullscreen=\"allowfullscreen\"><\/iframe><\/div>\n<p style=\"margin-top: 50px;\">Il vogatore ad acqua Bluefin Fitness Blade Aqua M-1 offre un&#8217;esperienza di voga realistica stando comodamente a casa tua. Progettato per simulare un movimento di voga naturale grazie alla sua avanzata tecnologia idrica, ti allenerai come un professionista e perfezionerai la tua tecnica di voga senza mai dover combattere contro acque ghiacciate.<\/p>\n<p>Con il serbatoio dell&#8217;acqua regolabile a 6 diversi livelli di resistenza, potrai portare le tue prestazioni di canottaggio a un livello superiore di intensit\u00e0, personalizzando il tuo allenamento per coinvolgere tutti i muscoli del corpo.<\/p>\n<p>Costruito con un robusto telaio in alluminio e acciaio rinforzato offre caratteristiche di voga di alta qualit\u00e0: sedile sagomato e scorrevole, pedane regolabili antiscivolo e barra di trazione ergonomica resistente al sudore. Il Blade Aqua M-1 sopporter\u00e0 i tuoi allenamenti pi\u00f9 intensi, pi\u00f9 e pi\u00f9 volte.<\/p>\n<p>Monitora le tue prestazioni con la console LCD per misurare la frequenza cardiaca, il tempo, la distanza percorsa e le calorie bruciate durante ogni allenamento. Approfitta dell&#8217;app Kinomap integrata per monitorare e analizzare i tuoi allenamenti sulla tua dashboard personale di fitness, oltre a goderti tutti gli allenamenti e le competizioni interattive disponibili.<\/p>\n<p>Non preoccuparti, Blade Aqua M-1 non occupa troppo spazio in casa, \u00e8 progettato per essere leggero e facilmente trasportabile. Le ruote integrate rendono pi\u00f9 semplice che mai spostarlo e metterlo via.<\/p>\n<p>-Nella scatola-<\/p>\n<p>\u2022 Vogatore Bluefin Fitness Blade Aqua M-1<br \/>\n\u2022 Serbatoio dell\u2019acqua<br \/>\n\u2022 Console LCD<br \/>\n\u2022 Pompa dell&#8217;acqua a sifone<br \/>\n\u2022 Manuale delle istruzioni<br \/>\n\u2022 Kit di attrezzi per il montaggio e la manutenzione<\/p>\n<p>\u2014Caratteristiche principali\u2014<\/p>\n<p>\u2022 Resistenza idrica ad acqua<br \/>\n\u2022 Compatibilit\u00e0 con l&#8217;app Kinomap e video allenamenti<br \/>\n\u2022 Console LCD<br \/>\n\u2022 Manubrio ergonomico resistente al sudore<br \/>\n\u2022 Pedane sicure antiscivolo<br \/>\n\u2022 Ampio sedile sagomato<br \/>\n\u2022 Ripiano regolabile per tablet<br \/>\n\u2022 Peso: 42.05KG<\/p>\n","protected":false},"excerpt":{"rendered":"<ul>\n<li>MOVIMENTO DI VOGA REALISTICO: Progettato per replicare il naturale movimento del canottaggio, il Blade Aqua M-1 \u00e8 il vogatore perfetto da casa. Ottieni tutti i benefici del canottaggio per la tua salute senza gli schizzi!<\/li>\n<li>ALLENAMENTO COMPLETO CON IL VOGATORE HYDRO-POWER: Grazie al serbatoio d&#8217;acqua con cui regolare la resistenza della vogata fino a un massimo di 6 livelli, puoi personalizzare i tuoi allenamenti e coinvolgere tutti i muscoli del corpo.<\/li>\n<li>PER Il FITNESS PI\u00d9 INTENSO: Costruito in alluminio e acciaio, con un resistente sedile sagomato, pedane regolabili e barra di trazione ergonomica resistente al sudore, il vogatore ad acqua Blade Aqua M-1 resiste a tutti gli allenamenti pi\u00f9 intensi.<\/li>\n<li>COMPATIBILE CON KINOMAP: Allenamenti a casa pi\u00f9 divertenti grazie al vogatore Blade Aqua M-1 con Kinomap. Con le opzioni per allenarti in tutto il mondo, monitorare i progressi e partecipare alle competizioni, sarai sempre motivato a migliorare.<\/li>\n<li>LEGGERO E FACILE DA SPOSTARE: Grazie al design leggero e aerodinamico e alle ruote integrate, il vogatore pieghevole Blade Aqua M-1 \u00e8 facile da trasportare. \u00c8 dotato anche di una piastra di supporto per stabilizzarlo mentre \u00e8 messo via.<\/li>\n<\/ul>\n","protected":false},"featured_media":645774,"comment_status":"open","ping_status":"closed","template":"","meta":[],"product_cat":[1016],"product_tag":[],"_links":{"self":[{"href":"https:\/\/last.bluefinfitness.com\/it\/wp-json\/wp\/v2\/product\/629366"}],"collection":[{"href":"https:\/\/last.bluefinfitness.com\/it\/wp-json\/wp\/v2\/product"}],"about":[{"href":"https:\/\/last.bluefinfitness.com\/it\/wp-json\/wp\/v2\/types\/product"}],"replies":[{"embeddable":true,"href":"https:\/\/last.bluefinfitness.com\/it\/wp-json\/wp\/v2\/comments?post=629366"}],"wp:featuredmedia":[{"embeddable":true,"href":"https:\/\/last.bluefinfitness.com\/it\/wp-json\/wp\/v2\/media\/645774"}],"wp:attachment":[{"href":"https:\/\/last.bluefinfitness.com\/it\/wp-json\/wp\/v2\/media?parent=629366"}],"wp:term":[{"taxonomy":"product_cat","embeddable":true,"href":"https:\/\/last.bluefinfitness.com\/it\/wp-json\/wp\/v2\/product_cat?post=629366"},{"taxonomy":"product_tag","embeddable":true,"href":"https:\/\/last.bluefinfitness.com\/it\/wp-json\/wp\/v2\/product_tag?post=629366"}],"curies":[{"name":"wp","href":"https:\/\/api.w.org\/{rel}","templated":true}]}}