{"id":642946,"date":"2022-12-15T09:48:11","date_gmt":"2022-12-15T09:48:11","guid":{"rendered":"https:\/\/www.bluefinfitness.com\/fitness-blade-rowing-machine\/"},"modified":"2024-04-05T16:28:36","modified_gmt":"2024-04-05T16:28:36","slug":"fitness-blade-rowing-machine-web-exclusive","status":"publish","type":"product","link":"https:\/\/last.bluefinfitness.com\/it\/fitness-blade-rowing-machine-web-exclusive\/","title":{"rendered":"Vogatore Bluefin Blade FIT"},"content":{"rendered":"<p><img decoding=\"async\" src=\"https:\/\/bluefinfitness.com\/wp-content\/uploads\/2022\/12\/IT_Blade-A-Web-Image-1.jpg\" alt=\"\" width=\"1940\" height=\"1200\" class=\"alignnone size-full wp-image-642972\" srcset=\"https:\/\/last.bluefinfitness.com\/wp-content\/uploads\/2022\/12\/IT_Blade-A-Web-Image-1.jpg 1940w, https:\/\/last.bluefinfitness.com\/wp-content\/uploads\/2022\/12\/IT_Blade-A-Web-Image-1-300x186.jpg 300w, https:\/\/last.bluefinfitness.com\/wp-content\/uploads\/2022\/12\/IT_Blade-A-Web-Image-1-1024x633.jpg 1024w, https:\/\/last.bluefinfitness.com\/wp-content\/uploads\/2022\/12\/IT_Blade-A-Web-Image-1-768x475.jpg 768w, https:\/\/last.bluefinfitness.com\/wp-content\/uploads\/2022\/12\/IT_Blade-A-Web-Image-1-1536x950.jpg 1536w, https:\/\/last.bluefinfitness.com\/wp-content\/uploads\/2022\/12\/IT_Blade-A-Web-Image-1-500x309.jpg 500w\" sizes=\"(max-width: 1940px) 100vw, 1940px\" \/><\/p>\n<p><img decoding=\"async\" src=\"https:\/\/bluefinfitness.com\/wp-content\/uploads\/2022\/12\/IT_Blade-A-Web-Image-2.jpg\" alt=\"\" width=\"1939\" height=\"1200\" class=\"alignnone size-full wp-image-642974\" srcset=\"https:\/\/last.bluefinfitness.com\/wp-content\/uploads\/2022\/12\/IT_Blade-A-Web-Image-2.jpg 1939w, https:\/\/last.bluefinfitness.com\/wp-content\/uploads\/2022\/12\/IT_Blade-A-Web-Image-2-300x186.jpg 300w, https:\/\/last.bluefinfitness.com\/wp-content\/uploads\/2022\/12\/IT_Blade-A-Web-Image-2-1024x634.jpg 1024w, https:\/\/last.bluefinfitness.com\/wp-content\/uploads\/2022\/12\/IT_Blade-A-Web-Image-2-768x475.jpg 768w, https:\/\/last.bluefinfitness.com\/wp-content\/uploads\/2022\/12\/IT_Blade-A-Web-Image-2-1536x951.jpg 1536w, https:\/\/last.bluefinfitness.com\/wp-content\/uploads\/2022\/12\/IT_Blade-A-Web-Image-2-500x309.jpg 500w\" sizes=\"(max-width: 1939px) 100vw, 1939px\" \/><\/p>\n<p><img decoding=\"async\" src=\"https:\/\/last.bluefinfitness.com\/wp-content\/uploads\/2022\/12\/IT_FIT_Blade-FIT_A-Images_Blade-A-Web-Image-3.jpg\" alt=\"\" width=\"1347\" height=\"833\" class=\"alignnone size-full wp-image-655389\" srcset=\"https:\/\/last.bluefinfitness.com\/wp-content\/uploads\/2022\/12\/IT_FIT_Blade-FIT_A-Images_Blade-A-Web-Image-3.jpg 1347w, https:\/\/last.bluefinfitness.com\/wp-content\/uploads\/2022\/12\/IT_FIT_Blade-FIT_A-Images_Blade-A-Web-Image-3-647x400.jpg 647w, https:\/\/last.bluefinfitness.com\/wp-content\/uploads\/2022\/12\/IT_FIT_Blade-FIT_A-Images_Blade-A-Web-Image-3-1294x800.jpg 1294w, https:\/\/last.bluefinfitness.com\/wp-content\/uploads\/2022\/12\/IT_FIT_Blade-FIT_A-Images_Blade-A-Web-Image-3-768x475.jpg 768w, https:\/\/last.bluefinfitness.com\/wp-content\/uploads\/2022\/12\/IT_FIT_Blade-FIT_A-Images_Blade-A-Web-Image-3-500x309.jpg 500w\" sizes=\"(max-width: 1347px) 100vw, 1347px\" \/><\/p>\n<p><img decoding=\"async\" src=\"https:\/\/bluefinfitness.com\/wp-content\/uploads\/2022\/12\/IT_Blade-A-Web-Image-4.jpg\" alt=\"\" width=\"1940\" height=\"1200\" class=\"alignnone size-full wp-image-642976\" srcset=\"https:\/\/last.bluefinfitness.com\/wp-content\/uploads\/2022\/12\/IT_Blade-A-Web-Image-4.jpg 1940w, https:\/\/last.bluefinfitness.com\/wp-content\/uploads\/2022\/12\/IT_Blade-A-Web-Image-4-300x186.jpg 300w, https:\/\/last.bluefinfitness.com\/wp-content\/uploads\/2022\/12\/IT_Blade-A-Web-Image-4-1024x633.jpg 1024w, https:\/\/last.bluefinfitness.com\/wp-content\/uploads\/2022\/12\/IT_Blade-A-Web-Image-4-768x475.jpg 768w, https:\/\/last.bluefinfitness.com\/wp-content\/uploads\/2022\/12\/IT_Blade-A-Web-Image-4-1536x950.jpg 1536w, https:\/\/last.bluefinfitness.com\/wp-content\/uploads\/2022\/12\/IT_Blade-A-Web-Image-4-500x309.jpg 500w\" sizes=\"(max-width: 1940px) 100vw, 1940px\" \/><\/p>\n<p><img decoding=\"async\" src=\"https:\/\/bluefinfitness.com\/wp-content\/uploads\/2022\/12\/IT_Blade-A-Web-Image-5.jpg\" alt=\"\" width=\"1939\" height=\"1200\" class=\"alignnone size-full wp-image-642977\" srcset=\"https:\/\/last.bluefinfitness.com\/wp-content\/uploads\/2022\/12\/IT_Blade-A-Web-Image-5.jpg 1939w, https:\/\/last.bluefinfitness.com\/wp-content\/uploads\/2022\/12\/IT_Blade-A-Web-Image-5-300x186.jpg 300w, https:\/\/last.bluefinfitness.com\/wp-content\/uploads\/2022\/12\/IT_Blade-A-Web-Image-5-1024x634.jpg 1024w, https:\/\/last.bluefinfitness.com\/wp-content\/uploads\/2022\/12\/IT_Blade-A-Web-Image-5-768x475.jpg 768w, https:\/\/last.bluefinfitness.com\/wp-content\/uploads\/2022\/12\/IT_Blade-A-Web-Image-5-1536x951.jpg 1536w, https:\/\/last.bluefinfitness.com\/wp-content\/uploads\/2022\/12\/IT_Blade-A-Web-Image-5-500x309.jpg 500w\" sizes=\"(max-width: 1939px) 100vw, 1939px\" \/><\/p>\n<p><img decoding=\"async\" src=\"https:\/\/bluefinfitness.com\/wp-content\/uploads\/2022\/12\/IT_Blade-A-Web-Image-6.jpg\" alt=\"\" width=\"1940\" height=\"1200\" class=\"alignnone size-full wp-image-642978\" srcset=\"https:\/\/last.bluefinfitness.com\/wp-content\/uploads\/2022\/12\/IT_Blade-A-Web-Image-6.jpg 1940w, https:\/\/last.bluefinfitness.com\/wp-content\/uploads\/2022\/12\/IT_Blade-A-Web-Image-6-300x186.jpg 300w, https:\/\/last.bluefinfitness.com\/wp-content\/uploads\/2022\/12\/IT_Blade-A-Web-Image-6-1024x633.jpg 1024w, https:\/\/last.bluefinfitness.com\/wp-content\/uploads\/2022\/12\/IT_Blade-A-Web-Image-6-768x475.jpg 768w, https:\/\/last.bluefinfitness.com\/wp-content\/uploads\/2022\/12\/IT_Blade-A-Web-Image-6-1536x950.jpg 1536w, https:\/\/last.bluefinfitness.com\/wp-content\/uploads\/2022\/12\/IT_Blade-A-Web-Image-6-500x309.jpg 500w\" sizes=\"(max-width: 1940px) 100vw, 1940px\" \/><\/p>\n","protected":false},"excerpt":{"rendered":"<ul>\n<li>RESISTENZA MAGNETICA MANUALE: Il vogatore Blade FIT ha una resistenza magnetica manuale con 8 livelli di tensione per qualsiasi tipo di allenamento. Scegli il livello pi\u00f9 adatto a te e aumenta la resistenza nel tempo man mano che la voga migliora.<\/li>\n<li>DESIGN COMPATTO E LEGGERO: il binario di scorrimento del sedile \u00e8 costruito utilizzando alluminio rinforzato in acciaio. Grazie al suo design super leggero il vogatore pesa solo 21,9 kg. Progettato per essere facilmente spostato e riposto compatto verticalmente in poco spazio.<\/li>\n<li>COMPATIBILE CON KINOMAP: questo vogatore \u00e8 compatibile con Kinomap, app con migliaia di video di allenamento da tutto il mondo, lezioni con coach e allenamenti strutturati per il tuo canottaggio. Migliora il tuo allenamento con sfide sceniche e competizioni multiplayer.<\/li>\n<li>CARATTERISTICHE PRINCIPALI: Blade FIT ha una resistenza magnetica, un volano verticale per una voga pi\u00f9 realistica, una guida del sedile rinforzata in acciaio ed \u00e8 compatibile con Kinomap. Dotato di un confortevole sedile ergonomico e portabottiglie \u00e8 progettato per essere super leggero, facile da spostare e da riporre. \u00c8 la macchina perfetta per l&#8217; \u201cindoor fitness rowing\u201d.<\/li>\n<li>UN ANNO DI GARANZIA: Acquista in tutta sicurezza, tutte le attrezzature Bluefin sono coperte da una garanzia di 1 anno. Il nostro affidabile team di assistenza clienti \u00e8 sempre a disposizione per aiutarti con qualsiasi problema relativo agli ordini e supportarti nel tuo percorso di fitness.<\/li>\n<li>PER CHI \u00c8? Questo vogatore dalle prestazioni avanzate \u00e8 l&#8217;ideale per chiunque voglia allenarsi a casa. Le sue dimensioni, i livelli di tensione e il design compatto lo rendono perfetto per chiunque desideri un&#8217;esperienza di canottaggio realistica nel comfort di casa.<\/li>\n<\/ul>\n","protected":false},"featured_media":642882,"comment_status":"open","ping_status":"closed","template":"","meta":[],"product_cat":[1016],"product_tag":[],"_links":{"self":[{"href":"https:\/\/last.bluefinfitness.com\/it\/wp-json\/wp\/v2\/product\/642946"}],"collection":[{"href":"https:\/\/last.bluefinfitness.com\/it\/wp-json\/wp\/v2\/product"}],"about":[{"href":"https:\/\/last.bluefinfitness.com\/it\/wp-json\/wp\/v2\/types\/product"}],"replies":[{"embeddable":true,"href":"https:\/\/last.bluefinfitness.com\/it\/wp-json\/wp\/v2\/comments?post=642946"}],"wp:featuredmedia":[{"embeddable":true,"href":"https:\/\/last.bluefinfitness.com\/it\/wp-json\/wp\/v2\/media\/642882"}],"wp:attachment":[{"href":"https:\/\/last.bluefinfitness.com\/it\/wp-json\/wp\/v2\/media?parent=642946"}],"wp:term":[{"taxonomy":"product_cat","embeddable":true,"href":"https:\/\/last.bluefinfitness.com\/it\/wp-json\/wp\/v2\/product_cat?post=642946"},{"taxonomy":"product_tag","embeddable":true,"href":"https:\/\/last.bluefinfitness.com\/it\/wp-json\/wp\/v2\/product_tag?post=642946"}],"curies":[{"name":"wp","href":"https:\/\/api.w.org\/{rel}","templated":true}]}}