{"id":645051,"date":"2023-01-17T09:29:13","date_gmt":"2023-01-17T09:29:13","guid":{"rendered":"https:\/\/www.bluefinfitness.com\/lightweight-exercise-bike\/"},"modified":"2024-01-19T13:15:18","modified_gmt":"2024-01-19T13:15:18","slug":"cyclette-pieghevole-web-exclusive","status":"publish","type":"product","link":"https:\/\/last.bluefinfitness.com\/it\/cyclette-pieghevole-web-exclusive\/","title":{"rendered":"Cyclette Bluefin Fitness Tour Lite"},"content":{"rendered":"<p><img decoding=\"async\" src=\"https:\/\/last.bluefinfitness.com\/wp-content\/uploads\/2023\/01\/IT_FIT_Tour-Lite_A-Images_Tour-Lite-A-Web-Image_01.jpg\" alt=\"\" width=\"2021\" height=\"1250\" class=\"alignnone size-full wp-image-645086\" srcset=\"https:\/\/last.bluefinfitness.com\/wp-content\/uploads\/2023\/01\/IT_FIT_Tour-Lite_A-Images_Tour-Lite-A-Web-Image_01.jpg 2021w, https:\/\/last.bluefinfitness.com\/wp-content\/uploads\/2023\/01\/IT_FIT_Tour-Lite_A-Images_Tour-Lite-A-Web-Image_01-647x400.jpg 647w, https:\/\/last.bluefinfitness.com\/wp-content\/uploads\/2023\/01\/IT_FIT_Tour-Lite_A-Images_Tour-Lite-A-Web-Image_01-1293x800.jpg 1293w, https:\/\/last.bluefinfitness.com\/wp-content\/uploads\/2023\/01\/IT_FIT_Tour-Lite_A-Images_Tour-Lite-A-Web-Image_01-768x475.jpg 768w, https:\/\/last.bluefinfitness.com\/wp-content\/uploads\/2023\/01\/IT_FIT_Tour-Lite_A-Images_Tour-Lite-A-Web-Image_01-1536x950.jpg 1536w, https:\/\/last.bluefinfitness.com\/wp-content\/uploads\/2023\/01\/IT_FIT_Tour-Lite_A-Images_Tour-Lite-A-Web-Image_01-500x309.jpg 500w\" sizes=\"(max-width: 2021px) 100vw, 2021px\" \/><\/p>\n<p><img decoding=\"async\" src=\"https:\/\/last.bluefinfitness.com\/wp-content\/uploads\/2023\/01\/IT_FIT_Tour-Lite_A-Images_Tour-Lite-A-Web-Image_02.jpg\" alt=\"\" width=\"2021\" height=\"1250\" class=\"alignnone size-full wp-image-645087\" srcset=\"https:\/\/last.bluefinfitness.com\/wp-content\/uploads\/2023\/01\/IT_FIT_Tour-Lite_A-Images_Tour-Lite-A-Web-Image_02.jpg 2021w, https:\/\/last.bluefinfitness.com\/wp-content\/uploads\/2023\/01\/IT_FIT_Tour-Lite_A-Images_Tour-Lite-A-Web-Image_02-647x400.jpg 647w, https:\/\/last.bluefinfitness.com\/wp-content\/uploads\/2023\/01\/IT_FIT_Tour-Lite_A-Images_Tour-Lite-A-Web-Image_02-1293x800.jpg 1293w, https:\/\/last.bluefinfitness.com\/wp-content\/uploads\/2023\/01\/IT_FIT_Tour-Lite_A-Images_Tour-Lite-A-Web-Image_02-768x475.jpg 768w, https:\/\/last.bluefinfitness.com\/wp-content\/uploads\/2023\/01\/IT_FIT_Tour-Lite_A-Images_Tour-Lite-A-Web-Image_02-1536x950.jpg 1536w, https:\/\/last.bluefinfitness.com\/wp-content\/uploads\/2023\/01\/IT_FIT_Tour-Lite_A-Images_Tour-Lite-A-Web-Image_02-500x309.jpg 500w\" sizes=\"(max-width: 2021px) 100vw, 2021px\" \/><\/p>\n<p><img decoding=\"async\" src=\"https:\/\/last.bluefinfitness.com\/wp-content\/uploads\/2023\/01\/IT_FIT_Tour-Lite_A-Images_Tour-Lite-A-Web-Image_03_240119.jpg\" alt=\"\" width=\"1347\" height=\"833\" class=\"alignnone size-full wp-image-655396\" srcset=\"https:\/\/last.bluefinfitness.com\/wp-content\/uploads\/2023\/01\/IT_FIT_Tour-Lite_A-Images_Tour-Lite-A-Web-Image_03_240119.jpg 1347w, https:\/\/last.bluefinfitness.com\/wp-content\/uploads\/2023\/01\/IT_FIT_Tour-Lite_A-Images_Tour-Lite-A-Web-Image_03_240119-647x400.jpg 647w, https:\/\/last.bluefinfitness.com\/wp-content\/uploads\/2023\/01\/IT_FIT_Tour-Lite_A-Images_Tour-Lite-A-Web-Image_03_240119-1294x800.jpg 1294w, https:\/\/last.bluefinfitness.com\/wp-content\/uploads\/2023\/01\/IT_FIT_Tour-Lite_A-Images_Tour-Lite-A-Web-Image_03_240119-768x475.jpg 768w, https:\/\/last.bluefinfitness.com\/wp-content\/uploads\/2023\/01\/IT_FIT_Tour-Lite_A-Images_Tour-Lite-A-Web-Image_03_240119-500x309.jpg 500w\" sizes=\"(max-width: 1347px) 100vw, 1347px\" \/><\/p>\n<p><img decoding=\"async\" src=\"https:\/\/last.bluefinfitness.com\/wp-content\/uploads\/2023\/01\/IT_FIT_Tour-Lite_A-Images_Tour-Lite-A-Web-Image_04.jpg\" alt=\"\" width=\"2021\" height=\"1250\" class=\"alignnone size-full wp-image-645090\" srcset=\"https:\/\/last.bluefinfitness.com\/wp-content\/uploads\/2023\/01\/IT_FIT_Tour-Lite_A-Images_Tour-Lite-A-Web-Image_04.jpg 2021w, https:\/\/last.bluefinfitness.com\/wp-content\/uploads\/2023\/01\/IT_FIT_Tour-Lite_A-Images_Tour-Lite-A-Web-Image_04-647x400.jpg 647w, https:\/\/last.bluefinfitness.com\/wp-content\/uploads\/2023\/01\/IT_FIT_Tour-Lite_A-Images_Tour-Lite-A-Web-Image_04-1293x800.jpg 1293w, https:\/\/last.bluefinfitness.com\/wp-content\/uploads\/2023\/01\/IT_FIT_Tour-Lite_A-Images_Tour-Lite-A-Web-Image_04-768x475.jpg 768w, https:\/\/last.bluefinfitness.com\/wp-content\/uploads\/2023\/01\/IT_FIT_Tour-Lite_A-Images_Tour-Lite-A-Web-Image_04-1536x950.jpg 1536w, https:\/\/last.bluefinfitness.com\/wp-content\/uploads\/2023\/01\/IT_FIT_Tour-Lite_A-Images_Tour-Lite-A-Web-Image_04-500x309.jpg 500w\" sizes=\"(max-width: 2021px) 100vw, 2021px\" \/><\/p>\n<p><img decoding=\"async\" src=\"https:\/\/last.bluefinfitness.com\/wp-content\/uploads\/2023\/01\/IT_FIT_Tour-Lite_A-Images_Tour-Lite-A-Web-Image_05.jpg\" alt=\"\" width=\"2021\" height=\"1250\" class=\"alignnone size-full wp-image-645091\" srcset=\"https:\/\/last.bluefinfitness.com\/wp-content\/uploads\/2023\/01\/IT_FIT_Tour-Lite_A-Images_Tour-Lite-A-Web-Image_05.jpg 2021w, https:\/\/last.bluefinfitness.com\/wp-content\/uploads\/2023\/01\/IT_FIT_Tour-Lite_A-Images_Tour-Lite-A-Web-Image_05-647x400.jpg 647w, https:\/\/last.bluefinfitness.com\/wp-content\/uploads\/2023\/01\/IT_FIT_Tour-Lite_A-Images_Tour-Lite-A-Web-Image_05-1293x800.jpg 1293w, https:\/\/last.bluefinfitness.com\/wp-content\/uploads\/2023\/01\/IT_FIT_Tour-Lite_A-Images_Tour-Lite-A-Web-Image_05-768x475.jpg 768w, https:\/\/last.bluefinfitness.com\/wp-content\/uploads\/2023\/01\/IT_FIT_Tour-Lite_A-Images_Tour-Lite-A-Web-Image_05-1536x950.jpg 1536w, https:\/\/last.bluefinfitness.com\/wp-content\/uploads\/2023\/01\/IT_FIT_Tour-Lite_A-Images_Tour-Lite-A-Web-Image_05-500x309.jpg 500w\" sizes=\"(max-width: 2021px) 100vw, 2021px\" \/><\/p>\n<p><img decoding=\"async\" src=\"https:\/\/last.bluefinfitness.com\/wp-content\/uploads\/2023\/01\/IT_FIT_Tour-Lite_A-Images_Tour-Lite-A-Web-Image_06.jpg\" alt=\"\" width=\"2021\" height=\"1250\" class=\"alignnone size-full wp-image-645092\" srcset=\"https:\/\/last.bluefinfitness.com\/wp-content\/uploads\/2023\/01\/IT_FIT_Tour-Lite_A-Images_Tour-Lite-A-Web-Image_06.jpg 2021w, https:\/\/last.bluefinfitness.com\/wp-content\/uploads\/2023\/01\/IT_FIT_Tour-Lite_A-Images_Tour-Lite-A-Web-Image_06-647x400.jpg 647w, https:\/\/last.bluefinfitness.com\/wp-content\/uploads\/2023\/01\/IT_FIT_Tour-Lite_A-Images_Tour-Lite-A-Web-Image_06-1293x800.jpg 1293w, https:\/\/last.bluefinfitness.com\/wp-content\/uploads\/2023\/01\/IT_FIT_Tour-Lite_A-Images_Tour-Lite-A-Web-Image_06-768x475.jpg 768w, https:\/\/last.bluefinfitness.com\/wp-content\/uploads\/2023\/01\/IT_FIT_Tour-Lite_A-Images_Tour-Lite-A-Web-Image_06-1536x950.jpg 1536w, https:\/\/last.bluefinfitness.com\/wp-content\/uploads\/2023\/01\/IT_FIT_Tour-Lite_A-Images_Tour-Lite-A-Web-Image_06-500x309.jpg 500w\" sizes=\"(max-width: 2021px) 100vw, 2021px\" \/><\/p>\n","protected":false},"excerpt":{"rendered":"<ul>\n<li>8 \u200b\u200bLIVELLI DI RESISTENZA MAGNETICA: la cyclette ha una funzione di regolazione digitale magnetica di facile utilizzo, che consente di scegliere tra 8 livelli di resistenza. Puoi aumentare la resistenza e intensificare il tuo allenamento quando vuoi.<\/li>\n<li>DIMENSIONI E PORTABILIT\u00c0: una volta piegata questa cyclette occupa il 50% di spazio in meno cos\u00ec pu\u00f2 essere riposta dove vuoi in casa. Le ruote di trasporto anteriori ti consentono anche di spostarla facilmente dopo aver terminato l&#8217;allenamento.<\/li>\n<li>CARATTERISTICHE PRINCIPALI: Kinomap compatibile e con una potente resistenza magnetica. Progettata nel Regno Unito \u00e8 ergonomica per garantire comfort e manovrabilit\u00e0. Monitora il tuo allenamento in tempo reale con uno schermo LCD luminoso e intuitivo<\/li>\n<li>COMPATIBILE CON KINOMAP: la cyclette \u00e8 compatibile con Kinomap, app con video di allenamento da tutto il mondo, lezioni con coach e allenamenti strutturati. Migliora i tuoi esercizi con sfide sceniche e competizioni multiplayer.<\/li>\n<li>PER CHI \u00c8? Questa cyclette \u00e8 progettata ergonomicamente per accogliere utenti alti tra 162 e 188 cm. \u00c8 l&#8217;ideale per chi vuole allenarsi a casa ma cerca un\u2019esperienza di ciclismo realistico. Il design pieghevole la rende facile da riporre.<\/li>\n<li>MOVIMENTO FLUIDO E SILENZIOSO: Tour Lite \u00e8 stata progettata da professionisti del settore. \u00c8 una cyclette piccola e silenziosa che offre comunque un&#8217;esperienza di guida molto realistica, con funzionalit\u00e0 per un allenamento efficace.<\/li>\n<\/ul>\n","protected":false},"featured_media":645012,"comment_status":"open","ping_status":"closed","template":"","meta":[],"product_cat":[1020],"product_tag":[],"_links":{"self":[{"href":"https:\/\/last.bluefinfitness.com\/it\/wp-json\/wp\/v2\/product\/645051"}],"collection":[{"href":"https:\/\/last.bluefinfitness.com\/it\/wp-json\/wp\/v2\/product"}],"about":[{"href":"https:\/\/last.bluefinfitness.com\/it\/wp-json\/wp\/v2\/types\/product"}],"replies":[{"embeddable":true,"href":"https:\/\/last.bluefinfitness.com\/it\/wp-json\/wp\/v2\/comments?post=645051"}],"wp:featuredmedia":[{"embeddable":true,"href":"https:\/\/last.bluefinfitness.com\/it\/wp-json\/wp\/v2\/media\/645012"}],"wp:attachment":[{"href":"https:\/\/last.bluefinfitness.com\/it\/wp-json\/wp\/v2\/media?parent=645051"}],"wp:term":[{"taxonomy":"product_cat","embeddable":true,"href":"https:\/\/last.bluefinfitness.com\/it\/wp-json\/wp\/v2\/product_cat?post=645051"},{"taxonomy":"product_tag","embeddable":true,"href":"https:\/\/last.bluefinfitness.com\/it\/wp-json\/wp\/v2\/product_tag?post=645051"}],"curies":[{"name":"wp","href":"https:\/\/api.w.org\/{rel}","templated":true}]}}