{"id":645426,"date":"2023-01-20T11:58:50","date_gmt":"2023-01-20T11:58:50","guid":{"rendered":"https:\/\/www.bluefinfitness.com\/blade-air-row\/"},"modified":"2024-01-19T13:14:11","modified_gmt":"2024-01-19T13:14:11","slug":"blade-vogatore-pieghevole-web-exclusive","status":"publish","type":"product","link":"https:\/\/last.bluefinfitness.com\/it\/blade-vogatore-pieghevole-web-exclusive\/","title":{"rendered":"Vogatore ad Aria Bluefin Fitness Blade"},"content":{"rendered":"<p><img decoding=\"async\" src=\"https:\/\/last.bluefinfitness.com\/wp-content\/uploads\/2023\/01\/IT_FIT_Blade-Air_A-Image-01.jpg\" alt=\"\" width=\"1940\" height=\"1200\" class=\"alignnone size-full wp-image-645500\" srcset=\"https:\/\/last.bluefinfitness.com\/wp-content\/uploads\/2023\/01\/IT_FIT_Blade-Air_A-Image-01.jpg 1940w, https:\/\/last.bluefinfitness.com\/wp-content\/uploads\/2023\/01\/IT_FIT_Blade-Air_A-Image-01-647x400.jpg 647w, https:\/\/last.bluefinfitness.com\/wp-content\/uploads\/2023\/01\/IT_FIT_Blade-Air_A-Image-01-1293x800.jpg 1293w, https:\/\/last.bluefinfitness.com\/wp-content\/uploads\/2023\/01\/IT_FIT_Blade-Air_A-Image-01-768x475.jpg 768w, https:\/\/last.bluefinfitness.com\/wp-content\/uploads\/2023\/01\/IT_FIT_Blade-Air_A-Image-01-1536x950.jpg 1536w, https:\/\/last.bluefinfitness.com\/wp-content\/uploads\/2023\/01\/IT_FIT_Blade-Air_A-Image-01-500x309.jpg 500w\" sizes=\"(max-width: 1940px) 100vw, 1940px\" \/><\/p>\n<p><img decoding=\"async\" src=\"https:\/\/last.bluefinfitness.com\/wp-content\/uploads\/2023\/01\/IT_FIT_Blade-Air_A-Image-02.jpg\" alt=\"\" width=\"1940\" height=\"1200\" class=\"alignnone size-full wp-image-645501\" srcset=\"https:\/\/last.bluefinfitness.com\/wp-content\/uploads\/2023\/01\/IT_FIT_Blade-Air_A-Image-02.jpg 1940w, https:\/\/last.bluefinfitness.com\/wp-content\/uploads\/2023\/01\/IT_FIT_Blade-Air_A-Image-02-647x400.jpg 647w, https:\/\/last.bluefinfitness.com\/wp-content\/uploads\/2023\/01\/IT_FIT_Blade-Air_A-Image-02-1293x800.jpg 1293w, https:\/\/last.bluefinfitness.com\/wp-content\/uploads\/2023\/01\/IT_FIT_Blade-Air_A-Image-02-768x475.jpg 768w, https:\/\/last.bluefinfitness.com\/wp-content\/uploads\/2023\/01\/IT_FIT_Blade-Air_A-Image-02-1536x950.jpg 1536w, https:\/\/last.bluefinfitness.com\/wp-content\/uploads\/2023\/01\/IT_FIT_Blade-Air_A-Image-02-500x309.jpg 500w\" sizes=\"(max-width: 1940px) 100vw, 1940px\" \/><\/p>\n<p><img decoding=\"async\" src=\"https:\/\/last.bluefinfitness.com\/wp-content\/uploads\/2023\/01\/IT_FIT_Blade-AIR_A-Images_EN_FIT_Blade-Air_A-Image-03.jpg\" alt=\"\" width=\"1347\" height=\"833\" class=\"alignnone size-full wp-image-655387\" srcset=\"https:\/\/last.bluefinfitness.com\/wp-content\/uploads\/2023\/01\/IT_FIT_Blade-AIR_A-Images_EN_FIT_Blade-Air_A-Image-03.jpg 1347w, https:\/\/last.bluefinfitness.com\/wp-content\/uploads\/2023\/01\/IT_FIT_Blade-AIR_A-Images_EN_FIT_Blade-Air_A-Image-03-647x400.jpg 647w, https:\/\/last.bluefinfitness.com\/wp-content\/uploads\/2023\/01\/IT_FIT_Blade-AIR_A-Images_EN_FIT_Blade-Air_A-Image-03-1294x800.jpg 1294w, https:\/\/last.bluefinfitness.com\/wp-content\/uploads\/2023\/01\/IT_FIT_Blade-AIR_A-Images_EN_FIT_Blade-Air_A-Image-03-768x475.jpg 768w, https:\/\/last.bluefinfitness.com\/wp-content\/uploads\/2023\/01\/IT_FIT_Blade-AIR_A-Images_EN_FIT_Blade-Air_A-Image-03-500x309.jpg 500w\" sizes=\"(max-width: 1347px) 100vw, 1347px\" \/><\/p>\n<p><img decoding=\"async\" src=\"https:\/\/last.bluefinfitness.com\/wp-content\/uploads\/2023\/01\/IT_FIT_Blade-Air_A-Image-04.jpg\" alt=\"\" width=\"1940\" height=\"1200\" class=\"alignnone size-full wp-image-645503\" srcset=\"https:\/\/last.bluefinfitness.com\/wp-content\/uploads\/2023\/01\/IT_FIT_Blade-Air_A-Image-04.jpg 1940w, https:\/\/last.bluefinfitness.com\/wp-content\/uploads\/2023\/01\/IT_FIT_Blade-Air_A-Image-04-647x400.jpg 647w, https:\/\/last.bluefinfitness.com\/wp-content\/uploads\/2023\/01\/IT_FIT_Blade-Air_A-Image-04-1293x800.jpg 1293w, https:\/\/last.bluefinfitness.com\/wp-content\/uploads\/2023\/01\/IT_FIT_Blade-Air_A-Image-04-768x475.jpg 768w, https:\/\/last.bluefinfitness.com\/wp-content\/uploads\/2023\/01\/IT_FIT_Blade-Air_A-Image-04-1536x950.jpg 1536w, https:\/\/last.bluefinfitness.com\/wp-content\/uploads\/2023\/01\/IT_FIT_Blade-Air_A-Image-04-500x309.jpg 500w\" sizes=\"(max-width: 1940px) 100vw, 1940px\" \/><\/p>\n<p><img decoding=\"async\" src=\"https:\/\/last.bluefinfitness.com\/wp-content\/uploads\/2023\/01\/IT_FIT_Blade-Air_A-Image-05.jpg\" alt=\"\" width=\"1940\" height=\"1200\" class=\"alignnone size-full wp-image-645505\" srcset=\"https:\/\/last.bluefinfitness.com\/wp-content\/uploads\/2023\/01\/IT_FIT_Blade-Air_A-Image-05.jpg 1940w, https:\/\/last.bluefinfitness.com\/wp-content\/uploads\/2023\/01\/IT_FIT_Blade-Air_A-Image-05-647x400.jpg 647w, https:\/\/last.bluefinfitness.com\/wp-content\/uploads\/2023\/01\/IT_FIT_Blade-Air_A-Image-05-1293x800.jpg 1293w, https:\/\/last.bluefinfitness.com\/wp-content\/uploads\/2023\/01\/IT_FIT_Blade-Air_A-Image-05-768x475.jpg 768w, https:\/\/last.bluefinfitness.com\/wp-content\/uploads\/2023\/01\/IT_FIT_Blade-Air_A-Image-05-1536x950.jpg 1536w, https:\/\/last.bluefinfitness.com\/wp-content\/uploads\/2023\/01\/IT_FIT_Blade-Air_A-Image-05-500x309.jpg 500w\" sizes=\"(max-width: 1940px) 100vw, 1940px\" \/><\/p>\n<p><img decoding=\"async\" src=\"https:\/\/last.bluefinfitness.com\/wp-content\/uploads\/2023\/01\/IT_FIT_Blade-Air_A-Image-06.jpg\" alt=\"\" width=\"1940\" height=\"1200\" class=\"alignnone size-full wp-image-645506\" srcset=\"https:\/\/last.bluefinfitness.com\/wp-content\/uploads\/2023\/01\/IT_FIT_Blade-Air_A-Image-06.jpg 1940w, https:\/\/last.bluefinfitness.com\/wp-content\/uploads\/2023\/01\/IT_FIT_Blade-Air_A-Image-06-647x400.jpg 647w, https:\/\/last.bluefinfitness.com\/wp-content\/uploads\/2023\/01\/IT_FIT_Blade-Air_A-Image-06-1293x800.jpg 1293w, https:\/\/last.bluefinfitness.com\/wp-content\/uploads\/2023\/01\/IT_FIT_Blade-Air_A-Image-06-768x475.jpg 768w, https:\/\/last.bluefinfitness.com\/wp-content\/uploads\/2023\/01\/IT_FIT_Blade-Air_A-Image-06-1536x950.jpg 1536w, https:\/\/last.bluefinfitness.com\/wp-content\/uploads\/2023\/01\/IT_FIT_Blade-Air_A-Image-06-500x309.jpg 500w\" sizes=\"(max-width: 1940px) 100vw, 1940px\" \/><\/p>\n","protected":false},"excerpt":{"rendered":"<ul>\n<li>RESISTENZA COMBINATA MAGNETICA-ARIA: Blade Air ha ben 32 livelli di resistenza per darti un\u2019ampia variet\u00e0 di opzioni di allenamento. Possono essere controllati da una console centrale interattiva Smart Ring con quadrante a LED, un&#8217;esperienza premium!<\/li>\n<li>CONSOLE INTELLIGENTE: console interattiva LED all&#8217;avanguardia per regolare la resistenza e misurare tempo, distanza, velocit\u00e0 e calorie bruciate. Questa nuova tecnologia Premium \u00e8 facile da usare cos\u00ec potrai concentrarti solo sulla voga.<\/li>\n<li>DESIGN PIEGHEVOLE: progettato per occupare pochissimo spazio, con tutti i vantaggi di un vogatore tradizionale in un design sottile e leggero. La guida del sedile si solleva, si ripiega e il vogatore diventa pi\u00f9 piccolo . Pesa solo 24 kg.<\/li>\n<li>PER CHI \u00c8? Il Blade Air \u00e8 per chiunque cerchi un&#8217;esperienza superiore di canottaggio da casa. I 32 livelli di resistenza e il quadrante LED intuitivo ti consentono di spingere il tuo allenamento a livelli superiori, migliorando fitness e resistenza.<\/li>\n<li>CARATTERISTICHE PRINCIPALI: Piedini di livellamento con il pavimento, ruote per il trasporto e supporto regolabile per telefono\/tablet. Il design sottile ha una console Smart Ring e una resistenza magnetica\/aria per un allenamento avanzato.<\/li>\n<li>FEEDBACK IMMEDIATI PER L&#8217;UTENTE: la macchina fornisce feedback visibili e udibili sulla resistenza. Le pale della ventola sono visibili per offrire un\u2019esperienza molto realistica di voga, completata da uno sfiato che produce il suono.<\/li>\n<\/ul>\n","protected":false},"featured_media":646332,"comment_status":"open","ping_status":"closed","template":"","meta":[],"product_cat":[158,1016],"product_tag":[],"_links":{"self":[{"href":"https:\/\/last.bluefinfitness.com\/it\/wp-json\/wp\/v2\/product\/645426"}],"collection":[{"href":"https:\/\/last.bluefinfitness.com\/it\/wp-json\/wp\/v2\/product"}],"about":[{"href":"https:\/\/last.bluefinfitness.com\/it\/wp-json\/wp\/v2\/types\/product"}],"replies":[{"embeddable":true,"href":"https:\/\/last.bluefinfitness.com\/it\/wp-json\/wp\/v2\/comments?post=645426"}],"wp:featuredmedia":[{"embeddable":true,"href":"https:\/\/last.bluefinfitness.com\/it\/wp-json\/wp\/v2\/media\/646332"}],"wp:attachment":[{"href":"https:\/\/last.bluefinfitness.com\/it\/wp-json\/wp\/v2\/media?parent=645426"}],"wp:term":[{"taxonomy":"product_cat","embeddable":true,"href":"https:\/\/last.bluefinfitness.com\/it\/wp-json\/wp\/v2\/product_cat?post=645426"},{"taxonomy":"product_tag","embeddable":true,"href":"https:\/\/last.bluefinfitness.com\/it\/wp-json\/wp\/v2\/product_tag?post=645426"}],"curies":[{"name":"wp","href":"https:\/\/api.w.org\/{rel}","templated":true}]}}